{"id":418,"date":"2023-05-08T17:02:08","date_gmt":"2023-05-08T17:02:08","guid":{"rendered":"http:\/\/booksfrommexico.com\/product\/entrana-de-volcan-pigmento-y-experimentacion-en-carlos-gutierrez-angulo\/"},"modified":"2024-10-29T22:38:42","modified_gmt":"2024-10-29T22:38:42","slug":"entrana-de-volcan-pigmento-y-experimentacion-en-carlos-gutierrez-angulo","status":"publish","type":"product","link":"https:\/\/booksfrommexico.com\/es\/producto\/entrana-de-volcan-pigmento-y-experimentacion-en-carlos-gutierrez-angulo\/","title":{"rendered":"Entra\u00f1a de volc\u00e1n: Pigmento y experimentaci\u00f3n en Carlos Guti\u00e9rrez Angulo"},"content":{"rendered":"<p><span style=\"font-weight: 400;\">Este t\u00edtulo presenta la obra de Carlos Guti\u00e9rrez Angulo, quien a trav\u00e9s de su trabajo pl\u00e1stico, y yendo contra modas y corrientes en boga, ha logrado volver a lo primario, creando algo que va del expresionismo abstracto al figurativismo zoomorfo. La experimentaci\u00f3n, factor art\u00edstico inherente al trabajo de Guti\u00e9rrez Angulo, s\u00f3lo puede explicarse por el deseo del artista de allegarse a nuevas formas est\u00e9ticas, las cuales se muestran a trav\u00e9s de las reproducciones contenidas en este t\u00edtulo. Acompa\u00f1ando a estas im\u00e1genes, Francesca Isabella Gargallo presenta un an\u00e1lisis para estudiar el fen\u00f3meno pl\u00e1stico de Guti\u00e9rrez y as\u00ed develar la humanidad plena contenida en su obra creativa. <\/span><\/p>\n","protected":false},"excerpt":{"rendered":"<p>ENTRA\u00d1A DE VOLC\u00c1N : PIGMENTO Y EXPERIMENTACI\u00d3N EN CARLOS GUTI\u00c9RREZ ANGULO<span style=\"font-weight: 400;\">. \/ Francesca Isabella Gargallo. Toluca, Estado de M\u00e9xico, M\u00e9xico : Gobierno del Estado de M\u00e9xico ,\u00a0 Instituto Mexiquense de Cultura, 2004. 106 pages : includes color photos, color illustrations ; 26\u00a0 cm. ISBN : 9684846037.<\/span><\/p>\n","protected":false},"featured_media":417,"template":"","meta":{"_acf_changed":false,"inline_featured_image":false},"product_brand":[],"product_cat":[87,4240,88],"product_tag":[4044,4470,4534,3869,4544],"class_list":{"0":"post-418","1":"product","2":"type-product","3":"status-publish","4":"has-post-thumbnail","6":"product_cat-arte","7":"product_cat-arte-plastico","8":"product_cat-critica-de-arte-arte","9":"product_tag-arte","10":"product_tag-arte-grafico","11":"product_tag-arte-mexicano","12":"product_tag-critica-y-estudios","13":"product_tag-trayectoria-de-artistas","15":"first","16":"instock","17":"sale","18":"taxable","19":"shipping-taxable","20":"purchasable","21":"product-type-simple"},"acf":[],"yoast_head":"<!-- This site is optimized with the Yoast SEO plugin v27.3 - https:\/\/yoast.com\/product\/yoast-seo-wordpress\/ -->\n<title>Entra\u00f1a de volc\u00e1n: Pigmento y experimentaci\u00f3n Guti\u00e9rrez Angulo<\/title>\n<meta name=\"description\" content=\"ENTRA\u00d1A DE VOLC\u00c1N : PIGMENTO Y EXPERIMENTACI\u00d3N EN CARLOS GUTI\u00c9RREZ ANGULO. \/ Francesca Isabella Gargallo. Instituto Mexiquense de Cultura, 2004.\" \/>\n<meta name=\"robots\" content=\"index, follow, max-snippet:-1, max-image-preview:large, max-video-preview:-1\" \/>\n<link rel=\"canonical\" href=\"https:\/\/booksfrommexico.com\/es\/producto\/entrana-de-volcan-pigmento-y-experimentacion-en-carlos-gutierrez-angulo\/\" \/>\n<meta property=\"og:locale\" content=\"es_ES\" \/>\n<meta property=\"og:type\" content=\"article\" \/>\n<meta property=\"og:title\" content=\"Entra\u00f1a de volc\u00e1n: Pigmento y experimentaci\u00f3n Guti\u00e9rrez Angulo\" \/>\n<meta property=\"og:description\" content=\"ENTRA\u00d1A DE VOLC\u00c1N : PIGMENTO Y EXPERIMENTACI\u00d3N EN CARLOS GUTI\u00c9RREZ ANGULO. \/ Francesca Isabella Gargallo. Instituto Mexiquense de Cultura, 2004.\" \/>\n<meta property=\"og:url\" content=\"https:\/\/booksfrommexico.com\/es\/producto\/entrana-de-volcan-pigmento-y-experimentacion-en-carlos-gutierrez-angulo\/\" \/>\n<meta property=\"og:site_name\" content=\"Books From Mexico\" \/>\n<meta property=\"article:modified_time\" content=\"2024-10-29T22:38:42+00:00\" \/>\n<meta property=\"og:image\" content=\"http:\/\/booksfrommexico.com\/app\/uploads\/2023\/05\/126035.jpeg\" \/>\n\t<meta property=\"og:image:width\" content=\"620\" \/>\n\t<meta property=\"og:image:height\" content=\"749\" \/>\n\t<meta property=\"og:image:type\" content=\"image\/jpeg\" \/>\n<meta name=\"twitter:card\" content=\"summary_large_image\" \/>\n<meta name=\"twitter:label1\" content=\"Tiempo de lectura\" \/>\n\t<meta name=\"twitter:data1\" content=\"1 minuto\" \/>\n<script type=\"application\/ld+json\" class=\"yoast-schema-graph\">{\"@context\":\"https:\\\/\\\/schema.org\",\"@graph\":[{\"@type\":\"WebPage\",\"@id\":\"https:\\\/\\\/booksfrommexico.com\\\/es\\\/producto\\\/entrana-de-volcan-pigmento-y-experimentacion-en-carlos-gutierrez-angulo\\\/\",\"url\":\"https:\\\/\\\/booksfrommexico.com\\\/es\\\/producto\\\/entrana-de-volcan-pigmento-y-experimentacion-en-carlos-gutierrez-angulo\\\/\",\"name\":\"Entra\u00f1a de volc\u00e1n: Pigmento y experimentaci\u00f3n Guti\u00e9rrez Angulo\",\"isPartOf\":{\"@id\":\"https:\\\/\\\/booksfrommexico.com\\\/#website\"},\"primaryImageOfPage\":{\"@id\":\"https:\\\/\\\/booksfrommexico.com\\\/es\\\/producto\\\/entrana-de-volcan-pigmento-y-experimentacion-en-carlos-gutierrez-angulo\\\/#primaryimage\"},\"image\":{\"@id\":\"https:\\\/\\\/booksfrommexico.com\\\/es\\\/producto\\\/entrana-de-volcan-pigmento-y-experimentacion-en-carlos-gutierrez-angulo\\\/#primaryimage\"},\"thumbnailUrl\":\"https:\\\/\\\/booksfrommexico.com\\\/app\\\/uploads\\\/2023\\\/05\\\/126035.jpeg\",\"datePublished\":\"2023-05-08T17:02:08+00:00\",\"dateModified\":\"2024-10-29T22:38:42+00:00\",\"description\":\"ENTRA\u00d1A DE VOLC\u00c1N : PIGMENTO Y EXPERIMENTACI\u00d3N EN CARLOS GUTI\u00c9RREZ ANGULO. \\\/ Francesca Isabella Gargallo. Instituto Mexiquense de Cultura, 2004.\",\"breadcrumb\":{\"@id\":\"https:\\\/\\\/booksfrommexico.com\\\/es\\\/producto\\\/entrana-de-volcan-pigmento-y-experimentacion-en-carlos-gutierrez-angulo\\\/#breadcrumb\"},\"inLanguage\":\"es\",\"potentialAction\":[{\"@type\":\"ReadAction\",\"target\":[\"https:\\\/\\\/booksfrommexico.com\\\/es\\\/producto\\\/entrana-de-volcan-pigmento-y-experimentacion-en-carlos-gutierrez-angulo\\\/\"]}]},{\"@type\":\"ImageObject\",\"inLanguage\":\"es\",\"@id\":\"https:\\\/\\\/booksfrommexico.com\\\/es\\\/producto\\\/entrana-de-volcan-pigmento-y-experimentacion-en-carlos-gutierrez-angulo\\\/#primaryimage\",\"url\":\"https:\\\/\\\/booksfrommexico.com\\\/app\\\/uploads\\\/2023\\\/05\\\/126035.jpeg\",\"contentUrl\":\"https:\\\/\\\/booksfrommexico.com\\\/app\\\/uploads\\\/2023\\\/05\\\/126035.jpeg\",\"width\":620,\"height\":749},{\"@type\":\"BreadcrumbList\",\"@id\":\"https:\\\/\\\/booksfrommexico.com\\\/es\\\/producto\\\/entrana-de-volcan-pigmento-y-experimentacion-en-carlos-gutierrez-angulo\\\/#breadcrumb\",\"itemListElement\":[{\"@type\":\"ListItem\",\"position\":1,\"name\":\"Home\",\"item\":\"https:\\\/\\\/booksfrommexico.com\\\/es\\\/\"},{\"@type\":\"ListItem\",\"position\":2,\"name\":\"Libros\",\"item\":\"https:\\\/\\\/booksfrommexico.com\\\/es\\\/libros\\\/\"},{\"@type\":\"ListItem\",\"position\":3,\"name\":\"Entra\u00f1a de volc\u00e1n: Pigmento y experimentaci\u00f3n en Carlos Guti\u00e9rrez Angulo\"}]},{\"@type\":\"WebSite\",\"@id\":\"https:\\\/\\\/booksfrommexico.com\\\/#website\",\"url\":\"https:\\\/\\\/booksfrommexico.com\\\/\",\"name\":\"Books From Mexico\",\"description\":\"\",\"publisher\":{\"@id\":\"https:\\\/\\\/booksfrommexico.com\\\/#organization\"},\"potentialAction\":[{\"@type\":\"SearchAction\",\"target\":{\"@type\":\"EntryPoint\",\"urlTemplate\":\"https:\\\/\\\/booksfrommexico.com\\\/?s={search_term_string}\"},\"query-input\":{\"@type\":\"PropertyValueSpecification\",\"valueRequired\":true,\"valueName\":\"search_term_string\"}}],\"inLanguage\":\"es\"},{\"@type\":\"Organization\",\"@id\":\"https:\\\/\\\/booksfrommexico.com\\\/#organization\",\"name\":\"Books From Mexico\",\"url\":\"https:\\\/\\\/booksfrommexico.com\\\/\",\"logo\":{\"@type\":\"ImageObject\",\"inLanguage\":\"es\",\"@id\":\"https:\\\/\\\/booksfrommexico.com\\\/#\\\/schema\\\/logo\\\/image\\\/\",\"url\":\"https:\\\/\\\/booksfrommexico.com\\\/app\\\/uploads\\\/2023\\\/05\\\/logo-booksfrommexico.svg\",\"contentUrl\":\"https:\\\/\\\/booksfrommexico.com\\\/app\\\/uploads\\\/2023\\\/05\\\/logo-booksfrommexico.svg\",\"width\":86,\"height\":56,\"caption\":\"Books From Mexico\"},\"image\":{\"@id\":\"https:\\\/\\\/booksfrommexico.com\\\/#\\\/schema\\\/logo\\\/image\\\/\"}}]}<\/script>\n<!-- \/ Yoast SEO plugin. -->","yoast_head_json":{"title":"Entra\u00f1a de volc\u00e1n: Pigmento y experimentaci\u00f3n Guti\u00e9rrez Angulo","description":"ENTRA\u00d1A DE VOLC\u00c1N : PIGMENTO Y EXPERIMENTACI\u00d3N EN CARLOS GUTI\u00c9RREZ ANGULO. \/ Francesca Isabella Gargallo. Instituto Mexiquense de Cultura, 2004.","robots":{"index":"index","follow":"follow","max-snippet":"max-snippet:-1","max-image-preview":"max-image-preview:large","max-video-preview":"max-video-preview:-1"},"canonical":"https:\/\/booksfrommexico.com\/es\/producto\/entrana-de-volcan-pigmento-y-experimentacion-en-carlos-gutierrez-angulo\/","og_locale":"es_ES","og_type":"article","og_title":"Entra\u00f1a de volc\u00e1n: Pigmento y experimentaci\u00f3n Guti\u00e9rrez Angulo","og_description":"ENTRA\u00d1A DE VOLC\u00c1N : PIGMENTO Y EXPERIMENTACI\u00d3N EN CARLOS GUTI\u00c9RREZ ANGULO. \/ Francesca Isabella Gargallo. Instituto Mexiquense de Cultura, 2004.","og_url":"https:\/\/booksfrommexico.com\/es\/producto\/entrana-de-volcan-pigmento-y-experimentacion-en-carlos-gutierrez-angulo\/","og_site_name":"Books From Mexico","article_modified_time":"2024-10-29T22:38:42+00:00","og_image":[{"width":620,"height":749,"url":"http:\/\/booksfrommexico.com\/app\/uploads\/2023\/05\/126035.jpeg","type":"image\/jpeg"}],"twitter_card":"summary_large_image","twitter_misc":{"Tiempo de lectura":"1 minuto"},"schema":{"@context":"https:\/\/schema.org","@graph":[{"@type":"WebPage","@id":"https:\/\/booksfrommexico.com\/es\/producto\/entrana-de-volcan-pigmento-y-experimentacion-en-carlos-gutierrez-angulo\/","url":"https:\/\/booksfrommexico.com\/es\/producto\/entrana-de-volcan-pigmento-y-experimentacion-en-carlos-gutierrez-angulo\/","name":"Entra\u00f1a de volc\u00e1n: Pigmento y experimentaci\u00f3n Guti\u00e9rrez Angulo","isPartOf":{"@id":"https:\/\/booksfrommexico.com\/#website"},"primaryImageOfPage":{"@id":"https:\/\/booksfrommexico.com\/es\/producto\/entrana-de-volcan-pigmento-y-experimentacion-en-carlos-gutierrez-angulo\/#primaryimage"},"image":{"@id":"https:\/\/booksfrommexico.com\/es\/producto\/entrana-de-volcan-pigmento-y-experimentacion-en-carlos-gutierrez-angulo\/#primaryimage"},"thumbnailUrl":"https:\/\/booksfrommexico.com\/app\/uploads\/2023\/05\/126035.jpeg","datePublished":"2023-05-08T17:02:08+00:00","dateModified":"2024-10-29T22:38:42+00:00","description":"ENTRA\u00d1A DE VOLC\u00c1N : PIGMENTO Y EXPERIMENTACI\u00d3N EN CARLOS GUTI\u00c9RREZ ANGULO. \/ Francesca Isabella Gargallo. Instituto Mexiquense de Cultura, 2004.","breadcrumb":{"@id":"https:\/\/booksfrommexico.com\/es\/producto\/entrana-de-volcan-pigmento-y-experimentacion-en-carlos-gutierrez-angulo\/#breadcrumb"},"inLanguage":"es","potentialAction":[{"@type":"ReadAction","target":["https:\/\/booksfrommexico.com\/es\/producto\/entrana-de-volcan-pigmento-y-experimentacion-en-carlos-gutierrez-angulo\/"]}]},{"@type":"ImageObject","inLanguage":"es","@id":"https:\/\/booksfrommexico.com\/es\/producto\/entrana-de-volcan-pigmento-y-experimentacion-en-carlos-gutierrez-angulo\/#primaryimage","url":"https:\/\/booksfrommexico.com\/app\/uploads\/2023\/05\/126035.jpeg","contentUrl":"https:\/\/booksfrommexico.com\/app\/uploads\/2023\/05\/126035.jpeg","width":620,"height":749},{"@type":"BreadcrumbList","@id":"https:\/\/booksfrommexico.com\/es\/producto\/entrana-de-volcan-pigmento-y-experimentacion-en-carlos-gutierrez-angulo\/#breadcrumb","itemListElement":[{"@type":"ListItem","position":1,"name":"Home","item":"https:\/\/booksfrommexico.com\/es\/"},{"@type":"ListItem","position":2,"name":"Libros","item":"https:\/\/booksfrommexico.com\/es\/libros\/"},{"@type":"ListItem","position":3,"name":"Entra\u00f1a de volc\u00e1n: Pigmento y experimentaci\u00f3n en Carlos Guti\u00e9rrez Angulo"}]},{"@type":"WebSite","@id":"https:\/\/booksfrommexico.com\/#website","url":"https:\/\/booksfrommexico.com\/","name":"Books From Mexico","description":"","publisher":{"@id":"https:\/\/booksfrommexico.com\/#organization"},"potentialAction":[{"@type":"SearchAction","target":{"@type":"EntryPoint","urlTemplate":"https:\/\/booksfrommexico.com\/?s={search_term_string}"},"query-input":{"@type":"PropertyValueSpecification","valueRequired":true,"valueName":"search_term_string"}}],"inLanguage":"es"},{"@type":"Organization","@id":"https:\/\/booksfrommexico.com\/#organization","name":"Books From Mexico","url":"https:\/\/booksfrommexico.com\/","logo":{"@type":"ImageObject","inLanguage":"es","@id":"https:\/\/booksfrommexico.com\/#\/schema\/logo\/image\/","url":"https:\/\/booksfrommexico.com\/app\/uploads\/2023\/05\/logo-booksfrommexico.svg","contentUrl":"https:\/\/booksfrommexico.com\/app\/uploads\/2023\/05\/logo-booksfrommexico.svg","width":86,"height":56,"caption":"Books From Mexico"},"image":{"@id":"https:\/\/booksfrommexico.com\/#\/schema\/logo\/image\/"}}]}},"_links":{"self":[{"href":"https:\/\/booksfrommexico.com\/es\/wp-json\/wp\/v2\/product\/418","targetHints":{"allow":["GET"]}}],"collection":[{"href":"https:\/\/booksfrommexico.com\/es\/wp-json\/wp\/v2\/product"}],"about":[{"href":"https:\/\/booksfrommexico.com\/es\/wp-json\/wp\/v2\/types\/product"}],"wp:featuredmedia":[{"embeddable":true,"href":"https:\/\/booksfrommexico.com\/es\/wp-json\/wp\/v2\/media\/417"}],"wp:attachment":[{"href":"https:\/\/booksfrommexico.com\/es\/wp-json\/wp\/v2\/media?parent=418"}],"wp:term":[{"taxonomy":"product_brand","embeddable":true,"href":"https:\/\/booksfrommexico.com\/es\/wp-json\/wp\/v2\/product_brand?post=418"},{"taxonomy":"product_cat","embeddable":true,"href":"https:\/\/booksfrommexico.com\/es\/wp-json\/wp\/v2\/product_cat?post=418"},{"taxonomy":"product_tag","embeddable":true,"href":"https:\/\/booksfrommexico.com\/es\/wp-json\/wp\/v2\/product_tag?post=418"}],"curies":[{"name":"wp","href":"https:\/\/api.w.org\/{rel}","templated":true}]}}