{"id":420,"date":"2023-05-08T17:02:10","date_gmt":"2023-05-08T17:02:10","guid":{"rendered":"http:\/\/booksfrommexico.com\/product\/libros-de-artistas\/"},"modified":"2024-10-31T23:23:59","modified_gmt":"2024-10-31T23:23:59","slug":"libros-de-artistas","status":"publish","type":"product","link":"https:\/\/booksfrommexico.com\/es\/producto\/libros-de-artistas\/","title":{"rendered":"Libros de artistas: Artist&#8217;s Books"},"content":{"rendered":"<p><span style=\"font-weight: 400;\">Este t\u00edtulo est\u00e1 conformado por una narrativa visual y textual que ofrece antecedentes hist\u00f3ricos, secuencias visuales, formas, propuestas alternativas o ensayos te\u00f3ricos respecto a los <\/span><i><span style=\"font-weight: 400;\">libros de artista<\/span><\/i><span style=\"font-weight: 400;\">. Estas perspectivas acercan al lector al conocimiento y definici\u00f3n de lo que son y representan este tipo de libros, as\u00ed como explicar que los diferencia de los com\u00fanmente realizados. Los ejemplos que destacan dentro de estas producciones fueron, en un tiempo, alternativas y ahora forman un valioso acervo referencial de artistas y editores; entre \u00e9stas, resalta el trabajo de Ulises Carri\u00f3n, para el cual se incluye un volumen anexo con muestras de su obra. Esta es adem\u00e1s una edici\u00f3n biling\u00fce ingl\u00e9s-espa\u00f1ol.<\/span><\/p>\n","protected":false},"excerpt":{"rendered":"<p>LIBROS DE ARTISTAS : ARTIST\u2019S BOOKS<span style=\"font-weight: 400;\">. \/ M\u00e9xico, D.F. : Consejo Nacional para la Cultura y las Artes , Fondo Editorial Tierra Adentro ; Secretar\u00eda de Relaciones Exteriores ; Universidad Nacional Aut\u00f3noma de M\u00e9xico, 2003. 2 vol\u00famenes : includes photos, notes ; 28 cm. ISBN : 970350020X. <\/span><\/p>\n","protected":false},"featured_media":419,"template":"","meta":{"_acf_changed":false,"inline_featured_image":false},"product_brand":[],"product_cat":[87,400],"product_tag":[4044,4382,3671,4344],"class_list":{"0":"post-420","1":"product","2":"type-product","3":"status-publish","4":"has-post-thumbnail","6":"product_cat-arte","7":"product_cat-catalogos-de-exposiciones-arte","8":"product_tag-arte","9":"product_tag-edicion-bilingue","10":"product_tag-exposiciones","11":"product_tag-libro-arte","13":"first","14":"instock","15":"sale","16":"taxable","17":"shipping-taxable","18":"purchasable","19":"product-type-simple"},"acf":[],"yoast_head":"<!-- This site is optimized with the Yoast SEO plugin v27.3 - https:\/\/yoast.com\/product\/yoast-seo-wordpress\/ -->\n<title>Libros de artistas: Artist&#039;s Books<\/title>\n<meta name=\"description\" content=\"LIBROS DE ARTISTAS : ARTIST\u2019S BOOKS. \/ M\u00e9xico, D.F. : CONACULTA , Fondo Editorial Tierra Adentro ; Secretar\u00eda de Relaciones Exteriores ; UNAM, 2003.\" \/>\n<meta name=\"robots\" content=\"index, follow, max-snippet:-1, max-image-preview:large, max-video-preview:-1\" \/>\n<link rel=\"canonical\" href=\"https:\/\/booksfrommexico.com\/es\/producto\/libros-de-artistas\/\" \/>\n<meta property=\"og:locale\" content=\"es_ES\" \/>\n<meta property=\"og:type\" content=\"article\" \/>\n<meta property=\"og:title\" content=\"Libros de artistas: Artist&#039;s Books\" \/>\n<meta property=\"og:description\" content=\"LIBROS DE ARTISTAS : ARTIST\u2019S BOOKS. \/ M\u00e9xico, D.F. : CONACULTA , Fondo Editorial Tierra Adentro ; Secretar\u00eda de Relaciones Exteriores ; UNAM, 2003.\" \/>\n<meta property=\"og:url\" content=\"https:\/\/booksfrommexico.com\/es\/producto\/libros-de-artistas\/\" \/>\n<meta property=\"og:site_name\" content=\"Books From Mexico\" \/>\n<meta property=\"article:modified_time\" content=\"2024-10-31T23:23:59+00:00\" \/>\n<meta property=\"og:image\" content=\"http:\/\/booksfrommexico.com\/app\/uploads\/2023\/05\/122494.jpeg\" \/>\n\t<meta property=\"og:image:width\" content=\"533\" \/>\n\t<meta property=\"og:image:height\" content=\"708\" \/>\n\t<meta property=\"og:image:type\" content=\"image\/jpeg\" \/>\n<meta name=\"twitter:card\" content=\"summary_large_image\" \/>\n<meta name=\"twitter:label1\" content=\"Tiempo de lectura\" \/>\n\t<meta name=\"twitter:data1\" content=\"1 minuto\" \/>\n<script type=\"application\/ld+json\" class=\"yoast-schema-graph\">{\"@context\":\"https:\\\/\\\/schema.org\",\"@graph\":[{\"@type\":\"WebPage\",\"@id\":\"https:\\\/\\\/booksfrommexico.com\\\/es\\\/producto\\\/libros-de-artistas\\\/\",\"url\":\"https:\\\/\\\/booksfrommexico.com\\\/es\\\/producto\\\/libros-de-artistas\\\/\",\"name\":\"Libros de artistas: Artist's Books\",\"isPartOf\":{\"@id\":\"https:\\\/\\\/booksfrommexico.com\\\/#website\"},\"primaryImageOfPage\":{\"@id\":\"https:\\\/\\\/booksfrommexico.com\\\/es\\\/producto\\\/libros-de-artistas\\\/#primaryimage\"},\"image\":{\"@id\":\"https:\\\/\\\/booksfrommexico.com\\\/es\\\/producto\\\/libros-de-artistas\\\/#primaryimage\"},\"thumbnailUrl\":\"https:\\\/\\\/booksfrommexico.com\\\/app\\\/uploads\\\/2023\\\/05\\\/122494.jpeg\",\"datePublished\":\"2023-05-08T17:02:10+00:00\",\"dateModified\":\"2024-10-31T23:23:59+00:00\",\"description\":\"LIBROS DE ARTISTAS : ARTIST\u2019S BOOKS. \\\/ M\u00e9xico, D.F. : CONACULTA , Fondo Editorial Tierra Adentro ; Secretar\u00eda de Relaciones Exteriores ; UNAM, 2003.\",\"breadcrumb\":{\"@id\":\"https:\\\/\\\/booksfrommexico.com\\\/es\\\/producto\\\/libros-de-artistas\\\/#breadcrumb\"},\"inLanguage\":\"es\",\"potentialAction\":[{\"@type\":\"ReadAction\",\"target\":[\"https:\\\/\\\/booksfrommexico.com\\\/es\\\/producto\\\/libros-de-artistas\\\/\"]}]},{\"@type\":\"ImageObject\",\"inLanguage\":\"es\",\"@id\":\"https:\\\/\\\/booksfrommexico.com\\\/es\\\/producto\\\/libros-de-artistas\\\/#primaryimage\",\"url\":\"https:\\\/\\\/booksfrommexico.com\\\/app\\\/uploads\\\/2023\\\/05\\\/122494.jpeg\",\"contentUrl\":\"https:\\\/\\\/booksfrommexico.com\\\/app\\\/uploads\\\/2023\\\/05\\\/122494.jpeg\",\"width\":533,\"height\":708},{\"@type\":\"BreadcrumbList\",\"@id\":\"https:\\\/\\\/booksfrommexico.com\\\/es\\\/producto\\\/libros-de-artistas\\\/#breadcrumb\",\"itemListElement\":[{\"@type\":\"ListItem\",\"position\":1,\"name\":\"Home\",\"item\":\"https:\\\/\\\/booksfrommexico.com\\\/es\\\/\"},{\"@type\":\"ListItem\",\"position\":2,\"name\":\"Libros\",\"item\":\"https:\\\/\\\/booksfrommexico.com\\\/es\\\/libros\\\/\"},{\"@type\":\"ListItem\",\"position\":3,\"name\":\"Libros de artistas: Artist&#8217;s Books\"}]},{\"@type\":\"WebSite\",\"@id\":\"https:\\\/\\\/booksfrommexico.com\\\/#website\",\"url\":\"https:\\\/\\\/booksfrommexico.com\\\/\",\"name\":\"Books From Mexico\",\"description\":\"\",\"publisher\":{\"@id\":\"https:\\\/\\\/booksfrommexico.com\\\/#organization\"},\"potentialAction\":[{\"@type\":\"SearchAction\",\"target\":{\"@type\":\"EntryPoint\",\"urlTemplate\":\"https:\\\/\\\/booksfrommexico.com\\\/?s={search_term_string}\"},\"query-input\":{\"@type\":\"PropertyValueSpecification\",\"valueRequired\":true,\"valueName\":\"search_term_string\"}}],\"inLanguage\":\"es\"},{\"@type\":\"Organization\",\"@id\":\"https:\\\/\\\/booksfrommexico.com\\\/#organization\",\"name\":\"Books From Mexico\",\"url\":\"https:\\\/\\\/booksfrommexico.com\\\/\",\"logo\":{\"@type\":\"ImageObject\",\"inLanguage\":\"es\",\"@id\":\"https:\\\/\\\/booksfrommexico.com\\\/#\\\/schema\\\/logo\\\/image\\\/\",\"url\":\"https:\\\/\\\/booksfrommexico.com\\\/app\\\/uploads\\\/2023\\\/05\\\/logo-booksfrommexico.svg\",\"contentUrl\":\"https:\\\/\\\/booksfrommexico.com\\\/app\\\/uploads\\\/2023\\\/05\\\/logo-booksfrommexico.svg\",\"width\":86,\"height\":56,\"caption\":\"Books From Mexico\"},\"image\":{\"@id\":\"https:\\\/\\\/booksfrommexico.com\\\/#\\\/schema\\\/logo\\\/image\\\/\"}}]}<\/script>\n<!-- \/ Yoast SEO plugin. -->","yoast_head_json":{"title":"Libros de artistas: Artist's Books","description":"LIBROS DE ARTISTAS : ARTIST\u2019S BOOKS. \/ M\u00e9xico, D.F. : CONACULTA , Fondo Editorial Tierra Adentro ; Secretar\u00eda de Relaciones Exteriores ; UNAM, 2003.","robots":{"index":"index","follow":"follow","max-snippet":"max-snippet:-1","max-image-preview":"max-image-preview:large","max-video-preview":"max-video-preview:-1"},"canonical":"https:\/\/booksfrommexico.com\/es\/producto\/libros-de-artistas\/","og_locale":"es_ES","og_type":"article","og_title":"Libros de artistas: Artist's Books","og_description":"LIBROS DE ARTISTAS : ARTIST\u2019S BOOKS. \/ M\u00e9xico, D.F. : CONACULTA , Fondo Editorial Tierra Adentro ; Secretar\u00eda de Relaciones Exteriores ; UNAM, 2003.","og_url":"https:\/\/booksfrommexico.com\/es\/producto\/libros-de-artistas\/","og_site_name":"Books From Mexico","article_modified_time":"2024-10-31T23:23:59+00:00","og_image":[{"width":533,"height":708,"url":"http:\/\/booksfrommexico.com\/app\/uploads\/2023\/05\/122494.jpeg","type":"image\/jpeg"}],"twitter_card":"summary_large_image","twitter_misc":{"Tiempo de lectura":"1 minuto"},"schema":{"@context":"https:\/\/schema.org","@graph":[{"@type":"WebPage","@id":"https:\/\/booksfrommexico.com\/es\/producto\/libros-de-artistas\/","url":"https:\/\/booksfrommexico.com\/es\/producto\/libros-de-artistas\/","name":"Libros de artistas: Artist's Books","isPartOf":{"@id":"https:\/\/booksfrommexico.com\/#website"},"primaryImageOfPage":{"@id":"https:\/\/booksfrommexico.com\/es\/producto\/libros-de-artistas\/#primaryimage"},"image":{"@id":"https:\/\/booksfrommexico.com\/es\/producto\/libros-de-artistas\/#primaryimage"},"thumbnailUrl":"https:\/\/booksfrommexico.com\/app\/uploads\/2023\/05\/122494.jpeg","datePublished":"2023-05-08T17:02:10+00:00","dateModified":"2024-10-31T23:23:59+00:00","description":"LIBROS DE ARTISTAS : ARTIST\u2019S BOOKS. \/ M\u00e9xico, D.F. : CONACULTA , Fondo Editorial Tierra Adentro ; Secretar\u00eda de Relaciones Exteriores ; UNAM, 2003.","breadcrumb":{"@id":"https:\/\/booksfrommexico.com\/es\/producto\/libros-de-artistas\/#breadcrumb"},"inLanguage":"es","potentialAction":[{"@type":"ReadAction","target":["https:\/\/booksfrommexico.com\/es\/producto\/libros-de-artistas\/"]}]},{"@type":"ImageObject","inLanguage":"es","@id":"https:\/\/booksfrommexico.com\/es\/producto\/libros-de-artistas\/#primaryimage","url":"https:\/\/booksfrommexico.com\/app\/uploads\/2023\/05\/122494.jpeg","contentUrl":"https:\/\/booksfrommexico.com\/app\/uploads\/2023\/05\/122494.jpeg","width":533,"height":708},{"@type":"BreadcrumbList","@id":"https:\/\/booksfrommexico.com\/es\/producto\/libros-de-artistas\/#breadcrumb","itemListElement":[{"@type":"ListItem","position":1,"name":"Home","item":"https:\/\/booksfrommexico.com\/es\/"},{"@type":"ListItem","position":2,"name":"Libros","item":"https:\/\/booksfrommexico.com\/es\/libros\/"},{"@type":"ListItem","position":3,"name":"Libros de artistas: Artist&#8217;s Books"}]},{"@type":"WebSite","@id":"https:\/\/booksfrommexico.com\/#website","url":"https:\/\/booksfrommexico.com\/","name":"Books From Mexico","description":"","publisher":{"@id":"https:\/\/booksfrommexico.com\/#organization"},"potentialAction":[{"@type":"SearchAction","target":{"@type":"EntryPoint","urlTemplate":"https:\/\/booksfrommexico.com\/?s={search_term_string}"},"query-input":{"@type":"PropertyValueSpecification","valueRequired":true,"valueName":"search_term_string"}}],"inLanguage":"es"},{"@type":"Organization","@id":"https:\/\/booksfrommexico.com\/#organization","name":"Books From Mexico","url":"https:\/\/booksfrommexico.com\/","logo":{"@type":"ImageObject","inLanguage":"es","@id":"https:\/\/booksfrommexico.com\/#\/schema\/logo\/image\/","url":"https:\/\/booksfrommexico.com\/app\/uploads\/2023\/05\/logo-booksfrommexico.svg","contentUrl":"https:\/\/booksfrommexico.com\/app\/uploads\/2023\/05\/logo-booksfrommexico.svg","width":86,"height":56,"caption":"Books From Mexico"},"image":{"@id":"https:\/\/booksfrommexico.com\/#\/schema\/logo\/image\/"}}]}},"_links":{"self":[{"href":"https:\/\/booksfrommexico.com\/es\/wp-json\/wp\/v2\/product\/420","targetHints":{"allow":["GET"]}}],"collection":[{"href":"https:\/\/booksfrommexico.com\/es\/wp-json\/wp\/v2\/product"}],"about":[{"href":"https:\/\/booksfrommexico.com\/es\/wp-json\/wp\/v2\/types\/product"}],"wp:featuredmedia":[{"embeddable":true,"href":"https:\/\/booksfrommexico.com\/es\/wp-json\/wp\/v2\/media\/419"}],"wp:attachment":[{"href":"https:\/\/booksfrommexico.com\/es\/wp-json\/wp\/v2\/media?parent=420"}],"wp:term":[{"taxonomy":"product_brand","embeddable":true,"href":"https:\/\/booksfrommexico.com\/es\/wp-json\/wp\/v2\/product_brand?post=420"},{"taxonomy":"product_cat","embeddable":true,"href":"https:\/\/booksfrommexico.com\/es\/wp-json\/wp\/v2\/product_cat?post=420"},{"taxonomy":"product_tag","embeddable":true,"href":"https:\/\/booksfrommexico.com\/es\/wp-json\/wp\/v2\/product_tag?post=420"}],"curies":[{"name":"wp","href":"https:\/\/api.w.org\/{rel}","templated":true}]}}