{"id":422,"date":"2023-05-08T17:02:12","date_gmt":"2023-05-08T17:02:12","guid":{"rendered":"http:\/\/booksfrommexico.com\/product\/teloloapan-entre-el-tezcal-y-la-sal\/"},"modified":"2024-10-29T23:48:15","modified_gmt":"2024-10-29T23:48:15","slug":"teloloapan-entre-el-tezcal-y-la-sal","status":"publish","type":"product","link":"https:\/\/booksfrommexico.com\/es\/producto\/teloloapan-entre-el-tezcal-y-la-sal\/","title":{"rendered":"Teloloapan: entre el tezcal y la sal"},"content":{"rendered":"<p><span style=\"font-weight: 400;\">El municipio de Teloloapan tiene historia, tradiciones y costumbres que lo diferencian de otros pueblos vecinos, pese a muchas veces compartir acontecimientos hist\u00f3ricos. Este t\u00edtulo se divide en tres partes: la primera comprende las caracter\u00edsticas primordiales del municipio en cuanto a la geograf\u00eda f\u00edsica y a la geograf\u00eda econ\u00f3mica; la segunda tiene que ver con su historia general; la \u00faltima hace \u00e9nfasis en ciertas manifestaciones de la vida de las comunidades principales. Acompa\u00f1ando al texto hay mapas y fotograf\u00edas a color, adem\u00e1s de una lista de los acontecimientos m\u00e1s trascendentes de la zona municipal y otra de los principales sitios de inter\u00e9s geogr\u00e1fico y tur\u00edstico. <\/span><\/p>\n","protected":false},"excerpt":{"rendered":"<p>TELOLOAPAN : ENTRE EL TEZCAL Y LA SAL<span style=\"font-weight: 400;\">. \/ Jes\u00fas Guzm\u00e1n Uri\u00f3stegui. Chilpancingo, Guerrero, M\u00e9xico : Heroico Ayuntamiento Municipal Constitucional de Teloloapan, 2002. 211 pages : includes color photos, color illustrations, tables, maps, bibliography ; 29 cm.\u00a0 <\/span><\/p>\n","protected":false},"featured_media":421,"template":"","meta":{"_acf_changed":false,"inline_featured_image":false},"product_brand":[],"product_cat":[182,78],"product_tag":[3991,3607,4541,3608],"class_list":{"0":"post-422","1":"product","2":"type-product","3":"status-publish","4":"has-post-thumbnail","6":"product_cat-estudios-culturales-y-de-identidad-sociologia","7":"product_cat-sociologia","8":"product_tag-conducta-de-vida","9":"product_tag-historia-local","10":"product_tag-historia-y-sociedad","11":"product_tag-vida-social-y-costumbres","13":"first","14":"instock","15":"sale","16":"taxable","17":"shipping-taxable","18":"purchasable","19":"product-type-simple"},"acf":[],"yoast_head":"<!-- This site is optimized with the Yoast SEO plugin v27.3 - https:\/\/yoast.com\/product\/yoast-seo-wordpress\/ -->\n<title>Teloloapan: entre el tezcal y la sal<\/title>\n<meta name=\"description\" content=\"TELOLOAPAN : ENTRE EL TEZCAL Y LA SAL. \/ Jes\u00fas Guzm\u00e1n Uri\u00f3stegui. Guerrero, M\u00e9xico : Heroico Ayuntamiento Municipal Constitucional de Teloloapan, 2002.\" \/>\n<meta name=\"robots\" content=\"index, follow, max-snippet:-1, max-image-preview:large, max-video-preview:-1\" \/>\n<link rel=\"canonical\" href=\"https:\/\/booksfrommexico.com\/es\/producto\/teloloapan-entre-el-tezcal-y-la-sal\/\" \/>\n<meta property=\"og:locale\" content=\"es_ES\" \/>\n<meta property=\"og:type\" content=\"article\" \/>\n<meta property=\"og:title\" content=\"Teloloapan: entre el tezcal y la sal\" \/>\n<meta property=\"og:description\" content=\"TELOLOAPAN : ENTRE EL TEZCAL Y LA SAL. \/ Jes\u00fas Guzm\u00e1n Uri\u00f3stegui. Guerrero, M\u00e9xico : Heroico Ayuntamiento Municipal Constitucional de Teloloapan, 2002.\" \/>\n<meta property=\"og:url\" content=\"https:\/\/booksfrommexico.com\/es\/producto\/teloloapan-entre-el-tezcal-y-la-sal\/\" \/>\n<meta property=\"og:site_name\" content=\"Books From Mexico\" \/>\n<meta property=\"article:modified_time\" content=\"2024-10-29T23:48:15+00:00\" \/>\n<meta property=\"og:image\" content=\"http:\/\/booksfrommexico.com\/app\/uploads\/2023\/05\/122613-e1641941949715.jpeg\" \/>\n\t<meta property=\"og:image:width\" content=\"601\" \/>\n\t<meta property=\"og:image:height\" content=\"722\" \/>\n\t<meta property=\"og:image:type\" content=\"image\/jpeg\" \/>\n<meta name=\"twitter:card\" content=\"summary_large_image\" \/>\n<meta name=\"twitter:label1\" content=\"Tiempo de lectura\" \/>\n\t<meta name=\"twitter:data1\" content=\"1 minuto\" \/>\n<script type=\"application\/ld+json\" class=\"yoast-schema-graph\">{\"@context\":\"https:\\\/\\\/schema.org\",\"@graph\":[{\"@type\":\"WebPage\",\"@id\":\"https:\\\/\\\/booksfrommexico.com\\\/es\\\/producto\\\/teloloapan-entre-el-tezcal-y-la-sal\\\/\",\"url\":\"https:\\\/\\\/booksfrommexico.com\\\/es\\\/producto\\\/teloloapan-entre-el-tezcal-y-la-sal\\\/\",\"name\":\"Teloloapan: entre el tezcal y la sal\",\"isPartOf\":{\"@id\":\"https:\\\/\\\/booksfrommexico.com\\\/#website\"},\"primaryImageOfPage\":{\"@id\":\"https:\\\/\\\/booksfrommexico.com\\\/es\\\/producto\\\/teloloapan-entre-el-tezcal-y-la-sal\\\/#primaryimage\"},\"image\":{\"@id\":\"https:\\\/\\\/booksfrommexico.com\\\/es\\\/producto\\\/teloloapan-entre-el-tezcal-y-la-sal\\\/#primaryimage\"},\"thumbnailUrl\":\"https:\\\/\\\/booksfrommexico.com\\\/app\\\/uploads\\\/2023\\\/05\\\/122613-e1641941949715.jpeg\",\"datePublished\":\"2023-05-08T17:02:12+00:00\",\"dateModified\":\"2024-10-29T23:48:15+00:00\",\"description\":\"TELOLOAPAN : ENTRE EL TEZCAL Y LA SAL. \\\/ Jes\u00fas Guzm\u00e1n Uri\u00f3stegui. Guerrero, M\u00e9xico : Heroico Ayuntamiento Municipal Constitucional de Teloloapan, 2002.\",\"breadcrumb\":{\"@id\":\"https:\\\/\\\/booksfrommexico.com\\\/es\\\/producto\\\/teloloapan-entre-el-tezcal-y-la-sal\\\/#breadcrumb\"},\"inLanguage\":\"es\",\"potentialAction\":[{\"@type\":\"ReadAction\",\"target\":[\"https:\\\/\\\/booksfrommexico.com\\\/es\\\/producto\\\/teloloapan-entre-el-tezcal-y-la-sal\\\/\"]}]},{\"@type\":\"ImageObject\",\"inLanguage\":\"es\",\"@id\":\"https:\\\/\\\/booksfrommexico.com\\\/es\\\/producto\\\/teloloapan-entre-el-tezcal-y-la-sal\\\/#primaryimage\",\"url\":\"https:\\\/\\\/booksfrommexico.com\\\/app\\\/uploads\\\/2023\\\/05\\\/122613-e1641941949715.jpeg\",\"contentUrl\":\"https:\\\/\\\/booksfrommexico.com\\\/app\\\/uploads\\\/2023\\\/05\\\/122613-e1641941949715.jpeg\",\"width\":601,\"height\":722},{\"@type\":\"BreadcrumbList\",\"@id\":\"https:\\\/\\\/booksfrommexico.com\\\/es\\\/producto\\\/teloloapan-entre-el-tezcal-y-la-sal\\\/#breadcrumb\",\"itemListElement\":[{\"@type\":\"ListItem\",\"position\":1,\"name\":\"Home\",\"item\":\"https:\\\/\\\/booksfrommexico.com\\\/es\\\/\"},{\"@type\":\"ListItem\",\"position\":2,\"name\":\"Libros\",\"item\":\"https:\\\/\\\/booksfrommexico.com\\\/es\\\/libros\\\/\"},{\"@type\":\"ListItem\",\"position\":3,\"name\":\"Teloloapan: entre el tezcal y la sal\"}]},{\"@type\":\"WebSite\",\"@id\":\"https:\\\/\\\/booksfrommexico.com\\\/#website\",\"url\":\"https:\\\/\\\/booksfrommexico.com\\\/\",\"name\":\"Books From Mexico\",\"description\":\"\",\"publisher\":{\"@id\":\"https:\\\/\\\/booksfrommexico.com\\\/#organization\"},\"potentialAction\":[{\"@type\":\"SearchAction\",\"target\":{\"@type\":\"EntryPoint\",\"urlTemplate\":\"https:\\\/\\\/booksfrommexico.com\\\/?s={search_term_string}\"},\"query-input\":{\"@type\":\"PropertyValueSpecification\",\"valueRequired\":true,\"valueName\":\"search_term_string\"}}],\"inLanguage\":\"es\"},{\"@type\":\"Organization\",\"@id\":\"https:\\\/\\\/booksfrommexico.com\\\/#organization\",\"name\":\"Books From Mexico\",\"url\":\"https:\\\/\\\/booksfrommexico.com\\\/\",\"logo\":{\"@type\":\"ImageObject\",\"inLanguage\":\"es\",\"@id\":\"https:\\\/\\\/booksfrommexico.com\\\/#\\\/schema\\\/logo\\\/image\\\/\",\"url\":\"https:\\\/\\\/booksfrommexico.com\\\/app\\\/uploads\\\/2023\\\/05\\\/logo-booksfrommexico.svg\",\"contentUrl\":\"https:\\\/\\\/booksfrommexico.com\\\/app\\\/uploads\\\/2023\\\/05\\\/logo-booksfrommexico.svg\",\"width\":86,\"height\":56,\"caption\":\"Books From Mexico\"},\"image\":{\"@id\":\"https:\\\/\\\/booksfrommexico.com\\\/#\\\/schema\\\/logo\\\/image\\\/\"}}]}<\/script>\n<!-- \/ Yoast SEO plugin. -->","yoast_head_json":{"title":"Teloloapan: entre el tezcal y la sal","description":"TELOLOAPAN : ENTRE EL TEZCAL Y LA SAL. \/ Jes\u00fas Guzm\u00e1n Uri\u00f3stegui. Guerrero, M\u00e9xico : Heroico Ayuntamiento Municipal Constitucional de Teloloapan, 2002.","robots":{"index":"index","follow":"follow","max-snippet":"max-snippet:-1","max-image-preview":"max-image-preview:large","max-video-preview":"max-video-preview:-1"},"canonical":"https:\/\/booksfrommexico.com\/es\/producto\/teloloapan-entre-el-tezcal-y-la-sal\/","og_locale":"es_ES","og_type":"article","og_title":"Teloloapan: entre el tezcal y la sal","og_description":"TELOLOAPAN : ENTRE EL TEZCAL Y LA SAL. \/ Jes\u00fas Guzm\u00e1n Uri\u00f3stegui. Guerrero, M\u00e9xico : Heroico Ayuntamiento Municipal Constitucional de Teloloapan, 2002.","og_url":"https:\/\/booksfrommexico.com\/es\/producto\/teloloapan-entre-el-tezcal-y-la-sal\/","og_site_name":"Books From Mexico","article_modified_time":"2024-10-29T23:48:15+00:00","og_image":[{"width":601,"height":722,"url":"http:\/\/booksfrommexico.com\/app\/uploads\/2023\/05\/122613-e1641941949715.jpeg","type":"image\/jpeg"}],"twitter_card":"summary_large_image","twitter_misc":{"Tiempo de lectura":"1 minuto"},"schema":{"@context":"https:\/\/schema.org","@graph":[{"@type":"WebPage","@id":"https:\/\/booksfrommexico.com\/es\/producto\/teloloapan-entre-el-tezcal-y-la-sal\/","url":"https:\/\/booksfrommexico.com\/es\/producto\/teloloapan-entre-el-tezcal-y-la-sal\/","name":"Teloloapan: entre el tezcal y la sal","isPartOf":{"@id":"https:\/\/booksfrommexico.com\/#website"},"primaryImageOfPage":{"@id":"https:\/\/booksfrommexico.com\/es\/producto\/teloloapan-entre-el-tezcal-y-la-sal\/#primaryimage"},"image":{"@id":"https:\/\/booksfrommexico.com\/es\/producto\/teloloapan-entre-el-tezcal-y-la-sal\/#primaryimage"},"thumbnailUrl":"https:\/\/booksfrommexico.com\/app\/uploads\/2023\/05\/122613-e1641941949715.jpeg","datePublished":"2023-05-08T17:02:12+00:00","dateModified":"2024-10-29T23:48:15+00:00","description":"TELOLOAPAN : ENTRE EL TEZCAL Y LA SAL. \/ Jes\u00fas Guzm\u00e1n Uri\u00f3stegui. Guerrero, M\u00e9xico : Heroico Ayuntamiento Municipal Constitucional de Teloloapan, 2002.","breadcrumb":{"@id":"https:\/\/booksfrommexico.com\/es\/producto\/teloloapan-entre-el-tezcal-y-la-sal\/#breadcrumb"},"inLanguage":"es","potentialAction":[{"@type":"ReadAction","target":["https:\/\/booksfrommexico.com\/es\/producto\/teloloapan-entre-el-tezcal-y-la-sal\/"]}]},{"@type":"ImageObject","inLanguage":"es","@id":"https:\/\/booksfrommexico.com\/es\/producto\/teloloapan-entre-el-tezcal-y-la-sal\/#primaryimage","url":"https:\/\/booksfrommexico.com\/app\/uploads\/2023\/05\/122613-e1641941949715.jpeg","contentUrl":"https:\/\/booksfrommexico.com\/app\/uploads\/2023\/05\/122613-e1641941949715.jpeg","width":601,"height":722},{"@type":"BreadcrumbList","@id":"https:\/\/booksfrommexico.com\/es\/producto\/teloloapan-entre-el-tezcal-y-la-sal\/#breadcrumb","itemListElement":[{"@type":"ListItem","position":1,"name":"Home","item":"https:\/\/booksfrommexico.com\/es\/"},{"@type":"ListItem","position":2,"name":"Libros","item":"https:\/\/booksfrommexico.com\/es\/libros\/"},{"@type":"ListItem","position":3,"name":"Teloloapan: entre el tezcal y la sal"}]},{"@type":"WebSite","@id":"https:\/\/booksfrommexico.com\/#website","url":"https:\/\/booksfrommexico.com\/","name":"Books From Mexico","description":"","publisher":{"@id":"https:\/\/booksfrommexico.com\/#organization"},"potentialAction":[{"@type":"SearchAction","target":{"@type":"EntryPoint","urlTemplate":"https:\/\/booksfrommexico.com\/?s={search_term_string}"},"query-input":{"@type":"PropertyValueSpecification","valueRequired":true,"valueName":"search_term_string"}}],"inLanguage":"es"},{"@type":"Organization","@id":"https:\/\/booksfrommexico.com\/#organization","name":"Books From Mexico","url":"https:\/\/booksfrommexico.com\/","logo":{"@type":"ImageObject","inLanguage":"es","@id":"https:\/\/booksfrommexico.com\/#\/schema\/logo\/image\/","url":"https:\/\/booksfrommexico.com\/app\/uploads\/2023\/05\/logo-booksfrommexico.svg","contentUrl":"https:\/\/booksfrommexico.com\/app\/uploads\/2023\/05\/logo-booksfrommexico.svg","width":86,"height":56,"caption":"Books From Mexico"},"image":{"@id":"https:\/\/booksfrommexico.com\/#\/schema\/logo\/image\/"}}]}},"_links":{"self":[{"href":"https:\/\/booksfrommexico.com\/es\/wp-json\/wp\/v2\/product\/422","targetHints":{"allow":["GET"]}}],"collection":[{"href":"https:\/\/booksfrommexico.com\/es\/wp-json\/wp\/v2\/product"}],"about":[{"href":"https:\/\/booksfrommexico.com\/es\/wp-json\/wp\/v2\/types\/product"}],"wp:featuredmedia":[{"embeddable":true,"href":"https:\/\/booksfrommexico.com\/es\/wp-json\/wp\/v2\/media\/421"}],"wp:attachment":[{"href":"https:\/\/booksfrommexico.com\/es\/wp-json\/wp\/v2\/media?parent=422"}],"wp:term":[{"taxonomy":"product_brand","embeddable":true,"href":"https:\/\/booksfrommexico.com\/es\/wp-json\/wp\/v2\/product_brand?post=422"},{"taxonomy":"product_cat","embeddable":true,"href":"https:\/\/booksfrommexico.com\/es\/wp-json\/wp\/v2\/product_cat?post=422"},{"taxonomy":"product_tag","embeddable":true,"href":"https:\/\/booksfrommexico.com\/es\/wp-json\/wp\/v2\/product_tag?post=422"}],"curies":[{"name":"wp","href":"https:\/\/api.w.org\/{rel}","templated":true}]}}