{"id":424,"date":"2023-05-08T17:02:13","date_gmt":"2023-05-08T17:02:13","guid":{"rendered":"http:\/\/booksfrommexico.com\/product\/armando-garcia-nunez-1883-1965\/"},"modified":"2024-11-01T17:03:56","modified_gmt":"2024-11-01T17:03:56","slug":"armando-garcia-nunez-1883-1965","status":"publish","type":"product","link":"https:\/\/booksfrommexico.com\/es\/producto\/armando-garcia-nunez-1883-1965\/","title":{"rendered":"Armando Garc\u00eda N\u00fa\u00f1ez, 1883-1965"},"content":{"rendered":"<p><span style=\"font-weight: 400;\">El Museo de Arte Contempor\u00e1neo de Oaxaca propone observar la pintura de Armando Garc\u00eda N\u00fa\u00f1ez no como un tipo de interpretaci\u00f3n directa sino como la construcci\u00f3n de la percepci\u00f3n; el experimento que propone el museo no se trata del paisaje en s\u00ed, sino de la propia mirada del autor. A lo largo de estas p\u00e1ginas se muestran reproducciones a color de las pinturas de Garc\u00eda N\u00fa\u00f1ez, quien se aferr\u00f3 toda su vida a un tema y un estilo ya desechados por la vanguardia europea. El prop\u00f3sito de esta exposici\u00f3n y de este t\u00edtulo es hallar la renovaci\u00f3n de los espacios del museo para buscar nuevas formas de comprender el arte sin el l\u00edmite de su tiempo y convenir que el arte ofrece un mundo distinto al de la representaci\u00f3n. <\/span><\/p>\n","protected":false},"excerpt":{"rendered":"<p>ARMANDO GARC\u00cdA N\u00da\u00d1EZ, 1883-1965<span style=\"font-weight: 400;\">. \/ Jorge Contreras (coordinator). Oaxaca, M\u00e9xico : Museo de Arte Contempor\u00e1neo de Oaxaca ; Consejo Nacional para la Cultura y las Artes,\u00a0 Fondo Editorial Tierra Adentro ; Instituto Nacional de Antropolog\u00eda e Historia, 2004. 259 pages : includes photos, color illustrations ; 30 cm. <\/span><\/p>\n","protected":false},"featured_media":423,"template":"","meta":{"_acf_changed":false,"inline_featured_image":false},"product_brand":[],"product_cat":[87,400],"product_tag":[4044,4201,3671,4532],"class_list":{"0":"post-424","1":"product","2":"type-product","3":"status-publish","4":"has-post-thumbnail","6":"product_cat-arte","7":"product_cat-catalogos-de-exposiciones-arte","8":"product_tag-arte","9":"product_tag-dibujo-y-pintura","10":"product_tag-exposiciones","11":"product_tag-museos","13":"first","14":"instock","15":"sale","16":"taxable","17":"shipping-taxable","18":"purchasable","19":"product-type-simple"},"acf":[],"yoast_head":"<!-- This site is optimized with the Yoast SEO plugin v27.3 - https:\/\/yoast.com\/product\/yoast-seo-wordpress\/ -->\n<title>Armando Garc\u00eda N\u00fa\u00f1ez, 1883-1965<\/title>\n<meta name=\"description\" content=\"ARMANDO GARC\u00cdA N\u00da\u00d1EZ, 1883-1965. \/ Jorge Contreras (coordinator). Museo de Arte Contempor\u00e1neo de Oaxaca ; CONACULTA , Fondo Editorial Tierra Adentro ; INAH.\" \/>\n<meta name=\"robots\" content=\"index, follow, max-snippet:-1, max-image-preview:large, max-video-preview:-1\" \/>\n<link rel=\"canonical\" href=\"https:\/\/booksfrommexico.com\/es\/producto\/armando-garcia-nunez-1883-1965\/\" \/>\n<meta property=\"og:locale\" content=\"es_ES\" \/>\n<meta property=\"og:type\" content=\"article\" \/>\n<meta property=\"og:title\" content=\"Armando Garc\u00eda N\u00fa\u00f1ez, 1883-1965\" \/>\n<meta property=\"og:description\" content=\"ARMANDO GARC\u00cdA N\u00da\u00d1EZ, 1883-1965. \/ Jorge Contreras (coordinator). Museo de Arte Contempor\u00e1neo de Oaxaca ; CONACULTA , Fondo Editorial Tierra Adentro ; INAH.\" \/>\n<meta property=\"og:url\" content=\"https:\/\/booksfrommexico.com\/es\/producto\/armando-garcia-nunez-1883-1965\/\" \/>\n<meta property=\"og:site_name\" content=\"Books From Mexico\" \/>\n<meta property=\"article:modified_time\" content=\"2024-11-01T17:03:56+00:00\" \/>\n<meta property=\"og:image\" content=\"http:\/\/booksfrommexico.com\/app\/uploads\/2023\/05\/122699.jpeg\" \/>\n\t<meta property=\"og:image:width\" content=\"529\" \/>\n\t<meta property=\"og:image:height\" content=\"829\" \/>\n\t<meta property=\"og:image:type\" content=\"image\/jpeg\" \/>\n<meta name=\"twitter:card\" content=\"summary_large_image\" \/>\n<meta name=\"twitter:label1\" content=\"Tiempo de lectura\" \/>\n\t<meta name=\"twitter:data1\" content=\"1 minuto\" \/>\n<script type=\"application\/ld+json\" class=\"yoast-schema-graph\">{\"@context\":\"https:\\\/\\\/schema.org\",\"@graph\":[{\"@type\":\"WebPage\",\"@id\":\"https:\\\/\\\/booksfrommexico.com\\\/es\\\/producto\\\/armando-garcia-nunez-1883-1965\\\/\",\"url\":\"https:\\\/\\\/booksfrommexico.com\\\/es\\\/producto\\\/armando-garcia-nunez-1883-1965\\\/\",\"name\":\"Armando Garc\u00eda N\u00fa\u00f1ez, 1883-1965\",\"isPartOf\":{\"@id\":\"https:\\\/\\\/booksfrommexico.com\\\/#website\"},\"primaryImageOfPage\":{\"@id\":\"https:\\\/\\\/booksfrommexico.com\\\/es\\\/producto\\\/armando-garcia-nunez-1883-1965\\\/#primaryimage\"},\"image\":{\"@id\":\"https:\\\/\\\/booksfrommexico.com\\\/es\\\/producto\\\/armando-garcia-nunez-1883-1965\\\/#primaryimage\"},\"thumbnailUrl\":\"https:\\\/\\\/booksfrommexico.com\\\/app\\\/uploads\\\/2023\\\/05\\\/122699.jpeg\",\"datePublished\":\"2023-05-08T17:02:13+00:00\",\"dateModified\":\"2024-11-01T17:03:56+00:00\",\"description\":\"ARMANDO GARC\u00cdA N\u00da\u00d1EZ, 1883-1965. \\\/ Jorge Contreras (coordinator). Museo de Arte Contempor\u00e1neo de Oaxaca ; CONACULTA , Fondo Editorial Tierra Adentro ; INAH.\",\"breadcrumb\":{\"@id\":\"https:\\\/\\\/booksfrommexico.com\\\/es\\\/producto\\\/armando-garcia-nunez-1883-1965\\\/#breadcrumb\"},\"inLanguage\":\"es\",\"potentialAction\":[{\"@type\":\"ReadAction\",\"target\":[\"https:\\\/\\\/booksfrommexico.com\\\/es\\\/producto\\\/armando-garcia-nunez-1883-1965\\\/\"]}]},{\"@type\":\"ImageObject\",\"inLanguage\":\"es\",\"@id\":\"https:\\\/\\\/booksfrommexico.com\\\/es\\\/producto\\\/armando-garcia-nunez-1883-1965\\\/#primaryimage\",\"url\":\"https:\\\/\\\/booksfrommexico.com\\\/app\\\/uploads\\\/2023\\\/05\\\/122699.jpeg\",\"contentUrl\":\"https:\\\/\\\/booksfrommexico.com\\\/app\\\/uploads\\\/2023\\\/05\\\/122699.jpeg\",\"width\":529,\"height\":829},{\"@type\":\"BreadcrumbList\",\"@id\":\"https:\\\/\\\/booksfrommexico.com\\\/es\\\/producto\\\/armando-garcia-nunez-1883-1965\\\/#breadcrumb\",\"itemListElement\":[{\"@type\":\"ListItem\",\"position\":1,\"name\":\"Home\",\"item\":\"https:\\\/\\\/booksfrommexico.com\\\/es\\\/\"},{\"@type\":\"ListItem\",\"position\":2,\"name\":\"Libros\",\"item\":\"https:\\\/\\\/booksfrommexico.com\\\/es\\\/libros\\\/\"},{\"@type\":\"ListItem\",\"position\":3,\"name\":\"Armando Garc\u00eda N\u00fa\u00f1ez, 1883-1965\"}]},{\"@type\":\"WebSite\",\"@id\":\"https:\\\/\\\/booksfrommexico.com\\\/#website\",\"url\":\"https:\\\/\\\/booksfrommexico.com\\\/\",\"name\":\"Books From Mexico\",\"description\":\"\",\"publisher\":{\"@id\":\"https:\\\/\\\/booksfrommexico.com\\\/#organization\"},\"potentialAction\":[{\"@type\":\"SearchAction\",\"target\":{\"@type\":\"EntryPoint\",\"urlTemplate\":\"https:\\\/\\\/booksfrommexico.com\\\/?s={search_term_string}\"},\"query-input\":{\"@type\":\"PropertyValueSpecification\",\"valueRequired\":true,\"valueName\":\"search_term_string\"}}],\"inLanguage\":\"es\"},{\"@type\":\"Organization\",\"@id\":\"https:\\\/\\\/booksfrommexico.com\\\/#organization\",\"name\":\"Books From Mexico\",\"url\":\"https:\\\/\\\/booksfrommexico.com\\\/\",\"logo\":{\"@type\":\"ImageObject\",\"inLanguage\":\"es\",\"@id\":\"https:\\\/\\\/booksfrommexico.com\\\/#\\\/schema\\\/logo\\\/image\\\/\",\"url\":\"https:\\\/\\\/booksfrommexico.com\\\/app\\\/uploads\\\/2023\\\/05\\\/logo-booksfrommexico.svg\",\"contentUrl\":\"https:\\\/\\\/booksfrommexico.com\\\/app\\\/uploads\\\/2023\\\/05\\\/logo-booksfrommexico.svg\",\"width\":86,\"height\":56,\"caption\":\"Books From Mexico\"},\"image\":{\"@id\":\"https:\\\/\\\/booksfrommexico.com\\\/#\\\/schema\\\/logo\\\/image\\\/\"}}]}<\/script>\n<!-- \/ Yoast SEO plugin. -->","yoast_head_json":{"title":"Armando Garc\u00eda N\u00fa\u00f1ez, 1883-1965","description":"ARMANDO GARC\u00cdA N\u00da\u00d1EZ, 1883-1965. \/ Jorge Contreras (coordinator). Museo de Arte Contempor\u00e1neo de Oaxaca ; CONACULTA , Fondo Editorial Tierra Adentro ; INAH.","robots":{"index":"index","follow":"follow","max-snippet":"max-snippet:-1","max-image-preview":"max-image-preview:large","max-video-preview":"max-video-preview:-1"},"canonical":"https:\/\/booksfrommexico.com\/es\/producto\/armando-garcia-nunez-1883-1965\/","og_locale":"es_ES","og_type":"article","og_title":"Armando Garc\u00eda N\u00fa\u00f1ez, 1883-1965","og_description":"ARMANDO GARC\u00cdA N\u00da\u00d1EZ, 1883-1965. \/ Jorge Contreras (coordinator). Museo de Arte Contempor\u00e1neo de Oaxaca ; CONACULTA , Fondo Editorial Tierra Adentro ; INAH.","og_url":"https:\/\/booksfrommexico.com\/es\/producto\/armando-garcia-nunez-1883-1965\/","og_site_name":"Books From Mexico","article_modified_time":"2024-11-01T17:03:56+00:00","og_image":[{"width":529,"height":829,"url":"http:\/\/booksfrommexico.com\/app\/uploads\/2023\/05\/122699.jpeg","type":"image\/jpeg"}],"twitter_card":"summary_large_image","twitter_misc":{"Tiempo de lectura":"1 minuto"},"schema":{"@context":"https:\/\/schema.org","@graph":[{"@type":"WebPage","@id":"https:\/\/booksfrommexico.com\/es\/producto\/armando-garcia-nunez-1883-1965\/","url":"https:\/\/booksfrommexico.com\/es\/producto\/armando-garcia-nunez-1883-1965\/","name":"Armando Garc\u00eda N\u00fa\u00f1ez, 1883-1965","isPartOf":{"@id":"https:\/\/booksfrommexico.com\/#website"},"primaryImageOfPage":{"@id":"https:\/\/booksfrommexico.com\/es\/producto\/armando-garcia-nunez-1883-1965\/#primaryimage"},"image":{"@id":"https:\/\/booksfrommexico.com\/es\/producto\/armando-garcia-nunez-1883-1965\/#primaryimage"},"thumbnailUrl":"https:\/\/booksfrommexico.com\/app\/uploads\/2023\/05\/122699.jpeg","datePublished":"2023-05-08T17:02:13+00:00","dateModified":"2024-11-01T17:03:56+00:00","description":"ARMANDO GARC\u00cdA N\u00da\u00d1EZ, 1883-1965. \/ Jorge Contreras (coordinator). Museo de Arte Contempor\u00e1neo de Oaxaca ; CONACULTA , Fondo Editorial Tierra Adentro ; INAH.","breadcrumb":{"@id":"https:\/\/booksfrommexico.com\/es\/producto\/armando-garcia-nunez-1883-1965\/#breadcrumb"},"inLanguage":"es","potentialAction":[{"@type":"ReadAction","target":["https:\/\/booksfrommexico.com\/es\/producto\/armando-garcia-nunez-1883-1965\/"]}]},{"@type":"ImageObject","inLanguage":"es","@id":"https:\/\/booksfrommexico.com\/es\/producto\/armando-garcia-nunez-1883-1965\/#primaryimage","url":"https:\/\/booksfrommexico.com\/app\/uploads\/2023\/05\/122699.jpeg","contentUrl":"https:\/\/booksfrommexico.com\/app\/uploads\/2023\/05\/122699.jpeg","width":529,"height":829},{"@type":"BreadcrumbList","@id":"https:\/\/booksfrommexico.com\/es\/producto\/armando-garcia-nunez-1883-1965\/#breadcrumb","itemListElement":[{"@type":"ListItem","position":1,"name":"Home","item":"https:\/\/booksfrommexico.com\/es\/"},{"@type":"ListItem","position":2,"name":"Libros","item":"https:\/\/booksfrommexico.com\/es\/libros\/"},{"@type":"ListItem","position":3,"name":"Armando Garc\u00eda N\u00fa\u00f1ez, 1883-1965"}]},{"@type":"WebSite","@id":"https:\/\/booksfrommexico.com\/#website","url":"https:\/\/booksfrommexico.com\/","name":"Books From Mexico","description":"","publisher":{"@id":"https:\/\/booksfrommexico.com\/#organization"},"potentialAction":[{"@type":"SearchAction","target":{"@type":"EntryPoint","urlTemplate":"https:\/\/booksfrommexico.com\/?s={search_term_string}"},"query-input":{"@type":"PropertyValueSpecification","valueRequired":true,"valueName":"search_term_string"}}],"inLanguage":"es"},{"@type":"Organization","@id":"https:\/\/booksfrommexico.com\/#organization","name":"Books From Mexico","url":"https:\/\/booksfrommexico.com\/","logo":{"@type":"ImageObject","inLanguage":"es","@id":"https:\/\/booksfrommexico.com\/#\/schema\/logo\/image\/","url":"https:\/\/booksfrommexico.com\/app\/uploads\/2023\/05\/logo-booksfrommexico.svg","contentUrl":"https:\/\/booksfrommexico.com\/app\/uploads\/2023\/05\/logo-booksfrommexico.svg","width":86,"height":56,"caption":"Books From Mexico"},"image":{"@id":"https:\/\/booksfrommexico.com\/#\/schema\/logo\/image\/"}}]}},"_links":{"self":[{"href":"https:\/\/booksfrommexico.com\/es\/wp-json\/wp\/v2\/product\/424","targetHints":{"allow":["GET"]}}],"collection":[{"href":"https:\/\/booksfrommexico.com\/es\/wp-json\/wp\/v2\/product"}],"about":[{"href":"https:\/\/booksfrommexico.com\/es\/wp-json\/wp\/v2\/types\/product"}],"wp:featuredmedia":[{"embeddable":true,"href":"https:\/\/booksfrommexico.com\/es\/wp-json\/wp\/v2\/media\/423"}],"wp:attachment":[{"href":"https:\/\/booksfrommexico.com\/es\/wp-json\/wp\/v2\/media?parent=424"}],"wp:term":[{"taxonomy":"product_brand","embeddable":true,"href":"https:\/\/booksfrommexico.com\/es\/wp-json\/wp\/v2\/product_brand?post=424"},{"taxonomy":"product_cat","embeddable":true,"href":"https:\/\/booksfrommexico.com\/es\/wp-json\/wp\/v2\/product_cat?post=424"},{"taxonomy":"product_tag","embeddable":true,"href":"https:\/\/booksfrommexico.com\/es\/wp-json\/wp\/v2\/product_tag?post=424"}],"curies":[{"name":"wp","href":"https:\/\/api.w.org\/{rel}","templated":true}]}}