{"id":426,"date":"2023-05-08T17:02:15","date_gmt":"2023-05-08T17:02:15","guid":{"rendered":"http:\/\/booksfrommexico.com\/product\/esplendor-y-decadencia-del-antiguo-teatro-de-los-heroes\/"},"modified":"2024-10-14T23:53:48","modified_gmt":"2024-10-14T23:53:48","slug":"esplendor-y-decadencia-del-antiguo-teatro-de-los-heroes","status":"publish","type":"product","link":"https:\/\/booksfrommexico.com\/es\/producto\/esplendor-y-decadencia-del-antiguo-teatro-de-los-heroes\/","title":{"rendered":"Esplendor y decadencia del antiguo Teatro de los H\u00e9roes"},"content":{"rendered":"<p><span style=\"font-weight: 400;\">El Teatro de los H\u00e9roes fue durante m\u00e1s de 50 a\u00f1os un s\u00edmbolo de la expresi\u00f3n cultural hasta sus \u00faltimos d\u00edas; en \u00e9l tuvieron lugar todo tipo de espect\u00e1culos: musicales, drama, comedia, cine, box, lucha libre y bailes. Aqu\u00ed se recopilan historias variadas y amenas, as\u00ed como numerosos testimonios, fotograf\u00edas y otros documentos que buscan dejar un legado que funcione como homenaje a \u00e9pocas pasadas y a las personas que aportaron a la sociedad chihuahuense. Este t\u00edtulo es producto de una investigaci\u00f3n que recupera una parte del pasado hist\u00f3rico de Chihuahua, desde el final del porfiriato hasta los a\u00f1os del desarrollo econ\u00f3mico y tecnol\u00f3gico.<\/span><\/p>\n","protected":false},"excerpt":{"rendered":"<p>ESPLENDOR Y DECADENCIA DEL ANTIGUO TEATRO DE LOS H\u00c9ROES<span style=\"font-weight: 400;\">. \/ Alma Montemayor J\u00e1uregui. Chihuahua, M\u00e9xico : Gobierno del Estado de Chihuahua , Instituto Chihuahuense de la Cultura, 2003. 178 pages : includes photos, bibliographic notes, bibliography ; 31 cm. (Colecci\u00f3n Solar ; Serie Lampadario). ISBN : 9686862501. <\/span><\/p>\n","protected":false},"featured_media":425,"template":"","meta":{"_acf_changed":false,"inline_featured_image":false},"product_brand":[],"product_cat":[976,3347,113],"product_tag":[3788,4398,3607,4168],"class_list":{"0":"post-426","1":"product","2":"type-product","3":"status-publish","4":"has-post-thumbnail","6":"product_cat-arquitectura-urbana","7":"product_cat-drama-danza-y-teatro","8":"product_cat-historia-social","9":"product_tag-chihuahua-mexico","10":"product_tag-historia-mexico","11":"product_tag-historia-local","12":"product_tag-teatro","14":"first","15":"instock","16":"sale","17":"taxable","18":"shipping-taxable","19":"purchasable","20":"product-type-simple"},"acf":[],"yoast_head":"<!-- This site is optimized with the Yoast SEO plugin v27.2 - https:\/\/yoast.com\/product\/yoast-seo-wordpress\/ -->\n<title>Esplendor y decadencia del antiguo Teatro de los H\u00e9roes<\/title>\n<meta name=\"description\" content=\"ESPLENDOR Y DECADENCIA DEL ANTIGUO TEATRO DE LOS H\u00c9ROES. \/ Alma Montemayor J\u00e1uregui. (Colecci\u00f3n Solar ; Serie Lampadario). ISBN : 9686862501.\" \/>\n<meta name=\"robots\" content=\"index, follow, max-snippet:-1, max-image-preview:large, max-video-preview:-1\" \/>\n<link rel=\"canonical\" href=\"https:\/\/booksfrommexico.com\/es\/producto\/esplendor-y-decadencia-del-antiguo-teatro-de-los-heroes\/\" \/>\n<meta property=\"og:locale\" content=\"es_ES\" \/>\n<meta property=\"og:type\" content=\"article\" \/>\n<meta property=\"og:title\" content=\"Esplendor y decadencia del antiguo Teatro de los H\u00e9roes\" \/>\n<meta property=\"og:description\" content=\"ESPLENDOR Y DECADENCIA DEL ANTIGUO TEATRO DE LOS H\u00c9ROES. \/ Alma Montemayor J\u00e1uregui. (Colecci\u00f3n Solar ; Serie Lampadario). ISBN : 9686862501.\" \/>\n<meta property=\"og:url\" content=\"https:\/\/booksfrommexico.com\/es\/producto\/esplendor-y-decadencia-del-antiguo-teatro-de-los-heroes\/\" \/>\n<meta property=\"og:site_name\" content=\"Books From Mexico\" \/>\n<meta property=\"article:modified_time\" content=\"2024-10-14T23:53:48+00:00\" \/>\n<meta property=\"og:image\" content=\"http:\/\/booksfrommexico.com\/app\/uploads\/2023\/05\/122425.jpeg\" \/>\n\t<meta property=\"og:image:width\" content=\"636\" \/>\n\t<meta property=\"og:image:height\" content=\"831\" \/>\n\t<meta property=\"og:image:type\" content=\"image\/jpeg\" \/>\n<meta name=\"twitter:card\" content=\"summary_large_image\" \/>\n<meta name=\"twitter:label1\" content=\"Tiempo de lectura\" \/>\n\t<meta name=\"twitter:data1\" content=\"1 minuto\" \/>\n<script type=\"application\/ld+json\" class=\"yoast-schema-graph\">{\"@context\":\"https:\/\/schema.org\",\"@graph\":[{\"@type\":\"WebPage\",\"@id\":\"https:\/\/booksfrommexico.com\/es\/producto\/esplendor-y-decadencia-del-antiguo-teatro-de-los-heroes\/\",\"url\":\"https:\/\/booksfrommexico.com\/es\/producto\/esplendor-y-decadencia-del-antiguo-teatro-de-los-heroes\/\",\"name\":\"Esplendor y decadencia del antiguo Teatro de los H\u00e9roes\",\"isPartOf\":{\"@id\":\"https:\/\/booksfrommexico.com\/#website\"},\"primaryImageOfPage\":{\"@id\":\"https:\/\/booksfrommexico.com\/es\/producto\/esplendor-y-decadencia-del-antiguo-teatro-de-los-heroes\/#primaryimage\"},\"image\":{\"@id\":\"https:\/\/booksfrommexico.com\/es\/producto\/esplendor-y-decadencia-del-antiguo-teatro-de-los-heroes\/#primaryimage\"},\"thumbnailUrl\":\"https:\/\/booksfrommexico.com\/app\/uploads\/2023\/05\/122425.jpeg\",\"datePublished\":\"2023-05-08T17:02:15+00:00\",\"dateModified\":\"2024-10-14T23:53:48+00:00\",\"description\":\"ESPLENDOR Y DECADENCIA DEL ANTIGUO TEATRO DE LOS H\u00c9ROES. \/ Alma Montemayor J\u00e1uregui. (Colecci\u00f3n Solar ; Serie Lampadario). ISBN : 9686862501.\",\"breadcrumb\":{\"@id\":\"https:\/\/booksfrommexico.com\/es\/producto\/esplendor-y-decadencia-del-antiguo-teatro-de-los-heroes\/#breadcrumb\"},\"inLanguage\":\"es\",\"potentialAction\":[{\"@type\":\"ReadAction\",\"target\":[\"https:\/\/booksfrommexico.com\/es\/producto\/esplendor-y-decadencia-del-antiguo-teatro-de-los-heroes\/\"]}]},{\"@type\":\"ImageObject\",\"inLanguage\":\"es\",\"@id\":\"https:\/\/booksfrommexico.com\/es\/producto\/esplendor-y-decadencia-del-antiguo-teatro-de-los-heroes\/#primaryimage\",\"url\":\"https:\/\/booksfrommexico.com\/app\/uploads\/2023\/05\/122425.jpeg\",\"contentUrl\":\"https:\/\/booksfrommexico.com\/app\/uploads\/2023\/05\/122425.jpeg\",\"width\":636,\"height\":831},{\"@type\":\"BreadcrumbList\",\"@id\":\"https:\/\/booksfrommexico.com\/es\/producto\/esplendor-y-decadencia-del-antiguo-teatro-de-los-heroes\/#breadcrumb\",\"itemListElement\":[{\"@type\":\"ListItem\",\"position\":1,\"name\":\"Home\",\"item\":\"https:\/\/booksfrommexico.com\/es\/\"},{\"@type\":\"ListItem\",\"position\":2,\"name\":\"Libros\",\"item\":\"https:\/\/booksfrommexico.com\/es\/libros\/\"},{\"@type\":\"ListItem\",\"position\":3,\"name\":\"Esplendor y decadencia del antiguo Teatro de los H\u00e9roes\"}]},{\"@type\":\"WebSite\",\"@id\":\"https:\/\/booksfrommexico.com\/#website\",\"url\":\"https:\/\/booksfrommexico.com\/\",\"name\":\"Books From Mexico\",\"description\":\"\",\"publisher\":{\"@id\":\"https:\/\/booksfrommexico.com\/#organization\"},\"potentialAction\":[{\"@type\":\"SearchAction\",\"target\":{\"@type\":\"EntryPoint\",\"urlTemplate\":\"https:\/\/booksfrommexico.com\/?s={search_term_string}\"},\"query-input\":{\"@type\":\"PropertyValueSpecification\",\"valueRequired\":true,\"valueName\":\"search_term_string\"}}],\"inLanguage\":\"es\"},{\"@type\":\"Organization\",\"@id\":\"https:\/\/booksfrommexico.com\/#organization\",\"name\":\"Books From Mexico\",\"url\":\"https:\/\/booksfrommexico.com\/\",\"logo\":{\"@type\":\"ImageObject\",\"inLanguage\":\"es\",\"@id\":\"https:\/\/booksfrommexico.com\/#\/schema\/logo\/image\/\",\"url\":\"https:\/\/booksfrommexico.com\/app\/uploads\/2023\/05\/logo-booksfrommexico.svg\",\"contentUrl\":\"https:\/\/booksfrommexico.com\/app\/uploads\/2023\/05\/logo-booksfrommexico.svg\",\"width\":86,\"height\":56,\"caption\":\"Books From Mexico\"},\"image\":{\"@id\":\"https:\/\/booksfrommexico.com\/#\/schema\/logo\/image\/\"}}]}<\/script>\n<!-- \/ Yoast SEO plugin. -->","yoast_head_json":{"title":"Esplendor y decadencia del antiguo Teatro de los H\u00e9roes","description":"ESPLENDOR Y DECADENCIA DEL ANTIGUO TEATRO DE LOS H\u00c9ROES. \/ Alma Montemayor J\u00e1uregui. (Colecci\u00f3n Solar ; Serie Lampadario). ISBN : 9686862501.","robots":{"index":"index","follow":"follow","max-snippet":"max-snippet:-1","max-image-preview":"max-image-preview:large","max-video-preview":"max-video-preview:-1"},"canonical":"https:\/\/booksfrommexico.com\/es\/producto\/esplendor-y-decadencia-del-antiguo-teatro-de-los-heroes\/","og_locale":"es_ES","og_type":"article","og_title":"Esplendor y decadencia del antiguo Teatro de los H\u00e9roes","og_description":"ESPLENDOR Y DECADENCIA DEL ANTIGUO TEATRO DE LOS H\u00c9ROES. \/ Alma Montemayor J\u00e1uregui. (Colecci\u00f3n Solar ; Serie Lampadario). ISBN : 9686862501.","og_url":"https:\/\/booksfrommexico.com\/es\/producto\/esplendor-y-decadencia-del-antiguo-teatro-de-los-heroes\/","og_site_name":"Books From Mexico","article_modified_time":"2024-10-14T23:53:48+00:00","og_image":[{"width":636,"height":831,"url":"http:\/\/booksfrommexico.com\/app\/uploads\/2023\/05\/122425.jpeg","type":"image\/jpeg"}],"twitter_card":"summary_large_image","twitter_misc":{"Tiempo de lectura":"1 minuto"},"schema":{"@context":"https:\/\/schema.org","@graph":[{"@type":"WebPage","@id":"https:\/\/booksfrommexico.com\/es\/producto\/esplendor-y-decadencia-del-antiguo-teatro-de-los-heroes\/","url":"https:\/\/booksfrommexico.com\/es\/producto\/esplendor-y-decadencia-del-antiguo-teatro-de-los-heroes\/","name":"Esplendor y decadencia del antiguo Teatro de los H\u00e9roes","isPartOf":{"@id":"https:\/\/booksfrommexico.com\/#website"},"primaryImageOfPage":{"@id":"https:\/\/booksfrommexico.com\/es\/producto\/esplendor-y-decadencia-del-antiguo-teatro-de-los-heroes\/#primaryimage"},"image":{"@id":"https:\/\/booksfrommexico.com\/es\/producto\/esplendor-y-decadencia-del-antiguo-teatro-de-los-heroes\/#primaryimage"},"thumbnailUrl":"https:\/\/booksfrommexico.com\/app\/uploads\/2023\/05\/122425.jpeg","datePublished":"2023-05-08T17:02:15+00:00","dateModified":"2024-10-14T23:53:48+00:00","description":"ESPLENDOR Y DECADENCIA DEL ANTIGUO TEATRO DE LOS H\u00c9ROES. \/ Alma Montemayor J\u00e1uregui. (Colecci\u00f3n Solar ; Serie Lampadario). ISBN : 9686862501.","breadcrumb":{"@id":"https:\/\/booksfrommexico.com\/es\/producto\/esplendor-y-decadencia-del-antiguo-teatro-de-los-heroes\/#breadcrumb"},"inLanguage":"es","potentialAction":[{"@type":"ReadAction","target":["https:\/\/booksfrommexico.com\/es\/producto\/esplendor-y-decadencia-del-antiguo-teatro-de-los-heroes\/"]}]},{"@type":"ImageObject","inLanguage":"es","@id":"https:\/\/booksfrommexico.com\/es\/producto\/esplendor-y-decadencia-del-antiguo-teatro-de-los-heroes\/#primaryimage","url":"https:\/\/booksfrommexico.com\/app\/uploads\/2023\/05\/122425.jpeg","contentUrl":"https:\/\/booksfrommexico.com\/app\/uploads\/2023\/05\/122425.jpeg","width":636,"height":831},{"@type":"BreadcrumbList","@id":"https:\/\/booksfrommexico.com\/es\/producto\/esplendor-y-decadencia-del-antiguo-teatro-de-los-heroes\/#breadcrumb","itemListElement":[{"@type":"ListItem","position":1,"name":"Home","item":"https:\/\/booksfrommexico.com\/es\/"},{"@type":"ListItem","position":2,"name":"Libros","item":"https:\/\/booksfrommexico.com\/es\/libros\/"},{"@type":"ListItem","position":3,"name":"Esplendor y decadencia del antiguo Teatro de los H\u00e9roes"}]},{"@type":"WebSite","@id":"https:\/\/booksfrommexico.com\/#website","url":"https:\/\/booksfrommexico.com\/","name":"Books From Mexico","description":"","publisher":{"@id":"https:\/\/booksfrommexico.com\/#organization"},"potentialAction":[{"@type":"SearchAction","target":{"@type":"EntryPoint","urlTemplate":"https:\/\/booksfrommexico.com\/?s={search_term_string}"},"query-input":{"@type":"PropertyValueSpecification","valueRequired":true,"valueName":"search_term_string"}}],"inLanguage":"es"},{"@type":"Organization","@id":"https:\/\/booksfrommexico.com\/#organization","name":"Books From Mexico","url":"https:\/\/booksfrommexico.com\/","logo":{"@type":"ImageObject","inLanguage":"es","@id":"https:\/\/booksfrommexico.com\/#\/schema\/logo\/image\/","url":"https:\/\/booksfrommexico.com\/app\/uploads\/2023\/05\/logo-booksfrommexico.svg","contentUrl":"https:\/\/booksfrommexico.com\/app\/uploads\/2023\/05\/logo-booksfrommexico.svg","width":86,"height":56,"caption":"Books From Mexico"},"image":{"@id":"https:\/\/booksfrommexico.com\/#\/schema\/logo\/image\/"}}]}},"_links":{"self":[{"href":"https:\/\/booksfrommexico.com\/es\/wp-json\/wp\/v2\/product\/426","targetHints":{"allow":["GET"]}}],"collection":[{"href":"https:\/\/booksfrommexico.com\/es\/wp-json\/wp\/v2\/product"}],"about":[{"href":"https:\/\/booksfrommexico.com\/es\/wp-json\/wp\/v2\/types\/product"}],"wp:featuredmedia":[{"embeddable":true,"href":"https:\/\/booksfrommexico.com\/es\/wp-json\/wp\/v2\/media\/425"}],"wp:attachment":[{"href":"https:\/\/booksfrommexico.com\/es\/wp-json\/wp\/v2\/media?parent=426"}],"wp:term":[{"taxonomy":"product_brand","embeddable":true,"href":"https:\/\/booksfrommexico.com\/es\/wp-json\/wp\/v2\/product_brand?post=426"},{"taxonomy":"product_cat","embeddable":true,"href":"https:\/\/booksfrommexico.com\/es\/wp-json\/wp\/v2\/product_cat?post=426"},{"taxonomy":"product_tag","embeddable":true,"href":"https:\/\/booksfrommexico.com\/es\/wp-json\/wp\/v2\/product_tag?post=426"}],"curies":[{"name":"wp","href":"https:\/\/api.w.org\/{rel}","templated":true}]}}