{"id":428,"date":"2023-05-08T17:02:16","date_gmt":"2023-05-08T17:02:16","guid":{"rendered":"http:\/\/booksfrommexico.com\/product\/mook-jy-el-ciclo-de-vida-del-maiz-segun-los-mixes\/"},"modified":"2024-11-14T15:58:26","modified_gmt":"2024-11-14T15:58:26","slug":"mook-jy-el-ciclo-de-vida-del-maiz-segun-los-mixes","status":"publish","type":"product","link":"https:\/\/booksfrommexico.com\/es\/producto\/mook-jy-el-ciclo-de-vida-del-maiz-segun-los-mixes\/","title":{"rendered":"Mook jy\u00f6\u00f6jtsykin ax j\u00f6\u2019n ayuuk jayu di ixada: El ciclo de vida del ma\u00edz seg\u00fan los Mixes"},"content":{"rendered":"<p><span style=\"font-weight: 400;\">El ma\u00edz es una planta originaria de Am\u00e9rica, siendo un cereal b\u00e1sico en la dieta de muchos pueblos del mundo, siendo domesticado por los antiguos mexicanos. A trav\u00e9s de la colecci\u00f3n<\/span><i><span style=\"font-weight: 400;\"> Voces del Fondo<\/span><\/i><span style=\"font-weight: 400;\">, se re\u00fane desde distintas disciplinas a diferentes autores y obras con el af\u00e1n de alcanzar lectores interesados en informaci\u00f3n de car\u00e1cter regional. Este t\u00edtulo de la colecci\u00f3n est\u00e1 enfocado en mostrar c\u00f3mo los mixes siembran, cuidan, cosechan, aprovechan y seleccionan el ma\u00edz, lo que se parece bastante al de otros pueblos ind\u00edgenas. \u00c9sta se trata de una edici\u00f3n biling\u00fce mixe-espa\u00f1ol e incluye una serie de ilustraciones a color que muestran el proceso de siembra, crecimiento y cultivo del ma\u00edz.<\/span><\/p>\n","protected":false},"excerpt":{"rendered":"<p>MOOK JY\u00d6\u00d6JTSYKIN AX J\u00d6\u2019N AYUUK JAYU DI IXADA : EL CICLO DE VIDA DEL MA\u00cdZ SEG\u00daN LOS MIXES<span style=\"font-weight: 400;\">. \/ Juan Arel\u00ed Bernal Alc\u00e1ntara, Noem\u00ed Ortega Rivera. Oaxaca, M\u00e9xico : Gobierno Constitucional del Estado de Oaxaca , Instituto Estatal de Educaci\u00f3n P\u00fablica de Oaxaca, 2003. 60 pages : includes table, color illustrations ; 31 cm. (Colecci\u00f3n Voces del Fondo ; Seria La luna en el pozo). ISBN : 9685730032.<\/span><\/p>\n","protected":false},"featured_media":427,"template":"","meta":{"_acf_changed":false,"inline_featured_image":false},"product_brand":[],"product_cat":[481,3205],"product_tag":[3797,3769,3608],"class_list":{"0":"post-428","1":"product","2":"type-product","3":"status-publish","4":"has-post-thumbnail","6":"product_cat-agricultura-y-ganaderia","7":"product_cat-alimentos-bebidas","8":"product_tag-oaxaca-mexico","9":"product_tag-obras-ilustradas","10":"product_tag-vida-social-y-costumbres","12":"first","13":"outofstock","14":"sale","15":"taxable","16":"shipping-taxable","17":"purchasable","18":"product-type-simple"},"acf":[],"yoast_head":"<!-- This site is optimized with the Yoast SEO plugin v27.2 - https:\/\/yoast.com\/product\/yoast-seo-wordpress\/ -->\n<title>El ciclo de vida del ma\u00edz seg\u00fan los Mixes<\/title>\n<meta name=\"description\" content=\"MOOK JY\u00d6\u00d6JTSYKIN AX J\u00d6\u2019N AYUUK JAYU DI IXADA : EL CICLO DE VIDA DEL MA\u00cdZ SEG\u00daN LOS MIXES. \/ Juan Arel\u00ed Bernal Alc\u00e1ntara, Noem\u00ed Ortega Rivera. 2003.\" \/>\n<meta name=\"robots\" content=\"index, follow, max-snippet:-1, max-image-preview:large, max-video-preview:-1\" \/>\n<link rel=\"canonical\" href=\"https:\/\/booksfrommexico.com\/es\/producto\/mook-jy-el-ciclo-de-vida-del-maiz-segun-los-mixes\/\" \/>\n<meta property=\"og:locale\" content=\"es_ES\" \/>\n<meta property=\"og:type\" content=\"article\" \/>\n<meta property=\"og:title\" content=\"El ciclo de vida del ma\u00edz seg\u00fan los Mixes\" \/>\n<meta property=\"og:description\" content=\"MOOK JY\u00d6\u00d6JTSYKIN AX J\u00d6\u2019N AYUUK JAYU DI IXADA : EL CICLO DE VIDA DEL MA\u00cdZ SEG\u00daN LOS MIXES. \/ Juan Arel\u00ed Bernal Alc\u00e1ntara, Noem\u00ed Ortega Rivera. 2003.\" \/>\n<meta property=\"og:url\" content=\"https:\/\/booksfrommexico.com\/es\/producto\/mook-jy-el-ciclo-de-vida-del-maiz-segun-los-mixes\/\" \/>\n<meta property=\"og:site_name\" content=\"Books From Mexico\" \/>\n<meta property=\"article:modified_time\" content=\"2024-11-14T15:58:26+00:00\" \/>\n<meta property=\"og:image\" content=\"http:\/\/booksfrommexico.com\/app\/uploads\/2023\/05\/122242.jpeg\" \/>\n\t<meta property=\"og:image:width\" content=\"628\" \/>\n\t<meta property=\"og:image:height\" content=\"866\" \/>\n\t<meta property=\"og:image:type\" content=\"image\/jpeg\" \/>\n<meta name=\"twitter:card\" content=\"summary_large_image\" \/>\n<meta name=\"twitter:label1\" content=\"Tiempo de lectura\" \/>\n\t<meta name=\"twitter:data1\" content=\"1 minuto\" \/>\n<script type=\"application\/ld+json\" class=\"yoast-schema-graph\">{\"@context\":\"https:\/\/schema.org\",\"@graph\":[{\"@type\":\"WebPage\",\"@id\":\"https:\/\/booksfrommexico.com\/es\/producto\/mook-jy-el-ciclo-de-vida-del-maiz-segun-los-mixes\/\",\"url\":\"https:\/\/booksfrommexico.com\/es\/producto\/mook-jy-el-ciclo-de-vida-del-maiz-segun-los-mixes\/\",\"name\":\"El ciclo de vida del ma\u00edz seg\u00fan los Mixes\",\"isPartOf\":{\"@id\":\"https:\/\/booksfrommexico.com\/#website\"},\"primaryImageOfPage\":{\"@id\":\"https:\/\/booksfrommexico.com\/es\/producto\/mook-jy-el-ciclo-de-vida-del-maiz-segun-los-mixes\/#primaryimage\"},\"image\":{\"@id\":\"https:\/\/booksfrommexico.com\/es\/producto\/mook-jy-el-ciclo-de-vida-del-maiz-segun-los-mixes\/#primaryimage\"},\"thumbnailUrl\":\"https:\/\/booksfrommexico.com\/app\/uploads\/2023\/05\/122242.jpeg\",\"datePublished\":\"2023-05-08T17:02:16+00:00\",\"dateModified\":\"2024-11-14T15:58:26+00:00\",\"description\":\"MOOK JY\u00d6\u00d6JTSYKIN AX J\u00d6\u2019N AYUUK JAYU DI IXADA : EL CICLO DE VIDA DEL MA\u00cdZ SEG\u00daN LOS MIXES. \/ Juan Arel\u00ed Bernal Alc\u00e1ntara, Noem\u00ed Ortega Rivera. 2003.\",\"breadcrumb\":{\"@id\":\"https:\/\/booksfrommexico.com\/es\/producto\/mook-jy-el-ciclo-de-vida-del-maiz-segun-los-mixes\/#breadcrumb\"},\"inLanguage\":\"es\",\"potentialAction\":[{\"@type\":\"ReadAction\",\"target\":[\"https:\/\/booksfrommexico.com\/es\/producto\/mook-jy-el-ciclo-de-vida-del-maiz-segun-los-mixes\/\"]}]},{\"@type\":\"ImageObject\",\"inLanguage\":\"es\",\"@id\":\"https:\/\/booksfrommexico.com\/es\/producto\/mook-jy-el-ciclo-de-vida-del-maiz-segun-los-mixes\/#primaryimage\",\"url\":\"https:\/\/booksfrommexico.com\/app\/uploads\/2023\/05\/122242.jpeg\",\"contentUrl\":\"https:\/\/booksfrommexico.com\/app\/uploads\/2023\/05\/122242.jpeg\",\"width\":628,\"height\":866},{\"@type\":\"BreadcrumbList\",\"@id\":\"https:\/\/booksfrommexico.com\/es\/producto\/mook-jy-el-ciclo-de-vida-del-maiz-segun-los-mixes\/#breadcrumb\",\"itemListElement\":[{\"@type\":\"ListItem\",\"position\":1,\"name\":\"Home\",\"item\":\"https:\/\/booksfrommexico.com\/es\/\"},{\"@type\":\"ListItem\",\"position\":2,\"name\":\"Libros\",\"item\":\"https:\/\/booksfrommexico.com\/es\/libros\/\"},{\"@type\":\"ListItem\",\"position\":3,\"name\":\"Mook jy\u00f6\u00f6jtsykin ax j\u00f6\u2019n ayuuk jayu di ixada: El ciclo de vida del ma\u00edz seg\u00fan los Mixes\"}]},{\"@type\":\"WebSite\",\"@id\":\"https:\/\/booksfrommexico.com\/#website\",\"url\":\"https:\/\/booksfrommexico.com\/\",\"name\":\"Books From Mexico\",\"description\":\"\",\"publisher\":{\"@id\":\"https:\/\/booksfrommexico.com\/#organization\"},\"potentialAction\":[{\"@type\":\"SearchAction\",\"target\":{\"@type\":\"EntryPoint\",\"urlTemplate\":\"https:\/\/booksfrommexico.com\/?s={search_term_string}\"},\"query-input\":{\"@type\":\"PropertyValueSpecification\",\"valueRequired\":true,\"valueName\":\"search_term_string\"}}],\"inLanguage\":\"es\"},{\"@type\":\"Organization\",\"@id\":\"https:\/\/booksfrommexico.com\/#organization\",\"name\":\"Books From Mexico\",\"url\":\"https:\/\/booksfrommexico.com\/\",\"logo\":{\"@type\":\"ImageObject\",\"inLanguage\":\"es\",\"@id\":\"https:\/\/booksfrommexico.com\/#\/schema\/logo\/image\/\",\"url\":\"https:\/\/booksfrommexico.com\/app\/uploads\/2023\/05\/logo-booksfrommexico.svg\",\"contentUrl\":\"https:\/\/booksfrommexico.com\/app\/uploads\/2023\/05\/logo-booksfrommexico.svg\",\"width\":86,\"height\":56,\"caption\":\"Books From Mexico\"},\"image\":{\"@id\":\"https:\/\/booksfrommexico.com\/#\/schema\/logo\/image\/\"}}]}<\/script>\n<!-- \/ Yoast SEO plugin. -->","yoast_head_json":{"title":"El ciclo de vida del ma\u00edz seg\u00fan los Mixes","description":"MOOK JY\u00d6\u00d6JTSYKIN AX J\u00d6\u2019N AYUUK JAYU DI IXADA : EL CICLO DE VIDA DEL MA\u00cdZ SEG\u00daN LOS MIXES. \/ Juan Arel\u00ed Bernal Alc\u00e1ntara, Noem\u00ed Ortega Rivera. 2003.","robots":{"index":"index","follow":"follow","max-snippet":"max-snippet:-1","max-image-preview":"max-image-preview:large","max-video-preview":"max-video-preview:-1"},"canonical":"https:\/\/booksfrommexico.com\/es\/producto\/mook-jy-el-ciclo-de-vida-del-maiz-segun-los-mixes\/","og_locale":"es_ES","og_type":"article","og_title":"El ciclo de vida del ma\u00edz seg\u00fan los Mixes","og_description":"MOOK JY\u00d6\u00d6JTSYKIN AX J\u00d6\u2019N AYUUK JAYU DI IXADA : EL CICLO DE VIDA DEL MA\u00cdZ SEG\u00daN LOS MIXES. \/ Juan Arel\u00ed Bernal Alc\u00e1ntara, Noem\u00ed Ortega Rivera. 2003.","og_url":"https:\/\/booksfrommexico.com\/es\/producto\/mook-jy-el-ciclo-de-vida-del-maiz-segun-los-mixes\/","og_site_name":"Books From Mexico","article_modified_time":"2024-11-14T15:58:26+00:00","og_image":[{"width":628,"height":866,"url":"http:\/\/booksfrommexico.com\/app\/uploads\/2023\/05\/122242.jpeg","type":"image\/jpeg"}],"twitter_card":"summary_large_image","twitter_misc":{"Tiempo de lectura":"1 minuto"},"schema":{"@context":"https:\/\/schema.org","@graph":[{"@type":"WebPage","@id":"https:\/\/booksfrommexico.com\/es\/producto\/mook-jy-el-ciclo-de-vida-del-maiz-segun-los-mixes\/","url":"https:\/\/booksfrommexico.com\/es\/producto\/mook-jy-el-ciclo-de-vida-del-maiz-segun-los-mixes\/","name":"El ciclo de vida del ma\u00edz seg\u00fan los Mixes","isPartOf":{"@id":"https:\/\/booksfrommexico.com\/#website"},"primaryImageOfPage":{"@id":"https:\/\/booksfrommexico.com\/es\/producto\/mook-jy-el-ciclo-de-vida-del-maiz-segun-los-mixes\/#primaryimage"},"image":{"@id":"https:\/\/booksfrommexico.com\/es\/producto\/mook-jy-el-ciclo-de-vida-del-maiz-segun-los-mixes\/#primaryimage"},"thumbnailUrl":"https:\/\/booksfrommexico.com\/app\/uploads\/2023\/05\/122242.jpeg","datePublished":"2023-05-08T17:02:16+00:00","dateModified":"2024-11-14T15:58:26+00:00","description":"MOOK JY\u00d6\u00d6JTSYKIN AX J\u00d6\u2019N AYUUK JAYU DI IXADA : EL CICLO DE VIDA DEL MA\u00cdZ SEG\u00daN LOS MIXES. \/ Juan Arel\u00ed Bernal Alc\u00e1ntara, Noem\u00ed Ortega Rivera. 2003.","breadcrumb":{"@id":"https:\/\/booksfrommexico.com\/es\/producto\/mook-jy-el-ciclo-de-vida-del-maiz-segun-los-mixes\/#breadcrumb"},"inLanguage":"es","potentialAction":[{"@type":"ReadAction","target":["https:\/\/booksfrommexico.com\/es\/producto\/mook-jy-el-ciclo-de-vida-del-maiz-segun-los-mixes\/"]}]},{"@type":"ImageObject","inLanguage":"es","@id":"https:\/\/booksfrommexico.com\/es\/producto\/mook-jy-el-ciclo-de-vida-del-maiz-segun-los-mixes\/#primaryimage","url":"https:\/\/booksfrommexico.com\/app\/uploads\/2023\/05\/122242.jpeg","contentUrl":"https:\/\/booksfrommexico.com\/app\/uploads\/2023\/05\/122242.jpeg","width":628,"height":866},{"@type":"BreadcrumbList","@id":"https:\/\/booksfrommexico.com\/es\/producto\/mook-jy-el-ciclo-de-vida-del-maiz-segun-los-mixes\/#breadcrumb","itemListElement":[{"@type":"ListItem","position":1,"name":"Home","item":"https:\/\/booksfrommexico.com\/es\/"},{"@type":"ListItem","position":2,"name":"Libros","item":"https:\/\/booksfrommexico.com\/es\/libros\/"},{"@type":"ListItem","position":3,"name":"Mook jy\u00f6\u00f6jtsykin ax j\u00f6\u2019n ayuuk jayu di ixada: El ciclo de vida del ma\u00edz seg\u00fan los Mixes"}]},{"@type":"WebSite","@id":"https:\/\/booksfrommexico.com\/#website","url":"https:\/\/booksfrommexico.com\/","name":"Books From Mexico","description":"","publisher":{"@id":"https:\/\/booksfrommexico.com\/#organization"},"potentialAction":[{"@type":"SearchAction","target":{"@type":"EntryPoint","urlTemplate":"https:\/\/booksfrommexico.com\/?s={search_term_string}"},"query-input":{"@type":"PropertyValueSpecification","valueRequired":true,"valueName":"search_term_string"}}],"inLanguage":"es"},{"@type":"Organization","@id":"https:\/\/booksfrommexico.com\/#organization","name":"Books From Mexico","url":"https:\/\/booksfrommexico.com\/","logo":{"@type":"ImageObject","inLanguage":"es","@id":"https:\/\/booksfrommexico.com\/#\/schema\/logo\/image\/","url":"https:\/\/booksfrommexico.com\/app\/uploads\/2023\/05\/logo-booksfrommexico.svg","contentUrl":"https:\/\/booksfrommexico.com\/app\/uploads\/2023\/05\/logo-booksfrommexico.svg","width":86,"height":56,"caption":"Books From Mexico"},"image":{"@id":"https:\/\/booksfrommexico.com\/#\/schema\/logo\/image\/"}}]}},"_links":{"self":[{"href":"https:\/\/booksfrommexico.com\/es\/wp-json\/wp\/v2\/product\/428","targetHints":{"allow":["GET"]}}],"collection":[{"href":"https:\/\/booksfrommexico.com\/es\/wp-json\/wp\/v2\/product"}],"about":[{"href":"https:\/\/booksfrommexico.com\/es\/wp-json\/wp\/v2\/types\/product"}],"wp:featuredmedia":[{"embeddable":true,"href":"https:\/\/booksfrommexico.com\/es\/wp-json\/wp\/v2\/media\/427"}],"wp:attachment":[{"href":"https:\/\/booksfrommexico.com\/es\/wp-json\/wp\/v2\/media?parent=428"}],"wp:term":[{"taxonomy":"product_brand","embeddable":true,"href":"https:\/\/booksfrommexico.com\/es\/wp-json\/wp\/v2\/product_brand?post=428"},{"taxonomy":"product_cat","embeddable":true,"href":"https:\/\/booksfrommexico.com\/es\/wp-json\/wp\/v2\/product_cat?post=428"},{"taxonomy":"product_tag","embeddable":true,"href":"https:\/\/booksfrommexico.com\/es\/wp-json\/wp\/v2\/product_tag?post=428"}],"curies":[{"name":"wp","href":"https:\/\/api.w.org\/{rel}","templated":true}]}}