{"id":430,"date":"2023-05-08T17:02:18","date_gmt":"2023-05-08T17:02:18","guid":{"rendered":"http:\/\/booksfrommexico.com\/product\/el-arte-de-dar-gracias-seleccion-de-ex-votos-pictoricos-del-museo-de-la-basilica-de-guadalupe\/"},"modified":"2024-10-10T22:35:14","modified_gmt":"2024-10-10T22:35:14","slug":"el-arte-de-dar-gracias-seleccion-de-ex-votos-pictoricos-del-museo-de-la-basilica-de-guadalupe","status":"publish","type":"product","link":"https:\/\/booksfrommexico.com\/es\/producto\/el-arte-de-dar-gracias-seleccion-de-ex-votos-pictoricos-del-museo-de-la-basilica-de-guadalupe\/","title":{"rendered":"El arte de dar gracias: Selecci\u00f3n de ex votos pict\u00f3ricos del Museo de la bas\u00edlica de Guadalupe"},"content":{"rendered":"<p><span style=\"font-weight: 400;\">Esta publicaci\u00f3n es resultado del esfuerzo realizado durante varios a\u00f1os por Elin Luque Agraz y Mary Michele Beltr\u00e1n, quienes se han dedicado con ah\u00ednco a estudiar las representaciones de la Virgen del Tepeyac y, en especial, los exvotos guadalupanos. Estos testimonios de acci\u00f3n de gracias a una divinidad la mayor\u00eda de las veces se representa como un objeto bidimensional de car\u00e1cter individual. Aqu\u00ed se incluye una selecci\u00f3n de 80 piezas de las 100 obras que se estudiaron para la tesis hom\u00f3nima a este t\u00edtulo. Un aspecto notable de esta edici\u00f3n es que por primera vez se da a conocer al p\u00fablico parte de la colecci\u00f3n del Museo de la Bas\u00edlica de Guadalupe. <\/span><\/p>\n","protected":false},"excerpt":{"rendered":"<p>EL ARTE DE DAR GRACIAS : SELECCI\u00d3N DE EXVOTOS PICT\u00d3RICOS DEL MUSEO DE LA BAS\u00cdLICA DE GUADALUPE<span style=\"font-weight: 400;\">. \/ El\u00edn Luque Agraz, Mary Michele Beltr\u00e1n. M\u00e9xico, D.F. : Universidad Iberoamericana , Departamento de Arte ; Casa Lamm , Centro de Cultura, 2003. 181 pages : includes color photos ; 28 cm. ISBN : 9688595136. <\/span><\/p>\n","protected":false},"featured_media":429,"template":"","meta":{"_acf_changed":false,"inline_featured_image":false},"product_brand":[],"product_cat":[87,4194],"product_tag":[4044,4532,3729,3762],"class_list":{"0":"post-430","1":"product","2":"type-product","3":"status-publish","4":"has-post-thumbnail","6":"product_cat-arte","7":"product_cat-arte-religioso","8":"product_tag-arte","9":"product_tag-museos","10":"product_tag-religion","11":"product_tag-vida-religiosa-y-costumbres","13":"first","14":"instock","15":"sale","16":"taxable","17":"shipping-taxable","18":"purchasable","19":"product-type-simple"},"acf":[],"yoast_head":"<!-- This site is optimized with the Yoast SEO plugin v27.3 - https:\/\/yoast.com\/product\/yoast-seo-wordpress\/ -->\n<title>El arte de dar gracias: Selecci\u00f3n de ex votos pict\u00f3ricos<\/title>\n<meta name=\"description\" content=\"EL ARTE DE DAR GRACIAS : SELECCI\u00d3N DE EXVOTOS PICT\u00d3RICOS DEL MUSEO DE LA BAS\u00cdLICA DE GUADALUPE. \/ El\u00edn Luque Agraz, Mary Michele Beltr\u00e1n. 2003.\" \/>\n<meta name=\"robots\" content=\"index, follow, max-snippet:-1, max-image-preview:large, max-video-preview:-1\" \/>\n<link rel=\"canonical\" href=\"https:\/\/booksfrommexico.com\/es\/producto\/el-arte-de-dar-gracias-seleccion-de-ex-votos-pictoricos-del-museo-de-la-basilica-de-guadalupe\/\" \/>\n<meta property=\"og:locale\" content=\"es_ES\" \/>\n<meta property=\"og:type\" content=\"article\" \/>\n<meta property=\"og:title\" content=\"El arte de dar gracias: Selecci\u00f3n de ex votos pict\u00f3ricos\" \/>\n<meta property=\"og:description\" content=\"EL ARTE DE DAR GRACIAS : SELECCI\u00d3N DE EXVOTOS PICT\u00d3RICOS DEL MUSEO DE LA BAS\u00cdLICA DE GUADALUPE. \/ El\u00edn Luque Agraz, Mary Michele Beltr\u00e1n. 2003.\" \/>\n<meta property=\"og:url\" content=\"https:\/\/booksfrommexico.com\/es\/producto\/el-arte-de-dar-gracias-seleccion-de-ex-votos-pictoricos-del-museo-de-la-basilica-de-guadalupe\/\" \/>\n<meta property=\"og:site_name\" content=\"Books From Mexico\" \/>\n<meta property=\"article:modified_time\" content=\"2024-10-10T22:35:14+00:00\" \/>\n<meta property=\"og:image\" content=\"http:\/\/booksfrommexico.com\/app\/uploads\/2023\/05\/122411.jpeg\" \/>\n\t<meta property=\"og:image:width\" content=\"625\" \/>\n\t<meta property=\"og:image:height\" content=\"799\" \/>\n\t<meta property=\"og:image:type\" content=\"image\/jpeg\" \/>\n<meta name=\"twitter:card\" content=\"summary_large_image\" \/>\n<meta name=\"twitter:label1\" content=\"Tiempo de lectura\" \/>\n\t<meta name=\"twitter:data1\" content=\"1 minuto\" \/>\n<script type=\"application\/ld+json\" class=\"yoast-schema-graph\">{\"@context\":\"https:\\\/\\\/schema.org\",\"@graph\":[{\"@type\":\"WebPage\",\"@id\":\"https:\\\/\\\/booksfrommexico.com\\\/es\\\/producto\\\/el-arte-de-dar-gracias-seleccion-de-ex-votos-pictoricos-del-museo-de-la-basilica-de-guadalupe\\\/\",\"url\":\"https:\\\/\\\/booksfrommexico.com\\\/es\\\/producto\\\/el-arte-de-dar-gracias-seleccion-de-ex-votos-pictoricos-del-museo-de-la-basilica-de-guadalupe\\\/\",\"name\":\"El arte de dar gracias: Selecci\u00f3n de ex votos pict\u00f3ricos\",\"isPartOf\":{\"@id\":\"https:\\\/\\\/booksfrommexico.com\\\/#website\"},\"primaryImageOfPage\":{\"@id\":\"https:\\\/\\\/booksfrommexico.com\\\/es\\\/producto\\\/el-arte-de-dar-gracias-seleccion-de-ex-votos-pictoricos-del-museo-de-la-basilica-de-guadalupe\\\/#primaryimage\"},\"image\":{\"@id\":\"https:\\\/\\\/booksfrommexico.com\\\/es\\\/producto\\\/el-arte-de-dar-gracias-seleccion-de-ex-votos-pictoricos-del-museo-de-la-basilica-de-guadalupe\\\/#primaryimage\"},\"thumbnailUrl\":\"https:\\\/\\\/booksfrommexico.com\\\/app\\\/uploads\\\/2023\\\/05\\\/122411.jpeg\",\"datePublished\":\"2023-05-08T17:02:18+00:00\",\"dateModified\":\"2024-10-10T22:35:14+00:00\",\"description\":\"EL ARTE DE DAR GRACIAS : SELECCI\u00d3N DE EXVOTOS PICT\u00d3RICOS DEL MUSEO DE LA BAS\u00cdLICA DE GUADALUPE. \\\/ El\u00edn Luque Agraz, Mary Michele Beltr\u00e1n. 2003.\",\"breadcrumb\":{\"@id\":\"https:\\\/\\\/booksfrommexico.com\\\/es\\\/producto\\\/el-arte-de-dar-gracias-seleccion-de-ex-votos-pictoricos-del-museo-de-la-basilica-de-guadalupe\\\/#breadcrumb\"},\"inLanguage\":\"es\",\"potentialAction\":[{\"@type\":\"ReadAction\",\"target\":[\"https:\\\/\\\/booksfrommexico.com\\\/es\\\/producto\\\/el-arte-de-dar-gracias-seleccion-de-ex-votos-pictoricos-del-museo-de-la-basilica-de-guadalupe\\\/\"]}]},{\"@type\":\"ImageObject\",\"inLanguage\":\"es\",\"@id\":\"https:\\\/\\\/booksfrommexico.com\\\/es\\\/producto\\\/el-arte-de-dar-gracias-seleccion-de-ex-votos-pictoricos-del-museo-de-la-basilica-de-guadalupe\\\/#primaryimage\",\"url\":\"https:\\\/\\\/booksfrommexico.com\\\/app\\\/uploads\\\/2023\\\/05\\\/122411.jpeg\",\"contentUrl\":\"https:\\\/\\\/booksfrommexico.com\\\/app\\\/uploads\\\/2023\\\/05\\\/122411.jpeg\",\"width\":625,\"height\":799},{\"@type\":\"BreadcrumbList\",\"@id\":\"https:\\\/\\\/booksfrommexico.com\\\/es\\\/producto\\\/el-arte-de-dar-gracias-seleccion-de-ex-votos-pictoricos-del-museo-de-la-basilica-de-guadalupe\\\/#breadcrumb\",\"itemListElement\":[{\"@type\":\"ListItem\",\"position\":1,\"name\":\"Home\",\"item\":\"https:\\\/\\\/booksfrommexico.com\\\/es\\\/\"},{\"@type\":\"ListItem\",\"position\":2,\"name\":\"Libros\",\"item\":\"https:\\\/\\\/booksfrommexico.com\\\/es\\\/libros\\\/\"},{\"@type\":\"ListItem\",\"position\":3,\"name\":\"El arte de dar gracias: Selecci\u00f3n de ex votos pict\u00f3ricos del Museo de la bas\u00edlica de Guadalupe\"}]},{\"@type\":\"WebSite\",\"@id\":\"https:\\\/\\\/booksfrommexico.com\\\/#website\",\"url\":\"https:\\\/\\\/booksfrommexico.com\\\/\",\"name\":\"Books From Mexico\",\"description\":\"\",\"publisher\":{\"@id\":\"https:\\\/\\\/booksfrommexico.com\\\/#organization\"},\"potentialAction\":[{\"@type\":\"SearchAction\",\"target\":{\"@type\":\"EntryPoint\",\"urlTemplate\":\"https:\\\/\\\/booksfrommexico.com\\\/?s={search_term_string}\"},\"query-input\":{\"@type\":\"PropertyValueSpecification\",\"valueRequired\":true,\"valueName\":\"search_term_string\"}}],\"inLanguage\":\"es\"},{\"@type\":\"Organization\",\"@id\":\"https:\\\/\\\/booksfrommexico.com\\\/#organization\",\"name\":\"Books From Mexico\",\"url\":\"https:\\\/\\\/booksfrommexico.com\\\/\",\"logo\":{\"@type\":\"ImageObject\",\"inLanguage\":\"es\",\"@id\":\"https:\\\/\\\/booksfrommexico.com\\\/#\\\/schema\\\/logo\\\/image\\\/\",\"url\":\"https:\\\/\\\/booksfrommexico.com\\\/app\\\/uploads\\\/2023\\\/05\\\/logo-booksfrommexico.svg\",\"contentUrl\":\"https:\\\/\\\/booksfrommexico.com\\\/app\\\/uploads\\\/2023\\\/05\\\/logo-booksfrommexico.svg\",\"width\":86,\"height\":56,\"caption\":\"Books From Mexico\"},\"image\":{\"@id\":\"https:\\\/\\\/booksfrommexico.com\\\/#\\\/schema\\\/logo\\\/image\\\/\"}}]}<\/script>\n<!-- \/ Yoast SEO plugin. -->","yoast_head_json":{"title":"El arte de dar gracias: Selecci\u00f3n de ex votos pict\u00f3ricos","description":"EL ARTE DE DAR GRACIAS : SELECCI\u00d3N DE EXVOTOS PICT\u00d3RICOS DEL MUSEO DE LA BAS\u00cdLICA DE GUADALUPE. \/ El\u00edn Luque Agraz, Mary Michele Beltr\u00e1n. 2003.","robots":{"index":"index","follow":"follow","max-snippet":"max-snippet:-1","max-image-preview":"max-image-preview:large","max-video-preview":"max-video-preview:-1"},"canonical":"https:\/\/booksfrommexico.com\/es\/producto\/el-arte-de-dar-gracias-seleccion-de-ex-votos-pictoricos-del-museo-de-la-basilica-de-guadalupe\/","og_locale":"es_ES","og_type":"article","og_title":"El arte de dar gracias: Selecci\u00f3n de ex votos pict\u00f3ricos","og_description":"EL ARTE DE DAR GRACIAS : SELECCI\u00d3N DE EXVOTOS PICT\u00d3RICOS DEL MUSEO DE LA BAS\u00cdLICA DE GUADALUPE. \/ El\u00edn Luque Agraz, Mary Michele Beltr\u00e1n. 2003.","og_url":"https:\/\/booksfrommexico.com\/es\/producto\/el-arte-de-dar-gracias-seleccion-de-ex-votos-pictoricos-del-museo-de-la-basilica-de-guadalupe\/","og_site_name":"Books From Mexico","article_modified_time":"2024-10-10T22:35:14+00:00","og_image":[{"width":625,"height":799,"url":"http:\/\/booksfrommexico.com\/app\/uploads\/2023\/05\/122411.jpeg","type":"image\/jpeg"}],"twitter_card":"summary_large_image","twitter_misc":{"Tiempo de lectura":"1 minuto"},"schema":{"@context":"https:\/\/schema.org","@graph":[{"@type":"WebPage","@id":"https:\/\/booksfrommexico.com\/es\/producto\/el-arte-de-dar-gracias-seleccion-de-ex-votos-pictoricos-del-museo-de-la-basilica-de-guadalupe\/","url":"https:\/\/booksfrommexico.com\/es\/producto\/el-arte-de-dar-gracias-seleccion-de-ex-votos-pictoricos-del-museo-de-la-basilica-de-guadalupe\/","name":"El arte de dar gracias: Selecci\u00f3n de ex votos pict\u00f3ricos","isPartOf":{"@id":"https:\/\/booksfrommexico.com\/#website"},"primaryImageOfPage":{"@id":"https:\/\/booksfrommexico.com\/es\/producto\/el-arte-de-dar-gracias-seleccion-de-ex-votos-pictoricos-del-museo-de-la-basilica-de-guadalupe\/#primaryimage"},"image":{"@id":"https:\/\/booksfrommexico.com\/es\/producto\/el-arte-de-dar-gracias-seleccion-de-ex-votos-pictoricos-del-museo-de-la-basilica-de-guadalupe\/#primaryimage"},"thumbnailUrl":"https:\/\/booksfrommexico.com\/app\/uploads\/2023\/05\/122411.jpeg","datePublished":"2023-05-08T17:02:18+00:00","dateModified":"2024-10-10T22:35:14+00:00","description":"EL ARTE DE DAR GRACIAS : SELECCI\u00d3N DE EXVOTOS PICT\u00d3RICOS DEL MUSEO DE LA BAS\u00cdLICA DE GUADALUPE. \/ El\u00edn Luque Agraz, Mary Michele Beltr\u00e1n. 2003.","breadcrumb":{"@id":"https:\/\/booksfrommexico.com\/es\/producto\/el-arte-de-dar-gracias-seleccion-de-ex-votos-pictoricos-del-museo-de-la-basilica-de-guadalupe\/#breadcrumb"},"inLanguage":"es","potentialAction":[{"@type":"ReadAction","target":["https:\/\/booksfrommexico.com\/es\/producto\/el-arte-de-dar-gracias-seleccion-de-ex-votos-pictoricos-del-museo-de-la-basilica-de-guadalupe\/"]}]},{"@type":"ImageObject","inLanguage":"es","@id":"https:\/\/booksfrommexico.com\/es\/producto\/el-arte-de-dar-gracias-seleccion-de-ex-votos-pictoricos-del-museo-de-la-basilica-de-guadalupe\/#primaryimage","url":"https:\/\/booksfrommexico.com\/app\/uploads\/2023\/05\/122411.jpeg","contentUrl":"https:\/\/booksfrommexico.com\/app\/uploads\/2023\/05\/122411.jpeg","width":625,"height":799},{"@type":"BreadcrumbList","@id":"https:\/\/booksfrommexico.com\/es\/producto\/el-arte-de-dar-gracias-seleccion-de-ex-votos-pictoricos-del-museo-de-la-basilica-de-guadalupe\/#breadcrumb","itemListElement":[{"@type":"ListItem","position":1,"name":"Home","item":"https:\/\/booksfrommexico.com\/es\/"},{"@type":"ListItem","position":2,"name":"Libros","item":"https:\/\/booksfrommexico.com\/es\/libros\/"},{"@type":"ListItem","position":3,"name":"El arte de dar gracias: Selecci\u00f3n de ex votos pict\u00f3ricos del Museo de la bas\u00edlica de Guadalupe"}]},{"@type":"WebSite","@id":"https:\/\/booksfrommexico.com\/#website","url":"https:\/\/booksfrommexico.com\/","name":"Books From Mexico","description":"","publisher":{"@id":"https:\/\/booksfrommexico.com\/#organization"},"potentialAction":[{"@type":"SearchAction","target":{"@type":"EntryPoint","urlTemplate":"https:\/\/booksfrommexico.com\/?s={search_term_string}"},"query-input":{"@type":"PropertyValueSpecification","valueRequired":true,"valueName":"search_term_string"}}],"inLanguage":"es"},{"@type":"Organization","@id":"https:\/\/booksfrommexico.com\/#organization","name":"Books From Mexico","url":"https:\/\/booksfrommexico.com\/","logo":{"@type":"ImageObject","inLanguage":"es","@id":"https:\/\/booksfrommexico.com\/#\/schema\/logo\/image\/","url":"https:\/\/booksfrommexico.com\/app\/uploads\/2023\/05\/logo-booksfrommexico.svg","contentUrl":"https:\/\/booksfrommexico.com\/app\/uploads\/2023\/05\/logo-booksfrommexico.svg","width":86,"height":56,"caption":"Books From Mexico"},"image":{"@id":"https:\/\/booksfrommexico.com\/#\/schema\/logo\/image\/"}}]}},"_links":{"self":[{"href":"https:\/\/booksfrommexico.com\/es\/wp-json\/wp\/v2\/product\/430","targetHints":{"allow":["GET"]}}],"collection":[{"href":"https:\/\/booksfrommexico.com\/es\/wp-json\/wp\/v2\/product"}],"about":[{"href":"https:\/\/booksfrommexico.com\/es\/wp-json\/wp\/v2\/types\/product"}],"wp:featuredmedia":[{"embeddable":true,"href":"https:\/\/booksfrommexico.com\/es\/wp-json\/wp\/v2\/media\/429"}],"wp:attachment":[{"href":"https:\/\/booksfrommexico.com\/es\/wp-json\/wp\/v2\/media?parent=430"}],"wp:term":[{"taxonomy":"product_brand","embeddable":true,"href":"https:\/\/booksfrommexico.com\/es\/wp-json\/wp\/v2\/product_brand?post=430"},{"taxonomy":"product_cat","embeddable":true,"href":"https:\/\/booksfrommexico.com\/es\/wp-json\/wp\/v2\/product_cat?post=430"},{"taxonomy":"product_tag","embeddable":true,"href":"https:\/\/booksfrommexico.com\/es\/wp-json\/wp\/v2\/product_tag?post=430"}],"curies":[{"name":"wp","href":"https:\/\/api.w.org\/{rel}","templated":true}]}}