{"id":432,"date":"2023-05-08T17:02:20","date_gmt":"2023-05-08T17:02:20","guid":{"rendered":"http:\/\/booksfrommexico.com\/product\/admaiorem-dei-gloriam\/"},"modified":"2025-01-28T19:44:23","modified_gmt":"2025-01-28T19:44:23","slug":"admaiorem-dei-gloriam","status":"publish","type":"product","link":"https:\/\/booksfrommexico.com\/es\/producto\/admaiorem-dei-gloriam\/","title":{"rendered":"Admaiorem dei gloriam"},"content":{"rendered":"<p><span style=\"font-weight: 400;\">Los modelos est\u00e9ticos que los jesuitas impulsaron fueron irradiados desde Roma y Amberes, pero llegaron a ser connaturales al paisaje de Lima y Bah\u00eda; lograron incorporar las expresiones y los saberes filipinos y novohispanos. Esta publicaci\u00f3n busca ayudar a la comprensi\u00f3n de la filosof\u00eda y la espiritualidad que animaron la labor pastoral de los jesuitas y sea ejemplo de los logros alcanzados en el vasto universo cultural de las artes patrocinadas por la Compa\u00f1\u00eda de Jes\u00fas en M\u00e9xico. Aqu\u00ed se concentra una selecci\u00f3n representativa de las obras de la Compa\u00f1\u00eda en cuanto a templos, colegios, misiones y haciendas que fueron base material de la pr\u00e9dica de la espiritualidad ignaciana en M\u00e9xico.<\/span><\/p>\n","protected":false},"excerpt":{"rendered":"<p>ADMAIOREM DEI GLORIAM<span style=\"font-weight: 400;\">. \/ M\u00e9xico, D.F. : Consejo Nacional para la Cultura y las Artes , Fondo Editorial Tierra Adentro ; Universidad Iberoamericana , Biblioteca Francisco Xavier Clavijero, 2003. 271 pages : includes color photos, color illustrations, notes, bibliography ; 33 cm. ISBN : 9688595144.<\/span><\/p>\n","protected":false},"featured_media":431,"template":"","meta":{"_acf_changed":false,"inline_featured_image":false},"product_brand":[],"product_cat":[87,4194],"product_tag":[4044,3671,3841,3729],"class_list":{"0":"post-432","1":"product","2":"type-product","3":"status-publish","4":"has-post-thumbnail","6":"product_cat-arte","7":"product_cat-arte-religioso","8":"product_tag-arte","9":"product_tag-exposiciones","10":"product_tag-jesuitas","11":"product_tag-religion","13":"first","14":"instock","15":"sale","16":"taxable","17":"shipping-taxable","18":"purchasable","19":"product-type-simple"},"acf":[],"yoast_head":"<!-- This site is optimized with the Yoast SEO plugin v27.3 - https:\/\/yoast.com\/product\/yoast-seo-wordpress\/ -->\n<title>Admaiorem dei gloriam<\/title>\n<meta name=\"description\" content=\"ADMAIOREM DEI GLORIAM. \/ M\u00e9xico, D.F. : Consejo Nacional para la Cultura y las Artes , Fondo Editorial Tierra Adentro ; Universidad Iberoamericana, 2003.\" \/>\n<meta name=\"robots\" content=\"index, follow, max-snippet:-1, max-image-preview:large, max-video-preview:-1\" \/>\n<link rel=\"canonical\" href=\"https:\/\/booksfrommexico.com\/es\/producto\/admaiorem-dei-gloriam\/\" \/>\n<meta property=\"og:locale\" content=\"es_ES\" \/>\n<meta property=\"og:type\" content=\"article\" \/>\n<meta property=\"og:title\" content=\"Admaiorem dei gloriam\" \/>\n<meta property=\"og:description\" content=\"ADMAIOREM DEI GLORIAM. \/ M\u00e9xico, D.F. : Consejo Nacional para la Cultura y las Artes , Fondo Editorial Tierra Adentro ; Universidad Iberoamericana, 2003.\" \/>\n<meta property=\"og:url\" content=\"https:\/\/booksfrommexico.com\/es\/producto\/admaiorem-dei-gloriam\/\" \/>\n<meta property=\"og:site_name\" content=\"Books From Mexico\" \/>\n<meta property=\"article:modified_time\" content=\"2025-01-28T19:44:23+00:00\" \/>\n<meta property=\"og:image\" content=\"http:\/\/booksfrommexico.com\/app\/uploads\/2023\/05\/122423.jpeg\" \/>\n\t<meta property=\"og:image:width\" content=\"610\" \/>\n\t<meta property=\"og:image:height\" content=\"851\" \/>\n\t<meta property=\"og:image:type\" content=\"image\/jpeg\" \/>\n<meta name=\"twitter:card\" content=\"summary_large_image\" \/>\n<meta name=\"twitter:label1\" content=\"Tiempo de lectura\" \/>\n\t<meta name=\"twitter:data1\" content=\"1 minuto\" \/>\n<script type=\"application\/ld+json\" class=\"yoast-schema-graph\">{\"@context\":\"https:\\\/\\\/schema.org\",\"@graph\":[{\"@type\":\"WebPage\",\"@id\":\"https:\\\/\\\/booksfrommexico.com\\\/es\\\/producto\\\/admaiorem-dei-gloriam\\\/\",\"url\":\"https:\\\/\\\/booksfrommexico.com\\\/es\\\/producto\\\/admaiorem-dei-gloriam\\\/\",\"name\":\"Admaiorem dei gloriam\",\"isPartOf\":{\"@id\":\"https:\\\/\\\/booksfrommexico.com\\\/#website\"},\"primaryImageOfPage\":{\"@id\":\"https:\\\/\\\/booksfrommexico.com\\\/es\\\/producto\\\/admaiorem-dei-gloriam\\\/#primaryimage\"},\"image\":{\"@id\":\"https:\\\/\\\/booksfrommexico.com\\\/es\\\/producto\\\/admaiorem-dei-gloriam\\\/#primaryimage\"},\"thumbnailUrl\":\"https:\\\/\\\/booksfrommexico.com\\\/app\\\/uploads\\\/2023\\\/05\\\/122423.jpeg\",\"datePublished\":\"2023-05-08T17:02:20+00:00\",\"dateModified\":\"2025-01-28T19:44:23+00:00\",\"description\":\"ADMAIOREM DEI GLORIAM. \\\/ M\u00e9xico, D.F. : Consejo Nacional para la Cultura y las Artes , Fondo Editorial Tierra Adentro ; Universidad Iberoamericana, 2003.\",\"breadcrumb\":{\"@id\":\"https:\\\/\\\/booksfrommexico.com\\\/es\\\/producto\\\/admaiorem-dei-gloriam\\\/#breadcrumb\"},\"inLanguage\":\"es\",\"potentialAction\":[{\"@type\":\"ReadAction\",\"target\":[\"https:\\\/\\\/booksfrommexico.com\\\/es\\\/producto\\\/admaiorem-dei-gloriam\\\/\"]}]},{\"@type\":\"ImageObject\",\"inLanguage\":\"es\",\"@id\":\"https:\\\/\\\/booksfrommexico.com\\\/es\\\/producto\\\/admaiorem-dei-gloriam\\\/#primaryimage\",\"url\":\"https:\\\/\\\/booksfrommexico.com\\\/app\\\/uploads\\\/2023\\\/05\\\/122423.jpeg\",\"contentUrl\":\"https:\\\/\\\/booksfrommexico.com\\\/app\\\/uploads\\\/2023\\\/05\\\/122423.jpeg\",\"width\":610,\"height\":851},{\"@type\":\"BreadcrumbList\",\"@id\":\"https:\\\/\\\/booksfrommexico.com\\\/es\\\/producto\\\/admaiorem-dei-gloriam\\\/#breadcrumb\",\"itemListElement\":[{\"@type\":\"ListItem\",\"position\":1,\"name\":\"Home\",\"item\":\"https:\\\/\\\/booksfrommexico.com\\\/es\\\/\"},{\"@type\":\"ListItem\",\"position\":2,\"name\":\"Libros\",\"item\":\"https:\\\/\\\/booksfrommexico.com\\\/es\\\/libros\\\/\"},{\"@type\":\"ListItem\",\"position\":3,\"name\":\"Admaiorem dei gloriam\"}]},{\"@type\":\"WebSite\",\"@id\":\"https:\\\/\\\/booksfrommexico.com\\\/#website\",\"url\":\"https:\\\/\\\/booksfrommexico.com\\\/\",\"name\":\"Books From Mexico\",\"description\":\"\",\"publisher\":{\"@id\":\"https:\\\/\\\/booksfrommexico.com\\\/#organization\"},\"potentialAction\":[{\"@type\":\"SearchAction\",\"target\":{\"@type\":\"EntryPoint\",\"urlTemplate\":\"https:\\\/\\\/booksfrommexico.com\\\/?s={search_term_string}\"},\"query-input\":{\"@type\":\"PropertyValueSpecification\",\"valueRequired\":true,\"valueName\":\"search_term_string\"}}],\"inLanguage\":\"es\"},{\"@type\":\"Organization\",\"@id\":\"https:\\\/\\\/booksfrommexico.com\\\/#organization\",\"name\":\"Books From Mexico\",\"url\":\"https:\\\/\\\/booksfrommexico.com\\\/\",\"logo\":{\"@type\":\"ImageObject\",\"inLanguage\":\"es\",\"@id\":\"https:\\\/\\\/booksfrommexico.com\\\/#\\\/schema\\\/logo\\\/image\\\/\",\"url\":\"https:\\\/\\\/booksfrommexico.com\\\/app\\\/uploads\\\/2023\\\/05\\\/logo-booksfrommexico.svg\",\"contentUrl\":\"https:\\\/\\\/booksfrommexico.com\\\/app\\\/uploads\\\/2023\\\/05\\\/logo-booksfrommexico.svg\",\"width\":86,\"height\":56,\"caption\":\"Books From Mexico\"},\"image\":{\"@id\":\"https:\\\/\\\/booksfrommexico.com\\\/#\\\/schema\\\/logo\\\/image\\\/\"}}]}<\/script>\n<!-- \/ Yoast SEO plugin. -->","yoast_head_json":{"title":"Admaiorem dei gloriam","description":"ADMAIOREM DEI GLORIAM. \/ M\u00e9xico, D.F. : Consejo Nacional para la Cultura y las Artes , Fondo Editorial Tierra Adentro ; Universidad Iberoamericana, 2003.","robots":{"index":"index","follow":"follow","max-snippet":"max-snippet:-1","max-image-preview":"max-image-preview:large","max-video-preview":"max-video-preview:-1"},"canonical":"https:\/\/booksfrommexico.com\/es\/producto\/admaiorem-dei-gloriam\/","og_locale":"es_ES","og_type":"article","og_title":"Admaiorem dei gloriam","og_description":"ADMAIOREM DEI GLORIAM. \/ M\u00e9xico, D.F. : Consejo Nacional para la Cultura y las Artes , Fondo Editorial Tierra Adentro ; Universidad Iberoamericana, 2003.","og_url":"https:\/\/booksfrommexico.com\/es\/producto\/admaiorem-dei-gloriam\/","og_site_name":"Books From Mexico","article_modified_time":"2025-01-28T19:44:23+00:00","og_image":[{"width":610,"height":851,"url":"http:\/\/booksfrommexico.com\/app\/uploads\/2023\/05\/122423.jpeg","type":"image\/jpeg"}],"twitter_card":"summary_large_image","twitter_misc":{"Tiempo de lectura":"1 minuto"},"schema":{"@context":"https:\/\/schema.org","@graph":[{"@type":"WebPage","@id":"https:\/\/booksfrommexico.com\/es\/producto\/admaiorem-dei-gloriam\/","url":"https:\/\/booksfrommexico.com\/es\/producto\/admaiorem-dei-gloriam\/","name":"Admaiorem dei gloriam","isPartOf":{"@id":"https:\/\/booksfrommexico.com\/#website"},"primaryImageOfPage":{"@id":"https:\/\/booksfrommexico.com\/es\/producto\/admaiorem-dei-gloriam\/#primaryimage"},"image":{"@id":"https:\/\/booksfrommexico.com\/es\/producto\/admaiorem-dei-gloriam\/#primaryimage"},"thumbnailUrl":"https:\/\/booksfrommexico.com\/app\/uploads\/2023\/05\/122423.jpeg","datePublished":"2023-05-08T17:02:20+00:00","dateModified":"2025-01-28T19:44:23+00:00","description":"ADMAIOREM DEI GLORIAM. \/ M\u00e9xico, D.F. : Consejo Nacional para la Cultura y las Artes , Fondo Editorial Tierra Adentro ; Universidad Iberoamericana, 2003.","breadcrumb":{"@id":"https:\/\/booksfrommexico.com\/es\/producto\/admaiorem-dei-gloriam\/#breadcrumb"},"inLanguage":"es","potentialAction":[{"@type":"ReadAction","target":["https:\/\/booksfrommexico.com\/es\/producto\/admaiorem-dei-gloriam\/"]}]},{"@type":"ImageObject","inLanguage":"es","@id":"https:\/\/booksfrommexico.com\/es\/producto\/admaiorem-dei-gloriam\/#primaryimage","url":"https:\/\/booksfrommexico.com\/app\/uploads\/2023\/05\/122423.jpeg","contentUrl":"https:\/\/booksfrommexico.com\/app\/uploads\/2023\/05\/122423.jpeg","width":610,"height":851},{"@type":"BreadcrumbList","@id":"https:\/\/booksfrommexico.com\/es\/producto\/admaiorem-dei-gloriam\/#breadcrumb","itemListElement":[{"@type":"ListItem","position":1,"name":"Home","item":"https:\/\/booksfrommexico.com\/es\/"},{"@type":"ListItem","position":2,"name":"Libros","item":"https:\/\/booksfrommexico.com\/es\/libros\/"},{"@type":"ListItem","position":3,"name":"Admaiorem dei gloriam"}]},{"@type":"WebSite","@id":"https:\/\/booksfrommexico.com\/#website","url":"https:\/\/booksfrommexico.com\/","name":"Books From Mexico","description":"","publisher":{"@id":"https:\/\/booksfrommexico.com\/#organization"},"potentialAction":[{"@type":"SearchAction","target":{"@type":"EntryPoint","urlTemplate":"https:\/\/booksfrommexico.com\/?s={search_term_string}"},"query-input":{"@type":"PropertyValueSpecification","valueRequired":true,"valueName":"search_term_string"}}],"inLanguage":"es"},{"@type":"Organization","@id":"https:\/\/booksfrommexico.com\/#organization","name":"Books From Mexico","url":"https:\/\/booksfrommexico.com\/","logo":{"@type":"ImageObject","inLanguage":"es","@id":"https:\/\/booksfrommexico.com\/#\/schema\/logo\/image\/","url":"https:\/\/booksfrommexico.com\/app\/uploads\/2023\/05\/logo-booksfrommexico.svg","contentUrl":"https:\/\/booksfrommexico.com\/app\/uploads\/2023\/05\/logo-booksfrommexico.svg","width":86,"height":56,"caption":"Books From Mexico"},"image":{"@id":"https:\/\/booksfrommexico.com\/#\/schema\/logo\/image\/"}}]}},"_links":{"self":[{"href":"https:\/\/booksfrommexico.com\/es\/wp-json\/wp\/v2\/product\/432","targetHints":{"allow":["GET"]}}],"collection":[{"href":"https:\/\/booksfrommexico.com\/es\/wp-json\/wp\/v2\/product"}],"about":[{"href":"https:\/\/booksfrommexico.com\/es\/wp-json\/wp\/v2\/types\/product"}],"wp:featuredmedia":[{"embeddable":true,"href":"https:\/\/booksfrommexico.com\/es\/wp-json\/wp\/v2\/media\/431"}],"wp:attachment":[{"href":"https:\/\/booksfrommexico.com\/es\/wp-json\/wp\/v2\/media?parent=432"}],"wp:term":[{"taxonomy":"product_brand","embeddable":true,"href":"https:\/\/booksfrommexico.com\/es\/wp-json\/wp\/v2\/product_brand?post=432"},{"taxonomy":"product_cat","embeddable":true,"href":"https:\/\/booksfrommexico.com\/es\/wp-json\/wp\/v2\/product_cat?post=432"},{"taxonomy":"product_tag","embeddable":true,"href":"https:\/\/booksfrommexico.com\/es\/wp-json\/wp\/v2\/product_tag?post=432"}],"curies":[{"name":"wp","href":"https:\/\/api.w.org\/{rel}","templated":true}]}}