{"id":436,"date":"2023-05-08T17:02:23","date_gmt":"2023-05-08T17:02:23","guid":{"rendered":"http:\/\/booksfrommexico.com\/product\/el-mundo-ilustrado-de-rafael-reyes-spindola\/"},"modified":"2024-10-24T23:15:29","modified_gmt":"2024-10-24T23:15:29","slug":"el-mundo-ilustrado-de-rafael-reyes-spindola","status":"publish","type":"product","link":"https:\/\/booksfrommexico.com\/es\/producto\/el-mundo-ilustrado-de-rafael-reyes-spindola\/","title":{"rendered":"El mundo ilustrado de Rafael Reyes Sp\u00edndola"},"content":{"rendered":"<p><i><span style=\"font-weight: 400;\">El mundo ilustrado <\/span><\/i><span style=\"font-weight: 400;\">fue una revista semanal impresa de la sociedad mexicana de finales del siglo XIX y principios del XX, que se propuso encontrar nuevas formas de comunicaci\u00f3n y difusi\u00f3n, reuniendo, con el paso de los a\u00f1os, a una muy variada cantidad de pensadores, escritores y artistas m\u00e1s relevantes del momento. En sus p\u00e1ginas qued\u00f3 un valioso registro de la actividad pol\u00edtica en la capital del pa\u00eds, de los avances y hallazgos cient\u00edficos, de las m\u00e1s destacadas actividades musicales y teatrales. En este t\u00edtulo se realiz\u00f3 una investigaci\u00f3n reflexiva del archivo de las entregas de esta revista entre 1894 y 1908, las cuales muestran el legado de una generaci\u00f3n de creadores.<\/span><\/p>\n<p><br style=\"font-weight: 400;\" \/><br style=\"font-weight: 400;\" \/><\/p>\n","protected":false},"excerpt":{"rendered":"<p>EL MUNDO ILUSTRADO DE RAFAEL REYES SP\u00cdNDOLA<span style=\"font-weight: 400;\">. \/ Antonio Saborit. M\u00e9xico, D.F. : Centro de Estudios de Historia de M\u00e9xico Condumex ; Grupo Carso, 2003. 287 pages : includes photos, music sheets, illustrations, bibliographic notes, bibliography ; 33 cm. ISBN : 9686815228. <\/span><\/p>\n","protected":false},"featured_media":435,"template":"","meta":{"_acf_changed":false,"inline_featured_image":false},"product_brand":[],"product_cat":[87,4267],"product_tag":[4398,4538,3769],"class_list":{"0":"post-436","1":"product","2":"type-product","3":"status-publish","4":"has-post-thumbnail","6":"product_cat-arte","7":"product_cat-historia-del-arte","8":"product_tag-historia-mexico","9":"product_tag-historia-del-arte","10":"product_tag-obras-ilustradas","12":"first","13":"instock","14":"sale","15":"taxable","16":"shipping-taxable","17":"purchasable","18":"product-type-simple"},"acf":[],"yoast_head":"<!-- This site is optimized with the Yoast SEO plugin v27.3 - https:\/\/yoast.com\/product\/yoast-seo-wordpress\/ -->\n<title>El Mundo ilustrado de Rafael Reyes Sp\u00edndola<\/title>\n<meta name=\"description\" content=\"EL MUNDO ILUSTRADO DE RAFAEL REYES SP\u00cdNDOLA. \/ Antonio Saborit. M\u00e9xico, D.F. : Centro de Estudios de Historia de M\u00e9xico Condumex ; Grupo Carso, 2003.\" \/>\n<meta name=\"robots\" content=\"index, follow, max-snippet:-1, max-image-preview:large, max-video-preview:-1\" \/>\n<link rel=\"canonical\" href=\"https:\/\/booksfrommexico.com\/es\/producto\/el-mundo-ilustrado-de-rafael-reyes-spindola\/\" \/>\n<meta property=\"og:locale\" content=\"es_ES\" \/>\n<meta property=\"og:type\" content=\"article\" \/>\n<meta property=\"og:title\" content=\"El Mundo ilustrado de Rafael Reyes Sp\u00edndola\" \/>\n<meta property=\"og:description\" content=\"EL MUNDO ILUSTRADO DE RAFAEL REYES SP\u00cdNDOLA. \/ Antonio Saborit. M\u00e9xico, D.F. : Centro de Estudios de Historia de M\u00e9xico Condumex ; Grupo Carso, 2003.\" \/>\n<meta property=\"og:url\" content=\"https:\/\/booksfrommexico.com\/es\/producto\/el-mundo-ilustrado-de-rafael-reyes-spindola\/\" \/>\n<meta property=\"og:site_name\" content=\"Books From Mexico\" \/>\n<meta property=\"article:modified_time\" content=\"2024-10-24T23:15:29+00:00\" \/>\n<meta property=\"og:image\" content=\"http:\/\/booksfrommexico.com\/app\/uploads\/2023\/05\/121938.jpeg\" \/>\n\t<meta property=\"og:image:width\" content=\"624\" \/>\n\t<meta property=\"og:image:height\" content=\"868\" \/>\n\t<meta property=\"og:image:type\" content=\"image\/jpeg\" \/>\n<meta name=\"twitter:card\" content=\"summary_large_image\" \/>\n<meta name=\"twitter:label1\" content=\"Tiempo de lectura\" \/>\n\t<meta name=\"twitter:data1\" content=\"1 minuto\" \/>\n<script type=\"application\/ld+json\" class=\"yoast-schema-graph\">{\"@context\":\"https:\\\/\\\/schema.org\",\"@graph\":[{\"@type\":\"WebPage\",\"@id\":\"https:\\\/\\\/booksfrommexico.com\\\/es\\\/producto\\\/el-mundo-ilustrado-de-rafael-reyes-spindola\\\/\",\"url\":\"https:\\\/\\\/booksfrommexico.com\\\/es\\\/producto\\\/el-mundo-ilustrado-de-rafael-reyes-spindola\\\/\",\"name\":\"El Mundo ilustrado de Rafael Reyes Sp\u00edndola\",\"isPartOf\":{\"@id\":\"https:\\\/\\\/booksfrommexico.com\\\/#website\"},\"primaryImageOfPage\":{\"@id\":\"https:\\\/\\\/booksfrommexico.com\\\/es\\\/producto\\\/el-mundo-ilustrado-de-rafael-reyes-spindola\\\/#primaryimage\"},\"image\":{\"@id\":\"https:\\\/\\\/booksfrommexico.com\\\/es\\\/producto\\\/el-mundo-ilustrado-de-rafael-reyes-spindola\\\/#primaryimage\"},\"thumbnailUrl\":\"https:\\\/\\\/booksfrommexico.com\\\/app\\\/uploads\\\/2023\\\/05\\\/121938.jpeg\",\"datePublished\":\"2023-05-08T17:02:23+00:00\",\"dateModified\":\"2024-10-24T23:15:29+00:00\",\"description\":\"EL MUNDO ILUSTRADO DE RAFAEL REYES SP\u00cdNDOLA. \\\/ Antonio Saborit. M\u00e9xico, D.F. : Centro de Estudios de Historia de M\u00e9xico Condumex ; Grupo Carso, 2003.\",\"breadcrumb\":{\"@id\":\"https:\\\/\\\/booksfrommexico.com\\\/es\\\/producto\\\/el-mundo-ilustrado-de-rafael-reyes-spindola\\\/#breadcrumb\"},\"inLanguage\":\"es\",\"potentialAction\":[{\"@type\":\"ReadAction\",\"target\":[\"https:\\\/\\\/booksfrommexico.com\\\/es\\\/producto\\\/el-mundo-ilustrado-de-rafael-reyes-spindola\\\/\"]}]},{\"@type\":\"ImageObject\",\"inLanguage\":\"es\",\"@id\":\"https:\\\/\\\/booksfrommexico.com\\\/es\\\/producto\\\/el-mundo-ilustrado-de-rafael-reyes-spindola\\\/#primaryimage\",\"url\":\"https:\\\/\\\/booksfrommexico.com\\\/app\\\/uploads\\\/2023\\\/05\\\/121938.jpeg\",\"contentUrl\":\"https:\\\/\\\/booksfrommexico.com\\\/app\\\/uploads\\\/2023\\\/05\\\/121938.jpeg\",\"width\":624,\"height\":868},{\"@type\":\"BreadcrumbList\",\"@id\":\"https:\\\/\\\/booksfrommexico.com\\\/es\\\/producto\\\/el-mundo-ilustrado-de-rafael-reyes-spindola\\\/#breadcrumb\",\"itemListElement\":[{\"@type\":\"ListItem\",\"position\":1,\"name\":\"Home\",\"item\":\"https:\\\/\\\/booksfrommexico.com\\\/es\\\/\"},{\"@type\":\"ListItem\",\"position\":2,\"name\":\"Libros\",\"item\":\"https:\\\/\\\/booksfrommexico.com\\\/es\\\/libros\\\/\"},{\"@type\":\"ListItem\",\"position\":3,\"name\":\"El mundo ilustrado de Rafael Reyes Sp\u00edndola\"}]},{\"@type\":\"WebSite\",\"@id\":\"https:\\\/\\\/booksfrommexico.com\\\/#website\",\"url\":\"https:\\\/\\\/booksfrommexico.com\\\/\",\"name\":\"Books From Mexico\",\"description\":\"\",\"publisher\":{\"@id\":\"https:\\\/\\\/booksfrommexico.com\\\/#organization\"},\"potentialAction\":[{\"@type\":\"SearchAction\",\"target\":{\"@type\":\"EntryPoint\",\"urlTemplate\":\"https:\\\/\\\/booksfrommexico.com\\\/?s={search_term_string}\"},\"query-input\":{\"@type\":\"PropertyValueSpecification\",\"valueRequired\":true,\"valueName\":\"search_term_string\"}}],\"inLanguage\":\"es\"},{\"@type\":\"Organization\",\"@id\":\"https:\\\/\\\/booksfrommexico.com\\\/#organization\",\"name\":\"Books From Mexico\",\"url\":\"https:\\\/\\\/booksfrommexico.com\\\/\",\"logo\":{\"@type\":\"ImageObject\",\"inLanguage\":\"es\",\"@id\":\"https:\\\/\\\/booksfrommexico.com\\\/#\\\/schema\\\/logo\\\/image\\\/\",\"url\":\"https:\\\/\\\/booksfrommexico.com\\\/app\\\/uploads\\\/2023\\\/05\\\/logo-booksfrommexico.svg\",\"contentUrl\":\"https:\\\/\\\/booksfrommexico.com\\\/app\\\/uploads\\\/2023\\\/05\\\/logo-booksfrommexico.svg\",\"width\":86,\"height\":56,\"caption\":\"Books From Mexico\"},\"image\":{\"@id\":\"https:\\\/\\\/booksfrommexico.com\\\/#\\\/schema\\\/logo\\\/image\\\/\"}}]}<\/script>\n<!-- \/ Yoast SEO plugin. -->","yoast_head_json":{"title":"El Mundo ilustrado de Rafael Reyes Sp\u00edndola","description":"EL MUNDO ILUSTRADO DE RAFAEL REYES SP\u00cdNDOLA. \/ Antonio Saborit. M\u00e9xico, D.F. : Centro de Estudios de Historia de M\u00e9xico Condumex ; Grupo Carso, 2003.","robots":{"index":"index","follow":"follow","max-snippet":"max-snippet:-1","max-image-preview":"max-image-preview:large","max-video-preview":"max-video-preview:-1"},"canonical":"https:\/\/booksfrommexico.com\/es\/producto\/el-mundo-ilustrado-de-rafael-reyes-spindola\/","og_locale":"es_ES","og_type":"article","og_title":"El Mundo ilustrado de Rafael Reyes Sp\u00edndola","og_description":"EL MUNDO ILUSTRADO DE RAFAEL REYES SP\u00cdNDOLA. \/ Antonio Saborit. M\u00e9xico, D.F. : Centro de Estudios de Historia de M\u00e9xico Condumex ; Grupo Carso, 2003.","og_url":"https:\/\/booksfrommexico.com\/es\/producto\/el-mundo-ilustrado-de-rafael-reyes-spindola\/","og_site_name":"Books From Mexico","article_modified_time":"2024-10-24T23:15:29+00:00","og_image":[{"width":624,"height":868,"url":"http:\/\/booksfrommexico.com\/app\/uploads\/2023\/05\/121938.jpeg","type":"image\/jpeg"}],"twitter_card":"summary_large_image","twitter_misc":{"Tiempo de lectura":"1 minuto"},"schema":{"@context":"https:\/\/schema.org","@graph":[{"@type":"WebPage","@id":"https:\/\/booksfrommexico.com\/es\/producto\/el-mundo-ilustrado-de-rafael-reyes-spindola\/","url":"https:\/\/booksfrommexico.com\/es\/producto\/el-mundo-ilustrado-de-rafael-reyes-spindola\/","name":"El Mundo ilustrado de Rafael Reyes Sp\u00edndola","isPartOf":{"@id":"https:\/\/booksfrommexico.com\/#website"},"primaryImageOfPage":{"@id":"https:\/\/booksfrommexico.com\/es\/producto\/el-mundo-ilustrado-de-rafael-reyes-spindola\/#primaryimage"},"image":{"@id":"https:\/\/booksfrommexico.com\/es\/producto\/el-mundo-ilustrado-de-rafael-reyes-spindola\/#primaryimage"},"thumbnailUrl":"https:\/\/booksfrommexico.com\/app\/uploads\/2023\/05\/121938.jpeg","datePublished":"2023-05-08T17:02:23+00:00","dateModified":"2024-10-24T23:15:29+00:00","description":"EL MUNDO ILUSTRADO DE RAFAEL REYES SP\u00cdNDOLA. \/ Antonio Saborit. M\u00e9xico, D.F. : Centro de Estudios de Historia de M\u00e9xico Condumex ; Grupo Carso, 2003.","breadcrumb":{"@id":"https:\/\/booksfrommexico.com\/es\/producto\/el-mundo-ilustrado-de-rafael-reyes-spindola\/#breadcrumb"},"inLanguage":"es","potentialAction":[{"@type":"ReadAction","target":["https:\/\/booksfrommexico.com\/es\/producto\/el-mundo-ilustrado-de-rafael-reyes-spindola\/"]}]},{"@type":"ImageObject","inLanguage":"es","@id":"https:\/\/booksfrommexico.com\/es\/producto\/el-mundo-ilustrado-de-rafael-reyes-spindola\/#primaryimage","url":"https:\/\/booksfrommexico.com\/app\/uploads\/2023\/05\/121938.jpeg","contentUrl":"https:\/\/booksfrommexico.com\/app\/uploads\/2023\/05\/121938.jpeg","width":624,"height":868},{"@type":"BreadcrumbList","@id":"https:\/\/booksfrommexico.com\/es\/producto\/el-mundo-ilustrado-de-rafael-reyes-spindola\/#breadcrumb","itemListElement":[{"@type":"ListItem","position":1,"name":"Home","item":"https:\/\/booksfrommexico.com\/es\/"},{"@type":"ListItem","position":2,"name":"Libros","item":"https:\/\/booksfrommexico.com\/es\/libros\/"},{"@type":"ListItem","position":3,"name":"El mundo ilustrado de Rafael Reyes Sp\u00edndola"}]},{"@type":"WebSite","@id":"https:\/\/booksfrommexico.com\/#website","url":"https:\/\/booksfrommexico.com\/","name":"Books From Mexico","description":"","publisher":{"@id":"https:\/\/booksfrommexico.com\/#organization"},"potentialAction":[{"@type":"SearchAction","target":{"@type":"EntryPoint","urlTemplate":"https:\/\/booksfrommexico.com\/?s={search_term_string}"},"query-input":{"@type":"PropertyValueSpecification","valueRequired":true,"valueName":"search_term_string"}}],"inLanguage":"es"},{"@type":"Organization","@id":"https:\/\/booksfrommexico.com\/#organization","name":"Books From Mexico","url":"https:\/\/booksfrommexico.com\/","logo":{"@type":"ImageObject","inLanguage":"es","@id":"https:\/\/booksfrommexico.com\/#\/schema\/logo\/image\/","url":"https:\/\/booksfrommexico.com\/app\/uploads\/2023\/05\/logo-booksfrommexico.svg","contentUrl":"https:\/\/booksfrommexico.com\/app\/uploads\/2023\/05\/logo-booksfrommexico.svg","width":86,"height":56,"caption":"Books From Mexico"},"image":{"@id":"https:\/\/booksfrommexico.com\/#\/schema\/logo\/image\/"}}]}},"_links":{"self":[{"href":"https:\/\/booksfrommexico.com\/es\/wp-json\/wp\/v2\/product\/436","targetHints":{"allow":["GET"]}}],"collection":[{"href":"https:\/\/booksfrommexico.com\/es\/wp-json\/wp\/v2\/product"}],"about":[{"href":"https:\/\/booksfrommexico.com\/es\/wp-json\/wp\/v2\/types\/product"}],"wp:featuredmedia":[{"embeddable":true,"href":"https:\/\/booksfrommexico.com\/es\/wp-json\/wp\/v2\/media\/435"}],"wp:attachment":[{"href":"https:\/\/booksfrommexico.com\/es\/wp-json\/wp\/v2\/media?parent=436"}],"wp:term":[{"taxonomy":"product_brand","embeddable":true,"href":"https:\/\/booksfrommexico.com\/es\/wp-json\/wp\/v2\/product_brand?post=436"},{"taxonomy":"product_cat","embeddable":true,"href":"https:\/\/booksfrommexico.com\/es\/wp-json\/wp\/v2\/product_cat?post=436"},{"taxonomy":"product_tag","embeddable":true,"href":"https:\/\/booksfrommexico.com\/es\/wp-json\/wp\/v2\/product_tag?post=436"}],"curies":[{"name":"wp","href":"https:\/\/api.w.org\/{rel}","templated":true}]}}