{"id":438,"date":"2023-05-08T17:02:25","date_gmt":"2023-05-08T17:02:25","guid":{"rendered":"http:\/\/booksfrommexico.com\/product\/guadalupe\/"},"modified":"2024-10-24T23:42:46","modified_gmt":"2024-10-24T23:42:46","slug":"guadalupe","status":"publish","type":"product","link":"https:\/\/booksfrommexico.com\/es\/producto\/guadalupe\/","title":{"rendered":"Guadalupe"},"content":{"rendered":"<p><span style=\"font-weight: 400;\">Esta investigaci\u00f3n presenta una serie de antecedentes hist\u00f3ricos, cosmovisi\u00f3n, evoluci\u00f3n y representaciones de la Virgen de Guadalupe en M\u00e9xico, transmitiendo la importancia del culto a esta figura que se tiene a lo largo del pa\u00eds. Aqu\u00ed, adem\u00e1s, se contextualizan otras figuras sagradas femeninas anteriores a la colonizaci\u00f3n, tales como deidades y diosas antiguas, las cuales quedaron de lado tras la adopci\u00f3n de la virgen de Guadalupe por parte de las culturas ind\u00edgenas. Esta edici\u00f3n est\u00e1 realizada en su totalidad en el idioma ingl\u00e9s, recopila fotograf\u00edas, ilustraciones, pinturas y grabados, todos a color. <\/span><\/p>\n","protected":false},"excerpt":{"rendered":"<p>GUADALUPE<span style=\"font-weight: 400;\">. \/ Carla Zarebska ; Alejandro G\u00f3mez de Tuddo (photos). Oaxaca, M\u00e9xico: [Author], 2002. 358 pages : includes color photos, bibliography ; 25 cm. ISBN : 9709161555. <\/span><\/p>\n","protected":false},"featured_media":437,"template":"","meta":{"_acf_changed":false,"inline_featured_image":false},"product_brand":[],"product_cat":[524,158],"product_tag":[4398,4541,3729,3762],"class_list":{"0":"post-438","1":"product","2":"type-product","3":"status-publish","4":"has-post-thumbnail","6":"product_cat-expresiones-sociales-de-la-religion-religion-y-sociedad","7":"product_cat-religion-y-sociedad","8":"product_tag-historia-mexico","9":"product_tag-historia-y-sociedad","10":"product_tag-religion","11":"product_tag-vida-religiosa-y-costumbres","13":"first","14":"instock","15":"sale","16":"taxable","17":"shipping-taxable","18":"purchasable","19":"product-type-simple"},"acf":[],"yoast_head":"<!-- This site is optimized with the Yoast SEO plugin v27.3 - https:\/\/yoast.com\/product\/yoast-seo-wordpress\/ -->\n<title>Guadalupe<\/title>\n<meta name=\"description\" content=\"GUADALUPE. \/ Carla Zarebska ; Alejandro G\u00f3mez de Tuddo (photos). Oaxaca, M\u00e9xico: [Author], 2002. 358 pages ; 25 cm. ISBN : 9709161555.\" \/>\n<meta name=\"robots\" content=\"index, follow, max-snippet:-1, max-image-preview:large, max-video-preview:-1\" \/>\n<link rel=\"canonical\" href=\"https:\/\/booksfrommexico.com\/es\/producto\/guadalupe\/\" \/>\n<meta property=\"og:locale\" content=\"es_ES\" \/>\n<meta property=\"og:type\" content=\"article\" \/>\n<meta property=\"og:title\" content=\"Guadalupe\" \/>\n<meta property=\"og:description\" content=\"GUADALUPE. \/ Carla Zarebska ; Alejandro G\u00f3mez de Tuddo (photos). Oaxaca, M\u00e9xico: [Author], 2002. 358 pages ; 25 cm. ISBN : 9709161555.\" \/>\n<meta property=\"og:url\" content=\"https:\/\/booksfrommexico.com\/es\/producto\/guadalupe\/\" \/>\n<meta property=\"og:site_name\" content=\"Books From Mexico\" \/>\n<meta property=\"article:modified_time\" content=\"2024-10-24T23:42:46+00:00\" \/>\n<meta property=\"og:image\" content=\"http:\/\/booksfrommexico.com\/app\/uploads\/2023\/05\/122001.jpeg\" \/>\n\t<meta property=\"og:image:width\" content=\"621\" \/>\n\t<meta property=\"og:image:height\" content=\"724\" \/>\n\t<meta property=\"og:image:type\" content=\"image\/jpeg\" \/>\n<meta name=\"twitter:card\" content=\"summary_large_image\" \/>\n<meta name=\"twitter:label1\" content=\"Tiempo de lectura\" \/>\n\t<meta name=\"twitter:data1\" content=\"1 minuto\" \/>\n<script type=\"application\/ld+json\" class=\"yoast-schema-graph\">{\"@context\":\"https:\\\/\\\/schema.org\",\"@graph\":[{\"@type\":\"WebPage\",\"@id\":\"https:\\\/\\\/booksfrommexico.com\\\/es\\\/producto\\\/guadalupe\\\/\",\"url\":\"https:\\\/\\\/booksfrommexico.com\\\/es\\\/producto\\\/guadalupe\\\/\",\"name\":\"Guadalupe\",\"isPartOf\":{\"@id\":\"https:\\\/\\\/booksfrommexico.com\\\/#website\"},\"primaryImageOfPage\":{\"@id\":\"https:\\\/\\\/booksfrommexico.com\\\/es\\\/producto\\\/guadalupe\\\/#primaryimage\"},\"image\":{\"@id\":\"https:\\\/\\\/booksfrommexico.com\\\/es\\\/producto\\\/guadalupe\\\/#primaryimage\"},\"thumbnailUrl\":\"https:\\\/\\\/booksfrommexico.com\\\/app\\\/uploads\\\/2023\\\/05\\\/122001.jpeg\",\"datePublished\":\"2023-05-08T17:02:25+00:00\",\"dateModified\":\"2024-10-24T23:42:46+00:00\",\"description\":\"GUADALUPE. \\\/ Carla Zarebska ; Alejandro G\u00f3mez de Tuddo (photos). Oaxaca, M\u00e9xico: [Author], 2002. 358 pages ; 25 cm. ISBN : 9709161555.\",\"breadcrumb\":{\"@id\":\"https:\\\/\\\/booksfrommexico.com\\\/es\\\/producto\\\/guadalupe\\\/#breadcrumb\"},\"inLanguage\":\"es\",\"potentialAction\":[{\"@type\":\"ReadAction\",\"target\":[\"https:\\\/\\\/booksfrommexico.com\\\/es\\\/producto\\\/guadalupe\\\/\"]}]},{\"@type\":\"ImageObject\",\"inLanguage\":\"es\",\"@id\":\"https:\\\/\\\/booksfrommexico.com\\\/es\\\/producto\\\/guadalupe\\\/#primaryimage\",\"url\":\"https:\\\/\\\/booksfrommexico.com\\\/app\\\/uploads\\\/2023\\\/05\\\/122001.jpeg\",\"contentUrl\":\"https:\\\/\\\/booksfrommexico.com\\\/app\\\/uploads\\\/2023\\\/05\\\/122001.jpeg\",\"width\":621,\"height\":724},{\"@type\":\"BreadcrumbList\",\"@id\":\"https:\\\/\\\/booksfrommexico.com\\\/es\\\/producto\\\/guadalupe\\\/#breadcrumb\",\"itemListElement\":[{\"@type\":\"ListItem\",\"position\":1,\"name\":\"Home\",\"item\":\"https:\\\/\\\/booksfrommexico.com\\\/es\\\/\"},{\"@type\":\"ListItem\",\"position\":2,\"name\":\"Libros\",\"item\":\"https:\\\/\\\/booksfrommexico.com\\\/es\\\/libros\\\/\"},{\"@type\":\"ListItem\",\"position\":3,\"name\":\"Guadalupe\"}]},{\"@type\":\"WebSite\",\"@id\":\"https:\\\/\\\/booksfrommexico.com\\\/#website\",\"url\":\"https:\\\/\\\/booksfrommexico.com\\\/\",\"name\":\"Books From Mexico\",\"description\":\"\",\"publisher\":{\"@id\":\"https:\\\/\\\/booksfrommexico.com\\\/#organization\"},\"potentialAction\":[{\"@type\":\"SearchAction\",\"target\":{\"@type\":\"EntryPoint\",\"urlTemplate\":\"https:\\\/\\\/booksfrommexico.com\\\/?s={search_term_string}\"},\"query-input\":{\"@type\":\"PropertyValueSpecification\",\"valueRequired\":true,\"valueName\":\"search_term_string\"}}],\"inLanguage\":\"es\"},{\"@type\":\"Organization\",\"@id\":\"https:\\\/\\\/booksfrommexico.com\\\/#organization\",\"name\":\"Books From Mexico\",\"url\":\"https:\\\/\\\/booksfrommexico.com\\\/\",\"logo\":{\"@type\":\"ImageObject\",\"inLanguage\":\"es\",\"@id\":\"https:\\\/\\\/booksfrommexico.com\\\/#\\\/schema\\\/logo\\\/image\\\/\",\"url\":\"https:\\\/\\\/booksfrommexico.com\\\/app\\\/uploads\\\/2023\\\/05\\\/logo-booksfrommexico.svg\",\"contentUrl\":\"https:\\\/\\\/booksfrommexico.com\\\/app\\\/uploads\\\/2023\\\/05\\\/logo-booksfrommexico.svg\",\"width\":86,\"height\":56,\"caption\":\"Books From Mexico\"},\"image\":{\"@id\":\"https:\\\/\\\/booksfrommexico.com\\\/#\\\/schema\\\/logo\\\/image\\\/\"}}]}<\/script>\n<!-- \/ Yoast SEO plugin. -->","yoast_head_json":{"title":"Guadalupe","description":"GUADALUPE. \/ Carla Zarebska ; Alejandro G\u00f3mez de Tuddo (photos). Oaxaca, M\u00e9xico: [Author], 2002. 358 pages ; 25 cm. ISBN : 9709161555.","robots":{"index":"index","follow":"follow","max-snippet":"max-snippet:-1","max-image-preview":"max-image-preview:large","max-video-preview":"max-video-preview:-1"},"canonical":"https:\/\/booksfrommexico.com\/es\/producto\/guadalupe\/","og_locale":"es_ES","og_type":"article","og_title":"Guadalupe","og_description":"GUADALUPE. \/ Carla Zarebska ; Alejandro G\u00f3mez de Tuddo (photos). Oaxaca, M\u00e9xico: [Author], 2002. 358 pages ; 25 cm. ISBN : 9709161555.","og_url":"https:\/\/booksfrommexico.com\/es\/producto\/guadalupe\/","og_site_name":"Books From Mexico","article_modified_time":"2024-10-24T23:42:46+00:00","og_image":[{"width":621,"height":724,"url":"http:\/\/booksfrommexico.com\/app\/uploads\/2023\/05\/122001.jpeg","type":"image\/jpeg"}],"twitter_card":"summary_large_image","twitter_misc":{"Tiempo de lectura":"1 minuto"},"schema":{"@context":"https:\/\/schema.org","@graph":[{"@type":"WebPage","@id":"https:\/\/booksfrommexico.com\/es\/producto\/guadalupe\/","url":"https:\/\/booksfrommexico.com\/es\/producto\/guadalupe\/","name":"Guadalupe","isPartOf":{"@id":"https:\/\/booksfrommexico.com\/#website"},"primaryImageOfPage":{"@id":"https:\/\/booksfrommexico.com\/es\/producto\/guadalupe\/#primaryimage"},"image":{"@id":"https:\/\/booksfrommexico.com\/es\/producto\/guadalupe\/#primaryimage"},"thumbnailUrl":"https:\/\/booksfrommexico.com\/app\/uploads\/2023\/05\/122001.jpeg","datePublished":"2023-05-08T17:02:25+00:00","dateModified":"2024-10-24T23:42:46+00:00","description":"GUADALUPE. \/ Carla Zarebska ; Alejandro G\u00f3mez de Tuddo (photos). Oaxaca, M\u00e9xico: [Author], 2002. 358 pages ; 25 cm. ISBN : 9709161555.","breadcrumb":{"@id":"https:\/\/booksfrommexico.com\/es\/producto\/guadalupe\/#breadcrumb"},"inLanguage":"es","potentialAction":[{"@type":"ReadAction","target":["https:\/\/booksfrommexico.com\/es\/producto\/guadalupe\/"]}]},{"@type":"ImageObject","inLanguage":"es","@id":"https:\/\/booksfrommexico.com\/es\/producto\/guadalupe\/#primaryimage","url":"https:\/\/booksfrommexico.com\/app\/uploads\/2023\/05\/122001.jpeg","contentUrl":"https:\/\/booksfrommexico.com\/app\/uploads\/2023\/05\/122001.jpeg","width":621,"height":724},{"@type":"BreadcrumbList","@id":"https:\/\/booksfrommexico.com\/es\/producto\/guadalupe\/#breadcrumb","itemListElement":[{"@type":"ListItem","position":1,"name":"Home","item":"https:\/\/booksfrommexico.com\/es\/"},{"@type":"ListItem","position":2,"name":"Libros","item":"https:\/\/booksfrommexico.com\/es\/libros\/"},{"@type":"ListItem","position":3,"name":"Guadalupe"}]},{"@type":"WebSite","@id":"https:\/\/booksfrommexico.com\/#website","url":"https:\/\/booksfrommexico.com\/","name":"Books From Mexico","description":"","publisher":{"@id":"https:\/\/booksfrommexico.com\/#organization"},"potentialAction":[{"@type":"SearchAction","target":{"@type":"EntryPoint","urlTemplate":"https:\/\/booksfrommexico.com\/?s={search_term_string}"},"query-input":{"@type":"PropertyValueSpecification","valueRequired":true,"valueName":"search_term_string"}}],"inLanguage":"es"},{"@type":"Organization","@id":"https:\/\/booksfrommexico.com\/#organization","name":"Books From Mexico","url":"https:\/\/booksfrommexico.com\/","logo":{"@type":"ImageObject","inLanguage":"es","@id":"https:\/\/booksfrommexico.com\/#\/schema\/logo\/image\/","url":"https:\/\/booksfrommexico.com\/app\/uploads\/2023\/05\/logo-booksfrommexico.svg","contentUrl":"https:\/\/booksfrommexico.com\/app\/uploads\/2023\/05\/logo-booksfrommexico.svg","width":86,"height":56,"caption":"Books From Mexico"},"image":{"@id":"https:\/\/booksfrommexico.com\/#\/schema\/logo\/image\/"}}]}},"_links":{"self":[{"href":"https:\/\/booksfrommexico.com\/es\/wp-json\/wp\/v2\/product\/438","targetHints":{"allow":["GET"]}}],"collection":[{"href":"https:\/\/booksfrommexico.com\/es\/wp-json\/wp\/v2\/product"}],"about":[{"href":"https:\/\/booksfrommexico.com\/es\/wp-json\/wp\/v2\/types\/product"}],"wp:featuredmedia":[{"embeddable":true,"href":"https:\/\/booksfrommexico.com\/es\/wp-json\/wp\/v2\/media\/437"}],"wp:attachment":[{"href":"https:\/\/booksfrommexico.com\/es\/wp-json\/wp\/v2\/media?parent=438"}],"wp:term":[{"taxonomy":"product_brand","embeddable":true,"href":"https:\/\/booksfrommexico.com\/es\/wp-json\/wp\/v2\/product_brand?post=438"},{"taxonomy":"product_cat","embeddable":true,"href":"https:\/\/booksfrommexico.com\/es\/wp-json\/wp\/v2\/product_cat?post=438"},{"taxonomy":"product_tag","embeddable":true,"href":"https:\/\/booksfrommexico.com\/es\/wp-json\/wp\/v2\/product_tag?post=438"}],"curies":[{"name":"wp","href":"https:\/\/api.w.org\/{rel}","templated":true}]}}