{"id":440,"date":"2023-05-08T17:02:27","date_gmt":"2023-05-08T17:02:27","guid":{"rendered":"http:\/\/booksfrommexico.com\/product\/la-fabricacion-del-estado-1864-1910\/"},"modified":"2025-01-28T16:40:38","modified_gmt":"2025-01-28T16:40:38","slug":"la-fabricacion-del-estado-1864-1910","status":"publish","type":"product","link":"https:\/\/booksfrommexico.com\/es\/producto\/la-fabricacion-del-estado-1864-1910\/","title":{"rendered":"La Fabricaci\u00f3n del estado, 1864-1910"},"content":{"rendered":"<p><span style=\"font-weight: 400;\">La serie de exposiciones <\/span><i><span style=\"font-weight: 400;\">Los pinceles de la Historia <\/span><\/i><span style=\"font-weight: 400;\">es una recorrido por las artes visuales mexicanas y una revisi\u00f3n de las culturas, ideas y situaciones\u00a0 que han constituido a M\u00e9xico. Las reproducci\u00f3n a color de pinturas que incluye este t\u00edtulo hacen alusi\u00f3n a los acontecimientos que tuvieron lugar entre la inauguraci\u00f3n del imperio de Maximiliano de Habsburgo y la ca\u00edda de la dictadura de Porfirio D\u00edaz, cuando empez\u00f3 a perfilarse el uso de la imagen con fines de legitimaci\u00f3n pol\u00edtica. El trabajo realizado por los artistas mexicanos de la segunda mitad del siglo XIX redundaron en el enriquecimiento del acervo art\u00edstico nacional, al igual que colabor\u00f3 en la formaci\u00f3n de un sentimiento patri\u00f3tico.<\/span><\/p>\n<p><br style=\"font-weight: 400;\" \/><br style=\"font-weight: 400;\" \/><\/p>\n","protected":false},"excerpt":{"rendered":"<p>LA FABRICACI\u00d3N DEL ESTADO, 1864-1910<span style=\"font-weight: 400;\">. \/ M\u00e9xico, D.F. : Consejo Nacional para la Cultura las Artes , Instituto Nacional de Bellas Arte ; Universidad Nacional Aut\u00f3noma de M\u00e9xico , Instituto de Investigaciones Est\u00e9ticas Museo Nacional de Arte ; Fomento Cultural Banamex, 2003. 285 pages : includes color illustrations, references, bibliography at the end of each chapter ; 33 cm. (Serie Los Pinceles de la Historia). ISBN : 9703501133. <\/span><\/p>\n","protected":false},"featured_media":439,"template":"","meta":{"_acf_changed":false,"inline_featured_image":false},"product_brand":[],"product_cat":[27],"product_tag":[4044,4201,4398,4151],"class_list":{"0":"post-440","1":"product","2":"type-product","3":"status-publish","4":"has-post-thumbnail","6":"product_cat-historia","7":"product_tag-arte","8":"product_tag-dibujo-y-pintura","9":"product_tag-historia-mexico","10":"product_tag-porfiriato","12":"first","13":"instock","14":"sale","15":"taxable","16":"shipping-taxable","17":"purchasable","18":"product-type-simple"},"acf":[],"yoast_head":"<!-- This site is optimized with the Yoast SEO plugin v27.3 - https:\/\/yoast.com\/product\/yoast-seo-wordpress\/ -->\n<title>La Fabricaci\u00f3n del estado, 1864-1910<\/title>\n<meta name=\"description\" content=\"LA FABRICACI\u00d3N DEL ESTADO, 1864-1910. \/ M\u00e9xico, D.F. : CONACULTA , INBA ; UNAM ; Fomento Cultural Banamex, 2003. (Serie Los Pinceles de la Historia).\" \/>\n<meta name=\"robots\" content=\"index, follow, max-snippet:-1, max-image-preview:large, max-video-preview:-1\" \/>\n<link rel=\"canonical\" href=\"https:\/\/booksfrommexico.com\/es\/producto\/la-fabricacion-del-estado-1864-1910\/\" \/>\n<meta property=\"og:locale\" content=\"es_ES\" \/>\n<meta property=\"og:type\" content=\"article\" \/>\n<meta property=\"og:title\" content=\"La Fabricaci\u00f3n del estado, 1864-1910\" \/>\n<meta property=\"og:description\" content=\"LA FABRICACI\u00d3N DEL ESTADO, 1864-1910. \/ M\u00e9xico, D.F. : CONACULTA , INBA ; UNAM ; Fomento Cultural Banamex, 2003. (Serie Los Pinceles de la Historia).\" \/>\n<meta property=\"og:url\" content=\"https:\/\/booksfrommexico.com\/es\/producto\/la-fabricacion-del-estado-1864-1910\/\" \/>\n<meta property=\"og:site_name\" content=\"Books From Mexico\" \/>\n<meta property=\"article:modified_time\" content=\"2025-01-28T16:40:38+00:00\" \/>\n<meta property=\"og:image\" content=\"http:\/\/booksfrommexico.com\/app\/uploads\/2023\/05\/120912-e1642185604753.jpeg\" \/>\n\t<meta property=\"og:image:width\" content=\"566\" \/>\n\t<meta property=\"og:image:height\" content=\"868\" \/>\n\t<meta property=\"og:image:type\" content=\"image\/jpeg\" \/>\n<meta name=\"twitter:card\" content=\"summary_large_image\" \/>\n<meta name=\"twitter:label1\" content=\"Tiempo de lectura\" \/>\n\t<meta name=\"twitter:data1\" content=\"1 minuto\" \/>\n<script type=\"application\/ld+json\" class=\"yoast-schema-graph\">{\"@context\":\"https:\\\/\\\/schema.org\",\"@graph\":[{\"@type\":\"WebPage\",\"@id\":\"https:\\\/\\\/booksfrommexico.com\\\/es\\\/producto\\\/la-fabricacion-del-estado-1864-1910\\\/\",\"url\":\"https:\\\/\\\/booksfrommexico.com\\\/es\\\/producto\\\/la-fabricacion-del-estado-1864-1910\\\/\",\"name\":\"La Fabricaci\u00f3n del estado, 1864-1910\",\"isPartOf\":{\"@id\":\"https:\\\/\\\/booksfrommexico.com\\\/#website\"},\"primaryImageOfPage\":{\"@id\":\"https:\\\/\\\/booksfrommexico.com\\\/es\\\/producto\\\/la-fabricacion-del-estado-1864-1910\\\/#primaryimage\"},\"image\":{\"@id\":\"https:\\\/\\\/booksfrommexico.com\\\/es\\\/producto\\\/la-fabricacion-del-estado-1864-1910\\\/#primaryimage\"},\"thumbnailUrl\":\"https:\\\/\\\/booksfrommexico.com\\\/app\\\/uploads\\\/2023\\\/05\\\/120912-e1642185604753.jpeg\",\"datePublished\":\"2023-05-08T17:02:27+00:00\",\"dateModified\":\"2025-01-28T16:40:38+00:00\",\"description\":\"LA FABRICACI\u00d3N DEL ESTADO, 1864-1910. \\\/ M\u00e9xico, D.F. : CONACULTA , INBA ; UNAM ; Fomento Cultural Banamex, 2003. (Serie Los Pinceles de la Historia).\",\"breadcrumb\":{\"@id\":\"https:\\\/\\\/booksfrommexico.com\\\/es\\\/producto\\\/la-fabricacion-del-estado-1864-1910\\\/#breadcrumb\"},\"inLanguage\":\"es\",\"potentialAction\":[{\"@type\":\"ReadAction\",\"target\":[\"https:\\\/\\\/booksfrommexico.com\\\/es\\\/producto\\\/la-fabricacion-del-estado-1864-1910\\\/\"]}]},{\"@type\":\"ImageObject\",\"inLanguage\":\"es\",\"@id\":\"https:\\\/\\\/booksfrommexico.com\\\/es\\\/producto\\\/la-fabricacion-del-estado-1864-1910\\\/#primaryimage\",\"url\":\"https:\\\/\\\/booksfrommexico.com\\\/app\\\/uploads\\\/2023\\\/05\\\/120912-e1642185604753.jpeg\",\"contentUrl\":\"https:\\\/\\\/booksfrommexico.com\\\/app\\\/uploads\\\/2023\\\/05\\\/120912-e1642185604753.jpeg\",\"width\":566,\"height\":868},{\"@type\":\"BreadcrumbList\",\"@id\":\"https:\\\/\\\/booksfrommexico.com\\\/es\\\/producto\\\/la-fabricacion-del-estado-1864-1910\\\/#breadcrumb\",\"itemListElement\":[{\"@type\":\"ListItem\",\"position\":1,\"name\":\"Home\",\"item\":\"https:\\\/\\\/booksfrommexico.com\\\/es\\\/\"},{\"@type\":\"ListItem\",\"position\":2,\"name\":\"Libros\",\"item\":\"https:\\\/\\\/booksfrommexico.com\\\/es\\\/libros\\\/\"},{\"@type\":\"ListItem\",\"position\":3,\"name\":\"La Fabricaci\u00f3n del estado, 1864-1910\"}]},{\"@type\":\"WebSite\",\"@id\":\"https:\\\/\\\/booksfrommexico.com\\\/#website\",\"url\":\"https:\\\/\\\/booksfrommexico.com\\\/\",\"name\":\"Books From Mexico\",\"description\":\"\",\"publisher\":{\"@id\":\"https:\\\/\\\/booksfrommexico.com\\\/#organization\"},\"potentialAction\":[{\"@type\":\"SearchAction\",\"target\":{\"@type\":\"EntryPoint\",\"urlTemplate\":\"https:\\\/\\\/booksfrommexico.com\\\/?s={search_term_string}\"},\"query-input\":{\"@type\":\"PropertyValueSpecification\",\"valueRequired\":true,\"valueName\":\"search_term_string\"}}],\"inLanguage\":\"es\"},{\"@type\":\"Organization\",\"@id\":\"https:\\\/\\\/booksfrommexico.com\\\/#organization\",\"name\":\"Books From Mexico\",\"url\":\"https:\\\/\\\/booksfrommexico.com\\\/\",\"logo\":{\"@type\":\"ImageObject\",\"inLanguage\":\"es\",\"@id\":\"https:\\\/\\\/booksfrommexico.com\\\/#\\\/schema\\\/logo\\\/image\\\/\",\"url\":\"https:\\\/\\\/booksfrommexico.com\\\/app\\\/uploads\\\/2023\\\/05\\\/logo-booksfrommexico.svg\",\"contentUrl\":\"https:\\\/\\\/booksfrommexico.com\\\/app\\\/uploads\\\/2023\\\/05\\\/logo-booksfrommexico.svg\",\"width\":86,\"height\":56,\"caption\":\"Books From Mexico\"},\"image\":{\"@id\":\"https:\\\/\\\/booksfrommexico.com\\\/#\\\/schema\\\/logo\\\/image\\\/\"}}]}<\/script>\n<!-- \/ Yoast SEO plugin. -->","yoast_head_json":{"title":"La Fabricaci\u00f3n del estado, 1864-1910","description":"LA FABRICACI\u00d3N DEL ESTADO, 1864-1910. \/ M\u00e9xico, D.F. : CONACULTA , INBA ; UNAM ; Fomento Cultural Banamex, 2003. (Serie Los Pinceles de la Historia).","robots":{"index":"index","follow":"follow","max-snippet":"max-snippet:-1","max-image-preview":"max-image-preview:large","max-video-preview":"max-video-preview:-1"},"canonical":"https:\/\/booksfrommexico.com\/es\/producto\/la-fabricacion-del-estado-1864-1910\/","og_locale":"es_ES","og_type":"article","og_title":"La Fabricaci\u00f3n del estado, 1864-1910","og_description":"LA FABRICACI\u00d3N DEL ESTADO, 1864-1910. \/ M\u00e9xico, D.F. : CONACULTA , INBA ; UNAM ; Fomento Cultural Banamex, 2003. (Serie Los Pinceles de la Historia).","og_url":"https:\/\/booksfrommexico.com\/es\/producto\/la-fabricacion-del-estado-1864-1910\/","og_site_name":"Books From Mexico","article_modified_time":"2025-01-28T16:40:38+00:00","og_image":[{"width":566,"height":868,"url":"http:\/\/booksfrommexico.com\/app\/uploads\/2023\/05\/120912-e1642185604753.jpeg","type":"image\/jpeg"}],"twitter_card":"summary_large_image","twitter_misc":{"Tiempo de lectura":"1 minuto"},"schema":{"@context":"https:\/\/schema.org","@graph":[{"@type":"WebPage","@id":"https:\/\/booksfrommexico.com\/es\/producto\/la-fabricacion-del-estado-1864-1910\/","url":"https:\/\/booksfrommexico.com\/es\/producto\/la-fabricacion-del-estado-1864-1910\/","name":"La Fabricaci\u00f3n del estado, 1864-1910","isPartOf":{"@id":"https:\/\/booksfrommexico.com\/#website"},"primaryImageOfPage":{"@id":"https:\/\/booksfrommexico.com\/es\/producto\/la-fabricacion-del-estado-1864-1910\/#primaryimage"},"image":{"@id":"https:\/\/booksfrommexico.com\/es\/producto\/la-fabricacion-del-estado-1864-1910\/#primaryimage"},"thumbnailUrl":"https:\/\/booksfrommexico.com\/app\/uploads\/2023\/05\/120912-e1642185604753.jpeg","datePublished":"2023-05-08T17:02:27+00:00","dateModified":"2025-01-28T16:40:38+00:00","description":"LA FABRICACI\u00d3N DEL ESTADO, 1864-1910. \/ M\u00e9xico, D.F. : CONACULTA , INBA ; UNAM ; Fomento Cultural Banamex, 2003. (Serie Los Pinceles de la Historia).","breadcrumb":{"@id":"https:\/\/booksfrommexico.com\/es\/producto\/la-fabricacion-del-estado-1864-1910\/#breadcrumb"},"inLanguage":"es","potentialAction":[{"@type":"ReadAction","target":["https:\/\/booksfrommexico.com\/es\/producto\/la-fabricacion-del-estado-1864-1910\/"]}]},{"@type":"ImageObject","inLanguage":"es","@id":"https:\/\/booksfrommexico.com\/es\/producto\/la-fabricacion-del-estado-1864-1910\/#primaryimage","url":"https:\/\/booksfrommexico.com\/app\/uploads\/2023\/05\/120912-e1642185604753.jpeg","contentUrl":"https:\/\/booksfrommexico.com\/app\/uploads\/2023\/05\/120912-e1642185604753.jpeg","width":566,"height":868},{"@type":"BreadcrumbList","@id":"https:\/\/booksfrommexico.com\/es\/producto\/la-fabricacion-del-estado-1864-1910\/#breadcrumb","itemListElement":[{"@type":"ListItem","position":1,"name":"Home","item":"https:\/\/booksfrommexico.com\/es\/"},{"@type":"ListItem","position":2,"name":"Libros","item":"https:\/\/booksfrommexico.com\/es\/libros\/"},{"@type":"ListItem","position":3,"name":"La Fabricaci\u00f3n del estado, 1864-1910"}]},{"@type":"WebSite","@id":"https:\/\/booksfrommexico.com\/#website","url":"https:\/\/booksfrommexico.com\/","name":"Books From Mexico","description":"","publisher":{"@id":"https:\/\/booksfrommexico.com\/#organization"},"potentialAction":[{"@type":"SearchAction","target":{"@type":"EntryPoint","urlTemplate":"https:\/\/booksfrommexico.com\/?s={search_term_string}"},"query-input":{"@type":"PropertyValueSpecification","valueRequired":true,"valueName":"search_term_string"}}],"inLanguage":"es"},{"@type":"Organization","@id":"https:\/\/booksfrommexico.com\/#organization","name":"Books From Mexico","url":"https:\/\/booksfrommexico.com\/","logo":{"@type":"ImageObject","inLanguage":"es","@id":"https:\/\/booksfrommexico.com\/#\/schema\/logo\/image\/","url":"https:\/\/booksfrommexico.com\/app\/uploads\/2023\/05\/logo-booksfrommexico.svg","contentUrl":"https:\/\/booksfrommexico.com\/app\/uploads\/2023\/05\/logo-booksfrommexico.svg","width":86,"height":56,"caption":"Books From Mexico"},"image":{"@id":"https:\/\/booksfrommexico.com\/#\/schema\/logo\/image\/"}}]}},"_links":{"self":[{"href":"https:\/\/booksfrommexico.com\/es\/wp-json\/wp\/v2\/product\/440","targetHints":{"allow":["GET"]}}],"collection":[{"href":"https:\/\/booksfrommexico.com\/es\/wp-json\/wp\/v2\/product"}],"about":[{"href":"https:\/\/booksfrommexico.com\/es\/wp-json\/wp\/v2\/types\/product"}],"wp:featuredmedia":[{"embeddable":true,"href":"https:\/\/booksfrommexico.com\/es\/wp-json\/wp\/v2\/media\/439"}],"wp:attachment":[{"href":"https:\/\/booksfrommexico.com\/es\/wp-json\/wp\/v2\/media?parent=440"}],"wp:term":[{"taxonomy":"product_brand","embeddable":true,"href":"https:\/\/booksfrommexico.com\/es\/wp-json\/wp\/v2\/product_brand?post=440"},{"taxonomy":"product_cat","embeddable":true,"href":"https:\/\/booksfrommexico.com\/es\/wp-json\/wp\/v2\/product_cat?post=440"},{"taxonomy":"product_tag","embeddable":true,"href":"https:\/\/booksfrommexico.com\/es\/wp-json\/wp\/v2\/product_tag?post=440"}],"curies":[{"name":"wp","href":"https:\/\/api.w.org\/{rel}","templated":true}]}}