{"id":448,"date":"2023-05-08T17:02:33","date_gmt":"2023-05-08T17:02:33","guid":{"rendered":"http:\/\/booksfrommexico.com\/product\/miradas-al-futuro-hacia-la-construccion-de-sociedades-sustentables-con-equidad-de-genero\/"},"modified":"2024-10-02T23:35:51","modified_gmt":"2024-10-02T23:35:51","slug":"miradas-al-futuro-hacia-la-construccion-de-sociedades-sustentables-con-equidad-de-genero","status":"publish","type":"product","link":"https:\/\/booksfrommexico.com\/es\/producto\/miradas-al-futuro-hacia-la-construccion-de-sociedades-sustentables-con-equidad-de-genero\/","title":{"rendered":"Miradas al futuro"},"content":{"rendered":"<p><span style=\"font-weight: 400;\">Conscientes de la importancia de fortalecer el campo de estudios sobre g\u00e9nero y ambiente en Latinoam\u00e9rica, las compiladoras traen una antolog\u00eda de textos reunidos a lo largo de dos d\u00e9cadas. En estos estudios se trata de responder a las interrogantes que surgen a partir del papel que juegan las mujeres en el medio ambiente, papel igualmente concebido como ecofeminismo. Con la intenci\u00f3n de facilitar el acceso a estos textos para los no angloparlantes, sus compiladoras presentan por primera vez en espa\u00f1ol, diecinueve textos fundamentales en la charla del ecofeminismo, as\u00ed como las propuestas te\u00f3ricas que difieren de \u00e9ste.<\/span><\/p>\n","protected":false},"excerpt":{"rendered":"<p>MIRADAS HACIA EL FUTURO : HACIA LA CONSTRUCCI\u00d3N DE SOCIEDADES SUSTENTABLES CON EQUIDAD DE G\u00c9NERO. <span style=\"font-weight: 400;\">\/ Ver\u00f3nica V\u00e1zquez Garc\u00eda, Margarita Vel\u00e1zquez Guti\u00e9rrez (coordinators). M\u00e9xico, D.F. : Universidad Nacional Aut\u00f3noma de M\u00e9xico , Programa Universitario de Estudios de G\u00e9nero ; Cuernavaca, M\u00e9xico : Centro Regional de Investigaciones Multidisciplinarias ; Estado de M\u00e9xico, M\u00e9xico : Colegio de Postgraduados ; Ottawa, Canad\u00e1 : Centro Internacional de Investigaciones para el Desarrollo, 2004. 596 pages : includes notes, bibliography ; 23 cm. ISBN : 9703217559.<\/span><\/p>\n","protected":false},"featured_media":447,"template":"","meta":{"_acf_changed":false,"inline_featured_image":false},"product_brand":[],"product_cat":[83,147,148],"product_tag":[4072,4075,4104,4211],"class_list":{"0":"post-448","1":"product","2":"type-product","3":"status-publish","4":"has-post-thumbnail","6":"product_cat-ecologia-y-cuestiones-ambientales","7":"product_cat-estudios-de-genero","8":"product_cat-estudios-sobre-las-mujeres-estudios-de-genero","9":"product_tag-ecofeminismo","10":"product_tag-ecologia","11":"product_tag-equidad-de-genero","12":"product_tag-feminismo","14":"first","15":"instock","16":"sale","17":"taxable","18":"shipping-taxable","19":"purchasable","20":"product-type-simple"},"acf":[],"yoast_head":"<!-- This site is optimized with the Yoast SEO plugin v27.3 - https:\/\/yoast.com\/product\/yoast-seo-wordpress\/ -->\n<title>Hacia la construcci\u00f3n de sociedades sustentables con equidad...<\/title>\n<meta name=\"description\" content=\"MIRADAS AL FUTURO : HACIA LA CONSTRUCCI\u00d3N DE SOCIEDADES SUSTENTABLES CON EQUIDAD DE G\u00c9NERO. \/ Ver\u00f3nica V\u00e1zquez Garc\u00eda, Margarita Vel\u00e1zquez Guti\u00e9rrez.\" \/>\n<meta name=\"robots\" content=\"index, follow, max-snippet:-1, max-image-preview:large, max-video-preview:-1\" \/>\n<link rel=\"canonical\" href=\"https:\/\/booksfrommexico.com\/es\/producto\/miradas-al-futuro-hacia-la-construccion-de-sociedades-sustentables-con-equidad-de-genero\/\" \/>\n<meta property=\"og:locale\" content=\"es_ES\" \/>\n<meta property=\"og:type\" content=\"article\" \/>\n<meta property=\"og:title\" content=\"Hacia la construcci\u00f3n de sociedades sustentables con equidad...\" \/>\n<meta property=\"og:description\" content=\"MIRADAS AL FUTURO : HACIA LA CONSTRUCCI\u00d3N DE SOCIEDADES SUSTENTABLES CON EQUIDAD DE G\u00c9NERO. \/ Ver\u00f3nica V\u00e1zquez Garc\u00eda, Margarita Vel\u00e1zquez Guti\u00e9rrez.\" \/>\n<meta property=\"og:url\" content=\"https:\/\/booksfrommexico.com\/es\/producto\/miradas-al-futuro-hacia-la-construccion-de-sociedades-sustentables-con-equidad-de-genero\/\" \/>\n<meta property=\"og:site_name\" content=\"Books From Mexico\" \/>\n<meta property=\"article:modified_time\" content=\"2024-10-02T23:35:51+00:00\" \/>\n<meta property=\"og:image\" content=\"http:\/\/booksfrommexico.com\/app\/uploads\/2023\/05\/126860.jpeg\" \/>\n\t<meta property=\"og:image:width\" content=\"484\" \/>\n\t<meta property=\"og:image:height\" content=\"659\" \/>\n\t<meta property=\"og:image:type\" content=\"image\/jpeg\" \/>\n<meta name=\"twitter:card\" content=\"summary_large_image\" \/>\n<meta name=\"twitter:label1\" content=\"Tiempo de lectura\" \/>\n\t<meta name=\"twitter:data1\" content=\"1 minuto\" \/>\n<script type=\"application\/ld+json\" class=\"yoast-schema-graph\">{\"@context\":\"https:\\\/\\\/schema.org\",\"@graph\":[{\"@type\":\"WebPage\",\"@id\":\"https:\\\/\\\/booksfrommexico.com\\\/es\\\/producto\\\/miradas-al-futuro-hacia-la-construccion-de-sociedades-sustentables-con-equidad-de-genero\\\/\",\"url\":\"https:\\\/\\\/booksfrommexico.com\\\/es\\\/producto\\\/miradas-al-futuro-hacia-la-construccion-de-sociedades-sustentables-con-equidad-de-genero\\\/\",\"name\":\"Hacia la construcci\u00f3n de sociedades sustentables con equidad...\",\"isPartOf\":{\"@id\":\"https:\\\/\\\/booksfrommexico.com\\\/#website\"},\"primaryImageOfPage\":{\"@id\":\"https:\\\/\\\/booksfrommexico.com\\\/es\\\/producto\\\/miradas-al-futuro-hacia-la-construccion-de-sociedades-sustentables-con-equidad-de-genero\\\/#primaryimage\"},\"image\":{\"@id\":\"https:\\\/\\\/booksfrommexico.com\\\/es\\\/producto\\\/miradas-al-futuro-hacia-la-construccion-de-sociedades-sustentables-con-equidad-de-genero\\\/#primaryimage\"},\"thumbnailUrl\":\"https:\\\/\\\/booksfrommexico.com\\\/app\\\/uploads\\\/2023\\\/05\\\/126860.jpeg\",\"datePublished\":\"2023-05-08T17:02:33+00:00\",\"dateModified\":\"2024-10-02T23:35:51+00:00\",\"description\":\"MIRADAS AL FUTURO : HACIA LA CONSTRUCCI\u00d3N DE SOCIEDADES SUSTENTABLES CON EQUIDAD DE G\u00c9NERO. \\\/ Ver\u00f3nica V\u00e1zquez Garc\u00eda, Margarita Vel\u00e1zquez Guti\u00e9rrez.\",\"breadcrumb\":{\"@id\":\"https:\\\/\\\/booksfrommexico.com\\\/es\\\/producto\\\/miradas-al-futuro-hacia-la-construccion-de-sociedades-sustentables-con-equidad-de-genero\\\/#breadcrumb\"},\"inLanguage\":\"es\",\"potentialAction\":[{\"@type\":\"ReadAction\",\"target\":[\"https:\\\/\\\/booksfrommexico.com\\\/es\\\/producto\\\/miradas-al-futuro-hacia-la-construccion-de-sociedades-sustentables-con-equidad-de-genero\\\/\"]}]},{\"@type\":\"ImageObject\",\"inLanguage\":\"es\",\"@id\":\"https:\\\/\\\/booksfrommexico.com\\\/es\\\/producto\\\/miradas-al-futuro-hacia-la-construccion-de-sociedades-sustentables-con-equidad-de-genero\\\/#primaryimage\",\"url\":\"https:\\\/\\\/booksfrommexico.com\\\/app\\\/uploads\\\/2023\\\/05\\\/126860.jpeg\",\"contentUrl\":\"https:\\\/\\\/booksfrommexico.com\\\/app\\\/uploads\\\/2023\\\/05\\\/126860.jpeg\",\"width\":484,\"height\":659},{\"@type\":\"BreadcrumbList\",\"@id\":\"https:\\\/\\\/booksfrommexico.com\\\/es\\\/producto\\\/miradas-al-futuro-hacia-la-construccion-de-sociedades-sustentables-con-equidad-de-genero\\\/#breadcrumb\",\"itemListElement\":[{\"@type\":\"ListItem\",\"position\":1,\"name\":\"Home\",\"item\":\"https:\\\/\\\/booksfrommexico.com\\\/es\\\/\"},{\"@type\":\"ListItem\",\"position\":2,\"name\":\"Libros\",\"item\":\"https:\\\/\\\/booksfrommexico.com\\\/es\\\/libros\\\/\"},{\"@type\":\"ListItem\",\"position\":3,\"name\":\"Miradas al futuro\"}]},{\"@type\":\"WebSite\",\"@id\":\"https:\\\/\\\/booksfrommexico.com\\\/#website\",\"url\":\"https:\\\/\\\/booksfrommexico.com\\\/\",\"name\":\"Books From Mexico\",\"description\":\"\",\"publisher\":{\"@id\":\"https:\\\/\\\/booksfrommexico.com\\\/#organization\"},\"potentialAction\":[{\"@type\":\"SearchAction\",\"target\":{\"@type\":\"EntryPoint\",\"urlTemplate\":\"https:\\\/\\\/booksfrommexico.com\\\/?s={search_term_string}\"},\"query-input\":{\"@type\":\"PropertyValueSpecification\",\"valueRequired\":true,\"valueName\":\"search_term_string\"}}],\"inLanguage\":\"es\"},{\"@type\":\"Organization\",\"@id\":\"https:\\\/\\\/booksfrommexico.com\\\/#organization\",\"name\":\"Books From Mexico\",\"url\":\"https:\\\/\\\/booksfrommexico.com\\\/\",\"logo\":{\"@type\":\"ImageObject\",\"inLanguage\":\"es\",\"@id\":\"https:\\\/\\\/booksfrommexico.com\\\/#\\\/schema\\\/logo\\\/image\\\/\",\"url\":\"https:\\\/\\\/booksfrommexico.com\\\/app\\\/uploads\\\/2023\\\/05\\\/logo-booksfrommexico.svg\",\"contentUrl\":\"https:\\\/\\\/booksfrommexico.com\\\/app\\\/uploads\\\/2023\\\/05\\\/logo-booksfrommexico.svg\",\"width\":86,\"height\":56,\"caption\":\"Books From Mexico\"},\"image\":{\"@id\":\"https:\\\/\\\/booksfrommexico.com\\\/#\\\/schema\\\/logo\\\/image\\\/\"}}]}<\/script>\n<!-- \/ Yoast SEO plugin. -->","yoast_head_json":{"title":"Hacia la construcci\u00f3n de sociedades sustentables con equidad...","description":"MIRADAS AL FUTURO : HACIA LA CONSTRUCCI\u00d3N DE SOCIEDADES SUSTENTABLES CON EQUIDAD DE G\u00c9NERO. \/ Ver\u00f3nica V\u00e1zquez Garc\u00eda, Margarita Vel\u00e1zquez Guti\u00e9rrez.","robots":{"index":"index","follow":"follow","max-snippet":"max-snippet:-1","max-image-preview":"max-image-preview:large","max-video-preview":"max-video-preview:-1"},"canonical":"https:\/\/booksfrommexico.com\/es\/producto\/miradas-al-futuro-hacia-la-construccion-de-sociedades-sustentables-con-equidad-de-genero\/","og_locale":"es_ES","og_type":"article","og_title":"Hacia la construcci\u00f3n de sociedades sustentables con equidad...","og_description":"MIRADAS AL FUTURO : HACIA LA CONSTRUCCI\u00d3N DE SOCIEDADES SUSTENTABLES CON EQUIDAD DE G\u00c9NERO. \/ Ver\u00f3nica V\u00e1zquez Garc\u00eda, Margarita Vel\u00e1zquez Guti\u00e9rrez.","og_url":"https:\/\/booksfrommexico.com\/es\/producto\/miradas-al-futuro-hacia-la-construccion-de-sociedades-sustentables-con-equidad-de-genero\/","og_site_name":"Books From Mexico","article_modified_time":"2024-10-02T23:35:51+00:00","og_image":[{"width":484,"height":659,"url":"http:\/\/booksfrommexico.com\/app\/uploads\/2023\/05\/126860.jpeg","type":"image\/jpeg"}],"twitter_card":"summary_large_image","twitter_misc":{"Tiempo de lectura":"1 minuto"},"schema":{"@context":"https:\/\/schema.org","@graph":[{"@type":"WebPage","@id":"https:\/\/booksfrommexico.com\/es\/producto\/miradas-al-futuro-hacia-la-construccion-de-sociedades-sustentables-con-equidad-de-genero\/","url":"https:\/\/booksfrommexico.com\/es\/producto\/miradas-al-futuro-hacia-la-construccion-de-sociedades-sustentables-con-equidad-de-genero\/","name":"Hacia la construcci\u00f3n de sociedades sustentables con equidad...","isPartOf":{"@id":"https:\/\/booksfrommexico.com\/#website"},"primaryImageOfPage":{"@id":"https:\/\/booksfrommexico.com\/es\/producto\/miradas-al-futuro-hacia-la-construccion-de-sociedades-sustentables-con-equidad-de-genero\/#primaryimage"},"image":{"@id":"https:\/\/booksfrommexico.com\/es\/producto\/miradas-al-futuro-hacia-la-construccion-de-sociedades-sustentables-con-equidad-de-genero\/#primaryimage"},"thumbnailUrl":"https:\/\/booksfrommexico.com\/app\/uploads\/2023\/05\/126860.jpeg","datePublished":"2023-05-08T17:02:33+00:00","dateModified":"2024-10-02T23:35:51+00:00","description":"MIRADAS AL FUTURO : HACIA LA CONSTRUCCI\u00d3N DE SOCIEDADES SUSTENTABLES CON EQUIDAD DE G\u00c9NERO. \/ Ver\u00f3nica V\u00e1zquez Garc\u00eda, Margarita Vel\u00e1zquez Guti\u00e9rrez.","breadcrumb":{"@id":"https:\/\/booksfrommexico.com\/es\/producto\/miradas-al-futuro-hacia-la-construccion-de-sociedades-sustentables-con-equidad-de-genero\/#breadcrumb"},"inLanguage":"es","potentialAction":[{"@type":"ReadAction","target":["https:\/\/booksfrommexico.com\/es\/producto\/miradas-al-futuro-hacia-la-construccion-de-sociedades-sustentables-con-equidad-de-genero\/"]}]},{"@type":"ImageObject","inLanguage":"es","@id":"https:\/\/booksfrommexico.com\/es\/producto\/miradas-al-futuro-hacia-la-construccion-de-sociedades-sustentables-con-equidad-de-genero\/#primaryimage","url":"https:\/\/booksfrommexico.com\/app\/uploads\/2023\/05\/126860.jpeg","contentUrl":"https:\/\/booksfrommexico.com\/app\/uploads\/2023\/05\/126860.jpeg","width":484,"height":659},{"@type":"BreadcrumbList","@id":"https:\/\/booksfrommexico.com\/es\/producto\/miradas-al-futuro-hacia-la-construccion-de-sociedades-sustentables-con-equidad-de-genero\/#breadcrumb","itemListElement":[{"@type":"ListItem","position":1,"name":"Home","item":"https:\/\/booksfrommexico.com\/es\/"},{"@type":"ListItem","position":2,"name":"Libros","item":"https:\/\/booksfrommexico.com\/es\/libros\/"},{"@type":"ListItem","position":3,"name":"Miradas al futuro"}]},{"@type":"WebSite","@id":"https:\/\/booksfrommexico.com\/#website","url":"https:\/\/booksfrommexico.com\/","name":"Books From Mexico","description":"","publisher":{"@id":"https:\/\/booksfrommexico.com\/#organization"},"potentialAction":[{"@type":"SearchAction","target":{"@type":"EntryPoint","urlTemplate":"https:\/\/booksfrommexico.com\/?s={search_term_string}"},"query-input":{"@type":"PropertyValueSpecification","valueRequired":true,"valueName":"search_term_string"}}],"inLanguage":"es"},{"@type":"Organization","@id":"https:\/\/booksfrommexico.com\/#organization","name":"Books From Mexico","url":"https:\/\/booksfrommexico.com\/","logo":{"@type":"ImageObject","inLanguage":"es","@id":"https:\/\/booksfrommexico.com\/#\/schema\/logo\/image\/","url":"https:\/\/booksfrommexico.com\/app\/uploads\/2023\/05\/logo-booksfrommexico.svg","contentUrl":"https:\/\/booksfrommexico.com\/app\/uploads\/2023\/05\/logo-booksfrommexico.svg","width":86,"height":56,"caption":"Books From Mexico"},"image":{"@id":"https:\/\/booksfrommexico.com\/#\/schema\/logo\/image\/"}}]}},"_links":{"self":[{"href":"https:\/\/booksfrommexico.com\/es\/wp-json\/wp\/v2\/product\/448","targetHints":{"allow":["GET"]}}],"collection":[{"href":"https:\/\/booksfrommexico.com\/es\/wp-json\/wp\/v2\/product"}],"about":[{"href":"https:\/\/booksfrommexico.com\/es\/wp-json\/wp\/v2\/types\/product"}],"wp:featuredmedia":[{"embeddable":true,"href":"https:\/\/booksfrommexico.com\/es\/wp-json\/wp\/v2\/media\/447"}],"wp:attachment":[{"href":"https:\/\/booksfrommexico.com\/es\/wp-json\/wp\/v2\/media?parent=448"}],"wp:term":[{"taxonomy":"product_brand","embeddable":true,"href":"https:\/\/booksfrommexico.com\/es\/wp-json\/wp\/v2\/product_brand?post=448"},{"taxonomy":"product_cat","embeddable":true,"href":"https:\/\/booksfrommexico.com\/es\/wp-json\/wp\/v2\/product_cat?post=448"},{"taxonomy":"product_tag","embeddable":true,"href":"https:\/\/booksfrommexico.com\/es\/wp-json\/wp\/v2\/product_tag?post=448"}],"curies":[{"name":"wp","href":"https:\/\/api.w.org\/{rel}","templated":true}]}}