{"id":450,"date":"2023-05-08T17:02:35","date_gmt":"2023-05-08T17:02:35","guid":{"rendered":"http:\/\/booksfrommexico.com\/product\/la-construccion-del-heroe-en-espana-y-mexico\/"},"modified":"2024-10-02T23:35:11","modified_gmt":"2024-10-02T23:35:11","slug":"la-construccion-del-heroe-en-espana-y-mexico","status":"publish","type":"product","link":"https:\/\/booksfrommexico.com\/es\/producto\/la-construccion-del-heroe-en-espana-y-mexico\/","title":{"rendered":"La construcci\u00f3n del h\u00e9roe en Espa\u00f1a y M\u00e9xico"},"content":{"rendered":"<p><span style=\"font-weight: 400;\">Esta investigaci\u00f3n busca responder a qu\u00e9 es lo que construye a un h\u00e9roe y para qu\u00e9 sirve uno, a trav\u00e9s del estudio comparado entre dos espacios divergentes, pero a la vez complementarios: el proceso de fabricaci\u00f3n y mitificaci\u00f3n de los h\u00e9roes de guerra de Espa\u00f1a y M\u00e9xico, confrontado con su instrumentalizaci\u00f3n por la clase dirigente y la aparici\u00f3n de los respectivos panteones heroicos sobre los que cimentar ambas naciones. En este estudio se hace un repaso hist\u00f3rico sobre la construcci\u00f3n lenta pero constante del concepto e imagen que se tiene de un \u201ch\u00e9roe\u201d en Espa\u00f1a y M\u00e9xico, acompa\u00f1ado de ilustraciones y fotos a color de pinturas, monumentos y peri\u00f3dicos.<\/span><\/p>\n","protected":false},"excerpt":{"rendered":"<p>LA CONSTRUCCI\u00d3N DEL H\u00c9ROE EN ESPA\u00d1A Y M\u00c9XICO<span style=\"font-weight: 400;\">. \/ Manuel Chust, V\u00edctor M\u00ednguez (editors). Valencia, Espa\u00f1a : Universitat de Valencia ; M\u00e9xico, D.F. : El Colegio de Michoac\u00e1n ; Xalapa, Veracruz, M\u00e9xico : Universidad Aut\u00f3noma Metropolitana , Unidad Iztapalapa, 2003. 425 pages : includes notes, references, bibliographic references, colo protos ; 23 cm . (Colecci\u00f3n Historia Oberta). ISBN : 843705690X.<\/span><\/p>\n","protected":false},"featured_media":449,"template":"","meta":{"_acf_changed":false,"inline_featured_image":false},"product_brand":[],"product_cat":[27],"product_tag":[3624,3657,4398,4094],"class_list":{"0":"post-450","1":"product","2":"type-product","3":"status-publish","4":"has-post-thumbnail","6":"product_cat-historia","7":"product_tag-espana","8":"product_tag-historia","9":"product_tag-historia-mexico","10":"product_tag-independencia-mexicana","12":"first","13":"instock","14":"sale","15":"taxable","16":"shipping-taxable","17":"purchasable","18":"product-type-simple"},"acf":[],"yoast_head":"<!-- This site is optimized with the Yoast SEO plugin v27.3 - https:\/\/yoast.com\/product\/yoast-seo-wordpress\/ -->\n<title>La construcci\u00f3n del h\u00e9roe en Espa\u00f1a y M\u00e9xico<\/title>\n<meta name=\"description\" content=\"LA CONSTRUCCI\u00d3N DEL H\u00c9ROE EN ESPA\u00d1A Y M\u00c9XICO. \/ Manuel Chust, V\u00edctor M\u00ednguez (editors). 2003. (Colecci\u00f3n Historia Oberta). ISBN : 843705690X.\" \/>\n<meta name=\"robots\" content=\"index, follow, max-snippet:-1, max-image-preview:large, max-video-preview:-1\" \/>\n<link rel=\"canonical\" href=\"https:\/\/booksfrommexico.com\/es\/producto\/la-construccion-del-heroe-en-espana-y-mexico\/\" \/>\n<meta property=\"og:locale\" content=\"es_ES\" \/>\n<meta property=\"og:type\" content=\"article\" \/>\n<meta property=\"og:title\" content=\"La construcci\u00f3n del h\u00e9roe en Espa\u00f1a y M\u00e9xico\" \/>\n<meta property=\"og:description\" content=\"LA CONSTRUCCI\u00d3N DEL H\u00c9ROE EN ESPA\u00d1A Y M\u00c9XICO. \/ Manuel Chust, V\u00edctor M\u00ednguez (editors). 2003. (Colecci\u00f3n Historia Oberta). ISBN : 843705690X.\" \/>\n<meta property=\"og:url\" content=\"https:\/\/booksfrommexico.com\/es\/producto\/la-construccion-del-heroe-en-espana-y-mexico\/\" \/>\n<meta property=\"og:site_name\" content=\"Books From Mexico\" \/>\n<meta property=\"article:modified_time\" content=\"2024-10-02T23:35:11+00:00\" \/>\n<meta property=\"og:image\" content=\"http:\/\/booksfrommexico.com\/app\/uploads\/2023\/05\/126325.jpeg\" \/>\n\t<meta property=\"og:image:width\" content=\"466\" \/>\n\t<meta property=\"og:image:height\" content=\"661\" \/>\n\t<meta property=\"og:image:type\" content=\"image\/jpeg\" \/>\n<meta name=\"twitter:card\" content=\"summary_large_image\" \/>\n<meta name=\"twitter:label1\" content=\"Tiempo de lectura\" \/>\n\t<meta name=\"twitter:data1\" content=\"1 minuto\" \/>\n<script type=\"application\/ld+json\" class=\"yoast-schema-graph\">{\"@context\":\"https:\\\/\\\/schema.org\",\"@graph\":[{\"@type\":\"WebPage\",\"@id\":\"https:\\\/\\\/booksfrommexico.com\\\/es\\\/producto\\\/la-construccion-del-heroe-en-espana-y-mexico\\\/\",\"url\":\"https:\\\/\\\/booksfrommexico.com\\\/es\\\/producto\\\/la-construccion-del-heroe-en-espana-y-mexico\\\/\",\"name\":\"La construcci\u00f3n del h\u00e9roe en Espa\u00f1a y M\u00e9xico\",\"isPartOf\":{\"@id\":\"https:\\\/\\\/booksfrommexico.com\\\/#website\"},\"primaryImageOfPage\":{\"@id\":\"https:\\\/\\\/booksfrommexico.com\\\/es\\\/producto\\\/la-construccion-del-heroe-en-espana-y-mexico\\\/#primaryimage\"},\"image\":{\"@id\":\"https:\\\/\\\/booksfrommexico.com\\\/es\\\/producto\\\/la-construccion-del-heroe-en-espana-y-mexico\\\/#primaryimage\"},\"thumbnailUrl\":\"https:\\\/\\\/booksfrommexico.com\\\/app\\\/uploads\\\/2023\\\/05\\\/126325.jpeg\",\"datePublished\":\"2023-05-08T17:02:35+00:00\",\"dateModified\":\"2024-10-02T23:35:11+00:00\",\"description\":\"LA CONSTRUCCI\u00d3N DEL H\u00c9ROE EN ESPA\u00d1A Y M\u00c9XICO. \\\/ Manuel Chust, V\u00edctor M\u00ednguez (editors). 2003. (Colecci\u00f3n Historia Oberta). ISBN : 843705690X.\",\"breadcrumb\":{\"@id\":\"https:\\\/\\\/booksfrommexico.com\\\/es\\\/producto\\\/la-construccion-del-heroe-en-espana-y-mexico\\\/#breadcrumb\"},\"inLanguage\":\"es\",\"potentialAction\":[{\"@type\":\"ReadAction\",\"target\":[\"https:\\\/\\\/booksfrommexico.com\\\/es\\\/producto\\\/la-construccion-del-heroe-en-espana-y-mexico\\\/\"]}]},{\"@type\":\"ImageObject\",\"inLanguage\":\"es\",\"@id\":\"https:\\\/\\\/booksfrommexico.com\\\/es\\\/producto\\\/la-construccion-del-heroe-en-espana-y-mexico\\\/#primaryimage\",\"url\":\"https:\\\/\\\/booksfrommexico.com\\\/app\\\/uploads\\\/2023\\\/05\\\/126325.jpeg\",\"contentUrl\":\"https:\\\/\\\/booksfrommexico.com\\\/app\\\/uploads\\\/2023\\\/05\\\/126325.jpeg\",\"width\":466,\"height\":661},{\"@type\":\"BreadcrumbList\",\"@id\":\"https:\\\/\\\/booksfrommexico.com\\\/es\\\/producto\\\/la-construccion-del-heroe-en-espana-y-mexico\\\/#breadcrumb\",\"itemListElement\":[{\"@type\":\"ListItem\",\"position\":1,\"name\":\"Home\",\"item\":\"https:\\\/\\\/booksfrommexico.com\\\/es\\\/\"},{\"@type\":\"ListItem\",\"position\":2,\"name\":\"Libros\",\"item\":\"https:\\\/\\\/booksfrommexico.com\\\/es\\\/libros\\\/\"},{\"@type\":\"ListItem\",\"position\":3,\"name\":\"La construcci\u00f3n del h\u00e9roe en Espa\u00f1a y M\u00e9xico\"}]},{\"@type\":\"WebSite\",\"@id\":\"https:\\\/\\\/booksfrommexico.com\\\/#website\",\"url\":\"https:\\\/\\\/booksfrommexico.com\\\/\",\"name\":\"Books From Mexico\",\"description\":\"\",\"publisher\":{\"@id\":\"https:\\\/\\\/booksfrommexico.com\\\/#organization\"},\"potentialAction\":[{\"@type\":\"SearchAction\",\"target\":{\"@type\":\"EntryPoint\",\"urlTemplate\":\"https:\\\/\\\/booksfrommexico.com\\\/?s={search_term_string}\"},\"query-input\":{\"@type\":\"PropertyValueSpecification\",\"valueRequired\":true,\"valueName\":\"search_term_string\"}}],\"inLanguage\":\"es\"},{\"@type\":\"Organization\",\"@id\":\"https:\\\/\\\/booksfrommexico.com\\\/#organization\",\"name\":\"Books From Mexico\",\"url\":\"https:\\\/\\\/booksfrommexico.com\\\/\",\"logo\":{\"@type\":\"ImageObject\",\"inLanguage\":\"es\",\"@id\":\"https:\\\/\\\/booksfrommexico.com\\\/#\\\/schema\\\/logo\\\/image\\\/\",\"url\":\"https:\\\/\\\/booksfrommexico.com\\\/app\\\/uploads\\\/2023\\\/05\\\/logo-booksfrommexico.svg\",\"contentUrl\":\"https:\\\/\\\/booksfrommexico.com\\\/app\\\/uploads\\\/2023\\\/05\\\/logo-booksfrommexico.svg\",\"width\":86,\"height\":56,\"caption\":\"Books From Mexico\"},\"image\":{\"@id\":\"https:\\\/\\\/booksfrommexico.com\\\/#\\\/schema\\\/logo\\\/image\\\/\"}}]}<\/script>\n<!-- \/ Yoast SEO plugin. -->","yoast_head_json":{"title":"La construcci\u00f3n del h\u00e9roe en Espa\u00f1a y M\u00e9xico","description":"LA CONSTRUCCI\u00d3N DEL H\u00c9ROE EN ESPA\u00d1A Y M\u00c9XICO. \/ Manuel Chust, V\u00edctor M\u00ednguez (editors). 2003. (Colecci\u00f3n Historia Oberta). ISBN : 843705690X.","robots":{"index":"index","follow":"follow","max-snippet":"max-snippet:-1","max-image-preview":"max-image-preview:large","max-video-preview":"max-video-preview:-1"},"canonical":"https:\/\/booksfrommexico.com\/es\/producto\/la-construccion-del-heroe-en-espana-y-mexico\/","og_locale":"es_ES","og_type":"article","og_title":"La construcci\u00f3n del h\u00e9roe en Espa\u00f1a y M\u00e9xico","og_description":"LA CONSTRUCCI\u00d3N DEL H\u00c9ROE EN ESPA\u00d1A Y M\u00c9XICO. \/ Manuel Chust, V\u00edctor M\u00ednguez (editors). 2003. (Colecci\u00f3n Historia Oberta). ISBN : 843705690X.","og_url":"https:\/\/booksfrommexico.com\/es\/producto\/la-construccion-del-heroe-en-espana-y-mexico\/","og_site_name":"Books From Mexico","article_modified_time":"2024-10-02T23:35:11+00:00","og_image":[{"width":466,"height":661,"url":"http:\/\/booksfrommexico.com\/app\/uploads\/2023\/05\/126325.jpeg","type":"image\/jpeg"}],"twitter_card":"summary_large_image","twitter_misc":{"Tiempo de lectura":"1 minuto"},"schema":{"@context":"https:\/\/schema.org","@graph":[{"@type":"WebPage","@id":"https:\/\/booksfrommexico.com\/es\/producto\/la-construccion-del-heroe-en-espana-y-mexico\/","url":"https:\/\/booksfrommexico.com\/es\/producto\/la-construccion-del-heroe-en-espana-y-mexico\/","name":"La construcci\u00f3n del h\u00e9roe en Espa\u00f1a y M\u00e9xico","isPartOf":{"@id":"https:\/\/booksfrommexico.com\/#website"},"primaryImageOfPage":{"@id":"https:\/\/booksfrommexico.com\/es\/producto\/la-construccion-del-heroe-en-espana-y-mexico\/#primaryimage"},"image":{"@id":"https:\/\/booksfrommexico.com\/es\/producto\/la-construccion-del-heroe-en-espana-y-mexico\/#primaryimage"},"thumbnailUrl":"https:\/\/booksfrommexico.com\/app\/uploads\/2023\/05\/126325.jpeg","datePublished":"2023-05-08T17:02:35+00:00","dateModified":"2024-10-02T23:35:11+00:00","description":"LA CONSTRUCCI\u00d3N DEL H\u00c9ROE EN ESPA\u00d1A Y M\u00c9XICO. \/ Manuel Chust, V\u00edctor M\u00ednguez (editors). 2003. (Colecci\u00f3n Historia Oberta). ISBN : 843705690X.","breadcrumb":{"@id":"https:\/\/booksfrommexico.com\/es\/producto\/la-construccion-del-heroe-en-espana-y-mexico\/#breadcrumb"},"inLanguage":"es","potentialAction":[{"@type":"ReadAction","target":["https:\/\/booksfrommexico.com\/es\/producto\/la-construccion-del-heroe-en-espana-y-mexico\/"]}]},{"@type":"ImageObject","inLanguage":"es","@id":"https:\/\/booksfrommexico.com\/es\/producto\/la-construccion-del-heroe-en-espana-y-mexico\/#primaryimage","url":"https:\/\/booksfrommexico.com\/app\/uploads\/2023\/05\/126325.jpeg","contentUrl":"https:\/\/booksfrommexico.com\/app\/uploads\/2023\/05\/126325.jpeg","width":466,"height":661},{"@type":"BreadcrumbList","@id":"https:\/\/booksfrommexico.com\/es\/producto\/la-construccion-del-heroe-en-espana-y-mexico\/#breadcrumb","itemListElement":[{"@type":"ListItem","position":1,"name":"Home","item":"https:\/\/booksfrommexico.com\/es\/"},{"@type":"ListItem","position":2,"name":"Libros","item":"https:\/\/booksfrommexico.com\/es\/libros\/"},{"@type":"ListItem","position":3,"name":"La construcci\u00f3n del h\u00e9roe en Espa\u00f1a y M\u00e9xico"}]},{"@type":"WebSite","@id":"https:\/\/booksfrommexico.com\/#website","url":"https:\/\/booksfrommexico.com\/","name":"Books From Mexico","description":"","publisher":{"@id":"https:\/\/booksfrommexico.com\/#organization"},"potentialAction":[{"@type":"SearchAction","target":{"@type":"EntryPoint","urlTemplate":"https:\/\/booksfrommexico.com\/?s={search_term_string}"},"query-input":{"@type":"PropertyValueSpecification","valueRequired":true,"valueName":"search_term_string"}}],"inLanguage":"es"},{"@type":"Organization","@id":"https:\/\/booksfrommexico.com\/#organization","name":"Books From Mexico","url":"https:\/\/booksfrommexico.com\/","logo":{"@type":"ImageObject","inLanguage":"es","@id":"https:\/\/booksfrommexico.com\/#\/schema\/logo\/image\/","url":"https:\/\/booksfrommexico.com\/app\/uploads\/2023\/05\/logo-booksfrommexico.svg","contentUrl":"https:\/\/booksfrommexico.com\/app\/uploads\/2023\/05\/logo-booksfrommexico.svg","width":86,"height":56,"caption":"Books From Mexico"},"image":{"@id":"https:\/\/booksfrommexico.com\/#\/schema\/logo\/image\/"}}]}},"_links":{"self":[{"href":"https:\/\/booksfrommexico.com\/es\/wp-json\/wp\/v2\/product\/450","targetHints":{"allow":["GET"]}}],"collection":[{"href":"https:\/\/booksfrommexico.com\/es\/wp-json\/wp\/v2\/product"}],"about":[{"href":"https:\/\/booksfrommexico.com\/es\/wp-json\/wp\/v2\/types\/product"}],"wp:featuredmedia":[{"embeddable":true,"href":"https:\/\/booksfrommexico.com\/es\/wp-json\/wp\/v2\/media\/449"}],"wp:attachment":[{"href":"https:\/\/booksfrommexico.com\/es\/wp-json\/wp\/v2\/media?parent=450"}],"wp:term":[{"taxonomy":"product_brand","embeddable":true,"href":"https:\/\/booksfrommexico.com\/es\/wp-json\/wp\/v2\/product_brand?post=450"},{"taxonomy":"product_cat","embeddable":true,"href":"https:\/\/booksfrommexico.com\/es\/wp-json\/wp\/v2\/product_cat?post=450"},{"taxonomy":"product_tag","embeddable":true,"href":"https:\/\/booksfrommexico.com\/es\/wp-json\/wp\/v2\/product_tag?post=450"}],"curies":[{"name":"wp","href":"https:\/\/api.w.org\/{rel}","templated":true}]}}