{"id":452,"date":"2023-05-08T17:02:36","date_gmt":"2023-05-08T17:02:36","guid":{"rendered":"http:\/\/booksfrommexico.com\/product\/la-mujer-purhepecha-una-mirada-desde-la-pobreza-de-las-comunidades\/"},"modified":"2024-10-02T23:34:48","modified_gmt":"2024-10-02T23:34:48","slug":"la-mujer-purhepecha-una-mirada-desde-la-pobreza-de-las-comunidades","status":"publish","type":"product","link":"https:\/\/booksfrommexico.com\/es\/producto\/la-mujer-purhepecha-una-mirada-desde-la-pobreza-de-las-comunidades\/","title":{"rendered":"La mujer p&#8217;urh\u00e9pecha: Una mirada desde la pobreza de las comunidades"},"content":{"rendered":"<p><span style=\"font-weight: 400;\">La pobreza P\u2019urh\u00e9pecha de la que se habla a lo largo de estas p\u00e1ginas, tiene una connotaci\u00f3n especial ya que aqu\u00ed se cuenta de primera mano encuentros con las mujeres de la meseta P\u2019urh\u00e9pecha, conversaciones \u2013a veces tristes, a veces alegres\u2013, en donde las mujeres hablan sobre sus experiencias de vida. La autora, quien recopila testimonios, los expone y comenta, deja observaciones muy marcadas de las etapas de la vida de las mujeres, su marginaci\u00f3n, abandono, situaciones vulnerables y de riesgo. Adem\u00e1s, se abarcan temas desde la perspectiva y contexto de la mujer p\u2019urh\u00e9pecha: la familia, la comunidad, la educaci\u00f3n, la econom\u00eda familiar, la cultura, la salud y la Iglesia.<\/span><\/p>\n","protected":false},"excerpt":{"rendered":"<p>LA MUJER P&#8217;URH\u00c9PECHA : UNA MIRADA DESDE LA POBREZA DE LAS COMUNIDADES<span style=\"font-weight: 400;\">. \/ Mar\u00eda Guadalupe Hern\u00e1ndez Dimas. Michoac\u00e1n, M\u00e9xico : Secretar\u00eda de Desarrollo Social ; Instituto Michoacano de la Mujer, 2004. 108 pages : includes table, photos, bibliography ; 22 cm.<\/span><\/p>\n","protected":false},"featured_media":451,"template":"","meta":{"_acf_changed":false,"inline_featured_image":false},"product_brand":[],"product_cat":[147,148],"product_tag":[3610,3659,4101,3863],"class_list":{"0":"post-452","1":"product","2":"type-product","3":"status-publish","4":"has-post-thumbnail","6":"product_cat-estudios-de-genero","7":"product_cat-estudios-sobre-las-mujeres-estudios-de-genero","8":"product_tag-condiciones-economicas","9":"product_tag-condiciones-sociales","10":"product_tag-mujeres-es","11":"product_tag-mujeres-indigenas","13":"first","14":"instock","15":"sale","16":"taxable","17":"shipping-taxable","18":"purchasable","19":"product-type-simple"},"acf":[],"yoast_head":"<!-- This site is optimized with the Yoast SEO plugin v27.3 - https:\/\/yoast.com\/product\/yoast-seo-wordpress\/ -->\n<title>La mujer p&#039;urh\u00e9pecha: Una mirada desde la pobreza...<\/title>\n<meta name=\"description\" content=\"LA MUJER P&#039;URH\u00c9PECHA : UNA MIRADA DESDE LA POBREZA DE LAS COMUNIDADES. \/ Mar\u00eda Guadalupe Hern\u00e1ndez Dimas. Instituto Michoacano de la Mujer, 2004.\" \/>\n<meta name=\"robots\" content=\"index, follow, max-snippet:-1, max-image-preview:large, max-video-preview:-1\" \/>\n<link rel=\"canonical\" href=\"https:\/\/booksfrommexico.com\/es\/producto\/la-mujer-purhepecha-una-mirada-desde-la-pobreza-de-las-comunidades\/\" \/>\n<meta property=\"og:locale\" content=\"es_ES\" \/>\n<meta property=\"og:type\" content=\"article\" \/>\n<meta property=\"og:title\" content=\"La mujer p&#039;urh\u00e9pecha: Una mirada desde la pobreza...\" \/>\n<meta property=\"og:description\" content=\"LA MUJER P&#039;URH\u00c9PECHA : UNA MIRADA DESDE LA POBREZA DE LAS COMUNIDADES. \/ Mar\u00eda Guadalupe Hern\u00e1ndez Dimas. Instituto Michoacano de la Mujer, 2004.\" \/>\n<meta property=\"og:url\" content=\"https:\/\/booksfrommexico.com\/es\/producto\/la-mujer-purhepecha-una-mirada-desde-la-pobreza-de-las-comunidades\/\" \/>\n<meta property=\"og:site_name\" content=\"Books From Mexico\" \/>\n<meta property=\"article:modified_time\" content=\"2024-10-02T23:34:48+00:00\" \/>\n<meta property=\"og:image\" content=\"http:\/\/booksfrommexico.com\/app\/uploads\/2023\/05\/126286.jpeg\" \/>\n\t<meta property=\"og:image:width\" content=\"420\" \/>\n\t<meta property=\"og:image:height\" content=\"617\" \/>\n\t<meta property=\"og:image:type\" content=\"image\/jpeg\" \/>\n<meta name=\"twitter:card\" content=\"summary_large_image\" \/>\n<meta name=\"twitter:label1\" content=\"Tiempo de lectura\" \/>\n\t<meta name=\"twitter:data1\" content=\"1 minuto\" \/>\n<script type=\"application\/ld+json\" class=\"yoast-schema-graph\">{\"@context\":\"https:\\\/\\\/schema.org\",\"@graph\":[{\"@type\":\"WebPage\",\"@id\":\"https:\\\/\\\/booksfrommexico.com\\\/es\\\/producto\\\/la-mujer-purhepecha-una-mirada-desde-la-pobreza-de-las-comunidades\\\/\",\"url\":\"https:\\\/\\\/booksfrommexico.com\\\/es\\\/producto\\\/la-mujer-purhepecha-una-mirada-desde-la-pobreza-de-las-comunidades\\\/\",\"name\":\"La mujer p'urh\u00e9pecha: Una mirada desde la pobreza...\",\"isPartOf\":{\"@id\":\"https:\\\/\\\/booksfrommexico.com\\\/#website\"},\"primaryImageOfPage\":{\"@id\":\"https:\\\/\\\/booksfrommexico.com\\\/es\\\/producto\\\/la-mujer-purhepecha-una-mirada-desde-la-pobreza-de-las-comunidades\\\/#primaryimage\"},\"image\":{\"@id\":\"https:\\\/\\\/booksfrommexico.com\\\/es\\\/producto\\\/la-mujer-purhepecha-una-mirada-desde-la-pobreza-de-las-comunidades\\\/#primaryimage\"},\"thumbnailUrl\":\"https:\\\/\\\/booksfrommexico.com\\\/app\\\/uploads\\\/2023\\\/05\\\/126286.jpeg\",\"datePublished\":\"2023-05-08T17:02:36+00:00\",\"dateModified\":\"2024-10-02T23:34:48+00:00\",\"description\":\"LA MUJER P'URH\u00c9PECHA : UNA MIRADA DESDE LA POBREZA DE LAS COMUNIDADES. \\\/ Mar\u00eda Guadalupe Hern\u00e1ndez Dimas. Instituto Michoacano de la Mujer, 2004.\",\"breadcrumb\":{\"@id\":\"https:\\\/\\\/booksfrommexico.com\\\/es\\\/producto\\\/la-mujer-purhepecha-una-mirada-desde-la-pobreza-de-las-comunidades\\\/#breadcrumb\"},\"inLanguage\":\"es\",\"potentialAction\":[{\"@type\":\"ReadAction\",\"target\":[\"https:\\\/\\\/booksfrommexico.com\\\/es\\\/producto\\\/la-mujer-purhepecha-una-mirada-desde-la-pobreza-de-las-comunidades\\\/\"]}]},{\"@type\":\"ImageObject\",\"inLanguage\":\"es\",\"@id\":\"https:\\\/\\\/booksfrommexico.com\\\/es\\\/producto\\\/la-mujer-purhepecha-una-mirada-desde-la-pobreza-de-las-comunidades\\\/#primaryimage\",\"url\":\"https:\\\/\\\/booksfrommexico.com\\\/app\\\/uploads\\\/2023\\\/05\\\/126286.jpeg\",\"contentUrl\":\"https:\\\/\\\/booksfrommexico.com\\\/app\\\/uploads\\\/2023\\\/05\\\/126286.jpeg\",\"width\":420,\"height\":617},{\"@type\":\"BreadcrumbList\",\"@id\":\"https:\\\/\\\/booksfrommexico.com\\\/es\\\/producto\\\/la-mujer-purhepecha-una-mirada-desde-la-pobreza-de-las-comunidades\\\/#breadcrumb\",\"itemListElement\":[{\"@type\":\"ListItem\",\"position\":1,\"name\":\"Home\",\"item\":\"https:\\\/\\\/booksfrommexico.com\\\/es\\\/\"},{\"@type\":\"ListItem\",\"position\":2,\"name\":\"Libros\",\"item\":\"https:\\\/\\\/booksfrommexico.com\\\/es\\\/libros\\\/\"},{\"@type\":\"ListItem\",\"position\":3,\"name\":\"La mujer p&#8217;urh\u00e9pecha: Una mirada desde la pobreza de las comunidades\"}]},{\"@type\":\"WebSite\",\"@id\":\"https:\\\/\\\/booksfrommexico.com\\\/#website\",\"url\":\"https:\\\/\\\/booksfrommexico.com\\\/\",\"name\":\"Books From Mexico\",\"description\":\"\",\"publisher\":{\"@id\":\"https:\\\/\\\/booksfrommexico.com\\\/#organization\"},\"potentialAction\":[{\"@type\":\"SearchAction\",\"target\":{\"@type\":\"EntryPoint\",\"urlTemplate\":\"https:\\\/\\\/booksfrommexico.com\\\/?s={search_term_string}\"},\"query-input\":{\"@type\":\"PropertyValueSpecification\",\"valueRequired\":true,\"valueName\":\"search_term_string\"}}],\"inLanguage\":\"es\"},{\"@type\":\"Organization\",\"@id\":\"https:\\\/\\\/booksfrommexico.com\\\/#organization\",\"name\":\"Books From Mexico\",\"url\":\"https:\\\/\\\/booksfrommexico.com\\\/\",\"logo\":{\"@type\":\"ImageObject\",\"inLanguage\":\"es\",\"@id\":\"https:\\\/\\\/booksfrommexico.com\\\/#\\\/schema\\\/logo\\\/image\\\/\",\"url\":\"https:\\\/\\\/booksfrommexico.com\\\/app\\\/uploads\\\/2023\\\/05\\\/logo-booksfrommexico.svg\",\"contentUrl\":\"https:\\\/\\\/booksfrommexico.com\\\/app\\\/uploads\\\/2023\\\/05\\\/logo-booksfrommexico.svg\",\"width\":86,\"height\":56,\"caption\":\"Books From Mexico\"},\"image\":{\"@id\":\"https:\\\/\\\/booksfrommexico.com\\\/#\\\/schema\\\/logo\\\/image\\\/\"}}]}<\/script>\n<!-- \/ Yoast SEO plugin. -->","yoast_head_json":{"title":"La mujer p'urh\u00e9pecha: Una mirada desde la pobreza...","description":"LA MUJER P'URH\u00c9PECHA : UNA MIRADA DESDE LA POBREZA DE LAS COMUNIDADES. \/ Mar\u00eda Guadalupe Hern\u00e1ndez Dimas. Instituto Michoacano de la Mujer, 2004.","robots":{"index":"index","follow":"follow","max-snippet":"max-snippet:-1","max-image-preview":"max-image-preview:large","max-video-preview":"max-video-preview:-1"},"canonical":"https:\/\/booksfrommexico.com\/es\/producto\/la-mujer-purhepecha-una-mirada-desde-la-pobreza-de-las-comunidades\/","og_locale":"es_ES","og_type":"article","og_title":"La mujer p'urh\u00e9pecha: Una mirada desde la pobreza...","og_description":"LA MUJER P'URH\u00c9PECHA : UNA MIRADA DESDE LA POBREZA DE LAS COMUNIDADES. \/ Mar\u00eda Guadalupe Hern\u00e1ndez Dimas. Instituto Michoacano de la Mujer, 2004.","og_url":"https:\/\/booksfrommexico.com\/es\/producto\/la-mujer-purhepecha-una-mirada-desde-la-pobreza-de-las-comunidades\/","og_site_name":"Books From Mexico","article_modified_time":"2024-10-02T23:34:48+00:00","og_image":[{"width":420,"height":617,"url":"http:\/\/booksfrommexico.com\/app\/uploads\/2023\/05\/126286.jpeg","type":"image\/jpeg"}],"twitter_card":"summary_large_image","twitter_misc":{"Tiempo de lectura":"1 minuto"},"schema":{"@context":"https:\/\/schema.org","@graph":[{"@type":"WebPage","@id":"https:\/\/booksfrommexico.com\/es\/producto\/la-mujer-purhepecha-una-mirada-desde-la-pobreza-de-las-comunidades\/","url":"https:\/\/booksfrommexico.com\/es\/producto\/la-mujer-purhepecha-una-mirada-desde-la-pobreza-de-las-comunidades\/","name":"La mujer p'urh\u00e9pecha: Una mirada desde la pobreza...","isPartOf":{"@id":"https:\/\/booksfrommexico.com\/#website"},"primaryImageOfPage":{"@id":"https:\/\/booksfrommexico.com\/es\/producto\/la-mujer-purhepecha-una-mirada-desde-la-pobreza-de-las-comunidades\/#primaryimage"},"image":{"@id":"https:\/\/booksfrommexico.com\/es\/producto\/la-mujer-purhepecha-una-mirada-desde-la-pobreza-de-las-comunidades\/#primaryimage"},"thumbnailUrl":"https:\/\/booksfrommexico.com\/app\/uploads\/2023\/05\/126286.jpeg","datePublished":"2023-05-08T17:02:36+00:00","dateModified":"2024-10-02T23:34:48+00:00","description":"LA MUJER P'URH\u00c9PECHA : UNA MIRADA DESDE LA POBREZA DE LAS COMUNIDADES. \/ Mar\u00eda Guadalupe Hern\u00e1ndez Dimas. Instituto Michoacano de la Mujer, 2004.","breadcrumb":{"@id":"https:\/\/booksfrommexico.com\/es\/producto\/la-mujer-purhepecha-una-mirada-desde-la-pobreza-de-las-comunidades\/#breadcrumb"},"inLanguage":"es","potentialAction":[{"@type":"ReadAction","target":["https:\/\/booksfrommexico.com\/es\/producto\/la-mujer-purhepecha-una-mirada-desde-la-pobreza-de-las-comunidades\/"]}]},{"@type":"ImageObject","inLanguage":"es","@id":"https:\/\/booksfrommexico.com\/es\/producto\/la-mujer-purhepecha-una-mirada-desde-la-pobreza-de-las-comunidades\/#primaryimage","url":"https:\/\/booksfrommexico.com\/app\/uploads\/2023\/05\/126286.jpeg","contentUrl":"https:\/\/booksfrommexico.com\/app\/uploads\/2023\/05\/126286.jpeg","width":420,"height":617},{"@type":"BreadcrumbList","@id":"https:\/\/booksfrommexico.com\/es\/producto\/la-mujer-purhepecha-una-mirada-desde-la-pobreza-de-las-comunidades\/#breadcrumb","itemListElement":[{"@type":"ListItem","position":1,"name":"Home","item":"https:\/\/booksfrommexico.com\/es\/"},{"@type":"ListItem","position":2,"name":"Libros","item":"https:\/\/booksfrommexico.com\/es\/libros\/"},{"@type":"ListItem","position":3,"name":"La mujer p&#8217;urh\u00e9pecha: Una mirada desde la pobreza de las comunidades"}]},{"@type":"WebSite","@id":"https:\/\/booksfrommexico.com\/#website","url":"https:\/\/booksfrommexico.com\/","name":"Books From Mexico","description":"","publisher":{"@id":"https:\/\/booksfrommexico.com\/#organization"},"potentialAction":[{"@type":"SearchAction","target":{"@type":"EntryPoint","urlTemplate":"https:\/\/booksfrommexico.com\/?s={search_term_string}"},"query-input":{"@type":"PropertyValueSpecification","valueRequired":true,"valueName":"search_term_string"}}],"inLanguage":"es"},{"@type":"Organization","@id":"https:\/\/booksfrommexico.com\/#organization","name":"Books From Mexico","url":"https:\/\/booksfrommexico.com\/","logo":{"@type":"ImageObject","inLanguage":"es","@id":"https:\/\/booksfrommexico.com\/#\/schema\/logo\/image\/","url":"https:\/\/booksfrommexico.com\/app\/uploads\/2023\/05\/logo-booksfrommexico.svg","contentUrl":"https:\/\/booksfrommexico.com\/app\/uploads\/2023\/05\/logo-booksfrommexico.svg","width":86,"height":56,"caption":"Books From Mexico"},"image":{"@id":"https:\/\/booksfrommexico.com\/#\/schema\/logo\/image\/"}}]}},"_links":{"self":[{"href":"https:\/\/booksfrommexico.com\/es\/wp-json\/wp\/v2\/product\/452","targetHints":{"allow":["GET"]}}],"collection":[{"href":"https:\/\/booksfrommexico.com\/es\/wp-json\/wp\/v2\/product"}],"about":[{"href":"https:\/\/booksfrommexico.com\/es\/wp-json\/wp\/v2\/types\/product"}],"wp:featuredmedia":[{"embeddable":true,"href":"https:\/\/booksfrommexico.com\/es\/wp-json\/wp\/v2\/media\/451"}],"wp:attachment":[{"href":"https:\/\/booksfrommexico.com\/es\/wp-json\/wp\/v2\/media?parent=452"}],"wp:term":[{"taxonomy":"product_brand","embeddable":true,"href":"https:\/\/booksfrommexico.com\/es\/wp-json\/wp\/v2\/product_brand?post=452"},{"taxonomy":"product_cat","embeddable":true,"href":"https:\/\/booksfrommexico.com\/es\/wp-json\/wp\/v2\/product_cat?post=452"},{"taxonomy":"product_tag","embeddable":true,"href":"https:\/\/booksfrommexico.com\/es\/wp-json\/wp\/v2\/product_tag?post=452"}],"curies":[{"name":"wp","href":"https:\/\/api.w.org\/{rel}","templated":true}]}}