{"id":456,"date":"2023-05-08T17:02:40","date_gmt":"2023-05-08T17:02:40","guid":{"rendered":"http:\/\/booksfrommexico.com\/product\/museo-de-arte-moderno-40-anos\/"},"modified":"2024-10-02T23:36:15","modified_gmt":"2024-10-02T23:36:15","slug":"museo-de-arte-moderno-40-anos","status":"publish","type":"product","link":"https:\/\/booksfrommexico.com\/es\/producto\/museo-de-arte-moderno-40-anos\/","title":{"rendered":"Museo de arte moderno: 40 a\u00f1os"},"content":{"rendered":"<p><span style=\"font-weight: 400;\">El Museo de Arte Moderno es el foro por excelencia de los creadores pl\u00e1sticos donde se han expuesto a maestros del arte moderno y tambi\u00e9n las n\u00f3veles generaciones, siendo un punto clave en el panorama cultural de M\u00e9xico. El Consejo Nacional para la Cultura y las Artes celebra los 40 a\u00f1os de existencia del Museo de Arte Moderno de M\u00e9xico con la publicaci\u00f3n de este t\u00edtulo. Este cat\u00e1logo es un recorrido ilustrado por el vasto camino de cuatro d\u00e9cadas de existencia y que comparte aqu\u00ed las obras de los artistas y de las escuelas m\u00e1s representativas de la pl\u00e1stica mexicana.\u00a0<\/span><\/p>\n","protected":false},"excerpt":{"rendered":"<p>MUSEO DE ARTE MODERNO : 40 A\u00d1OS<span style=\"font-weight: 400;\">. \/ M\u00e9xico, D.F. : Consejo Nacional para la Cultura y las Artes , Instituto Nacional de Bellas Artes, 2005. [70 unpaged sheets] : includes color photos ; 30 cm.\u00a0 ISBN :\u00a0 9709303331. <\/span><\/p>\n","protected":false},"featured_media":455,"template":"","meta":{"_acf_changed":false,"inline_featured_image":false},"product_brand":[],"product_cat":[87,400],"product_tag":[4044,4341,4201,3671,4043,3594,4047],"class_list":{"0":"post-456","1":"product","2":"type-product","3":"status-publish","4":"has-post-thumbnail","6":"product_cat-arte","7":"product_cat-catalogos-de-exposiciones-arte","8":"product_tag-arte","9":"product_tag-cultura","10":"product_tag-dibujo-y-pintura","11":"product_tag-exposiciones","12":"product_tag-fotografia","13":"product_tag-mexico","14":"product_tag-pintura-oleo","16":"first","17":"instock","18":"sale","19":"taxable","20":"shipping-taxable","21":"purchasable","22":"product-type-simple"},"acf":[],"yoast_head":"<!-- This site is optimized with the Yoast SEO plugin v27.3 - https:\/\/yoast.com\/product\/yoast-seo-wordpress\/ -->\n<title>Museo de arte moderno: 40 a\u00f1os<\/title>\n<meta name=\"description\" content=\"MUSEO DE ARTE MODERNO : 40 A\u00d1OS. \/ Consejo Nacional para la Cultura y las Artes , Instituto Nacional de Bellas Artes, 2005. ISBN : 9709303331.\" \/>\n<meta name=\"robots\" content=\"index, follow, max-snippet:-1, max-image-preview:large, max-video-preview:-1\" \/>\n<link rel=\"canonical\" href=\"https:\/\/booksfrommexico.com\/es\/producto\/museo-de-arte-moderno-40-anos\/\" \/>\n<meta property=\"og:locale\" content=\"es_ES\" \/>\n<meta property=\"og:type\" content=\"article\" \/>\n<meta property=\"og:title\" content=\"Museo de arte moderno: 40 a\u00f1os\" \/>\n<meta property=\"og:description\" content=\"MUSEO DE ARTE MODERNO : 40 A\u00d1OS. \/ Consejo Nacional para la Cultura y las Artes , Instituto Nacional de Bellas Artes, 2005. ISBN : 9709303331.\" \/>\n<meta property=\"og:url\" content=\"https:\/\/booksfrommexico.com\/es\/producto\/museo-de-arte-moderno-40-anos\/\" \/>\n<meta property=\"og:site_name\" content=\"Books From Mexico\" \/>\n<meta property=\"article:modified_time\" content=\"2024-10-02T23:36:15+00:00\" \/>\n<meta property=\"og:image\" content=\"http:\/\/booksfrommexico.com\/app\/uploads\/2023\/05\/126927.jpeg\" \/>\n\t<meta property=\"og:image:width\" content=\"625\" \/>\n\t<meta property=\"og:image:height\" content=\"795\" \/>\n\t<meta property=\"og:image:type\" content=\"image\/jpeg\" \/>\n<meta name=\"twitter:card\" content=\"summary_large_image\" \/>\n<meta name=\"twitter:label1\" content=\"Tiempo de lectura\" \/>\n\t<meta name=\"twitter:data1\" content=\"1 minuto\" \/>\n<script type=\"application\/ld+json\" class=\"yoast-schema-graph\">{\"@context\":\"https:\\\/\\\/schema.org\",\"@graph\":[{\"@type\":\"WebPage\",\"@id\":\"https:\\\/\\\/booksfrommexico.com\\\/es\\\/producto\\\/museo-de-arte-moderno-40-anos\\\/\",\"url\":\"https:\\\/\\\/booksfrommexico.com\\\/es\\\/producto\\\/museo-de-arte-moderno-40-anos\\\/\",\"name\":\"Museo de arte moderno: 40 a\u00f1os\",\"isPartOf\":{\"@id\":\"https:\\\/\\\/booksfrommexico.com\\\/#website\"},\"primaryImageOfPage\":{\"@id\":\"https:\\\/\\\/booksfrommexico.com\\\/es\\\/producto\\\/museo-de-arte-moderno-40-anos\\\/#primaryimage\"},\"image\":{\"@id\":\"https:\\\/\\\/booksfrommexico.com\\\/es\\\/producto\\\/museo-de-arte-moderno-40-anos\\\/#primaryimage\"},\"thumbnailUrl\":\"https:\\\/\\\/booksfrommexico.com\\\/app\\\/uploads\\\/2023\\\/05\\\/126927.jpeg\",\"datePublished\":\"2023-05-08T17:02:40+00:00\",\"dateModified\":\"2024-10-02T23:36:15+00:00\",\"description\":\"MUSEO DE ARTE MODERNO : 40 A\u00d1OS. \\\/ Consejo Nacional para la Cultura y las Artes , Instituto Nacional de Bellas Artes, 2005. ISBN : 9709303331.\",\"breadcrumb\":{\"@id\":\"https:\\\/\\\/booksfrommexico.com\\\/es\\\/producto\\\/museo-de-arte-moderno-40-anos\\\/#breadcrumb\"},\"inLanguage\":\"es\",\"potentialAction\":[{\"@type\":\"ReadAction\",\"target\":[\"https:\\\/\\\/booksfrommexico.com\\\/es\\\/producto\\\/museo-de-arte-moderno-40-anos\\\/\"]}]},{\"@type\":\"ImageObject\",\"inLanguage\":\"es\",\"@id\":\"https:\\\/\\\/booksfrommexico.com\\\/es\\\/producto\\\/museo-de-arte-moderno-40-anos\\\/#primaryimage\",\"url\":\"https:\\\/\\\/booksfrommexico.com\\\/app\\\/uploads\\\/2023\\\/05\\\/126927.jpeg\",\"contentUrl\":\"https:\\\/\\\/booksfrommexico.com\\\/app\\\/uploads\\\/2023\\\/05\\\/126927.jpeg\",\"width\":625,\"height\":795},{\"@type\":\"BreadcrumbList\",\"@id\":\"https:\\\/\\\/booksfrommexico.com\\\/es\\\/producto\\\/museo-de-arte-moderno-40-anos\\\/#breadcrumb\",\"itemListElement\":[{\"@type\":\"ListItem\",\"position\":1,\"name\":\"Home\",\"item\":\"https:\\\/\\\/booksfrommexico.com\\\/es\\\/\"},{\"@type\":\"ListItem\",\"position\":2,\"name\":\"Libros\",\"item\":\"https:\\\/\\\/booksfrommexico.com\\\/es\\\/libros\\\/\"},{\"@type\":\"ListItem\",\"position\":3,\"name\":\"Museo de arte moderno: 40 a\u00f1os\"}]},{\"@type\":\"WebSite\",\"@id\":\"https:\\\/\\\/booksfrommexico.com\\\/#website\",\"url\":\"https:\\\/\\\/booksfrommexico.com\\\/\",\"name\":\"Books From Mexico\",\"description\":\"\",\"publisher\":{\"@id\":\"https:\\\/\\\/booksfrommexico.com\\\/#organization\"},\"potentialAction\":[{\"@type\":\"SearchAction\",\"target\":{\"@type\":\"EntryPoint\",\"urlTemplate\":\"https:\\\/\\\/booksfrommexico.com\\\/?s={search_term_string}\"},\"query-input\":{\"@type\":\"PropertyValueSpecification\",\"valueRequired\":true,\"valueName\":\"search_term_string\"}}],\"inLanguage\":\"es\"},{\"@type\":\"Organization\",\"@id\":\"https:\\\/\\\/booksfrommexico.com\\\/#organization\",\"name\":\"Books From Mexico\",\"url\":\"https:\\\/\\\/booksfrommexico.com\\\/\",\"logo\":{\"@type\":\"ImageObject\",\"inLanguage\":\"es\",\"@id\":\"https:\\\/\\\/booksfrommexico.com\\\/#\\\/schema\\\/logo\\\/image\\\/\",\"url\":\"https:\\\/\\\/booksfrommexico.com\\\/app\\\/uploads\\\/2023\\\/05\\\/logo-booksfrommexico.svg\",\"contentUrl\":\"https:\\\/\\\/booksfrommexico.com\\\/app\\\/uploads\\\/2023\\\/05\\\/logo-booksfrommexico.svg\",\"width\":86,\"height\":56,\"caption\":\"Books From Mexico\"},\"image\":{\"@id\":\"https:\\\/\\\/booksfrommexico.com\\\/#\\\/schema\\\/logo\\\/image\\\/\"}}]}<\/script>\n<!-- \/ Yoast SEO plugin. -->","yoast_head_json":{"title":"Museo de arte moderno: 40 a\u00f1os","description":"MUSEO DE ARTE MODERNO : 40 A\u00d1OS. \/ Consejo Nacional para la Cultura y las Artes , Instituto Nacional de Bellas Artes, 2005. ISBN : 9709303331.","robots":{"index":"index","follow":"follow","max-snippet":"max-snippet:-1","max-image-preview":"max-image-preview:large","max-video-preview":"max-video-preview:-1"},"canonical":"https:\/\/booksfrommexico.com\/es\/producto\/museo-de-arte-moderno-40-anos\/","og_locale":"es_ES","og_type":"article","og_title":"Museo de arte moderno: 40 a\u00f1os","og_description":"MUSEO DE ARTE MODERNO : 40 A\u00d1OS. \/ Consejo Nacional para la Cultura y las Artes , Instituto Nacional de Bellas Artes, 2005. ISBN : 9709303331.","og_url":"https:\/\/booksfrommexico.com\/es\/producto\/museo-de-arte-moderno-40-anos\/","og_site_name":"Books From Mexico","article_modified_time":"2024-10-02T23:36:15+00:00","og_image":[{"width":625,"height":795,"url":"http:\/\/booksfrommexico.com\/app\/uploads\/2023\/05\/126927.jpeg","type":"image\/jpeg"}],"twitter_card":"summary_large_image","twitter_misc":{"Tiempo de lectura":"1 minuto"},"schema":{"@context":"https:\/\/schema.org","@graph":[{"@type":"WebPage","@id":"https:\/\/booksfrommexico.com\/es\/producto\/museo-de-arte-moderno-40-anos\/","url":"https:\/\/booksfrommexico.com\/es\/producto\/museo-de-arte-moderno-40-anos\/","name":"Museo de arte moderno: 40 a\u00f1os","isPartOf":{"@id":"https:\/\/booksfrommexico.com\/#website"},"primaryImageOfPage":{"@id":"https:\/\/booksfrommexico.com\/es\/producto\/museo-de-arte-moderno-40-anos\/#primaryimage"},"image":{"@id":"https:\/\/booksfrommexico.com\/es\/producto\/museo-de-arte-moderno-40-anos\/#primaryimage"},"thumbnailUrl":"https:\/\/booksfrommexico.com\/app\/uploads\/2023\/05\/126927.jpeg","datePublished":"2023-05-08T17:02:40+00:00","dateModified":"2024-10-02T23:36:15+00:00","description":"MUSEO DE ARTE MODERNO : 40 A\u00d1OS. \/ Consejo Nacional para la Cultura y las Artes , Instituto Nacional de Bellas Artes, 2005. ISBN : 9709303331.","breadcrumb":{"@id":"https:\/\/booksfrommexico.com\/es\/producto\/museo-de-arte-moderno-40-anos\/#breadcrumb"},"inLanguage":"es","potentialAction":[{"@type":"ReadAction","target":["https:\/\/booksfrommexico.com\/es\/producto\/museo-de-arte-moderno-40-anos\/"]}]},{"@type":"ImageObject","inLanguage":"es","@id":"https:\/\/booksfrommexico.com\/es\/producto\/museo-de-arte-moderno-40-anos\/#primaryimage","url":"https:\/\/booksfrommexico.com\/app\/uploads\/2023\/05\/126927.jpeg","contentUrl":"https:\/\/booksfrommexico.com\/app\/uploads\/2023\/05\/126927.jpeg","width":625,"height":795},{"@type":"BreadcrumbList","@id":"https:\/\/booksfrommexico.com\/es\/producto\/museo-de-arte-moderno-40-anos\/#breadcrumb","itemListElement":[{"@type":"ListItem","position":1,"name":"Home","item":"https:\/\/booksfrommexico.com\/es\/"},{"@type":"ListItem","position":2,"name":"Libros","item":"https:\/\/booksfrommexico.com\/es\/libros\/"},{"@type":"ListItem","position":3,"name":"Museo de arte moderno: 40 a\u00f1os"}]},{"@type":"WebSite","@id":"https:\/\/booksfrommexico.com\/#website","url":"https:\/\/booksfrommexico.com\/","name":"Books From Mexico","description":"","publisher":{"@id":"https:\/\/booksfrommexico.com\/#organization"},"potentialAction":[{"@type":"SearchAction","target":{"@type":"EntryPoint","urlTemplate":"https:\/\/booksfrommexico.com\/?s={search_term_string}"},"query-input":{"@type":"PropertyValueSpecification","valueRequired":true,"valueName":"search_term_string"}}],"inLanguage":"es"},{"@type":"Organization","@id":"https:\/\/booksfrommexico.com\/#organization","name":"Books From Mexico","url":"https:\/\/booksfrommexico.com\/","logo":{"@type":"ImageObject","inLanguage":"es","@id":"https:\/\/booksfrommexico.com\/#\/schema\/logo\/image\/","url":"https:\/\/booksfrommexico.com\/app\/uploads\/2023\/05\/logo-booksfrommexico.svg","contentUrl":"https:\/\/booksfrommexico.com\/app\/uploads\/2023\/05\/logo-booksfrommexico.svg","width":86,"height":56,"caption":"Books From Mexico"},"image":{"@id":"https:\/\/booksfrommexico.com\/#\/schema\/logo\/image\/"}}]}},"_links":{"self":[{"href":"https:\/\/booksfrommexico.com\/es\/wp-json\/wp\/v2\/product\/456","targetHints":{"allow":["GET"]}}],"collection":[{"href":"https:\/\/booksfrommexico.com\/es\/wp-json\/wp\/v2\/product"}],"about":[{"href":"https:\/\/booksfrommexico.com\/es\/wp-json\/wp\/v2\/types\/product"}],"wp:featuredmedia":[{"embeddable":true,"href":"https:\/\/booksfrommexico.com\/es\/wp-json\/wp\/v2\/media\/455"}],"wp:attachment":[{"href":"https:\/\/booksfrommexico.com\/es\/wp-json\/wp\/v2\/media?parent=456"}],"wp:term":[{"taxonomy":"product_brand","embeddable":true,"href":"https:\/\/booksfrommexico.com\/es\/wp-json\/wp\/v2\/product_brand?post=456"},{"taxonomy":"product_cat","embeddable":true,"href":"https:\/\/booksfrommexico.com\/es\/wp-json\/wp\/v2\/product_cat?post=456"},{"taxonomy":"product_tag","embeddable":true,"href":"https:\/\/booksfrommexico.com\/es\/wp-json\/wp\/v2\/product_tag?post=456"}],"curies":[{"name":"wp","href":"https:\/\/api.w.org\/{rel}","templated":true}]}}