{"id":458,"date":"2023-05-08T17:02:41","date_gmt":"2023-05-08T17:02:41","guid":{"rendered":"http:\/\/booksfrommexico.com\/product\/reportes-consulares-estadounidenses-en-colima-durante-la-guerra-cristera-1927-1932\/"},"modified":"2024-10-07T22:50:04","modified_gmt":"2024-10-07T22:50:04","slug":"reportes-consulares-estadounidenses-en-colima-durante-la-guerra-cristera-1927-1932","status":"publish","type":"product","link":"https:\/\/booksfrommexico.com\/es\/producto\/reportes-consulares-estadounidenses-en-colima-durante-la-guerra-cristera-1927-1932\/","title":{"rendered":"Reportes consulares estadounidenses en Colima durante la Guerra Cristera (1927-1932)"},"content":{"rendered":"<p><span style=\"font-weight: 400;\">Los documentos que se presentan aqu\u00ed fueron obtenidos por Francisco Toledo en Washington, D.C., buscando preservar y divulgar todo material que pueda contribuir a formar un acervo de la historia y la cultura del pueblo zapoteco. Estos reportes consulares hacen referencia directa al papel desempe\u00f1ado por el general Heliodoro Charis y sus tropas zapotecas en la zona de Colima durante la Guerra Cristera. Con esta recopilaci\u00f3n se ofrece una dimensi\u00f3n de la importancia que la participaci\u00f3n istme\u00f1a ha tenido en la historia de M\u00e9xico, as\u00ed como proporciona un contexto hist\u00f3rico sobre las transiciones pol\u00edticas de la \u00e9poca y los intereses pol\u00edticos en Colima que preocupaban a los Estados Unidos.<\/span><\/p>\n","protected":false},"excerpt":{"rendered":"<p>REPORTES CONSULARES ESTADOUNIDENSES EN COLIMA DURANTE LA GUERRA CRISTERA (1927-1932)<span style=\"font-weight: 400;\">. \/ Luis Roberto Vera. Puebla, M\u00e9xico : Benem\u00e9rita Universidad Aut\u00f3noma de Puebla , Facultad de Filosof\u00eda y Letras , Direcci\u00f3n de Fomento Editorial, 2004. 95 pages : includes notes, references, bibliography ; 21 cm. ISBN : 9688637645. <\/span><\/p>\n","protected":false},"featured_media":457,"template":"","meta":{"_acf_changed":false,"inline_featured_image":false},"product_brand":[],"product_cat":[27,73],"product_tag":[4528,4398,3643,3649],"class_list":{"0":"post-458","1":"product","2":"type-product","3":"status-publish","4":"has-post-thumbnail","6":"product_cat-historia","7":"product_cat-revolucion-historia","8":"product_tag-guerra-cristera","9":"product_tag-historia-mexico","10":"product_tag-politica-exterior","11":"product_tag-siglo-xx","13":"first","14":"instock","15":"sale","16":"taxable","17":"shipping-taxable","18":"purchasable","19":"product-type-simple"},"acf":[],"yoast_head":"<!-- This site is optimized with the Yoast SEO plugin v27.3 - https:\/\/yoast.com\/product\/yoast-seo-wordpress\/ -->\n<title>Reportes consulares estadounidenses en Colima Guerra Cristera<\/title>\n<meta name=\"description\" content=\"REPORTES CONSULARES ESTADOUNIDENSES EN COLIMA DURANTE LA GUERRA CRISTERA (1927-1932). \/ Luis Roberto Vera. Puebla, M\u00e9xico : BUAP, 2004. ISBN : 9688637645.\" \/>\n<meta name=\"robots\" content=\"index, follow, max-snippet:-1, max-image-preview:large, max-video-preview:-1\" \/>\n<link rel=\"canonical\" href=\"https:\/\/booksfrommexico.com\/es\/producto\/reportes-consulares-estadounidenses-en-colima-durante-la-guerra-cristera-1927-1932\/\" \/>\n<meta property=\"og:locale\" content=\"es_ES\" \/>\n<meta property=\"og:type\" content=\"article\" \/>\n<meta property=\"og:title\" content=\"Reportes consulares estadounidenses en Colima Guerra Cristera\" \/>\n<meta property=\"og:description\" content=\"REPORTES CONSULARES ESTADOUNIDENSES EN COLIMA DURANTE LA GUERRA CRISTERA (1927-1932). \/ Luis Roberto Vera. Puebla, M\u00e9xico : BUAP, 2004. ISBN : 9688637645.\" \/>\n<meta property=\"og:url\" content=\"https:\/\/booksfrommexico.com\/es\/producto\/reportes-consulares-estadounidenses-en-colima-durante-la-guerra-cristera-1927-1932\/\" \/>\n<meta property=\"og:site_name\" content=\"Books From Mexico\" \/>\n<meta property=\"article:modified_time\" content=\"2024-10-07T22:50:04+00:00\" \/>\n<meta property=\"og:image\" content=\"http:\/\/booksfrommexico.com\/app\/uploads\/2023\/05\/126119.jpeg\" \/>\n\t<meta property=\"og:image:width\" content=\"394\" \/>\n\t<meta property=\"og:image:height\" content=\"607\" \/>\n\t<meta property=\"og:image:type\" content=\"image\/jpeg\" \/>\n<meta name=\"twitter:card\" content=\"summary_large_image\" \/>\n<meta name=\"twitter:label1\" content=\"Tiempo de lectura\" \/>\n\t<meta name=\"twitter:data1\" content=\"1 minuto\" \/>\n<script type=\"application\/ld+json\" class=\"yoast-schema-graph\">{\"@context\":\"https:\\\/\\\/schema.org\",\"@graph\":[{\"@type\":\"WebPage\",\"@id\":\"https:\\\/\\\/booksfrommexico.com\\\/es\\\/producto\\\/reportes-consulares-estadounidenses-en-colima-durante-la-guerra-cristera-1927-1932\\\/\",\"url\":\"https:\\\/\\\/booksfrommexico.com\\\/es\\\/producto\\\/reportes-consulares-estadounidenses-en-colima-durante-la-guerra-cristera-1927-1932\\\/\",\"name\":\"Reportes consulares estadounidenses en Colima Guerra Cristera\",\"isPartOf\":{\"@id\":\"https:\\\/\\\/booksfrommexico.com\\\/#website\"},\"primaryImageOfPage\":{\"@id\":\"https:\\\/\\\/booksfrommexico.com\\\/es\\\/producto\\\/reportes-consulares-estadounidenses-en-colima-durante-la-guerra-cristera-1927-1932\\\/#primaryimage\"},\"image\":{\"@id\":\"https:\\\/\\\/booksfrommexico.com\\\/es\\\/producto\\\/reportes-consulares-estadounidenses-en-colima-durante-la-guerra-cristera-1927-1932\\\/#primaryimage\"},\"thumbnailUrl\":\"https:\\\/\\\/booksfrommexico.com\\\/app\\\/uploads\\\/2023\\\/05\\\/126119.jpeg\",\"datePublished\":\"2023-05-08T17:02:41+00:00\",\"dateModified\":\"2024-10-07T22:50:04+00:00\",\"description\":\"REPORTES CONSULARES ESTADOUNIDENSES EN COLIMA DURANTE LA GUERRA CRISTERA (1927-1932). \\\/ Luis Roberto Vera. Puebla, M\u00e9xico : BUAP, 2004. ISBN : 9688637645.\",\"breadcrumb\":{\"@id\":\"https:\\\/\\\/booksfrommexico.com\\\/es\\\/producto\\\/reportes-consulares-estadounidenses-en-colima-durante-la-guerra-cristera-1927-1932\\\/#breadcrumb\"},\"inLanguage\":\"es\",\"potentialAction\":[{\"@type\":\"ReadAction\",\"target\":[\"https:\\\/\\\/booksfrommexico.com\\\/es\\\/producto\\\/reportes-consulares-estadounidenses-en-colima-durante-la-guerra-cristera-1927-1932\\\/\"]}]},{\"@type\":\"ImageObject\",\"inLanguage\":\"es\",\"@id\":\"https:\\\/\\\/booksfrommexico.com\\\/es\\\/producto\\\/reportes-consulares-estadounidenses-en-colima-durante-la-guerra-cristera-1927-1932\\\/#primaryimage\",\"url\":\"https:\\\/\\\/booksfrommexico.com\\\/app\\\/uploads\\\/2023\\\/05\\\/126119.jpeg\",\"contentUrl\":\"https:\\\/\\\/booksfrommexico.com\\\/app\\\/uploads\\\/2023\\\/05\\\/126119.jpeg\",\"width\":394,\"height\":607},{\"@type\":\"BreadcrumbList\",\"@id\":\"https:\\\/\\\/booksfrommexico.com\\\/es\\\/producto\\\/reportes-consulares-estadounidenses-en-colima-durante-la-guerra-cristera-1927-1932\\\/#breadcrumb\",\"itemListElement\":[{\"@type\":\"ListItem\",\"position\":1,\"name\":\"Home\",\"item\":\"https:\\\/\\\/booksfrommexico.com\\\/es\\\/\"},{\"@type\":\"ListItem\",\"position\":2,\"name\":\"Libros\",\"item\":\"https:\\\/\\\/booksfrommexico.com\\\/es\\\/libros\\\/\"},{\"@type\":\"ListItem\",\"position\":3,\"name\":\"Reportes consulares estadounidenses en Colima durante la Guerra Cristera (1927-1932)\"}]},{\"@type\":\"WebSite\",\"@id\":\"https:\\\/\\\/booksfrommexico.com\\\/#website\",\"url\":\"https:\\\/\\\/booksfrommexico.com\\\/\",\"name\":\"Books From Mexico\",\"description\":\"\",\"publisher\":{\"@id\":\"https:\\\/\\\/booksfrommexico.com\\\/#organization\"},\"potentialAction\":[{\"@type\":\"SearchAction\",\"target\":{\"@type\":\"EntryPoint\",\"urlTemplate\":\"https:\\\/\\\/booksfrommexico.com\\\/?s={search_term_string}\"},\"query-input\":{\"@type\":\"PropertyValueSpecification\",\"valueRequired\":true,\"valueName\":\"search_term_string\"}}],\"inLanguage\":\"es\"},{\"@type\":\"Organization\",\"@id\":\"https:\\\/\\\/booksfrommexico.com\\\/#organization\",\"name\":\"Books From Mexico\",\"url\":\"https:\\\/\\\/booksfrommexico.com\\\/\",\"logo\":{\"@type\":\"ImageObject\",\"inLanguage\":\"es\",\"@id\":\"https:\\\/\\\/booksfrommexico.com\\\/#\\\/schema\\\/logo\\\/image\\\/\",\"url\":\"https:\\\/\\\/booksfrommexico.com\\\/app\\\/uploads\\\/2023\\\/05\\\/logo-booksfrommexico.svg\",\"contentUrl\":\"https:\\\/\\\/booksfrommexico.com\\\/app\\\/uploads\\\/2023\\\/05\\\/logo-booksfrommexico.svg\",\"width\":86,\"height\":56,\"caption\":\"Books From Mexico\"},\"image\":{\"@id\":\"https:\\\/\\\/booksfrommexico.com\\\/#\\\/schema\\\/logo\\\/image\\\/\"}}]}<\/script>\n<!-- \/ Yoast SEO plugin. -->","yoast_head_json":{"title":"Reportes consulares estadounidenses en Colima Guerra Cristera","description":"REPORTES CONSULARES ESTADOUNIDENSES EN COLIMA DURANTE LA GUERRA CRISTERA (1927-1932). \/ Luis Roberto Vera. Puebla, M\u00e9xico : BUAP, 2004. ISBN : 9688637645.","robots":{"index":"index","follow":"follow","max-snippet":"max-snippet:-1","max-image-preview":"max-image-preview:large","max-video-preview":"max-video-preview:-1"},"canonical":"https:\/\/booksfrommexico.com\/es\/producto\/reportes-consulares-estadounidenses-en-colima-durante-la-guerra-cristera-1927-1932\/","og_locale":"es_ES","og_type":"article","og_title":"Reportes consulares estadounidenses en Colima Guerra Cristera","og_description":"REPORTES CONSULARES ESTADOUNIDENSES EN COLIMA DURANTE LA GUERRA CRISTERA (1927-1932). \/ Luis Roberto Vera. Puebla, M\u00e9xico : BUAP, 2004. ISBN : 9688637645.","og_url":"https:\/\/booksfrommexico.com\/es\/producto\/reportes-consulares-estadounidenses-en-colima-durante-la-guerra-cristera-1927-1932\/","og_site_name":"Books From Mexico","article_modified_time":"2024-10-07T22:50:04+00:00","og_image":[{"width":394,"height":607,"url":"http:\/\/booksfrommexico.com\/app\/uploads\/2023\/05\/126119.jpeg","type":"image\/jpeg"}],"twitter_card":"summary_large_image","twitter_misc":{"Tiempo de lectura":"1 minuto"},"schema":{"@context":"https:\/\/schema.org","@graph":[{"@type":"WebPage","@id":"https:\/\/booksfrommexico.com\/es\/producto\/reportes-consulares-estadounidenses-en-colima-durante-la-guerra-cristera-1927-1932\/","url":"https:\/\/booksfrommexico.com\/es\/producto\/reportes-consulares-estadounidenses-en-colima-durante-la-guerra-cristera-1927-1932\/","name":"Reportes consulares estadounidenses en Colima Guerra Cristera","isPartOf":{"@id":"https:\/\/booksfrommexico.com\/#website"},"primaryImageOfPage":{"@id":"https:\/\/booksfrommexico.com\/es\/producto\/reportes-consulares-estadounidenses-en-colima-durante-la-guerra-cristera-1927-1932\/#primaryimage"},"image":{"@id":"https:\/\/booksfrommexico.com\/es\/producto\/reportes-consulares-estadounidenses-en-colima-durante-la-guerra-cristera-1927-1932\/#primaryimage"},"thumbnailUrl":"https:\/\/booksfrommexico.com\/app\/uploads\/2023\/05\/126119.jpeg","datePublished":"2023-05-08T17:02:41+00:00","dateModified":"2024-10-07T22:50:04+00:00","description":"REPORTES CONSULARES ESTADOUNIDENSES EN COLIMA DURANTE LA GUERRA CRISTERA (1927-1932). \/ Luis Roberto Vera. Puebla, M\u00e9xico : BUAP, 2004. ISBN : 9688637645.","breadcrumb":{"@id":"https:\/\/booksfrommexico.com\/es\/producto\/reportes-consulares-estadounidenses-en-colima-durante-la-guerra-cristera-1927-1932\/#breadcrumb"},"inLanguage":"es","potentialAction":[{"@type":"ReadAction","target":["https:\/\/booksfrommexico.com\/es\/producto\/reportes-consulares-estadounidenses-en-colima-durante-la-guerra-cristera-1927-1932\/"]}]},{"@type":"ImageObject","inLanguage":"es","@id":"https:\/\/booksfrommexico.com\/es\/producto\/reportes-consulares-estadounidenses-en-colima-durante-la-guerra-cristera-1927-1932\/#primaryimage","url":"https:\/\/booksfrommexico.com\/app\/uploads\/2023\/05\/126119.jpeg","contentUrl":"https:\/\/booksfrommexico.com\/app\/uploads\/2023\/05\/126119.jpeg","width":394,"height":607},{"@type":"BreadcrumbList","@id":"https:\/\/booksfrommexico.com\/es\/producto\/reportes-consulares-estadounidenses-en-colima-durante-la-guerra-cristera-1927-1932\/#breadcrumb","itemListElement":[{"@type":"ListItem","position":1,"name":"Home","item":"https:\/\/booksfrommexico.com\/es\/"},{"@type":"ListItem","position":2,"name":"Libros","item":"https:\/\/booksfrommexico.com\/es\/libros\/"},{"@type":"ListItem","position":3,"name":"Reportes consulares estadounidenses en Colima durante la Guerra Cristera (1927-1932)"}]},{"@type":"WebSite","@id":"https:\/\/booksfrommexico.com\/#website","url":"https:\/\/booksfrommexico.com\/","name":"Books From Mexico","description":"","publisher":{"@id":"https:\/\/booksfrommexico.com\/#organization"},"potentialAction":[{"@type":"SearchAction","target":{"@type":"EntryPoint","urlTemplate":"https:\/\/booksfrommexico.com\/?s={search_term_string}"},"query-input":{"@type":"PropertyValueSpecification","valueRequired":true,"valueName":"search_term_string"}}],"inLanguage":"es"},{"@type":"Organization","@id":"https:\/\/booksfrommexico.com\/#organization","name":"Books From Mexico","url":"https:\/\/booksfrommexico.com\/","logo":{"@type":"ImageObject","inLanguage":"es","@id":"https:\/\/booksfrommexico.com\/#\/schema\/logo\/image\/","url":"https:\/\/booksfrommexico.com\/app\/uploads\/2023\/05\/logo-booksfrommexico.svg","contentUrl":"https:\/\/booksfrommexico.com\/app\/uploads\/2023\/05\/logo-booksfrommexico.svg","width":86,"height":56,"caption":"Books From Mexico"},"image":{"@id":"https:\/\/booksfrommexico.com\/#\/schema\/logo\/image\/"}}]}},"_links":{"self":[{"href":"https:\/\/booksfrommexico.com\/es\/wp-json\/wp\/v2\/product\/458","targetHints":{"allow":["GET"]}}],"collection":[{"href":"https:\/\/booksfrommexico.com\/es\/wp-json\/wp\/v2\/product"}],"about":[{"href":"https:\/\/booksfrommexico.com\/es\/wp-json\/wp\/v2\/types\/product"}],"wp:featuredmedia":[{"embeddable":true,"href":"https:\/\/booksfrommexico.com\/es\/wp-json\/wp\/v2\/media\/457"}],"wp:attachment":[{"href":"https:\/\/booksfrommexico.com\/es\/wp-json\/wp\/v2\/media?parent=458"}],"wp:term":[{"taxonomy":"product_brand","embeddable":true,"href":"https:\/\/booksfrommexico.com\/es\/wp-json\/wp\/v2\/product_brand?post=458"},{"taxonomy":"product_cat","embeddable":true,"href":"https:\/\/booksfrommexico.com\/es\/wp-json\/wp\/v2\/product_cat?post=458"},{"taxonomy":"product_tag","embeddable":true,"href":"https:\/\/booksfrommexico.com\/es\/wp-json\/wp\/v2\/product_tag?post=458"}],"curies":[{"name":"wp","href":"https:\/\/api.w.org\/{rel}","templated":true}]}}