{"id":4586,"date":"2024-01-23T19:58:12","date_gmt":"2024-01-23T19:58:12","guid":{"rendered":"https:\/\/booksfrommexico.com\/product\/el-rubaiyat-de-omar-khayyam-cuartinas\/"},"modified":"2024-02-14T20:55:59","modified_gmt":"2024-02-14T20:55:59","slug":"el-rubaiyat-de-omar-khayyam-cuartinas","status":"publish","type":"product","link":"https:\/\/booksfrommexico.com\/es\/producto\/el-rubaiyat-de-omar-khayyam-cuartinas\/","title":{"rendered":"El Rubaiyat de Omar Khayyam: Cuartinas"},"content":{"rendered":"<p><span style=\"font-weight: 400;\">Omar Khayy\u00e2m fue un hombre prodigioso que incursion\u00f3 en la astrolog\u00eda, matem\u00e1ticas, filosof\u00eda, poes\u00eda, m\u00fasica y medicina en la Persia Medieval, conocido en su tiempo como un libertino, m\u00edstico y profeta. Sus poemas son m\u00e1s bien cuartetos, denominados <\/span><i><span style=\"font-weight: 400;\">rubaiyats,<\/span><\/i><span style=\"font-weight: 400;\"> de los cuales escribi\u00f3 hasta un millar sobre la naturaleza y el ser humano. En este ejemplar se encuentran m\u00e1s de cien y est\u00e1n acompa\u00f1ados por otros <\/span><i><span style=\"font-weight: 400;\">rubaiyats <\/span><\/i><span style=\"font-weight: 400;\">y odas de Fernando Pessoa, y Ricardo Ris. Estos cuartetos, tambi\u00e9n denominados cuartinas, est\u00e1n dedicados al vino, la belleza y el goce de la vida, contrapuestos con amargura y optimismo, que conforman el car\u00e1cter del individuo cuando se confronta con la realidad.<\/span><\/p>\n","protected":false},"excerpt":{"rendered":"<p>EL RUBAIYAT DE OMAR KHAYY\u00c2M : CUARTINAS. <span style=\"font-weight: 400;\">\/ Omar Khayy\u00e2m. Ricardo Reis (editor). Puebla<\/span><span style=\"font-weight: 400;\">, M\u00e9xico<\/span><span style=\"font-weight: 400;\"> : <\/span><span style=\"font-weight: 400;\">Territorio Po\u00e9tico A.C. , Todo Poes\u00eda ; Mota-Engil ; Rep\u00fablica Portuguesa : Dire<\/span><span style=\"font-weight: 400;\">\u00e7<\/span><span style=\"font-weight: 400;\">\u00e2o-geral do livro, dos arquivos e das bibliotecas ; Cam\u00f5es Instituto da Coopera<\/span><span style=\"font-weight: 400;\">\u00e7<\/span><span style=\"font-weight: 400;\">\u00e2o e da Lingua Portugal,<\/span><span style=\"font-weight: 400;\"> 2022. 198 pages : includes photos, notes ; 20 cm. (Colecci\u00f3n C\u00edrculo de Poes\u00eda). ISBN : 9786079135782.<\/span><\/p>\n","protected":false},"featured_media":4571,"template":"","meta":{"_acf_changed":false,"inline_featured_image":false},"product_brand":[],"product_cat":[25,32],"product_tag":[4115,4149],"class_list":{"0":"post-4586","1":"product","2":"type-product","3":"status-publish","4":"has-post-thumbnail","6":"product_cat-literatura","7":"product_cat-poesia-literatura","8":"product_tag-poesia-es","9":"product_tag-rubaiyat","11":"first","12":"instock","13":"taxable","14":"shipping-taxable","15":"purchasable","16":"product-type-simple"},"acf":[],"yoast_head":"<!-- This site is optimized with the Yoast SEO plugin v27.3 - https:\/\/yoast.com\/product\/yoast-seo-wordpress\/ -->\n<title>El Rubaiyat de Omar Khayyam: Cuartinas<\/title>\n<meta name=\"description\" content=\"Omar Khayy\u00e2m. Ricardo Reis (editor). 2022. 198 pages : includes photos, notes ; 20 cm. (Colecci\u00f3n C\u00edrculo de Poes\u00eda). ISBN : 9786079135782.\" \/>\n<meta name=\"robots\" content=\"index, follow, max-snippet:-1, max-image-preview:large, max-video-preview:-1\" \/>\n<link rel=\"canonical\" href=\"https:\/\/booksfrommexico.com\/es\/producto\/el-rubaiyat-de-omar-khayyam-cuartinas\/\" \/>\n<meta property=\"og:locale\" content=\"es_ES\" \/>\n<meta property=\"og:type\" content=\"article\" \/>\n<meta property=\"og:title\" content=\"El Rubaiyat de Omar Khayyam: Cuartinas\" \/>\n<meta property=\"og:description\" content=\"Omar Khayy\u00e2m. Ricardo Reis (editor). 2022. 198 pages : includes photos, notes ; 20 cm. (Colecci\u00f3n C\u00edrculo de Poes\u00eda). ISBN : 9786079135782.\" \/>\n<meta property=\"og:url\" content=\"https:\/\/booksfrommexico.com\/es\/producto\/el-rubaiyat-de-omar-khayyam-cuartinas\/\" \/>\n<meta property=\"og:site_name\" content=\"Books From Mexico\" \/>\n<meta property=\"article:modified_time\" content=\"2024-02-14T20:55:59+00:00\" \/>\n<meta property=\"og:image\" content=\"http:\/\/booksfrommexico.com\/app\/uploads\/2024\/01\/199486.jpeg\" \/>\n\t<meta property=\"og:image:width\" content=\"360\" \/>\n\t<meta property=\"og:image:height\" content=\"560\" \/>\n\t<meta property=\"og:image:type\" content=\"image\/jpeg\" \/>\n<meta name=\"twitter:card\" content=\"summary_large_image\" \/>\n<meta name=\"twitter:label1\" content=\"Tiempo de lectura\" \/>\n\t<meta name=\"twitter:data1\" content=\"1 minuto\" \/>\n<script type=\"application\/ld+json\" class=\"yoast-schema-graph\">{\"@context\":\"https:\\\/\\\/schema.org\",\"@graph\":[{\"@type\":\"WebPage\",\"@id\":\"https:\\\/\\\/booksfrommexico.com\\\/es\\\/producto\\\/el-rubaiyat-de-omar-khayyam-cuartinas\\\/\",\"url\":\"https:\\\/\\\/booksfrommexico.com\\\/es\\\/producto\\\/el-rubaiyat-de-omar-khayyam-cuartinas\\\/\",\"name\":\"El Rubaiyat de Omar Khayyam: Cuartinas\",\"isPartOf\":{\"@id\":\"https:\\\/\\\/booksfrommexico.com\\\/#website\"},\"primaryImageOfPage\":{\"@id\":\"https:\\\/\\\/booksfrommexico.com\\\/es\\\/producto\\\/el-rubaiyat-de-omar-khayyam-cuartinas\\\/#primaryimage\"},\"image\":{\"@id\":\"https:\\\/\\\/booksfrommexico.com\\\/es\\\/producto\\\/el-rubaiyat-de-omar-khayyam-cuartinas\\\/#primaryimage\"},\"thumbnailUrl\":\"https:\\\/\\\/booksfrommexico.com\\\/app\\\/uploads\\\/2024\\\/01\\\/199486.jpeg\",\"datePublished\":\"2024-01-23T19:58:12+00:00\",\"dateModified\":\"2024-02-14T20:55:59+00:00\",\"description\":\"Omar Khayy\u00e2m. Ricardo Reis (editor). 2022. 198 pages : includes photos, notes ; 20 cm. (Colecci\u00f3n C\u00edrculo de Poes\u00eda). ISBN : 9786079135782.\",\"breadcrumb\":{\"@id\":\"https:\\\/\\\/booksfrommexico.com\\\/es\\\/producto\\\/el-rubaiyat-de-omar-khayyam-cuartinas\\\/#breadcrumb\"},\"inLanguage\":\"es\",\"potentialAction\":[{\"@type\":\"ReadAction\",\"target\":[\"https:\\\/\\\/booksfrommexico.com\\\/es\\\/producto\\\/el-rubaiyat-de-omar-khayyam-cuartinas\\\/\"]}]},{\"@type\":\"ImageObject\",\"inLanguage\":\"es\",\"@id\":\"https:\\\/\\\/booksfrommexico.com\\\/es\\\/producto\\\/el-rubaiyat-de-omar-khayyam-cuartinas\\\/#primaryimage\",\"url\":\"https:\\\/\\\/booksfrommexico.com\\\/app\\\/uploads\\\/2024\\\/01\\\/199486.jpeg\",\"contentUrl\":\"https:\\\/\\\/booksfrommexico.com\\\/app\\\/uploads\\\/2024\\\/01\\\/199486.jpeg\",\"width\":360,\"height\":560,\"caption\":\"Khayyam, Omar, EL RUBAIYAT DE OMAR KHAYYAM CUARTINAS.\"},{\"@type\":\"BreadcrumbList\",\"@id\":\"https:\\\/\\\/booksfrommexico.com\\\/es\\\/producto\\\/el-rubaiyat-de-omar-khayyam-cuartinas\\\/#breadcrumb\",\"itemListElement\":[{\"@type\":\"ListItem\",\"position\":1,\"name\":\"Home\",\"item\":\"https:\\\/\\\/booksfrommexico.com\\\/es\\\/\"},{\"@type\":\"ListItem\",\"position\":2,\"name\":\"Libros\",\"item\":\"https:\\\/\\\/booksfrommexico.com\\\/es\\\/libros\\\/\"},{\"@type\":\"ListItem\",\"position\":3,\"name\":\"El Rubaiyat de Omar Khayyam: Cuartinas\"}]},{\"@type\":\"WebSite\",\"@id\":\"https:\\\/\\\/booksfrommexico.com\\\/#website\",\"url\":\"https:\\\/\\\/booksfrommexico.com\\\/\",\"name\":\"Books From Mexico\",\"description\":\"\",\"publisher\":{\"@id\":\"https:\\\/\\\/booksfrommexico.com\\\/#organization\"},\"potentialAction\":[{\"@type\":\"SearchAction\",\"target\":{\"@type\":\"EntryPoint\",\"urlTemplate\":\"https:\\\/\\\/booksfrommexico.com\\\/?s={search_term_string}\"},\"query-input\":{\"@type\":\"PropertyValueSpecification\",\"valueRequired\":true,\"valueName\":\"search_term_string\"}}],\"inLanguage\":\"es\"},{\"@type\":\"Organization\",\"@id\":\"https:\\\/\\\/booksfrommexico.com\\\/#organization\",\"name\":\"Books From Mexico\",\"url\":\"https:\\\/\\\/booksfrommexico.com\\\/\",\"logo\":{\"@type\":\"ImageObject\",\"inLanguage\":\"es\",\"@id\":\"https:\\\/\\\/booksfrommexico.com\\\/#\\\/schema\\\/logo\\\/image\\\/\",\"url\":\"https:\\\/\\\/booksfrommexico.com\\\/app\\\/uploads\\\/2023\\\/05\\\/logo-booksfrommexico.svg\",\"contentUrl\":\"https:\\\/\\\/booksfrommexico.com\\\/app\\\/uploads\\\/2023\\\/05\\\/logo-booksfrommexico.svg\",\"width\":86,\"height\":56,\"caption\":\"Books From Mexico\"},\"image\":{\"@id\":\"https:\\\/\\\/booksfrommexico.com\\\/#\\\/schema\\\/logo\\\/image\\\/\"}}]}<\/script>\n<!-- \/ Yoast SEO plugin. -->","yoast_head_json":{"title":"El Rubaiyat de Omar Khayyam: Cuartinas","description":"Omar Khayy\u00e2m. Ricardo Reis (editor). 2022. 198 pages : includes photos, notes ; 20 cm. (Colecci\u00f3n C\u00edrculo de Poes\u00eda). ISBN : 9786079135782.","robots":{"index":"index","follow":"follow","max-snippet":"max-snippet:-1","max-image-preview":"max-image-preview:large","max-video-preview":"max-video-preview:-1"},"canonical":"https:\/\/booksfrommexico.com\/es\/producto\/el-rubaiyat-de-omar-khayyam-cuartinas\/","og_locale":"es_ES","og_type":"article","og_title":"El Rubaiyat de Omar Khayyam: Cuartinas","og_description":"Omar Khayy\u00e2m. Ricardo Reis (editor). 2022. 198 pages : includes photos, notes ; 20 cm. (Colecci\u00f3n C\u00edrculo de Poes\u00eda). ISBN : 9786079135782.","og_url":"https:\/\/booksfrommexico.com\/es\/producto\/el-rubaiyat-de-omar-khayyam-cuartinas\/","og_site_name":"Books From Mexico","article_modified_time":"2024-02-14T20:55:59+00:00","og_image":[{"width":360,"height":560,"url":"http:\/\/booksfrommexico.com\/app\/uploads\/2024\/01\/199486.jpeg","type":"image\/jpeg"}],"twitter_card":"summary_large_image","twitter_misc":{"Tiempo de lectura":"1 minuto"},"schema":{"@context":"https:\/\/schema.org","@graph":[{"@type":"WebPage","@id":"https:\/\/booksfrommexico.com\/es\/producto\/el-rubaiyat-de-omar-khayyam-cuartinas\/","url":"https:\/\/booksfrommexico.com\/es\/producto\/el-rubaiyat-de-omar-khayyam-cuartinas\/","name":"El Rubaiyat de Omar Khayyam: Cuartinas","isPartOf":{"@id":"https:\/\/booksfrommexico.com\/#website"},"primaryImageOfPage":{"@id":"https:\/\/booksfrommexico.com\/es\/producto\/el-rubaiyat-de-omar-khayyam-cuartinas\/#primaryimage"},"image":{"@id":"https:\/\/booksfrommexico.com\/es\/producto\/el-rubaiyat-de-omar-khayyam-cuartinas\/#primaryimage"},"thumbnailUrl":"https:\/\/booksfrommexico.com\/app\/uploads\/2024\/01\/199486.jpeg","datePublished":"2024-01-23T19:58:12+00:00","dateModified":"2024-02-14T20:55:59+00:00","description":"Omar Khayy\u00e2m. Ricardo Reis (editor). 2022. 198 pages : includes photos, notes ; 20 cm. (Colecci\u00f3n C\u00edrculo de Poes\u00eda). ISBN : 9786079135782.","breadcrumb":{"@id":"https:\/\/booksfrommexico.com\/es\/producto\/el-rubaiyat-de-omar-khayyam-cuartinas\/#breadcrumb"},"inLanguage":"es","potentialAction":[{"@type":"ReadAction","target":["https:\/\/booksfrommexico.com\/es\/producto\/el-rubaiyat-de-omar-khayyam-cuartinas\/"]}]},{"@type":"ImageObject","inLanguage":"es","@id":"https:\/\/booksfrommexico.com\/es\/producto\/el-rubaiyat-de-omar-khayyam-cuartinas\/#primaryimage","url":"https:\/\/booksfrommexico.com\/app\/uploads\/2024\/01\/199486.jpeg","contentUrl":"https:\/\/booksfrommexico.com\/app\/uploads\/2024\/01\/199486.jpeg","width":360,"height":560,"caption":"Khayyam, Omar, EL RUBAIYAT DE OMAR KHAYYAM CUARTINAS."},{"@type":"BreadcrumbList","@id":"https:\/\/booksfrommexico.com\/es\/producto\/el-rubaiyat-de-omar-khayyam-cuartinas\/#breadcrumb","itemListElement":[{"@type":"ListItem","position":1,"name":"Home","item":"https:\/\/booksfrommexico.com\/es\/"},{"@type":"ListItem","position":2,"name":"Libros","item":"https:\/\/booksfrommexico.com\/es\/libros\/"},{"@type":"ListItem","position":3,"name":"El Rubaiyat de Omar Khayyam: Cuartinas"}]},{"@type":"WebSite","@id":"https:\/\/booksfrommexico.com\/#website","url":"https:\/\/booksfrommexico.com\/","name":"Books From Mexico","description":"","publisher":{"@id":"https:\/\/booksfrommexico.com\/#organization"},"potentialAction":[{"@type":"SearchAction","target":{"@type":"EntryPoint","urlTemplate":"https:\/\/booksfrommexico.com\/?s={search_term_string}"},"query-input":{"@type":"PropertyValueSpecification","valueRequired":true,"valueName":"search_term_string"}}],"inLanguage":"es"},{"@type":"Organization","@id":"https:\/\/booksfrommexico.com\/#organization","name":"Books From Mexico","url":"https:\/\/booksfrommexico.com\/","logo":{"@type":"ImageObject","inLanguage":"es","@id":"https:\/\/booksfrommexico.com\/#\/schema\/logo\/image\/","url":"https:\/\/booksfrommexico.com\/app\/uploads\/2023\/05\/logo-booksfrommexico.svg","contentUrl":"https:\/\/booksfrommexico.com\/app\/uploads\/2023\/05\/logo-booksfrommexico.svg","width":86,"height":56,"caption":"Books From Mexico"},"image":{"@id":"https:\/\/booksfrommexico.com\/#\/schema\/logo\/image\/"}}]}},"_links":{"self":[{"href":"https:\/\/booksfrommexico.com\/es\/wp-json\/wp\/v2\/product\/4586","targetHints":{"allow":["GET"]}}],"collection":[{"href":"https:\/\/booksfrommexico.com\/es\/wp-json\/wp\/v2\/product"}],"about":[{"href":"https:\/\/booksfrommexico.com\/es\/wp-json\/wp\/v2\/types\/product"}],"wp:featuredmedia":[{"embeddable":true,"href":"https:\/\/booksfrommexico.com\/es\/wp-json\/wp\/v2\/media\/4571"}],"wp:attachment":[{"href":"https:\/\/booksfrommexico.com\/es\/wp-json\/wp\/v2\/media?parent=4586"}],"wp:term":[{"taxonomy":"product_brand","embeddable":true,"href":"https:\/\/booksfrommexico.com\/es\/wp-json\/wp\/v2\/product_brand?post=4586"},{"taxonomy":"product_cat","embeddable":true,"href":"https:\/\/booksfrommexico.com\/es\/wp-json\/wp\/v2\/product_cat?post=4586"},{"taxonomy":"product_tag","embeddable":true,"href":"https:\/\/booksfrommexico.com\/es\/wp-json\/wp\/v2\/product_tag?post=4586"}],"curies":[{"name":"wp","href":"https:\/\/api.w.org\/{rel}","templated":true}]}}