{"id":460,"date":"2023-05-08T17:02:42","date_gmt":"2023-05-08T17:02:42","guid":{"rendered":"http:\/\/booksfrommexico.com\/product\/cartilla-moral\/"},"modified":"2024-10-04T19:31:23","modified_gmt":"2024-10-04T19:31:23","slug":"cartilla-moral","status":"publish","type":"product","link":"https:\/\/booksfrommexico.com\/es\/producto\/cartilla-moral\/","title":{"rendered":"Cartilla moral"},"content":{"rendered":"<p><span style=\"font-weight: 400;\">El prop\u00f3sito inicial de este texto \u2013originalmente dado a conocer en 1944\u2013 fue servir de apoyo al fervor alfabetizador que surgi\u00f3 tras la Revoluci\u00f3n mexicana, a principios del\u00a0 siglo XX. Dirigido esencialmente al lector que comienza su viaje por las letras \u2013ya sea infante o adulto\u2013 se puede encontrar aqu\u00ed una gu\u00eda laica, respetuosa de creencias particulares, que contempla nociones de antropolog\u00eda, pol\u00edtica, sociolog\u00eda y civismo bajo el \u00e1nimo liberal de urbanidad entre ciudadanos de una determinada sociedad. En estas p\u00e1ginas se resume un credo de convivencia social en M\u00e9xico detectado y planteado por el autor que, pese a los a\u00f1os, mantiene vigencia. <\/span><\/p>\n","protected":false},"excerpt":{"rendered":"<p>CARTILLA MORAL<span style=\"font-weight: 400;\">. \/ Alfonso Reyes. M\u00e9xico, D.F. : Fondo de Cultura Econ\u00f3mica, 2004. 103 pages ; 17 cm. (Colecci\u00f3n Centzontle). ISBN : 9681674081. <\/span><\/p>\n","protected":false},"featured_media":459,"template":"","meta":{"_acf_changed":false,"inline_featured_image":false},"product_brand":[],"product_cat":[59,78],"product_tag":[3989,3991,3855,3608],"class_list":{"0":"post-460","1":"product","2":"type-product","3":"status-publish","4":"has-post-thumbnail","6":"product_cat-educacion","7":"product_cat-sociologia","8":"product_tag-aspectos-morales-y-eticos","9":"product_tag-conducta-de-vida","10":"product_tag-ensayos","11":"product_tag-vida-social-y-costumbres","13":"first","14":"outofstock","15":"taxable","16":"shipping-taxable","17":"purchasable","18":"product-type-simple"},"acf":[],"yoast_head":"<!-- This site is optimized with the Yoast SEO plugin v27.3 - https:\/\/yoast.com\/product\/yoast-seo-wordpress\/ -->\n<title>Cartilla Moral<\/title>\n<meta name=\"description\" content=\"CARTILLA MORAL. \/ Alfonso Reyes. M\u00e9xico, D.F. : Fondo de Cultura Econ\u00f3mica, 2004. 103 pages ; 17 cm. (Colecci\u00f3n Centzontle). ISBN : 9681674081.\" \/>\n<meta name=\"robots\" content=\"index, follow, max-snippet:-1, max-image-preview:large, max-video-preview:-1\" \/>\n<link rel=\"canonical\" href=\"https:\/\/booksfrommexico.com\/es\/producto\/cartilla-moral\/\" \/>\n<meta property=\"og:locale\" content=\"es_ES\" \/>\n<meta property=\"og:type\" content=\"article\" \/>\n<meta property=\"og:title\" content=\"Cartilla Moral\" \/>\n<meta property=\"og:description\" content=\"CARTILLA MORAL. \/ Alfonso Reyes. M\u00e9xico, D.F. : Fondo de Cultura Econ\u00f3mica, 2004. 103 pages ; 17 cm. (Colecci\u00f3n Centzontle). ISBN : 9681674081.\" \/>\n<meta property=\"og:url\" content=\"https:\/\/booksfrommexico.com\/es\/producto\/cartilla-moral\/\" \/>\n<meta property=\"og:site_name\" content=\"Books From Mexico\" \/>\n<meta property=\"article:modified_time\" content=\"2024-10-04T19:31:23+00:00\" \/>\n<meta property=\"og:image\" content=\"http:\/\/booksfrommexico.com\/app\/uploads\/2023\/05\/126143.jpeg\" \/>\n\t<meta property=\"og:image:width\" content=\"309\" \/>\n\t<meta property=\"og:image:height\" content=\"485\" \/>\n\t<meta property=\"og:image:type\" content=\"image\/jpeg\" \/>\n<meta name=\"twitter:card\" content=\"summary_large_image\" \/>\n<meta name=\"twitter:label1\" content=\"Tiempo de lectura\" \/>\n\t<meta name=\"twitter:data1\" content=\"1 minuto\" \/>\n<script type=\"application\/ld+json\" class=\"yoast-schema-graph\">{\"@context\":\"https:\\\/\\\/schema.org\",\"@graph\":[{\"@type\":\"WebPage\",\"@id\":\"https:\\\/\\\/booksfrommexico.com\\\/es\\\/producto\\\/cartilla-moral\\\/\",\"url\":\"https:\\\/\\\/booksfrommexico.com\\\/es\\\/producto\\\/cartilla-moral\\\/\",\"name\":\"Cartilla Moral\",\"isPartOf\":{\"@id\":\"https:\\\/\\\/booksfrommexico.com\\\/#website\"},\"primaryImageOfPage\":{\"@id\":\"https:\\\/\\\/booksfrommexico.com\\\/es\\\/producto\\\/cartilla-moral\\\/#primaryimage\"},\"image\":{\"@id\":\"https:\\\/\\\/booksfrommexico.com\\\/es\\\/producto\\\/cartilla-moral\\\/#primaryimage\"},\"thumbnailUrl\":\"https:\\\/\\\/booksfrommexico.com\\\/app\\\/uploads\\\/2023\\\/05\\\/126143.jpeg\",\"datePublished\":\"2023-05-08T17:02:42+00:00\",\"dateModified\":\"2024-10-04T19:31:23+00:00\",\"description\":\"CARTILLA MORAL. \\\/ Alfonso Reyes. M\u00e9xico, D.F. : Fondo de Cultura Econ\u00f3mica, 2004. 103 pages ; 17 cm. (Colecci\u00f3n Centzontle). ISBN : 9681674081.\",\"breadcrumb\":{\"@id\":\"https:\\\/\\\/booksfrommexico.com\\\/es\\\/producto\\\/cartilla-moral\\\/#breadcrumb\"},\"inLanguage\":\"es\",\"potentialAction\":[{\"@type\":\"ReadAction\",\"target\":[\"https:\\\/\\\/booksfrommexico.com\\\/es\\\/producto\\\/cartilla-moral\\\/\"]}]},{\"@type\":\"ImageObject\",\"inLanguage\":\"es\",\"@id\":\"https:\\\/\\\/booksfrommexico.com\\\/es\\\/producto\\\/cartilla-moral\\\/#primaryimage\",\"url\":\"https:\\\/\\\/booksfrommexico.com\\\/app\\\/uploads\\\/2023\\\/05\\\/126143.jpeg\",\"contentUrl\":\"https:\\\/\\\/booksfrommexico.com\\\/app\\\/uploads\\\/2023\\\/05\\\/126143.jpeg\",\"width\":309,\"height\":485},{\"@type\":\"BreadcrumbList\",\"@id\":\"https:\\\/\\\/booksfrommexico.com\\\/es\\\/producto\\\/cartilla-moral\\\/#breadcrumb\",\"itemListElement\":[{\"@type\":\"ListItem\",\"position\":1,\"name\":\"Home\",\"item\":\"https:\\\/\\\/booksfrommexico.com\\\/es\\\/\"},{\"@type\":\"ListItem\",\"position\":2,\"name\":\"Libros\",\"item\":\"https:\\\/\\\/booksfrommexico.com\\\/es\\\/libros\\\/\"},{\"@type\":\"ListItem\",\"position\":3,\"name\":\"Cartilla moral\"}]},{\"@type\":\"WebSite\",\"@id\":\"https:\\\/\\\/booksfrommexico.com\\\/#website\",\"url\":\"https:\\\/\\\/booksfrommexico.com\\\/\",\"name\":\"Books From Mexico\",\"description\":\"\",\"publisher\":{\"@id\":\"https:\\\/\\\/booksfrommexico.com\\\/#organization\"},\"potentialAction\":[{\"@type\":\"SearchAction\",\"target\":{\"@type\":\"EntryPoint\",\"urlTemplate\":\"https:\\\/\\\/booksfrommexico.com\\\/?s={search_term_string}\"},\"query-input\":{\"@type\":\"PropertyValueSpecification\",\"valueRequired\":true,\"valueName\":\"search_term_string\"}}],\"inLanguage\":\"es\"},{\"@type\":\"Organization\",\"@id\":\"https:\\\/\\\/booksfrommexico.com\\\/#organization\",\"name\":\"Books From Mexico\",\"url\":\"https:\\\/\\\/booksfrommexico.com\\\/\",\"logo\":{\"@type\":\"ImageObject\",\"inLanguage\":\"es\",\"@id\":\"https:\\\/\\\/booksfrommexico.com\\\/#\\\/schema\\\/logo\\\/image\\\/\",\"url\":\"https:\\\/\\\/booksfrommexico.com\\\/app\\\/uploads\\\/2023\\\/05\\\/logo-booksfrommexico.svg\",\"contentUrl\":\"https:\\\/\\\/booksfrommexico.com\\\/app\\\/uploads\\\/2023\\\/05\\\/logo-booksfrommexico.svg\",\"width\":86,\"height\":56,\"caption\":\"Books From Mexico\"},\"image\":{\"@id\":\"https:\\\/\\\/booksfrommexico.com\\\/#\\\/schema\\\/logo\\\/image\\\/\"}}]}<\/script>\n<!-- \/ Yoast SEO plugin. -->","yoast_head_json":{"title":"Cartilla Moral","description":"CARTILLA MORAL. \/ Alfonso Reyes. M\u00e9xico, D.F. : Fondo de Cultura Econ\u00f3mica, 2004. 103 pages ; 17 cm. (Colecci\u00f3n Centzontle). ISBN : 9681674081.","robots":{"index":"index","follow":"follow","max-snippet":"max-snippet:-1","max-image-preview":"max-image-preview:large","max-video-preview":"max-video-preview:-1"},"canonical":"https:\/\/booksfrommexico.com\/es\/producto\/cartilla-moral\/","og_locale":"es_ES","og_type":"article","og_title":"Cartilla Moral","og_description":"CARTILLA MORAL. \/ Alfonso Reyes. M\u00e9xico, D.F. : Fondo de Cultura Econ\u00f3mica, 2004. 103 pages ; 17 cm. (Colecci\u00f3n Centzontle). ISBN : 9681674081.","og_url":"https:\/\/booksfrommexico.com\/es\/producto\/cartilla-moral\/","og_site_name":"Books From Mexico","article_modified_time":"2024-10-04T19:31:23+00:00","og_image":[{"width":309,"height":485,"url":"http:\/\/booksfrommexico.com\/app\/uploads\/2023\/05\/126143.jpeg","type":"image\/jpeg"}],"twitter_card":"summary_large_image","twitter_misc":{"Tiempo de lectura":"1 minuto"},"schema":{"@context":"https:\/\/schema.org","@graph":[{"@type":"WebPage","@id":"https:\/\/booksfrommexico.com\/es\/producto\/cartilla-moral\/","url":"https:\/\/booksfrommexico.com\/es\/producto\/cartilla-moral\/","name":"Cartilla Moral","isPartOf":{"@id":"https:\/\/booksfrommexico.com\/#website"},"primaryImageOfPage":{"@id":"https:\/\/booksfrommexico.com\/es\/producto\/cartilla-moral\/#primaryimage"},"image":{"@id":"https:\/\/booksfrommexico.com\/es\/producto\/cartilla-moral\/#primaryimage"},"thumbnailUrl":"https:\/\/booksfrommexico.com\/app\/uploads\/2023\/05\/126143.jpeg","datePublished":"2023-05-08T17:02:42+00:00","dateModified":"2024-10-04T19:31:23+00:00","description":"CARTILLA MORAL. \/ Alfonso Reyes. M\u00e9xico, D.F. : Fondo de Cultura Econ\u00f3mica, 2004. 103 pages ; 17 cm. (Colecci\u00f3n Centzontle). ISBN : 9681674081.","breadcrumb":{"@id":"https:\/\/booksfrommexico.com\/es\/producto\/cartilla-moral\/#breadcrumb"},"inLanguage":"es","potentialAction":[{"@type":"ReadAction","target":["https:\/\/booksfrommexico.com\/es\/producto\/cartilla-moral\/"]}]},{"@type":"ImageObject","inLanguage":"es","@id":"https:\/\/booksfrommexico.com\/es\/producto\/cartilla-moral\/#primaryimage","url":"https:\/\/booksfrommexico.com\/app\/uploads\/2023\/05\/126143.jpeg","contentUrl":"https:\/\/booksfrommexico.com\/app\/uploads\/2023\/05\/126143.jpeg","width":309,"height":485},{"@type":"BreadcrumbList","@id":"https:\/\/booksfrommexico.com\/es\/producto\/cartilla-moral\/#breadcrumb","itemListElement":[{"@type":"ListItem","position":1,"name":"Home","item":"https:\/\/booksfrommexico.com\/es\/"},{"@type":"ListItem","position":2,"name":"Libros","item":"https:\/\/booksfrommexico.com\/es\/libros\/"},{"@type":"ListItem","position":3,"name":"Cartilla moral"}]},{"@type":"WebSite","@id":"https:\/\/booksfrommexico.com\/#website","url":"https:\/\/booksfrommexico.com\/","name":"Books From Mexico","description":"","publisher":{"@id":"https:\/\/booksfrommexico.com\/#organization"},"potentialAction":[{"@type":"SearchAction","target":{"@type":"EntryPoint","urlTemplate":"https:\/\/booksfrommexico.com\/?s={search_term_string}"},"query-input":{"@type":"PropertyValueSpecification","valueRequired":true,"valueName":"search_term_string"}}],"inLanguage":"es"},{"@type":"Organization","@id":"https:\/\/booksfrommexico.com\/#organization","name":"Books From Mexico","url":"https:\/\/booksfrommexico.com\/","logo":{"@type":"ImageObject","inLanguage":"es","@id":"https:\/\/booksfrommexico.com\/#\/schema\/logo\/image\/","url":"https:\/\/booksfrommexico.com\/app\/uploads\/2023\/05\/logo-booksfrommexico.svg","contentUrl":"https:\/\/booksfrommexico.com\/app\/uploads\/2023\/05\/logo-booksfrommexico.svg","width":86,"height":56,"caption":"Books From Mexico"},"image":{"@id":"https:\/\/booksfrommexico.com\/#\/schema\/logo\/image\/"}}]}},"_links":{"self":[{"href":"https:\/\/booksfrommexico.com\/es\/wp-json\/wp\/v2\/product\/460","targetHints":{"allow":["GET"]}}],"collection":[{"href":"https:\/\/booksfrommexico.com\/es\/wp-json\/wp\/v2\/product"}],"about":[{"href":"https:\/\/booksfrommexico.com\/es\/wp-json\/wp\/v2\/types\/product"}],"wp:featuredmedia":[{"embeddable":true,"href":"https:\/\/booksfrommexico.com\/es\/wp-json\/wp\/v2\/media\/459"}],"wp:attachment":[{"href":"https:\/\/booksfrommexico.com\/es\/wp-json\/wp\/v2\/media?parent=460"}],"wp:term":[{"taxonomy":"product_brand","embeddable":true,"href":"https:\/\/booksfrommexico.com\/es\/wp-json\/wp\/v2\/product_brand?post=460"},{"taxonomy":"product_cat","embeddable":true,"href":"https:\/\/booksfrommexico.com\/es\/wp-json\/wp\/v2\/product_cat?post=460"},{"taxonomy":"product_tag","embeddable":true,"href":"https:\/\/booksfrommexico.com\/es\/wp-json\/wp\/v2\/product_tag?post=460"}],"curies":[{"name":"wp","href":"https:\/\/api.w.org\/{rel}","templated":true}]}}