{"id":4604,"date":"2024-01-23T22:29:03","date_gmt":"2024-01-23T22:29:03","guid":{"rendered":"https:\/\/booksfrommexico.com\/product\/el-gallo-y-la-serpiente-poesia-francesa-actual\/"},"modified":"2024-02-14T21:08:18","modified_gmt":"2024-02-14T21:08:18","slug":"el-gallo-y-la-serpiente-poesia-francesa-actual","status":"publish","type":"product","link":"https:\/\/booksfrommexico.com\/es\/producto\/el-gallo-y-la-serpiente-poesia-francesa-actual\/","title":{"rendered":"El gallo y la serpiente"},"content":{"rendered":"<p><span style=\"font-weight: 400;\">Audomaro Hidalgo es un poeta, ensayista y traductor mexicano ganador de diferentes becas, est\u00edmulos y premios que le han permitido especializarse en letras y residir en Francia para continuar con sus estudios. Como parte de sus investigaciones en el campo de la literatura, re\u00fane aqu\u00ed el trabajo de 33 escritores de diferentes regiones de Francia para poder mostrar un panorama plural de la poes\u00eda francesa contempor\u00e1nea, pues el editor cree firmemente que a\u00fan queda camino por recorrer en la lucha contra el centralismo de las ciudades. Aunque no sean s\u00edmbolos oficiales, nombrar a esta antolog\u00eda de poemas como \u201cEl gallo y la serpiente\u201d, hace alusi\u00f3n a los s\u00edmbolos de Francia y M\u00e9xico, respectivamente. <\/span><\/p>\n","protected":false},"excerpt":{"rendered":"<p>EL GALLO Y LA SERPIENTE : POES\u00cdA FRANCESA ACTUAL. <span style=\"font-weight: 400;\">\/ Audomaro Hidalgo (editor). <\/span><span style=\"font-weight: 400;\">Puebla<\/span><span style=\"font-weight: 400;\">, M\u00e9xico<\/span><span style=\"font-weight: 400;\"> : <\/span><span style=\"font-weight: 400;\">Territorio Po\u00e9tico A.C. , Todo Poes\u00eda ; Ciudad de M\u00e9xico : Instituto Franc\u00e9s de Am\u00e9rica Latina, 2023. 200 pages : includes semblances ; 20 cm. (Colecci\u00f3n C\u00edrculo de Poes\u00eda). ISBN : 9786079135775.<\/span><\/p>\n","protected":false},"featured_media":4603,"template":"","meta":{"_acf_changed":false,"inline_featured_image":false},"product_brand":[],"product_cat":[25,32],"product_tag":[4115,4022],"class_list":{"0":"post-4604","1":"product","2":"type-product","3":"status-publish","4":"has-post-thumbnail","6":"product_cat-literatura","7":"product_cat-poesia-literatura","8":"product_tag-poesia-es","9":"product_tag-poesia-francesa","11":"first","12":"instock","13":"taxable","14":"shipping-taxable","15":"purchasable","16":"product-type-simple"},"acf":[],"yoast_head":"<!-- This site is optimized with the Yoast SEO plugin v27.3 - https:\/\/yoast.com\/product\/yoast-seo-wordpress\/ -->\n<title>El gallo y la serpiente<\/title>\n<meta name=\"description\" content=\"EL GALLO Y LA SERPIENTE : POES\u00cdA FRANCESA ACTUAL. \/ Audomaro Hidalgo (editor). 2023. (Colecci\u00f3n C\u00edrculo de Poes\u00eda). ISBN : 9786079135775.\" \/>\n<meta name=\"robots\" content=\"index, follow, max-snippet:-1, max-image-preview:large, max-video-preview:-1\" \/>\n<link rel=\"canonical\" href=\"https:\/\/booksfrommexico.com\/es\/producto\/el-gallo-y-la-serpiente-poesia-francesa-actual\/\" \/>\n<meta property=\"og:locale\" content=\"es_ES\" \/>\n<meta property=\"og:type\" content=\"article\" \/>\n<meta property=\"og:title\" content=\"El gallo y la serpiente\" \/>\n<meta property=\"og:description\" content=\"EL GALLO Y LA SERPIENTE : POES\u00cdA FRANCESA ACTUAL. \/ Audomaro Hidalgo (editor). 2023. (Colecci\u00f3n C\u00edrculo de Poes\u00eda). ISBN : 9786079135775.\" \/>\n<meta property=\"og:url\" content=\"https:\/\/booksfrommexico.com\/es\/producto\/el-gallo-y-la-serpiente-poesia-francesa-actual\/\" \/>\n<meta property=\"og:site_name\" content=\"Books From Mexico\" \/>\n<meta property=\"article:modified_time\" content=\"2024-02-14T21:08:18+00:00\" \/>\n<meta property=\"og:image\" content=\"http:\/\/booksfrommexico.com\/app\/uploads\/2024\/01\/199497.jpeg\" \/>\n\t<meta property=\"og:image:width\" content=\"356\" \/>\n\t<meta property=\"og:image:height\" content=\"564\" \/>\n\t<meta property=\"og:image:type\" content=\"image\/jpeg\" \/>\n<meta name=\"twitter:card\" content=\"summary_large_image\" \/>\n<meta name=\"twitter:label1\" content=\"Tiempo de lectura\" \/>\n\t<meta name=\"twitter:data1\" content=\"1 minuto\" \/>\n<script type=\"application\/ld+json\" class=\"yoast-schema-graph\">{\"@context\":\"https:\\\/\\\/schema.org\",\"@graph\":[{\"@type\":\"WebPage\",\"@id\":\"https:\\\/\\\/booksfrommexico.com\\\/es\\\/producto\\\/el-gallo-y-la-serpiente-poesia-francesa-actual\\\/\",\"url\":\"https:\\\/\\\/booksfrommexico.com\\\/es\\\/producto\\\/el-gallo-y-la-serpiente-poesia-francesa-actual\\\/\",\"name\":\"El gallo y la serpiente\",\"isPartOf\":{\"@id\":\"https:\\\/\\\/booksfrommexico.com\\\/#website\"},\"primaryImageOfPage\":{\"@id\":\"https:\\\/\\\/booksfrommexico.com\\\/es\\\/producto\\\/el-gallo-y-la-serpiente-poesia-francesa-actual\\\/#primaryimage\"},\"image\":{\"@id\":\"https:\\\/\\\/booksfrommexico.com\\\/es\\\/producto\\\/el-gallo-y-la-serpiente-poesia-francesa-actual\\\/#primaryimage\"},\"thumbnailUrl\":\"https:\\\/\\\/booksfrommexico.com\\\/app\\\/uploads\\\/2024\\\/01\\\/199497.jpeg\",\"datePublished\":\"2024-01-23T22:29:03+00:00\",\"dateModified\":\"2024-02-14T21:08:18+00:00\",\"description\":\"EL GALLO Y LA SERPIENTE : POES\u00cdA FRANCESA ACTUAL. \\\/ Audomaro Hidalgo (editor). 2023. (Colecci\u00f3n C\u00edrculo de Poes\u00eda). ISBN : 9786079135775.\",\"breadcrumb\":{\"@id\":\"https:\\\/\\\/booksfrommexico.com\\\/es\\\/producto\\\/el-gallo-y-la-serpiente-poesia-francesa-actual\\\/#breadcrumb\"},\"inLanguage\":\"es\",\"potentialAction\":[{\"@type\":\"ReadAction\",\"target\":[\"https:\\\/\\\/booksfrommexico.com\\\/es\\\/producto\\\/el-gallo-y-la-serpiente-poesia-francesa-actual\\\/\"]}]},{\"@type\":\"ImageObject\",\"inLanguage\":\"es\",\"@id\":\"https:\\\/\\\/booksfrommexico.com\\\/es\\\/producto\\\/el-gallo-y-la-serpiente-poesia-francesa-actual\\\/#primaryimage\",\"url\":\"https:\\\/\\\/booksfrommexico.com\\\/app\\\/uploads\\\/2024\\\/01\\\/199497.jpeg\",\"contentUrl\":\"https:\\\/\\\/booksfrommexico.com\\\/app\\\/uploads\\\/2024\\\/01\\\/199497.jpeg\",\"width\":356,\"height\":564,\"caption\":\"EL GALLO Y LA SERPIENTE : POES\u00cdA FRANCESA ACTUAL\"},{\"@type\":\"BreadcrumbList\",\"@id\":\"https:\\\/\\\/booksfrommexico.com\\\/es\\\/producto\\\/el-gallo-y-la-serpiente-poesia-francesa-actual\\\/#breadcrumb\",\"itemListElement\":[{\"@type\":\"ListItem\",\"position\":1,\"name\":\"Home\",\"item\":\"https:\\\/\\\/booksfrommexico.com\\\/es\\\/\"},{\"@type\":\"ListItem\",\"position\":2,\"name\":\"Libros\",\"item\":\"https:\\\/\\\/booksfrommexico.com\\\/es\\\/libros\\\/\"},{\"@type\":\"ListItem\",\"position\":3,\"name\":\"El gallo y la serpiente\"}]},{\"@type\":\"WebSite\",\"@id\":\"https:\\\/\\\/booksfrommexico.com\\\/#website\",\"url\":\"https:\\\/\\\/booksfrommexico.com\\\/\",\"name\":\"Books From Mexico\",\"description\":\"\",\"publisher\":{\"@id\":\"https:\\\/\\\/booksfrommexico.com\\\/#organization\"},\"potentialAction\":[{\"@type\":\"SearchAction\",\"target\":{\"@type\":\"EntryPoint\",\"urlTemplate\":\"https:\\\/\\\/booksfrommexico.com\\\/?s={search_term_string}\"},\"query-input\":{\"@type\":\"PropertyValueSpecification\",\"valueRequired\":true,\"valueName\":\"search_term_string\"}}],\"inLanguage\":\"es\"},{\"@type\":\"Organization\",\"@id\":\"https:\\\/\\\/booksfrommexico.com\\\/#organization\",\"name\":\"Books From Mexico\",\"url\":\"https:\\\/\\\/booksfrommexico.com\\\/\",\"logo\":{\"@type\":\"ImageObject\",\"inLanguage\":\"es\",\"@id\":\"https:\\\/\\\/booksfrommexico.com\\\/#\\\/schema\\\/logo\\\/image\\\/\",\"url\":\"https:\\\/\\\/booksfrommexico.com\\\/app\\\/uploads\\\/2023\\\/05\\\/logo-booksfrommexico.svg\",\"contentUrl\":\"https:\\\/\\\/booksfrommexico.com\\\/app\\\/uploads\\\/2023\\\/05\\\/logo-booksfrommexico.svg\",\"width\":86,\"height\":56,\"caption\":\"Books From Mexico\"},\"image\":{\"@id\":\"https:\\\/\\\/booksfrommexico.com\\\/#\\\/schema\\\/logo\\\/image\\\/\"}}]}<\/script>\n<!-- \/ Yoast SEO plugin. -->","yoast_head_json":{"title":"El gallo y la serpiente","description":"EL GALLO Y LA SERPIENTE : POES\u00cdA FRANCESA ACTUAL. \/ Audomaro Hidalgo (editor). 2023. (Colecci\u00f3n C\u00edrculo de Poes\u00eda). ISBN : 9786079135775.","robots":{"index":"index","follow":"follow","max-snippet":"max-snippet:-1","max-image-preview":"max-image-preview:large","max-video-preview":"max-video-preview:-1"},"canonical":"https:\/\/booksfrommexico.com\/es\/producto\/el-gallo-y-la-serpiente-poesia-francesa-actual\/","og_locale":"es_ES","og_type":"article","og_title":"El gallo y la serpiente","og_description":"EL GALLO Y LA SERPIENTE : POES\u00cdA FRANCESA ACTUAL. \/ Audomaro Hidalgo (editor). 2023. (Colecci\u00f3n C\u00edrculo de Poes\u00eda). ISBN : 9786079135775.","og_url":"https:\/\/booksfrommexico.com\/es\/producto\/el-gallo-y-la-serpiente-poesia-francesa-actual\/","og_site_name":"Books From Mexico","article_modified_time":"2024-02-14T21:08:18+00:00","og_image":[{"width":356,"height":564,"url":"http:\/\/booksfrommexico.com\/app\/uploads\/2024\/01\/199497.jpeg","type":"image\/jpeg"}],"twitter_card":"summary_large_image","twitter_misc":{"Tiempo de lectura":"1 minuto"},"schema":{"@context":"https:\/\/schema.org","@graph":[{"@type":"WebPage","@id":"https:\/\/booksfrommexico.com\/es\/producto\/el-gallo-y-la-serpiente-poesia-francesa-actual\/","url":"https:\/\/booksfrommexico.com\/es\/producto\/el-gallo-y-la-serpiente-poesia-francesa-actual\/","name":"El gallo y la serpiente","isPartOf":{"@id":"https:\/\/booksfrommexico.com\/#website"},"primaryImageOfPage":{"@id":"https:\/\/booksfrommexico.com\/es\/producto\/el-gallo-y-la-serpiente-poesia-francesa-actual\/#primaryimage"},"image":{"@id":"https:\/\/booksfrommexico.com\/es\/producto\/el-gallo-y-la-serpiente-poesia-francesa-actual\/#primaryimage"},"thumbnailUrl":"https:\/\/booksfrommexico.com\/app\/uploads\/2024\/01\/199497.jpeg","datePublished":"2024-01-23T22:29:03+00:00","dateModified":"2024-02-14T21:08:18+00:00","description":"EL GALLO Y LA SERPIENTE : POES\u00cdA FRANCESA ACTUAL. \/ Audomaro Hidalgo (editor). 2023. (Colecci\u00f3n C\u00edrculo de Poes\u00eda). ISBN : 9786079135775.","breadcrumb":{"@id":"https:\/\/booksfrommexico.com\/es\/producto\/el-gallo-y-la-serpiente-poesia-francesa-actual\/#breadcrumb"},"inLanguage":"es","potentialAction":[{"@type":"ReadAction","target":["https:\/\/booksfrommexico.com\/es\/producto\/el-gallo-y-la-serpiente-poesia-francesa-actual\/"]}]},{"@type":"ImageObject","inLanguage":"es","@id":"https:\/\/booksfrommexico.com\/es\/producto\/el-gallo-y-la-serpiente-poesia-francesa-actual\/#primaryimage","url":"https:\/\/booksfrommexico.com\/app\/uploads\/2024\/01\/199497.jpeg","contentUrl":"https:\/\/booksfrommexico.com\/app\/uploads\/2024\/01\/199497.jpeg","width":356,"height":564,"caption":"EL GALLO Y LA SERPIENTE : POES\u00cdA FRANCESA ACTUAL"},{"@type":"BreadcrumbList","@id":"https:\/\/booksfrommexico.com\/es\/producto\/el-gallo-y-la-serpiente-poesia-francesa-actual\/#breadcrumb","itemListElement":[{"@type":"ListItem","position":1,"name":"Home","item":"https:\/\/booksfrommexico.com\/es\/"},{"@type":"ListItem","position":2,"name":"Libros","item":"https:\/\/booksfrommexico.com\/es\/libros\/"},{"@type":"ListItem","position":3,"name":"El gallo y la serpiente"}]},{"@type":"WebSite","@id":"https:\/\/booksfrommexico.com\/#website","url":"https:\/\/booksfrommexico.com\/","name":"Books From Mexico","description":"","publisher":{"@id":"https:\/\/booksfrommexico.com\/#organization"},"potentialAction":[{"@type":"SearchAction","target":{"@type":"EntryPoint","urlTemplate":"https:\/\/booksfrommexico.com\/?s={search_term_string}"},"query-input":{"@type":"PropertyValueSpecification","valueRequired":true,"valueName":"search_term_string"}}],"inLanguage":"es"},{"@type":"Organization","@id":"https:\/\/booksfrommexico.com\/#organization","name":"Books From Mexico","url":"https:\/\/booksfrommexico.com\/","logo":{"@type":"ImageObject","inLanguage":"es","@id":"https:\/\/booksfrommexico.com\/#\/schema\/logo\/image\/","url":"https:\/\/booksfrommexico.com\/app\/uploads\/2023\/05\/logo-booksfrommexico.svg","contentUrl":"https:\/\/booksfrommexico.com\/app\/uploads\/2023\/05\/logo-booksfrommexico.svg","width":86,"height":56,"caption":"Books From Mexico"},"image":{"@id":"https:\/\/booksfrommexico.com\/#\/schema\/logo\/image\/"}}]}},"_links":{"self":[{"href":"https:\/\/booksfrommexico.com\/es\/wp-json\/wp\/v2\/product\/4604","targetHints":{"allow":["GET"]}}],"collection":[{"href":"https:\/\/booksfrommexico.com\/es\/wp-json\/wp\/v2\/product"}],"about":[{"href":"https:\/\/booksfrommexico.com\/es\/wp-json\/wp\/v2\/types\/product"}],"wp:featuredmedia":[{"embeddable":true,"href":"https:\/\/booksfrommexico.com\/es\/wp-json\/wp\/v2\/media\/4603"}],"wp:attachment":[{"href":"https:\/\/booksfrommexico.com\/es\/wp-json\/wp\/v2\/media?parent=4604"}],"wp:term":[{"taxonomy":"product_brand","embeddable":true,"href":"https:\/\/booksfrommexico.com\/es\/wp-json\/wp\/v2\/product_brand?post=4604"},{"taxonomy":"product_cat","embeddable":true,"href":"https:\/\/booksfrommexico.com\/es\/wp-json\/wp\/v2\/product_cat?post=4604"},{"taxonomy":"product_tag","embeddable":true,"href":"https:\/\/booksfrommexico.com\/es\/wp-json\/wp\/v2\/product_tag?post=4604"}],"curies":[{"name":"wp","href":"https:\/\/api.w.org\/{rel}","templated":true}]}}