{"id":4608,"date":"2024-01-23T22:29:03","date_gmt":"2024-01-23T22:29:03","guid":{"rendered":"https:\/\/booksfrommexico.com\/product\/xochitlajtoli-pajaros-azules-canten-mi-memoria-poesia-contemporanea-en-lenguas-originarias-de-mexico\/"},"modified":"2024-02-15T21:33:37","modified_gmt":"2024-02-15T21:33:37","slug":"xochitlajtoli-pajaros-azules-canten-mi-memoria-poesia-contemporanea-en-lenguas-originarias-de-mexico","status":"publish","type":"product","link":"https:\/\/booksfrommexico.com\/es\/producto\/xochitlajtoli-pajaros-azules-canten-mi-memoria-poesia-contemporanea-en-lenguas-originarias-de-mexico\/","title":{"rendered":"Xochitlajtoli : P\u00e1jaros azules canten mi memoria"},"content":{"rendered":"<p><span style=\"font-weight: 400;\">En el siglo XX Carlos Montemayor y Miguel Le\u00f3n Portilla, fueron estudiosos que dedicaron parte de sus esfuerzos a asesorar la creaci\u00f3n de poes\u00eda escrita en idiomas originarios de M\u00e9xico. Su labor fue complicada, sin embargo, abrieron espacios para el reconocimiento, difusi\u00f3n y alfabetizaci\u00f3n que ha servido a poetas del siglo XXI a fortalecer la diversidad ling\u00fc\u00edstica que aporta a la literatura universal. En este n\u00famero 16 de la Colecci\u00f3n C\u00edrculo de Poes\u00eda, podemos encontrar el trabajo original de 32 poetas de 16 lenguas, con su respectiva traducci\u00f3n al espa\u00f1ol, hecha tambi\u00e9n por sus propios autores.<\/span><\/p>\n","protected":false},"excerpt":{"rendered":"<p>XOCHITLAJTOLI : P\u00c1JAROS AZULES CANTEN MI MEMORIA. POES\u00cdA CONTEMPOR\u00c1NEA EN LENGUAS ORIGINARIAS DE M\u00c9XICO. <span style=\"font-weight: 400;\">\/ Mart\u00edn Tonalmeyotl (selecci\u00f3n y pr\u00f3logo) . Puebla, M\u00e9xico : Territorio Po\u00e9tico ; Ciudad de M\u00e9xico, M\u00e9xico : C\u00edrculo de Poes\u00eda Ediciones, 2019. 351 pages ; 20 cm. (Colecci\u00f3n C\u00edrculo de Poes\u00eda). ISBN : 9786079135379.<\/span><\/p>\n","protected":false},"featured_media":4610,"template":"","meta":{"_acf_changed":false,"inline_featured_image":false},"product_brand":[],"product_cat":[25,32],"product_tag":[4115,4026],"class_list":{"0":"post-4608","1":"product","2":"type-product","3":"status-publish","4":"has-post-thumbnail","6":"product_cat-literatura","7":"product_cat-poesia-literatura","8":"product_tag-poesia-es","9":"product_tag-poesia-en-lenguas-originarias","11":"first","12":"outofstock","13":"taxable","14":"shipping-taxable","15":"purchasable","16":"product-type-simple"},"acf":[],"yoast_head":"<!-- This site is optimized with the Yoast SEO plugin v27.3 - https:\/\/yoast.com\/product\/yoast-seo-wordpress\/ -->\n<title>Xochitlajtoli : P\u00e1jaros azules canten mi memoria<\/title>\n<meta name=\"description\" content=\"POES\u00cdA CONTEMPOR\u00c1NEA EN LENGUAS ORIGINARIAS DE M\u00c9XICO. \/ Mart\u00edn Tonalmeyotl (selection and foreword). (Colecci\u00f3n C\u00edrculo de Poes\u00eda). ISBN : 9786079135379.\" \/>\n<meta name=\"robots\" content=\"index, follow, max-snippet:-1, max-image-preview:large, max-video-preview:-1\" \/>\n<link rel=\"canonical\" href=\"https:\/\/booksfrommexico.com\/es\/producto\/xochitlajtoli-pajaros-azules-canten-mi-memoria-poesia-contemporanea-en-lenguas-originarias-de-mexico\/\" \/>\n<meta property=\"og:locale\" content=\"es_ES\" \/>\n<meta property=\"og:type\" content=\"article\" \/>\n<meta property=\"og:title\" content=\"Xochitlajtoli : P\u00e1jaros azules canten mi memoria\" \/>\n<meta property=\"og:description\" content=\"POES\u00cdA CONTEMPOR\u00c1NEA EN LENGUAS ORIGINARIAS DE M\u00c9XICO. \/ Mart\u00edn Tonalmeyotl (selection and foreword). (Colecci\u00f3n C\u00edrculo de Poes\u00eda). ISBN : 9786079135379.\" \/>\n<meta property=\"og:url\" content=\"https:\/\/booksfrommexico.com\/es\/producto\/xochitlajtoli-pajaros-azules-canten-mi-memoria-poesia-contemporanea-en-lenguas-originarias-de-mexico\/\" \/>\n<meta property=\"og:site_name\" content=\"Books From Mexico\" \/>\n<meta property=\"article:modified_time\" content=\"2024-02-15T21:33:37+00:00\" \/>\n<meta property=\"og:image\" content=\"http:\/\/booksfrommexico.com\/app\/uploads\/2024\/01\/195466.jpeg\" \/>\n\t<meta property=\"og:image:width\" content=\"357\" \/>\n\t<meta property=\"og:image:height\" content=\"566\" \/>\n\t<meta property=\"og:image:type\" content=\"image\/jpeg\" \/>\n<meta name=\"twitter:card\" content=\"summary_large_image\" \/>\n<meta name=\"twitter:label1\" content=\"Tiempo de lectura\" \/>\n\t<meta name=\"twitter:data1\" content=\"1 minuto\" \/>\n<script type=\"application\/ld+json\" class=\"yoast-schema-graph\">{\"@context\":\"https:\\\/\\\/schema.org\",\"@graph\":[{\"@type\":\"WebPage\",\"@id\":\"https:\\\/\\\/booksfrommexico.com\\\/es\\\/producto\\\/xochitlajtoli-pajaros-azules-canten-mi-memoria-poesia-contemporanea-en-lenguas-originarias-de-mexico\\\/\",\"url\":\"https:\\\/\\\/booksfrommexico.com\\\/es\\\/producto\\\/xochitlajtoli-pajaros-azules-canten-mi-memoria-poesia-contemporanea-en-lenguas-originarias-de-mexico\\\/\",\"name\":\"Xochitlajtoli : P\u00e1jaros azules canten mi memoria\",\"isPartOf\":{\"@id\":\"https:\\\/\\\/booksfrommexico.com\\\/#website\"},\"primaryImageOfPage\":{\"@id\":\"https:\\\/\\\/booksfrommexico.com\\\/es\\\/producto\\\/xochitlajtoli-pajaros-azules-canten-mi-memoria-poesia-contemporanea-en-lenguas-originarias-de-mexico\\\/#primaryimage\"},\"image\":{\"@id\":\"https:\\\/\\\/booksfrommexico.com\\\/es\\\/producto\\\/xochitlajtoli-pajaros-azules-canten-mi-memoria-poesia-contemporanea-en-lenguas-originarias-de-mexico\\\/#primaryimage\"},\"thumbnailUrl\":\"https:\\\/\\\/booksfrommexico.com\\\/app\\\/uploads\\\/2024\\\/01\\\/195466.jpeg\",\"datePublished\":\"2024-01-23T22:29:03+00:00\",\"dateModified\":\"2024-02-15T21:33:37+00:00\",\"description\":\"POES\u00cdA CONTEMPOR\u00c1NEA EN LENGUAS ORIGINARIAS DE M\u00c9XICO. \\\/ Mart\u00edn Tonalmeyotl (selection and foreword). (Colecci\u00f3n C\u00edrculo de Poes\u00eda). ISBN : 9786079135379.\",\"breadcrumb\":{\"@id\":\"https:\\\/\\\/booksfrommexico.com\\\/es\\\/producto\\\/xochitlajtoli-pajaros-azules-canten-mi-memoria-poesia-contemporanea-en-lenguas-originarias-de-mexico\\\/#breadcrumb\"},\"inLanguage\":\"es\",\"potentialAction\":[{\"@type\":\"ReadAction\",\"target\":[\"https:\\\/\\\/booksfrommexico.com\\\/es\\\/producto\\\/xochitlajtoli-pajaros-azules-canten-mi-memoria-poesia-contemporanea-en-lenguas-originarias-de-mexico\\\/\"]}]},{\"@type\":\"ImageObject\",\"inLanguage\":\"es\",\"@id\":\"https:\\\/\\\/booksfrommexico.com\\\/es\\\/producto\\\/xochitlajtoli-pajaros-azules-canten-mi-memoria-poesia-contemporanea-en-lenguas-originarias-de-mexico\\\/#primaryimage\",\"url\":\"https:\\\/\\\/booksfrommexico.com\\\/app\\\/uploads\\\/2024\\\/01\\\/195466.jpeg\",\"contentUrl\":\"https:\\\/\\\/booksfrommexico.com\\\/app\\\/uploads\\\/2024\\\/01\\\/195466.jpeg\",\"width\":357,\"height\":566,\"caption\":\"XOCHITLAJTOLI : P\u00c1JAROS AZULES CANTEN MI MEMORIA\"},{\"@type\":\"BreadcrumbList\",\"@id\":\"https:\\\/\\\/booksfrommexico.com\\\/es\\\/producto\\\/xochitlajtoli-pajaros-azules-canten-mi-memoria-poesia-contemporanea-en-lenguas-originarias-de-mexico\\\/#breadcrumb\",\"itemListElement\":[{\"@type\":\"ListItem\",\"position\":1,\"name\":\"Home\",\"item\":\"https:\\\/\\\/booksfrommexico.com\\\/es\\\/\"},{\"@type\":\"ListItem\",\"position\":2,\"name\":\"Libros\",\"item\":\"https:\\\/\\\/booksfrommexico.com\\\/es\\\/libros\\\/\"},{\"@type\":\"ListItem\",\"position\":3,\"name\":\"Xochitlajtoli : P\u00e1jaros azules canten mi memoria\"}]},{\"@type\":\"WebSite\",\"@id\":\"https:\\\/\\\/booksfrommexico.com\\\/#website\",\"url\":\"https:\\\/\\\/booksfrommexico.com\\\/\",\"name\":\"Books From Mexico\",\"description\":\"\",\"publisher\":{\"@id\":\"https:\\\/\\\/booksfrommexico.com\\\/#organization\"},\"potentialAction\":[{\"@type\":\"SearchAction\",\"target\":{\"@type\":\"EntryPoint\",\"urlTemplate\":\"https:\\\/\\\/booksfrommexico.com\\\/?s={search_term_string}\"},\"query-input\":{\"@type\":\"PropertyValueSpecification\",\"valueRequired\":true,\"valueName\":\"search_term_string\"}}],\"inLanguage\":\"es\"},{\"@type\":\"Organization\",\"@id\":\"https:\\\/\\\/booksfrommexico.com\\\/#organization\",\"name\":\"Books From Mexico\",\"url\":\"https:\\\/\\\/booksfrommexico.com\\\/\",\"logo\":{\"@type\":\"ImageObject\",\"inLanguage\":\"es\",\"@id\":\"https:\\\/\\\/booksfrommexico.com\\\/#\\\/schema\\\/logo\\\/image\\\/\",\"url\":\"https:\\\/\\\/booksfrommexico.com\\\/app\\\/uploads\\\/2023\\\/05\\\/logo-booksfrommexico.svg\",\"contentUrl\":\"https:\\\/\\\/booksfrommexico.com\\\/app\\\/uploads\\\/2023\\\/05\\\/logo-booksfrommexico.svg\",\"width\":86,\"height\":56,\"caption\":\"Books From Mexico\"},\"image\":{\"@id\":\"https:\\\/\\\/booksfrommexico.com\\\/#\\\/schema\\\/logo\\\/image\\\/\"}}]}<\/script>\n<!-- \/ Yoast SEO plugin. -->","yoast_head_json":{"title":"Xochitlajtoli : P\u00e1jaros azules canten mi memoria","description":"POES\u00cdA CONTEMPOR\u00c1NEA EN LENGUAS ORIGINARIAS DE M\u00c9XICO. \/ Mart\u00edn Tonalmeyotl (selection and foreword). (Colecci\u00f3n C\u00edrculo de Poes\u00eda). ISBN : 9786079135379.","robots":{"index":"index","follow":"follow","max-snippet":"max-snippet:-1","max-image-preview":"max-image-preview:large","max-video-preview":"max-video-preview:-1"},"canonical":"https:\/\/booksfrommexico.com\/es\/producto\/xochitlajtoli-pajaros-azules-canten-mi-memoria-poesia-contemporanea-en-lenguas-originarias-de-mexico\/","og_locale":"es_ES","og_type":"article","og_title":"Xochitlajtoli : P\u00e1jaros azules canten mi memoria","og_description":"POES\u00cdA CONTEMPOR\u00c1NEA EN LENGUAS ORIGINARIAS DE M\u00c9XICO. \/ Mart\u00edn Tonalmeyotl (selection and foreword). (Colecci\u00f3n C\u00edrculo de Poes\u00eda). ISBN : 9786079135379.","og_url":"https:\/\/booksfrommexico.com\/es\/producto\/xochitlajtoli-pajaros-azules-canten-mi-memoria-poesia-contemporanea-en-lenguas-originarias-de-mexico\/","og_site_name":"Books From Mexico","article_modified_time":"2024-02-15T21:33:37+00:00","og_image":[{"width":357,"height":566,"url":"http:\/\/booksfrommexico.com\/app\/uploads\/2024\/01\/195466.jpeg","type":"image\/jpeg"}],"twitter_card":"summary_large_image","twitter_misc":{"Tiempo de lectura":"1 minuto"},"schema":{"@context":"https:\/\/schema.org","@graph":[{"@type":"WebPage","@id":"https:\/\/booksfrommexico.com\/es\/producto\/xochitlajtoli-pajaros-azules-canten-mi-memoria-poesia-contemporanea-en-lenguas-originarias-de-mexico\/","url":"https:\/\/booksfrommexico.com\/es\/producto\/xochitlajtoli-pajaros-azules-canten-mi-memoria-poesia-contemporanea-en-lenguas-originarias-de-mexico\/","name":"Xochitlajtoli : P\u00e1jaros azules canten mi memoria","isPartOf":{"@id":"https:\/\/booksfrommexico.com\/#website"},"primaryImageOfPage":{"@id":"https:\/\/booksfrommexico.com\/es\/producto\/xochitlajtoli-pajaros-azules-canten-mi-memoria-poesia-contemporanea-en-lenguas-originarias-de-mexico\/#primaryimage"},"image":{"@id":"https:\/\/booksfrommexico.com\/es\/producto\/xochitlajtoli-pajaros-azules-canten-mi-memoria-poesia-contemporanea-en-lenguas-originarias-de-mexico\/#primaryimage"},"thumbnailUrl":"https:\/\/booksfrommexico.com\/app\/uploads\/2024\/01\/195466.jpeg","datePublished":"2024-01-23T22:29:03+00:00","dateModified":"2024-02-15T21:33:37+00:00","description":"POES\u00cdA CONTEMPOR\u00c1NEA EN LENGUAS ORIGINARIAS DE M\u00c9XICO. \/ Mart\u00edn Tonalmeyotl (selection and foreword). (Colecci\u00f3n C\u00edrculo de Poes\u00eda). ISBN : 9786079135379.","breadcrumb":{"@id":"https:\/\/booksfrommexico.com\/es\/producto\/xochitlajtoli-pajaros-azules-canten-mi-memoria-poesia-contemporanea-en-lenguas-originarias-de-mexico\/#breadcrumb"},"inLanguage":"es","potentialAction":[{"@type":"ReadAction","target":["https:\/\/booksfrommexico.com\/es\/producto\/xochitlajtoli-pajaros-azules-canten-mi-memoria-poesia-contemporanea-en-lenguas-originarias-de-mexico\/"]}]},{"@type":"ImageObject","inLanguage":"es","@id":"https:\/\/booksfrommexico.com\/es\/producto\/xochitlajtoli-pajaros-azules-canten-mi-memoria-poesia-contemporanea-en-lenguas-originarias-de-mexico\/#primaryimage","url":"https:\/\/booksfrommexico.com\/app\/uploads\/2024\/01\/195466.jpeg","contentUrl":"https:\/\/booksfrommexico.com\/app\/uploads\/2024\/01\/195466.jpeg","width":357,"height":566,"caption":"XOCHITLAJTOLI : P\u00c1JAROS AZULES CANTEN MI MEMORIA"},{"@type":"BreadcrumbList","@id":"https:\/\/booksfrommexico.com\/es\/producto\/xochitlajtoli-pajaros-azules-canten-mi-memoria-poesia-contemporanea-en-lenguas-originarias-de-mexico\/#breadcrumb","itemListElement":[{"@type":"ListItem","position":1,"name":"Home","item":"https:\/\/booksfrommexico.com\/es\/"},{"@type":"ListItem","position":2,"name":"Libros","item":"https:\/\/booksfrommexico.com\/es\/libros\/"},{"@type":"ListItem","position":3,"name":"Xochitlajtoli : P\u00e1jaros azules canten mi memoria"}]},{"@type":"WebSite","@id":"https:\/\/booksfrommexico.com\/#website","url":"https:\/\/booksfrommexico.com\/","name":"Books From Mexico","description":"","publisher":{"@id":"https:\/\/booksfrommexico.com\/#organization"},"potentialAction":[{"@type":"SearchAction","target":{"@type":"EntryPoint","urlTemplate":"https:\/\/booksfrommexico.com\/?s={search_term_string}"},"query-input":{"@type":"PropertyValueSpecification","valueRequired":true,"valueName":"search_term_string"}}],"inLanguage":"es"},{"@type":"Organization","@id":"https:\/\/booksfrommexico.com\/#organization","name":"Books From Mexico","url":"https:\/\/booksfrommexico.com\/","logo":{"@type":"ImageObject","inLanguage":"es","@id":"https:\/\/booksfrommexico.com\/#\/schema\/logo\/image\/","url":"https:\/\/booksfrommexico.com\/app\/uploads\/2023\/05\/logo-booksfrommexico.svg","contentUrl":"https:\/\/booksfrommexico.com\/app\/uploads\/2023\/05\/logo-booksfrommexico.svg","width":86,"height":56,"caption":"Books From Mexico"},"image":{"@id":"https:\/\/booksfrommexico.com\/#\/schema\/logo\/image\/"}}]}},"_links":{"self":[{"href":"https:\/\/booksfrommexico.com\/es\/wp-json\/wp\/v2\/product\/4608","targetHints":{"allow":["GET"]}}],"collection":[{"href":"https:\/\/booksfrommexico.com\/es\/wp-json\/wp\/v2\/product"}],"about":[{"href":"https:\/\/booksfrommexico.com\/es\/wp-json\/wp\/v2\/types\/product"}],"wp:featuredmedia":[{"embeddable":true,"href":"https:\/\/booksfrommexico.com\/es\/wp-json\/wp\/v2\/media\/4610"}],"wp:attachment":[{"href":"https:\/\/booksfrommexico.com\/es\/wp-json\/wp\/v2\/media?parent=4608"}],"wp:term":[{"taxonomy":"product_brand","embeddable":true,"href":"https:\/\/booksfrommexico.com\/es\/wp-json\/wp\/v2\/product_brand?post=4608"},{"taxonomy":"product_cat","embeddable":true,"href":"https:\/\/booksfrommexico.com\/es\/wp-json\/wp\/v2\/product_cat?post=4608"},{"taxonomy":"product_tag","embeddable":true,"href":"https:\/\/booksfrommexico.com\/es\/wp-json\/wp\/v2\/product_tag?post=4608"}],"curies":[{"name":"wp","href":"https:\/\/api.w.org\/{rel}","templated":true}]}}