{"id":464,"date":"2023-05-08T17:02:45","date_gmt":"2023-05-08T17:02:45","guid":{"rendered":"http:\/\/booksfrommexico.com\/product\/chiel-kopojelal-vivencias\/"},"modified":"2024-05-23T01:00:46","modified_gmt":"2024-05-23T01:00:46","slug":"chiel-kopojelal-vivencias","status":"publish","type":"product","link":"https:\/\/booksfrommexico.com\/es\/producto\/chiel-kopojelal-vivencias\/","title":{"rendered":"Ch&#8217;iel k&#8217;opojelal Vivencias"},"content":{"rendered":"<p>Volumen de poes\u00eda tsotsil-espa\u00f1ol, que explora temas como el alma de la tierra, met\u00e1foras del paisaje, di\u00e1logos po\u00e9ticos entre Nezahualc\u00f3yotl y la poes\u00eda maya, y el dolor heredado del poeta.<\/p>\n","protected":false},"excerpt":{"rendered":"<p>Bautista V\u00e1zquez, Ruperta. CH&#8217;IEL K&#8217;OPOJELAL VIVENCIAS \/ Ruperta Bautista V\u00e1zquez. Tuxtla Guti\u00e9rrez, Chiapas: Centro Estatal de Lenguas, Arte y Literatura Ind\u00edgenas; Gobierno del Estado de Chiapas, 2003. 103 pages: 19 cm. (Ts&#8217;ib-Jaye: Textos de los Pueblos Originarios). ISBN: 9706970916.<\/p>\n","protected":false},"featured_media":463,"template":"","meta":{"_acf_changed":false,"inline_featured_image":false},"product_brand":[],"product_cat":[25,32],"product_tag":[3847,4026,3598,4301],"class_list":{"0":"post-464","1":"product","2":"type-product","3":"status-publish","4":"has-post-thumbnail","6":"product_cat-literatura","7":"product_cat-poesia-literatura","8":"product_tag-lenguaje-espanol","9":"product_tag-poesia-en-lenguas-originarias","10":"product_tag-poesia-mexicana","11":"product_tag-tsotsil-es","13":"first","14":"outofstock","15":"taxable","16":"shipping-taxable","17":"purchasable","18":"product-type-simple"},"acf":[],"yoast_head":"<!-- This site is optimized with the Yoast SEO plugin v27.3 - https:\/\/yoast.com\/product\/yoast-seo-wordpress\/ -->\n<title>Ch&#039;iel k&#039;opojelal Vivencias - Books From Mexico<\/title>\n<meta name=\"description\" content=\"Ruperta Bautista V\u00e1zquez. Chiapas: Centro Estatal de Lenguas, Arte y Literatura Ind\u00edgenas, 2003. ISBN: 9706970916. Di\u00e1logos po\u00e9ticos, Nezahualcoyotl-mayas.\" \/>\n<meta name=\"robots\" content=\"index, follow, max-snippet:-1, max-image-preview:large, max-video-preview:-1\" \/>\n<link rel=\"canonical\" href=\"https:\/\/booksfrommexico.com\/es\/producto\/chiel-kopojelal-vivencias\/\" \/>\n<meta property=\"og:locale\" content=\"es_ES\" \/>\n<meta property=\"og:type\" content=\"article\" \/>\n<meta property=\"og:title\" content=\"Ch&#039;iel k&#039;opojelal Vivencias - Books From Mexico\" \/>\n<meta property=\"og:description\" content=\"Ruperta Bautista V\u00e1zquez. Chiapas: Centro Estatal de Lenguas, Arte y Literatura Ind\u00edgenas, 2003. ISBN: 9706970916. Di\u00e1logos po\u00e9ticos, Nezahualcoyotl-mayas.\" \/>\n<meta property=\"og:url\" content=\"https:\/\/booksfrommexico.com\/es\/producto\/chiel-kopojelal-vivencias\/\" \/>\n<meta property=\"og:site_name\" content=\"Books From Mexico\" \/>\n<meta property=\"article:modified_time\" content=\"2024-05-23T01:00:46+00:00\" \/>\n<meta property=\"og:image\" content=\"http:\/\/booksfrommexico.com\/app\/uploads\/2023\/05\/126131.jpeg\" \/>\n\t<meta property=\"og:image:width\" content=\"385\" \/>\n\t<meta property=\"og:image:height\" content=\"544\" \/>\n\t<meta property=\"og:image:type\" content=\"image\/jpeg\" \/>\n<meta name=\"twitter:card\" content=\"summary_large_image\" \/>\n<meta name=\"twitter:label1\" content=\"Tiempo de lectura\" \/>\n\t<meta name=\"twitter:data1\" content=\"1 minuto\" \/>\n<script type=\"application\/ld+json\" class=\"yoast-schema-graph\">{\"@context\":\"https:\\\/\\\/schema.org\",\"@graph\":[{\"@type\":\"WebPage\",\"@id\":\"https:\\\/\\\/booksfrommexico.com\\\/es\\\/producto\\\/chiel-kopojelal-vivencias\\\/\",\"url\":\"https:\\\/\\\/booksfrommexico.com\\\/es\\\/producto\\\/chiel-kopojelal-vivencias\\\/\",\"name\":\"Ch'iel k'opojelal Vivencias - Books From Mexico\",\"isPartOf\":{\"@id\":\"https:\\\/\\\/booksfrommexico.com\\\/#website\"},\"primaryImageOfPage\":{\"@id\":\"https:\\\/\\\/booksfrommexico.com\\\/es\\\/producto\\\/chiel-kopojelal-vivencias\\\/#primaryimage\"},\"image\":{\"@id\":\"https:\\\/\\\/booksfrommexico.com\\\/es\\\/producto\\\/chiel-kopojelal-vivencias\\\/#primaryimage\"},\"thumbnailUrl\":\"https:\\\/\\\/booksfrommexico.com\\\/app\\\/uploads\\\/2023\\\/05\\\/126131.jpeg\",\"datePublished\":\"2023-05-08T17:02:45+00:00\",\"dateModified\":\"2024-05-23T01:00:46+00:00\",\"description\":\"Ruperta Bautista V\u00e1zquez. Chiapas: Centro Estatal de Lenguas, Arte y Literatura Ind\u00edgenas, 2003. ISBN: 9706970916. Di\u00e1logos po\u00e9ticos, Nezahualcoyotl-mayas.\",\"breadcrumb\":{\"@id\":\"https:\\\/\\\/booksfrommexico.com\\\/es\\\/producto\\\/chiel-kopojelal-vivencias\\\/#breadcrumb\"},\"inLanguage\":\"es\",\"potentialAction\":[{\"@type\":\"ReadAction\",\"target\":[\"https:\\\/\\\/booksfrommexico.com\\\/es\\\/producto\\\/chiel-kopojelal-vivencias\\\/\"]}]},{\"@type\":\"ImageObject\",\"inLanguage\":\"es\",\"@id\":\"https:\\\/\\\/booksfrommexico.com\\\/es\\\/producto\\\/chiel-kopojelal-vivencias\\\/#primaryimage\",\"url\":\"https:\\\/\\\/booksfrommexico.com\\\/app\\\/uploads\\\/2023\\\/05\\\/126131.jpeg\",\"contentUrl\":\"https:\\\/\\\/booksfrommexico.com\\\/app\\\/uploads\\\/2023\\\/05\\\/126131.jpeg\",\"width\":385,\"height\":544},{\"@type\":\"BreadcrumbList\",\"@id\":\"https:\\\/\\\/booksfrommexico.com\\\/es\\\/producto\\\/chiel-kopojelal-vivencias\\\/#breadcrumb\",\"itemListElement\":[{\"@type\":\"ListItem\",\"position\":1,\"name\":\"Home\",\"item\":\"https:\\\/\\\/booksfrommexico.com\\\/es\\\/\"},{\"@type\":\"ListItem\",\"position\":2,\"name\":\"Libros\",\"item\":\"https:\\\/\\\/booksfrommexico.com\\\/es\\\/libros\\\/\"},{\"@type\":\"ListItem\",\"position\":3,\"name\":\"Ch&#8217;iel k&#8217;opojelal Vivencias\"}]},{\"@type\":\"WebSite\",\"@id\":\"https:\\\/\\\/booksfrommexico.com\\\/#website\",\"url\":\"https:\\\/\\\/booksfrommexico.com\\\/\",\"name\":\"Books From Mexico\",\"description\":\"\",\"publisher\":{\"@id\":\"https:\\\/\\\/booksfrommexico.com\\\/#organization\"},\"potentialAction\":[{\"@type\":\"SearchAction\",\"target\":{\"@type\":\"EntryPoint\",\"urlTemplate\":\"https:\\\/\\\/booksfrommexico.com\\\/?s={search_term_string}\"},\"query-input\":{\"@type\":\"PropertyValueSpecification\",\"valueRequired\":true,\"valueName\":\"search_term_string\"}}],\"inLanguage\":\"es\"},{\"@type\":\"Organization\",\"@id\":\"https:\\\/\\\/booksfrommexico.com\\\/#organization\",\"name\":\"Books From Mexico\",\"url\":\"https:\\\/\\\/booksfrommexico.com\\\/\",\"logo\":{\"@type\":\"ImageObject\",\"inLanguage\":\"es\",\"@id\":\"https:\\\/\\\/booksfrommexico.com\\\/#\\\/schema\\\/logo\\\/image\\\/\",\"url\":\"https:\\\/\\\/booksfrommexico.com\\\/app\\\/uploads\\\/2023\\\/05\\\/logo-booksfrommexico.svg\",\"contentUrl\":\"https:\\\/\\\/booksfrommexico.com\\\/app\\\/uploads\\\/2023\\\/05\\\/logo-booksfrommexico.svg\",\"width\":86,\"height\":56,\"caption\":\"Books From Mexico\"},\"image\":{\"@id\":\"https:\\\/\\\/booksfrommexico.com\\\/#\\\/schema\\\/logo\\\/image\\\/\"}}]}<\/script>\n<!-- \/ Yoast SEO plugin. -->","yoast_head_json":{"title":"Ch'iel k'opojelal Vivencias - Books From Mexico","description":"Ruperta Bautista V\u00e1zquez. Chiapas: Centro Estatal de Lenguas, Arte y Literatura Ind\u00edgenas, 2003. ISBN: 9706970916. Di\u00e1logos po\u00e9ticos, Nezahualcoyotl-mayas.","robots":{"index":"index","follow":"follow","max-snippet":"max-snippet:-1","max-image-preview":"max-image-preview:large","max-video-preview":"max-video-preview:-1"},"canonical":"https:\/\/booksfrommexico.com\/es\/producto\/chiel-kopojelal-vivencias\/","og_locale":"es_ES","og_type":"article","og_title":"Ch'iel k'opojelal Vivencias - Books From Mexico","og_description":"Ruperta Bautista V\u00e1zquez. Chiapas: Centro Estatal de Lenguas, Arte y Literatura Ind\u00edgenas, 2003. ISBN: 9706970916. Di\u00e1logos po\u00e9ticos, Nezahualcoyotl-mayas.","og_url":"https:\/\/booksfrommexico.com\/es\/producto\/chiel-kopojelal-vivencias\/","og_site_name":"Books From Mexico","article_modified_time":"2024-05-23T01:00:46+00:00","og_image":[{"width":385,"height":544,"url":"http:\/\/booksfrommexico.com\/app\/uploads\/2023\/05\/126131.jpeg","type":"image\/jpeg"}],"twitter_card":"summary_large_image","twitter_misc":{"Tiempo de lectura":"1 minuto"},"schema":{"@context":"https:\/\/schema.org","@graph":[{"@type":"WebPage","@id":"https:\/\/booksfrommexico.com\/es\/producto\/chiel-kopojelal-vivencias\/","url":"https:\/\/booksfrommexico.com\/es\/producto\/chiel-kopojelal-vivencias\/","name":"Ch'iel k'opojelal Vivencias - Books From Mexico","isPartOf":{"@id":"https:\/\/booksfrommexico.com\/#website"},"primaryImageOfPage":{"@id":"https:\/\/booksfrommexico.com\/es\/producto\/chiel-kopojelal-vivencias\/#primaryimage"},"image":{"@id":"https:\/\/booksfrommexico.com\/es\/producto\/chiel-kopojelal-vivencias\/#primaryimage"},"thumbnailUrl":"https:\/\/booksfrommexico.com\/app\/uploads\/2023\/05\/126131.jpeg","datePublished":"2023-05-08T17:02:45+00:00","dateModified":"2024-05-23T01:00:46+00:00","description":"Ruperta Bautista V\u00e1zquez. Chiapas: Centro Estatal de Lenguas, Arte y Literatura Ind\u00edgenas, 2003. ISBN: 9706970916. Di\u00e1logos po\u00e9ticos, Nezahualcoyotl-mayas.","breadcrumb":{"@id":"https:\/\/booksfrommexico.com\/es\/producto\/chiel-kopojelal-vivencias\/#breadcrumb"},"inLanguage":"es","potentialAction":[{"@type":"ReadAction","target":["https:\/\/booksfrommexico.com\/es\/producto\/chiel-kopojelal-vivencias\/"]}]},{"@type":"ImageObject","inLanguage":"es","@id":"https:\/\/booksfrommexico.com\/es\/producto\/chiel-kopojelal-vivencias\/#primaryimage","url":"https:\/\/booksfrommexico.com\/app\/uploads\/2023\/05\/126131.jpeg","contentUrl":"https:\/\/booksfrommexico.com\/app\/uploads\/2023\/05\/126131.jpeg","width":385,"height":544},{"@type":"BreadcrumbList","@id":"https:\/\/booksfrommexico.com\/es\/producto\/chiel-kopojelal-vivencias\/#breadcrumb","itemListElement":[{"@type":"ListItem","position":1,"name":"Home","item":"https:\/\/booksfrommexico.com\/es\/"},{"@type":"ListItem","position":2,"name":"Libros","item":"https:\/\/booksfrommexico.com\/es\/libros\/"},{"@type":"ListItem","position":3,"name":"Ch&#8217;iel k&#8217;opojelal Vivencias"}]},{"@type":"WebSite","@id":"https:\/\/booksfrommexico.com\/#website","url":"https:\/\/booksfrommexico.com\/","name":"Books From Mexico","description":"","publisher":{"@id":"https:\/\/booksfrommexico.com\/#organization"},"potentialAction":[{"@type":"SearchAction","target":{"@type":"EntryPoint","urlTemplate":"https:\/\/booksfrommexico.com\/?s={search_term_string}"},"query-input":{"@type":"PropertyValueSpecification","valueRequired":true,"valueName":"search_term_string"}}],"inLanguage":"es"},{"@type":"Organization","@id":"https:\/\/booksfrommexico.com\/#organization","name":"Books From Mexico","url":"https:\/\/booksfrommexico.com\/","logo":{"@type":"ImageObject","inLanguage":"es","@id":"https:\/\/booksfrommexico.com\/#\/schema\/logo\/image\/","url":"https:\/\/booksfrommexico.com\/app\/uploads\/2023\/05\/logo-booksfrommexico.svg","contentUrl":"https:\/\/booksfrommexico.com\/app\/uploads\/2023\/05\/logo-booksfrommexico.svg","width":86,"height":56,"caption":"Books From Mexico"},"image":{"@id":"https:\/\/booksfrommexico.com\/#\/schema\/logo\/image\/"}}]}},"_links":{"self":[{"href":"https:\/\/booksfrommexico.com\/es\/wp-json\/wp\/v2\/product\/464","targetHints":{"allow":["GET"]}}],"collection":[{"href":"https:\/\/booksfrommexico.com\/es\/wp-json\/wp\/v2\/product"}],"about":[{"href":"https:\/\/booksfrommexico.com\/es\/wp-json\/wp\/v2\/types\/product"}],"wp:featuredmedia":[{"embeddable":true,"href":"https:\/\/booksfrommexico.com\/es\/wp-json\/wp\/v2\/media\/463"}],"wp:attachment":[{"href":"https:\/\/booksfrommexico.com\/es\/wp-json\/wp\/v2\/media?parent=464"}],"wp:term":[{"taxonomy":"product_brand","embeddable":true,"href":"https:\/\/booksfrommexico.com\/es\/wp-json\/wp\/v2\/product_brand?post=464"},{"taxonomy":"product_cat","embeddable":true,"href":"https:\/\/booksfrommexico.com\/es\/wp-json\/wp\/v2\/product_cat?post=464"},{"taxonomy":"product_tag","embeddable":true,"href":"https:\/\/booksfrommexico.com\/es\/wp-json\/wp\/v2\/product_tag?post=464"}],"curies":[{"name":"wp","href":"https:\/\/api.w.org\/{rel}","templated":true}]}}