{"id":4643,"date":"2024-01-29T21:20:06","date_gmt":"2024-01-29T21:20:06","guid":{"rendered":"https:\/\/booksfrommexico.com\/product\/monstrua-antologia-de-diez-escritoras-mexicanas\/"},"modified":"2024-10-10T16:40:16","modified_gmt":"2024-10-10T16:40:16","slug":"monstrua-antologia-de-diez-escritoras-mexicanas","status":"publish","type":"product","link":"https:\/\/booksfrommexico.com\/es\/producto\/monstrua-antologia-de-diez-escritoras-mexicanas\/","title":{"rendered":"Monstrua: antolog\u00eda de diez escritoras mexicanas"},"content":{"rendered":"<p>En esta antolog\u00eda se presenta el trabajo de 10 escritoras mexicanas que navegan entre los g\u00e9neros de poes\u00eda, cuento, ensayo y gui\u00f3n, contando con el detalle adicional de que algunos de los textos est\u00e1n escritos en las lenguas originarias de las autoras y cuentan con su correspondiente traducci\u00f3n al espa\u00f1ol. Esta colecci\u00f3n de textos surge a trav\u00e9s de conversaciones e intercambios que buscan generar un espacio en el que dar a conocer nuevas miradas, estructuras y lenguajes. Esta obra tiene la intenci\u00f3n de dar voz a autoras j\u00f3venes de distintas partes del pa\u00eds, de distintos contextos, comunidades y lenguas, que escriben en distintos g\u00e9neros, \u00a0en una sociedad que privilegia el canon de los escritores masculinos.<\/p>\n","protected":false},"excerpt":{"rendered":"<p>MONSTRUA : ANTOLOG\u00cdA DE DIEZ ESCRITORAS MEXICANAS. \/ Brenda Lozano y Gabriela Jauregui (coordinadoras). Ciudad de M\u00e9xico : Universidad Nacional Aut\u00f3noma de M\u00e9xico, Direcci\u00f3n General de Publicaciones y Fomento Editorial, 2022. 231 pages : illustrations ; 21 cm. (Serie Hilo de Aracne) ISBN 9786073030724 (Colecci\u00f3n) ; 9786073059893.<\/p>\n","protected":false},"featured_media":4644,"template":"","meta":{"_acf_changed":false,"inline_featured_image":false},"product_brand":[],"product_cat":[37,25],"product_tag":[3603,3944,4225],"class_list":{"0":"post-4643","1":"product","2":"type-product","3":"status-publish","4":"has-post-thumbnail","6":"product_cat-cuento-literatura","7":"product_cat-literatura","8":"product_tag-cuentos-mexicanos","9":"product_tag-feminismo-en-la-literatura","10":"product_tag-mujeres-literatura","12":"first","13":"outofstock","14":"featured","15":"taxable","16":"shipping-taxable","17":"purchasable","18":"product-type-simple"},"acf":[],"yoast_head":"<!-- This site is optimized with the Yoast SEO plugin v27.2 - https:\/\/yoast.com\/product\/yoast-seo-wordpress\/ -->\n<title>Monstrua: antolog\u00eda de diez escritoras mexicanas - Books From Mexico<\/title>\n<meta name=\"description\" content=\"Brenda Lozano y Gabriela Jauregui (coordinadoras).UNAM, 2022. (Serie Hilo de Aracne) ISBN 9786073030724 (Colecci\u00f3n) ; 9786073059893.\" \/>\n<meta name=\"robots\" content=\"index, follow, max-snippet:-1, max-image-preview:large, max-video-preview:-1\" \/>\n<link rel=\"canonical\" href=\"https:\/\/booksfrommexico.com\/es\/producto\/monstrua-antologia-de-diez-escritoras-mexicanas\/\" \/>\n<meta property=\"og:locale\" content=\"es_ES\" \/>\n<meta property=\"og:type\" content=\"article\" \/>\n<meta property=\"og:title\" content=\"Monstrua: antolog\u00eda de diez escritoras mexicanas - Books From Mexico\" \/>\n<meta property=\"og:description\" content=\"Brenda Lozano y Gabriela Jauregui (coordinadoras).UNAM, 2022. (Serie Hilo de Aracne) ISBN 9786073030724 (Colecci\u00f3n) ; 9786073059893.\" \/>\n<meta property=\"og:url\" content=\"https:\/\/booksfrommexico.com\/es\/producto\/monstrua-antologia-de-diez-escritoras-mexicanas\/\" \/>\n<meta property=\"og:site_name\" content=\"Books From Mexico\" \/>\n<meta property=\"article:modified_time\" content=\"2024-10-10T16:40:16+00:00\" \/>\n<meta property=\"og:image\" content=\"http:\/\/booksfrommexico.com\/app\/uploads\/2024\/01\/197075_Monstrua.jpeg\" \/>\n\t<meta property=\"og:image:width\" content=\"3008\" \/>\n\t<meta property=\"og:image:height\" content=\"4987\" \/>\n\t<meta property=\"og:image:type\" content=\"image\/jpeg\" \/>\n<meta name=\"twitter:card\" content=\"summary_large_image\" \/>\n<meta name=\"twitter:label1\" content=\"Tiempo de lectura\" \/>\n\t<meta name=\"twitter:data1\" content=\"1 minuto\" \/>\n<script type=\"application\/ld+json\" class=\"yoast-schema-graph\">{\"@context\":\"https:\/\/schema.org\",\"@graph\":[{\"@type\":\"WebPage\",\"@id\":\"https:\/\/booksfrommexico.com\/es\/producto\/monstrua-antologia-de-diez-escritoras-mexicanas\/\",\"url\":\"https:\/\/booksfrommexico.com\/es\/producto\/monstrua-antologia-de-diez-escritoras-mexicanas\/\",\"name\":\"Monstrua: antolog\u00eda de diez escritoras mexicanas - Books From Mexico\",\"isPartOf\":{\"@id\":\"https:\/\/booksfrommexico.com\/#website\"},\"primaryImageOfPage\":{\"@id\":\"https:\/\/booksfrommexico.com\/es\/producto\/monstrua-antologia-de-diez-escritoras-mexicanas\/#primaryimage\"},\"image\":{\"@id\":\"https:\/\/booksfrommexico.com\/es\/producto\/monstrua-antologia-de-diez-escritoras-mexicanas\/#primaryimage\"},\"thumbnailUrl\":\"https:\/\/booksfrommexico.com\/app\/uploads\/2024\/01\/197075_Monstrua.jpeg\",\"datePublished\":\"2024-01-29T21:20:06+00:00\",\"dateModified\":\"2024-10-10T16:40:16+00:00\",\"description\":\"Brenda Lozano y Gabriela Jauregui (coordinadoras).UNAM, 2022. (Serie Hilo de Aracne) ISBN 9786073030724 (Colecci\u00f3n) ; 9786073059893.\",\"breadcrumb\":{\"@id\":\"https:\/\/booksfrommexico.com\/es\/producto\/monstrua-antologia-de-diez-escritoras-mexicanas\/#breadcrumb\"},\"inLanguage\":\"es\",\"potentialAction\":[{\"@type\":\"ReadAction\",\"target\":[\"https:\/\/booksfrommexico.com\/es\/producto\/monstrua-antologia-de-diez-escritoras-mexicanas\/\"]}]},{\"@type\":\"ImageObject\",\"inLanguage\":\"es\",\"@id\":\"https:\/\/booksfrommexico.com\/es\/producto\/monstrua-antologia-de-diez-escritoras-mexicanas\/#primaryimage\",\"url\":\"https:\/\/booksfrommexico.com\/app\/uploads\/2024\/01\/197075_Monstrua.jpeg\",\"contentUrl\":\"https:\/\/booksfrommexico.com\/app\/uploads\/2024\/01\/197075_Monstrua.jpeg\",\"width\":3008,\"height\":4987,\"caption\":\"MONSTRUA : ANTOLOG\u00cdA DE DIEZ ESCRITORAS MEXICANAS. \/ Brenda Lozano y Gabriela Jauregui\"},{\"@type\":\"BreadcrumbList\",\"@id\":\"https:\/\/booksfrommexico.com\/es\/producto\/monstrua-antologia-de-diez-escritoras-mexicanas\/#breadcrumb\",\"itemListElement\":[{\"@type\":\"ListItem\",\"position\":1,\"name\":\"Home\",\"item\":\"https:\/\/booksfrommexico.com\/es\/\"},{\"@type\":\"ListItem\",\"position\":2,\"name\":\"Libros\",\"item\":\"https:\/\/booksfrommexico.com\/es\/libros\/\"},{\"@type\":\"ListItem\",\"position\":3,\"name\":\"Monstrua: antolog\u00eda de diez escritoras mexicanas\"}]},{\"@type\":\"WebSite\",\"@id\":\"https:\/\/booksfrommexico.com\/#website\",\"url\":\"https:\/\/booksfrommexico.com\/\",\"name\":\"Books From Mexico\",\"description\":\"\",\"publisher\":{\"@id\":\"https:\/\/booksfrommexico.com\/#organization\"},\"potentialAction\":[{\"@type\":\"SearchAction\",\"target\":{\"@type\":\"EntryPoint\",\"urlTemplate\":\"https:\/\/booksfrommexico.com\/?s={search_term_string}\"},\"query-input\":{\"@type\":\"PropertyValueSpecification\",\"valueRequired\":true,\"valueName\":\"search_term_string\"}}],\"inLanguage\":\"es\"},{\"@type\":\"Organization\",\"@id\":\"https:\/\/booksfrommexico.com\/#organization\",\"name\":\"Books From Mexico\",\"url\":\"https:\/\/booksfrommexico.com\/\",\"logo\":{\"@type\":\"ImageObject\",\"inLanguage\":\"es\",\"@id\":\"https:\/\/booksfrommexico.com\/#\/schema\/logo\/image\/\",\"url\":\"https:\/\/booksfrommexico.com\/app\/uploads\/2023\/05\/logo-booksfrommexico.svg\",\"contentUrl\":\"https:\/\/booksfrommexico.com\/app\/uploads\/2023\/05\/logo-booksfrommexico.svg\",\"width\":86,\"height\":56,\"caption\":\"Books From Mexico\"},\"image\":{\"@id\":\"https:\/\/booksfrommexico.com\/#\/schema\/logo\/image\/\"}}]}<\/script>\n<!-- \/ Yoast SEO plugin. -->","yoast_head_json":{"title":"Monstrua: antolog\u00eda de diez escritoras mexicanas - Books From Mexico","description":"Brenda Lozano y Gabriela Jauregui (coordinadoras).UNAM, 2022. (Serie Hilo de Aracne) ISBN 9786073030724 (Colecci\u00f3n) ; 9786073059893.","robots":{"index":"index","follow":"follow","max-snippet":"max-snippet:-1","max-image-preview":"max-image-preview:large","max-video-preview":"max-video-preview:-1"},"canonical":"https:\/\/booksfrommexico.com\/es\/producto\/monstrua-antologia-de-diez-escritoras-mexicanas\/","og_locale":"es_ES","og_type":"article","og_title":"Monstrua: antolog\u00eda de diez escritoras mexicanas - Books From Mexico","og_description":"Brenda Lozano y Gabriela Jauregui (coordinadoras).UNAM, 2022. (Serie Hilo de Aracne) ISBN 9786073030724 (Colecci\u00f3n) ; 9786073059893.","og_url":"https:\/\/booksfrommexico.com\/es\/producto\/monstrua-antologia-de-diez-escritoras-mexicanas\/","og_site_name":"Books From Mexico","article_modified_time":"2024-10-10T16:40:16+00:00","og_image":[{"width":3008,"height":4987,"url":"http:\/\/booksfrommexico.com\/app\/uploads\/2024\/01\/197075_Monstrua.jpeg","type":"image\/jpeg"}],"twitter_card":"summary_large_image","twitter_misc":{"Tiempo de lectura":"1 minuto"},"schema":{"@context":"https:\/\/schema.org","@graph":[{"@type":"WebPage","@id":"https:\/\/booksfrommexico.com\/es\/producto\/monstrua-antologia-de-diez-escritoras-mexicanas\/","url":"https:\/\/booksfrommexico.com\/es\/producto\/monstrua-antologia-de-diez-escritoras-mexicanas\/","name":"Monstrua: antolog\u00eda de diez escritoras mexicanas - Books From Mexico","isPartOf":{"@id":"https:\/\/booksfrommexico.com\/#website"},"primaryImageOfPage":{"@id":"https:\/\/booksfrommexico.com\/es\/producto\/monstrua-antologia-de-diez-escritoras-mexicanas\/#primaryimage"},"image":{"@id":"https:\/\/booksfrommexico.com\/es\/producto\/monstrua-antologia-de-diez-escritoras-mexicanas\/#primaryimage"},"thumbnailUrl":"https:\/\/booksfrommexico.com\/app\/uploads\/2024\/01\/197075_Monstrua.jpeg","datePublished":"2024-01-29T21:20:06+00:00","dateModified":"2024-10-10T16:40:16+00:00","description":"Brenda Lozano y Gabriela Jauregui (coordinadoras).UNAM, 2022. (Serie Hilo de Aracne) ISBN 9786073030724 (Colecci\u00f3n) ; 9786073059893.","breadcrumb":{"@id":"https:\/\/booksfrommexico.com\/es\/producto\/monstrua-antologia-de-diez-escritoras-mexicanas\/#breadcrumb"},"inLanguage":"es","potentialAction":[{"@type":"ReadAction","target":["https:\/\/booksfrommexico.com\/es\/producto\/monstrua-antologia-de-diez-escritoras-mexicanas\/"]}]},{"@type":"ImageObject","inLanguage":"es","@id":"https:\/\/booksfrommexico.com\/es\/producto\/monstrua-antologia-de-diez-escritoras-mexicanas\/#primaryimage","url":"https:\/\/booksfrommexico.com\/app\/uploads\/2024\/01\/197075_Monstrua.jpeg","contentUrl":"https:\/\/booksfrommexico.com\/app\/uploads\/2024\/01\/197075_Monstrua.jpeg","width":3008,"height":4987,"caption":"MONSTRUA : ANTOLOG\u00cdA DE DIEZ ESCRITORAS MEXICANAS. \/ Brenda Lozano y Gabriela Jauregui"},{"@type":"BreadcrumbList","@id":"https:\/\/booksfrommexico.com\/es\/producto\/monstrua-antologia-de-diez-escritoras-mexicanas\/#breadcrumb","itemListElement":[{"@type":"ListItem","position":1,"name":"Home","item":"https:\/\/booksfrommexico.com\/es\/"},{"@type":"ListItem","position":2,"name":"Libros","item":"https:\/\/booksfrommexico.com\/es\/libros\/"},{"@type":"ListItem","position":3,"name":"Monstrua: antolog\u00eda de diez escritoras mexicanas"}]},{"@type":"WebSite","@id":"https:\/\/booksfrommexico.com\/#website","url":"https:\/\/booksfrommexico.com\/","name":"Books From Mexico","description":"","publisher":{"@id":"https:\/\/booksfrommexico.com\/#organization"},"potentialAction":[{"@type":"SearchAction","target":{"@type":"EntryPoint","urlTemplate":"https:\/\/booksfrommexico.com\/?s={search_term_string}"},"query-input":{"@type":"PropertyValueSpecification","valueRequired":true,"valueName":"search_term_string"}}],"inLanguage":"es"},{"@type":"Organization","@id":"https:\/\/booksfrommexico.com\/#organization","name":"Books From Mexico","url":"https:\/\/booksfrommexico.com\/","logo":{"@type":"ImageObject","inLanguage":"es","@id":"https:\/\/booksfrommexico.com\/#\/schema\/logo\/image\/","url":"https:\/\/booksfrommexico.com\/app\/uploads\/2023\/05\/logo-booksfrommexico.svg","contentUrl":"https:\/\/booksfrommexico.com\/app\/uploads\/2023\/05\/logo-booksfrommexico.svg","width":86,"height":56,"caption":"Books From Mexico"},"image":{"@id":"https:\/\/booksfrommexico.com\/#\/schema\/logo\/image\/"}}]}},"_links":{"self":[{"href":"https:\/\/booksfrommexico.com\/es\/wp-json\/wp\/v2\/product\/4643","targetHints":{"allow":["GET"]}}],"collection":[{"href":"https:\/\/booksfrommexico.com\/es\/wp-json\/wp\/v2\/product"}],"about":[{"href":"https:\/\/booksfrommexico.com\/es\/wp-json\/wp\/v2\/types\/product"}],"wp:featuredmedia":[{"embeddable":true,"href":"https:\/\/booksfrommexico.com\/es\/wp-json\/wp\/v2\/media\/4644"}],"wp:attachment":[{"href":"https:\/\/booksfrommexico.com\/es\/wp-json\/wp\/v2\/media?parent=4643"}],"wp:term":[{"taxonomy":"product_brand","embeddable":true,"href":"https:\/\/booksfrommexico.com\/es\/wp-json\/wp\/v2\/product_brand?post=4643"},{"taxonomy":"product_cat","embeddable":true,"href":"https:\/\/booksfrommexico.com\/es\/wp-json\/wp\/v2\/product_cat?post=4643"},{"taxonomy":"product_tag","embeddable":true,"href":"https:\/\/booksfrommexico.com\/es\/wp-json\/wp\/v2\/product_tag?post=4643"}],"curies":[{"name":"wp","href":"https:\/\/api.w.org\/{rel}","templated":true}]}}