{"id":466,"date":"2023-05-08T17:02:46","date_gmt":"2023-05-08T17:02:46","guid":{"rendered":"http:\/\/booksfrommexico.com\/product\/los-derechos-humanos-de-las-mujeres-en-mexico\/"},"modified":"2024-10-08T21:10:48","modified_gmt":"2024-10-08T21:10:48","slug":"los-derechos-humanos-de-las-mujeres-en-mexico","status":"publish","type":"product","link":"https:\/\/booksfrommexico.com\/es\/producto\/los-derechos-humanos-de-las-mujeres-en-mexico\/","title":{"rendered":"Derechos humanos de las mujeres en M\u00e9xico"},"content":{"rendered":"<p><span style=\"font-weight: 400;\">Para comprender en su justa dimensi\u00f3n la situaci\u00f3n en la que se encuentran las mujeres, es de vital importancia promover iniciativas con el fin de ganar terreno en la construcci\u00f3n de un andamiaje social, cultural y jur\u00eddico que posibilite mejores condiciones para defender los derechos de las mujeres, que son fundamentalmente derechos humanos. Aqu\u00ed se recopilan art\u00edculos e investigaciones sobre violaciones de derechos humanos, violencia y legislaci\u00f3n en M\u00e9xico sobre las mujeres, y se sostiene que es necesario incorporar la perspectiva de g\u00e9nero como eje transversal de las pol\u00edticas p\u00fablicas que, en conjunci\u00f3n entre el Estado y la sociedad, genere las condiciones materiales para el bienestar de las mujeres.<\/span><\/p>\n","protected":false},"excerpt":{"rendered":"<p>LOS DERECHOS HUMANOS DE LAS MUJERES EN M\u00c9XICO<span style=\"font-weight: 400;\">. \/ Patricia Galeana (coordinator). M\u00e9xico, D.F. : Universidad Nacional Aut\u00f3noma de M\u00e9xico ; Comisi\u00f3n de Derechos Humanos del Distrito Federal ; Federaci\u00f3n Mexicana de Universitarias ; M\u00e9rida, Yucat\u00e1n : Ayuntamiento de M\u00e9rida ; Gobierno del Estado de Yucat\u00e1n ; Universidad Aut\u00f3noma de Yucat\u00e1n, 2004. 598 pages : includes notes, tables, references, graphics, illustrations, bibliography at the end of each chapter ; 23 cm. ISBN : 9703212379.\u00a0<\/span><\/p>\n","protected":false},"featured_media":465,"template":"","meta":{"_acf_changed":false,"inline_featured_image":false},"product_brand":[],"product_cat":[147,148,217],"product_tag":[3659,3837,3752,4001,4101,4422],"class_list":{"0":"post-466","1":"product","2":"type-product","3":"status-publish","4":"has-post-thumbnail","6":"product_cat-estudios-de-genero","7":"product_cat-estudios-sobre-las-mujeres-estudios-de-genero","8":"product_cat-violencia-contra-las-mujeres-estudios-de-genero","9":"product_tag-condiciones-sociales","10":"product_tag-derechos-humanos","11":"product_tag-derechos-mujeres","12":"product_tag-leyes","13":"product_tag-mujeres-es","14":"product_tag-violencia-de-genero","16":"first","17":"instock","18":"sale","19":"taxable","20":"shipping-taxable","21":"purchasable","22":"product-type-simple"},"acf":[],"yoast_head":"<!-- This site is optimized with the Yoast SEO plugin v27.3 - https:\/\/yoast.com\/product\/yoast-seo-wordpress\/ -->\n<title>Derechos humanos de las mujeres en M\u00e9xico<\/title>\n<meta name=\"description\" content=\"LOS DERECHOS HUMANOS DE LAS MUJERES EN M\u00c9XICO. \/ Patricia Galeana (coordinator). UNAM ; Comisi\u00f3n de Derechos Humanos del Distrito Federal ; UADY, 2004.\" \/>\n<meta name=\"robots\" content=\"index, follow, max-snippet:-1, max-image-preview:large, max-video-preview:-1\" \/>\n<link rel=\"canonical\" href=\"https:\/\/booksfrommexico.com\/es\/producto\/los-derechos-humanos-de-las-mujeres-en-mexico\/\" \/>\n<meta property=\"og:locale\" content=\"es_ES\" \/>\n<meta property=\"og:type\" content=\"article\" \/>\n<meta property=\"og:title\" content=\"Derechos humanos de las mujeres en M\u00e9xico\" \/>\n<meta property=\"og:description\" content=\"LOS DERECHOS HUMANOS DE LAS MUJERES EN M\u00c9XICO. \/ Patricia Galeana (coordinator). UNAM ; Comisi\u00f3n de Derechos Humanos del Distrito Federal ; UADY, 2004.\" \/>\n<meta property=\"og:url\" content=\"https:\/\/booksfrommexico.com\/es\/producto\/los-derechos-humanos-de-las-mujeres-en-mexico\/\" \/>\n<meta property=\"og:site_name\" content=\"Books From Mexico\" \/>\n<meta property=\"article:modified_time\" content=\"2024-10-08T21:10:48+00:00\" \/>\n<meta property=\"og:image\" content=\"http:\/\/booksfrommexico.com\/app\/uploads\/2023\/05\/126094.jpeg\" \/>\n\t<meta property=\"og:image:width\" content=\"482\" \/>\n\t<meta property=\"og:image:height\" content=\"663\" \/>\n\t<meta property=\"og:image:type\" content=\"image\/jpeg\" \/>\n<meta name=\"twitter:card\" content=\"summary_large_image\" \/>\n<meta name=\"twitter:label1\" content=\"Tiempo de lectura\" \/>\n\t<meta name=\"twitter:data1\" content=\"1 minuto\" \/>\n<script type=\"application\/ld+json\" class=\"yoast-schema-graph\">{\"@context\":\"https:\\\/\\\/schema.org\",\"@graph\":[{\"@type\":\"WebPage\",\"@id\":\"https:\\\/\\\/booksfrommexico.com\\\/es\\\/producto\\\/los-derechos-humanos-de-las-mujeres-en-mexico\\\/\",\"url\":\"https:\\\/\\\/booksfrommexico.com\\\/es\\\/producto\\\/los-derechos-humanos-de-las-mujeres-en-mexico\\\/\",\"name\":\"Derechos humanos de las mujeres en M\u00e9xico\",\"isPartOf\":{\"@id\":\"https:\\\/\\\/booksfrommexico.com\\\/#website\"},\"primaryImageOfPage\":{\"@id\":\"https:\\\/\\\/booksfrommexico.com\\\/es\\\/producto\\\/los-derechos-humanos-de-las-mujeres-en-mexico\\\/#primaryimage\"},\"image\":{\"@id\":\"https:\\\/\\\/booksfrommexico.com\\\/es\\\/producto\\\/los-derechos-humanos-de-las-mujeres-en-mexico\\\/#primaryimage\"},\"thumbnailUrl\":\"https:\\\/\\\/booksfrommexico.com\\\/app\\\/uploads\\\/2023\\\/05\\\/126094.jpeg\",\"datePublished\":\"2023-05-08T17:02:46+00:00\",\"dateModified\":\"2024-10-08T21:10:48+00:00\",\"description\":\"LOS DERECHOS HUMANOS DE LAS MUJERES EN M\u00c9XICO. \\\/ Patricia Galeana (coordinator). UNAM ; Comisi\u00f3n de Derechos Humanos del Distrito Federal ; UADY, 2004.\",\"breadcrumb\":{\"@id\":\"https:\\\/\\\/booksfrommexico.com\\\/es\\\/producto\\\/los-derechos-humanos-de-las-mujeres-en-mexico\\\/#breadcrumb\"},\"inLanguage\":\"es\",\"potentialAction\":[{\"@type\":\"ReadAction\",\"target\":[\"https:\\\/\\\/booksfrommexico.com\\\/es\\\/producto\\\/los-derechos-humanos-de-las-mujeres-en-mexico\\\/\"]}]},{\"@type\":\"ImageObject\",\"inLanguage\":\"es\",\"@id\":\"https:\\\/\\\/booksfrommexico.com\\\/es\\\/producto\\\/los-derechos-humanos-de-las-mujeres-en-mexico\\\/#primaryimage\",\"url\":\"https:\\\/\\\/booksfrommexico.com\\\/app\\\/uploads\\\/2023\\\/05\\\/126094.jpeg\",\"contentUrl\":\"https:\\\/\\\/booksfrommexico.com\\\/app\\\/uploads\\\/2023\\\/05\\\/126094.jpeg\",\"width\":482,\"height\":663},{\"@type\":\"BreadcrumbList\",\"@id\":\"https:\\\/\\\/booksfrommexico.com\\\/es\\\/producto\\\/los-derechos-humanos-de-las-mujeres-en-mexico\\\/#breadcrumb\",\"itemListElement\":[{\"@type\":\"ListItem\",\"position\":1,\"name\":\"Home\",\"item\":\"https:\\\/\\\/booksfrommexico.com\\\/es\\\/\"},{\"@type\":\"ListItem\",\"position\":2,\"name\":\"Libros\",\"item\":\"https:\\\/\\\/booksfrommexico.com\\\/es\\\/libros\\\/\"},{\"@type\":\"ListItem\",\"position\":3,\"name\":\"Derechos humanos de las mujeres en M\u00e9xico\"}]},{\"@type\":\"WebSite\",\"@id\":\"https:\\\/\\\/booksfrommexico.com\\\/#website\",\"url\":\"https:\\\/\\\/booksfrommexico.com\\\/\",\"name\":\"Books From Mexico\",\"description\":\"\",\"publisher\":{\"@id\":\"https:\\\/\\\/booksfrommexico.com\\\/#organization\"},\"potentialAction\":[{\"@type\":\"SearchAction\",\"target\":{\"@type\":\"EntryPoint\",\"urlTemplate\":\"https:\\\/\\\/booksfrommexico.com\\\/?s={search_term_string}\"},\"query-input\":{\"@type\":\"PropertyValueSpecification\",\"valueRequired\":true,\"valueName\":\"search_term_string\"}}],\"inLanguage\":\"es\"},{\"@type\":\"Organization\",\"@id\":\"https:\\\/\\\/booksfrommexico.com\\\/#organization\",\"name\":\"Books From Mexico\",\"url\":\"https:\\\/\\\/booksfrommexico.com\\\/\",\"logo\":{\"@type\":\"ImageObject\",\"inLanguage\":\"es\",\"@id\":\"https:\\\/\\\/booksfrommexico.com\\\/#\\\/schema\\\/logo\\\/image\\\/\",\"url\":\"https:\\\/\\\/booksfrommexico.com\\\/app\\\/uploads\\\/2023\\\/05\\\/logo-booksfrommexico.svg\",\"contentUrl\":\"https:\\\/\\\/booksfrommexico.com\\\/app\\\/uploads\\\/2023\\\/05\\\/logo-booksfrommexico.svg\",\"width\":86,\"height\":56,\"caption\":\"Books From Mexico\"},\"image\":{\"@id\":\"https:\\\/\\\/booksfrommexico.com\\\/#\\\/schema\\\/logo\\\/image\\\/\"}}]}<\/script>\n<!-- \/ Yoast SEO plugin. -->","yoast_head_json":{"title":"Derechos humanos de las mujeres en M\u00e9xico","description":"LOS DERECHOS HUMANOS DE LAS MUJERES EN M\u00c9XICO. \/ Patricia Galeana (coordinator). UNAM ; Comisi\u00f3n de Derechos Humanos del Distrito Federal ; UADY, 2004.","robots":{"index":"index","follow":"follow","max-snippet":"max-snippet:-1","max-image-preview":"max-image-preview:large","max-video-preview":"max-video-preview:-1"},"canonical":"https:\/\/booksfrommexico.com\/es\/producto\/los-derechos-humanos-de-las-mujeres-en-mexico\/","og_locale":"es_ES","og_type":"article","og_title":"Derechos humanos de las mujeres en M\u00e9xico","og_description":"LOS DERECHOS HUMANOS DE LAS MUJERES EN M\u00c9XICO. \/ Patricia Galeana (coordinator). UNAM ; Comisi\u00f3n de Derechos Humanos del Distrito Federal ; UADY, 2004.","og_url":"https:\/\/booksfrommexico.com\/es\/producto\/los-derechos-humanos-de-las-mujeres-en-mexico\/","og_site_name":"Books From Mexico","article_modified_time":"2024-10-08T21:10:48+00:00","og_image":[{"width":482,"height":663,"url":"http:\/\/booksfrommexico.com\/app\/uploads\/2023\/05\/126094.jpeg","type":"image\/jpeg"}],"twitter_card":"summary_large_image","twitter_misc":{"Tiempo de lectura":"1 minuto"},"schema":{"@context":"https:\/\/schema.org","@graph":[{"@type":"WebPage","@id":"https:\/\/booksfrommexico.com\/es\/producto\/los-derechos-humanos-de-las-mujeres-en-mexico\/","url":"https:\/\/booksfrommexico.com\/es\/producto\/los-derechos-humanos-de-las-mujeres-en-mexico\/","name":"Derechos humanos de las mujeres en M\u00e9xico","isPartOf":{"@id":"https:\/\/booksfrommexico.com\/#website"},"primaryImageOfPage":{"@id":"https:\/\/booksfrommexico.com\/es\/producto\/los-derechos-humanos-de-las-mujeres-en-mexico\/#primaryimage"},"image":{"@id":"https:\/\/booksfrommexico.com\/es\/producto\/los-derechos-humanos-de-las-mujeres-en-mexico\/#primaryimage"},"thumbnailUrl":"https:\/\/booksfrommexico.com\/app\/uploads\/2023\/05\/126094.jpeg","datePublished":"2023-05-08T17:02:46+00:00","dateModified":"2024-10-08T21:10:48+00:00","description":"LOS DERECHOS HUMANOS DE LAS MUJERES EN M\u00c9XICO. \/ Patricia Galeana (coordinator). UNAM ; Comisi\u00f3n de Derechos Humanos del Distrito Federal ; UADY, 2004.","breadcrumb":{"@id":"https:\/\/booksfrommexico.com\/es\/producto\/los-derechos-humanos-de-las-mujeres-en-mexico\/#breadcrumb"},"inLanguage":"es","potentialAction":[{"@type":"ReadAction","target":["https:\/\/booksfrommexico.com\/es\/producto\/los-derechos-humanos-de-las-mujeres-en-mexico\/"]}]},{"@type":"ImageObject","inLanguage":"es","@id":"https:\/\/booksfrommexico.com\/es\/producto\/los-derechos-humanos-de-las-mujeres-en-mexico\/#primaryimage","url":"https:\/\/booksfrommexico.com\/app\/uploads\/2023\/05\/126094.jpeg","contentUrl":"https:\/\/booksfrommexico.com\/app\/uploads\/2023\/05\/126094.jpeg","width":482,"height":663},{"@type":"BreadcrumbList","@id":"https:\/\/booksfrommexico.com\/es\/producto\/los-derechos-humanos-de-las-mujeres-en-mexico\/#breadcrumb","itemListElement":[{"@type":"ListItem","position":1,"name":"Home","item":"https:\/\/booksfrommexico.com\/es\/"},{"@type":"ListItem","position":2,"name":"Libros","item":"https:\/\/booksfrommexico.com\/es\/libros\/"},{"@type":"ListItem","position":3,"name":"Derechos humanos de las mujeres en M\u00e9xico"}]},{"@type":"WebSite","@id":"https:\/\/booksfrommexico.com\/#website","url":"https:\/\/booksfrommexico.com\/","name":"Books From Mexico","description":"","publisher":{"@id":"https:\/\/booksfrommexico.com\/#organization"},"potentialAction":[{"@type":"SearchAction","target":{"@type":"EntryPoint","urlTemplate":"https:\/\/booksfrommexico.com\/?s={search_term_string}"},"query-input":{"@type":"PropertyValueSpecification","valueRequired":true,"valueName":"search_term_string"}}],"inLanguage":"es"},{"@type":"Organization","@id":"https:\/\/booksfrommexico.com\/#organization","name":"Books From Mexico","url":"https:\/\/booksfrommexico.com\/","logo":{"@type":"ImageObject","inLanguage":"es","@id":"https:\/\/booksfrommexico.com\/#\/schema\/logo\/image\/","url":"https:\/\/booksfrommexico.com\/app\/uploads\/2023\/05\/logo-booksfrommexico.svg","contentUrl":"https:\/\/booksfrommexico.com\/app\/uploads\/2023\/05\/logo-booksfrommexico.svg","width":86,"height":56,"caption":"Books From Mexico"},"image":{"@id":"https:\/\/booksfrommexico.com\/#\/schema\/logo\/image\/"}}]}},"_links":{"self":[{"href":"https:\/\/booksfrommexico.com\/es\/wp-json\/wp\/v2\/product\/466","targetHints":{"allow":["GET"]}}],"collection":[{"href":"https:\/\/booksfrommexico.com\/es\/wp-json\/wp\/v2\/product"}],"about":[{"href":"https:\/\/booksfrommexico.com\/es\/wp-json\/wp\/v2\/types\/product"}],"wp:featuredmedia":[{"embeddable":true,"href":"https:\/\/booksfrommexico.com\/es\/wp-json\/wp\/v2\/media\/465"}],"wp:attachment":[{"href":"https:\/\/booksfrommexico.com\/es\/wp-json\/wp\/v2\/media?parent=466"}],"wp:term":[{"taxonomy":"product_brand","embeddable":true,"href":"https:\/\/booksfrommexico.com\/es\/wp-json\/wp\/v2\/product_brand?post=466"},{"taxonomy":"product_cat","embeddable":true,"href":"https:\/\/booksfrommexico.com\/es\/wp-json\/wp\/v2\/product_cat?post=466"},{"taxonomy":"product_tag","embeddable":true,"href":"https:\/\/booksfrommexico.com\/es\/wp-json\/wp\/v2\/product_tag?post=466"}],"curies":[{"name":"wp","href":"https:\/\/api.w.org\/{rel}","templated":true}]}}