{"id":4685,"date":"2024-02-01T19:42:48","date_gmt":"2024-02-01T19:42:48","guid":{"rendered":"https:\/\/booksfrommexico.com\/product\/de-otro-modo-la-vida\/"},"modified":"2024-10-02T23:09:37","modified_gmt":"2024-10-02T23:09:37","slug":"de-otro-modo-la-vida","status":"publish","type":"product","link":"https:\/\/booksfrommexico.com\/es\/producto\/de-otro-modo-la-vida\/","title":{"rendered":"De otro modo la vida"},"content":{"rendered":"<p><span style=\"font-weight: 400;\">Abriendo con un texto de Germ\u00e1n Dehesa donde se invita a la autorreflexi\u00f3n sobre lo que consideramos como sociedad \u201cbello\u201d, \u201cbonito\u201d o \u201cest\u00e9tico\u201d, se inicia un recorrido para hablar, pero sobre todo admirar, la vida desde un punto de vista espec\u00edfico: el de ni\u00f1os y j\u00f3venes con par\u00e1lisis cerebral. Las fotograf\u00edas tomadas por Guadalupe Velasco son precedidas por un sensible pr\u00f3logo de Francisco Prieto. Este ensayo fotogr\u00e1fico pretende enfrentarnos con la realidad de este sector poblacional muchas veces relegado y en pocas ocasiones\u00a0 comprendido.<\/span><\/p>\n","protected":false},"excerpt":{"rendered":"<p>DE OTRO MODO LA VIDA. <span style=\"font-weight: 400;\">\/ Guadalupe Velasco. M\u00e9xico, D.F. : Casa de las Im\u00e1genes ; Asociaci\u00f3n Pro Personas con Par\u00e1lisis Cerebral, 2000. 64 pages : includes photos ; 22 cm. ISBN : 9686272208.<\/span><\/p>\n","protected":false},"featured_media":4716,"template":"","meta":{"_acf_changed":false,"inline_featured_image":false},"product_brand":[],"product_cat":[87,165],"product_tag":[4044,4043],"class_list":{"0":"post-4685","1":"product","2":"type-product","3":"status-publish","4":"has-post-thumbnail","6":"product_cat-arte","7":"product_cat-fotografia-arte","8":"product_tag-arte","9":"product_tag-fotografia","11":"first","12":"instock","13":"sale","14":"taxable","15":"shipping-taxable","16":"purchasable","17":"product-type-simple"},"acf":[],"yoast_head":"<!-- This site is optimized with the Yoast SEO plugin v27.3 - https:\/\/yoast.com\/product\/yoast-seo-wordpress\/ -->\n<title>De otro modo la vida<\/title>\n<meta name=\"description\" content=\"Guadalupe Velasco. M\u00e9xico, D.F. : Casa de las Im\u00e1genes ; Asociaci\u00f3n Pro Personas con Par\u00e1lisis Cerebral, 2000. 64 pages : includes photos ; 22 cm.\" \/>\n<meta name=\"robots\" content=\"index, follow, max-snippet:-1, max-image-preview:large, max-video-preview:-1\" \/>\n<link rel=\"canonical\" href=\"https:\/\/booksfrommexico.com\/es\/producto\/de-otro-modo-la-vida\/\" \/>\n<meta property=\"og:locale\" content=\"es_ES\" \/>\n<meta property=\"og:type\" content=\"article\" \/>\n<meta property=\"og:title\" content=\"De otro modo la vida\" \/>\n<meta property=\"og:description\" content=\"Guadalupe Velasco. M\u00e9xico, D.F. : Casa de las Im\u00e1genes ; Asociaci\u00f3n Pro Personas con Par\u00e1lisis Cerebral, 2000. 64 pages : includes photos ; 22 cm.\" \/>\n<meta property=\"og:url\" content=\"https:\/\/booksfrommexico.com\/es\/producto\/de-otro-modo-la-vida\/\" \/>\n<meta property=\"og:site_name\" content=\"Books From Mexico\" \/>\n<meta property=\"article:modified_time\" content=\"2024-10-02T23:09:37+00:00\" \/>\n<meta property=\"og:image\" content=\"http:\/\/booksfrommexico.com\/app\/uploads\/2024\/02\/114758-e1707334545354.jpeg\" \/>\n\t<meta property=\"og:image:width\" content=\"625\" \/>\n\t<meta property=\"og:image:height\" content=\"637\" \/>\n\t<meta property=\"og:image:type\" content=\"image\/jpeg\" \/>\n<meta name=\"twitter:card\" content=\"summary_large_image\" \/>\n<meta name=\"twitter:label1\" content=\"Tiempo de lectura\" \/>\n\t<meta name=\"twitter:data1\" content=\"1 minuto\" \/>\n<script type=\"application\/ld+json\" class=\"yoast-schema-graph\">{\"@context\":\"https:\\\/\\\/schema.org\",\"@graph\":[{\"@type\":\"WebPage\",\"@id\":\"https:\\\/\\\/booksfrommexico.com\\\/es\\\/producto\\\/de-otro-modo-la-vida\\\/\",\"url\":\"https:\\\/\\\/booksfrommexico.com\\\/es\\\/producto\\\/de-otro-modo-la-vida\\\/\",\"name\":\"De otro modo la vida\",\"isPartOf\":{\"@id\":\"https:\\\/\\\/booksfrommexico.com\\\/#website\"},\"primaryImageOfPage\":{\"@id\":\"https:\\\/\\\/booksfrommexico.com\\\/es\\\/producto\\\/de-otro-modo-la-vida\\\/#primaryimage\"},\"image\":{\"@id\":\"https:\\\/\\\/booksfrommexico.com\\\/es\\\/producto\\\/de-otro-modo-la-vida\\\/#primaryimage\"},\"thumbnailUrl\":\"https:\\\/\\\/booksfrommexico.com\\\/app\\\/uploads\\\/2024\\\/02\\\/114758-e1707334545354.jpeg\",\"datePublished\":\"2024-02-01T19:42:48+00:00\",\"dateModified\":\"2024-10-02T23:09:37+00:00\",\"description\":\"Guadalupe Velasco. M\u00e9xico, D.F. : Casa de las Im\u00e1genes ; Asociaci\u00f3n Pro Personas con Par\u00e1lisis Cerebral, 2000. 64 pages : includes photos ; 22 cm.\",\"breadcrumb\":{\"@id\":\"https:\\\/\\\/booksfrommexico.com\\\/es\\\/producto\\\/de-otro-modo-la-vida\\\/#breadcrumb\"},\"inLanguage\":\"es\",\"potentialAction\":[{\"@type\":\"ReadAction\",\"target\":[\"https:\\\/\\\/booksfrommexico.com\\\/es\\\/producto\\\/de-otro-modo-la-vida\\\/\"]}]},{\"@type\":\"ImageObject\",\"inLanguage\":\"es\",\"@id\":\"https:\\\/\\\/booksfrommexico.com\\\/es\\\/producto\\\/de-otro-modo-la-vida\\\/#primaryimage\",\"url\":\"https:\\\/\\\/booksfrommexico.com\\\/app\\\/uploads\\\/2024\\\/02\\\/114758-e1707334545354.jpeg\",\"contentUrl\":\"https:\\\/\\\/booksfrommexico.com\\\/app\\\/uploads\\\/2024\\\/02\\\/114758-e1707334545354.jpeg\",\"width\":625,\"height\":637,\"caption\":\"DE OTRO MODO LA VIDA\"},{\"@type\":\"BreadcrumbList\",\"@id\":\"https:\\\/\\\/booksfrommexico.com\\\/es\\\/producto\\\/de-otro-modo-la-vida\\\/#breadcrumb\",\"itemListElement\":[{\"@type\":\"ListItem\",\"position\":1,\"name\":\"Home\",\"item\":\"https:\\\/\\\/booksfrommexico.com\\\/es\\\/\"},{\"@type\":\"ListItem\",\"position\":2,\"name\":\"Libros\",\"item\":\"https:\\\/\\\/booksfrommexico.com\\\/es\\\/libros\\\/\"},{\"@type\":\"ListItem\",\"position\":3,\"name\":\"De otro modo la vida\"}]},{\"@type\":\"WebSite\",\"@id\":\"https:\\\/\\\/booksfrommexico.com\\\/#website\",\"url\":\"https:\\\/\\\/booksfrommexico.com\\\/\",\"name\":\"Books From Mexico\",\"description\":\"\",\"publisher\":{\"@id\":\"https:\\\/\\\/booksfrommexico.com\\\/#organization\"},\"potentialAction\":[{\"@type\":\"SearchAction\",\"target\":{\"@type\":\"EntryPoint\",\"urlTemplate\":\"https:\\\/\\\/booksfrommexico.com\\\/?s={search_term_string}\"},\"query-input\":{\"@type\":\"PropertyValueSpecification\",\"valueRequired\":true,\"valueName\":\"search_term_string\"}}],\"inLanguage\":\"es\"},{\"@type\":\"Organization\",\"@id\":\"https:\\\/\\\/booksfrommexico.com\\\/#organization\",\"name\":\"Books From Mexico\",\"url\":\"https:\\\/\\\/booksfrommexico.com\\\/\",\"logo\":{\"@type\":\"ImageObject\",\"inLanguage\":\"es\",\"@id\":\"https:\\\/\\\/booksfrommexico.com\\\/#\\\/schema\\\/logo\\\/image\\\/\",\"url\":\"https:\\\/\\\/booksfrommexico.com\\\/app\\\/uploads\\\/2023\\\/05\\\/logo-booksfrommexico.svg\",\"contentUrl\":\"https:\\\/\\\/booksfrommexico.com\\\/app\\\/uploads\\\/2023\\\/05\\\/logo-booksfrommexico.svg\",\"width\":86,\"height\":56,\"caption\":\"Books From Mexico\"},\"image\":{\"@id\":\"https:\\\/\\\/booksfrommexico.com\\\/#\\\/schema\\\/logo\\\/image\\\/\"}}]}<\/script>\n<!-- \/ Yoast SEO plugin. -->","yoast_head_json":{"title":"De otro modo la vida","description":"Guadalupe Velasco. M\u00e9xico, D.F. : Casa de las Im\u00e1genes ; Asociaci\u00f3n Pro Personas con Par\u00e1lisis Cerebral, 2000. 64 pages : includes photos ; 22 cm.","robots":{"index":"index","follow":"follow","max-snippet":"max-snippet:-1","max-image-preview":"max-image-preview:large","max-video-preview":"max-video-preview:-1"},"canonical":"https:\/\/booksfrommexico.com\/es\/producto\/de-otro-modo-la-vida\/","og_locale":"es_ES","og_type":"article","og_title":"De otro modo la vida","og_description":"Guadalupe Velasco. M\u00e9xico, D.F. : Casa de las Im\u00e1genes ; Asociaci\u00f3n Pro Personas con Par\u00e1lisis Cerebral, 2000. 64 pages : includes photos ; 22 cm.","og_url":"https:\/\/booksfrommexico.com\/es\/producto\/de-otro-modo-la-vida\/","og_site_name":"Books From Mexico","article_modified_time":"2024-10-02T23:09:37+00:00","og_image":[{"width":625,"height":637,"url":"http:\/\/booksfrommexico.com\/app\/uploads\/2024\/02\/114758-e1707334545354.jpeg","type":"image\/jpeg"}],"twitter_card":"summary_large_image","twitter_misc":{"Tiempo de lectura":"1 minuto"},"schema":{"@context":"https:\/\/schema.org","@graph":[{"@type":"WebPage","@id":"https:\/\/booksfrommexico.com\/es\/producto\/de-otro-modo-la-vida\/","url":"https:\/\/booksfrommexico.com\/es\/producto\/de-otro-modo-la-vida\/","name":"De otro modo la vida","isPartOf":{"@id":"https:\/\/booksfrommexico.com\/#website"},"primaryImageOfPage":{"@id":"https:\/\/booksfrommexico.com\/es\/producto\/de-otro-modo-la-vida\/#primaryimage"},"image":{"@id":"https:\/\/booksfrommexico.com\/es\/producto\/de-otro-modo-la-vida\/#primaryimage"},"thumbnailUrl":"https:\/\/booksfrommexico.com\/app\/uploads\/2024\/02\/114758-e1707334545354.jpeg","datePublished":"2024-02-01T19:42:48+00:00","dateModified":"2024-10-02T23:09:37+00:00","description":"Guadalupe Velasco. M\u00e9xico, D.F. : Casa de las Im\u00e1genes ; Asociaci\u00f3n Pro Personas con Par\u00e1lisis Cerebral, 2000. 64 pages : includes photos ; 22 cm.","breadcrumb":{"@id":"https:\/\/booksfrommexico.com\/es\/producto\/de-otro-modo-la-vida\/#breadcrumb"},"inLanguage":"es","potentialAction":[{"@type":"ReadAction","target":["https:\/\/booksfrommexico.com\/es\/producto\/de-otro-modo-la-vida\/"]}]},{"@type":"ImageObject","inLanguage":"es","@id":"https:\/\/booksfrommexico.com\/es\/producto\/de-otro-modo-la-vida\/#primaryimage","url":"https:\/\/booksfrommexico.com\/app\/uploads\/2024\/02\/114758-e1707334545354.jpeg","contentUrl":"https:\/\/booksfrommexico.com\/app\/uploads\/2024\/02\/114758-e1707334545354.jpeg","width":625,"height":637,"caption":"DE OTRO MODO LA VIDA"},{"@type":"BreadcrumbList","@id":"https:\/\/booksfrommexico.com\/es\/producto\/de-otro-modo-la-vida\/#breadcrumb","itemListElement":[{"@type":"ListItem","position":1,"name":"Home","item":"https:\/\/booksfrommexico.com\/es\/"},{"@type":"ListItem","position":2,"name":"Libros","item":"https:\/\/booksfrommexico.com\/es\/libros\/"},{"@type":"ListItem","position":3,"name":"De otro modo la vida"}]},{"@type":"WebSite","@id":"https:\/\/booksfrommexico.com\/#website","url":"https:\/\/booksfrommexico.com\/","name":"Books From Mexico","description":"","publisher":{"@id":"https:\/\/booksfrommexico.com\/#organization"},"potentialAction":[{"@type":"SearchAction","target":{"@type":"EntryPoint","urlTemplate":"https:\/\/booksfrommexico.com\/?s={search_term_string}"},"query-input":{"@type":"PropertyValueSpecification","valueRequired":true,"valueName":"search_term_string"}}],"inLanguage":"es"},{"@type":"Organization","@id":"https:\/\/booksfrommexico.com\/#organization","name":"Books From Mexico","url":"https:\/\/booksfrommexico.com\/","logo":{"@type":"ImageObject","inLanguage":"es","@id":"https:\/\/booksfrommexico.com\/#\/schema\/logo\/image\/","url":"https:\/\/booksfrommexico.com\/app\/uploads\/2023\/05\/logo-booksfrommexico.svg","contentUrl":"https:\/\/booksfrommexico.com\/app\/uploads\/2023\/05\/logo-booksfrommexico.svg","width":86,"height":56,"caption":"Books From Mexico"},"image":{"@id":"https:\/\/booksfrommexico.com\/#\/schema\/logo\/image\/"}}]}},"_links":{"self":[{"href":"https:\/\/booksfrommexico.com\/es\/wp-json\/wp\/v2\/product\/4685","targetHints":{"allow":["GET"]}}],"collection":[{"href":"https:\/\/booksfrommexico.com\/es\/wp-json\/wp\/v2\/product"}],"about":[{"href":"https:\/\/booksfrommexico.com\/es\/wp-json\/wp\/v2\/types\/product"}],"wp:featuredmedia":[{"embeddable":true,"href":"https:\/\/booksfrommexico.com\/es\/wp-json\/wp\/v2\/media\/4716"}],"wp:attachment":[{"href":"https:\/\/booksfrommexico.com\/es\/wp-json\/wp\/v2\/media?parent=4685"}],"wp:term":[{"taxonomy":"product_brand","embeddable":true,"href":"https:\/\/booksfrommexico.com\/es\/wp-json\/wp\/v2\/product_brand?post=4685"},{"taxonomy":"product_cat","embeddable":true,"href":"https:\/\/booksfrommexico.com\/es\/wp-json\/wp\/v2\/product_cat?post=4685"},{"taxonomy":"product_tag","embeddable":true,"href":"https:\/\/booksfrommexico.com\/es\/wp-json\/wp\/v2\/product_tag?post=4685"}],"curies":[{"name":"wp","href":"https:\/\/api.w.org\/{rel}","templated":true}]}}