{"id":4686,"date":"2024-02-01T19:42:48","date_gmt":"2024-02-01T19:42:48","guid":{"rendered":"https:\/\/booksfrommexico.com\/product\/mujeres-de-oriente-relatos-desde-la-carcel\/"},"modified":"2024-10-02T23:12:41","modified_gmt":"2024-10-02T23:12:41","slug":"mujeres-de-oriente-relatos-desde-la-carcel","status":"publish","type":"product","link":"https:\/\/booksfrommexico.com\/es\/producto\/mujeres-de-oriente-relatos-desde-la-carcel\/","title":{"rendered":"Mujeres de Oriente"},"content":{"rendered":"<p><span style=\"font-weight: 400;\">Esta antolog\u00eda de relatos cortos nace directamente del Reclusorio Femenil Oriente, donde cada uno de los relatos es testimonio de una reclusa que fue procesada. Guiadas por Josefina Estrada, las reclusas escribieron esto en un taller de Creaci\u00f3n Literaria impartido por la autora, dentro del mismo reclusorio. Recibidos, editados y tratados con cuidado y respeto, se nos entregan 17 relatos que dan una mirada m\u00e1s all\u00e1 del juicio y del crimen cometido, donde se revela de primera mano una realidad pocas veces atendida: la del encarcelamiento.<\/span><\/p>\n","protected":false},"excerpt":{"rendered":"<p>MUJERES DE ORIENTE : RELATOS DESDE LA C\u00c1RCEL. <span style=\"font-weight: 400;\">\/ Josefina Estrada (editor). M\u00e9xico, D.F. : Josefina Estrada ; Editorial Colibr\u00ed, Colecci\u00f3n Letra Escarlata ; Gobierno del Estado de Puebla, Secretar\u00eda de Cultura, 2002. 246 pages : includes references ; 21 cm. ISBN : 9685062366.<\/span><\/p>\n","protected":false},"featured_media":4702,"template":"","meta":{"_acf_changed":false,"inline_featured_image":false},"product_brand":[],"product_cat":[25,699],"product_tag":[4101,4099],"class_list":{"0":"post-4686","1":"product","2":"type-product","3":"status-publish","4":"has-post-thumbnail","6":"product_cat-literatura","7":"product_cat-violencia-en-la-sociedad-sociologia","8":"product_tag-mujeres-es","9":"product_tag-relato","11":"first","12":"instock","13":"sale","14":"taxable","15":"shipping-taxable","16":"purchasable","17":"product-type-simple"},"acf":[],"yoast_head":"<!-- This site is optimized with the Yoast SEO plugin v27.3 - https:\/\/yoast.com\/product\/yoast-seo-wordpress\/ -->\n<title>Mujeres de Oriente<\/title>\n<meta name=\"description\" content=\"Mujeres de Oriente : Relatos desde la c\u00e1rcel. \/ Josefina Estrada (editor). Editorial Colibr\u00ed ; Secretar\u00eda de Cultura, 2002. ISBN : 9685062366.\" \/>\n<meta name=\"robots\" content=\"index, follow, max-snippet:-1, max-image-preview:large, max-video-preview:-1\" \/>\n<link rel=\"canonical\" href=\"https:\/\/booksfrommexico.com\/es\/producto\/mujeres-de-oriente-relatos-desde-la-carcel\/\" \/>\n<meta property=\"og:locale\" content=\"es_ES\" \/>\n<meta property=\"og:type\" content=\"article\" \/>\n<meta property=\"og:title\" content=\"Mujeres de Oriente\" \/>\n<meta property=\"og:description\" content=\"Mujeres de Oriente : Relatos desde la c\u00e1rcel. \/ Josefina Estrada (editor). Editorial Colibr\u00ed ; Secretar\u00eda de Cultura, 2002. ISBN : 9685062366.\" \/>\n<meta property=\"og:url\" content=\"https:\/\/booksfrommexico.com\/es\/producto\/mujeres-de-oriente-relatos-desde-la-carcel\/\" \/>\n<meta property=\"og:site_name\" content=\"Books From Mexico\" \/>\n<meta property=\"article:modified_time\" content=\"2024-10-02T23:12:41+00:00\" \/>\n<meta property=\"og:image\" content=\"http:\/\/booksfrommexico.com\/app\/uploads\/2024\/02\/116414-.jpeg\" \/>\n\t<meta property=\"og:image:width\" content=\"510\" \/>\n\t<meta property=\"og:image:height\" content=\"790\" \/>\n\t<meta property=\"og:image:type\" content=\"image\/jpeg\" \/>\n<meta name=\"twitter:card\" content=\"summary_large_image\" \/>\n<meta name=\"twitter:label1\" content=\"Tiempo de lectura\" \/>\n\t<meta name=\"twitter:data1\" content=\"1 minuto\" \/>\n<script type=\"application\/ld+json\" class=\"yoast-schema-graph\">{\"@context\":\"https:\\\/\\\/schema.org\",\"@graph\":[{\"@type\":\"WebPage\",\"@id\":\"https:\\\/\\\/booksfrommexico.com\\\/es\\\/producto\\\/mujeres-de-oriente-relatos-desde-la-carcel\\\/\",\"url\":\"https:\\\/\\\/booksfrommexico.com\\\/es\\\/producto\\\/mujeres-de-oriente-relatos-desde-la-carcel\\\/\",\"name\":\"Mujeres de Oriente\",\"isPartOf\":{\"@id\":\"https:\\\/\\\/booksfrommexico.com\\\/#website\"},\"primaryImageOfPage\":{\"@id\":\"https:\\\/\\\/booksfrommexico.com\\\/es\\\/producto\\\/mujeres-de-oriente-relatos-desde-la-carcel\\\/#primaryimage\"},\"image\":{\"@id\":\"https:\\\/\\\/booksfrommexico.com\\\/es\\\/producto\\\/mujeres-de-oriente-relatos-desde-la-carcel\\\/#primaryimage\"},\"thumbnailUrl\":\"https:\\\/\\\/booksfrommexico.com\\\/app\\\/uploads\\\/2024\\\/02\\\/116414-.jpeg\",\"datePublished\":\"2024-02-01T19:42:48+00:00\",\"dateModified\":\"2024-10-02T23:12:41+00:00\",\"description\":\"Mujeres de Oriente : Relatos desde la c\u00e1rcel. \\\/ Josefina Estrada (editor). Editorial Colibr\u00ed ; Secretar\u00eda de Cultura, 2002. ISBN : 9685062366.\",\"breadcrumb\":{\"@id\":\"https:\\\/\\\/booksfrommexico.com\\\/es\\\/producto\\\/mujeres-de-oriente-relatos-desde-la-carcel\\\/#breadcrumb\"},\"inLanguage\":\"es\",\"potentialAction\":[{\"@type\":\"ReadAction\",\"target\":[\"https:\\\/\\\/booksfrommexico.com\\\/es\\\/producto\\\/mujeres-de-oriente-relatos-desde-la-carcel\\\/\"]}]},{\"@type\":\"ImageObject\",\"inLanguage\":\"es\",\"@id\":\"https:\\\/\\\/booksfrommexico.com\\\/es\\\/producto\\\/mujeres-de-oriente-relatos-desde-la-carcel\\\/#primaryimage\",\"url\":\"https:\\\/\\\/booksfrommexico.com\\\/app\\\/uploads\\\/2024\\\/02\\\/116414-.jpeg\",\"contentUrl\":\"https:\\\/\\\/booksfrommexico.com\\\/app\\\/uploads\\\/2024\\\/02\\\/116414-.jpeg\",\"width\":510,\"height\":790},{\"@type\":\"BreadcrumbList\",\"@id\":\"https:\\\/\\\/booksfrommexico.com\\\/es\\\/producto\\\/mujeres-de-oriente-relatos-desde-la-carcel\\\/#breadcrumb\",\"itemListElement\":[{\"@type\":\"ListItem\",\"position\":1,\"name\":\"Home\",\"item\":\"https:\\\/\\\/booksfrommexico.com\\\/es\\\/\"},{\"@type\":\"ListItem\",\"position\":2,\"name\":\"Libros\",\"item\":\"https:\\\/\\\/booksfrommexico.com\\\/es\\\/libros\\\/\"},{\"@type\":\"ListItem\",\"position\":3,\"name\":\"Mujeres de Oriente\"}]},{\"@type\":\"WebSite\",\"@id\":\"https:\\\/\\\/booksfrommexico.com\\\/#website\",\"url\":\"https:\\\/\\\/booksfrommexico.com\\\/\",\"name\":\"Books From Mexico\",\"description\":\"\",\"publisher\":{\"@id\":\"https:\\\/\\\/booksfrommexico.com\\\/#organization\"},\"potentialAction\":[{\"@type\":\"SearchAction\",\"target\":{\"@type\":\"EntryPoint\",\"urlTemplate\":\"https:\\\/\\\/booksfrommexico.com\\\/?s={search_term_string}\"},\"query-input\":{\"@type\":\"PropertyValueSpecification\",\"valueRequired\":true,\"valueName\":\"search_term_string\"}}],\"inLanguage\":\"es\"},{\"@type\":\"Organization\",\"@id\":\"https:\\\/\\\/booksfrommexico.com\\\/#organization\",\"name\":\"Books From Mexico\",\"url\":\"https:\\\/\\\/booksfrommexico.com\\\/\",\"logo\":{\"@type\":\"ImageObject\",\"inLanguage\":\"es\",\"@id\":\"https:\\\/\\\/booksfrommexico.com\\\/#\\\/schema\\\/logo\\\/image\\\/\",\"url\":\"https:\\\/\\\/booksfrommexico.com\\\/app\\\/uploads\\\/2023\\\/05\\\/logo-booksfrommexico.svg\",\"contentUrl\":\"https:\\\/\\\/booksfrommexico.com\\\/app\\\/uploads\\\/2023\\\/05\\\/logo-booksfrommexico.svg\",\"width\":86,\"height\":56,\"caption\":\"Books From Mexico\"},\"image\":{\"@id\":\"https:\\\/\\\/booksfrommexico.com\\\/#\\\/schema\\\/logo\\\/image\\\/\"}}]}<\/script>\n<!-- \/ Yoast SEO plugin. -->","yoast_head_json":{"title":"Mujeres de Oriente","description":"Mujeres de Oriente : Relatos desde la c\u00e1rcel. \/ Josefina Estrada (editor). Editorial Colibr\u00ed ; Secretar\u00eda de Cultura, 2002. ISBN : 9685062366.","robots":{"index":"index","follow":"follow","max-snippet":"max-snippet:-1","max-image-preview":"max-image-preview:large","max-video-preview":"max-video-preview:-1"},"canonical":"https:\/\/booksfrommexico.com\/es\/producto\/mujeres-de-oriente-relatos-desde-la-carcel\/","og_locale":"es_ES","og_type":"article","og_title":"Mujeres de Oriente","og_description":"Mujeres de Oriente : Relatos desde la c\u00e1rcel. \/ Josefina Estrada (editor). Editorial Colibr\u00ed ; Secretar\u00eda de Cultura, 2002. ISBN : 9685062366.","og_url":"https:\/\/booksfrommexico.com\/es\/producto\/mujeres-de-oriente-relatos-desde-la-carcel\/","og_site_name":"Books From Mexico","article_modified_time":"2024-10-02T23:12:41+00:00","og_image":[{"width":510,"height":790,"url":"http:\/\/booksfrommexico.com\/app\/uploads\/2024\/02\/116414-.jpeg","type":"image\/jpeg"}],"twitter_card":"summary_large_image","twitter_misc":{"Tiempo de lectura":"1 minuto"},"schema":{"@context":"https:\/\/schema.org","@graph":[{"@type":"WebPage","@id":"https:\/\/booksfrommexico.com\/es\/producto\/mujeres-de-oriente-relatos-desde-la-carcel\/","url":"https:\/\/booksfrommexico.com\/es\/producto\/mujeres-de-oriente-relatos-desde-la-carcel\/","name":"Mujeres de Oriente","isPartOf":{"@id":"https:\/\/booksfrommexico.com\/#website"},"primaryImageOfPage":{"@id":"https:\/\/booksfrommexico.com\/es\/producto\/mujeres-de-oriente-relatos-desde-la-carcel\/#primaryimage"},"image":{"@id":"https:\/\/booksfrommexico.com\/es\/producto\/mujeres-de-oriente-relatos-desde-la-carcel\/#primaryimage"},"thumbnailUrl":"https:\/\/booksfrommexico.com\/app\/uploads\/2024\/02\/116414-.jpeg","datePublished":"2024-02-01T19:42:48+00:00","dateModified":"2024-10-02T23:12:41+00:00","description":"Mujeres de Oriente : Relatos desde la c\u00e1rcel. \/ Josefina Estrada (editor). Editorial Colibr\u00ed ; Secretar\u00eda de Cultura, 2002. ISBN : 9685062366.","breadcrumb":{"@id":"https:\/\/booksfrommexico.com\/es\/producto\/mujeres-de-oriente-relatos-desde-la-carcel\/#breadcrumb"},"inLanguage":"es","potentialAction":[{"@type":"ReadAction","target":["https:\/\/booksfrommexico.com\/es\/producto\/mujeres-de-oriente-relatos-desde-la-carcel\/"]}]},{"@type":"ImageObject","inLanguage":"es","@id":"https:\/\/booksfrommexico.com\/es\/producto\/mujeres-de-oriente-relatos-desde-la-carcel\/#primaryimage","url":"https:\/\/booksfrommexico.com\/app\/uploads\/2024\/02\/116414-.jpeg","contentUrl":"https:\/\/booksfrommexico.com\/app\/uploads\/2024\/02\/116414-.jpeg","width":510,"height":790},{"@type":"BreadcrumbList","@id":"https:\/\/booksfrommexico.com\/es\/producto\/mujeres-de-oriente-relatos-desde-la-carcel\/#breadcrumb","itemListElement":[{"@type":"ListItem","position":1,"name":"Home","item":"https:\/\/booksfrommexico.com\/es\/"},{"@type":"ListItem","position":2,"name":"Libros","item":"https:\/\/booksfrommexico.com\/es\/libros\/"},{"@type":"ListItem","position":3,"name":"Mujeres de Oriente"}]},{"@type":"WebSite","@id":"https:\/\/booksfrommexico.com\/#website","url":"https:\/\/booksfrommexico.com\/","name":"Books From Mexico","description":"","publisher":{"@id":"https:\/\/booksfrommexico.com\/#organization"},"potentialAction":[{"@type":"SearchAction","target":{"@type":"EntryPoint","urlTemplate":"https:\/\/booksfrommexico.com\/?s={search_term_string}"},"query-input":{"@type":"PropertyValueSpecification","valueRequired":true,"valueName":"search_term_string"}}],"inLanguage":"es"},{"@type":"Organization","@id":"https:\/\/booksfrommexico.com\/#organization","name":"Books From Mexico","url":"https:\/\/booksfrommexico.com\/","logo":{"@type":"ImageObject","inLanguage":"es","@id":"https:\/\/booksfrommexico.com\/#\/schema\/logo\/image\/","url":"https:\/\/booksfrommexico.com\/app\/uploads\/2023\/05\/logo-booksfrommexico.svg","contentUrl":"https:\/\/booksfrommexico.com\/app\/uploads\/2023\/05\/logo-booksfrommexico.svg","width":86,"height":56,"caption":"Books From Mexico"},"image":{"@id":"https:\/\/booksfrommexico.com\/#\/schema\/logo\/image\/"}}]}},"_links":{"self":[{"href":"https:\/\/booksfrommexico.com\/es\/wp-json\/wp\/v2\/product\/4686","targetHints":{"allow":["GET"]}}],"collection":[{"href":"https:\/\/booksfrommexico.com\/es\/wp-json\/wp\/v2\/product"}],"about":[{"href":"https:\/\/booksfrommexico.com\/es\/wp-json\/wp\/v2\/types\/product"}],"wp:featuredmedia":[{"embeddable":true,"href":"https:\/\/booksfrommexico.com\/es\/wp-json\/wp\/v2\/media\/4702"}],"wp:attachment":[{"href":"https:\/\/booksfrommexico.com\/es\/wp-json\/wp\/v2\/media?parent=4686"}],"wp:term":[{"taxonomy":"product_brand","embeddable":true,"href":"https:\/\/booksfrommexico.com\/es\/wp-json\/wp\/v2\/product_brand?post=4686"},{"taxonomy":"product_cat","embeddable":true,"href":"https:\/\/booksfrommexico.com\/es\/wp-json\/wp\/v2\/product_cat?post=4686"},{"taxonomy":"product_tag","embeddable":true,"href":"https:\/\/booksfrommexico.com\/es\/wp-json\/wp\/v2\/product_tag?post=4686"}],"curies":[{"name":"wp","href":"https:\/\/api.w.org\/{rel}","templated":true}]}}