{"id":4688,"date":"2024-02-01T19:42:48","date_gmt":"2024-02-01T19:42:48","guid":{"rendered":"https:\/\/booksfrommexico.com\/product\/las-lenguas-del-diablo-lengua-cosmovision-y-re-existencia-de-los-pueblos-de-abya-yala\/"},"modified":"2024-07-31T21:59:06","modified_gmt":"2024-07-31T21:59:06","slug":"las-lenguas-del-diablo-lengua-cosmovision-y-re-existencia-de-los-pueblos-de-abya-yala","status":"publish","type":"product","link":"https:\/\/booksfrommexico.com\/es\/producto\/las-lenguas-del-diablo-lengua-cosmovision-y-re-existencia-de-los-pueblos-de-abya-yala\/","title":{"rendered":"Lengua, cosmovisi\u00f3n y re-existencia de los pueblos de Abya Yala"},"content":{"rendered":"<p><span style=\"font-weight: 400;\">Resultado del trabajo comunal de sus autores y realizadores para resaltar la importancia de las lenguas relegadas de los pueblos originarios de Am\u00e9rica del sur desde tiempos de la colonia. Exponiendo las problem\u00e1ticas que atraviesa la misma subsistencia de los integrantes de comunidades en territorios kaig\u00e1ng, m\u00e8\u2019ph\u00e0\u00e0, nahua, tzeltal, wayuu y quechua, se hace una cr\u00edtica a la sociedad que los margina, as\u00ed como tambi\u00e9n una manifestaci\u00f3n para exigir su derecho a la preservaci\u00f3n de las tradiciones, costumbres y lenguaje, exaltando la trascendencia, importancia y belleza de \u00e9ste \u00faltimo.<\/span><\/p>\n","protected":false},"excerpt":{"rendered":"<p>LAS LENGUAS DEL DIABLO: LENGUA, COSMOVISI\u00d3N Y RE-EXISTENCIA DE LOS PUEBLOS DE ABYA YALA. <i><span style=\"font-weight: 400;\">\u00a0<\/span><\/i><span style=\"font-weight: 400;\">\/ Jos\u00e9 R. Bessa Freire (y 6 m\u00e1s). Jos\u00e9 Luis Romero (editor). Second printing. Ciudad de M\u00e9xico, M\u00e9xico : Grupo Escorpi\u00f3n, 2020.\u00a0 117 pages : includes bibliography ; 28 cm. ISBN : in tramit.<\/span><\/p>\n","protected":false},"featured_media":4689,"template":"","meta":{"_acf_changed":false,"inline_featured_image":false},"product_brand":[],"product_cat":[169,3166],"product_tag":[4039,4060],"class_list":{"0":"post-4688","1":"product","2":"type-product","3":"status-publish","4":"has-post-thumbnail","6":"product_cat-lengua-y-linguistica","7":"product_cat-lenguas-y-linguisticas-indigenas-lengua-y-linguistica","8":"product_tag-cosmovision","9":"product_tag-lenguas-indigenas-es","11":"first","12":"outofstock","13":"taxable","14":"shipping-taxable","15":"purchasable","16":"product-type-simple"},"acf":[],"yoast_head":"<!-- This site is optimized with the Yoast SEO plugin v27.3 - https:\/\/yoast.com\/product\/yoast-seo-wordpress\/ -->\n<title>Lengua, cosmovisi\u00f3n y re-existencia de los pueblos de Abya Yala<\/title>\n<meta name=\"description\" content=\"Jos\u00e9 R. Bessa Freire (y 6 m\u00e1s). Jos\u00e9 Luis Romero (editor). M\u00e9xico, Ciudad de M\u00e9xico : Grupo Escorpi\u00f3n, 2020. Second printing. 117 pages ; 28 cm.\" \/>\n<meta name=\"robots\" content=\"index, follow, max-snippet:-1, max-image-preview:large, max-video-preview:-1\" \/>\n<link rel=\"canonical\" href=\"https:\/\/booksfrommexico.com\/es\/producto\/las-lenguas-del-diablo-lengua-cosmovision-y-re-existencia-de-los-pueblos-de-abya-yala\/\" \/>\n<meta property=\"og:locale\" content=\"es_ES\" \/>\n<meta property=\"og:type\" content=\"article\" \/>\n<meta property=\"og:title\" content=\"Lengua, cosmovisi\u00f3n y re-existencia de los pueblos de Abya Yala\" \/>\n<meta property=\"og:description\" content=\"Jos\u00e9 R. Bessa Freire (y 6 m\u00e1s). Jos\u00e9 Luis Romero (editor). M\u00e9xico, Ciudad de M\u00e9xico : Grupo Escorpi\u00f3n, 2020. Second printing. 117 pages ; 28 cm.\" \/>\n<meta property=\"og:url\" content=\"https:\/\/booksfrommexico.com\/es\/producto\/las-lenguas-del-diablo-lengua-cosmovision-y-re-existencia-de-los-pueblos-de-abya-yala\/\" \/>\n<meta property=\"og:site_name\" content=\"Books From Mexico\" \/>\n<meta property=\"article:modified_time\" content=\"2024-07-31T21:59:06+00:00\" \/>\n<meta property=\"og:image\" content=\"http:\/\/booksfrommexico.com\/app\/uploads\/2024\/02\/200699_Las_lenguas_del_diablo.jpeg\" \/>\n\t<meta property=\"og:image:width\" content=\"4928\" \/>\n\t<meta property=\"og:image:height\" content=\"6518\" \/>\n\t<meta property=\"og:image:type\" content=\"image\/jpeg\" \/>\n<meta name=\"twitter:card\" content=\"summary_large_image\" \/>\n<meta name=\"twitter:label1\" content=\"Tiempo de lectura\" \/>\n\t<meta name=\"twitter:data1\" content=\"1 minuto\" \/>\n<script type=\"application\/ld+json\" class=\"yoast-schema-graph\">{\"@context\":\"https:\\\/\\\/schema.org\",\"@graph\":[{\"@type\":\"WebPage\",\"@id\":\"https:\\\/\\\/booksfrommexico.com\\\/es\\\/producto\\\/las-lenguas-del-diablo-lengua-cosmovision-y-re-existencia-de-los-pueblos-de-abya-yala\\\/\",\"url\":\"https:\\\/\\\/booksfrommexico.com\\\/es\\\/producto\\\/las-lenguas-del-diablo-lengua-cosmovision-y-re-existencia-de-los-pueblos-de-abya-yala\\\/\",\"name\":\"Lengua, cosmovisi\u00f3n y re-existencia de los pueblos de Abya Yala\",\"isPartOf\":{\"@id\":\"https:\\\/\\\/booksfrommexico.com\\\/#website\"},\"primaryImageOfPage\":{\"@id\":\"https:\\\/\\\/booksfrommexico.com\\\/es\\\/producto\\\/las-lenguas-del-diablo-lengua-cosmovision-y-re-existencia-de-los-pueblos-de-abya-yala\\\/#primaryimage\"},\"image\":{\"@id\":\"https:\\\/\\\/booksfrommexico.com\\\/es\\\/producto\\\/las-lenguas-del-diablo-lengua-cosmovision-y-re-existencia-de-los-pueblos-de-abya-yala\\\/#primaryimage\"},\"thumbnailUrl\":\"https:\\\/\\\/booksfrommexico.com\\\/app\\\/uploads\\\/2024\\\/02\\\/200699_Las_lenguas_del_diablo.jpeg\",\"datePublished\":\"2024-02-01T19:42:48+00:00\",\"dateModified\":\"2024-07-31T21:59:06+00:00\",\"description\":\"Jos\u00e9 R. Bessa Freire (y 6 m\u00e1s). Jos\u00e9 Luis Romero (editor). M\u00e9xico, Ciudad de M\u00e9xico : Grupo Escorpi\u00f3n, 2020. Second printing. 117 pages ; 28 cm.\",\"breadcrumb\":{\"@id\":\"https:\\\/\\\/booksfrommexico.com\\\/es\\\/producto\\\/las-lenguas-del-diablo-lengua-cosmovision-y-re-existencia-de-los-pueblos-de-abya-yala\\\/#breadcrumb\"},\"inLanguage\":\"es\",\"potentialAction\":[{\"@type\":\"ReadAction\",\"target\":[\"https:\\\/\\\/booksfrommexico.com\\\/es\\\/producto\\\/las-lenguas-del-diablo-lengua-cosmovision-y-re-existencia-de-los-pueblos-de-abya-yala\\\/\"]}]},{\"@type\":\"ImageObject\",\"inLanguage\":\"es\",\"@id\":\"https:\\\/\\\/booksfrommexico.com\\\/es\\\/producto\\\/las-lenguas-del-diablo-lengua-cosmovision-y-re-existencia-de-los-pueblos-de-abya-yala\\\/#primaryimage\",\"url\":\"https:\\\/\\\/booksfrommexico.com\\\/app\\\/uploads\\\/2024\\\/02\\\/200699_Las_lenguas_del_diablo.jpeg\",\"contentUrl\":\"https:\\\/\\\/booksfrommexico.com\\\/app\\\/uploads\\\/2024\\\/02\\\/200699_Las_lenguas_del_diablo.jpeg\",\"width\":4928,\"height\":6518},{\"@type\":\"BreadcrumbList\",\"@id\":\"https:\\\/\\\/booksfrommexico.com\\\/es\\\/producto\\\/las-lenguas-del-diablo-lengua-cosmovision-y-re-existencia-de-los-pueblos-de-abya-yala\\\/#breadcrumb\",\"itemListElement\":[{\"@type\":\"ListItem\",\"position\":1,\"name\":\"Home\",\"item\":\"https:\\\/\\\/booksfrommexico.com\\\/es\\\/\"},{\"@type\":\"ListItem\",\"position\":2,\"name\":\"Libros\",\"item\":\"https:\\\/\\\/booksfrommexico.com\\\/es\\\/libros\\\/\"},{\"@type\":\"ListItem\",\"position\":3,\"name\":\"Lengua, cosmovisi\u00f3n y re-existencia de los pueblos de Abya Yala\"}]},{\"@type\":\"WebSite\",\"@id\":\"https:\\\/\\\/booksfrommexico.com\\\/#website\",\"url\":\"https:\\\/\\\/booksfrommexico.com\\\/\",\"name\":\"Books From Mexico\",\"description\":\"\",\"publisher\":{\"@id\":\"https:\\\/\\\/booksfrommexico.com\\\/#organization\"},\"potentialAction\":[{\"@type\":\"SearchAction\",\"target\":{\"@type\":\"EntryPoint\",\"urlTemplate\":\"https:\\\/\\\/booksfrommexico.com\\\/?s={search_term_string}\"},\"query-input\":{\"@type\":\"PropertyValueSpecification\",\"valueRequired\":true,\"valueName\":\"search_term_string\"}}],\"inLanguage\":\"es\"},{\"@type\":\"Organization\",\"@id\":\"https:\\\/\\\/booksfrommexico.com\\\/#organization\",\"name\":\"Books From Mexico\",\"url\":\"https:\\\/\\\/booksfrommexico.com\\\/\",\"logo\":{\"@type\":\"ImageObject\",\"inLanguage\":\"es\",\"@id\":\"https:\\\/\\\/booksfrommexico.com\\\/#\\\/schema\\\/logo\\\/image\\\/\",\"url\":\"https:\\\/\\\/booksfrommexico.com\\\/app\\\/uploads\\\/2023\\\/05\\\/logo-booksfrommexico.svg\",\"contentUrl\":\"https:\\\/\\\/booksfrommexico.com\\\/app\\\/uploads\\\/2023\\\/05\\\/logo-booksfrommexico.svg\",\"width\":86,\"height\":56,\"caption\":\"Books From Mexico\"},\"image\":{\"@id\":\"https:\\\/\\\/booksfrommexico.com\\\/#\\\/schema\\\/logo\\\/image\\\/\"}}]}<\/script>\n<!-- \/ Yoast SEO plugin. -->","yoast_head_json":{"title":"Lengua, cosmovisi\u00f3n y re-existencia de los pueblos de Abya Yala","description":"Jos\u00e9 R. Bessa Freire (y 6 m\u00e1s). Jos\u00e9 Luis Romero (editor). M\u00e9xico, Ciudad de M\u00e9xico : Grupo Escorpi\u00f3n, 2020. Second printing. 117 pages ; 28 cm.","robots":{"index":"index","follow":"follow","max-snippet":"max-snippet:-1","max-image-preview":"max-image-preview:large","max-video-preview":"max-video-preview:-1"},"canonical":"https:\/\/booksfrommexico.com\/es\/producto\/las-lenguas-del-diablo-lengua-cosmovision-y-re-existencia-de-los-pueblos-de-abya-yala\/","og_locale":"es_ES","og_type":"article","og_title":"Lengua, cosmovisi\u00f3n y re-existencia de los pueblos de Abya Yala","og_description":"Jos\u00e9 R. Bessa Freire (y 6 m\u00e1s). Jos\u00e9 Luis Romero (editor). M\u00e9xico, Ciudad de M\u00e9xico : Grupo Escorpi\u00f3n, 2020. Second printing. 117 pages ; 28 cm.","og_url":"https:\/\/booksfrommexico.com\/es\/producto\/las-lenguas-del-diablo-lengua-cosmovision-y-re-existencia-de-los-pueblos-de-abya-yala\/","og_site_name":"Books From Mexico","article_modified_time":"2024-07-31T21:59:06+00:00","og_image":[{"width":4928,"height":6518,"url":"http:\/\/booksfrommexico.com\/app\/uploads\/2024\/02\/200699_Las_lenguas_del_diablo.jpeg","type":"image\/jpeg"}],"twitter_card":"summary_large_image","twitter_misc":{"Tiempo de lectura":"1 minuto"},"schema":{"@context":"https:\/\/schema.org","@graph":[{"@type":"WebPage","@id":"https:\/\/booksfrommexico.com\/es\/producto\/las-lenguas-del-diablo-lengua-cosmovision-y-re-existencia-de-los-pueblos-de-abya-yala\/","url":"https:\/\/booksfrommexico.com\/es\/producto\/las-lenguas-del-diablo-lengua-cosmovision-y-re-existencia-de-los-pueblos-de-abya-yala\/","name":"Lengua, cosmovisi\u00f3n y re-existencia de los pueblos de Abya Yala","isPartOf":{"@id":"https:\/\/booksfrommexico.com\/#website"},"primaryImageOfPage":{"@id":"https:\/\/booksfrommexico.com\/es\/producto\/las-lenguas-del-diablo-lengua-cosmovision-y-re-existencia-de-los-pueblos-de-abya-yala\/#primaryimage"},"image":{"@id":"https:\/\/booksfrommexico.com\/es\/producto\/las-lenguas-del-diablo-lengua-cosmovision-y-re-existencia-de-los-pueblos-de-abya-yala\/#primaryimage"},"thumbnailUrl":"https:\/\/booksfrommexico.com\/app\/uploads\/2024\/02\/200699_Las_lenguas_del_diablo.jpeg","datePublished":"2024-02-01T19:42:48+00:00","dateModified":"2024-07-31T21:59:06+00:00","description":"Jos\u00e9 R. Bessa Freire (y 6 m\u00e1s). Jos\u00e9 Luis Romero (editor). M\u00e9xico, Ciudad de M\u00e9xico : Grupo Escorpi\u00f3n, 2020. Second printing. 117 pages ; 28 cm.","breadcrumb":{"@id":"https:\/\/booksfrommexico.com\/es\/producto\/las-lenguas-del-diablo-lengua-cosmovision-y-re-existencia-de-los-pueblos-de-abya-yala\/#breadcrumb"},"inLanguage":"es","potentialAction":[{"@type":"ReadAction","target":["https:\/\/booksfrommexico.com\/es\/producto\/las-lenguas-del-diablo-lengua-cosmovision-y-re-existencia-de-los-pueblos-de-abya-yala\/"]}]},{"@type":"ImageObject","inLanguage":"es","@id":"https:\/\/booksfrommexico.com\/es\/producto\/las-lenguas-del-diablo-lengua-cosmovision-y-re-existencia-de-los-pueblos-de-abya-yala\/#primaryimage","url":"https:\/\/booksfrommexico.com\/app\/uploads\/2024\/02\/200699_Las_lenguas_del_diablo.jpeg","contentUrl":"https:\/\/booksfrommexico.com\/app\/uploads\/2024\/02\/200699_Las_lenguas_del_diablo.jpeg","width":4928,"height":6518},{"@type":"BreadcrumbList","@id":"https:\/\/booksfrommexico.com\/es\/producto\/las-lenguas-del-diablo-lengua-cosmovision-y-re-existencia-de-los-pueblos-de-abya-yala\/#breadcrumb","itemListElement":[{"@type":"ListItem","position":1,"name":"Home","item":"https:\/\/booksfrommexico.com\/es\/"},{"@type":"ListItem","position":2,"name":"Libros","item":"https:\/\/booksfrommexico.com\/es\/libros\/"},{"@type":"ListItem","position":3,"name":"Lengua, cosmovisi\u00f3n y re-existencia de los pueblos de Abya Yala"}]},{"@type":"WebSite","@id":"https:\/\/booksfrommexico.com\/#website","url":"https:\/\/booksfrommexico.com\/","name":"Books From Mexico","description":"","publisher":{"@id":"https:\/\/booksfrommexico.com\/#organization"},"potentialAction":[{"@type":"SearchAction","target":{"@type":"EntryPoint","urlTemplate":"https:\/\/booksfrommexico.com\/?s={search_term_string}"},"query-input":{"@type":"PropertyValueSpecification","valueRequired":true,"valueName":"search_term_string"}}],"inLanguage":"es"},{"@type":"Organization","@id":"https:\/\/booksfrommexico.com\/#organization","name":"Books From Mexico","url":"https:\/\/booksfrommexico.com\/","logo":{"@type":"ImageObject","inLanguage":"es","@id":"https:\/\/booksfrommexico.com\/#\/schema\/logo\/image\/","url":"https:\/\/booksfrommexico.com\/app\/uploads\/2023\/05\/logo-booksfrommexico.svg","contentUrl":"https:\/\/booksfrommexico.com\/app\/uploads\/2023\/05\/logo-booksfrommexico.svg","width":86,"height":56,"caption":"Books From Mexico"},"image":{"@id":"https:\/\/booksfrommexico.com\/#\/schema\/logo\/image\/"}}]}},"_links":{"self":[{"href":"https:\/\/booksfrommexico.com\/es\/wp-json\/wp\/v2\/product\/4688","targetHints":{"allow":["GET"]}}],"collection":[{"href":"https:\/\/booksfrommexico.com\/es\/wp-json\/wp\/v2\/product"}],"about":[{"href":"https:\/\/booksfrommexico.com\/es\/wp-json\/wp\/v2\/types\/product"}],"wp:featuredmedia":[{"embeddable":true,"href":"https:\/\/booksfrommexico.com\/es\/wp-json\/wp\/v2\/media\/4689"}],"wp:attachment":[{"href":"https:\/\/booksfrommexico.com\/es\/wp-json\/wp\/v2\/media?parent=4688"}],"wp:term":[{"taxonomy":"product_brand","embeddable":true,"href":"https:\/\/booksfrommexico.com\/es\/wp-json\/wp\/v2\/product_brand?post=4688"},{"taxonomy":"product_cat","embeddable":true,"href":"https:\/\/booksfrommexico.com\/es\/wp-json\/wp\/v2\/product_cat?post=4688"},{"taxonomy":"product_tag","embeddable":true,"href":"https:\/\/booksfrommexico.com\/es\/wp-json\/wp\/v2\/product_tag?post=4688"}],"curies":[{"name":"wp","href":"https:\/\/api.w.org\/{rel}","templated":true}]}}