{"id":4721,"date":"2024-02-01T19:42:48","date_gmt":"2024-02-01T19:42:48","guid":{"rendered":"https:\/\/booksfrommexico.com\/product\/los-corridos-pendencieros-de-pancho-madrigal-corridos-humoristicos\/"},"modified":"2025-01-22T20:23:16","modified_gmt":"2025-01-22T20:23:16","slug":"los-corridos-pendencieros-de-pancho-madrigal-corridos-humoristicos","status":"publish","type":"product","link":"https:\/\/booksfrommexico.com\/es\/producto\/los-corridos-pendencieros-de-pancho-madrigal-corridos-humoristicos\/","title":{"rendered":"Los corridos pendencieros de Pancho Madrigal"},"content":{"rendered":"<p><span style=\"font-weight: 400;\">Los corridos fueron parte fundamental de la narrativa popular mexicana, adquiriendo cada uno matices diferentes yendo algunos hacia los versos, otros hacia las tragedias, pero todos con la intenci\u00f3n de ser cantados, bailados o recitados. En este compendio de corridos se divide en tres lapsos fundamentales: el primero yendo del \u00faltimo cuarto del siglo XIX, el segundo a lo largo de la Revoluci\u00f3n Mexicana y el tercero alrededor de 1930, cuando comienza a perder su car\u00e1cter popular, volvi\u00e9ndose culterano y artificioso. Los corridos aqu\u00ed contenidos marcan otro lapso, el de Pancho Madrigal, m\u00fasico y compositor tapat\u00edo, que trae\u00a0 composiciones principalmente de corte humor\u00edstico.<\/span><\/p>\n","protected":false},"excerpt":{"rendered":"<p>LOS CORRIDOS PENDENCIEROS DE PANCHO MADRIGAL : CORRIDOS HUMOR\u00cdSTICOS. <span style=\"font-weight: 400;\">\/ El Colegio de Jalisco (editor). Jalisco, M\u00e9xico\u00a0 : El Colegio de Jalisco, 2002. 88 pages ; 21 cm. ISBN : 9686255753.<\/span><\/p>\n","protected":false},"featured_media":4692,"template":"","meta":{"_acf_changed":false,"inline_featured_image":false},"product_brand":[],"product_cat":[25,325],"product_tag":[4067,3938],"class_list":{"0":"post-4721","1":"product","2":"type-product","3":"status-publish","4":"has-post-thumbnail","6":"product_cat-literatura","7":"product_cat-musica","8":"product_tag-corridos-es","9":"product_tag-literatura-mexicana","11":"first","12":"instock","13":"taxable","14":"shipping-taxable","15":"purchasable","16":"product-type-simple"},"acf":[],"yoast_head":"<!-- This site is optimized with the Yoast SEO plugin v27.4 - https:\/\/yoast.com\/product\/yoast-seo-wordpress\/ -->\n<title>Los corridos pendencieros de Pancho Madrigal<\/title>\n<meta name=\"description\" content=\"Los corridos pendencieros de Pancho Madrigal : Corridos humor\u00edsticos. \/ El Colegio de Jalisco (editor). M\u00e9xico, Jalisco : El Colegio de Jalisco, 2002.\" \/>\n<meta name=\"robots\" content=\"index, follow, max-snippet:-1, max-image-preview:large, max-video-preview:-1\" \/>\n<link rel=\"canonical\" href=\"https:\/\/booksfrommexico.com\/es\/producto\/los-corridos-pendencieros-de-pancho-madrigal-corridos-humoristicos\/\" \/>\n<meta property=\"og:locale\" content=\"es_ES\" \/>\n<meta property=\"og:type\" content=\"article\" \/>\n<meta property=\"og:title\" content=\"Los corridos pendencieros de Pancho Madrigal\" \/>\n<meta property=\"og:description\" content=\"Los corridos pendencieros de Pancho Madrigal : Corridos humor\u00edsticos. \/ El Colegio de Jalisco (editor). M\u00e9xico, Jalisco : El Colegio de Jalisco, 2002.\" \/>\n<meta property=\"og:url\" content=\"https:\/\/booksfrommexico.com\/es\/producto\/los-corridos-pendencieros-de-pancho-madrigal-corridos-humoristicos\/\" \/>\n<meta property=\"og:site_name\" content=\"Books From Mexico\" \/>\n<meta property=\"article:modified_time\" content=\"2025-01-22T20:23:16+00:00\" \/>\n<meta property=\"og:image\" content=\"http:\/\/booksfrommexico.com\/app\/uploads\/2024\/02\/118178.jpeg\" \/>\n\t<meta property=\"og:image:width\" content=\"394\" \/>\n\t<meta property=\"og:image:height\" content=\"594\" \/>\n\t<meta property=\"og:image:type\" content=\"image\/jpeg\" \/>\n<meta name=\"twitter:card\" content=\"summary_large_image\" \/>\n<meta name=\"twitter:label1\" content=\"Tiempo de lectura\" \/>\n\t<meta name=\"twitter:data1\" content=\"1 minuto\" \/>\n<script type=\"application\/ld+json\" class=\"yoast-schema-graph\">{\"@context\":\"https:\\\/\\\/schema.org\",\"@graph\":[{\"@type\":\"WebPage\",\"@id\":\"https:\\\/\\\/booksfrommexico.com\\\/es\\\/producto\\\/los-corridos-pendencieros-de-pancho-madrigal-corridos-humoristicos\\\/\",\"url\":\"https:\\\/\\\/booksfrommexico.com\\\/es\\\/producto\\\/los-corridos-pendencieros-de-pancho-madrigal-corridos-humoristicos\\\/\",\"name\":\"Los corridos pendencieros de Pancho Madrigal\",\"isPartOf\":{\"@id\":\"https:\\\/\\\/booksfrommexico.com\\\/#website\"},\"primaryImageOfPage\":{\"@id\":\"https:\\\/\\\/booksfrommexico.com\\\/es\\\/producto\\\/los-corridos-pendencieros-de-pancho-madrigal-corridos-humoristicos\\\/#primaryimage\"},\"image\":{\"@id\":\"https:\\\/\\\/booksfrommexico.com\\\/es\\\/producto\\\/los-corridos-pendencieros-de-pancho-madrigal-corridos-humoristicos\\\/#primaryimage\"},\"thumbnailUrl\":\"https:\\\/\\\/booksfrommexico.com\\\/app\\\/uploads\\\/2024\\\/02\\\/118178.jpeg\",\"datePublished\":\"2024-02-01T19:42:48+00:00\",\"dateModified\":\"2025-01-22T20:23:16+00:00\",\"description\":\"Los corridos pendencieros de Pancho Madrigal : Corridos humor\u00edsticos. \\\/ El Colegio de Jalisco (editor). M\u00e9xico, Jalisco : El Colegio de Jalisco, 2002.\",\"breadcrumb\":{\"@id\":\"https:\\\/\\\/booksfrommexico.com\\\/es\\\/producto\\\/los-corridos-pendencieros-de-pancho-madrigal-corridos-humoristicos\\\/#breadcrumb\"},\"inLanguage\":\"es\",\"potentialAction\":[{\"@type\":\"ReadAction\",\"target\":[\"https:\\\/\\\/booksfrommexico.com\\\/es\\\/producto\\\/los-corridos-pendencieros-de-pancho-madrigal-corridos-humoristicos\\\/\"]}]},{\"@type\":\"ImageObject\",\"inLanguage\":\"es\",\"@id\":\"https:\\\/\\\/booksfrommexico.com\\\/es\\\/producto\\\/los-corridos-pendencieros-de-pancho-madrigal-corridos-humoristicos\\\/#primaryimage\",\"url\":\"https:\\\/\\\/booksfrommexico.com\\\/app\\\/uploads\\\/2024\\\/02\\\/118178.jpeg\",\"contentUrl\":\"https:\\\/\\\/booksfrommexico.com\\\/app\\\/uploads\\\/2024\\\/02\\\/118178.jpeg\",\"width\":394,\"height\":594},{\"@type\":\"BreadcrumbList\",\"@id\":\"https:\\\/\\\/booksfrommexico.com\\\/es\\\/producto\\\/los-corridos-pendencieros-de-pancho-madrigal-corridos-humoristicos\\\/#breadcrumb\",\"itemListElement\":[{\"@type\":\"ListItem\",\"position\":1,\"name\":\"Home\",\"item\":\"https:\\\/\\\/booksfrommexico.com\\\/es\\\/\"},{\"@type\":\"ListItem\",\"position\":2,\"name\":\"Libros\",\"item\":\"https:\\\/\\\/booksfrommexico.com\\\/es\\\/libros\\\/\"},{\"@type\":\"ListItem\",\"position\":3,\"name\":\"Los corridos pendencieros de Pancho Madrigal\"}]},{\"@type\":\"WebSite\",\"@id\":\"https:\\\/\\\/booksfrommexico.com\\\/#website\",\"url\":\"https:\\\/\\\/booksfrommexico.com\\\/\",\"name\":\"Books From Mexico\",\"description\":\"\",\"publisher\":{\"@id\":\"https:\\\/\\\/booksfrommexico.com\\\/#organization\"},\"potentialAction\":[{\"@type\":\"SearchAction\",\"target\":{\"@type\":\"EntryPoint\",\"urlTemplate\":\"https:\\\/\\\/booksfrommexico.com\\\/?s={search_term_string}\"},\"query-input\":{\"@type\":\"PropertyValueSpecification\",\"valueRequired\":true,\"valueName\":\"search_term_string\"}}],\"inLanguage\":\"es\"},{\"@type\":\"Organization\",\"@id\":\"https:\\\/\\\/booksfrommexico.com\\\/#organization\",\"name\":\"Books From Mexico\",\"url\":\"https:\\\/\\\/booksfrommexico.com\\\/\",\"logo\":{\"@type\":\"ImageObject\",\"inLanguage\":\"es\",\"@id\":\"https:\\\/\\\/booksfrommexico.com\\\/#\\\/schema\\\/logo\\\/image\\\/\",\"url\":\"https:\\\/\\\/booksfrommexico.com\\\/app\\\/uploads\\\/2023\\\/05\\\/logo-booksfrommexico.svg\",\"contentUrl\":\"https:\\\/\\\/booksfrommexico.com\\\/app\\\/uploads\\\/2023\\\/05\\\/logo-booksfrommexico.svg\",\"width\":86,\"height\":56,\"caption\":\"Books From Mexico\"},\"image\":{\"@id\":\"https:\\\/\\\/booksfrommexico.com\\\/#\\\/schema\\\/logo\\\/image\\\/\"}}]}<\/script>\n<!-- \/ Yoast SEO plugin. -->","yoast_head_json":{"title":"Los corridos pendencieros de Pancho Madrigal","description":"Los corridos pendencieros de Pancho Madrigal : Corridos humor\u00edsticos. \/ El Colegio de Jalisco (editor). M\u00e9xico, Jalisco : El Colegio de Jalisco, 2002.","robots":{"index":"index","follow":"follow","max-snippet":"max-snippet:-1","max-image-preview":"max-image-preview:large","max-video-preview":"max-video-preview:-1"},"canonical":"https:\/\/booksfrommexico.com\/es\/producto\/los-corridos-pendencieros-de-pancho-madrigal-corridos-humoristicos\/","og_locale":"es_ES","og_type":"article","og_title":"Los corridos pendencieros de Pancho Madrigal","og_description":"Los corridos pendencieros de Pancho Madrigal : Corridos humor\u00edsticos. \/ El Colegio de Jalisco (editor). M\u00e9xico, Jalisco : El Colegio de Jalisco, 2002.","og_url":"https:\/\/booksfrommexico.com\/es\/producto\/los-corridos-pendencieros-de-pancho-madrigal-corridos-humoristicos\/","og_site_name":"Books From Mexico","article_modified_time":"2025-01-22T20:23:16+00:00","og_image":[{"width":394,"height":594,"url":"http:\/\/booksfrommexico.com\/app\/uploads\/2024\/02\/118178.jpeg","type":"image\/jpeg"}],"twitter_card":"summary_large_image","twitter_misc":{"Tiempo de lectura":"1 minuto"},"schema":{"@context":"https:\/\/schema.org","@graph":[{"@type":"WebPage","@id":"https:\/\/booksfrommexico.com\/es\/producto\/los-corridos-pendencieros-de-pancho-madrigal-corridos-humoristicos\/","url":"https:\/\/booksfrommexico.com\/es\/producto\/los-corridos-pendencieros-de-pancho-madrigal-corridos-humoristicos\/","name":"Los corridos pendencieros de Pancho Madrigal","isPartOf":{"@id":"https:\/\/booksfrommexico.com\/#website"},"primaryImageOfPage":{"@id":"https:\/\/booksfrommexico.com\/es\/producto\/los-corridos-pendencieros-de-pancho-madrigal-corridos-humoristicos\/#primaryimage"},"image":{"@id":"https:\/\/booksfrommexico.com\/es\/producto\/los-corridos-pendencieros-de-pancho-madrigal-corridos-humoristicos\/#primaryimage"},"thumbnailUrl":"https:\/\/booksfrommexico.com\/app\/uploads\/2024\/02\/118178.jpeg","datePublished":"2024-02-01T19:42:48+00:00","dateModified":"2025-01-22T20:23:16+00:00","description":"Los corridos pendencieros de Pancho Madrigal : Corridos humor\u00edsticos. \/ El Colegio de Jalisco (editor). M\u00e9xico, Jalisco : El Colegio de Jalisco, 2002.","breadcrumb":{"@id":"https:\/\/booksfrommexico.com\/es\/producto\/los-corridos-pendencieros-de-pancho-madrigal-corridos-humoristicos\/#breadcrumb"},"inLanguage":"es","potentialAction":[{"@type":"ReadAction","target":["https:\/\/booksfrommexico.com\/es\/producto\/los-corridos-pendencieros-de-pancho-madrigal-corridos-humoristicos\/"]}]},{"@type":"ImageObject","inLanguage":"es","@id":"https:\/\/booksfrommexico.com\/es\/producto\/los-corridos-pendencieros-de-pancho-madrigal-corridos-humoristicos\/#primaryimage","url":"https:\/\/booksfrommexico.com\/app\/uploads\/2024\/02\/118178.jpeg","contentUrl":"https:\/\/booksfrommexico.com\/app\/uploads\/2024\/02\/118178.jpeg","width":394,"height":594},{"@type":"BreadcrumbList","@id":"https:\/\/booksfrommexico.com\/es\/producto\/los-corridos-pendencieros-de-pancho-madrigal-corridos-humoristicos\/#breadcrumb","itemListElement":[{"@type":"ListItem","position":1,"name":"Home","item":"https:\/\/booksfrommexico.com\/es\/"},{"@type":"ListItem","position":2,"name":"Libros","item":"https:\/\/booksfrommexico.com\/es\/libros\/"},{"@type":"ListItem","position":3,"name":"Los corridos pendencieros de Pancho Madrigal"}]},{"@type":"WebSite","@id":"https:\/\/booksfrommexico.com\/#website","url":"https:\/\/booksfrommexico.com\/","name":"Books From Mexico","description":"","publisher":{"@id":"https:\/\/booksfrommexico.com\/#organization"},"potentialAction":[{"@type":"SearchAction","target":{"@type":"EntryPoint","urlTemplate":"https:\/\/booksfrommexico.com\/?s={search_term_string}"},"query-input":{"@type":"PropertyValueSpecification","valueRequired":true,"valueName":"search_term_string"}}],"inLanguage":"es"},{"@type":"Organization","@id":"https:\/\/booksfrommexico.com\/#organization","name":"Books From Mexico","url":"https:\/\/booksfrommexico.com\/","logo":{"@type":"ImageObject","inLanguage":"es","@id":"https:\/\/booksfrommexico.com\/#\/schema\/logo\/image\/","url":"https:\/\/booksfrommexico.com\/app\/uploads\/2023\/05\/logo-booksfrommexico.svg","contentUrl":"https:\/\/booksfrommexico.com\/app\/uploads\/2023\/05\/logo-booksfrommexico.svg","width":86,"height":56,"caption":"Books From Mexico"},"image":{"@id":"https:\/\/booksfrommexico.com\/#\/schema\/logo\/image\/"}}]}},"_links":{"self":[{"href":"https:\/\/booksfrommexico.com\/es\/wp-json\/wp\/v2\/product\/4721","targetHints":{"allow":["GET"]}}],"collection":[{"href":"https:\/\/booksfrommexico.com\/es\/wp-json\/wp\/v2\/product"}],"about":[{"href":"https:\/\/booksfrommexico.com\/es\/wp-json\/wp\/v2\/types\/product"}],"wp:featuredmedia":[{"embeddable":true,"href":"https:\/\/booksfrommexico.com\/es\/wp-json\/wp\/v2\/media\/4692"}],"wp:attachment":[{"href":"https:\/\/booksfrommexico.com\/es\/wp-json\/wp\/v2\/media?parent=4721"}],"wp:term":[{"taxonomy":"product_brand","embeddable":true,"href":"https:\/\/booksfrommexico.com\/es\/wp-json\/wp\/v2\/product_brand?post=4721"},{"taxonomy":"product_cat","embeddable":true,"href":"https:\/\/booksfrommexico.com\/es\/wp-json\/wp\/v2\/product_cat?post=4721"},{"taxonomy":"product_tag","embeddable":true,"href":"https:\/\/booksfrommexico.com\/es\/wp-json\/wp\/v2\/product_tag?post=4721"}],"curies":[{"name":"wp","href":"https:\/\/api.w.org\/{rel}","templated":true}]}}