{"id":4757,"date":"2024-02-06T22:28:52","date_gmt":"2024-02-06T22:28:52","guid":{"rendered":"https:\/\/booksfrommexico.com\/product\/octavio-paz-iconografia\/"},"modified":"2024-02-15T20:11:06","modified_gmt":"2024-02-15T20:11:06","slug":"octavio-paz-iconografia","status":"publish","type":"product","link":"https:\/\/booksfrommexico.com\/es\/producto\/octavio-paz-iconografia\/","title":{"rendered":"Octavio Paz : Iconograf\u00eda"},"content":{"rendered":"<p><span style=\"font-weight: 400;\">Entre m\u00e1s de 300 fotos populares y reconocidas, se ofrece por primera vez una serie de fotograf\u00edas in\u00e9ditas del poeta, ordenadas cronol\u00f3gicamente desde su infancia hasta sus \u00faltimos a\u00f1os. La mayor\u00eda de estas im\u00e1genes est\u00e1n acompa\u00f1adas por una observaci\u00f3n del autor,\u00a0 un breve pasaje de la obra de Paz o de una peque\u00f1a cita de alguno de sus estudiosos, con el fin de proporcionar un hilo contextual y contribuyendo a una mejor comprensi\u00f3n. Pensada a manera de biograf\u00eda visual que se alterna el documento con la instant\u00e1nea period\u00edstica y el retrato, para conformar un testimonio iconogr\u00e1fico.<\/span><\/p>\n","protected":false},"excerpt":{"rendered":"<p><span style=\"font-weight: 400;\">OCTAVIO PAZ : ICONOGRAF\u00cdA.\u00a0\/Rafael Vargas. Santiago de Quer\u00e9taro, M\u00e9xico : Universidad Aut\u00f3noma de Quer\u00e9taro ; Ciudad de M\u00e9xico, M\u00e9xico : Fondo de Cultura Econ\u00f3mica, 2020. 388 pages : includes photos, notes, name index, bibliography ; 27 cm. ISBN : 9786075135205 (UAQ) ; 9786075135205 (FCE).<\/span><\/p>\n","protected":false},"featured_media":4756,"template":"","meta":{"_acf_changed":false,"inline_featured_image":false},"product_brand":[],"product_cat":[52,25],"product_tag":[3630,4043],"class_list":{"0":"post-4757","1":"product","2":"type-product","3":"status-publish","4":"has-post-thumbnail","6":"product_cat-critica-literaria","7":"product_cat-literatura","8":"product_tag-biografia","9":"product_tag-fotografia","11":"first","12":"instock","13":"taxable","14":"shipping-taxable","15":"purchasable","16":"product-type-simple"},"acf":[],"yoast_head":"<!-- This site is optimized with the Yoast SEO plugin v27.3 - https:\/\/yoast.com\/product\/yoast-seo-wordpress\/ -->\n<title>Octavio Paz: Iconograf\u00eda<\/title>\n<meta name=\"description\" content=\"Rafael Vargas. Santiago de Quer\u00e9taro, M\u00e9xico : Universidad Aut\u00f3noma de Quer\u00e9taro ; Ciudad de M\u00e9xico, M\u00e9xico : Fondo de Cultura Econ\u00f3mica, 2020.\" \/>\n<meta name=\"robots\" content=\"index, follow, max-snippet:-1, max-image-preview:large, max-video-preview:-1\" \/>\n<link rel=\"canonical\" href=\"https:\/\/booksfrommexico.com\/es\/producto\/octavio-paz-iconografia\/\" \/>\n<meta property=\"og:locale\" content=\"es_ES\" \/>\n<meta property=\"og:type\" content=\"article\" \/>\n<meta property=\"og:title\" content=\"Octavio Paz: Iconograf\u00eda\" \/>\n<meta property=\"og:description\" content=\"Rafael Vargas. Santiago de Quer\u00e9taro, M\u00e9xico : Universidad Aut\u00f3noma de Quer\u00e9taro ; Ciudad de M\u00e9xico, M\u00e9xico : Fondo de Cultura Econ\u00f3mica, 2020.\" \/>\n<meta property=\"og:url\" content=\"https:\/\/booksfrommexico.com\/es\/producto\/octavio-paz-iconografia\/\" \/>\n<meta property=\"og:site_name\" content=\"Books From Mexico\" \/>\n<meta property=\"article:modified_time\" content=\"2024-02-15T20:11:06+00:00\" \/>\n<meta property=\"og:image\" content=\"http:\/\/booksfrommexico.com\/app\/uploads\/2024\/02\/194573.jpeg\" \/>\n\t<meta property=\"og:image:width\" content=\"548\" \/>\n\t<meta property=\"og:image:height\" content=\"784\" \/>\n\t<meta property=\"og:image:type\" content=\"image\/jpeg\" \/>\n<meta name=\"twitter:card\" content=\"summary_large_image\" \/>\n<meta name=\"twitter:label1\" content=\"Tiempo de lectura\" \/>\n\t<meta name=\"twitter:data1\" content=\"1 minuto\" \/>\n<script type=\"application\/ld+json\" class=\"yoast-schema-graph\">{\"@context\":\"https:\\\/\\\/schema.org\",\"@graph\":[{\"@type\":\"WebPage\",\"@id\":\"https:\\\/\\\/booksfrommexico.com\\\/es\\\/producto\\\/octavio-paz-iconografia\\\/\",\"url\":\"https:\\\/\\\/booksfrommexico.com\\\/es\\\/producto\\\/octavio-paz-iconografia\\\/\",\"name\":\"Octavio Paz: Iconograf\u00eda\",\"isPartOf\":{\"@id\":\"https:\\\/\\\/booksfrommexico.com\\\/#website\"},\"primaryImageOfPage\":{\"@id\":\"https:\\\/\\\/booksfrommexico.com\\\/es\\\/producto\\\/octavio-paz-iconografia\\\/#primaryimage\"},\"image\":{\"@id\":\"https:\\\/\\\/booksfrommexico.com\\\/es\\\/producto\\\/octavio-paz-iconografia\\\/#primaryimage\"},\"thumbnailUrl\":\"https:\\\/\\\/booksfrommexico.com\\\/app\\\/uploads\\\/2024\\\/02\\\/194573.jpeg\",\"datePublished\":\"2024-02-06T22:28:52+00:00\",\"dateModified\":\"2024-02-15T20:11:06+00:00\",\"description\":\"Rafael Vargas. Santiago de Quer\u00e9taro, M\u00e9xico : Universidad Aut\u00f3noma de Quer\u00e9taro ; Ciudad de M\u00e9xico, M\u00e9xico : Fondo de Cultura Econ\u00f3mica, 2020.\",\"breadcrumb\":{\"@id\":\"https:\\\/\\\/booksfrommexico.com\\\/es\\\/producto\\\/octavio-paz-iconografia\\\/#breadcrumb\"},\"inLanguage\":\"es\",\"potentialAction\":[{\"@type\":\"ReadAction\",\"target\":[\"https:\\\/\\\/booksfrommexico.com\\\/es\\\/producto\\\/octavio-paz-iconografia\\\/\"]}]},{\"@type\":\"ImageObject\",\"inLanguage\":\"es\",\"@id\":\"https:\\\/\\\/booksfrommexico.com\\\/es\\\/producto\\\/octavio-paz-iconografia\\\/#primaryimage\",\"url\":\"https:\\\/\\\/booksfrommexico.com\\\/app\\\/uploads\\\/2024\\\/02\\\/194573.jpeg\",\"contentUrl\":\"https:\\\/\\\/booksfrommexico.com\\\/app\\\/uploads\\\/2024\\\/02\\\/194573.jpeg\",\"width\":548,\"height\":784,\"caption\":\"Octavio Paz : iconograf\u00eda\"},{\"@type\":\"BreadcrumbList\",\"@id\":\"https:\\\/\\\/booksfrommexico.com\\\/es\\\/producto\\\/octavio-paz-iconografia\\\/#breadcrumb\",\"itemListElement\":[{\"@type\":\"ListItem\",\"position\":1,\"name\":\"Home\",\"item\":\"https:\\\/\\\/booksfrommexico.com\\\/es\\\/\"},{\"@type\":\"ListItem\",\"position\":2,\"name\":\"Libros\",\"item\":\"https:\\\/\\\/booksfrommexico.com\\\/es\\\/libros\\\/\"},{\"@type\":\"ListItem\",\"position\":3,\"name\":\"Octavio Paz : Iconograf\u00eda\"}]},{\"@type\":\"WebSite\",\"@id\":\"https:\\\/\\\/booksfrommexico.com\\\/#website\",\"url\":\"https:\\\/\\\/booksfrommexico.com\\\/\",\"name\":\"Books From Mexico\",\"description\":\"\",\"publisher\":{\"@id\":\"https:\\\/\\\/booksfrommexico.com\\\/#organization\"},\"potentialAction\":[{\"@type\":\"SearchAction\",\"target\":{\"@type\":\"EntryPoint\",\"urlTemplate\":\"https:\\\/\\\/booksfrommexico.com\\\/?s={search_term_string}\"},\"query-input\":{\"@type\":\"PropertyValueSpecification\",\"valueRequired\":true,\"valueName\":\"search_term_string\"}}],\"inLanguage\":\"es\"},{\"@type\":\"Organization\",\"@id\":\"https:\\\/\\\/booksfrommexico.com\\\/#organization\",\"name\":\"Books From Mexico\",\"url\":\"https:\\\/\\\/booksfrommexico.com\\\/\",\"logo\":{\"@type\":\"ImageObject\",\"inLanguage\":\"es\",\"@id\":\"https:\\\/\\\/booksfrommexico.com\\\/#\\\/schema\\\/logo\\\/image\\\/\",\"url\":\"https:\\\/\\\/booksfrommexico.com\\\/app\\\/uploads\\\/2023\\\/05\\\/logo-booksfrommexico.svg\",\"contentUrl\":\"https:\\\/\\\/booksfrommexico.com\\\/app\\\/uploads\\\/2023\\\/05\\\/logo-booksfrommexico.svg\",\"width\":86,\"height\":56,\"caption\":\"Books From Mexico\"},\"image\":{\"@id\":\"https:\\\/\\\/booksfrommexico.com\\\/#\\\/schema\\\/logo\\\/image\\\/\"}}]}<\/script>\n<!-- \/ Yoast SEO plugin. -->","yoast_head_json":{"title":"Octavio Paz: Iconograf\u00eda","description":"Rafael Vargas. Santiago de Quer\u00e9taro, M\u00e9xico : Universidad Aut\u00f3noma de Quer\u00e9taro ; Ciudad de M\u00e9xico, M\u00e9xico : Fondo de Cultura Econ\u00f3mica, 2020.","robots":{"index":"index","follow":"follow","max-snippet":"max-snippet:-1","max-image-preview":"max-image-preview:large","max-video-preview":"max-video-preview:-1"},"canonical":"https:\/\/booksfrommexico.com\/es\/producto\/octavio-paz-iconografia\/","og_locale":"es_ES","og_type":"article","og_title":"Octavio Paz: Iconograf\u00eda","og_description":"Rafael Vargas. Santiago de Quer\u00e9taro, M\u00e9xico : Universidad Aut\u00f3noma de Quer\u00e9taro ; Ciudad de M\u00e9xico, M\u00e9xico : Fondo de Cultura Econ\u00f3mica, 2020.","og_url":"https:\/\/booksfrommexico.com\/es\/producto\/octavio-paz-iconografia\/","og_site_name":"Books From Mexico","article_modified_time":"2024-02-15T20:11:06+00:00","og_image":[{"width":548,"height":784,"url":"http:\/\/booksfrommexico.com\/app\/uploads\/2024\/02\/194573.jpeg","type":"image\/jpeg"}],"twitter_card":"summary_large_image","twitter_misc":{"Tiempo de lectura":"1 minuto"},"schema":{"@context":"https:\/\/schema.org","@graph":[{"@type":"WebPage","@id":"https:\/\/booksfrommexico.com\/es\/producto\/octavio-paz-iconografia\/","url":"https:\/\/booksfrommexico.com\/es\/producto\/octavio-paz-iconografia\/","name":"Octavio Paz: Iconograf\u00eda","isPartOf":{"@id":"https:\/\/booksfrommexico.com\/#website"},"primaryImageOfPage":{"@id":"https:\/\/booksfrommexico.com\/es\/producto\/octavio-paz-iconografia\/#primaryimage"},"image":{"@id":"https:\/\/booksfrommexico.com\/es\/producto\/octavio-paz-iconografia\/#primaryimage"},"thumbnailUrl":"https:\/\/booksfrommexico.com\/app\/uploads\/2024\/02\/194573.jpeg","datePublished":"2024-02-06T22:28:52+00:00","dateModified":"2024-02-15T20:11:06+00:00","description":"Rafael Vargas. Santiago de Quer\u00e9taro, M\u00e9xico : Universidad Aut\u00f3noma de Quer\u00e9taro ; Ciudad de M\u00e9xico, M\u00e9xico : Fondo de Cultura Econ\u00f3mica, 2020.","breadcrumb":{"@id":"https:\/\/booksfrommexico.com\/es\/producto\/octavio-paz-iconografia\/#breadcrumb"},"inLanguage":"es","potentialAction":[{"@type":"ReadAction","target":["https:\/\/booksfrommexico.com\/es\/producto\/octavio-paz-iconografia\/"]}]},{"@type":"ImageObject","inLanguage":"es","@id":"https:\/\/booksfrommexico.com\/es\/producto\/octavio-paz-iconografia\/#primaryimage","url":"https:\/\/booksfrommexico.com\/app\/uploads\/2024\/02\/194573.jpeg","contentUrl":"https:\/\/booksfrommexico.com\/app\/uploads\/2024\/02\/194573.jpeg","width":548,"height":784,"caption":"Octavio Paz : iconograf\u00eda"},{"@type":"BreadcrumbList","@id":"https:\/\/booksfrommexico.com\/es\/producto\/octavio-paz-iconografia\/#breadcrumb","itemListElement":[{"@type":"ListItem","position":1,"name":"Home","item":"https:\/\/booksfrommexico.com\/es\/"},{"@type":"ListItem","position":2,"name":"Libros","item":"https:\/\/booksfrommexico.com\/es\/libros\/"},{"@type":"ListItem","position":3,"name":"Octavio Paz : Iconograf\u00eda"}]},{"@type":"WebSite","@id":"https:\/\/booksfrommexico.com\/#website","url":"https:\/\/booksfrommexico.com\/","name":"Books From Mexico","description":"","publisher":{"@id":"https:\/\/booksfrommexico.com\/#organization"},"potentialAction":[{"@type":"SearchAction","target":{"@type":"EntryPoint","urlTemplate":"https:\/\/booksfrommexico.com\/?s={search_term_string}"},"query-input":{"@type":"PropertyValueSpecification","valueRequired":true,"valueName":"search_term_string"}}],"inLanguage":"es"},{"@type":"Organization","@id":"https:\/\/booksfrommexico.com\/#organization","name":"Books From Mexico","url":"https:\/\/booksfrommexico.com\/","logo":{"@type":"ImageObject","inLanguage":"es","@id":"https:\/\/booksfrommexico.com\/#\/schema\/logo\/image\/","url":"https:\/\/booksfrommexico.com\/app\/uploads\/2023\/05\/logo-booksfrommexico.svg","contentUrl":"https:\/\/booksfrommexico.com\/app\/uploads\/2023\/05\/logo-booksfrommexico.svg","width":86,"height":56,"caption":"Books From Mexico"},"image":{"@id":"https:\/\/booksfrommexico.com\/#\/schema\/logo\/image\/"}}]}},"_links":{"self":[{"href":"https:\/\/booksfrommexico.com\/es\/wp-json\/wp\/v2\/product\/4757","targetHints":{"allow":["GET"]}}],"collection":[{"href":"https:\/\/booksfrommexico.com\/es\/wp-json\/wp\/v2\/product"}],"about":[{"href":"https:\/\/booksfrommexico.com\/es\/wp-json\/wp\/v2\/types\/product"}],"wp:featuredmedia":[{"embeddable":true,"href":"https:\/\/booksfrommexico.com\/es\/wp-json\/wp\/v2\/media\/4756"}],"wp:attachment":[{"href":"https:\/\/booksfrommexico.com\/es\/wp-json\/wp\/v2\/media?parent=4757"}],"wp:term":[{"taxonomy":"product_brand","embeddable":true,"href":"https:\/\/booksfrommexico.com\/es\/wp-json\/wp\/v2\/product_brand?post=4757"},{"taxonomy":"product_cat","embeddable":true,"href":"https:\/\/booksfrommexico.com\/es\/wp-json\/wp\/v2\/product_cat?post=4757"},{"taxonomy":"product_tag","embeddable":true,"href":"https:\/\/booksfrommexico.com\/es\/wp-json\/wp\/v2\/product_tag?post=4757"}],"curies":[{"name":"wp","href":"https:\/\/api.w.org\/{rel}","templated":true}]}}