{"id":4763,"date":"2024-02-06T22:28:53","date_gmt":"2024-02-06T22:28:53","guid":{"rendered":"https:\/\/booksfrommexico.com\/product\/diccionario-lopezvelardeano\/"},"modified":"2024-02-15T21:06:03","modified_gmt":"2024-02-15T21:06:03","slug":"diccionario-lopezvelardeano","status":"publish","type":"product","link":"https:\/\/booksfrommexico.com\/es\/producto\/diccionario-lopezvelardeano\/","title":{"rendered":"Diccionario lopezvelardeano"},"content":{"rendered":"<p><span style=\"font-weight: 400;\">Enfoc\u00e1ndose en su labor como poeta, este diccionario sigue de manera alfab\u00e9tica, los pasos en la vida de Ram\u00f3n L\u00f3pez Velarde. El inter\u00e9s del autor es explorar aquellos aspectos no resaltados por otros bi\u00f3grafos acerca de la vida del poeta zacatecano: familia, estudios, ciudades donde vivi\u00f3, sitios que frecuentaba, c\u00edrculos de amistades, personajes afines, aficiones literarias, y sus amores. Gracias al formato de diccionario no importa el orden ni la entrada que el lector elija,\u00a0 en cada p\u00e1gina podr\u00e1 encontrar un acceso que lo llevar\u00e1 a alg\u00fan aspecto sobre la vida del modernista tambi\u00e9n llamado \u201cPoeta nacional\u201d.<\/span><\/p>\n","protected":false},"excerpt":{"rendered":"<p>Campos, Marco Antonio, DICCIONARIO LOPEZVELARDEANO. \/ Marco Antonio Campos. Ciudad de M\u00e9xico : Universidad Nacional Aut\u00f3noma de M\u00e9xico, 2020. 143 pages; 21 cm. Bibliography: pages 137-141. Includes bibliographical references. (Serie C\u00e1tedra Universitaria, 13) ISBN 9786073030977.<\/p>\n","protected":false},"featured_media":4746,"template":"","meta":{"_acf_changed":false,"inline_featured_image":false},"product_brand":[],"product_cat":[52],"product_tag":[3630,4059],"class_list":{"0":"post-4763","1":"product","2":"type-product","3":"status-publish","4":"has-post-thumbnail","6":"product_cat-critica-literaria","7":"product_tag-biografia","8":"product_tag-diccionario-es","10":"first","11":"instock","12":"taxable","13":"shipping-taxable","14":"purchasable","15":"product-type-simple"},"acf":[],"yoast_head":"<!-- This site is optimized with the Yoast SEO plugin v27.3 - https:\/\/yoast.com\/product\/yoast-seo-wordpress\/ -->\n<title>Diccionario lopezvelardeano<\/title>\n<meta name=\"description\" content=\"Marco Antonio Campos. Ciudad de M\u00e9xico, M\u00e9xico : UNAM, 2020. 141 pages : includes bibliography ; 21 cm. ISBN : 9786073030977.\" \/>\n<meta name=\"robots\" content=\"index, follow, max-snippet:-1, max-image-preview:large, max-video-preview:-1\" \/>\n<link rel=\"canonical\" href=\"https:\/\/booksfrommexico.com\/es\/producto\/diccionario-lopezvelardeano\/\" \/>\n<meta property=\"og:locale\" content=\"es_ES\" \/>\n<meta property=\"og:type\" content=\"article\" \/>\n<meta property=\"og:title\" content=\"Diccionario lopezvelardeano\" \/>\n<meta property=\"og:description\" content=\"Marco Antonio Campos. Ciudad de M\u00e9xico, M\u00e9xico : UNAM, 2020. 141 pages : includes bibliography ; 21 cm. ISBN : 9786073030977.\" \/>\n<meta property=\"og:url\" content=\"https:\/\/booksfrommexico.com\/es\/producto\/diccionario-lopezvelardeano\/\" \/>\n<meta property=\"og:site_name\" content=\"Books From Mexico\" \/>\n<meta property=\"article:modified_time\" content=\"2024-02-15T21:06:03+00:00\" \/>\n<meta property=\"og:image\" content=\"http:\/\/booksfrommexico.com\/app\/uploads\/2024\/02\/194524.jpeg\" \/>\n\t<meta property=\"og:image:width\" content=\"400\" \/>\n\t<meta property=\"og:image:height\" content=\"607\" \/>\n\t<meta property=\"og:image:type\" content=\"image\/jpeg\" \/>\n<meta name=\"twitter:card\" content=\"summary_large_image\" \/>\n<meta name=\"twitter:label1\" content=\"Tiempo de lectura\" \/>\n\t<meta name=\"twitter:data1\" content=\"1 minuto\" \/>\n<script type=\"application\/ld+json\" class=\"yoast-schema-graph\">{\"@context\":\"https:\\\/\\\/schema.org\",\"@graph\":[{\"@type\":\"WebPage\",\"@id\":\"https:\\\/\\\/booksfrommexico.com\\\/es\\\/producto\\\/diccionario-lopezvelardeano\\\/\",\"url\":\"https:\\\/\\\/booksfrommexico.com\\\/es\\\/producto\\\/diccionario-lopezvelardeano\\\/\",\"name\":\"Diccionario lopezvelardeano\",\"isPartOf\":{\"@id\":\"https:\\\/\\\/booksfrommexico.com\\\/#website\"},\"primaryImageOfPage\":{\"@id\":\"https:\\\/\\\/booksfrommexico.com\\\/es\\\/producto\\\/diccionario-lopezvelardeano\\\/#primaryimage\"},\"image\":{\"@id\":\"https:\\\/\\\/booksfrommexico.com\\\/es\\\/producto\\\/diccionario-lopezvelardeano\\\/#primaryimage\"},\"thumbnailUrl\":\"https:\\\/\\\/booksfrommexico.com\\\/app\\\/uploads\\\/2024\\\/02\\\/194524.jpeg\",\"datePublished\":\"2024-02-06T22:28:53+00:00\",\"dateModified\":\"2024-02-15T21:06:03+00:00\",\"description\":\"Marco Antonio Campos. Ciudad de M\u00e9xico, M\u00e9xico : UNAM, 2020. 141 pages : includes bibliography ; 21 cm. ISBN : 9786073030977.\",\"breadcrumb\":{\"@id\":\"https:\\\/\\\/booksfrommexico.com\\\/es\\\/producto\\\/diccionario-lopezvelardeano\\\/#breadcrumb\"},\"inLanguage\":\"es\",\"potentialAction\":[{\"@type\":\"ReadAction\",\"target\":[\"https:\\\/\\\/booksfrommexico.com\\\/es\\\/producto\\\/diccionario-lopezvelardeano\\\/\"]}]},{\"@type\":\"ImageObject\",\"inLanguage\":\"es\",\"@id\":\"https:\\\/\\\/booksfrommexico.com\\\/es\\\/producto\\\/diccionario-lopezvelardeano\\\/#primaryimage\",\"url\":\"https:\\\/\\\/booksfrommexico.com\\\/app\\\/uploads\\\/2024\\\/02\\\/194524.jpeg\",\"contentUrl\":\"https:\\\/\\\/booksfrommexico.com\\\/app\\\/uploads\\\/2024\\\/02\\\/194524.jpeg\",\"width\":400,\"height\":607,\"caption\":\"Diccionario lopezvelardeano\"},{\"@type\":\"BreadcrumbList\",\"@id\":\"https:\\\/\\\/booksfrommexico.com\\\/es\\\/producto\\\/diccionario-lopezvelardeano\\\/#breadcrumb\",\"itemListElement\":[{\"@type\":\"ListItem\",\"position\":1,\"name\":\"Home\",\"item\":\"https:\\\/\\\/booksfrommexico.com\\\/es\\\/\"},{\"@type\":\"ListItem\",\"position\":2,\"name\":\"Libros\",\"item\":\"https:\\\/\\\/booksfrommexico.com\\\/es\\\/libros\\\/\"},{\"@type\":\"ListItem\",\"position\":3,\"name\":\"Diccionario lopezvelardeano\"}]},{\"@type\":\"WebSite\",\"@id\":\"https:\\\/\\\/booksfrommexico.com\\\/#website\",\"url\":\"https:\\\/\\\/booksfrommexico.com\\\/\",\"name\":\"Books From Mexico\",\"description\":\"\",\"publisher\":{\"@id\":\"https:\\\/\\\/booksfrommexico.com\\\/#organization\"},\"potentialAction\":[{\"@type\":\"SearchAction\",\"target\":{\"@type\":\"EntryPoint\",\"urlTemplate\":\"https:\\\/\\\/booksfrommexico.com\\\/?s={search_term_string}\"},\"query-input\":{\"@type\":\"PropertyValueSpecification\",\"valueRequired\":true,\"valueName\":\"search_term_string\"}}],\"inLanguage\":\"es\"},{\"@type\":\"Organization\",\"@id\":\"https:\\\/\\\/booksfrommexico.com\\\/#organization\",\"name\":\"Books From Mexico\",\"url\":\"https:\\\/\\\/booksfrommexico.com\\\/\",\"logo\":{\"@type\":\"ImageObject\",\"inLanguage\":\"es\",\"@id\":\"https:\\\/\\\/booksfrommexico.com\\\/#\\\/schema\\\/logo\\\/image\\\/\",\"url\":\"https:\\\/\\\/booksfrommexico.com\\\/app\\\/uploads\\\/2023\\\/05\\\/logo-booksfrommexico.svg\",\"contentUrl\":\"https:\\\/\\\/booksfrommexico.com\\\/app\\\/uploads\\\/2023\\\/05\\\/logo-booksfrommexico.svg\",\"width\":86,\"height\":56,\"caption\":\"Books From Mexico\"},\"image\":{\"@id\":\"https:\\\/\\\/booksfrommexico.com\\\/#\\\/schema\\\/logo\\\/image\\\/\"}}]}<\/script>\n<!-- \/ Yoast SEO plugin. -->","yoast_head_json":{"title":"Diccionario lopezvelardeano","description":"Marco Antonio Campos. Ciudad de M\u00e9xico, M\u00e9xico : UNAM, 2020. 141 pages : includes bibliography ; 21 cm. ISBN : 9786073030977.","robots":{"index":"index","follow":"follow","max-snippet":"max-snippet:-1","max-image-preview":"max-image-preview:large","max-video-preview":"max-video-preview:-1"},"canonical":"https:\/\/booksfrommexico.com\/es\/producto\/diccionario-lopezvelardeano\/","og_locale":"es_ES","og_type":"article","og_title":"Diccionario lopezvelardeano","og_description":"Marco Antonio Campos. Ciudad de M\u00e9xico, M\u00e9xico : UNAM, 2020. 141 pages : includes bibliography ; 21 cm. ISBN : 9786073030977.","og_url":"https:\/\/booksfrommexico.com\/es\/producto\/diccionario-lopezvelardeano\/","og_site_name":"Books From Mexico","article_modified_time":"2024-02-15T21:06:03+00:00","og_image":[{"width":400,"height":607,"url":"http:\/\/booksfrommexico.com\/app\/uploads\/2024\/02\/194524.jpeg","type":"image\/jpeg"}],"twitter_card":"summary_large_image","twitter_misc":{"Tiempo de lectura":"1 minuto"},"schema":{"@context":"https:\/\/schema.org","@graph":[{"@type":"WebPage","@id":"https:\/\/booksfrommexico.com\/es\/producto\/diccionario-lopezvelardeano\/","url":"https:\/\/booksfrommexico.com\/es\/producto\/diccionario-lopezvelardeano\/","name":"Diccionario lopezvelardeano","isPartOf":{"@id":"https:\/\/booksfrommexico.com\/#website"},"primaryImageOfPage":{"@id":"https:\/\/booksfrommexico.com\/es\/producto\/diccionario-lopezvelardeano\/#primaryimage"},"image":{"@id":"https:\/\/booksfrommexico.com\/es\/producto\/diccionario-lopezvelardeano\/#primaryimage"},"thumbnailUrl":"https:\/\/booksfrommexico.com\/app\/uploads\/2024\/02\/194524.jpeg","datePublished":"2024-02-06T22:28:53+00:00","dateModified":"2024-02-15T21:06:03+00:00","description":"Marco Antonio Campos. Ciudad de M\u00e9xico, M\u00e9xico : UNAM, 2020. 141 pages : includes bibliography ; 21 cm. ISBN : 9786073030977.","breadcrumb":{"@id":"https:\/\/booksfrommexico.com\/es\/producto\/diccionario-lopezvelardeano\/#breadcrumb"},"inLanguage":"es","potentialAction":[{"@type":"ReadAction","target":["https:\/\/booksfrommexico.com\/es\/producto\/diccionario-lopezvelardeano\/"]}]},{"@type":"ImageObject","inLanguage":"es","@id":"https:\/\/booksfrommexico.com\/es\/producto\/diccionario-lopezvelardeano\/#primaryimage","url":"https:\/\/booksfrommexico.com\/app\/uploads\/2024\/02\/194524.jpeg","contentUrl":"https:\/\/booksfrommexico.com\/app\/uploads\/2024\/02\/194524.jpeg","width":400,"height":607,"caption":"Diccionario lopezvelardeano"},{"@type":"BreadcrumbList","@id":"https:\/\/booksfrommexico.com\/es\/producto\/diccionario-lopezvelardeano\/#breadcrumb","itemListElement":[{"@type":"ListItem","position":1,"name":"Home","item":"https:\/\/booksfrommexico.com\/es\/"},{"@type":"ListItem","position":2,"name":"Libros","item":"https:\/\/booksfrommexico.com\/es\/libros\/"},{"@type":"ListItem","position":3,"name":"Diccionario lopezvelardeano"}]},{"@type":"WebSite","@id":"https:\/\/booksfrommexico.com\/#website","url":"https:\/\/booksfrommexico.com\/","name":"Books From Mexico","description":"","publisher":{"@id":"https:\/\/booksfrommexico.com\/#organization"},"potentialAction":[{"@type":"SearchAction","target":{"@type":"EntryPoint","urlTemplate":"https:\/\/booksfrommexico.com\/?s={search_term_string}"},"query-input":{"@type":"PropertyValueSpecification","valueRequired":true,"valueName":"search_term_string"}}],"inLanguage":"es"},{"@type":"Organization","@id":"https:\/\/booksfrommexico.com\/#organization","name":"Books From Mexico","url":"https:\/\/booksfrommexico.com\/","logo":{"@type":"ImageObject","inLanguage":"es","@id":"https:\/\/booksfrommexico.com\/#\/schema\/logo\/image\/","url":"https:\/\/booksfrommexico.com\/app\/uploads\/2023\/05\/logo-booksfrommexico.svg","contentUrl":"https:\/\/booksfrommexico.com\/app\/uploads\/2023\/05\/logo-booksfrommexico.svg","width":86,"height":56,"caption":"Books From Mexico"},"image":{"@id":"https:\/\/booksfrommexico.com\/#\/schema\/logo\/image\/"}}]}},"_links":{"self":[{"href":"https:\/\/booksfrommexico.com\/es\/wp-json\/wp\/v2\/product\/4763","targetHints":{"allow":["GET"]}}],"collection":[{"href":"https:\/\/booksfrommexico.com\/es\/wp-json\/wp\/v2\/product"}],"about":[{"href":"https:\/\/booksfrommexico.com\/es\/wp-json\/wp\/v2\/types\/product"}],"wp:featuredmedia":[{"embeddable":true,"href":"https:\/\/booksfrommexico.com\/es\/wp-json\/wp\/v2\/media\/4746"}],"wp:attachment":[{"href":"https:\/\/booksfrommexico.com\/es\/wp-json\/wp\/v2\/media?parent=4763"}],"wp:term":[{"taxonomy":"product_brand","embeddable":true,"href":"https:\/\/booksfrommexico.com\/es\/wp-json\/wp\/v2\/product_brand?post=4763"},{"taxonomy":"product_cat","embeddable":true,"href":"https:\/\/booksfrommexico.com\/es\/wp-json\/wp\/v2\/product_cat?post=4763"},{"taxonomy":"product_tag","embeddable":true,"href":"https:\/\/booksfrommexico.com\/es\/wp-json\/wp\/v2\/product_tag?post=4763"}],"curies":[{"name":"wp","href":"https:\/\/api.w.org\/{rel}","templated":true}]}}