{"id":477,"date":"2023-05-08T17:02:54","date_gmt":"2023-05-08T17:02:54","guid":{"rendered":"http:\/\/booksfrommexico.com\/product\/migracion-adolescente-no-acompanada-estrategias-de-movilidad-en-el-corredor-centroamerica-mexico-estados-unidos\/"},"modified":"2024-08-08T16:56:57","modified_gmt":"2024-08-08T16:56:57","slug":"migracion-adolescente-no-acompanada-estrategias-de-movilidad-en-el-corredor-centroamerica-mexico-estados-unidos","status":"publish","type":"product","link":"https:\/\/booksfrommexico.com\/es\/producto\/migracion-adolescente-no-acompanada-estrategias-de-movilidad-en-el-corredor-centroamerica-mexico-estados-unidos\/","title":{"rendered":"Migraci\u00f3n adolescente no acompa\u00f1ada"},"content":{"rendered":"","protected":false},"excerpt":{"rendered":"<p>Silva Hern\u00e1ndez, A\u00edda. A\u00edda Silva Hern\u00e1ndez. Mexicali, Baja California: Universidad Aut\u00f3noma de Baja California, [2019]. 297 pages : 21 cm. Bibl., charts, tables. ISBN: 9786076075951<\/p>\n","protected":false},"featured_media":0,"template":"","meta":{"_acf_changed":false,"inline_featured_image":false},"product_brand":[],"product_cat":[568,42],"product_tag":[],"class_list":{"0":"post-477","1":"product","2":"type-product","3":"status-publish","5":"product_cat-inmigracion-hacia-desde-otros-paises-temas-de-inmigracion-y-migraciones-humanas","6":"product_cat-temas-de-inmigracion-y-migraciones-humanas","8":"first","9":"outofstock","10":"taxable","11":"shipping-taxable","12":"purchasable","13":"product-type-simple"},"acf":[],"yoast_head":"<!-- This site is optimized with the Yoast SEO plugin v27.3 - https:\/\/yoast.com\/product\/yoast-seo-wordpress\/ -->\n<title>Migraci\u00f3n adolescente no acompa\u00f1ada - Books From Mexico<\/title>\n<meta name=\"robots\" content=\"index, follow, max-snippet:-1, max-image-preview:large, max-video-preview:-1\" \/>\n<link rel=\"canonical\" href=\"https:\/\/booksfrommexico.com\/es\/producto\/migracion-adolescente-no-acompanada-estrategias-de-movilidad-en-el-corredor-centroamerica-mexico-estados-unidos\/\" \/>\n<meta property=\"og:locale\" content=\"es_ES\" \/>\n<meta property=\"og:type\" content=\"article\" \/>\n<meta property=\"og:title\" content=\"Migraci\u00f3n adolescente no acompa\u00f1ada - Books From Mexico\" \/>\n<meta property=\"og:description\" content=\"Silva Hern\u00e1ndez, A\u00edda. A\u00edda Silva Hern\u00e1ndez. Mexicali, Baja California: Universidad Aut\u00f3noma de Baja California, [2019]. 297 pages : 21 cm. Bibl., charts, tables. ISBN: 9786076075951\" \/>\n<meta property=\"og:url\" content=\"https:\/\/booksfrommexico.com\/es\/producto\/migracion-adolescente-no-acompanada-estrategias-de-movilidad-en-el-corredor-centroamerica-mexico-estados-unidos\/\" \/>\n<meta property=\"og:site_name\" content=\"Books From Mexico\" \/>\n<meta property=\"article:modified_time\" content=\"2024-08-08T16:56:57+00:00\" \/>\n<meta name=\"twitter:card\" content=\"summary_large_image\" \/>\n<script type=\"application\/ld+json\" class=\"yoast-schema-graph\">{\"@context\":\"https:\\\/\\\/schema.org\",\"@graph\":[{\"@type\":\"WebPage\",\"@id\":\"https:\\\/\\\/booksfrommexico.com\\\/es\\\/producto\\\/migracion-adolescente-no-acompanada-estrategias-de-movilidad-en-el-corredor-centroamerica-mexico-estados-unidos\\\/\",\"url\":\"https:\\\/\\\/booksfrommexico.com\\\/es\\\/producto\\\/migracion-adolescente-no-acompanada-estrategias-de-movilidad-en-el-corredor-centroamerica-mexico-estados-unidos\\\/\",\"name\":\"Migraci\u00f3n adolescente no acompa\u00f1ada - Books From Mexico\",\"isPartOf\":{\"@id\":\"https:\\\/\\\/booksfrommexico.com\\\/#website\"},\"datePublished\":\"2023-05-08T17:02:54+00:00\",\"dateModified\":\"2024-08-08T16:56:57+00:00\",\"breadcrumb\":{\"@id\":\"https:\\\/\\\/booksfrommexico.com\\\/es\\\/producto\\\/migracion-adolescente-no-acompanada-estrategias-de-movilidad-en-el-corredor-centroamerica-mexico-estados-unidos\\\/#breadcrumb\"},\"inLanguage\":\"es\",\"potentialAction\":[{\"@type\":\"ReadAction\",\"target\":[\"https:\\\/\\\/booksfrommexico.com\\\/es\\\/producto\\\/migracion-adolescente-no-acompanada-estrategias-de-movilidad-en-el-corredor-centroamerica-mexico-estados-unidos\\\/\"]}]},{\"@type\":\"BreadcrumbList\",\"@id\":\"https:\\\/\\\/booksfrommexico.com\\\/es\\\/producto\\\/migracion-adolescente-no-acompanada-estrategias-de-movilidad-en-el-corredor-centroamerica-mexico-estados-unidos\\\/#breadcrumb\",\"itemListElement\":[{\"@type\":\"ListItem\",\"position\":1,\"name\":\"Home\",\"item\":\"https:\\\/\\\/booksfrommexico.com\\\/es\\\/\"},{\"@type\":\"ListItem\",\"position\":2,\"name\":\"Libros\",\"item\":\"https:\\\/\\\/booksfrommexico.com\\\/es\\\/libros\\\/\"},{\"@type\":\"ListItem\",\"position\":3,\"name\":\"Migraci\u00f3n adolescente no acompa\u00f1ada\"}]},{\"@type\":\"WebSite\",\"@id\":\"https:\\\/\\\/booksfrommexico.com\\\/#website\",\"url\":\"https:\\\/\\\/booksfrommexico.com\\\/\",\"name\":\"Books From Mexico\",\"description\":\"\",\"publisher\":{\"@id\":\"https:\\\/\\\/booksfrommexico.com\\\/#organization\"},\"potentialAction\":[{\"@type\":\"SearchAction\",\"target\":{\"@type\":\"EntryPoint\",\"urlTemplate\":\"https:\\\/\\\/booksfrommexico.com\\\/?s={search_term_string}\"},\"query-input\":{\"@type\":\"PropertyValueSpecification\",\"valueRequired\":true,\"valueName\":\"search_term_string\"}}],\"inLanguage\":\"es\"},{\"@type\":\"Organization\",\"@id\":\"https:\\\/\\\/booksfrommexico.com\\\/#organization\",\"name\":\"Books From Mexico\",\"url\":\"https:\\\/\\\/booksfrommexico.com\\\/\",\"logo\":{\"@type\":\"ImageObject\",\"inLanguage\":\"es\",\"@id\":\"https:\\\/\\\/booksfrommexico.com\\\/#\\\/schema\\\/logo\\\/image\\\/\",\"url\":\"https:\\\/\\\/booksfrommexico.com\\\/app\\\/uploads\\\/2023\\\/05\\\/logo-booksfrommexico.svg\",\"contentUrl\":\"https:\\\/\\\/booksfrommexico.com\\\/app\\\/uploads\\\/2023\\\/05\\\/logo-booksfrommexico.svg\",\"width\":86,\"height\":56,\"caption\":\"Books From Mexico\"},\"image\":{\"@id\":\"https:\\\/\\\/booksfrommexico.com\\\/#\\\/schema\\\/logo\\\/image\\\/\"}}]}<\/script>\n<!-- \/ Yoast SEO plugin. -->","yoast_head_json":{"title":"Migraci\u00f3n adolescente no acompa\u00f1ada - Books From Mexico","robots":{"index":"index","follow":"follow","max-snippet":"max-snippet:-1","max-image-preview":"max-image-preview:large","max-video-preview":"max-video-preview:-1"},"canonical":"https:\/\/booksfrommexico.com\/es\/producto\/migracion-adolescente-no-acompanada-estrategias-de-movilidad-en-el-corredor-centroamerica-mexico-estados-unidos\/","og_locale":"es_ES","og_type":"article","og_title":"Migraci\u00f3n adolescente no acompa\u00f1ada - Books From Mexico","og_description":"Silva Hern\u00e1ndez, A\u00edda. A\u00edda Silva Hern\u00e1ndez. Mexicali, Baja California: Universidad Aut\u00f3noma de Baja California, [2019]. 297 pages : 21 cm. Bibl., charts, tables. ISBN: 9786076075951","og_url":"https:\/\/booksfrommexico.com\/es\/producto\/migracion-adolescente-no-acompanada-estrategias-de-movilidad-en-el-corredor-centroamerica-mexico-estados-unidos\/","og_site_name":"Books From Mexico","article_modified_time":"2024-08-08T16:56:57+00:00","twitter_card":"summary_large_image","schema":{"@context":"https:\/\/schema.org","@graph":[{"@type":"WebPage","@id":"https:\/\/booksfrommexico.com\/es\/producto\/migracion-adolescente-no-acompanada-estrategias-de-movilidad-en-el-corredor-centroamerica-mexico-estados-unidos\/","url":"https:\/\/booksfrommexico.com\/es\/producto\/migracion-adolescente-no-acompanada-estrategias-de-movilidad-en-el-corredor-centroamerica-mexico-estados-unidos\/","name":"Migraci\u00f3n adolescente no acompa\u00f1ada - Books From Mexico","isPartOf":{"@id":"https:\/\/booksfrommexico.com\/#website"},"datePublished":"2023-05-08T17:02:54+00:00","dateModified":"2024-08-08T16:56:57+00:00","breadcrumb":{"@id":"https:\/\/booksfrommexico.com\/es\/producto\/migracion-adolescente-no-acompanada-estrategias-de-movilidad-en-el-corredor-centroamerica-mexico-estados-unidos\/#breadcrumb"},"inLanguage":"es","potentialAction":[{"@type":"ReadAction","target":["https:\/\/booksfrommexico.com\/es\/producto\/migracion-adolescente-no-acompanada-estrategias-de-movilidad-en-el-corredor-centroamerica-mexico-estados-unidos\/"]}]},{"@type":"BreadcrumbList","@id":"https:\/\/booksfrommexico.com\/es\/producto\/migracion-adolescente-no-acompanada-estrategias-de-movilidad-en-el-corredor-centroamerica-mexico-estados-unidos\/#breadcrumb","itemListElement":[{"@type":"ListItem","position":1,"name":"Home","item":"https:\/\/booksfrommexico.com\/es\/"},{"@type":"ListItem","position":2,"name":"Libros","item":"https:\/\/booksfrommexico.com\/es\/libros\/"},{"@type":"ListItem","position":3,"name":"Migraci\u00f3n adolescente no acompa\u00f1ada"}]},{"@type":"WebSite","@id":"https:\/\/booksfrommexico.com\/#website","url":"https:\/\/booksfrommexico.com\/","name":"Books From Mexico","description":"","publisher":{"@id":"https:\/\/booksfrommexico.com\/#organization"},"potentialAction":[{"@type":"SearchAction","target":{"@type":"EntryPoint","urlTemplate":"https:\/\/booksfrommexico.com\/?s={search_term_string}"},"query-input":{"@type":"PropertyValueSpecification","valueRequired":true,"valueName":"search_term_string"}}],"inLanguage":"es"},{"@type":"Organization","@id":"https:\/\/booksfrommexico.com\/#organization","name":"Books From Mexico","url":"https:\/\/booksfrommexico.com\/","logo":{"@type":"ImageObject","inLanguage":"es","@id":"https:\/\/booksfrommexico.com\/#\/schema\/logo\/image\/","url":"https:\/\/booksfrommexico.com\/app\/uploads\/2023\/05\/logo-booksfrommexico.svg","contentUrl":"https:\/\/booksfrommexico.com\/app\/uploads\/2023\/05\/logo-booksfrommexico.svg","width":86,"height":56,"caption":"Books From Mexico"},"image":{"@id":"https:\/\/booksfrommexico.com\/#\/schema\/logo\/image\/"}}]}},"_links":{"self":[{"href":"https:\/\/booksfrommexico.com\/es\/wp-json\/wp\/v2\/product\/477","targetHints":{"allow":["GET"]}}],"collection":[{"href":"https:\/\/booksfrommexico.com\/es\/wp-json\/wp\/v2\/product"}],"about":[{"href":"https:\/\/booksfrommexico.com\/es\/wp-json\/wp\/v2\/types\/product"}],"wp:attachment":[{"href":"https:\/\/booksfrommexico.com\/es\/wp-json\/wp\/v2\/media?parent=477"}],"wp:term":[{"taxonomy":"product_brand","embeddable":true,"href":"https:\/\/booksfrommexico.com\/es\/wp-json\/wp\/v2\/product_brand?post=477"},{"taxonomy":"product_cat","embeddable":true,"href":"https:\/\/booksfrommexico.com\/es\/wp-json\/wp\/v2\/product_cat?post=477"},{"taxonomy":"product_tag","embeddable":true,"href":"https:\/\/booksfrommexico.com\/es\/wp-json\/wp\/v2\/product_tag?post=477"}],"curies":[{"name":"wp","href":"https:\/\/api.w.org\/{rel}","templated":true}]}}