{"id":4788,"date":"2024-02-08T21:44:09","date_gmt":"2024-02-08T21:44:09","guid":{"rendered":"https:\/\/booksfrommexico.com\/product\/plan-nacional-de-desarrollo-y-politicas-publicas-2012-2018\/"},"modified":"2024-02-15T20:58:37","modified_gmt":"2024-02-15T20:58:37","slug":"plan-nacional-de-desarrollo-y-politicas-publicas-2012-2018","status":"publish","type":"product","link":"https:\/\/booksfrommexico.com\/es\/producto\/plan-nacional-de-desarrollo-y-politicas-publicas-2012-2018\/","title":{"rendered":"Plan Nacional de Desarrollo y pol\u00edticas p\u00fablicas 2012-2018"},"content":{"rendered":"<p><span style=\"font-weight: 400;\">An\u00e1lisis y valoraci\u00f3n de las pol\u00edticas p\u00fablicas aplicadas a partir del Plan Nacional de Desarrollo (PND) en el sexenio de gobierno de Enrique Pe\u00f1a Nieto (2012-2018). Con la voz de maestros, periodistas e investigadores, se presentan 9 t\u00f3picos del PND, con sus respectivos acercamientos te\u00f3ricos y metodol\u00f3gicos. Apoyados en datos y cifras obtenidas posteriores al t\u00e9rmino del sexenio, los autores hacen una cr\u00edtica reflexiva y exponen de manera clara y concisa el planteamiento e implementaci\u00f3n del PND, enfrentando el proyecto entre su aplicaci\u00f3n y posteriores resultados obtenidos. <\/span><\/p>\n","protected":false},"excerpt":{"rendered":"<p>PLAN NACIONAL DE DESARROLLO Y POL\u00cdTICAS P\u00daBLICAS 2012-2018 : EVALUACI\u00d3N Y PROPUESTAS PARA EL FUTURO. <span style=\"font-weight: 400;\">\/ Carlos Rodr\u00edguez Wallenius, Jorge Ru\u00edz Moreno (coordinators). Ciudad de M\u00e9xico, M\u00e9xico : Universidad Aut\u00f3noma Metropolitana , Secci\u00f3n de Publicaciones , Divisi\u00f3n de Ciencias Sociales y Humanidades, 2019. 249 pages : includes tables, illustrations, semblance, bibliography ; 23 cm. ISBN : 9786072818040.<\/span><\/p>\n","protected":false},"featured_media":4818,"template":"","meta":{"_acf_changed":false,"inline_featured_image":false},"product_brand":[],"product_cat":[797,78],"product_tag":[3627],"class_list":{"0":"post-4788","1":"product","2":"type-product","3":"status-publish","4":"has-post-thumbnail","6":"product_cat-politica-y-ciencia-politica","7":"product_cat-sociologia","8":"product_tag-politica-y-gobierno","10":"first","11":"instock","12":"taxable","13":"shipping-taxable","14":"purchasable","15":"product-type-simple"},"acf":[],"yoast_head":"<!-- This site is optimized with the Yoast SEO plugin v27.3 - https:\/\/yoast.com\/product\/yoast-seo-wordpress\/ -->\n<title>Plan Nacional de Desarrollo y pol\u00edticas p\u00fablicas 2012-2018<\/title>\n<meta name=\"description\" content=\"Carlos Rodr\u00edguez Wallenius, Jorge Ru\u00edz Moreno (coordinators). UAM , Secci\u00f3n de Publicaciones , Divisi\u00f3n de Ciencias Sociales y Humanidades, 2019.\" \/>\n<meta name=\"robots\" content=\"index, follow, max-snippet:-1, max-image-preview:large, max-video-preview:-1\" \/>\n<link rel=\"canonical\" href=\"https:\/\/booksfrommexico.com\/es\/producto\/plan-nacional-de-desarrollo-y-politicas-publicas-2012-2018\/\" \/>\n<meta property=\"og:locale\" content=\"es_ES\" \/>\n<meta property=\"og:type\" content=\"article\" \/>\n<meta property=\"og:title\" content=\"Plan Nacional de Desarrollo y pol\u00edticas p\u00fablicas 2012-2018\" \/>\n<meta property=\"og:description\" content=\"Carlos Rodr\u00edguez Wallenius, Jorge Ru\u00edz Moreno (coordinators). UAM , Secci\u00f3n de Publicaciones , Divisi\u00f3n de Ciencias Sociales y Humanidades, 2019.\" \/>\n<meta property=\"og:url\" content=\"https:\/\/booksfrommexico.com\/es\/producto\/plan-nacional-de-desarrollo-y-politicas-publicas-2012-2018\/\" \/>\n<meta property=\"og:site_name\" content=\"Books From Mexico\" \/>\n<meta property=\"article:modified_time\" content=\"2024-02-15T20:58:37+00:00\" \/>\n<meta property=\"og:image\" content=\"http:\/\/booksfrommexico.com\/app\/uploads\/2024\/02\/193201.jpeg\" \/>\n\t<meta property=\"og:image:width\" content=\"635\" \/>\n\t<meta property=\"og:image:height\" content=\"889\" \/>\n\t<meta property=\"og:image:type\" content=\"image\/jpeg\" \/>\n<meta name=\"twitter:card\" content=\"summary_large_image\" \/>\n<meta name=\"twitter:label1\" content=\"Tiempo de lectura\" \/>\n\t<meta name=\"twitter:data1\" content=\"1 minuto\" \/>\n<script type=\"application\/ld+json\" class=\"yoast-schema-graph\">{\"@context\":\"https:\\\/\\\/schema.org\",\"@graph\":[{\"@type\":\"WebPage\",\"@id\":\"https:\\\/\\\/booksfrommexico.com\\\/es\\\/producto\\\/plan-nacional-de-desarrollo-y-politicas-publicas-2012-2018\\\/\",\"url\":\"https:\\\/\\\/booksfrommexico.com\\\/es\\\/producto\\\/plan-nacional-de-desarrollo-y-politicas-publicas-2012-2018\\\/\",\"name\":\"Plan Nacional de Desarrollo y pol\u00edticas p\u00fablicas 2012-2018\",\"isPartOf\":{\"@id\":\"https:\\\/\\\/booksfrommexico.com\\\/#website\"},\"primaryImageOfPage\":{\"@id\":\"https:\\\/\\\/booksfrommexico.com\\\/es\\\/producto\\\/plan-nacional-de-desarrollo-y-politicas-publicas-2012-2018\\\/#primaryimage\"},\"image\":{\"@id\":\"https:\\\/\\\/booksfrommexico.com\\\/es\\\/producto\\\/plan-nacional-de-desarrollo-y-politicas-publicas-2012-2018\\\/#primaryimage\"},\"thumbnailUrl\":\"https:\\\/\\\/booksfrommexico.com\\\/app\\\/uploads\\\/2024\\\/02\\\/193201.jpeg\",\"datePublished\":\"2024-02-08T21:44:09+00:00\",\"dateModified\":\"2024-02-15T20:58:37+00:00\",\"description\":\"Carlos Rodr\u00edguez Wallenius, Jorge Ru\u00edz Moreno (coordinators). UAM , Secci\u00f3n de Publicaciones , Divisi\u00f3n de Ciencias Sociales y Humanidades, 2019.\",\"breadcrumb\":{\"@id\":\"https:\\\/\\\/booksfrommexico.com\\\/es\\\/producto\\\/plan-nacional-de-desarrollo-y-politicas-publicas-2012-2018\\\/#breadcrumb\"},\"inLanguage\":\"es\",\"potentialAction\":[{\"@type\":\"ReadAction\",\"target\":[\"https:\\\/\\\/booksfrommexico.com\\\/es\\\/producto\\\/plan-nacional-de-desarrollo-y-politicas-publicas-2012-2018\\\/\"]}]},{\"@type\":\"ImageObject\",\"inLanguage\":\"es\",\"@id\":\"https:\\\/\\\/booksfrommexico.com\\\/es\\\/producto\\\/plan-nacional-de-desarrollo-y-politicas-publicas-2012-2018\\\/#primaryimage\",\"url\":\"https:\\\/\\\/booksfrommexico.com\\\/app\\\/uploads\\\/2024\\\/02\\\/193201.jpeg\",\"contentUrl\":\"https:\\\/\\\/booksfrommexico.com\\\/app\\\/uploads\\\/2024\\\/02\\\/193201.jpeg\",\"width\":635,\"height\":889,\"caption\":\"Plan nacional de desarrollo y pol\u00edticas p\u00fablicas 2012-2018\"},{\"@type\":\"BreadcrumbList\",\"@id\":\"https:\\\/\\\/booksfrommexico.com\\\/es\\\/producto\\\/plan-nacional-de-desarrollo-y-politicas-publicas-2012-2018\\\/#breadcrumb\",\"itemListElement\":[{\"@type\":\"ListItem\",\"position\":1,\"name\":\"Home\",\"item\":\"https:\\\/\\\/booksfrommexico.com\\\/es\\\/\"},{\"@type\":\"ListItem\",\"position\":2,\"name\":\"Libros\",\"item\":\"https:\\\/\\\/booksfrommexico.com\\\/es\\\/libros\\\/\"},{\"@type\":\"ListItem\",\"position\":3,\"name\":\"Plan Nacional de Desarrollo y pol\u00edticas p\u00fablicas 2012-2018\"}]},{\"@type\":\"WebSite\",\"@id\":\"https:\\\/\\\/booksfrommexico.com\\\/#website\",\"url\":\"https:\\\/\\\/booksfrommexico.com\\\/\",\"name\":\"Books From Mexico\",\"description\":\"\",\"publisher\":{\"@id\":\"https:\\\/\\\/booksfrommexico.com\\\/#organization\"},\"potentialAction\":[{\"@type\":\"SearchAction\",\"target\":{\"@type\":\"EntryPoint\",\"urlTemplate\":\"https:\\\/\\\/booksfrommexico.com\\\/?s={search_term_string}\"},\"query-input\":{\"@type\":\"PropertyValueSpecification\",\"valueRequired\":true,\"valueName\":\"search_term_string\"}}],\"inLanguage\":\"es\"},{\"@type\":\"Organization\",\"@id\":\"https:\\\/\\\/booksfrommexico.com\\\/#organization\",\"name\":\"Books From Mexico\",\"url\":\"https:\\\/\\\/booksfrommexico.com\\\/\",\"logo\":{\"@type\":\"ImageObject\",\"inLanguage\":\"es\",\"@id\":\"https:\\\/\\\/booksfrommexico.com\\\/#\\\/schema\\\/logo\\\/image\\\/\",\"url\":\"https:\\\/\\\/booksfrommexico.com\\\/app\\\/uploads\\\/2023\\\/05\\\/logo-booksfrommexico.svg\",\"contentUrl\":\"https:\\\/\\\/booksfrommexico.com\\\/app\\\/uploads\\\/2023\\\/05\\\/logo-booksfrommexico.svg\",\"width\":86,\"height\":56,\"caption\":\"Books From Mexico\"},\"image\":{\"@id\":\"https:\\\/\\\/booksfrommexico.com\\\/#\\\/schema\\\/logo\\\/image\\\/\"}}]}<\/script>\n<!-- \/ Yoast SEO plugin. -->","yoast_head_json":{"title":"Plan Nacional de Desarrollo y pol\u00edticas p\u00fablicas 2012-2018","description":"Carlos Rodr\u00edguez Wallenius, Jorge Ru\u00edz Moreno (coordinators). UAM , Secci\u00f3n de Publicaciones , Divisi\u00f3n de Ciencias Sociales y Humanidades, 2019.","robots":{"index":"index","follow":"follow","max-snippet":"max-snippet:-1","max-image-preview":"max-image-preview:large","max-video-preview":"max-video-preview:-1"},"canonical":"https:\/\/booksfrommexico.com\/es\/producto\/plan-nacional-de-desarrollo-y-politicas-publicas-2012-2018\/","og_locale":"es_ES","og_type":"article","og_title":"Plan Nacional de Desarrollo y pol\u00edticas p\u00fablicas 2012-2018","og_description":"Carlos Rodr\u00edguez Wallenius, Jorge Ru\u00edz Moreno (coordinators). UAM , Secci\u00f3n de Publicaciones , Divisi\u00f3n de Ciencias Sociales y Humanidades, 2019.","og_url":"https:\/\/booksfrommexico.com\/es\/producto\/plan-nacional-de-desarrollo-y-politicas-publicas-2012-2018\/","og_site_name":"Books From Mexico","article_modified_time":"2024-02-15T20:58:37+00:00","og_image":[{"width":635,"height":889,"url":"http:\/\/booksfrommexico.com\/app\/uploads\/2024\/02\/193201.jpeg","type":"image\/jpeg"}],"twitter_card":"summary_large_image","twitter_misc":{"Tiempo de lectura":"1 minuto"},"schema":{"@context":"https:\/\/schema.org","@graph":[{"@type":"WebPage","@id":"https:\/\/booksfrommexico.com\/es\/producto\/plan-nacional-de-desarrollo-y-politicas-publicas-2012-2018\/","url":"https:\/\/booksfrommexico.com\/es\/producto\/plan-nacional-de-desarrollo-y-politicas-publicas-2012-2018\/","name":"Plan Nacional de Desarrollo y pol\u00edticas p\u00fablicas 2012-2018","isPartOf":{"@id":"https:\/\/booksfrommexico.com\/#website"},"primaryImageOfPage":{"@id":"https:\/\/booksfrommexico.com\/es\/producto\/plan-nacional-de-desarrollo-y-politicas-publicas-2012-2018\/#primaryimage"},"image":{"@id":"https:\/\/booksfrommexico.com\/es\/producto\/plan-nacional-de-desarrollo-y-politicas-publicas-2012-2018\/#primaryimage"},"thumbnailUrl":"https:\/\/booksfrommexico.com\/app\/uploads\/2024\/02\/193201.jpeg","datePublished":"2024-02-08T21:44:09+00:00","dateModified":"2024-02-15T20:58:37+00:00","description":"Carlos Rodr\u00edguez Wallenius, Jorge Ru\u00edz Moreno (coordinators). UAM , Secci\u00f3n de Publicaciones , Divisi\u00f3n de Ciencias Sociales y Humanidades, 2019.","breadcrumb":{"@id":"https:\/\/booksfrommexico.com\/es\/producto\/plan-nacional-de-desarrollo-y-politicas-publicas-2012-2018\/#breadcrumb"},"inLanguage":"es","potentialAction":[{"@type":"ReadAction","target":["https:\/\/booksfrommexico.com\/es\/producto\/plan-nacional-de-desarrollo-y-politicas-publicas-2012-2018\/"]}]},{"@type":"ImageObject","inLanguage":"es","@id":"https:\/\/booksfrommexico.com\/es\/producto\/plan-nacional-de-desarrollo-y-politicas-publicas-2012-2018\/#primaryimage","url":"https:\/\/booksfrommexico.com\/app\/uploads\/2024\/02\/193201.jpeg","contentUrl":"https:\/\/booksfrommexico.com\/app\/uploads\/2024\/02\/193201.jpeg","width":635,"height":889,"caption":"Plan nacional de desarrollo y pol\u00edticas p\u00fablicas 2012-2018"},{"@type":"BreadcrumbList","@id":"https:\/\/booksfrommexico.com\/es\/producto\/plan-nacional-de-desarrollo-y-politicas-publicas-2012-2018\/#breadcrumb","itemListElement":[{"@type":"ListItem","position":1,"name":"Home","item":"https:\/\/booksfrommexico.com\/es\/"},{"@type":"ListItem","position":2,"name":"Libros","item":"https:\/\/booksfrommexico.com\/es\/libros\/"},{"@type":"ListItem","position":3,"name":"Plan Nacional de Desarrollo y pol\u00edticas p\u00fablicas 2012-2018"}]},{"@type":"WebSite","@id":"https:\/\/booksfrommexico.com\/#website","url":"https:\/\/booksfrommexico.com\/","name":"Books From Mexico","description":"","publisher":{"@id":"https:\/\/booksfrommexico.com\/#organization"},"potentialAction":[{"@type":"SearchAction","target":{"@type":"EntryPoint","urlTemplate":"https:\/\/booksfrommexico.com\/?s={search_term_string}"},"query-input":{"@type":"PropertyValueSpecification","valueRequired":true,"valueName":"search_term_string"}}],"inLanguage":"es"},{"@type":"Organization","@id":"https:\/\/booksfrommexico.com\/#organization","name":"Books From Mexico","url":"https:\/\/booksfrommexico.com\/","logo":{"@type":"ImageObject","inLanguage":"es","@id":"https:\/\/booksfrommexico.com\/#\/schema\/logo\/image\/","url":"https:\/\/booksfrommexico.com\/app\/uploads\/2023\/05\/logo-booksfrommexico.svg","contentUrl":"https:\/\/booksfrommexico.com\/app\/uploads\/2023\/05\/logo-booksfrommexico.svg","width":86,"height":56,"caption":"Books From Mexico"},"image":{"@id":"https:\/\/booksfrommexico.com\/#\/schema\/logo\/image\/"}}]}},"_links":{"self":[{"href":"https:\/\/booksfrommexico.com\/es\/wp-json\/wp\/v2\/product\/4788","targetHints":{"allow":["GET"]}}],"collection":[{"href":"https:\/\/booksfrommexico.com\/es\/wp-json\/wp\/v2\/product"}],"about":[{"href":"https:\/\/booksfrommexico.com\/es\/wp-json\/wp\/v2\/types\/product"}],"wp:featuredmedia":[{"embeddable":true,"href":"https:\/\/booksfrommexico.com\/es\/wp-json\/wp\/v2\/media\/4818"}],"wp:attachment":[{"href":"https:\/\/booksfrommexico.com\/es\/wp-json\/wp\/v2\/media?parent=4788"}],"wp:term":[{"taxonomy":"product_brand","embeddable":true,"href":"https:\/\/booksfrommexico.com\/es\/wp-json\/wp\/v2\/product_brand?post=4788"},{"taxonomy":"product_cat","embeddable":true,"href":"https:\/\/booksfrommexico.com\/es\/wp-json\/wp\/v2\/product_cat?post=4788"},{"taxonomy":"product_tag","embeddable":true,"href":"https:\/\/booksfrommexico.com\/es\/wp-json\/wp\/v2\/product_tag?post=4788"}],"curies":[{"name":"wp","href":"https:\/\/api.w.org\/{rel}","templated":true}]}}