{"id":4789,"date":"2024-02-08T21:44:09","date_gmt":"2024-02-08T21:44:09","guid":{"rendered":"https:\/\/booksfrommexico.com\/product\/la-tragedia-del-covid-19-en-sinaloa\/"},"modified":"2024-02-12T20:25:54","modified_gmt":"2024-02-12T20:25:54","slug":"la-tragedia-del-covid-19-en-sinaloa","status":"publish","type":"product","link":"https:\/\/booksfrommexico.com\/es\/producto\/la-tragedia-del-covid-19-en-sinaloa\/","title":{"rendered":"La tragedia del COVID-19 en Sinaloa"},"content":{"rendered":"<p><span style=\"font-weight: 400;\">El virus del SAR-CoV-2, agente del Covid-19,\u00a0 sacudi\u00f3 al mundo a finales del a\u00f1o 2019, generando una crisis mundial que cada pa\u00eds gestion\u00f3 de acuerdo a sus capacidades y recursos. En este sentido, se comprende que a menor presupuesto para la salud, poco personal, instalaciones deficientes, mayor n\u00famero de poblaci\u00f3n y comunidades marginadas, el virus tendr\u00eda mayor alcance y consecuencias m\u00e1s letales. En este estudio enfocado al estado de Sinaloa, M\u00e9xico, podemos encontrar un estudio de las determinantes sociales de la pandemia, la estrategia en materia de salud y econom\u00eda por parte del gobierno, y sus respectivos resultados.<\/span><\/p>\n","protected":false},"excerpt":{"rendered":"<p>LA TRAGEDIA DEL COVID-19 EN SINALOA. \/ Ernesto Hern\u00e1ndez Norzagaray. Ciudad de M\u00e9xico, M\u00e9xico : Ediciones del Lirio ; Sinaloa, M\u00e9xico : Universidad Pedag\u00f3gica del Estado de Sinaloa, 2021. 153 pages : includes tables, bibliography ; 22 cm.<\/p>\n","protected":false},"featured_media":4824,"template":"","meta":{"_acf_changed":false,"inline_featured_image":false},"product_brand":[],"product_cat":[797,78],"product_tag":[4116,3627],"class_list":{"0":"post-4789","1":"product","2":"type-product","3":"status-publish","4":"has-post-thumbnail","6":"product_cat-politica-y-ciencia-politica","7":"product_cat-sociologia","8":"product_tag-covid-19","9":"product_tag-politica-y-gobierno","11":"first","12":"instock","13":"taxable","14":"shipping-taxable","15":"purchasable","16":"product-type-simple"},"acf":[],"yoast_head":"<!-- This site is optimized with the Yoast SEO plugin v27.3 - https:\/\/yoast.com\/product\/yoast-seo-wordpress\/ -->\n<title>La tragedia del COVID-19 en Sinaloa<\/title>\n<meta name=\"description\" content=\"Ernesto Hern\u00e1ndez Norzagaray. Ciudad de M\u00e9xico, M\u00e9xico : Ediciones del Lirio ; Sinaloa, M\u00e9xico : Universidad Pedag\u00f3gica del Estado de Sinaloa, 2021.\" \/>\n<meta name=\"robots\" content=\"index, follow, max-snippet:-1, max-image-preview:large, max-video-preview:-1\" \/>\n<link rel=\"canonical\" href=\"https:\/\/booksfrommexico.com\/es\/producto\/la-tragedia-del-covid-19-en-sinaloa\/\" \/>\n<meta property=\"og:locale\" content=\"es_ES\" \/>\n<meta property=\"og:type\" content=\"article\" \/>\n<meta property=\"og:title\" content=\"La tragedia del COVID-19 en Sinaloa\" \/>\n<meta property=\"og:description\" content=\"Ernesto Hern\u00e1ndez Norzagaray. Ciudad de M\u00e9xico, M\u00e9xico : Ediciones del Lirio ; Sinaloa, M\u00e9xico : Universidad Pedag\u00f3gica del Estado de Sinaloa, 2021.\" \/>\n<meta property=\"og:url\" content=\"https:\/\/booksfrommexico.com\/es\/producto\/la-tragedia-del-covid-19-en-sinaloa\/\" \/>\n<meta property=\"og:site_name\" content=\"Books From Mexico\" \/>\n<meta property=\"article:modified_time\" content=\"2024-02-12T20:25:54+00:00\" \/>\n<meta property=\"og:image\" content=\"http:\/\/booksfrommexico.com\/app\/uploads\/2024\/02\/193938.jpeg\" \/>\n\t<meta property=\"og:image:width\" content=\"439\" \/>\n\t<meta property=\"og:image:height\" content=\"639\" \/>\n\t<meta property=\"og:image:type\" content=\"image\/jpeg\" \/>\n<meta name=\"twitter:card\" content=\"summary_large_image\" \/>\n<meta name=\"twitter:label1\" content=\"Tiempo de lectura\" \/>\n\t<meta name=\"twitter:data1\" content=\"1 minuto\" \/>\n<script type=\"application\/ld+json\" class=\"yoast-schema-graph\">{\"@context\":\"https:\\\/\\\/schema.org\",\"@graph\":[{\"@type\":\"WebPage\",\"@id\":\"https:\\\/\\\/booksfrommexico.com\\\/es\\\/producto\\\/la-tragedia-del-covid-19-en-sinaloa\\\/\",\"url\":\"https:\\\/\\\/booksfrommexico.com\\\/es\\\/producto\\\/la-tragedia-del-covid-19-en-sinaloa\\\/\",\"name\":\"La tragedia del COVID-19 en Sinaloa\",\"isPartOf\":{\"@id\":\"https:\\\/\\\/booksfrommexico.com\\\/#website\"},\"primaryImageOfPage\":{\"@id\":\"https:\\\/\\\/booksfrommexico.com\\\/es\\\/producto\\\/la-tragedia-del-covid-19-en-sinaloa\\\/#primaryimage\"},\"image\":{\"@id\":\"https:\\\/\\\/booksfrommexico.com\\\/es\\\/producto\\\/la-tragedia-del-covid-19-en-sinaloa\\\/#primaryimage\"},\"thumbnailUrl\":\"https:\\\/\\\/booksfrommexico.com\\\/app\\\/uploads\\\/2024\\\/02\\\/193938.jpeg\",\"datePublished\":\"2024-02-08T21:44:09+00:00\",\"dateModified\":\"2024-02-12T20:25:54+00:00\",\"description\":\"Ernesto Hern\u00e1ndez Norzagaray. Ciudad de M\u00e9xico, M\u00e9xico : Ediciones del Lirio ; Sinaloa, M\u00e9xico : Universidad Pedag\u00f3gica del Estado de Sinaloa, 2021.\",\"breadcrumb\":{\"@id\":\"https:\\\/\\\/booksfrommexico.com\\\/es\\\/producto\\\/la-tragedia-del-covid-19-en-sinaloa\\\/#breadcrumb\"},\"inLanguage\":\"es\",\"potentialAction\":[{\"@type\":\"ReadAction\",\"target\":[\"https:\\\/\\\/booksfrommexico.com\\\/es\\\/producto\\\/la-tragedia-del-covid-19-en-sinaloa\\\/\"]}]},{\"@type\":\"ImageObject\",\"inLanguage\":\"es\",\"@id\":\"https:\\\/\\\/booksfrommexico.com\\\/es\\\/producto\\\/la-tragedia-del-covid-19-en-sinaloa\\\/#primaryimage\",\"url\":\"https:\\\/\\\/booksfrommexico.com\\\/app\\\/uploads\\\/2024\\\/02\\\/193938.jpeg\",\"contentUrl\":\"https:\\\/\\\/booksfrommexico.com\\\/app\\\/uploads\\\/2024\\\/02\\\/193938.jpeg\",\"width\":439,\"height\":639,\"caption\":\"La tragedia del COVID-19 en Sinaloa\"},{\"@type\":\"BreadcrumbList\",\"@id\":\"https:\\\/\\\/booksfrommexico.com\\\/es\\\/producto\\\/la-tragedia-del-covid-19-en-sinaloa\\\/#breadcrumb\",\"itemListElement\":[{\"@type\":\"ListItem\",\"position\":1,\"name\":\"Home\",\"item\":\"https:\\\/\\\/booksfrommexico.com\\\/es\\\/\"},{\"@type\":\"ListItem\",\"position\":2,\"name\":\"Libros\",\"item\":\"https:\\\/\\\/booksfrommexico.com\\\/es\\\/libros\\\/\"},{\"@type\":\"ListItem\",\"position\":3,\"name\":\"La tragedia del COVID-19 en Sinaloa\"}]},{\"@type\":\"WebSite\",\"@id\":\"https:\\\/\\\/booksfrommexico.com\\\/#website\",\"url\":\"https:\\\/\\\/booksfrommexico.com\\\/\",\"name\":\"Books From Mexico\",\"description\":\"\",\"publisher\":{\"@id\":\"https:\\\/\\\/booksfrommexico.com\\\/#organization\"},\"potentialAction\":[{\"@type\":\"SearchAction\",\"target\":{\"@type\":\"EntryPoint\",\"urlTemplate\":\"https:\\\/\\\/booksfrommexico.com\\\/?s={search_term_string}\"},\"query-input\":{\"@type\":\"PropertyValueSpecification\",\"valueRequired\":true,\"valueName\":\"search_term_string\"}}],\"inLanguage\":\"es\"},{\"@type\":\"Organization\",\"@id\":\"https:\\\/\\\/booksfrommexico.com\\\/#organization\",\"name\":\"Books From Mexico\",\"url\":\"https:\\\/\\\/booksfrommexico.com\\\/\",\"logo\":{\"@type\":\"ImageObject\",\"inLanguage\":\"es\",\"@id\":\"https:\\\/\\\/booksfrommexico.com\\\/#\\\/schema\\\/logo\\\/image\\\/\",\"url\":\"https:\\\/\\\/booksfrommexico.com\\\/app\\\/uploads\\\/2023\\\/05\\\/logo-booksfrommexico.svg\",\"contentUrl\":\"https:\\\/\\\/booksfrommexico.com\\\/app\\\/uploads\\\/2023\\\/05\\\/logo-booksfrommexico.svg\",\"width\":86,\"height\":56,\"caption\":\"Books From Mexico\"},\"image\":{\"@id\":\"https:\\\/\\\/booksfrommexico.com\\\/#\\\/schema\\\/logo\\\/image\\\/\"}}]}<\/script>\n<!-- \/ Yoast SEO plugin. -->","yoast_head_json":{"title":"La tragedia del COVID-19 en Sinaloa","description":"Ernesto Hern\u00e1ndez Norzagaray. Ciudad de M\u00e9xico, M\u00e9xico : Ediciones del Lirio ; Sinaloa, M\u00e9xico : Universidad Pedag\u00f3gica del Estado de Sinaloa, 2021.","robots":{"index":"index","follow":"follow","max-snippet":"max-snippet:-1","max-image-preview":"max-image-preview:large","max-video-preview":"max-video-preview:-1"},"canonical":"https:\/\/booksfrommexico.com\/es\/producto\/la-tragedia-del-covid-19-en-sinaloa\/","og_locale":"es_ES","og_type":"article","og_title":"La tragedia del COVID-19 en Sinaloa","og_description":"Ernesto Hern\u00e1ndez Norzagaray. Ciudad de M\u00e9xico, M\u00e9xico : Ediciones del Lirio ; Sinaloa, M\u00e9xico : Universidad Pedag\u00f3gica del Estado de Sinaloa, 2021.","og_url":"https:\/\/booksfrommexico.com\/es\/producto\/la-tragedia-del-covid-19-en-sinaloa\/","og_site_name":"Books From Mexico","article_modified_time":"2024-02-12T20:25:54+00:00","og_image":[{"width":439,"height":639,"url":"http:\/\/booksfrommexico.com\/app\/uploads\/2024\/02\/193938.jpeg","type":"image\/jpeg"}],"twitter_card":"summary_large_image","twitter_misc":{"Tiempo de lectura":"1 minuto"},"schema":{"@context":"https:\/\/schema.org","@graph":[{"@type":"WebPage","@id":"https:\/\/booksfrommexico.com\/es\/producto\/la-tragedia-del-covid-19-en-sinaloa\/","url":"https:\/\/booksfrommexico.com\/es\/producto\/la-tragedia-del-covid-19-en-sinaloa\/","name":"La tragedia del COVID-19 en Sinaloa","isPartOf":{"@id":"https:\/\/booksfrommexico.com\/#website"},"primaryImageOfPage":{"@id":"https:\/\/booksfrommexico.com\/es\/producto\/la-tragedia-del-covid-19-en-sinaloa\/#primaryimage"},"image":{"@id":"https:\/\/booksfrommexico.com\/es\/producto\/la-tragedia-del-covid-19-en-sinaloa\/#primaryimage"},"thumbnailUrl":"https:\/\/booksfrommexico.com\/app\/uploads\/2024\/02\/193938.jpeg","datePublished":"2024-02-08T21:44:09+00:00","dateModified":"2024-02-12T20:25:54+00:00","description":"Ernesto Hern\u00e1ndez Norzagaray. Ciudad de M\u00e9xico, M\u00e9xico : Ediciones del Lirio ; Sinaloa, M\u00e9xico : Universidad Pedag\u00f3gica del Estado de Sinaloa, 2021.","breadcrumb":{"@id":"https:\/\/booksfrommexico.com\/es\/producto\/la-tragedia-del-covid-19-en-sinaloa\/#breadcrumb"},"inLanguage":"es","potentialAction":[{"@type":"ReadAction","target":["https:\/\/booksfrommexico.com\/es\/producto\/la-tragedia-del-covid-19-en-sinaloa\/"]}]},{"@type":"ImageObject","inLanguage":"es","@id":"https:\/\/booksfrommexico.com\/es\/producto\/la-tragedia-del-covid-19-en-sinaloa\/#primaryimage","url":"https:\/\/booksfrommexico.com\/app\/uploads\/2024\/02\/193938.jpeg","contentUrl":"https:\/\/booksfrommexico.com\/app\/uploads\/2024\/02\/193938.jpeg","width":439,"height":639,"caption":"La tragedia del COVID-19 en Sinaloa"},{"@type":"BreadcrumbList","@id":"https:\/\/booksfrommexico.com\/es\/producto\/la-tragedia-del-covid-19-en-sinaloa\/#breadcrumb","itemListElement":[{"@type":"ListItem","position":1,"name":"Home","item":"https:\/\/booksfrommexico.com\/es\/"},{"@type":"ListItem","position":2,"name":"Libros","item":"https:\/\/booksfrommexico.com\/es\/libros\/"},{"@type":"ListItem","position":3,"name":"La tragedia del COVID-19 en Sinaloa"}]},{"@type":"WebSite","@id":"https:\/\/booksfrommexico.com\/#website","url":"https:\/\/booksfrommexico.com\/","name":"Books From Mexico","description":"","publisher":{"@id":"https:\/\/booksfrommexico.com\/#organization"},"potentialAction":[{"@type":"SearchAction","target":{"@type":"EntryPoint","urlTemplate":"https:\/\/booksfrommexico.com\/?s={search_term_string}"},"query-input":{"@type":"PropertyValueSpecification","valueRequired":true,"valueName":"search_term_string"}}],"inLanguage":"es"},{"@type":"Organization","@id":"https:\/\/booksfrommexico.com\/#organization","name":"Books From Mexico","url":"https:\/\/booksfrommexico.com\/","logo":{"@type":"ImageObject","inLanguage":"es","@id":"https:\/\/booksfrommexico.com\/#\/schema\/logo\/image\/","url":"https:\/\/booksfrommexico.com\/app\/uploads\/2023\/05\/logo-booksfrommexico.svg","contentUrl":"https:\/\/booksfrommexico.com\/app\/uploads\/2023\/05\/logo-booksfrommexico.svg","width":86,"height":56,"caption":"Books From Mexico"},"image":{"@id":"https:\/\/booksfrommexico.com\/#\/schema\/logo\/image\/"}}]}},"_links":{"self":[{"href":"https:\/\/booksfrommexico.com\/es\/wp-json\/wp\/v2\/product\/4789","targetHints":{"allow":["GET"]}}],"collection":[{"href":"https:\/\/booksfrommexico.com\/es\/wp-json\/wp\/v2\/product"}],"about":[{"href":"https:\/\/booksfrommexico.com\/es\/wp-json\/wp\/v2\/types\/product"}],"wp:featuredmedia":[{"embeddable":true,"href":"https:\/\/booksfrommexico.com\/es\/wp-json\/wp\/v2\/media\/4824"}],"wp:attachment":[{"href":"https:\/\/booksfrommexico.com\/es\/wp-json\/wp\/v2\/media?parent=4789"}],"wp:term":[{"taxonomy":"product_brand","embeddable":true,"href":"https:\/\/booksfrommexico.com\/es\/wp-json\/wp\/v2\/product_brand?post=4789"},{"taxonomy":"product_cat","embeddable":true,"href":"https:\/\/booksfrommexico.com\/es\/wp-json\/wp\/v2\/product_cat?post=4789"},{"taxonomy":"product_tag","embeddable":true,"href":"https:\/\/booksfrommexico.com\/es\/wp-json\/wp\/v2\/product_tag?post=4789"}],"curies":[{"name":"wp","href":"https:\/\/api.w.org\/{rel}","templated":true}]}}