{"id":479,"date":"2023-05-08T17:02:56","date_gmt":"2023-05-08T17:02:56","guid":{"rendered":"http:\/\/booksfrommexico.com\/product\/ocotepec-un-cerro-de-mexicanidad-entre-la-realidad-y-el-sueno\/"},"modified":"2024-11-14T15:58:46","modified_gmt":"2024-11-14T15:58:46","slug":"ocotepec-un-cerro-de-mexicanidad-entre-la-realidad-y-el-sueno","status":"publish","type":"product","link":"https:\/\/booksfrommexico.com\/es\/producto\/ocotepec-un-cerro-de-mexicanidad-entre-la-realidad-y-el-sueno\/","title":{"rendered":"Ocotepec, un cerro de mexicanidad: Entre la realidad y el sue\u00f1o"},"content":{"rendered":"<p><span style=\"font-weight: 400;\">En este t\u00edtulo se contienen los usos, costumbres, tradiciones, historia y otros temas etnol\u00f3gicos del poblado de Ocotepec, ubicado al noreste del Municipio de Cuernavaca. Uno de los prop\u00f3sitos de esta obra es presentar un documento que sea fuente de consulta para escolares y que a pobladores nativos muestre aspectos representativos de su convivencia familiar y social, a fin de que se pueda realizar un autoan\u00e1lisis y evaluaci\u00f3n de su actual estatus de desarrollo. A lo largo de los a\u00f1os 2003 y 2004 se efectuaron entrevistas a m\u00e1s de 100 habitantes del poblado, de donde se obtuvieron antecedentes heterog\u00e9neos de las caracter\u00edsticas de su convivencia e idiosincrasia, los cuales son tratados aqu\u00ed.<\/span><\/p>\n","protected":false},"excerpt":{"rendered":"<p>OCOTEPEC, UN CERRO DE MEXICANIDAD : ENTRE LA REALIDAD Y EL SUE\u00d1O<span style=\"font-weight: 400;\">. \/ Jes\u00fas P\u00e9rez Uru\u00f1uela. Cuernavaca, Morelos, M\u00e9xico : Programa de Apoyo a las Culturas Municipales Comunitarias ; Consejo Nacional para la Cultura y las Artes , Fondo Editorial Tierra Adentro ; Instituto de Cultura de Morelos, 2003. 192 pages : includes photos, attached map ; 21 cm. <\/span><\/p>\n","protected":false},"featured_media":478,"template":"","meta":{"_acf_changed":false,"inline_featured_image":false},"product_brand":[],"product_cat":[19,117],"product_tag":[4054,3991,3961,4481,3608],"class_list":{"0":"post-479","1":"product","2":"type-product","3":"status-publish","4":"has-post-thumbnail","6":"product_cat-antropologia","7":"product_cat-etnoantropolgia","8":"product_tag-antropologia-es","9":"product_tag-conducta-de-vida","10":"product_tag-morelos-mexico","11":"product_tag-tradicion-y-costumbres","12":"product_tag-vida-social-y-costumbres","14":"first","15":"outofstock","16":"sale","17":"taxable","18":"shipping-taxable","19":"purchasable","20":"product-type-simple"},"acf":[],"yoast_head":"<!-- This site is optimized with the Yoast SEO plugin v27.2 - https:\/\/yoast.com\/product\/yoast-seo-wordpress\/ -->\n<title>Ocotepec, un cerro de mexicanidad: Entre la realidad y el sue\u00f1o<\/title>\n<meta name=\"description\" content=\"OCOTEPEC, UN CERRO DE MEXICANIDAD : ENTRE LA REALIDAD Y EL SUE\u00d1O. \/ Jes\u00fas P\u00e9rez Uru\u00f1uela. PACMyC ; CONACULTA , Fondo Editorial Tierra Adentro. 2003.\" \/>\n<meta name=\"robots\" content=\"index, follow, max-snippet:-1, max-image-preview:large, max-video-preview:-1\" \/>\n<link rel=\"canonical\" href=\"https:\/\/booksfrommexico.com\/es\/producto\/ocotepec-un-cerro-de-mexicanidad-entre-la-realidad-y-el-sueno\/\" \/>\n<meta property=\"og:locale\" content=\"es_ES\" \/>\n<meta property=\"og:type\" content=\"article\" \/>\n<meta property=\"og:title\" content=\"Ocotepec, un cerro de mexicanidad: Entre la realidad y el sue\u00f1o\" \/>\n<meta property=\"og:description\" content=\"OCOTEPEC, UN CERRO DE MEXICANIDAD : ENTRE LA REALIDAD Y EL SUE\u00d1O. \/ Jes\u00fas P\u00e9rez Uru\u00f1uela. PACMyC ; CONACULTA , Fondo Editorial Tierra Adentro. 2003.\" \/>\n<meta property=\"og:url\" content=\"https:\/\/booksfrommexico.com\/es\/producto\/ocotepec-un-cerro-de-mexicanidad-entre-la-realidad-y-el-sueno\/\" \/>\n<meta property=\"og:site_name\" content=\"Books From Mexico\" \/>\n<meta property=\"article:modified_time\" content=\"2024-11-14T15:58:46+00:00\" \/>\n<meta property=\"og:image\" content=\"http:\/\/booksfrommexico.com\/app\/uploads\/2023\/05\/126271.jpeg\" \/>\n\t<meta property=\"og:image:width\" content=\"380\" \/>\n\t<meta property=\"og:image:height\" content=\"594\" \/>\n\t<meta property=\"og:image:type\" content=\"image\/jpeg\" \/>\n<meta name=\"twitter:card\" content=\"summary_large_image\" \/>\n<meta name=\"twitter:label1\" content=\"Tiempo de lectura\" \/>\n\t<meta name=\"twitter:data1\" content=\"1 minuto\" \/>\n<script type=\"application\/ld+json\" class=\"yoast-schema-graph\">{\"@context\":\"https:\/\/schema.org\",\"@graph\":[{\"@type\":\"WebPage\",\"@id\":\"https:\/\/booksfrommexico.com\/es\/producto\/ocotepec-un-cerro-de-mexicanidad-entre-la-realidad-y-el-sueno\/\",\"url\":\"https:\/\/booksfrommexico.com\/es\/producto\/ocotepec-un-cerro-de-mexicanidad-entre-la-realidad-y-el-sueno\/\",\"name\":\"Ocotepec, un cerro de mexicanidad: Entre la realidad y el sue\u00f1o\",\"isPartOf\":{\"@id\":\"https:\/\/booksfrommexico.com\/#website\"},\"primaryImageOfPage\":{\"@id\":\"https:\/\/booksfrommexico.com\/es\/producto\/ocotepec-un-cerro-de-mexicanidad-entre-la-realidad-y-el-sueno\/#primaryimage\"},\"image\":{\"@id\":\"https:\/\/booksfrommexico.com\/es\/producto\/ocotepec-un-cerro-de-mexicanidad-entre-la-realidad-y-el-sueno\/#primaryimage\"},\"thumbnailUrl\":\"https:\/\/booksfrommexico.com\/app\/uploads\/2023\/05\/126271.jpeg\",\"datePublished\":\"2023-05-08T17:02:56+00:00\",\"dateModified\":\"2024-11-14T15:58:46+00:00\",\"description\":\"OCOTEPEC, UN CERRO DE MEXICANIDAD : ENTRE LA REALIDAD Y EL SUE\u00d1O. \/ Jes\u00fas P\u00e9rez Uru\u00f1uela. PACMyC ; CONACULTA , Fondo Editorial Tierra Adentro. 2003.\",\"breadcrumb\":{\"@id\":\"https:\/\/booksfrommexico.com\/es\/producto\/ocotepec-un-cerro-de-mexicanidad-entre-la-realidad-y-el-sueno\/#breadcrumb\"},\"inLanguage\":\"es\",\"potentialAction\":[{\"@type\":\"ReadAction\",\"target\":[\"https:\/\/booksfrommexico.com\/es\/producto\/ocotepec-un-cerro-de-mexicanidad-entre-la-realidad-y-el-sueno\/\"]}]},{\"@type\":\"ImageObject\",\"inLanguage\":\"es\",\"@id\":\"https:\/\/booksfrommexico.com\/es\/producto\/ocotepec-un-cerro-de-mexicanidad-entre-la-realidad-y-el-sueno\/#primaryimage\",\"url\":\"https:\/\/booksfrommexico.com\/app\/uploads\/2023\/05\/126271.jpeg\",\"contentUrl\":\"https:\/\/booksfrommexico.com\/app\/uploads\/2023\/05\/126271.jpeg\",\"width\":380,\"height\":594},{\"@type\":\"BreadcrumbList\",\"@id\":\"https:\/\/booksfrommexico.com\/es\/producto\/ocotepec-un-cerro-de-mexicanidad-entre-la-realidad-y-el-sueno\/#breadcrumb\",\"itemListElement\":[{\"@type\":\"ListItem\",\"position\":1,\"name\":\"Home\",\"item\":\"https:\/\/booksfrommexico.com\/es\/\"},{\"@type\":\"ListItem\",\"position\":2,\"name\":\"Libros\",\"item\":\"https:\/\/booksfrommexico.com\/es\/libros\/\"},{\"@type\":\"ListItem\",\"position\":3,\"name\":\"Ocotepec, un cerro de mexicanidad: Entre la realidad y el sue\u00f1o\"}]},{\"@type\":\"WebSite\",\"@id\":\"https:\/\/booksfrommexico.com\/#website\",\"url\":\"https:\/\/booksfrommexico.com\/\",\"name\":\"Books From Mexico\",\"description\":\"\",\"publisher\":{\"@id\":\"https:\/\/booksfrommexico.com\/#organization\"},\"potentialAction\":[{\"@type\":\"SearchAction\",\"target\":{\"@type\":\"EntryPoint\",\"urlTemplate\":\"https:\/\/booksfrommexico.com\/?s={search_term_string}\"},\"query-input\":{\"@type\":\"PropertyValueSpecification\",\"valueRequired\":true,\"valueName\":\"search_term_string\"}}],\"inLanguage\":\"es\"},{\"@type\":\"Organization\",\"@id\":\"https:\/\/booksfrommexico.com\/#organization\",\"name\":\"Books From Mexico\",\"url\":\"https:\/\/booksfrommexico.com\/\",\"logo\":{\"@type\":\"ImageObject\",\"inLanguage\":\"es\",\"@id\":\"https:\/\/booksfrommexico.com\/#\/schema\/logo\/image\/\",\"url\":\"https:\/\/booksfrommexico.com\/app\/uploads\/2023\/05\/logo-booksfrommexico.svg\",\"contentUrl\":\"https:\/\/booksfrommexico.com\/app\/uploads\/2023\/05\/logo-booksfrommexico.svg\",\"width\":86,\"height\":56,\"caption\":\"Books From Mexico\"},\"image\":{\"@id\":\"https:\/\/booksfrommexico.com\/#\/schema\/logo\/image\/\"}}]}<\/script>\n<!-- \/ Yoast SEO plugin. -->","yoast_head_json":{"title":"Ocotepec, un cerro de mexicanidad: Entre la realidad y el sue\u00f1o","description":"OCOTEPEC, UN CERRO DE MEXICANIDAD : ENTRE LA REALIDAD Y EL SUE\u00d1O. \/ Jes\u00fas P\u00e9rez Uru\u00f1uela. PACMyC ; CONACULTA , Fondo Editorial Tierra Adentro. 2003.","robots":{"index":"index","follow":"follow","max-snippet":"max-snippet:-1","max-image-preview":"max-image-preview:large","max-video-preview":"max-video-preview:-1"},"canonical":"https:\/\/booksfrommexico.com\/es\/producto\/ocotepec-un-cerro-de-mexicanidad-entre-la-realidad-y-el-sueno\/","og_locale":"es_ES","og_type":"article","og_title":"Ocotepec, un cerro de mexicanidad: Entre la realidad y el sue\u00f1o","og_description":"OCOTEPEC, UN CERRO DE MEXICANIDAD : ENTRE LA REALIDAD Y EL SUE\u00d1O. \/ Jes\u00fas P\u00e9rez Uru\u00f1uela. PACMyC ; CONACULTA , Fondo Editorial Tierra Adentro. 2003.","og_url":"https:\/\/booksfrommexico.com\/es\/producto\/ocotepec-un-cerro-de-mexicanidad-entre-la-realidad-y-el-sueno\/","og_site_name":"Books From Mexico","article_modified_time":"2024-11-14T15:58:46+00:00","og_image":[{"width":380,"height":594,"url":"http:\/\/booksfrommexico.com\/app\/uploads\/2023\/05\/126271.jpeg","type":"image\/jpeg"}],"twitter_card":"summary_large_image","twitter_misc":{"Tiempo de lectura":"1 minuto"},"schema":{"@context":"https:\/\/schema.org","@graph":[{"@type":"WebPage","@id":"https:\/\/booksfrommexico.com\/es\/producto\/ocotepec-un-cerro-de-mexicanidad-entre-la-realidad-y-el-sueno\/","url":"https:\/\/booksfrommexico.com\/es\/producto\/ocotepec-un-cerro-de-mexicanidad-entre-la-realidad-y-el-sueno\/","name":"Ocotepec, un cerro de mexicanidad: Entre la realidad y el sue\u00f1o","isPartOf":{"@id":"https:\/\/booksfrommexico.com\/#website"},"primaryImageOfPage":{"@id":"https:\/\/booksfrommexico.com\/es\/producto\/ocotepec-un-cerro-de-mexicanidad-entre-la-realidad-y-el-sueno\/#primaryimage"},"image":{"@id":"https:\/\/booksfrommexico.com\/es\/producto\/ocotepec-un-cerro-de-mexicanidad-entre-la-realidad-y-el-sueno\/#primaryimage"},"thumbnailUrl":"https:\/\/booksfrommexico.com\/app\/uploads\/2023\/05\/126271.jpeg","datePublished":"2023-05-08T17:02:56+00:00","dateModified":"2024-11-14T15:58:46+00:00","description":"OCOTEPEC, UN CERRO DE MEXICANIDAD : ENTRE LA REALIDAD Y EL SUE\u00d1O. \/ Jes\u00fas P\u00e9rez Uru\u00f1uela. PACMyC ; CONACULTA , Fondo Editorial Tierra Adentro. 2003.","breadcrumb":{"@id":"https:\/\/booksfrommexico.com\/es\/producto\/ocotepec-un-cerro-de-mexicanidad-entre-la-realidad-y-el-sueno\/#breadcrumb"},"inLanguage":"es","potentialAction":[{"@type":"ReadAction","target":["https:\/\/booksfrommexico.com\/es\/producto\/ocotepec-un-cerro-de-mexicanidad-entre-la-realidad-y-el-sueno\/"]}]},{"@type":"ImageObject","inLanguage":"es","@id":"https:\/\/booksfrommexico.com\/es\/producto\/ocotepec-un-cerro-de-mexicanidad-entre-la-realidad-y-el-sueno\/#primaryimage","url":"https:\/\/booksfrommexico.com\/app\/uploads\/2023\/05\/126271.jpeg","contentUrl":"https:\/\/booksfrommexico.com\/app\/uploads\/2023\/05\/126271.jpeg","width":380,"height":594},{"@type":"BreadcrumbList","@id":"https:\/\/booksfrommexico.com\/es\/producto\/ocotepec-un-cerro-de-mexicanidad-entre-la-realidad-y-el-sueno\/#breadcrumb","itemListElement":[{"@type":"ListItem","position":1,"name":"Home","item":"https:\/\/booksfrommexico.com\/es\/"},{"@type":"ListItem","position":2,"name":"Libros","item":"https:\/\/booksfrommexico.com\/es\/libros\/"},{"@type":"ListItem","position":3,"name":"Ocotepec, un cerro de mexicanidad: Entre la realidad y el sue\u00f1o"}]},{"@type":"WebSite","@id":"https:\/\/booksfrommexico.com\/#website","url":"https:\/\/booksfrommexico.com\/","name":"Books From Mexico","description":"","publisher":{"@id":"https:\/\/booksfrommexico.com\/#organization"},"potentialAction":[{"@type":"SearchAction","target":{"@type":"EntryPoint","urlTemplate":"https:\/\/booksfrommexico.com\/?s={search_term_string}"},"query-input":{"@type":"PropertyValueSpecification","valueRequired":true,"valueName":"search_term_string"}}],"inLanguage":"es"},{"@type":"Organization","@id":"https:\/\/booksfrommexico.com\/#organization","name":"Books From Mexico","url":"https:\/\/booksfrommexico.com\/","logo":{"@type":"ImageObject","inLanguage":"es","@id":"https:\/\/booksfrommexico.com\/#\/schema\/logo\/image\/","url":"https:\/\/booksfrommexico.com\/app\/uploads\/2023\/05\/logo-booksfrommexico.svg","contentUrl":"https:\/\/booksfrommexico.com\/app\/uploads\/2023\/05\/logo-booksfrommexico.svg","width":86,"height":56,"caption":"Books From Mexico"},"image":{"@id":"https:\/\/booksfrommexico.com\/#\/schema\/logo\/image\/"}}]}},"_links":{"self":[{"href":"https:\/\/booksfrommexico.com\/es\/wp-json\/wp\/v2\/product\/479","targetHints":{"allow":["GET"]}}],"collection":[{"href":"https:\/\/booksfrommexico.com\/es\/wp-json\/wp\/v2\/product"}],"about":[{"href":"https:\/\/booksfrommexico.com\/es\/wp-json\/wp\/v2\/types\/product"}],"wp:featuredmedia":[{"embeddable":true,"href":"https:\/\/booksfrommexico.com\/es\/wp-json\/wp\/v2\/media\/478"}],"wp:attachment":[{"href":"https:\/\/booksfrommexico.com\/es\/wp-json\/wp\/v2\/media?parent=479"}],"wp:term":[{"taxonomy":"product_brand","embeddable":true,"href":"https:\/\/booksfrommexico.com\/es\/wp-json\/wp\/v2\/product_brand?post=479"},{"taxonomy":"product_cat","embeddable":true,"href":"https:\/\/booksfrommexico.com\/es\/wp-json\/wp\/v2\/product_cat?post=479"},{"taxonomy":"product_tag","embeddable":true,"href":"https:\/\/booksfrommexico.com\/es\/wp-json\/wp\/v2\/product_tag?post=479"}],"curies":[{"name":"wp","href":"https:\/\/api.w.org\/{rel}","templated":true}]}}