{"id":4790,"date":"2024-02-08T21:44:09","date_gmt":"2024-02-08T21:44:09","guid":{"rendered":"https:\/\/booksfrommexico.com\/product\/politicas-de-identidad-en-el-contexto-de-la-crisis-de-la-democracia\/"},"modified":"2024-02-15T21:28:47","modified_gmt":"2024-02-15T21:28:47","slug":"politicas-de-identidad-en-el-contexto-de-la-crisis-de-la-democracia","status":"publish","type":"product","link":"https:\/\/booksfrommexico.com\/es\/producto\/politicas-de-identidad-en-el-contexto-de-la-crisis-de-la-democracia\/","title":{"rendered":"Pol\u00edticas de identidad en el contexto de la crisis de la democracia"},"content":{"rendered":"<p><span style=\"font-weight: 400;\">Las pol\u00edticas de identidad fueron pensadas en primera instancia como formas de incluir a grupos identitarios de poblaci\u00f3n que no han quedado plenamente incluidos en las pol\u00edticas p\u00fablicas ni en los sistemas de representaci\u00f3n. Estas pol\u00edticas son el resultado de la lucha hist\u00f3rica de estos grupos por el reconocimiento de sus derechos, teniendo una connotaci\u00f3n positiva en las democracias, ya que consideran la diversidad, pluralidad e igualdad. Los autores reunidos aqu\u00ed pretenden analizar y destacar la importancia y necesidad de revalorar estas pol\u00edticas, ante la exclusi\u00f3n, desigualdad y el cambio que experimenta la sociedad mexicana actual.<\/span><\/p>\n","protected":false},"excerpt":{"rendered":"<p>POL\u00cdTICAS DE IDENTIDAD EN EL CONTEXTO DE LA CRISIS DE LA DEMOCRACIA. <span style=\"font-weight: 400;\">\/ Laura Loeza Reyes (coordinator). Ciudad de M\u00e9xico, M\u00e9xico : Universidad Nacional Aut\u00f3noma de M\u00e9xico , Centro de Investigaciones Interdisciplinarias en Ciencias y Humanidades, 2021. 217 pages : includes tables, graphics ; 23 cm. (Colecci\u00f3n Debate y Reflexi\u00f3n). ISBN : 9786073042642 (volumen) ; 9786070297267 (collection).<\/span><\/p>\n","protected":false},"featured_media":4828,"template":"","meta":{"_acf_changed":false,"inline_featured_image":false},"product_brand":[],"product_cat":[797,78],"product_tag":[3627],"class_list":{"0":"post-4790","1":"product","2":"type-product","3":"status-publish","4":"has-post-thumbnail","6":"product_cat-politica-y-ciencia-politica","7":"product_cat-sociologia","8":"product_tag-politica-y-gobierno","10":"first","11":"instock","12":"taxable","13":"shipping-taxable","14":"purchasable","15":"product-type-simple"},"acf":[],"yoast_head":"<!-- This site is optimized with the Yoast SEO plugin v27.3 - https:\/\/yoast.com\/product\/yoast-seo-wordpress\/ -->\n<title>Pol\u00edticas de identidad en el contexto de la crisis de la democracia<\/title>\n<meta name=\"description\" content=\"Laura Loeza Reyes (coordinator). UNAM , Centro de Investigaciones Interdisciplinarias en Ciencias y Humanidades, 2021. 217 pages.\" \/>\n<meta name=\"robots\" content=\"index, follow, max-snippet:-1, max-image-preview:large, max-video-preview:-1\" \/>\n<link rel=\"canonical\" href=\"https:\/\/booksfrommexico.com\/es\/producto\/politicas-de-identidad-en-el-contexto-de-la-crisis-de-la-democracia\/\" \/>\n<meta property=\"og:locale\" content=\"es_ES\" \/>\n<meta property=\"og:type\" content=\"article\" \/>\n<meta property=\"og:title\" content=\"Pol\u00edticas de identidad en el contexto de la crisis de la democracia\" \/>\n<meta property=\"og:description\" content=\"Laura Loeza Reyes (coordinator). UNAM , Centro de Investigaciones Interdisciplinarias en Ciencias y Humanidades, 2021. 217 pages.\" \/>\n<meta property=\"og:url\" content=\"https:\/\/booksfrommexico.com\/es\/producto\/politicas-de-identidad-en-el-contexto-de-la-crisis-de-la-democracia\/\" \/>\n<meta property=\"og:site_name\" content=\"Books From Mexico\" \/>\n<meta property=\"article:modified_time\" content=\"2024-02-15T21:28:47+00:00\" \/>\n<meta property=\"og:image\" content=\"http:\/\/booksfrommexico.com\/app\/uploads\/2024\/02\/194580.jpeg\" \/>\n\t<meta property=\"og:image:width\" content=\"488\" \/>\n\t<meta property=\"og:image:height\" content=\"669\" \/>\n\t<meta property=\"og:image:type\" content=\"image\/jpeg\" \/>\n<meta name=\"twitter:card\" content=\"summary_large_image\" \/>\n<meta name=\"twitter:label1\" content=\"Tiempo de lectura\" \/>\n\t<meta name=\"twitter:data1\" content=\"1 minuto\" \/>\n<script type=\"application\/ld+json\" class=\"yoast-schema-graph\">{\"@context\":\"https:\\\/\\\/schema.org\",\"@graph\":[{\"@type\":\"WebPage\",\"@id\":\"https:\\\/\\\/booksfrommexico.com\\\/es\\\/producto\\\/politicas-de-identidad-en-el-contexto-de-la-crisis-de-la-democracia\\\/\",\"url\":\"https:\\\/\\\/booksfrommexico.com\\\/es\\\/producto\\\/politicas-de-identidad-en-el-contexto-de-la-crisis-de-la-democracia\\\/\",\"name\":\"Pol\u00edticas de identidad en el contexto de la crisis de la democracia\",\"isPartOf\":{\"@id\":\"https:\\\/\\\/booksfrommexico.com\\\/#website\"},\"primaryImageOfPage\":{\"@id\":\"https:\\\/\\\/booksfrommexico.com\\\/es\\\/producto\\\/politicas-de-identidad-en-el-contexto-de-la-crisis-de-la-democracia\\\/#primaryimage\"},\"image\":{\"@id\":\"https:\\\/\\\/booksfrommexico.com\\\/es\\\/producto\\\/politicas-de-identidad-en-el-contexto-de-la-crisis-de-la-democracia\\\/#primaryimage\"},\"thumbnailUrl\":\"https:\\\/\\\/booksfrommexico.com\\\/app\\\/uploads\\\/2024\\\/02\\\/194580.jpeg\",\"datePublished\":\"2024-02-08T21:44:09+00:00\",\"dateModified\":\"2024-02-15T21:28:47+00:00\",\"description\":\"Laura Loeza Reyes (coordinator). UNAM , Centro de Investigaciones Interdisciplinarias en Ciencias y Humanidades, 2021. 217 pages.\",\"breadcrumb\":{\"@id\":\"https:\\\/\\\/booksfrommexico.com\\\/es\\\/producto\\\/politicas-de-identidad-en-el-contexto-de-la-crisis-de-la-democracia\\\/#breadcrumb\"},\"inLanguage\":\"es\",\"potentialAction\":[{\"@type\":\"ReadAction\",\"target\":[\"https:\\\/\\\/booksfrommexico.com\\\/es\\\/producto\\\/politicas-de-identidad-en-el-contexto-de-la-crisis-de-la-democracia\\\/\"]}]},{\"@type\":\"ImageObject\",\"inLanguage\":\"es\",\"@id\":\"https:\\\/\\\/booksfrommexico.com\\\/es\\\/producto\\\/politicas-de-identidad-en-el-contexto-de-la-crisis-de-la-democracia\\\/#primaryimage\",\"url\":\"https:\\\/\\\/booksfrommexico.com\\\/app\\\/uploads\\\/2024\\\/02\\\/194580.jpeg\",\"contentUrl\":\"https:\\\/\\\/booksfrommexico.com\\\/app\\\/uploads\\\/2024\\\/02\\\/194580.jpeg\",\"width\":488,\"height\":669,\"caption\":\"Pol\u00edticas de identidad en el contexto de la crisis de la democracia\"},{\"@type\":\"BreadcrumbList\",\"@id\":\"https:\\\/\\\/booksfrommexico.com\\\/es\\\/producto\\\/politicas-de-identidad-en-el-contexto-de-la-crisis-de-la-democracia\\\/#breadcrumb\",\"itemListElement\":[{\"@type\":\"ListItem\",\"position\":1,\"name\":\"Home\",\"item\":\"https:\\\/\\\/booksfrommexico.com\\\/es\\\/\"},{\"@type\":\"ListItem\",\"position\":2,\"name\":\"Libros\",\"item\":\"https:\\\/\\\/booksfrommexico.com\\\/es\\\/libros\\\/\"},{\"@type\":\"ListItem\",\"position\":3,\"name\":\"Pol\u00edticas de identidad en el contexto de la crisis de la democracia\"}]},{\"@type\":\"WebSite\",\"@id\":\"https:\\\/\\\/booksfrommexico.com\\\/#website\",\"url\":\"https:\\\/\\\/booksfrommexico.com\\\/\",\"name\":\"Books From Mexico\",\"description\":\"\",\"publisher\":{\"@id\":\"https:\\\/\\\/booksfrommexico.com\\\/#organization\"},\"potentialAction\":[{\"@type\":\"SearchAction\",\"target\":{\"@type\":\"EntryPoint\",\"urlTemplate\":\"https:\\\/\\\/booksfrommexico.com\\\/?s={search_term_string}\"},\"query-input\":{\"@type\":\"PropertyValueSpecification\",\"valueRequired\":true,\"valueName\":\"search_term_string\"}}],\"inLanguage\":\"es\"},{\"@type\":\"Organization\",\"@id\":\"https:\\\/\\\/booksfrommexico.com\\\/#organization\",\"name\":\"Books From Mexico\",\"url\":\"https:\\\/\\\/booksfrommexico.com\\\/\",\"logo\":{\"@type\":\"ImageObject\",\"inLanguage\":\"es\",\"@id\":\"https:\\\/\\\/booksfrommexico.com\\\/#\\\/schema\\\/logo\\\/image\\\/\",\"url\":\"https:\\\/\\\/booksfrommexico.com\\\/app\\\/uploads\\\/2023\\\/05\\\/logo-booksfrommexico.svg\",\"contentUrl\":\"https:\\\/\\\/booksfrommexico.com\\\/app\\\/uploads\\\/2023\\\/05\\\/logo-booksfrommexico.svg\",\"width\":86,\"height\":56,\"caption\":\"Books From Mexico\"},\"image\":{\"@id\":\"https:\\\/\\\/booksfrommexico.com\\\/#\\\/schema\\\/logo\\\/image\\\/\"}}]}<\/script>\n<!-- \/ Yoast SEO plugin. -->","yoast_head_json":{"title":"Pol\u00edticas de identidad en el contexto de la crisis de la democracia","description":"Laura Loeza Reyes (coordinator). UNAM , Centro de Investigaciones Interdisciplinarias en Ciencias y Humanidades, 2021. 217 pages.","robots":{"index":"index","follow":"follow","max-snippet":"max-snippet:-1","max-image-preview":"max-image-preview:large","max-video-preview":"max-video-preview:-1"},"canonical":"https:\/\/booksfrommexico.com\/es\/producto\/politicas-de-identidad-en-el-contexto-de-la-crisis-de-la-democracia\/","og_locale":"es_ES","og_type":"article","og_title":"Pol\u00edticas de identidad en el contexto de la crisis de la democracia","og_description":"Laura Loeza Reyes (coordinator). UNAM , Centro de Investigaciones Interdisciplinarias en Ciencias y Humanidades, 2021. 217 pages.","og_url":"https:\/\/booksfrommexico.com\/es\/producto\/politicas-de-identidad-en-el-contexto-de-la-crisis-de-la-democracia\/","og_site_name":"Books From Mexico","article_modified_time":"2024-02-15T21:28:47+00:00","og_image":[{"width":488,"height":669,"url":"http:\/\/booksfrommexico.com\/app\/uploads\/2024\/02\/194580.jpeg","type":"image\/jpeg"}],"twitter_card":"summary_large_image","twitter_misc":{"Tiempo de lectura":"1 minuto"},"schema":{"@context":"https:\/\/schema.org","@graph":[{"@type":"WebPage","@id":"https:\/\/booksfrommexico.com\/es\/producto\/politicas-de-identidad-en-el-contexto-de-la-crisis-de-la-democracia\/","url":"https:\/\/booksfrommexico.com\/es\/producto\/politicas-de-identidad-en-el-contexto-de-la-crisis-de-la-democracia\/","name":"Pol\u00edticas de identidad en el contexto de la crisis de la democracia","isPartOf":{"@id":"https:\/\/booksfrommexico.com\/#website"},"primaryImageOfPage":{"@id":"https:\/\/booksfrommexico.com\/es\/producto\/politicas-de-identidad-en-el-contexto-de-la-crisis-de-la-democracia\/#primaryimage"},"image":{"@id":"https:\/\/booksfrommexico.com\/es\/producto\/politicas-de-identidad-en-el-contexto-de-la-crisis-de-la-democracia\/#primaryimage"},"thumbnailUrl":"https:\/\/booksfrommexico.com\/app\/uploads\/2024\/02\/194580.jpeg","datePublished":"2024-02-08T21:44:09+00:00","dateModified":"2024-02-15T21:28:47+00:00","description":"Laura Loeza Reyes (coordinator). UNAM , Centro de Investigaciones Interdisciplinarias en Ciencias y Humanidades, 2021. 217 pages.","breadcrumb":{"@id":"https:\/\/booksfrommexico.com\/es\/producto\/politicas-de-identidad-en-el-contexto-de-la-crisis-de-la-democracia\/#breadcrumb"},"inLanguage":"es","potentialAction":[{"@type":"ReadAction","target":["https:\/\/booksfrommexico.com\/es\/producto\/politicas-de-identidad-en-el-contexto-de-la-crisis-de-la-democracia\/"]}]},{"@type":"ImageObject","inLanguage":"es","@id":"https:\/\/booksfrommexico.com\/es\/producto\/politicas-de-identidad-en-el-contexto-de-la-crisis-de-la-democracia\/#primaryimage","url":"https:\/\/booksfrommexico.com\/app\/uploads\/2024\/02\/194580.jpeg","contentUrl":"https:\/\/booksfrommexico.com\/app\/uploads\/2024\/02\/194580.jpeg","width":488,"height":669,"caption":"Pol\u00edticas de identidad en el contexto de la crisis de la democracia"},{"@type":"BreadcrumbList","@id":"https:\/\/booksfrommexico.com\/es\/producto\/politicas-de-identidad-en-el-contexto-de-la-crisis-de-la-democracia\/#breadcrumb","itemListElement":[{"@type":"ListItem","position":1,"name":"Home","item":"https:\/\/booksfrommexico.com\/es\/"},{"@type":"ListItem","position":2,"name":"Libros","item":"https:\/\/booksfrommexico.com\/es\/libros\/"},{"@type":"ListItem","position":3,"name":"Pol\u00edticas de identidad en el contexto de la crisis de la democracia"}]},{"@type":"WebSite","@id":"https:\/\/booksfrommexico.com\/#website","url":"https:\/\/booksfrommexico.com\/","name":"Books From Mexico","description":"","publisher":{"@id":"https:\/\/booksfrommexico.com\/#organization"},"potentialAction":[{"@type":"SearchAction","target":{"@type":"EntryPoint","urlTemplate":"https:\/\/booksfrommexico.com\/?s={search_term_string}"},"query-input":{"@type":"PropertyValueSpecification","valueRequired":true,"valueName":"search_term_string"}}],"inLanguage":"es"},{"@type":"Organization","@id":"https:\/\/booksfrommexico.com\/#organization","name":"Books From Mexico","url":"https:\/\/booksfrommexico.com\/","logo":{"@type":"ImageObject","inLanguage":"es","@id":"https:\/\/booksfrommexico.com\/#\/schema\/logo\/image\/","url":"https:\/\/booksfrommexico.com\/app\/uploads\/2023\/05\/logo-booksfrommexico.svg","contentUrl":"https:\/\/booksfrommexico.com\/app\/uploads\/2023\/05\/logo-booksfrommexico.svg","width":86,"height":56,"caption":"Books From Mexico"},"image":{"@id":"https:\/\/booksfrommexico.com\/#\/schema\/logo\/image\/"}}]}},"_links":{"self":[{"href":"https:\/\/booksfrommexico.com\/es\/wp-json\/wp\/v2\/product\/4790","targetHints":{"allow":["GET"]}}],"collection":[{"href":"https:\/\/booksfrommexico.com\/es\/wp-json\/wp\/v2\/product"}],"about":[{"href":"https:\/\/booksfrommexico.com\/es\/wp-json\/wp\/v2\/types\/product"}],"wp:featuredmedia":[{"embeddable":true,"href":"https:\/\/booksfrommexico.com\/es\/wp-json\/wp\/v2\/media\/4828"}],"wp:attachment":[{"href":"https:\/\/booksfrommexico.com\/es\/wp-json\/wp\/v2\/media?parent=4790"}],"wp:term":[{"taxonomy":"product_brand","embeddable":true,"href":"https:\/\/booksfrommexico.com\/es\/wp-json\/wp\/v2\/product_brand?post=4790"},{"taxonomy":"product_cat","embeddable":true,"href":"https:\/\/booksfrommexico.com\/es\/wp-json\/wp\/v2\/product_cat?post=4790"},{"taxonomy":"product_tag","embeddable":true,"href":"https:\/\/booksfrommexico.com\/es\/wp-json\/wp\/v2\/product_tag?post=4790"}],"curies":[{"name":"wp","href":"https:\/\/api.w.org\/{rel}","templated":true}]}}