{"id":4791,"date":"2024-02-08T21:44:09","date_gmt":"2024-02-08T21:44:09","guid":{"rendered":"https:\/\/booksfrommexico.com\/product\/autonomia-pluralismo-y-certeza-en-la-eleccion-presidencial-2018\/"},"modified":"2024-02-15T23:08:55","modified_gmt":"2024-02-15T23:08:55","slug":"autonomia-pluralismo-y-certeza-en-la-eleccion-presidencial-2018","status":"publish","type":"product","link":"https:\/\/booksfrommexico.com\/es\/producto\/autonomia-pluralismo-y-certeza-en-la-eleccion-presidencial-2018\/","title":{"rendered":"Autonom\u00eda, pluralismo y certeza en la elecci\u00f3n presidencial 2018"},"content":{"rendered":"<p><span style=\"font-weight: 400;\">An\u00e1lisis del proceso electoral en M\u00e9xico para comprender la transici\u00f3n pol\u00edtica\u00a0 a partir de tres premisas fundamentales. Primero, la autonom\u00eda e imparcialidad de las autoridades encargadas de la organizaci\u00f3n y calificaci\u00f3n de la elecci\u00f3n. Segundo el pluralismo pol\u00edtico, social e informativo que debe caracterizar a las elecciones en una rep\u00fablica democr\u00e1tica. Tercero, la certeza de los resultados y procedimientos que derivan de las normas y pr\u00e1cticas electorales reguladoras del comportamiento de actores pol\u00edticos, medios de comunicaci\u00f3n y ciudadan\u00eda para ejercer plenamente el derecho a la informaci\u00f3n y la competencia por el poder pol\u00edtico en condiciones de equidad.<\/span><\/p>\n","protected":false},"excerpt":{"rendered":"<p>AUTONOM\u00cdA, PLURALISMO Y CERTEZA EN LA ELECCI\u00d3N PRESIDENCIAL 2018. <span style=\"font-weight: 400;\">\/ Julio Ju\u00e1rez G\u00e1miz, Carlos Hern\u00e1ndez Alc\u00e1ntara (coordinators). Ciudad de M\u00e9xico, M\u00e9xico : Universidad Nacional Aut\u00f3noma de M\u00e9xico , Centro de Investigaciones Interdisciplinarias en Ciencias y Humanidades, 2020. 352 pages : includes tables, graphics, bibliography ; 23 cm. (Colecci\u00f3n Debate y Reflexi\u00f3n). ISBN : 9786073029667 (volumen) ; 9786070297267 (collection).<\/span><\/p>\n","protected":false},"featured_media":4832,"template":"","meta":{"_acf_changed":false,"inline_featured_image":false},"product_brand":[],"product_cat":[4155,797,78],"product_tag":[3627],"class_list":{"0":"post-4791","1":"product","2":"type-product","3":"status-publish","4":"has-post-thumbnail","6":"product_cat-democracia-y-elecciones","7":"product_cat-politica-y-ciencia-politica","8":"product_cat-sociologia","9":"product_tag-politica-y-gobierno","11":"first","12":"instock","13":"taxable","14":"shipping-taxable","15":"purchasable","16":"product-type-simple"},"acf":[],"yoast_head":"<!-- This site is optimized with the Yoast SEO plugin v27.3 - https:\/\/yoast.com\/product\/yoast-seo-wordpress\/ -->\n<title>Autonom\u00eda, pluralismo y certeza en la elecci\u00f3n presidencial 2018<\/title>\n<meta name=\"description\" content=\"Julio Ju\u00e1rez G\u00e1miz, Carlos Hern\u00e1ndez Alc\u00e1ntara (coordinators). (Colecci\u00f3n Debate y Reflexi\u00f3n). ISBN : 9786073029667 (volumen) ; 9786070297267 (collection).\" \/>\n<meta name=\"robots\" content=\"index, follow, max-snippet:-1, max-image-preview:large, max-video-preview:-1\" \/>\n<link rel=\"canonical\" href=\"https:\/\/booksfrommexico.com\/es\/producto\/autonomia-pluralismo-y-certeza-en-la-eleccion-presidencial-2018\/\" \/>\n<meta property=\"og:locale\" content=\"es_ES\" \/>\n<meta property=\"og:type\" content=\"article\" \/>\n<meta property=\"og:title\" content=\"Autonom\u00eda, pluralismo y certeza en la elecci\u00f3n presidencial 2018\" \/>\n<meta property=\"og:description\" content=\"Julio Ju\u00e1rez G\u00e1miz, Carlos Hern\u00e1ndez Alc\u00e1ntara (coordinators). (Colecci\u00f3n Debate y Reflexi\u00f3n). ISBN : 9786073029667 (volumen) ; 9786070297267 (collection).\" \/>\n<meta property=\"og:url\" content=\"https:\/\/booksfrommexico.com\/es\/producto\/autonomia-pluralismo-y-certeza-en-la-eleccion-presidencial-2018\/\" \/>\n<meta property=\"og:site_name\" content=\"Books From Mexico\" \/>\n<meta property=\"article:modified_time\" content=\"2024-02-15T23:08:55+00:00\" \/>\n<meta property=\"og:image\" content=\"http:\/\/booksfrommexico.com\/app\/uploads\/2024\/02\/194581.jpeg\" \/>\n\t<meta property=\"og:image:width\" content=\"488\" \/>\n\t<meta property=\"og:image:height\" content=\"669\" \/>\n\t<meta property=\"og:image:type\" content=\"image\/jpeg\" \/>\n<meta name=\"twitter:card\" content=\"summary_large_image\" \/>\n<meta name=\"twitter:label1\" content=\"Tiempo de lectura\" \/>\n\t<meta name=\"twitter:data1\" content=\"1 minuto\" \/>\n<script type=\"application\/ld+json\" class=\"yoast-schema-graph\">{\"@context\":\"https:\\\/\\\/schema.org\",\"@graph\":[{\"@type\":\"WebPage\",\"@id\":\"https:\\\/\\\/booksfrommexico.com\\\/es\\\/producto\\\/autonomia-pluralismo-y-certeza-en-la-eleccion-presidencial-2018\\\/\",\"url\":\"https:\\\/\\\/booksfrommexico.com\\\/es\\\/producto\\\/autonomia-pluralismo-y-certeza-en-la-eleccion-presidencial-2018\\\/\",\"name\":\"Autonom\u00eda, pluralismo y certeza en la elecci\u00f3n presidencial 2018\",\"isPartOf\":{\"@id\":\"https:\\\/\\\/booksfrommexico.com\\\/#website\"},\"primaryImageOfPage\":{\"@id\":\"https:\\\/\\\/booksfrommexico.com\\\/es\\\/producto\\\/autonomia-pluralismo-y-certeza-en-la-eleccion-presidencial-2018\\\/#primaryimage\"},\"image\":{\"@id\":\"https:\\\/\\\/booksfrommexico.com\\\/es\\\/producto\\\/autonomia-pluralismo-y-certeza-en-la-eleccion-presidencial-2018\\\/#primaryimage\"},\"thumbnailUrl\":\"https:\\\/\\\/booksfrommexico.com\\\/app\\\/uploads\\\/2024\\\/02\\\/194581.jpeg\",\"datePublished\":\"2024-02-08T21:44:09+00:00\",\"dateModified\":\"2024-02-15T23:08:55+00:00\",\"description\":\"Julio Ju\u00e1rez G\u00e1miz, Carlos Hern\u00e1ndez Alc\u00e1ntara (coordinators). (Colecci\u00f3n Debate y Reflexi\u00f3n). ISBN : 9786073029667 (volumen) ; 9786070297267 (collection).\",\"breadcrumb\":{\"@id\":\"https:\\\/\\\/booksfrommexico.com\\\/es\\\/producto\\\/autonomia-pluralismo-y-certeza-en-la-eleccion-presidencial-2018\\\/#breadcrumb\"},\"inLanguage\":\"es\",\"potentialAction\":[{\"@type\":\"ReadAction\",\"target\":[\"https:\\\/\\\/booksfrommexico.com\\\/es\\\/producto\\\/autonomia-pluralismo-y-certeza-en-la-eleccion-presidencial-2018\\\/\"]}]},{\"@type\":\"ImageObject\",\"inLanguage\":\"es\",\"@id\":\"https:\\\/\\\/booksfrommexico.com\\\/es\\\/producto\\\/autonomia-pluralismo-y-certeza-en-la-eleccion-presidencial-2018\\\/#primaryimage\",\"url\":\"https:\\\/\\\/booksfrommexico.com\\\/app\\\/uploads\\\/2024\\\/02\\\/194581.jpeg\",\"contentUrl\":\"https:\\\/\\\/booksfrommexico.com\\\/app\\\/uploads\\\/2024\\\/02\\\/194581.jpeg\",\"width\":488,\"height\":669,\"caption\":\"Autonom\u00eda, pluralismo y certeza en la elecci\u00f3n presidencial 2018\"},{\"@type\":\"BreadcrumbList\",\"@id\":\"https:\\\/\\\/booksfrommexico.com\\\/es\\\/producto\\\/autonomia-pluralismo-y-certeza-en-la-eleccion-presidencial-2018\\\/#breadcrumb\",\"itemListElement\":[{\"@type\":\"ListItem\",\"position\":1,\"name\":\"Home\",\"item\":\"https:\\\/\\\/booksfrommexico.com\\\/es\\\/\"},{\"@type\":\"ListItem\",\"position\":2,\"name\":\"Libros\",\"item\":\"https:\\\/\\\/booksfrommexico.com\\\/es\\\/libros\\\/\"},{\"@type\":\"ListItem\",\"position\":3,\"name\":\"Autonom\u00eda, pluralismo y certeza en la elecci\u00f3n presidencial 2018\"}]},{\"@type\":\"WebSite\",\"@id\":\"https:\\\/\\\/booksfrommexico.com\\\/#website\",\"url\":\"https:\\\/\\\/booksfrommexico.com\\\/\",\"name\":\"Books From Mexico\",\"description\":\"\",\"publisher\":{\"@id\":\"https:\\\/\\\/booksfrommexico.com\\\/#organization\"},\"potentialAction\":[{\"@type\":\"SearchAction\",\"target\":{\"@type\":\"EntryPoint\",\"urlTemplate\":\"https:\\\/\\\/booksfrommexico.com\\\/?s={search_term_string}\"},\"query-input\":{\"@type\":\"PropertyValueSpecification\",\"valueRequired\":true,\"valueName\":\"search_term_string\"}}],\"inLanguage\":\"es\"},{\"@type\":\"Organization\",\"@id\":\"https:\\\/\\\/booksfrommexico.com\\\/#organization\",\"name\":\"Books From Mexico\",\"url\":\"https:\\\/\\\/booksfrommexico.com\\\/\",\"logo\":{\"@type\":\"ImageObject\",\"inLanguage\":\"es\",\"@id\":\"https:\\\/\\\/booksfrommexico.com\\\/#\\\/schema\\\/logo\\\/image\\\/\",\"url\":\"https:\\\/\\\/booksfrommexico.com\\\/app\\\/uploads\\\/2023\\\/05\\\/logo-booksfrommexico.svg\",\"contentUrl\":\"https:\\\/\\\/booksfrommexico.com\\\/app\\\/uploads\\\/2023\\\/05\\\/logo-booksfrommexico.svg\",\"width\":86,\"height\":56,\"caption\":\"Books From Mexico\"},\"image\":{\"@id\":\"https:\\\/\\\/booksfrommexico.com\\\/#\\\/schema\\\/logo\\\/image\\\/\"}}]}<\/script>\n<!-- \/ Yoast SEO plugin. -->","yoast_head_json":{"title":"Autonom\u00eda, pluralismo y certeza en la elecci\u00f3n presidencial 2018","description":"Julio Ju\u00e1rez G\u00e1miz, Carlos Hern\u00e1ndez Alc\u00e1ntara (coordinators). (Colecci\u00f3n Debate y Reflexi\u00f3n). ISBN : 9786073029667 (volumen) ; 9786070297267 (collection).","robots":{"index":"index","follow":"follow","max-snippet":"max-snippet:-1","max-image-preview":"max-image-preview:large","max-video-preview":"max-video-preview:-1"},"canonical":"https:\/\/booksfrommexico.com\/es\/producto\/autonomia-pluralismo-y-certeza-en-la-eleccion-presidencial-2018\/","og_locale":"es_ES","og_type":"article","og_title":"Autonom\u00eda, pluralismo y certeza en la elecci\u00f3n presidencial 2018","og_description":"Julio Ju\u00e1rez G\u00e1miz, Carlos Hern\u00e1ndez Alc\u00e1ntara (coordinators). (Colecci\u00f3n Debate y Reflexi\u00f3n). ISBN : 9786073029667 (volumen) ; 9786070297267 (collection).","og_url":"https:\/\/booksfrommexico.com\/es\/producto\/autonomia-pluralismo-y-certeza-en-la-eleccion-presidencial-2018\/","og_site_name":"Books From Mexico","article_modified_time":"2024-02-15T23:08:55+00:00","og_image":[{"width":488,"height":669,"url":"http:\/\/booksfrommexico.com\/app\/uploads\/2024\/02\/194581.jpeg","type":"image\/jpeg"}],"twitter_card":"summary_large_image","twitter_misc":{"Tiempo de lectura":"1 minuto"},"schema":{"@context":"https:\/\/schema.org","@graph":[{"@type":"WebPage","@id":"https:\/\/booksfrommexico.com\/es\/producto\/autonomia-pluralismo-y-certeza-en-la-eleccion-presidencial-2018\/","url":"https:\/\/booksfrommexico.com\/es\/producto\/autonomia-pluralismo-y-certeza-en-la-eleccion-presidencial-2018\/","name":"Autonom\u00eda, pluralismo y certeza en la elecci\u00f3n presidencial 2018","isPartOf":{"@id":"https:\/\/booksfrommexico.com\/#website"},"primaryImageOfPage":{"@id":"https:\/\/booksfrommexico.com\/es\/producto\/autonomia-pluralismo-y-certeza-en-la-eleccion-presidencial-2018\/#primaryimage"},"image":{"@id":"https:\/\/booksfrommexico.com\/es\/producto\/autonomia-pluralismo-y-certeza-en-la-eleccion-presidencial-2018\/#primaryimage"},"thumbnailUrl":"https:\/\/booksfrommexico.com\/app\/uploads\/2024\/02\/194581.jpeg","datePublished":"2024-02-08T21:44:09+00:00","dateModified":"2024-02-15T23:08:55+00:00","description":"Julio Ju\u00e1rez G\u00e1miz, Carlos Hern\u00e1ndez Alc\u00e1ntara (coordinators). (Colecci\u00f3n Debate y Reflexi\u00f3n). ISBN : 9786073029667 (volumen) ; 9786070297267 (collection).","breadcrumb":{"@id":"https:\/\/booksfrommexico.com\/es\/producto\/autonomia-pluralismo-y-certeza-en-la-eleccion-presidencial-2018\/#breadcrumb"},"inLanguage":"es","potentialAction":[{"@type":"ReadAction","target":["https:\/\/booksfrommexico.com\/es\/producto\/autonomia-pluralismo-y-certeza-en-la-eleccion-presidencial-2018\/"]}]},{"@type":"ImageObject","inLanguage":"es","@id":"https:\/\/booksfrommexico.com\/es\/producto\/autonomia-pluralismo-y-certeza-en-la-eleccion-presidencial-2018\/#primaryimage","url":"https:\/\/booksfrommexico.com\/app\/uploads\/2024\/02\/194581.jpeg","contentUrl":"https:\/\/booksfrommexico.com\/app\/uploads\/2024\/02\/194581.jpeg","width":488,"height":669,"caption":"Autonom\u00eda, pluralismo y certeza en la elecci\u00f3n presidencial 2018"},{"@type":"BreadcrumbList","@id":"https:\/\/booksfrommexico.com\/es\/producto\/autonomia-pluralismo-y-certeza-en-la-eleccion-presidencial-2018\/#breadcrumb","itemListElement":[{"@type":"ListItem","position":1,"name":"Home","item":"https:\/\/booksfrommexico.com\/es\/"},{"@type":"ListItem","position":2,"name":"Libros","item":"https:\/\/booksfrommexico.com\/es\/libros\/"},{"@type":"ListItem","position":3,"name":"Autonom\u00eda, pluralismo y certeza en la elecci\u00f3n presidencial 2018"}]},{"@type":"WebSite","@id":"https:\/\/booksfrommexico.com\/#website","url":"https:\/\/booksfrommexico.com\/","name":"Books From Mexico","description":"","publisher":{"@id":"https:\/\/booksfrommexico.com\/#organization"},"potentialAction":[{"@type":"SearchAction","target":{"@type":"EntryPoint","urlTemplate":"https:\/\/booksfrommexico.com\/?s={search_term_string}"},"query-input":{"@type":"PropertyValueSpecification","valueRequired":true,"valueName":"search_term_string"}}],"inLanguage":"es"},{"@type":"Organization","@id":"https:\/\/booksfrommexico.com\/#organization","name":"Books From Mexico","url":"https:\/\/booksfrommexico.com\/","logo":{"@type":"ImageObject","inLanguage":"es","@id":"https:\/\/booksfrommexico.com\/#\/schema\/logo\/image\/","url":"https:\/\/booksfrommexico.com\/app\/uploads\/2023\/05\/logo-booksfrommexico.svg","contentUrl":"https:\/\/booksfrommexico.com\/app\/uploads\/2023\/05\/logo-booksfrommexico.svg","width":86,"height":56,"caption":"Books From Mexico"},"image":{"@id":"https:\/\/booksfrommexico.com\/#\/schema\/logo\/image\/"}}]}},"_links":{"self":[{"href":"https:\/\/booksfrommexico.com\/es\/wp-json\/wp\/v2\/product\/4791","targetHints":{"allow":["GET"]}}],"collection":[{"href":"https:\/\/booksfrommexico.com\/es\/wp-json\/wp\/v2\/product"}],"about":[{"href":"https:\/\/booksfrommexico.com\/es\/wp-json\/wp\/v2\/types\/product"}],"wp:featuredmedia":[{"embeddable":true,"href":"https:\/\/booksfrommexico.com\/es\/wp-json\/wp\/v2\/media\/4832"}],"wp:attachment":[{"href":"https:\/\/booksfrommexico.com\/es\/wp-json\/wp\/v2\/media?parent=4791"}],"wp:term":[{"taxonomy":"product_brand","embeddable":true,"href":"https:\/\/booksfrommexico.com\/es\/wp-json\/wp\/v2\/product_brand?post=4791"},{"taxonomy":"product_cat","embeddable":true,"href":"https:\/\/booksfrommexico.com\/es\/wp-json\/wp\/v2\/product_cat?post=4791"},{"taxonomy":"product_tag","embeddable":true,"href":"https:\/\/booksfrommexico.com\/es\/wp-json\/wp\/v2\/product_tag?post=4791"}],"curies":[{"name":"wp","href":"https:\/\/api.w.org\/{rel}","templated":true}]}}