{"id":4792,"date":"2024-02-08T21:44:09","date_gmt":"2024-02-08T21:44:09","guid":{"rendered":"https:\/\/booksfrommexico.com\/product\/historia-minima-de-las-relaciones-multilaterales-de-mexico\/"},"modified":"2024-02-15T21:04:36","modified_gmt":"2024-02-15T21:04:36","slug":"historia-minima-de-las-relaciones-multilaterales-de-mexico","status":"publish","type":"product","link":"https:\/\/booksfrommexico.com\/es\/producto\/historia-minima-de-las-relaciones-multilaterales-de-mexico\/","title":{"rendered":"Historia m\u00ednima de las relaciones multilaterales de M\u00e9xico"},"content":{"rendered":"<p><span style=\"font-weight: 400;\">A trav\u00e9s de la diplomacia multilateral, M\u00e9xico ha desarrollado iniciativas y asumido posiciones que causaron cambios remarcables en los principales temas de agenda internacional. De la misma forma, para el entorno geopol\u00edtico inmediato del pa\u00eds, ayud\u00f3 a mitigar asimetr\u00edas en las relaciones interamericanas frente a conflictos surgidos en el continente, poniendo a prueba principios receptores de la pol\u00edtica exterior mexicana. Esta es una revisi\u00f3n de la trayectoria del multilateralismo mexicano, y c\u00f3mo se ha desarrollado debido a la creciente interdependencia de la agenda dom\u00e9stica en materia de medio ambiente, migraci\u00f3n, drogas y seguridad regional.<\/span><\/p>\n","protected":false},"excerpt":{"rendered":"<p>HISTORIA M\u00cdNIMA DE LAS RELACIONES MULTILATERALES DE M\u00c9XICO<b>. <\/b><span style=\"font-weight: 400;\">Claude Heller. Ciudad de M\u00e9xico, M\u00e9xico : El Colegio de M\u00e9xico, 2021. 305 pages : includes bibliography ; 21 cm.\u00a0 (Colecci\u00f3n Historias M\u00ednimas). ISBN : 9786075642345 (Volumen) ; 9786075641737 (complete collection).<\/span><\/p>\n","protected":false},"featured_media":4837,"template":"","meta":{"_acf_changed":false,"inline_featured_image":false},"product_brand":[],"product_cat":[797,78],"product_tag":[3627],"class_list":{"0":"post-4792","1":"product","2":"type-product","3":"status-publish","4":"has-post-thumbnail","6":"product_cat-politica-y-ciencia-politica","7":"product_cat-sociologia","8":"product_tag-politica-y-gobierno","10":"first","11":"instock","12":"taxable","13":"shipping-taxable","14":"purchasable","15":"product-type-simple"},"acf":[],"yoast_head":"<!-- This site is optimized with the Yoast SEO plugin v27.3 - https:\/\/yoast.com\/product\/yoast-seo-wordpress\/ -->\n<title>Historia m\u00ednima de las relaciones multilaterales de M\u00e9xico<\/title>\n<meta name=\"description\" content=\"Claude Heller. Ciudad de M\u00e9xico, M\u00e9xico : El Colegio de M\u00e9xico, 2021. 305 pages : includes bibliography ; 21 cm. (Colecci\u00f3n Historias M\u00ednimas).\" \/>\n<meta name=\"robots\" content=\"index, follow, max-snippet:-1, max-image-preview:large, max-video-preview:-1\" \/>\n<link rel=\"canonical\" href=\"https:\/\/booksfrommexico.com\/es\/producto\/historia-minima-de-las-relaciones-multilaterales-de-mexico\/\" \/>\n<meta property=\"og:locale\" content=\"es_ES\" \/>\n<meta property=\"og:type\" content=\"article\" \/>\n<meta property=\"og:title\" content=\"Historia m\u00ednima de las relaciones multilaterales de M\u00e9xico\" \/>\n<meta property=\"og:description\" content=\"Claude Heller. Ciudad de M\u00e9xico, M\u00e9xico : El Colegio de M\u00e9xico, 2021. 305 pages : includes bibliography ; 21 cm. (Colecci\u00f3n Historias M\u00ednimas).\" \/>\n<meta property=\"og:url\" content=\"https:\/\/booksfrommexico.com\/es\/producto\/historia-minima-de-las-relaciones-multilaterales-de-mexico\/\" \/>\n<meta property=\"og:site_name\" content=\"Books From Mexico\" \/>\n<meta property=\"article:modified_time\" content=\"2024-02-15T21:04:36+00:00\" \/>\n<meta property=\"og:image\" content=\"http:\/\/booksfrommexico.com\/app\/uploads\/2024\/02\/194626.jpeg\" \/>\n\t<meta property=\"og:image:width\" content=\"405\" \/>\n\t<meta property=\"og:image:height\" content=\"615\" \/>\n\t<meta property=\"og:image:type\" content=\"image\/jpeg\" \/>\n<meta name=\"twitter:card\" content=\"summary_large_image\" \/>\n<meta name=\"twitter:label1\" content=\"Tiempo de lectura\" \/>\n\t<meta name=\"twitter:data1\" content=\"1 minuto\" \/>\n<script type=\"application\/ld+json\" class=\"yoast-schema-graph\">{\"@context\":\"https:\\\/\\\/schema.org\",\"@graph\":[{\"@type\":\"WebPage\",\"@id\":\"https:\\\/\\\/booksfrommexico.com\\\/es\\\/producto\\\/historia-minima-de-las-relaciones-multilaterales-de-mexico\\\/\",\"url\":\"https:\\\/\\\/booksfrommexico.com\\\/es\\\/producto\\\/historia-minima-de-las-relaciones-multilaterales-de-mexico\\\/\",\"name\":\"Historia m\u00ednima de las relaciones multilaterales de M\u00e9xico\",\"isPartOf\":{\"@id\":\"https:\\\/\\\/booksfrommexico.com\\\/#website\"},\"primaryImageOfPage\":{\"@id\":\"https:\\\/\\\/booksfrommexico.com\\\/es\\\/producto\\\/historia-minima-de-las-relaciones-multilaterales-de-mexico\\\/#primaryimage\"},\"image\":{\"@id\":\"https:\\\/\\\/booksfrommexico.com\\\/es\\\/producto\\\/historia-minima-de-las-relaciones-multilaterales-de-mexico\\\/#primaryimage\"},\"thumbnailUrl\":\"https:\\\/\\\/booksfrommexico.com\\\/app\\\/uploads\\\/2024\\\/02\\\/194626.jpeg\",\"datePublished\":\"2024-02-08T21:44:09+00:00\",\"dateModified\":\"2024-02-15T21:04:36+00:00\",\"description\":\"Claude Heller. Ciudad de M\u00e9xico, M\u00e9xico : El Colegio de M\u00e9xico, 2021. 305 pages : includes bibliography ; 21 cm. (Colecci\u00f3n Historias M\u00ednimas).\",\"breadcrumb\":{\"@id\":\"https:\\\/\\\/booksfrommexico.com\\\/es\\\/producto\\\/historia-minima-de-las-relaciones-multilaterales-de-mexico\\\/#breadcrumb\"},\"inLanguage\":\"es\",\"potentialAction\":[{\"@type\":\"ReadAction\",\"target\":[\"https:\\\/\\\/booksfrommexico.com\\\/es\\\/producto\\\/historia-minima-de-las-relaciones-multilaterales-de-mexico\\\/\"]}]},{\"@type\":\"ImageObject\",\"inLanguage\":\"es\",\"@id\":\"https:\\\/\\\/booksfrommexico.com\\\/es\\\/producto\\\/historia-minima-de-las-relaciones-multilaterales-de-mexico\\\/#primaryimage\",\"url\":\"https:\\\/\\\/booksfrommexico.com\\\/app\\\/uploads\\\/2024\\\/02\\\/194626.jpeg\",\"contentUrl\":\"https:\\\/\\\/booksfrommexico.com\\\/app\\\/uploads\\\/2024\\\/02\\\/194626.jpeg\",\"width\":405,\"height\":615,\"caption\":\"Historia m\u00ednima de las relaciones multilaterales de M\u00e9xico\"},{\"@type\":\"BreadcrumbList\",\"@id\":\"https:\\\/\\\/booksfrommexico.com\\\/es\\\/producto\\\/historia-minima-de-las-relaciones-multilaterales-de-mexico\\\/#breadcrumb\",\"itemListElement\":[{\"@type\":\"ListItem\",\"position\":1,\"name\":\"Home\",\"item\":\"https:\\\/\\\/booksfrommexico.com\\\/es\\\/\"},{\"@type\":\"ListItem\",\"position\":2,\"name\":\"Libros\",\"item\":\"https:\\\/\\\/booksfrommexico.com\\\/es\\\/libros\\\/\"},{\"@type\":\"ListItem\",\"position\":3,\"name\":\"Historia m\u00ednima de las relaciones multilaterales de M\u00e9xico\"}]},{\"@type\":\"WebSite\",\"@id\":\"https:\\\/\\\/booksfrommexico.com\\\/#website\",\"url\":\"https:\\\/\\\/booksfrommexico.com\\\/\",\"name\":\"Books From Mexico\",\"description\":\"\",\"publisher\":{\"@id\":\"https:\\\/\\\/booksfrommexico.com\\\/#organization\"},\"potentialAction\":[{\"@type\":\"SearchAction\",\"target\":{\"@type\":\"EntryPoint\",\"urlTemplate\":\"https:\\\/\\\/booksfrommexico.com\\\/?s={search_term_string}\"},\"query-input\":{\"@type\":\"PropertyValueSpecification\",\"valueRequired\":true,\"valueName\":\"search_term_string\"}}],\"inLanguage\":\"es\"},{\"@type\":\"Organization\",\"@id\":\"https:\\\/\\\/booksfrommexico.com\\\/#organization\",\"name\":\"Books From Mexico\",\"url\":\"https:\\\/\\\/booksfrommexico.com\\\/\",\"logo\":{\"@type\":\"ImageObject\",\"inLanguage\":\"es\",\"@id\":\"https:\\\/\\\/booksfrommexico.com\\\/#\\\/schema\\\/logo\\\/image\\\/\",\"url\":\"https:\\\/\\\/booksfrommexico.com\\\/app\\\/uploads\\\/2023\\\/05\\\/logo-booksfrommexico.svg\",\"contentUrl\":\"https:\\\/\\\/booksfrommexico.com\\\/app\\\/uploads\\\/2023\\\/05\\\/logo-booksfrommexico.svg\",\"width\":86,\"height\":56,\"caption\":\"Books From Mexico\"},\"image\":{\"@id\":\"https:\\\/\\\/booksfrommexico.com\\\/#\\\/schema\\\/logo\\\/image\\\/\"}}]}<\/script>\n<!-- \/ Yoast SEO plugin. -->","yoast_head_json":{"title":"Historia m\u00ednima de las relaciones multilaterales de M\u00e9xico","description":"Claude Heller. Ciudad de M\u00e9xico, M\u00e9xico : El Colegio de M\u00e9xico, 2021. 305 pages : includes bibliography ; 21 cm. (Colecci\u00f3n Historias M\u00ednimas).","robots":{"index":"index","follow":"follow","max-snippet":"max-snippet:-1","max-image-preview":"max-image-preview:large","max-video-preview":"max-video-preview:-1"},"canonical":"https:\/\/booksfrommexico.com\/es\/producto\/historia-minima-de-las-relaciones-multilaterales-de-mexico\/","og_locale":"es_ES","og_type":"article","og_title":"Historia m\u00ednima de las relaciones multilaterales de M\u00e9xico","og_description":"Claude Heller. Ciudad de M\u00e9xico, M\u00e9xico : El Colegio de M\u00e9xico, 2021. 305 pages : includes bibliography ; 21 cm. (Colecci\u00f3n Historias M\u00ednimas).","og_url":"https:\/\/booksfrommexico.com\/es\/producto\/historia-minima-de-las-relaciones-multilaterales-de-mexico\/","og_site_name":"Books From Mexico","article_modified_time":"2024-02-15T21:04:36+00:00","og_image":[{"width":405,"height":615,"url":"http:\/\/booksfrommexico.com\/app\/uploads\/2024\/02\/194626.jpeg","type":"image\/jpeg"}],"twitter_card":"summary_large_image","twitter_misc":{"Tiempo de lectura":"1 minuto"},"schema":{"@context":"https:\/\/schema.org","@graph":[{"@type":"WebPage","@id":"https:\/\/booksfrommexico.com\/es\/producto\/historia-minima-de-las-relaciones-multilaterales-de-mexico\/","url":"https:\/\/booksfrommexico.com\/es\/producto\/historia-minima-de-las-relaciones-multilaterales-de-mexico\/","name":"Historia m\u00ednima de las relaciones multilaterales de M\u00e9xico","isPartOf":{"@id":"https:\/\/booksfrommexico.com\/#website"},"primaryImageOfPage":{"@id":"https:\/\/booksfrommexico.com\/es\/producto\/historia-minima-de-las-relaciones-multilaterales-de-mexico\/#primaryimage"},"image":{"@id":"https:\/\/booksfrommexico.com\/es\/producto\/historia-minima-de-las-relaciones-multilaterales-de-mexico\/#primaryimage"},"thumbnailUrl":"https:\/\/booksfrommexico.com\/app\/uploads\/2024\/02\/194626.jpeg","datePublished":"2024-02-08T21:44:09+00:00","dateModified":"2024-02-15T21:04:36+00:00","description":"Claude Heller. Ciudad de M\u00e9xico, M\u00e9xico : El Colegio de M\u00e9xico, 2021. 305 pages : includes bibliography ; 21 cm. (Colecci\u00f3n Historias M\u00ednimas).","breadcrumb":{"@id":"https:\/\/booksfrommexico.com\/es\/producto\/historia-minima-de-las-relaciones-multilaterales-de-mexico\/#breadcrumb"},"inLanguage":"es","potentialAction":[{"@type":"ReadAction","target":["https:\/\/booksfrommexico.com\/es\/producto\/historia-minima-de-las-relaciones-multilaterales-de-mexico\/"]}]},{"@type":"ImageObject","inLanguage":"es","@id":"https:\/\/booksfrommexico.com\/es\/producto\/historia-minima-de-las-relaciones-multilaterales-de-mexico\/#primaryimage","url":"https:\/\/booksfrommexico.com\/app\/uploads\/2024\/02\/194626.jpeg","contentUrl":"https:\/\/booksfrommexico.com\/app\/uploads\/2024\/02\/194626.jpeg","width":405,"height":615,"caption":"Historia m\u00ednima de las relaciones multilaterales de M\u00e9xico"},{"@type":"BreadcrumbList","@id":"https:\/\/booksfrommexico.com\/es\/producto\/historia-minima-de-las-relaciones-multilaterales-de-mexico\/#breadcrumb","itemListElement":[{"@type":"ListItem","position":1,"name":"Home","item":"https:\/\/booksfrommexico.com\/es\/"},{"@type":"ListItem","position":2,"name":"Libros","item":"https:\/\/booksfrommexico.com\/es\/libros\/"},{"@type":"ListItem","position":3,"name":"Historia m\u00ednima de las relaciones multilaterales de M\u00e9xico"}]},{"@type":"WebSite","@id":"https:\/\/booksfrommexico.com\/#website","url":"https:\/\/booksfrommexico.com\/","name":"Books From Mexico","description":"","publisher":{"@id":"https:\/\/booksfrommexico.com\/#organization"},"potentialAction":[{"@type":"SearchAction","target":{"@type":"EntryPoint","urlTemplate":"https:\/\/booksfrommexico.com\/?s={search_term_string}"},"query-input":{"@type":"PropertyValueSpecification","valueRequired":true,"valueName":"search_term_string"}}],"inLanguage":"es"},{"@type":"Organization","@id":"https:\/\/booksfrommexico.com\/#organization","name":"Books From Mexico","url":"https:\/\/booksfrommexico.com\/","logo":{"@type":"ImageObject","inLanguage":"es","@id":"https:\/\/booksfrommexico.com\/#\/schema\/logo\/image\/","url":"https:\/\/booksfrommexico.com\/app\/uploads\/2023\/05\/logo-booksfrommexico.svg","contentUrl":"https:\/\/booksfrommexico.com\/app\/uploads\/2023\/05\/logo-booksfrommexico.svg","width":86,"height":56,"caption":"Books From Mexico"},"image":{"@id":"https:\/\/booksfrommexico.com\/#\/schema\/logo\/image\/"}}]}},"_links":{"self":[{"href":"https:\/\/booksfrommexico.com\/es\/wp-json\/wp\/v2\/product\/4792","targetHints":{"allow":["GET"]}}],"collection":[{"href":"https:\/\/booksfrommexico.com\/es\/wp-json\/wp\/v2\/product"}],"about":[{"href":"https:\/\/booksfrommexico.com\/es\/wp-json\/wp\/v2\/types\/product"}],"wp:featuredmedia":[{"embeddable":true,"href":"https:\/\/booksfrommexico.com\/es\/wp-json\/wp\/v2\/media\/4837"}],"wp:attachment":[{"href":"https:\/\/booksfrommexico.com\/es\/wp-json\/wp\/v2\/media?parent=4792"}],"wp:term":[{"taxonomy":"product_brand","embeddable":true,"href":"https:\/\/booksfrommexico.com\/es\/wp-json\/wp\/v2\/product_brand?post=4792"},{"taxonomy":"product_cat","embeddable":true,"href":"https:\/\/booksfrommexico.com\/es\/wp-json\/wp\/v2\/product_cat?post=4792"},{"taxonomy":"product_tag","embeddable":true,"href":"https:\/\/booksfrommexico.com\/es\/wp-json\/wp\/v2\/product_tag?post=4792"}],"curies":[{"name":"wp","href":"https:\/\/api.w.org\/{rel}","templated":true}]}}