{"id":4793,"date":"2024-02-08T21:44:10","date_gmt":"2024-02-08T21:44:10","guid":{"rendered":"https:\/\/booksfrommexico.com\/product\/disperso\/"},"modified":"2024-02-15T20:28:02","modified_gmt":"2024-02-15T20:28:02","slug":"disperso","status":"publish","type":"product","link":"https:\/\/booksfrommexico.com\/es\/producto\/disperso\/","title":{"rendered":"Disperso"},"content":{"rendered":"<p><span style=\"font-weight: 400;\">Partiendo de los sin\u00f3nimos de la palabra \u201cdisperso\u201d, el autor explica el motivo de nombrar as\u00ed a esta recopilaci\u00f3n de 63 poemas que surgen precisamente de esto: el estado de un autor de poes\u00eda. Contradiciendo la idea de que los poetas constantemente viven \u201cen la luna\u201d, sino que m\u00e1s bien viven dispersos, se expone el n\u00facleo de estos poemas, exaltando adjetivos como incoherente, suelto, esparcido o espaciado. Dividido en tres partes y acompa\u00f1ado de algunas citas de otros autores de poes\u00eda, ofreciendo un viaje en el r\u00edo de pensamiento de este poeta.<\/span><\/p>\n","protected":false},"excerpt":{"rendered":"<p>DISPERSO. <span style=\"font-weight: 400;\">\/ Eduardo Zambrano. Nuevo Le\u00f3n, M\u00e9xico : Universidad Aut\u00f3noma de Nuevo Le\u00f3n , Editorial Universitaria UANL, 2021. 87 pages : includes quotes ; 21 cm. ISBN :\u00a0 9786072714458.<\/span><\/p>\n","protected":false},"featured_media":4842,"template":"","meta":{"_acf_changed":false,"inline_featured_image":false},"product_brand":[],"product_cat":[25,32],"product_tag":[4124,4115],"class_list":{"0":"post-4793","1":"product","2":"type-product","3":"status-publish","4":"has-post-thumbnail","6":"product_cat-literatura","7":"product_cat-poesia-literatura","8":"product_tag-literatura-es","9":"product_tag-poesia-es","11":"first","12":"instock","13":"taxable","14":"shipping-taxable","15":"purchasable","16":"product-type-simple"},"acf":[],"yoast_head":"<!-- This site is optimized with the Yoast SEO plugin v27.3 - https:\/\/yoast.com\/product\/yoast-seo-wordpress\/ -->\n<title>Disperso<\/title>\n<meta name=\"description\" content=\"Eduardo Zambrano. Nuevo Le\u00f3n, M\u00e9xico : Universidad Aut\u00f3noma de Nuevo Le\u00f3n , Editorial Universitaria UANL, 2021. ISBN : 9786072714458.\" \/>\n<meta name=\"robots\" content=\"index, follow, max-snippet:-1, max-image-preview:large, max-video-preview:-1\" \/>\n<link rel=\"canonical\" href=\"https:\/\/booksfrommexico.com\/es\/producto\/disperso\/\" \/>\n<meta property=\"og:locale\" content=\"es_ES\" \/>\n<meta property=\"og:type\" content=\"article\" \/>\n<meta property=\"og:title\" content=\"Disperso\" \/>\n<meta property=\"og:description\" content=\"Eduardo Zambrano. Nuevo Le\u00f3n, M\u00e9xico : Universidad Aut\u00f3noma de Nuevo Le\u00f3n , Editorial Universitaria UANL, 2021. ISBN : 9786072714458.\" \/>\n<meta property=\"og:url\" content=\"https:\/\/booksfrommexico.com\/es\/producto\/disperso\/\" \/>\n<meta property=\"og:site_name\" content=\"Books From Mexico\" \/>\n<meta property=\"article:modified_time\" content=\"2024-02-15T20:28:02+00:00\" \/>\n<meta property=\"og:image\" content=\"http:\/\/booksfrommexico.com\/app\/uploads\/2024\/02\/194678.jpeg\" \/>\n\t<meta property=\"og:image:width\" content=\"394\" \/>\n\t<meta property=\"og:image:height\" content=\"605\" \/>\n\t<meta property=\"og:image:type\" content=\"image\/jpeg\" \/>\n<meta name=\"twitter:card\" content=\"summary_large_image\" \/>\n<meta name=\"twitter:label1\" content=\"Tiempo de lectura\" \/>\n\t<meta name=\"twitter:data1\" content=\"1 minuto\" \/>\n<script type=\"application\/ld+json\" class=\"yoast-schema-graph\">{\"@context\":\"https:\\\/\\\/schema.org\",\"@graph\":[{\"@type\":\"WebPage\",\"@id\":\"https:\\\/\\\/booksfrommexico.com\\\/es\\\/producto\\\/disperso\\\/\",\"url\":\"https:\\\/\\\/booksfrommexico.com\\\/es\\\/producto\\\/disperso\\\/\",\"name\":\"Disperso\",\"isPartOf\":{\"@id\":\"https:\\\/\\\/booksfrommexico.com\\\/#website\"},\"primaryImageOfPage\":{\"@id\":\"https:\\\/\\\/booksfrommexico.com\\\/es\\\/producto\\\/disperso\\\/#primaryimage\"},\"image\":{\"@id\":\"https:\\\/\\\/booksfrommexico.com\\\/es\\\/producto\\\/disperso\\\/#primaryimage\"},\"thumbnailUrl\":\"https:\\\/\\\/booksfrommexico.com\\\/app\\\/uploads\\\/2024\\\/02\\\/194678.jpeg\",\"datePublished\":\"2024-02-08T21:44:10+00:00\",\"dateModified\":\"2024-02-15T20:28:02+00:00\",\"description\":\"Eduardo Zambrano. Nuevo Le\u00f3n, M\u00e9xico : Universidad Aut\u00f3noma de Nuevo Le\u00f3n , Editorial Universitaria UANL, 2021. ISBN : 9786072714458.\",\"breadcrumb\":{\"@id\":\"https:\\\/\\\/booksfrommexico.com\\\/es\\\/producto\\\/disperso\\\/#breadcrumb\"},\"inLanguage\":\"es\",\"potentialAction\":[{\"@type\":\"ReadAction\",\"target\":[\"https:\\\/\\\/booksfrommexico.com\\\/es\\\/producto\\\/disperso\\\/\"]}]},{\"@type\":\"ImageObject\",\"inLanguage\":\"es\",\"@id\":\"https:\\\/\\\/booksfrommexico.com\\\/es\\\/producto\\\/disperso\\\/#primaryimage\",\"url\":\"https:\\\/\\\/booksfrommexico.com\\\/app\\\/uploads\\\/2024\\\/02\\\/194678.jpeg\",\"contentUrl\":\"https:\\\/\\\/booksfrommexico.com\\\/app\\\/uploads\\\/2024\\\/02\\\/194678.jpeg\",\"width\":394,\"height\":605,\"caption\":\"Disperso\"},{\"@type\":\"BreadcrumbList\",\"@id\":\"https:\\\/\\\/booksfrommexico.com\\\/es\\\/producto\\\/disperso\\\/#breadcrumb\",\"itemListElement\":[{\"@type\":\"ListItem\",\"position\":1,\"name\":\"Home\",\"item\":\"https:\\\/\\\/booksfrommexico.com\\\/es\\\/\"},{\"@type\":\"ListItem\",\"position\":2,\"name\":\"Libros\",\"item\":\"https:\\\/\\\/booksfrommexico.com\\\/es\\\/libros\\\/\"},{\"@type\":\"ListItem\",\"position\":3,\"name\":\"Disperso\"}]},{\"@type\":\"WebSite\",\"@id\":\"https:\\\/\\\/booksfrommexico.com\\\/#website\",\"url\":\"https:\\\/\\\/booksfrommexico.com\\\/\",\"name\":\"Books From Mexico\",\"description\":\"\",\"publisher\":{\"@id\":\"https:\\\/\\\/booksfrommexico.com\\\/#organization\"},\"potentialAction\":[{\"@type\":\"SearchAction\",\"target\":{\"@type\":\"EntryPoint\",\"urlTemplate\":\"https:\\\/\\\/booksfrommexico.com\\\/?s={search_term_string}\"},\"query-input\":{\"@type\":\"PropertyValueSpecification\",\"valueRequired\":true,\"valueName\":\"search_term_string\"}}],\"inLanguage\":\"es\"},{\"@type\":\"Organization\",\"@id\":\"https:\\\/\\\/booksfrommexico.com\\\/#organization\",\"name\":\"Books From Mexico\",\"url\":\"https:\\\/\\\/booksfrommexico.com\\\/\",\"logo\":{\"@type\":\"ImageObject\",\"inLanguage\":\"es\",\"@id\":\"https:\\\/\\\/booksfrommexico.com\\\/#\\\/schema\\\/logo\\\/image\\\/\",\"url\":\"https:\\\/\\\/booksfrommexico.com\\\/app\\\/uploads\\\/2023\\\/05\\\/logo-booksfrommexico.svg\",\"contentUrl\":\"https:\\\/\\\/booksfrommexico.com\\\/app\\\/uploads\\\/2023\\\/05\\\/logo-booksfrommexico.svg\",\"width\":86,\"height\":56,\"caption\":\"Books From Mexico\"},\"image\":{\"@id\":\"https:\\\/\\\/booksfrommexico.com\\\/#\\\/schema\\\/logo\\\/image\\\/\"}}]}<\/script>\n<!-- \/ Yoast SEO plugin. -->","yoast_head_json":{"title":"Disperso","description":"Eduardo Zambrano. Nuevo Le\u00f3n, M\u00e9xico : Universidad Aut\u00f3noma de Nuevo Le\u00f3n , Editorial Universitaria UANL, 2021. ISBN : 9786072714458.","robots":{"index":"index","follow":"follow","max-snippet":"max-snippet:-1","max-image-preview":"max-image-preview:large","max-video-preview":"max-video-preview:-1"},"canonical":"https:\/\/booksfrommexico.com\/es\/producto\/disperso\/","og_locale":"es_ES","og_type":"article","og_title":"Disperso","og_description":"Eduardo Zambrano. Nuevo Le\u00f3n, M\u00e9xico : Universidad Aut\u00f3noma de Nuevo Le\u00f3n , Editorial Universitaria UANL, 2021. ISBN : 9786072714458.","og_url":"https:\/\/booksfrommexico.com\/es\/producto\/disperso\/","og_site_name":"Books From Mexico","article_modified_time":"2024-02-15T20:28:02+00:00","og_image":[{"width":394,"height":605,"url":"http:\/\/booksfrommexico.com\/app\/uploads\/2024\/02\/194678.jpeg","type":"image\/jpeg"}],"twitter_card":"summary_large_image","twitter_misc":{"Tiempo de lectura":"1 minuto"},"schema":{"@context":"https:\/\/schema.org","@graph":[{"@type":"WebPage","@id":"https:\/\/booksfrommexico.com\/es\/producto\/disperso\/","url":"https:\/\/booksfrommexico.com\/es\/producto\/disperso\/","name":"Disperso","isPartOf":{"@id":"https:\/\/booksfrommexico.com\/#website"},"primaryImageOfPage":{"@id":"https:\/\/booksfrommexico.com\/es\/producto\/disperso\/#primaryimage"},"image":{"@id":"https:\/\/booksfrommexico.com\/es\/producto\/disperso\/#primaryimage"},"thumbnailUrl":"https:\/\/booksfrommexico.com\/app\/uploads\/2024\/02\/194678.jpeg","datePublished":"2024-02-08T21:44:10+00:00","dateModified":"2024-02-15T20:28:02+00:00","description":"Eduardo Zambrano. Nuevo Le\u00f3n, M\u00e9xico : Universidad Aut\u00f3noma de Nuevo Le\u00f3n , Editorial Universitaria UANL, 2021. ISBN : 9786072714458.","breadcrumb":{"@id":"https:\/\/booksfrommexico.com\/es\/producto\/disperso\/#breadcrumb"},"inLanguage":"es","potentialAction":[{"@type":"ReadAction","target":["https:\/\/booksfrommexico.com\/es\/producto\/disperso\/"]}]},{"@type":"ImageObject","inLanguage":"es","@id":"https:\/\/booksfrommexico.com\/es\/producto\/disperso\/#primaryimage","url":"https:\/\/booksfrommexico.com\/app\/uploads\/2024\/02\/194678.jpeg","contentUrl":"https:\/\/booksfrommexico.com\/app\/uploads\/2024\/02\/194678.jpeg","width":394,"height":605,"caption":"Disperso"},{"@type":"BreadcrumbList","@id":"https:\/\/booksfrommexico.com\/es\/producto\/disperso\/#breadcrumb","itemListElement":[{"@type":"ListItem","position":1,"name":"Home","item":"https:\/\/booksfrommexico.com\/es\/"},{"@type":"ListItem","position":2,"name":"Libros","item":"https:\/\/booksfrommexico.com\/es\/libros\/"},{"@type":"ListItem","position":3,"name":"Disperso"}]},{"@type":"WebSite","@id":"https:\/\/booksfrommexico.com\/#website","url":"https:\/\/booksfrommexico.com\/","name":"Books From Mexico","description":"","publisher":{"@id":"https:\/\/booksfrommexico.com\/#organization"},"potentialAction":[{"@type":"SearchAction","target":{"@type":"EntryPoint","urlTemplate":"https:\/\/booksfrommexico.com\/?s={search_term_string}"},"query-input":{"@type":"PropertyValueSpecification","valueRequired":true,"valueName":"search_term_string"}}],"inLanguage":"es"},{"@type":"Organization","@id":"https:\/\/booksfrommexico.com\/#organization","name":"Books From Mexico","url":"https:\/\/booksfrommexico.com\/","logo":{"@type":"ImageObject","inLanguage":"es","@id":"https:\/\/booksfrommexico.com\/#\/schema\/logo\/image\/","url":"https:\/\/booksfrommexico.com\/app\/uploads\/2023\/05\/logo-booksfrommexico.svg","contentUrl":"https:\/\/booksfrommexico.com\/app\/uploads\/2023\/05\/logo-booksfrommexico.svg","width":86,"height":56,"caption":"Books From Mexico"},"image":{"@id":"https:\/\/booksfrommexico.com\/#\/schema\/logo\/image\/"}}]}},"_links":{"self":[{"href":"https:\/\/booksfrommexico.com\/es\/wp-json\/wp\/v2\/product\/4793","targetHints":{"allow":["GET"]}}],"collection":[{"href":"https:\/\/booksfrommexico.com\/es\/wp-json\/wp\/v2\/product"}],"about":[{"href":"https:\/\/booksfrommexico.com\/es\/wp-json\/wp\/v2\/types\/product"}],"wp:featuredmedia":[{"embeddable":true,"href":"https:\/\/booksfrommexico.com\/es\/wp-json\/wp\/v2\/media\/4842"}],"wp:attachment":[{"href":"https:\/\/booksfrommexico.com\/es\/wp-json\/wp\/v2\/media?parent=4793"}],"wp:term":[{"taxonomy":"product_brand","embeddable":true,"href":"https:\/\/booksfrommexico.com\/es\/wp-json\/wp\/v2\/product_brand?post=4793"},{"taxonomy":"product_cat","embeddable":true,"href":"https:\/\/booksfrommexico.com\/es\/wp-json\/wp\/v2\/product_cat?post=4793"},{"taxonomy":"product_tag","embeddable":true,"href":"https:\/\/booksfrommexico.com\/es\/wp-json\/wp\/v2\/product_tag?post=4793"}],"curies":[{"name":"wp","href":"https:\/\/api.w.org\/{rel}","templated":true}]}}