{"id":4795,"date":"2024-02-08T21:44:10","date_gmt":"2024-02-08T21:44:10","guid":{"rendered":"https:\/\/booksfrommexico.com\/product\/la-piel-que-se-escabulle\/"},"modified":"2024-02-15T21:26:55","modified_gmt":"2024-02-15T21:26:55","slug":"la-piel-que-se-escabulle","status":"publish","type":"product","link":"https:\/\/booksfrommexico.com\/es\/producto\/la-piel-que-se-escabulle\/","title":{"rendered":"La piel que se escabulle"},"content":{"rendered":"<p><span style=\"font-weight: 400;\">Ganadora del primer Concurso Universitario de Literatura \u201cHoracio Z\u00fa\u00f1iga Anaya\u201d de la Universidad Aut\u00f3noma del Estado de M\u00e9xico en la categor\u00eda de poes\u00eda, Michelle G\u00f3mez \u00c1lvarez presenta un poemario con una prosa amena y unos versos cargados de significado. Elegida entre numerosos participantes del concurso que tuvo como jurados a Josemar\u00eda Camacho, Mar\u00eda Esther N\u00fa\u00f1ez y Gerardo Sifuentes, la autora encuentra la inspiraci\u00f3n en la naturaleza, los dioses griegos y los conceptos sobre lo que es la vida, resaltando lo oscuro, lo maravilloso y lo bello en lo m\u00e1s sencillo.\u00a0<\/span><\/p>\n","protected":false},"excerpt":{"rendered":"<p>LA PIEL QUE SE ESCABULLE. <span style=\"font-weight: 400;\">\/ Michelle G\u00f3mez \u00c1lvarez. Estado de M\u00e9xico, M\u00e9xico : Universidad Aut\u00f3noma del Estado de M\u00e9xico , Direcci\u00f3n de Publicaciones Universitarias , Editorial de la Universidad Aut\u00f3noma del Estado de M\u00e9xico , Primer Concurso de Literatura \u201cHoracio Z\u00fa\u00f1iga Anaya\u201d 2020, 2021. 70 pages ; 18 cm. ISBN : 9786076332795. <\/span><\/p>\n","protected":false},"featured_media":4849,"template":"","meta":{"_acf_changed":false,"inline_featured_image":false},"product_brand":[],"product_cat":[25,32],"product_tag":[4115,3598],"class_list":{"0":"post-4795","1":"product","2":"type-product","3":"status-publish","4":"has-post-thumbnail","6":"product_cat-literatura","7":"product_cat-poesia-literatura","8":"product_tag-poesia-es","9":"product_tag-poesia-mexicana","11":"first","12":"instock","13":"taxable","14":"shipping-taxable","15":"purchasable","16":"product-type-simple"},"acf":[],"yoast_head":"<!-- This site is optimized with the Yoast SEO plugin v27.3 - https:\/\/yoast.com\/product\/yoast-seo-wordpress\/ -->\n<title>La piel que se escabulle<\/title>\n<meta name=\"description\" content=\"Michelle G\u00f3mez \u00c1lvarez. Universidad Aut\u00f3noma del Estado de M\u00e9xico , Primer Concurso de Literatura \u201cHoracio Z\u00fa\u00f1iga Anaya\u201d 2020, 2021.\" \/>\n<meta name=\"robots\" content=\"index, follow, max-snippet:-1, max-image-preview:large, max-video-preview:-1\" \/>\n<link rel=\"canonical\" href=\"https:\/\/booksfrommexico.com\/es\/producto\/la-piel-que-se-escabulle\/\" \/>\n<meta property=\"og:locale\" content=\"es_ES\" \/>\n<meta property=\"og:type\" content=\"article\" \/>\n<meta property=\"og:title\" content=\"La piel que se escabulle\" \/>\n<meta property=\"og:description\" content=\"Michelle G\u00f3mez \u00c1lvarez. Universidad Aut\u00f3noma del Estado de M\u00e9xico , Primer Concurso de Literatura \u201cHoracio Z\u00fa\u00f1iga Anaya\u201d 2020, 2021.\" \/>\n<meta property=\"og:url\" content=\"https:\/\/booksfrommexico.com\/es\/producto\/la-piel-que-se-escabulle\/\" \/>\n<meta property=\"og:site_name\" content=\"Books From Mexico\" \/>\n<meta property=\"article:modified_time\" content=\"2024-02-15T21:26:55+00:00\" \/>\n<meta property=\"og:image\" content=\"http:\/\/booksfrommexico.com\/app\/uploads\/2024\/02\/194773.jpeg\" \/>\n\t<meta property=\"og:image:width\" content=\"352\" \/>\n\t<meta property=\"og:image:height\" content=\"528\" \/>\n\t<meta property=\"og:image:type\" content=\"image\/jpeg\" \/>\n<meta name=\"twitter:card\" content=\"summary_large_image\" \/>\n<meta name=\"twitter:label1\" content=\"Tiempo de lectura\" \/>\n\t<meta name=\"twitter:data1\" content=\"1 minuto\" \/>\n<script type=\"application\/ld+json\" class=\"yoast-schema-graph\">{\"@context\":\"https:\\\/\\\/schema.org\",\"@graph\":[{\"@type\":\"WebPage\",\"@id\":\"https:\\\/\\\/booksfrommexico.com\\\/es\\\/producto\\\/la-piel-que-se-escabulle\\\/\",\"url\":\"https:\\\/\\\/booksfrommexico.com\\\/es\\\/producto\\\/la-piel-que-se-escabulle\\\/\",\"name\":\"La piel que se escabulle\",\"isPartOf\":{\"@id\":\"https:\\\/\\\/booksfrommexico.com\\\/#website\"},\"primaryImageOfPage\":{\"@id\":\"https:\\\/\\\/booksfrommexico.com\\\/es\\\/producto\\\/la-piel-que-se-escabulle\\\/#primaryimage\"},\"image\":{\"@id\":\"https:\\\/\\\/booksfrommexico.com\\\/es\\\/producto\\\/la-piel-que-se-escabulle\\\/#primaryimage\"},\"thumbnailUrl\":\"https:\\\/\\\/booksfrommexico.com\\\/app\\\/uploads\\\/2024\\\/02\\\/194773.jpeg\",\"datePublished\":\"2024-02-08T21:44:10+00:00\",\"dateModified\":\"2024-02-15T21:26:55+00:00\",\"description\":\"Michelle G\u00f3mez \u00c1lvarez. Universidad Aut\u00f3noma del Estado de M\u00e9xico , Primer Concurso de Literatura \u201cHoracio Z\u00fa\u00f1iga Anaya\u201d 2020, 2021.\",\"breadcrumb\":{\"@id\":\"https:\\\/\\\/booksfrommexico.com\\\/es\\\/producto\\\/la-piel-que-se-escabulle\\\/#breadcrumb\"},\"inLanguage\":\"es\",\"potentialAction\":[{\"@type\":\"ReadAction\",\"target\":[\"https:\\\/\\\/booksfrommexico.com\\\/es\\\/producto\\\/la-piel-que-se-escabulle\\\/\"]}]},{\"@type\":\"ImageObject\",\"inLanguage\":\"es\",\"@id\":\"https:\\\/\\\/booksfrommexico.com\\\/es\\\/producto\\\/la-piel-que-se-escabulle\\\/#primaryimage\",\"url\":\"https:\\\/\\\/booksfrommexico.com\\\/app\\\/uploads\\\/2024\\\/02\\\/194773.jpeg\",\"contentUrl\":\"https:\\\/\\\/booksfrommexico.com\\\/app\\\/uploads\\\/2024\\\/02\\\/194773.jpeg\",\"width\":352,\"height\":528,\"caption\":\"La piel que se escabulle\"},{\"@type\":\"BreadcrumbList\",\"@id\":\"https:\\\/\\\/booksfrommexico.com\\\/es\\\/producto\\\/la-piel-que-se-escabulle\\\/#breadcrumb\",\"itemListElement\":[{\"@type\":\"ListItem\",\"position\":1,\"name\":\"Home\",\"item\":\"https:\\\/\\\/booksfrommexico.com\\\/es\\\/\"},{\"@type\":\"ListItem\",\"position\":2,\"name\":\"Libros\",\"item\":\"https:\\\/\\\/booksfrommexico.com\\\/es\\\/libros\\\/\"},{\"@type\":\"ListItem\",\"position\":3,\"name\":\"La piel que se escabulle\"}]},{\"@type\":\"WebSite\",\"@id\":\"https:\\\/\\\/booksfrommexico.com\\\/#website\",\"url\":\"https:\\\/\\\/booksfrommexico.com\\\/\",\"name\":\"Books From Mexico\",\"description\":\"\",\"publisher\":{\"@id\":\"https:\\\/\\\/booksfrommexico.com\\\/#organization\"},\"potentialAction\":[{\"@type\":\"SearchAction\",\"target\":{\"@type\":\"EntryPoint\",\"urlTemplate\":\"https:\\\/\\\/booksfrommexico.com\\\/?s={search_term_string}\"},\"query-input\":{\"@type\":\"PropertyValueSpecification\",\"valueRequired\":true,\"valueName\":\"search_term_string\"}}],\"inLanguage\":\"es\"},{\"@type\":\"Organization\",\"@id\":\"https:\\\/\\\/booksfrommexico.com\\\/#organization\",\"name\":\"Books From Mexico\",\"url\":\"https:\\\/\\\/booksfrommexico.com\\\/\",\"logo\":{\"@type\":\"ImageObject\",\"inLanguage\":\"es\",\"@id\":\"https:\\\/\\\/booksfrommexico.com\\\/#\\\/schema\\\/logo\\\/image\\\/\",\"url\":\"https:\\\/\\\/booksfrommexico.com\\\/app\\\/uploads\\\/2023\\\/05\\\/logo-booksfrommexico.svg\",\"contentUrl\":\"https:\\\/\\\/booksfrommexico.com\\\/app\\\/uploads\\\/2023\\\/05\\\/logo-booksfrommexico.svg\",\"width\":86,\"height\":56,\"caption\":\"Books From Mexico\"},\"image\":{\"@id\":\"https:\\\/\\\/booksfrommexico.com\\\/#\\\/schema\\\/logo\\\/image\\\/\"}}]}<\/script>\n<!-- \/ Yoast SEO plugin. -->","yoast_head_json":{"title":"La piel que se escabulle","description":"Michelle G\u00f3mez \u00c1lvarez. Universidad Aut\u00f3noma del Estado de M\u00e9xico , Primer Concurso de Literatura \u201cHoracio Z\u00fa\u00f1iga Anaya\u201d 2020, 2021.","robots":{"index":"index","follow":"follow","max-snippet":"max-snippet:-1","max-image-preview":"max-image-preview:large","max-video-preview":"max-video-preview:-1"},"canonical":"https:\/\/booksfrommexico.com\/es\/producto\/la-piel-que-se-escabulle\/","og_locale":"es_ES","og_type":"article","og_title":"La piel que se escabulle","og_description":"Michelle G\u00f3mez \u00c1lvarez. Universidad Aut\u00f3noma del Estado de M\u00e9xico , Primer Concurso de Literatura \u201cHoracio Z\u00fa\u00f1iga Anaya\u201d 2020, 2021.","og_url":"https:\/\/booksfrommexico.com\/es\/producto\/la-piel-que-se-escabulle\/","og_site_name":"Books From Mexico","article_modified_time":"2024-02-15T21:26:55+00:00","og_image":[{"width":352,"height":528,"url":"http:\/\/booksfrommexico.com\/app\/uploads\/2024\/02\/194773.jpeg","type":"image\/jpeg"}],"twitter_card":"summary_large_image","twitter_misc":{"Tiempo de lectura":"1 minuto"},"schema":{"@context":"https:\/\/schema.org","@graph":[{"@type":"WebPage","@id":"https:\/\/booksfrommexico.com\/es\/producto\/la-piel-que-se-escabulle\/","url":"https:\/\/booksfrommexico.com\/es\/producto\/la-piel-que-se-escabulle\/","name":"La piel que se escabulle","isPartOf":{"@id":"https:\/\/booksfrommexico.com\/#website"},"primaryImageOfPage":{"@id":"https:\/\/booksfrommexico.com\/es\/producto\/la-piel-que-se-escabulle\/#primaryimage"},"image":{"@id":"https:\/\/booksfrommexico.com\/es\/producto\/la-piel-que-se-escabulle\/#primaryimage"},"thumbnailUrl":"https:\/\/booksfrommexico.com\/app\/uploads\/2024\/02\/194773.jpeg","datePublished":"2024-02-08T21:44:10+00:00","dateModified":"2024-02-15T21:26:55+00:00","description":"Michelle G\u00f3mez \u00c1lvarez. Universidad Aut\u00f3noma del Estado de M\u00e9xico , Primer Concurso de Literatura \u201cHoracio Z\u00fa\u00f1iga Anaya\u201d 2020, 2021.","breadcrumb":{"@id":"https:\/\/booksfrommexico.com\/es\/producto\/la-piel-que-se-escabulle\/#breadcrumb"},"inLanguage":"es","potentialAction":[{"@type":"ReadAction","target":["https:\/\/booksfrommexico.com\/es\/producto\/la-piel-que-se-escabulle\/"]}]},{"@type":"ImageObject","inLanguage":"es","@id":"https:\/\/booksfrommexico.com\/es\/producto\/la-piel-que-se-escabulle\/#primaryimage","url":"https:\/\/booksfrommexico.com\/app\/uploads\/2024\/02\/194773.jpeg","contentUrl":"https:\/\/booksfrommexico.com\/app\/uploads\/2024\/02\/194773.jpeg","width":352,"height":528,"caption":"La piel que se escabulle"},{"@type":"BreadcrumbList","@id":"https:\/\/booksfrommexico.com\/es\/producto\/la-piel-que-se-escabulle\/#breadcrumb","itemListElement":[{"@type":"ListItem","position":1,"name":"Home","item":"https:\/\/booksfrommexico.com\/es\/"},{"@type":"ListItem","position":2,"name":"Libros","item":"https:\/\/booksfrommexico.com\/es\/libros\/"},{"@type":"ListItem","position":3,"name":"La piel que se escabulle"}]},{"@type":"WebSite","@id":"https:\/\/booksfrommexico.com\/#website","url":"https:\/\/booksfrommexico.com\/","name":"Books From Mexico","description":"","publisher":{"@id":"https:\/\/booksfrommexico.com\/#organization"},"potentialAction":[{"@type":"SearchAction","target":{"@type":"EntryPoint","urlTemplate":"https:\/\/booksfrommexico.com\/?s={search_term_string}"},"query-input":{"@type":"PropertyValueSpecification","valueRequired":true,"valueName":"search_term_string"}}],"inLanguage":"es"},{"@type":"Organization","@id":"https:\/\/booksfrommexico.com\/#organization","name":"Books From Mexico","url":"https:\/\/booksfrommexico.com\/","logo":{"@type":"ImageObject","inLanguage":"es","@id":"https:\/\/booksfrommexico.com\/#\/schema\/logo\/image\/","url":"https:\/\/booksfrommexico.com\/app\/uploads\/2023\/05\/logo-booksfrommexico.svg","contentUrl":"https:\/\/booksfrommexico.com\/app\/uploads\/2023\/05\/logo-booksfrommexico.svg","width":86,"height":56,"caption":"Books From Mexico"},"image":{"@id":"https:\/\/booksfrommexico.com\/#\/schema\/logo\/image\/"}}]}},"_links":{"self":[{"href":"https:\/\/booksfrommexico.com\/es\/wp-json\/wp\/v2\/product\/4795","targetHints":{"allow":["GET"]}}],"collection":[{"href":"https:\/\/booksfrommexico.com\/es\/wp-json\/wp\/v2\/product"}],"about":[{"href":"https:\/\/booksfrommexico.com\/es\/wp-json\/wp\/v2\/types\/product"}],"wp:featuredmedia":[{"embeddable":true,"href":"https:\/\/booksfrommexico.com\/es\/wp-json\/wp\/v2\/media\/4849"}],"wp:attachment":[{"href":"https:\/\/booksfrommexico.com\/es\/wp-json\/wp\/v2\/media?parent=4795"}],"wp:term":[{"taxonomy":"product_brand","embeddable":true,"href":"https:\/\/booksfrommexico.com\/es\/wp-json\/wp\/v2\/product_brand?post=4795"},{"taxonomy":"product_cat","embeddable":true,"href":"https:\/\/booksfrommexico.com\/es\/wp-json\/wp\/v2\/product_cat?post=4795"},{"taxonomy":"product_tag","embeddable":true,"href":"https:\/\/booksfrommexico.com\/es\/wp-json\/wp\/v2\/product_tag?post=4795"}],"curies":[{"name":"wp","href":"https:\/\/api.w.org\/{rel}","templated":true}]}}