{"id":4797,"date":"2024-02-08T21:44:10","date_gmt":"2024-02-08T21:44:10","guid":{"rendered":"https:\/\/booksfrommexico.com\/product\/el-incidente-de-suspension-en-el-amparo-indirecto-contra-un-acto-de-expropiacion\/"},"modified":"2024-02-15T20:45:48","modified_gmt":"2024-02-15T20:45:48","slug":"el-incidente-de-suspension-en-el-amparo-indirecto-contra-un-acto-de-expropiacion","status":"publish","type":"product","link":"https:\/\/booksfrommexico.com\/es\/producto\/el-incidente-de-suspension-en-el-amparo-indirecto-contra-un-acto-de-expropiacion\/","title":{"rendered":"El incidente de suspensi\u00f3n en el amparo indirecto contra un acto de expropiaci\u00f3n"},"content":{"rendered":"<p><span style=\"font-weight: 400;\">Las obras que combinan la teor\u00eda con la praxis se consideran valiosas para los estudiantes de derecho, los abogados litigantes y los operadores jur\u00eddicos a quienes interesan la materia de amparo previsto en los art\u00edculos 103 y 107 constitucionales. Este trabajo puede despertar el inter\u00e9s general, ya que, se re\u00fanen tanto teor\u00eda como pr\u00e1ctica, as\u00ed como, la explicaci\u00f3n cient\u00edfica y la implementaci\u00f3n del incidente de suspensi\u00f3n y su tramitaci\u00f3n. Se hace una ejemplificaci\u00f3n de la funci\u00f3n como litigantes, la estructura de acuerdos en el cuaderno incidental, la forma de exhibir la garant\u00eda que se fija como medida de efectividad y la estructura y elaboraci\u00f3n de la resoluci\u00f3n interlocutoria.\u00a0<\/span><\/p>\n","protected":false},"excerpt":{"rendered":"<p>EL INCIDENTE DE SUSPENSI\u00d3N EN EL AMPARO DIRECTO CONTRA UN ACTO DE EXPROPIACI\u00d3N : TEOR\u00cdA Y PRAXIS DE UN ESTUDIO DE CASO. <span style=\"font-weight: 400;\">\/ Dafne Cecilia S\u00e1nchez Mendoza, Daffnia Isabel S\u00e1nchez Mendoza, Alejandro S\u00e1nchez S\u00e1nchez. Ciudad de M\u00e9xico, M\u00e9xico : MAPorr\u00faa, 2021. 162 pages : include semblances, bibliography ; 23 cm. (Serie Las ciencias\u00a0 Sociales Cuarta D\u00e9cada).\u00a0 ISBN : 9786079910068.<\/span><\/p>\n","protected":false},"featured_media":4858,"template":"","meta":{"_acf_changed":false,"inline_featured_image":false},"product_brand":[],"product_cat":[3333],"product_tag":[4001],"class_list":{"0":"post-4797","1":"product","2":"type-product","3":"status-publish","4":"has-post-thumbnail","6":"product_cat-leyes-y-asuntos-juridicos","7":"product_tag-leyes","9":"first","10":"instock","11":"taxable","12":"shipping-taxable","13":"purchasable","14":"product-type-simple"},"acf":[],"yoast_head":"<!-- This site is optimized with the Yoast SEO plugin v27.3 - https:\/\/yoast.com\/product\/yoast-seo-wordpress\/ -->\n<title>El incidente de suspensi\u00f3n en el amparo indirecto contra un acto de expropiaci\u00f3n<\/title>\n<meta name=\"description\" content=\"EL INCIDENTE DE SUSPENSI\u00d3N EN EL AMPARO DIRECTO CONTRA UN ACTO DE EXPROPIACI\u00d3N : TEOR\u00cdA Y PRAXIS DE UN ESTUDIO DE CASO. \/ ISBN : 9786079910068.\" \/>\n<meta name=\"robots\" content=\"index, follow, max-snippet:-1, max-image-preview:large, max-video-preview:-1\" \/>\n<link rel=\"canonical\" href=\"https:\/\/booksfrommexico.com\/es\/producto\/el-incidente-de-suspension-en-el-amparo-indirecto-contra-un-acto-de-expropiacion\/\" \/>\n<meta property=\"og:locale\" content=\"es_ES\" \/>\n<meta property=\"og:type\" content=\"article\" \/>\n<meta property=\"og:title\" content=\"El incidente de suspensi\u00f3n en el amparo indirecto contra un acto de expropiaci\u00f3n\" \/>\n<meta property=\"og:description\" content=\"EL INCIDENTE DE SUSPENSI\u00d3N EN EL AMPARO DIRECTO CONTRA UN ACTO DE EXPROPIACI\u00d3N : TEOR\u00cdA Y PRAXIS DE UN ESTUDIO DE CASO. \/ ISBN : 9786079910068.\" \/>\n<meta property=\"og:url\" content=\"https:\/\/booksfrommexico.com\/es\/producto\/el-incidente-de-suspension-en-el-amparo-indirecto-contra-un-acto-de-expropiacion\/\" \/>\n<meta property=\"og:site_name\" content=\"Books From Mexico\" \/>\n<meta property=\"article:modified_time\" content=\"2024-02-15T20:45:48+00:00\" \/>\n<meta property=\"og:image\" content=\"http:\/\/booksfrommexico.com\/app\/uploads\/2024\/02\/195181.jpeg\" \/>\n\t<meta property=\"og:image:width\" content=\"476\" \/>\n\t<meta property=\"og:image:height\" content=\"668\" \/>\n\t<meta property=\"og:image:type\" content=\"image\/jpeg\" \/>\n<meta name=\"twitter:card\" content=\"summary_large_image\" \/>\n<meta name=\"twitter:label1\" content=\"Tiempo de lectura\" \/>\n\t<meta name=\"twitter:data1\" content=\"1 minuto\" \/>\n<script type=\"application\/ld+json\" class=\"yoast-schema-graph\">{\"@context\":\"https:\\\/\\\/schema.org\",\"@graph\":[{\"@type\":\"WebPage\",\"@id\":\"https:\\\/\\\/booksfrommexico.com\\\/es\\\/producto\\\/el-incidente-de-suspension-en-el-amparo-indirecto-contra-un-acto-de-expropiacion\\\/\",\"url\":\"https:\\\/\\\/booksfrommexico.com\\\/es\\\/producto\\\/el-incidente-de-suspension-en-el-amparo-indirecto-contra-un-acto-de-expropiacion\\\/\",\"name\":\"El incidente de suspensi\u00f3n en el amparo indirecto contra un acto de expropiaci\u00f3n\",\"isPartOf\":{\"@id\":\"https:\\\/\\\/booksfrommexico.com\\\/#website\"},\"primaryImageOfPage\":{\"@id\":\"https:\\\/\\\/booksfrommexico.com\\\/es\\\/producto\\\/el-incidente-de-suspension-en-el-amparo-indirecto-contra-un-acto-de-expropiacion\\\/#primaryimage\"},\"image\":{\"@id\":\"https:\\\/\\\/booksfrommexico.com\\\/es\\\/producto\\\/el-incidente-de-suspension-en-el-amparo-indirecto-contra-un-acto-de-expropiacion\\\/#primaryimage\"},\"thumbnailUrl\":\"https:\\\/\\\/booksfrommexico.com\\\/app\\\/uploads\\\/2024\\\/02\\\/195181.jpeg\",\"datePublished\":\"2024-02-08T21:44:10+00:00\",\"dateModified\":\"2024-02-15T20:45:48+00:00\",\"description\":\"EL INCIDENTE DE SUSPENSI\u00d3N EN EL AMPARO DIRECTO CONTRA UN ACTO DE EXPROPIACI\u00d3N : TEOR\u00cdA Y PRAXIS DE UN ESTUDIO DE CASO. \\\/ ISBN : 9786079910068.\",\"breadcrumb\":{\"@id\":\"https:\\\/\\\/booksfrommexico.com\\\/es\\\/producto\\\/el-incidente-de-suspension-en-el-amparo-indirecto-contra-un-acto-de-expropiacion\\\/#breadcrumb\"},\"inLanguage\":\"es\",\"potentialAction\":[{\"@type\":\"ReadAction\",\"target\":[\"https:\\\/\\\/booksfrommexico.com\\\/es\\\/producto\\\/el-incidente-de-suspension-en-el-amparo-indirecto-contra-un-acto-de-expropiacion\\\/\"]}]},{\"@type\":\"ImageObject\",\"inLanguage\":\"es\",\"@id\":\"https:\\\/\\\/booksfrommexico.com\\\/es\\\/producto\\\/el-incidente-de-suspension-en-el-amparo-indirecto-contra-un-acto-de-expropiacion\\\/#primaryimage\",\"url\":\"https:\\\/\\\/booksfrommexico.com\\\/app\\\/uploads\\\/2024\\\/02\\\/195181.jpeg\",\"contentUrl\":\"https:\\\/\\\/booksfrommexico.com\\\/app\\\/uploads\\\/2024\\\/02\\\/195181.jpeg\",\"width\":476,\"height\":668,\"caption\":\"El incidente de suspensi\u00f3n en el amparo indirecto contra un acto de expropiaci\u00f3n\"},{\"@type\":\"BreadcrumbList\",\"@id\":\"https:\\\/\\\/booksfrommexico.com\\\/es\\\/producto\\\/el-incidente-de-suspension-en-el-amparo-indirecto-contra-un-acto-de-expropiacion\\\/#breadcrumb\",\"itemListElement\":[{\"@type\":\"ListItem\",\"position\":1,\"name\":\"Home\",\"item\":\"https:\\\/\\\/booksfrommexico.com\\\/es\\\/\"},{\"@type\":\"ListItem\",\"position\":2,\"name\":\"Libros\",\"item\":\"https:\\\/\\\/booksfrommexico.com\\\/es\\\/libros\\\/\"},{\"@type\":\"ListItem\",\"position\":3,\"name\":\"El incidente de suspensi\u00f3n en el amparo indirecto contra un acto de expropiaci\u00f3n\"}]},{\"@type\":\"WebSite\",\"@id\":\"https:\\\/\\\/booksfrommexico.com\\\/#website\",\"url\":\"https:\\\/\\\/booksfrommexico.com\\\/\",\"name\":\"Books From Mexico\",\"description\":\"\",\"publisher\":{\"@id\":\"https:\\\/\\\/booksfrommexico.com\\\/#organization\"},\"potentialAction\":[{\"@type\":\"SearchAction\",\"target\":{\"@type\":\"EntryPoint\",\"urlTemplate\":\"https:\\\/\\\/booksfrommexico.com\\\/?s={search_term_string}\"},\"query-input\":{\"@type\":\"PropertyValueSpecification\",\"valueRequired\":true,\"valueName\":\"search_term_string\"}}],\"inLanguage\":\"es\"},{\"@type\":\"Organization\",\"@id\":\"https:\\\/\\\/booksfrommexico.com\\\/#organization\",\"name\":\"Books From Mexico\",\"url\":\"https:\\\/\\\/booksfrommexico.com\\\/\",\"logo\":{\"@type\":\"ImageObject\",\"inLanguage\":\"es\",\"@id\":\"https:\\\/\\\/booksfrommexico.com\\\/#\\\/schema\\\/logo\\\/image\\\/\",\"url\":\"https:\\\/\\\/booksfrommexico.com\\\/app\\\/uploads\\\/2023\\\/05\\\/logo-booksfrommexico.svg\",\"contentUrl\":\"https:\\\/\\\/booksfrommexico.com\\\/app\\\/uploads\\\/2023\\\/05\\\/logo-booksfrommexico.svg\",\"width\":86,\"height\":56,\"caption\":\"Books From Mexico\"},\"image\":{\"@id\":\"https:\\\/\\\/booksfrommexico.com\\\/#\\\/schema\\\/logo\\\/image\\\/\"}}]}<\/script>\n<!-- \/ Yoast SEO plugin. -->","yoast_head_json":{"title":"El incidente de suspensi\u00f3n en el amparo indirecto contra un acto de expropiaci\u00f3n","description":"EL INCIDENTE DE SUSPENSI\u00d3N EN EL AMPARO DIRECTO CONTRA UN ACTO DE EXPROPIACI\u00d3N : TEOR\u00cdA Y PRAXIS DE UN ESTUDIO DE CASO. \/ ISBN : 9786079910068.","robots":{"index":"index","follow":"follow","max-snippet":"max-snippet:-1","max-image-preview":"max-image-preview:large","max-video-preview":"max-video-preview:-1"},"canonical":"https:\/\/booksfrommexico.com\/es\/producto\/el-incidente-de-suspension-en-el-amparo-indirecto-contra-un-acto-de-expropiacion\/","og_locale":"es_ES","og_type":"article","og_title":"El incidente de suspensi\u00f3n en el amparo indirecto contra un acto de expropiaci\u00f3n","og_description":"EL INCIDENTE DE SUSPENSI\u00d3N EN EL AMPARO DIRECTO CONTRA UN ACTO DE EXPROPIACI\u00d3N : TEOR\u00cdA Y PRAXIS DE UN ESTUDIO DE CASO. \/ ISBN : 9786079910068.","og_url":"https:\/\/booksfrommexico.com\/es\/producto\/el-incidente-de-suspension-en-el-amparo-indirecto-contra-un-acto-de-expropiacion\/","og_site_name":"Books From Mexico","article_modified_time":"2024-02-15T20:45:48+00:00","og_image":[{"width":476,"height":668,"url":"http:\/\/booksfrommexico.com\/app\/uploads\/2024\/02\/195181.jpeg","type":"image\/jpeg"}],"twitter_card":"summary_large_image","twitter_misc":{"Tiempo de lectura":"1 minuto"},"schema":{"@context":"https:\/\/schema.org","@graph":[{"@type":"WebPage","@id":"https:\/\/booksfrommexico.com\/es\/producto\/el-incidente-de-suspension-en-el-amparo-indirecto-contra-un-acto-de-expropiacion\/","url":"https:\/\/booksfrommexico.com\/es\/producto\/el-incidente-de-suspension-en-el-amparo-indirecto-contra-un-acto-de-expropiacion\/","name":"El incidente de suspensi\u00f3n en el amparo indirecto contra un acto de expropiaci\u00f3n","isPartOf":{"@id":"https:\/\/booksfrommexico.com\/#website"},"primaryImageOfPage":{"@id":"https:\/\/booksfrommexico.com\/es\/producto\/el-incidente-de-suspension-en-el-amparo-indirecto-contra-un-acto-de-expropiacion\/#primaryimage"},"image":{"@id":"https:\/\/booksfrommexico.com\/es\/producto\/el-incidente-de-suspension-en-el-amparo-indirecto-contra-un-acto-de-expropiacion\/#primaryimage"},"thumbnailUrl":"https:\/\/booksfrommexico.com\/app\/uploads\/2024\/02\/195181.jpeg","datePublished":"2024-02-08T21:44:10+00:00","dateModified":"2024-02-15T20:45:48+00:00","description":"EL INCIDENTE DE SUSPENSI\u00d3N EN EL AMPARO DIRECTO CONTRA UN ACTO DE EXPROPIACI\u00d3N : TEOR\u00cdA Y PRAXIS DE UN ESTUDIO DE CASO. \/ ISBN : 9786079910068.","breadcrumb":{"@id":"https:\/\/booksfrommexico.com\/es\/producto\/el-incidente-de-suspension-en-el-amparo-indirecto-contra-un-acto-de-expropiacion\/#breadcrumb"},"inLanguage":"es","potentialAction":[{"@type":"ReadAction","target":["https:\/\/booksfrommexico.com\/es\/producto\/el-incidente-de-suspension-en-el-amparo-indirecto-contra-un-acto-de-expropiacion\/"]}]},{"@type":"ImageObject","inLanguage":"es","@id":"https:\/\/booksfrommexico.com\/es\/producto\/el-incidente-de-suspension-en-el-amparo-indirecto-contra-un-acto-de-expropiacion\/#primaryimage","url":"https:\/\/booksfrommexico.com\/app\/uploads\/2024\/02\/195181.jpeg","contentUrl":"https:\/\/booksfrommexico.com\/app\/uploads\/2024\/02\/195181.jpeg","width":476,"height":668,"caption":"El incidente de suspensi\u00f3n en el amparo indirecto contra un acto de expropiaci\u00f3n"},{"@type":"BreadcrumbList","@id":"https:\/\/booksfrommexico.com\/es\/producto\/el-incidente-de-suspension-en-el-amparo-indirecto-contra-un-acto-de-expropiacion\/#breadcrumb","itemListElement":[{"@type":"ListItem","position":1,"name":"Home","item":"https:\/\/booksfrommexico.com\/es\/"},{"@type":"ListItem","position":2,"name":"Libros","item":"https:\/\/booksfrommexico.com\/es\/libros\/"},{"@type":"ListItem","position":3,"name":"El incidente de suspensi\u00f3n en el amparo indirecto contra un acto de expropiaci\u00f3n"}]},{"@type":"WebSite","@id":"https:\/\/booksfrommexico.com\/#website","url":"https:\/\/booksfrommexico.com\/","name":"Books From Mexico","description":"","publisher":{"@id":"https:\/\/booksfrommexico.com\/#organization"},"potentialAction":[{"@type":"SearchAction","target":{"@type":"EntryPoint","urlTemplate":"https:\/\/booksfrommexico.com\/?s={search_term_string}"},"query-input":{"@type":"PropertyValueSpecification","valueRequired":true,"valueName":"search_term_string"}}],"inLanguage":"es"},{"@type":"Organization","@id":"https:\/\/booksfrommexico.com\/#organization","name":"Books From Mexico","url":"https:\/\/booksfrommexico.com\/","logo":{"@type":"ImageObject","inLanguage":"es","@id":"https:\/\/booksfrommexico.com\/#\/schema\/logo\/image\/","url":"https:\/\/booksfrommexico.com\/app\/uploads\/2023\/05\/logo-booksfrommexico.svg","contentUrl":"https:\/\/booksfrommexico.com\/app\/uploads\/2023\/05\/logo-booksfrommexico.svg","width":86,"height":56,"caption":"Books From Mexico"},"image":{"@id":"https:\/\/booksfrommexico.com\/#\/schema\/logo\/image\/"}}]}},"_links":{"self":[{"href":"https:\/\/booksfrommexico.com\/es\/wp-json\/wp\/v2\/product\/4797","targetHints":{"allow":["GET"]}}],"collection":[{"href":"https:\/\/booksfrommexico.com\/es\/wp-json\/wp\/v2\/product"}],"about":[{"href":"https:\/\/booksfrommexico.com\/es\/wp-json\/wp\/v2\/types\/product"}],"wp:featuredmedia":[{"embeddable":true,"href":"https:\/\/booksfrommexico.com\/es\/wp-json\/wp\/v2\/media\/4858"}],"wp:attachment":[{"href":"https:\/\/booksfrommexico.com\/es\/wp-json\/wp\/v2\/media?parent=4797"}],"wp:term":[{"taxonomy":"product_brand","embeddable":true,"href":"https:\/\/booksfrommexico.com\/es\/wp-json\/wp\/v2\/product_brand?post=4797"},{"taxonomy":"product_cat","embeddable":true,"href":"https:\/\/booksfrommexico.com\/es\/wp-json\/wp\/v2\/product_cat?post=4797"},{"taxonomy":"product_tag","embeddable":true,"href":"https:\/\/booksfrommexico.com\/es\/wp-json\/wp\/v2\/product_tag?post=4797"}],"curies":[{"name":"wp","href":"https:\/\/api.w.org\/{rel}","templated":true}]}}