{"id":4798,"date":"2024-02-08T21:44:10","date_gmt":"2024-02-08T21:44:10","guid":{"rendered":"https:\/\/booksfrommexico.com\/product\/justicia-en-una-democracia-constitucional\/"},"modified":"2024-02-13T20:27:13","modified_gmt":"2024-02-13T20:27:13","slug":"justicia-en-una-democracia-constitucional","status":"publish","type":"product","link":"https:\/\/booksfrommexico.com\/es\/producto\/justicia-en-una-democracia-constitucional\/","title":{"rendered":"Justicia en una democracia constitucional"},"content":{"rendered":"<p><span style=\"font-weight: 400;\">Esta investigaci\u00f3n tiene la finalidad de generar conversaci\u00f3n y contrapuntos que propicien nuevas ideas. Analizar la justicia electoral desde un enfoque global, el cual aborda sus principales causas y consecuencias en un m\u00e9todo anal\u00edtico-deductivo, se escribe en torno a 9 tem\u00e1ticas diferentes de la democracia. El objetivo de cada texto es dialogar con las ideas generales y establecer un debate generacional sobre su importancia. El Tribunal Electoral del Poder Judicial de la Federaci\u00f3n convoca en este trabajo a abogados, consultores, polit\u00f3logos, pol\u00edticos y activistas, todos ellos especializados en derecho electoral y pol\u00edticas p\u00fablicas. <\/span><\/p>\n","protected":false},"excerpt":{"rendered":"<p>JUSTICIA EN UNA DEMOCRACIA CONSTITUCIONAL. <span style=\"font-weight: 400;\">\/ Gonzalo S\u00e1nchez de Tagle (coordinator). Ciudad de M\u00e9xico, M\u00e9xico : Tribunal Electoral del Poder Judicial de la Federaci\u00f3n , Editorial TEPJF, 2020. 233 pages ; includes tables, graphics, bibliography. 25 cm. ISBN : 97860777085485. <\/span><\/p>\n","protected":false},"featured_media":4910,"template":"","meta":{"_acf_changed":false,"inline_featured_image":false},"product_brand":[],"product_cat":[3333,1486,797],"product_tag":[4133,3627],"class_list":{"0":"post-4798","1":"product","2":"type-product","3":"status-publish","4":"has-post-thumbnail","6":"product_cat-leyes-y-asuntos-juridicos","7":"product_cat-movimientos-politicos-politica-y-ciencia-politica","8":"product_cat-politica-y-ciencia-politica","9":"product_tag-democracia","10":"product_tag-politica-y-gobierno","12":"first","13":"instock","14":"taxable","15":"shipping-taxable","16":"purchasable","17":"product-type-simple"},"acf":[],"yoast_head":"<!-- This site is optimized with the Yoast SEO plugin v27.3 - https:\/\/yoast.com\/product\/yoast-seo-wordpress\/ -->\n<title>Justicia en una democracia constitucional<\/title>\n<meta name=\"description\" content=\"Gonzalo S\u00e1nchez de Tagle (coordinator). Ciudad de M\u00e9xico, M\u00e9xico : Tribunal Electoral del Poder Judicial de la Federaci\u00f3n , Editorial TEPJF, 2020.\" \/>\n<meta name=\"robots\" content=\"index, follow, max-snippet:-1, max-image-preview:large, max-video-preview:-1\" \/>\n<link rel=\"canonical\" href=\"https:\/\/booksfrommexico.com\/es\/producto\/justicia-en-una-democracia-constitucional\/\" \/>\n<meta property=\"og:locale\" content=\"es_ES\" \/>\n<meta property=\"og:type\" content=\"article\" \/>\n<meta property=\"og:title\" content=\"Justicia en una democracia constitucional\" \/>\n<meta property=\"og:description\" content=\"Gonzalo S\u00e1nchez de Tagle (coordinator). Ciudad de M\u00e9xico, M\u00e9xico : Tribunal Electoral del Poder Judicial de la Federaci\u00f3n , Editorial TEPJF, 2020.\" \/>\n<meta property=\"og:url\" content=\"https:\/\/booksfrommexico.com\/es\/producto\/justicia-en-una-democracia-constitucional\/\" \/>\n<meta property=\"og:site_name\" content=\"Books From Mexico\" \/>\n<meta property=\"article:modified_time\" content=\"2024-02-13T20:27:13+00:00\" \/>\n<meta property=\"og:image\" content=\"http:\/\/booksfrommexico.com\/app\/uploads\/2024\/02\/195228.jpeg\" \/>\n\t<meta property=\"og:image:width\" content=\"688\" \/>\n\t<meta property=\"og:image:height\" content=\"969\" \/>\n\t<meta property=\"og:image:type\" content=\"image\/jpeg\" \/>\n<meta name=\"twitter:card\" content=\"summary_large_image\" \/>\n<meta name=\"twitter:label1\" content=\"Tiempo de lectura\" \/>\n\t<meta name=\"twitter:data1\" content=\"1 minuto\" \/>\n<script type=\"application\/ld+json\" class=\"yoast-schema-graph\">{\"@context\":\"https:\\\/\\\/schema.org\",\"@graph\":[{\"@type\":\"WebPage\",\"@id\":\"https:\\\/\\\/booksfrommexico.com\\\/es\\\/producto\\\/justicia-en-una-democracia-constitucional\\\/\",\"url\":\"https:\\\/\\\/booksfrommexico.com\\\/es\\\/producto\\\/justicia-en-una-democracia-constitucional\\\/\",\"name\":\"Justicia en una democracia constitucional\",\"isPartOf\":{\"@id\":\"https:\\\/\\\/booksfrommexico.com\\\/#website\"},\"primaryImageOfPage\":{\"@id\":\"https:\\\/\\\/booksfrommexico.com\\\/es\\\/producto\\\/justicia-en-una-democracia-constitucional\\\/#primaryimage\"},\"image\":{\"@id\":\"https:\\\/\\\/booksfrommexico.com\\\/es\\\/producto\\\/justicia-en-una-democracia-constitucional\\\/#primaryimage\"},\"thumbnailUrl\":\"https:\\\/\\\/booksfrommexico.com\\\/app\\\/uploads\\\/2024\\\/02\\\/195228.jpeg\",\"datePublished\":\"2024-02-08T21:44:10+00:00\",\"dateModified\":\"2024-02-13T20:27:13+00:00\",\"description\":\"Gonzalo S\u00e1nchez de Tagle (coordinator). Ciudad de M\u00e9xico, M\u00e9xico : Tribunal Electoral del Poder Judicial de la Federaci\u00f3n , Editorial TEPJF, 2020.\",\"breadcrumb\":{\"@id\":\"https:\\\/\\\/booksfrommexico.com\\\/es\\\/producto\\\/justicia-en-una-democracia-constitucional\\\/#breadcrumb\"},\"inLanguage\":\"es\",\"potentialAction\":[{\"@type\":\"ReadAction\",\"target\":[\"https:\\\/\\\/booksfrommexico.com\\\/es\\\/producto\\\/justicia-en-una-democracia-constitucional\\\/\"]}]},{\"@type\":\"ImageObject\",\"inLanguage\":\"es\",\"@id\":\"https:\\\/\\\/booksfrommexico.com\\\/es\\\/producto\\\/justicia-en-una-democracia-constitucional\\\/#primaryimage\",\"url\":\"https:\\\/\\\/booksfrommexico.com\\\/app\\\/uploads\\\/2024\\\/02\\\/195228.jpeg\",\"contentUrl\":\"https:\\\/\\\/booksfrommexico.com\\\/app\\\/uploads\\\/2024\\\/02\\\/195228.jpeg\",\"width\":688,\"height\":969,\"caption\":\"Justicia en una democracia constitucional\"},{\"@type\":\"BreadcrumbList\",\"@id\":\"https:\\\/\\\/booksfrommexico.com\\\/es\\\/producto\\\/justicia-en-una-democracia-constitucional\\\/#breadcrumb\",\"itemListElement\":[{\"@type\":\"ListItem\",\"position\":1,\"name\":\"Home\",\"item\":\"https:\\\/\\\/booksfrommexico.com\\\/es\\\/\"},{\"@type\":\"ListItem\",\"position\":2,\"name\":\"Libros\",\"item\":\"https:\\\/\\\/booksfrommexico.com\\\/es\\\/libros\\\/\"},{\"@type\":\"ListItem\",\"position\":3,\"name\":\"Justicia en una democracia constitucional\"}]},{\"@type\":\"WebSite\",\"@id\":\"https:\\\/\\\/booksfrommexico.com\\\/#website\",\"url\":\"https:\\\/\\\/booksfrommexico.com\\\/\",\"name\":\"Books From Mexico\",\"description\":\"\",\"publisher\":{\"@id\":\"https:\\\/\\\/booksfrommexico.com\\\/#organization\"},\"potentialAction\":[{\"@type\":\"SearchAction\",\"target\":{\"@type\":\"EntryPoint\",\"urlTemplate\":\"https:\\\/\\\/booksfrommexico.com\\\/?s={search_term_string}\"},\"query-input\":{\"@type\":\"PropertyValueSpecification\",\"valueRequired\":true,\"valueName\":\"search_term_string\"}}],\"inLanguage\":\"es\"},{\"@type\":\"Organization\",\"@id\":\"https:\\\/\\\/booksfrommexico.com\\\/#organization\",\"name\":\"Books From Mexico\",\"url\":\"https:\\\/\\\/booksfrommexico.com\\\/\",\"logo\":{\"@type\":\"ImageObject\",\"inLanguage\":\"es\",\"@id\":\"https:\\\/\\\/booksfrommexico.com\\\/#\\\/schema\\\/logo\\\/image\\\/\",\"url\":\"https:\\\/\\\/booksfrommexico.com\\\/app\\\/uploads\\\/2023\\\/05\\\/logo-booksfrommexico.svg\",\"contentUrl\":\"https:\\\/\\\/booksfrommexico.com\\\/app\\\/uploads\\\/2023\\\/05\\\/logo-booksfrommexico.svg\",\"width\":86,\"height\":56,\"caption\":\"Books From Mexico\"},\"image\":{\"@id\":\"https:\\\/\\\/booksfrommexico.com\\\/#\\\/schema\\\/logo\\\/image\\\/\"}}]}<\/script>\n<!-- \/ Yoast SEO plugin. -->","yoast_head_json":{"title":"Justicia en una democracia constitucional","description":"Gonzalo S\u00e1nchez de Tagle (coordinator). Ciudad de M\u00e9xico, M\u00e9xico : Tribunal Electoral del Poder Judicial de la Federaci\u00f3n , Editorial TEPJF, 2020.","robots":{"index":"index","follow":"follow","max-snippet":"max-snippet:-1","max-image-preview":"max-image-preview:large","max-video-preview":"max-video-preview:-1"},"canonical":"https:\/\/booksfrommexico.com\/es\/producto\/justicia-en-una-democracia-constitucional\/","og_locale":"es_ES","og_type":"article","og_title":"Justicia en una democracia constitucional","og_description":"Gonzalo S\u00e1nchez de Tagle (coordinator). Ciudad de M\u00e9xico, M\u00e9xico : Tribunal Electoral del Poder Judicial de la Federaci\u00f3n , Editorial TEPJF, 2020.","og_url":"https:\/\/booksfrommexico.com\/es\/producto\/justicia-en-una-democracia-constitucional\/","og_site_name":"Books From Mexico","article_modified_time":"2024-02-13T20:27:13+00:00","og_image":[{"width":688,"height":969,"url":"http:\/\/booksfrommexico.com\/app\/uploads\/2024\/02\/195228.jpeg","type":"image\/jpeg"}],"twitter_card":"summary_large_image","twitter_misc":{"Tiempo de lectura":"1 minuto"},"schema":{"@context":"https:\/\/schema.org","@graph":[{"@type":"WebPage","@id":"https:\/\/booksfrommexico.com\/es\/producto\/justicia-en-una-democracia-constitucional\/","url":"https:\/\/booksfrommexico.com\/es\/producto\/justicia-en-una-democracia-constitucional\/","name":"Justicia en una democracia constitucional","isPartOf":{"@id":"https:\/\/booksfrommexico.com\/#website"},"primaryImageOfPage":{"@id":"https:\/\/booksfrommexico.com\/es\/producto\/justicia-en-una-democracia-constitucional\/#primaryimage"},"image":{"@id":"https:\/\/booksfrommexico.com\/es\/producto\/justicia-en-una-democracia-constitucional\/#primaryimage"},"thumbnailUrl":"https:\/\/booksfrommexico.com\/app\/uploads\/2024\/02\/195228.jpeg","datePublished":"2024-02-08T21:44:10+00:00","dateModified":"2024-02-13T20:27:13+00:00","description":"Gonzalo S\u00e1nchez de Tagle (coordinator). Ciudad de M\u00e9xico, M\u00e9xico : Tribunal Electoral del Poder Judicial de la Federaci\u00f3n , Editorial TEPJF, 2020.","breadcrumb":{"@id":"https:\/\/booksfrommexico.com\/es\/producto\/justicia-en-una-democracia-constitucional\/#breadcrumb"},"inLanguage":"es","potentialAction":[{"@type":"ReadAction","target":["https:\/\/booksfrommexico.com\/es\/producto\/justicia-en-una-democracia-constitucional\/"]}]},{"@type":"ImageObject","inLanguage":"es","@id":"https:\/\/booksfrommexico.com\/es\/producto\/justicia-en-una-democracia-constitucional\/#primaryimage","url":"https:\/\/booksfrommexico.com\/app\/uploads\/2024\/02\/195228.jpeg","contentUrl":"https:\/\/booksfrommexico.com\/app\/uploads\/2024\/02\/195228.jpeg","width":688,"height":969,"caption":"Justicia en una democracia constitucional"},{"@type":"BreadcrumbList","@id":"https:\/\/booksfrommexico.com\/es\/producto\/justicia-en-una-democracia-constitucional\/#breadcrumb","itemListElement":[{"@type":"ListItem","position":1,"name":"Home","item":"https:\/\/booksfrommexico.com\/es\/"},{"@type":"ListItem","position":2,"name":"Libros","item":"https:\/\/booksfrommexico.com\/es\/libros\/"},{"@type":"ListItem","position":3,"name":"Justicia en una democracia constitucional"}]},{"@type":"WebSite","@id":"https:\/\/booksfrommexico.com\/#website","url":"https:\/\/booksfrommexico.com\/","name":"Books From Mexico","description":"","publisher":{"@id":"https:\/\/booksfrommexico.com\/#organization"},"potentialAction":[{"@type":"SearchAction","target":{"@type":"EntryPoint","urlTemplate":"https:\/\/booksfrommexico.com\/?s={search_term_string}"},"query-input":{"@type":"PropertyValueSpecification","valueRequired":true,"valueName":"search_term_string"}}],"inLanguage":"es"},{"@type":"Organization","@id":"https:\/\/booksfrommexico.com\/#organization","name":"Books From Mexico","url":"https:\/\/booksfrommexico.com\/","logo":{"@type":"ImageObject","inLanguage":"es","@id":"https:\/\/booksfrommexico.com\/#\/schema\/logo\/image\/","url":"https:\/\/booksfrommexico.com\/app\/uploads\/2023\/05\/logo-booksfrommexico.svg","contentUrl":"https:\/\/booksfrommexico.com\/app\/uploads\/2023\/05\/logo-booksfrommexico.svg","width":86,"height":56,"caption":"Books From Mexico"},"image":{"@id":"https:\/\/booksfrommexico.com\/#\/schema\/logo\/image\/"}}]}},"_links":{"self":[{"href":"https:\/\/booksfrommexico.com\/es\/wp-json\/wp\/v2\/product\/4798","targetHints":{"allow":["GET"]}}],"collection":[{"href":"https:\/\/booksfrommexico.com\/es\/wp-json\/wp\/v2\/product"}],"about":[{"href":"https:\/\/booksfrommexico.com\/es\/wp-json\/wp\/v2\/types\/product"}],"wp:featuredmedia":[{"embeddable":true,"href":"https:\/\/booksfrommexico.com\/es\/wp-json\/wp\/v2\/media\/4910"}],"wp:attachment":[{"href":"https:\/\/booksfrommexico.com\/es\/wp-json\/wp\/v2\/media?parent=4798"}],"wp:term":[{"taxonomy":"product_brand","embeddable":true,"href":"https:\/\/booksfrommexico.com\/es\/wp-json\/wp\/v2\/product_brand?post=4798"},{"taxonomy":"product_cat","embeddable":true,"href":"https:\/\/booksfrommexico.com\/es\/wp-json\/wp\/v2\/product_cat?post=4798"},{"taxonomy":"product_tag","embeddable":true,"href":"https:\/\/booksfrommexico.com\/es\/wp-json\/wp\/v2\/product_tag?post=4798"}],"curies":[{"name":"wp","href":"https:\/\/api.w.org\/{rel}","templated":true}]}}