{"id":4799,"date":"2024-02-08T21:44:10","date_gmt":"2024-02-08T21:44:10","guid":{"rendered":"https:\/\/booksfrommexico.com\/product\/las-cicadas\/"},"modified":"2024-02-13T19:38:50","modified_gmt":"2024-02-13T19:38:50","slug":"las-cicadas","status":"publish","type":"product","link":"https:\/\/booksfrommexico.com\/es\/producto\/las-cicadas\/","title":{"rendered":"Las cicadas"},"content":{"rendered":"<p><span style=\"font-weight: 400;\">Parte de la Colecci\u00f3n Am\u00e9rica, la maestra en Letras Modernas, Yael Weiss presenta 9 relatos basados en el concepto de inmortalidad que se le da en Jap\u00f3n a las cicadas. El ciclo de las cicadas es vivir bajo tierra, bebiendo de las ra\u00edces de los \u00e1rboles, y salir cada 17 a\u00f1os para aparearse, poner huevos y morir. En su etapa de vivir en el exterior que producen su caracter\u00edstico y atronador sonido, el cual remite a la autora el proceso de cambio y transformaci\u00f3n que son obligados por la naturaleza a transitar. Usando esta convenci\u00f3n como punto de partida, la autora nos lleva por diversas historias que conectan con el lector por medio de lo que nos caracteriza a todo: la fragilidad de la vida.<\/span><\/p>\n","protected":false},"excerpt":{"rendered":"<p>LAS CICADAS. <span style=\"font-weight: 400;\">\/ Yael Weiss. Nuevo Le\u00f3n, M\u00e9xico : Universidad Aut\u00f3noma de Nuevo Le\u00f3n , Casa Universitaria del Libro , Editorial Universitaria UANL ; Ennis, Irlanda : Bookmate Limited ; Ciudad de M\u00e9xico, M\u00e9xico : Elefanta del Sur Editorial, S.A. de C.V., 2021. 134 pages ; 21 cm. (Colecci\u00f3n Am\u00e9rica). ISBN : 9786078749249. <\/span><\/p>\n","protected":false},"featured_media":4862,"template":"","meta":{"_acf_changed":false,"inline_featured_image":false},"product_brand":[],"product_cat":[25,4061],"product_tag":[4124,4099],"class_list":{"0":"post-4799","1":"product","2":"type-product","3":"status-publish","4":"has-post-thumbnail","6":"product_cat-literatura","7":"product_cat-relato","8":"product_tag-literatura-es","9":"product_tag-relato","11":"first","12":"instock","13":"taxable","14":"shipping-taxable","15":"purchasable","16":"product-type-simple"},"acf":[],"yoast_head":"<!-- This site is optimized with the Yoast SEO plugin v27.3 - https:\/\/yoast.com\/product\/yoast-seo-wordpress\/ -->\n<title>Las cicadas<\/title>\n<meta name=\"description\" content=\"Yael Weiss. UNAL , Casa Universitaria del Libro , Editorial Universitaria UANL ; Bookmate Limited ; Elefanta del Sur Editorial, S.A. de C.V., 2021.\" \/>\n<meta name=\"robots\" content=\"index, follow, max-snippet:-1, max-image-preview:large, max-video-preview:-1\" \/>\n<link rel=\"canonical\" href=\"https:\/\/booksfrommexico.com\/es\/producto\/las-cicadas\/\" \/>\n<meta property=\"og:locale\" content=\"es_ES\" \/>\n<meta property=\"og:type\" content=\"article\" \/>\n<meta property=\"og:title\" content=\"Las cicadas\" \/>\n<meta property=\"og:description\" content=\"Yael Weiss. UNAL , Casa Universitaria del Libro , Editorial Universitaria UANL ; Bookmate Limited ; Elefanta del Sur Editorial, S.A. de C.V., 2021.\" \/>\n<meta property=\"og:url\" content=\"https:\/\/booksfrommexico.com\/es\/producto\/las-cicadas\/\" \/>\n<meta property=\"og:site_name\" content=\"Books From Mexico\" \/>\n<meta property=\"article:modified_time\" content=\"2024-02-13T19:38:50+00:00\" \/>\n<meta property=\"og:image\" content=\"http:\/\/booksfrommexico.com\/app\/uploads\/2024\/02\/195311.jpeg\" \/>\n\t<meta property=\"og:image:width\" content=\"381\" \/>\n\t<meta property=\"og:image:height\" content=\"602\" \/>\n\t<meta property=\"og:image:type\" content=\"image\/jpeg\" \/>\n<meta name=\"twitter:card\" content=\"summary_large_image\" \/>\n<meta name=\"twitter:label1\" content=\"Tiempo de lectura\" \/>\n\t<meta name=\"twitter:data1\" content=\"1 minuto\" \/>\n<script type=\"application\/ld+json\" class=\"yoast-schema-graph\">{\"@context\":\"https:\\\/\\\/schema.org\",\"@graph\":[{\"@type\":\"WebPage\",\"@id\":\"https:\\\/\\\/booksfrommexico.com\\\/es\\\/producto\\\/las-cicadas\\\/\",\"url\":\"https:\\\/\\\/booksfrommexico.com\\\/es\\\/producto\\\/las-cicadas\\\/\",\"name\":\"Las cicadas\",\"isPartOf\":{\"@id\":\"https:\\\/\\\/booksfrommexico.com\\\/#website\"},\"primaryImageOfPage\":{\"@id\":\"https:\\\/\\\/booksfrommexico.com\\\/es\\\/producto\\\/las-cicadas\\\/#primaryimage\"},\"image\":{\"@id\":\"https:\\\/\\\/booksfrommexico.com\\\/es\\\/producto\\\/las-cicadas\\\/#primaryimage\"},\"thumbnailUrl\":\"https:\\\/\\\/booksfrommexico.com\\\/app\\\/uploads\\\/2024\\\/02\\\/195311.jpeg\",\"datePublished\":\"2024-02-08T21:44:10+00:00\",\"dateModified\":\"2024-02-13T19:38:50+00:00\",\"description\":\"Yael Weiss. UNAL , Casa Universitaria del Libro , Editorial Universitaria UANL ; Bookmate Limited ; Elefanta del Sur Editorial, S.A. de C.V., 2021.\",\"breadcrumb\":{\"@id\":\"https:\\\/\\\/booksfrommexico.com\\\/es\\\/producto\\\/las-cicadas\\\/#breadcrumb\"},\"inLanguage\":\"es\",\"potentialAction\":[{\"@type\":\"ReadAction\",\"target\":[\"https:\\\/\\\/booksfrommexico.com\\\/es\\\/producto\\\/las-cicadas\\\/\"]}]},{\"@type\":\"ImageObject\",\"inLanguage\":\"es\",\"@id\":\"https:\\\/\\\/booksfrommexico.com\\\/es\\\/producto\\\/las-cicadas\\\/#primaryimage\",\"url\":\"https:\\\/\\\/booksfrommexico.com\\\/app\\\/uploads\\\/2024\\\/02\\\/195311.jpeg\",\"contentUrl\":\"https:\\\/\\\/booksfrommexico.com\\\/app\\\/uploads\\\/2024\\\/02\\\/195311.jpeg\",\"width\":381,\"height\":602,\"caption\":\"Las cicadas\"},{\"@type\":\"BreadcrumbList\",\"@id\":\"https:\\\/\\\/booksfrommexico.com\\\/es\\\/producto\\\/las-cicadas\\\/#breadcrumb\",\"itemListElement\":[{\"@type\":\"ListItem\",\"position\":1,\"name\":\"Home\",\"item\":\"https:\\\/\\\/booksfrommexico.com\\\/es\\\/\"},{\"@type\":\"ListItem\",\"position\":2,\"name\":\"Libros\",\"item\":\"https:\\\/\\\/booksfrommexico.com\\\/es\\\/libros\\\/\"},{\"@type\":\"ListItem\",\"position\":3,\"name\":\"Las cicadas\"}]},{\"@type\":\"WebSite\",\"@id\":\"https:\\\/\\\/booksfrommexico.com\\\/#website\",\"url\":\"https:\\\/\\\/booksfrommexico.com\\\/\",\"name\":\"Books From Mexico\",\"description\":\"\",\"publisher\":{\"@id\":\"https:\\\/\\\/booksfrommexico.com\\\/#organization\"},\"potentialAction\":[{\"@type\":\"SearchAction\",\"target\":{\"@type\":\"EntryPoint\",\"urlTemplate\":\"https:\\\/\\\/booksfrommexico.com\\\/?s={search_term_string}\"},\"query-input\":{\"@type\":\"PropertyValueSpecification\",\"valueRequired\":true,\"valueName\":\"search_term_string\"}}],\"inLanguage\":\"es\"},{\"@type\":\"Organization\",\"@id\":\"https:\\\/\\\/booksfrommexico.com\\\/#organization\",\"name\":\"Books From Mexico\",\"url\":\"https:\\\/\\\/booksfrommexico.com\\\/\",\"logo\":{\"@type\":\"ImageObject\",\"inLanguage\":\"es\",\"@id\":\"https:\\\/\\\/booksfrommexico.com\\\/#\\\/schema\\\/logo\\\/image\\\/\",\"url\":\"https:\\\/\\\/booksfrommexico.com\\\/app\\\/uploads\\\/2023\\\/05\\\/logo-booksfrommexico.svg\",\"contentUrl\":\"https:\\\/\\\/booksfrommexico.com\\\/app\\\/uploads\\\/2023\\\/05\\\/logo-booksfrommexico.svg\",\"width\":86,\"height\":56,\"caption\":\"Books From Mexico\"},\"image\":{\"@id\":\"https:\\\/\\\/booksfrommexico.com\\\/#\\\/schema\\\/logo\\\/image\\\/\"}}]}<\/script>\n<!-- \/ Yoast SEO plugin. -->","yoast_head_json":{"title":"Las cicadas","description":"Yael Weiss. UNAL , Casa Universitaria del Libro , Editorial Universitaria UANL ; Bookmate Limited ; Elefanta del Sur Editorial, S.A. de C.V., 2021.","robots":{"index":"index","follow":"follow","max-snippet":"max-snippet:-1","max-image-preview":"max-image-preview:large","max-video-preview":"max-video-preview:-1"},"canonical":"https:\/\/booksfrommexico.com\/es\/producto\/las-cicadas\/","og_locale":"es_ES","og_type":"article","og_title":"Las cicadas","og_description":"Yael Weiss. UNAL , Casa Universitaria del Libro , Editorial Universitaria UANL ; Bookmate Limited ; Elefanta del Sur Editorial, S.A. de C.V., 2021.","og_url":"https:\/\/booksfrommexico.com\/es\/producto\/las-cicadas\/","og_site_name":"Books From Mexico","article_modified_time":"2024-02-13T19:38:50+00:00","og_image":[{"width":381,"height":602,"url":"http:\/\/booksfrommexico.com\/app\/uploads\/2024\/02\/195311.jpeg","type":"image\/jpeg"}],"twitter_card":"summary_large_image","twitter_misc":{"Tiempo de lectura":"1 minuto"},"schema":{"@context":"https:\/\/schema.org","@graph":[{"@type":"WebPage","@id":"https:\/\/booksfrommexico.com\/es\/producto\/las-cicadas\/","url":"https:\/\/booksfrommexico.com\/es\/producto\/las-cicadas\/","name":"Las cicadas","isPartOf":{"@id":"https:\/\/booksfrommexico.com\/#website"},"primaryImageOfPage":{"@id":"https:\/\/booksfrommexico.com\/es\/producto\/las-cicadas\/#primaryimage"},"image":{"@id":"https:\/\/booksfrommexico.com\/es\/producto\/las-cicadas\/#primaryimage"},"thumbnailUrl":"https:\/\/booksfrommexico.com\/app\/uploads\/2024\/02\/195311.jpeg","datePublished":"2024-02-08T21:44:10+00:00","dateModified":"2024-02-13T19:38:50+00:00","description":"Yael Weiss. UNAL , Casa Universitaria del Libro , Editorial Universitaria UANL ; Bookmate Limited ; Elefanta del Sur Editorial, S.A. de C.V., 2021.","breadcrumb":{"@id":"https:\/\/booksfrommexico.com\/es\/producto\/las-cicadas\/#breadcrumb"},"inLanguage":"es","potentialAction":[{"@type":"ReadAction","target":["https:\/\/booksfrommexico.com\/es\/producto\/las-cicadas\/"]}]},{"@type":"ImageObject","inLanguage":"es","@id":"https:\/\/booksfrommexico.com\/es\/producto\/las-cicadas\/#primaryimage","url":"https:\/\/booksfrommexico.com\/app\/uploads\/2024\/02\/195311.jpeg","contentUrl":"https:\/\/booksfrommexico.com\/app\/uploads\/2024\/02\/195311.jpeg","width":381,"height":602,"caption":"Las cicadas"},{"@type":"BreadcrumbList","@id":"https:\/\/booksfrommexico.com\/es\/producto\/las-cicadas\/#breadcrumb","itemListElement":[{"@type":"ListItem","position":1,"name":"Home","item":"https:\/\/booksfrommexico.com\/es\/"},{"@type":"ListItem","position":2,"name":"Libros","item":"https:\/\/booksfrommexico.com\/es\/libros\/"},{"@type":"ListItem","position":3,"name":"Las cicadas"}]},{"@type":"WebSite","@id":"https:\/\/booksfrommexico.com\/#website","url":"https:\/\/booksfrommexico.com\/","name":"Books From Mexico","description":"","publisher":{"@id":"https:\/\/booksfrommexico.com\/#organization"},"potentialAction":[{"@type":"SearchAction","target":{"@type":"EntryPoint","urlTemplate":"https:\/\/booksfrommexico.com\/?s={search_term_string}"},"query-input":{"@type":"PropertyValueSpecification","valueRequired":true,"valueName":"search_term_string"}}],"inLanguage":"es"},{"@type":"Organization","@id":"https:\/\/booksfrommexico.com\/#organization","name":"Books From Mexico","url":"https:\/\/booksfrommexico.com\/","logo":{"@type":"ImageObject","inLanguage":"es","@id":"https:\/\/booksfrommexico.com\/#\/schema\/logo\/image\/","url":"https:\/\/booksfrommexico.com\/app\/uploads\/2023\/05\/logo-booksfrommexico.svg","contentUrl":"https:\/\/booksfrommexico.com\/app\/uploads\/2023\/05\/logo-booksfrommexico.svg","width":86,"height":56,"caption":"Books From Mexico"},"image":{"@id":"https:\/\/booksfrommexico.com\/#\/schema\/logo\/image\/"}}]}},"_links":{"self":[{"href":"https:\/\/booksfrommexico.com\/es\/wp-json\/wp\/v2\/product\/4799","targetHints":{"allow":["GET"]}}],"collection":[{"href":"https:\/\/booksfrommexico.com\/es\/wp-json\/wp\/v2\/product"}],"about":[{"href":"https:\/\/booksfrommexico.com\/es\/wp-json\/wp\/v2\/types\/product"}],"wp:featuredmedia":[{"embeddable":true,"href":"https:\/\/booksfrommexico.com\/es\/wp-json\/wp\/v2\/media\/4862"}],"wp:attachment":[{"href":"https:\/\/booksfrommexico.com\/es\/wp-json\/wp\/v2\/media?parent=4799"}],"wp:term":[{"taxonomy":"product_brand","embeddable":true,"href":"https:\/\/booksfrommexico.com\/es\/wp-json\/wp\/v2\/product_brand?post=4799"},{"taxonomy":"product_cat","embeddable":true,"href":"https:\/\/booksfrommexico.com\/es\/wp-json\/wp\/v2\/product_cat?post=4799"},{"taxonomy":"product_tag","embeddable":true,"href":"https:\/\/booksfrommexico.com\/es\/wp-json\/wp\/v2\/product_tag?post=4799"}],"curies":[{"name":"wp","href":"https:\/\/api.w.org\/{rel}","templated":true}]}}