{"id":4800,"date":"2024-02-08T21:44:10","date_gmt":"2024-02-08T21:44:10","guid":{"rendered":"https:\/\/booksfrommexico.com\/product\/hacia-el-ambito-de-la-educacion-ambiental-para-la-sostenibilidad\/"},"modified":"2024-02-12T23:36:05","modified_gmt":"2024-02-12T23:36:05","slug":"hacia-el-ambito-de-la-educacion-ambiental-para-la-sostenibilidad","status":"publish","type":"product","link":"https:\/\/booksfrommexico.com\/es\/producto\/hacia-el-ambito-de-la-educacion-ambiental-para-la-sostenibilidad\/","title":{"rendered":"Hacia el \u00e1mbito de la educaci\u00f3n ambiental para la sostenibilidad"},"content":{"rendered":"<p><span style=\"font-weight: 400;\">Dentro de la serie Temas Selectos se incluye la colecci\u00f3n Derecho y Ciencias Sociales, a la cual pertenece este conjunto de investigaciones. Toma como eje la Conferencia sobre el Medio Ambiente Humano de Estocolmo, en la cual se encontraba en el puesto 96 la recomendaci\u00f3n de considerar la educaci\u00f3n ambiental para enfrentar con seriedad la crisis ambiental del mundo. A lo largo de 8 textos se busca concientizar a la ciudadan\u00eda y a las comunidades sobre una mayor responsabilidad para atender los temas ambientales, considerando los valores comunes de equidad y respeto por los dem\u00e1s, las generaciones futuras, la diversidad, el medio ambiente y los recursos de la Tierra.<\/span><\/p>\n","protected":false},"excerpt":{"rendered":"<p>HACIA EL \u00c1MBITO DE LA EDUCACI\u00d3N AMBIENTAL PARA LA SOSTENIBILIDAD. <span style=\"font-weight: 400;\">\/ Laura Elizabeth Garc\u00eda M\u00e9ndez (coordinadora). Cuernavaca, M\u00e9xico : Universidad Aut\u00f3noma del Estado de Morelos ; Ediciones Eternos Malabares, 2021. 170 pages : includes tables, bibliography ; 21 cm. (Temas Selectos Colecci\u00f3n Derecho y Ciencias Sociales). ISBN : 9786078784431 (UAEM) ; 9786079287443 (EEM).\u00a0<\/span><\/p>\n","protected":false},"featured_media":4865,"template":"","meta":{"_acf_changed":false,"inline_featured_image":false},"product_brand":[],"product_cat":[83],"product_tag":[4075,4129],"class_list":{"0":"post-4800","1":"product","2":"type-product","3":"status-publish","4":"has-post-thumbnail","6":"product_cat-ecologia-y-cuestiones-ambientales","7":"product_tag-ecologia","8":"product_tag-medio-anbiente","10":"first","11":"instock","12":"taxable","13":"shipping-taxable","14":"purchasable","15":"product-type-simple"},"acf":[],"yoast_head":"<!-- This site is optimized with the Yoast SEO plugin v27.3 - https:\/\/yoast.com\/product\/yoast-seo-wordpress\/ -->\n<title>Hacia el \u00e1mbito de la educaci\u00f3n ambiental para la sostenibilidad<\/title>\n<meta name=\"description\" content=\"Laura Elizabeth Garc\u00eda M\u00e9ndez (coordinadora). Cuernavaca, M\u00e9xico : Universidad Aut\u00f3noma del Estado de Morelos ; Ediciones Eternos Malabares, 2021.\" \/>\n<meta name=\"robots\" content=\"index, follow, max-snippet:-1, max-image-preview:large, max-video-preview:-1\" \/>\n<link rel=\"canonical\" href=\"https:\/\/booksfrommexico.com\/es\/producto\/hacia-el-ambito-de-la-educacion-ambiental-para-la-sostenibilidad\/\" \/>\n<meta property=\"og:locale\" content=\"es_ES\" \/>\n<meta property=\"og:type\" content=\"article\" \/>\n<meta property=\"og:title\" content=\"Hacia el \u00e1mbito de la educaci\u00f3n ambiental para la sostenibilidad\" \/>\n<meta property=\"og:description\" content=\"Laura Elizabeth Garc\u00eda M\u00e9ndez (coordinadora). Cuernavaca, M\u00e9xico : Universidad Aut\u00f3noma del Estado de Morelos ; Ediciones Eternos Malabares, 2021.\" \/>\n<meta property=\"og:url\" content=\"https:\/\/booksfrommexico.com\/es\/producto\/hacia-el-ambito-de-la-educacion-ambiental-para-la-sostenibilidad\/\" \/>\n<meta property=\"og:site_name\" content=\"Books From Mexico\" \/>\n<meta property=\"article:modified_time\" content=\"2024-02-12T23:36:05+00:00\" \/>\n<meta property=\"og:image\" content=\"http:\/\/booksfrommexico.com\/app\/uploads\/2024\/02\/195327.jpeg\" \/>\n\t<meta property=\"og:image:width\" content=\"388\" \/>\n\t<meta property=\"og:image:height\" content=\"601\" \/>\n\t<meta property=\"og:image:type\" content=\"image\/jpeg\" \/>\n<meta name=\"twitter:card\" content=\"summary_large_image\" \/>\n<meta name=\"twitter:label1\" content=\"Tiempo de lectura\" \/>\n\t<meta name=\"twitter:data1\" content=\"1 minuto\" \/>\n<script type=\"application\/ld+json\" class=\"yoast-schema-graph\">{\"@context\":\"https:\\\/\\\/schema.org\",\"@graph\":[{\"@type\":\"WebPage\",\"@id\":\"https:\\\/\\\/booksfrommexico.com\\\/es\\\/producto\\\/hacia-el-ambito-de-la-educacion-ambiental-para-la-sostenibilidad\\\/\",\"url\":\"https:\\\/\\\/booksfrommexico.com\\\/es\\\/producto\\\/hacia-el-ambito-de-la-educacion-ambiental-para-la-sostenibilidad\\\/\",\"name\":\"Hacia el \u00e1mbito de la educaci\u00f3n ambiental para la sostenibilidad\",\"isPartOf\":{\"@id\":\"https:\\\/\\\/booksfrommexico.com\\\/#website\"},\"primaryImageOfPage\":{\"@id\":\"https:\\\/\\\/booksfrommexico.com\\\/es\\\/producto\\\/hacia-el-ambito-de-la-educacion-ambiental-para-la-sostenibilidad\\\/#primaryimage\"},\"image\":{\"@id\":\"https:\\\/\\\/booksfrommexico.com\\\/es\\\/producto\\\/hacia-el-ambito-de-la-educacion-ambiental-para-la-sostenibilidad\\\/#primaryimage\"},\"thumbnailUrl\":\"https:\\\/\\\/booksfrommexico.com\\\/app\\\/uploads\\\/2024\\\/02\\\/195327.jpeg\",\"datePublished\":\"2024-02-08T21:44:10+00:00\",\"dateModified\":\"2024-02-12T23:36:05+00:00\",\"description\":\"Laura Elizabeth Garc\u00eda M\u00e9ndez (coordinadora). Cuernavaca, M\u00e9xico : Universidad Aut\u00f3noma del Estado de Morelos ; Ediciones Eternos Malabares, 2021.\",\"breadcrumb\":{\"@id\":\"https:\\\/\\\/booksfrommexico.com\\\/es\\\/producto\\\/hacia-el-ambito-de-la-educacion-ambiental-para-la-sostenibilidad\\\/#breadcrumb\"},\"inLanguage\":\"es\",\"potentialAction\":[{\"@type\":\"ReadAction\",\"target\":[\"https:\\\/\\\/booksfrommexico.com\\\/es\\\/producto\\\/hacia-el-ambito-de-la-educacion-ambiental-para-la-sostenibilidad\\\/\"]}]},{\"@type\":\"ImageObject\",\"inLanguage\":\"es\",\"@id\":\"https:\\\/\\\/booksfrommexico.com\\\/es\\\/producto\\\/hacia-el-ambito-de-la-educacion-ambiental-para-la-sostenibilidad\\\/#primaryimage\",\"url\":\"https:\\\/\\\/booksfrommexico.com\\\/app\\\/uploads\\\/2024\\\/02\\\/195327.jpeg\",\"contentUrl\":\"https:\\\/\\\/booksfrommexico.com\\\/app\\\/uploads\\\/2024\\\/02\\\/195327.jpeg\",\"width\":388,\"height\":601,\"caption\":\"Hacia el \u00e1mbito de la educaci\u00f3n ambiental para la sostenibilidad\"},{\"@type\":\"BreadcrumbList\",\"@id\":\"https:\\\/\\\/booksfrommexico.com\\\/es\\\/producto\\\/hacia-el-ambito-de-la-educacion-ambiental-para-la-sostenibilidad\\\/#breadcrumb\",\"itemListElement\":[{\"@type\":\"ListItem\",\"position\":1,\"name\":\"Home\",\"item\":\"https:\\\/\\\/booksfrommexico.com\\\/es\\\/\"},{\"@type\":\"ListItem\",\"position\":2,\"name\":\"Libros\",\"item\":\"https:\\\/\\\/booksfrommexico.com\\\/es\\\/libros\\\/\"},{\"@type\":\"ListItem\",\"position\":3,\"name\":\"Hacia el \u00e1mbito de la educaci\u00f3n ambiental para la sostenibilidad\"}]},{\"@type\":\"WebSite\",\"@id\":\"https:\\\/\\\/booksfrommexico.com\\\/#website\",\"url\":\"https:\\\/\\\/booksfrommexico.com\\\/\",\"name\":\"Books From Mexico\",\"description\":\"\",\"publisher\":{\"@id\":\"https:\\\/\\\/booksfrommexico.com\\\/#organization\"},\"potentialAction\":[{\"@type\":\"SearchAction\",\"target\":{\"@type\":\"EntryPoint\",\"urlTemplate\":\"https:\\\/\\\/booksfrommexico.com\\\/?s={search_term_string}\"},\"query-input\":{\"@type\":\"PropertyValueSpecification\",\"valueRequired\":true,\"valueName\":\"search_term_string\"}}],\"inLanguage\":\"es\"},{\"@type\":\"Organization\",\"@id\":\"https:\\\/\\\/booksfrommexico.com\\\/#organization\",\"name\":\"Books From Mexico\",\"url\":\"https:\\\/\\\/booksfrommexico.com\\\/\",\"logo\":{\"@type\":\"ImageObject\",\"inLanguage\":\"es\",\"@id\":\"https:\\\/\\\/booksfrommexico.com\\\/#\\\/schema\\\/logo\\\/image\\\/\",\"url\":\"https:\\\/\\\/booksfrommexico.com\\\/app\\\/uploads\\\/2023\\\/05\\\/logo-booksfrommexico.svg\",\"contentUrl\":\"https:\\\/\\\/booksfrommexico.com\\\/app\\\/uploads\\\/2023\\\/05\\\/logo-booksfrommexico.svg\",\"width\":86,\"height\":56,\"caption\":\"Books From Mexico\"},\"image\":{\"@id\":\"https:\\\/\\\/booksfrommexico.com\\\/#\\\/schema\\\/logo\\\/image\\\/\"}}]}<\/script>\n<!-- \/ Yoast SEO plugin. -->","yoast_head_json":{"title":"Hacia el \u00e1mbito de la educaci\u00f3n ambiental para la sostenibilidad","description":"Laura Elizabeth Garc\u00eda M\u00e9ndez (coordinadora). Cuernavaca, M\u00e9xico : Universidad Aut\u00f3noma del Estado de Morelos ; Ediciones Eternos Malabares, 2021.","robots":{"index":"index","follow":"follow","max-snippet":"max-snippet:-1","max-image-preview":"max-image-preview:large","max-video-preview":"max-video-preview:-1"},"canonical":"https:\/\/booksfrommexico.com\/es\/producto\/hacia-el-ambito-de-la-educacion-ambiental-para-la-sostenibilidad\/","og_locale":"es_ES","og_type":"article","og_title":"Hacia el \u00e1mbito de la educaci\u00f3n ambiental para la sostenibilidad","og_description":"Laura Elizabeth Garc\u00eda M\u00e9ndez (coordinadora). Cuernavaca, M\u00e9xico : Universidad Aut\u00f3noma del Estado de Morelos ; Ediciones Eternos Malabares, 2021.","og_url":"https:\/\/booksfrommexico.com\/es\/producto\/hacia-el-ambito-de-la-educacion-ambiental-para-la-sostenibilidad\/","og_site_name":"Books From Mexico","article_modified_time":"2024-02-12T23:36:05+00:00","og_image":[{"width":388,"height":601,"url":"http:\/\/booksfrommexico.com\/app\/uploads\/2024\/02\/195327.jpeg","type":"image\/jpeg"}],"twitter_card":"summary_large_image","twitter_misc":{"Tiempo de lectura":"1 minuto"},"schema":{"@context":"https:\/\/schema.org","@graph":[{"@type":"WebPage","@id":"https:\/\/booksfrommexico.com\/es\/producto\/hacia-el-ambito-de-la-educacion-ambiental-para-la-sostenibilidad\/","url":"https:\/\/booksfrommexico.com\/es\/producto\/hacia-el-ambito-de-la-educacion-ambiental-para-la-sostenibilidad\/","name":"Hacia el \u00e1mbito de la educaci\u00f3n ambiental para la sostenibilidad","isPartOf":{"@id":"https:\/\/booksfrommexico.com\/#website"},"primaryImageOfPage":{"@id":"https:\/\/booksfrommexico.com\/es\/producto\/hacia-el-ambito-de-la-educacion-ambiental-para-la-sostenibilidad\/#primaryimage"},"image":{"@id":"https:\/\/booksfrommexico.com\/es\/producto\/hacia-el-ambito-de-la-educacion-ambiental-para-la-sostenibilidad\/#primaryimage"},"thumbnailUrl":"https:\/\/booksfrommexico.com\/app\/uploads\/2024\/02\/195327.jpeg","datePublished":"2024-02-08T21:44:10+00:00","dateModified":"2024-02-12T23:36:05+00:00","description":"Laura Elizabeth Garc\u00eda M\u00e9ndez (coordinadora). Cuernavaca, M\u00e9xico : Universidad Aut\u00f3noma del Estado de Morelos ; Ediciones Eternos Malabares, 2021.","breadcrumb":{"@id":"https:\/\/booksfrommexico.com\/es\/producto\/hacia-el-ambito-de-la-educacion-ambiental-para-la-sostenibilidad\/#breadcrumb"},"inLanguage":"es","potentialAction":[{"@type":"ReadAction","target":["https:\/\/booksfrommexico.com\/es\/producto\/hacia-el-ambito-de-la-educacion-ambiental-para-la-sostenibilidad\/"]}]},{"@type":"ImageObject","inLanguage":"es","@id":"https:\/\/booksfrommexico.com\/es\/producto\/hacia-el-ambito-de-la-educacion-ambiental-para-la-sostenibilidad\/#primaryimage","url":"https:\/\/booksfrommexico.com\/app\/uploads\/2024\/02\/195327.jpeg","contentUrl":"https:\/\/booksfrommexico.com\/app\/uploads\/2024\/02\/195327.jpeg","width":388,"height":601,"caption":"Hacia el \u00e1mbito de la educaci\u00f3n ambiental para la sostenibilidad"},{"@type":"BreadcrumbList","@id":"https:\/\/booksfrommexico.com\/es\/producto\/hacia-el-ambito-de-la-educacion-ambiental-para-la-sostenibilidad\/#breadcrumb","itemListElement":[{"@type":"ListItem","position":1,"name":"Home","item":"https:\/\/booksfrommexico.com\/es\/"},{"@type":"ListItem","position":2,"name":"Libros","item":"https:\/\/booksfrommexico.com\/es\/libros\/"},{"@type":"ListItem","position":3,"name":"Hacia el \u00e1mbito de la educaci\u00f3n ambiental para la sostenibilidad"}]},{"@type":"WebSite","@id":"https:\/\/booksfrommexico.com\/#website","url":"https:\/\/booksfrommexico.com\/","name":"Books From Mexico","description":"","publisher":{"@id":"https:\/\/booksfrommexico.com\/#organization"},"potentialAction":[{"@type":"SearchAction","target":{"@type":"EntryPoint","urlTemplate":"https:\/\/booksfrommexico.com\/?s={search_term_string}"},"query-input":{"@type":"PropertyValueSpecification","valueRequired":true,"valueName":"search_term_string"}}],"inLanguage":"es"},{"@type":"Organization","@id":"https:\/\/booksfrommexico.com\/#organization","name":"Books From Mexico","url":"https:\/\/booksfrommexico.com\/","logo":{"@type":"ImageObject","inLanguage":"es","@id":"https:\/\/booksfrommexico.com\/#\/schema\/logo\/image\/","url":"https:\/\/booksfrommexico.com\/app\/uploads\/2023\/05\/logo-booksfrommexico.svg","contentUrl":"https:\/\/booksfrommexico.com\/app\/uploads\/2023\/05\/logo-booksfrommexico.svg","width":86,"height":56,"caption":"Books From Mexico"},"image":{"@id":"https:\/\/booksfrommexico.com\/#\/schema\/logo\/image\/"}}]}},"_links":{"self":[{"href":"https:\/\/booksfrommexico.com\/es\/wp-json\/wp\/v2\/product\/4800","targetHints":{"allow":["GET"]}}],"collection":[{"href":"https:\/\/booksfrommexico.com\/es\/wp-json\/wp\/v2\/product"}],"about":[{"href":"https:\/\/booksfrommexico.com\/es\/wp-json\/wp\/v2\/types\/product"}],"wp:featuredmedia":[{"embeddable":true,"href":"https:\/\/booksfrommexico.com\/es\/wp-json\/wp\/v2\/media\/4865"}],"wp:attachment":[{"href":"https:\/\/booksfrommexico.com\/es\/wp-json\/wp\/v2\/media?parent=4800"}],"wp:term":[{"taxonomy":"product_brand","embeddable":true,"href":"https:\/\/booksfrommexico.com\/es\/wp-json\/wp\/v2\/product_brand?post=4800"},{"taxonomy":"product_cat","embeddable":true,"href":"https:\/\/booksfrommexico.com\/es\/wp-json\/wp\/v2\/product_cat?post=4800"},{"taxonomy":"product_tag","embeddable":true,"href":"https:\/\/booksfrommexico.com\/es\/wp-json\/wp\/v2\/product_tag?post=4800"}],"curies":[{"name":"wp","href":"https:\/\/api.w.org\/{rel}","templated":true}]}}