{"id":4801,"date":"2024-02-08T21:44:10","date_gmt":"2024-02-08T21:44:10","guid":{"rendered":"https:\/\/booksfrommexico.com\/product\/diagnostico-sobre-el-debido-proceso-para-poblacion-indigena-en-prision-estado-de-campeche\/"},"modified":"2024-02-13T20:59:06","modified_gmt":"2024-02-13T20:59:06","slug":"diagnostico-sobre-el-debido-proceso-para-poblacion-indigena-en-prision-estado-de-campeche","status":"publish","type":"product","link":"https:\/\/booksfrommexico.com\/es\/producto\/diagnostico-sobre-el-debido-proceso-para-poblacion-indigena-en-prision-estado-de-campeche\/","title":{"rendered":"Diagn\u00f3stico sobre el debido proceso para poblaci\u00f3n ind\u00edgena en prisi\u00f3n estado de Campeche"},"content":{"rendered":"<p><span style=\"font-weight: 400;\">Los autores realizaron esta investigaci\u00f3n con el fin de ofrecer un panorama general de la situaci\u00f3n de la poblaci\u00f3n ind\u00edgena, en t\u00e9rminos de acceso a la justicia y dar a conocer la realidad de mujeres y hombres ind\u00edgenas en reclusi\u00f3n. Tocando t\u00f3picos sobre c\u00f3mo es o ha sido su proceso penal por el cual fueron sentenciados o si \u00e9ste cumpli\u00f3 con las garant\u00edas del debido proceso. Ubican su objeto de estudio en el Centro de Reinserci\u00f3n Social de San Francisco Kob\u00e9n, en el estado de Campeche. La informaci\u00f3n aqu\u00ed contenida ha sido extra\u00edda del proyecto para la excarcelaci\u00f3n denominado <\/span><i><span style=\"font-weight: 400;\">Propuesta de intervenci\u00f3n<\/span><\/i><span style=\"font-weight: 400;\"> piloto de Di\u00e1logo y movimiento, A.C. <\/span><\/p>\n","protected":false},"excerpt":{"rendered":"<p>DIAGN\u00d3STICO SOBRE EL DEBIDO PROCESO PARA POBLACI\u00d3N IND\u00cdGENA EN PRISI\u00d3N ESTADO DE CAMPECHE. <span style=\"font-weight: 400;\">\/ Artemia Fabre Zarandona, Elisa Cruz Rueda, Mar\u00eda del Pilar Elizondo Zenteno. Chiapas, M\u00e9xico : Universidad Aut\u00f3noma de Chiapas : Di\u00e1logo y movimiento : Pol\u00edtica, Gesti\u00f3n y Educaci\u00f3n en y para la diversidad:\u00a0 Gobierno de Chiapas ,\u00a0 Insituto de Ciencia, Tecnolog\u00eda e Innovaci\u00f3n ; Michigan, Estados Unidos : W.K. Kellog Fundation, 2020. 100 pages : includes tables, graphics, bibliography ; 23 cm. ISBN : 9786078800124.<\/span><\/p>\n","protected":false},"featured_media":4868,"template":"","meta":{"_acf_changed":false,"inline_featured_image":false},"product_brand":[],"product_cat":[3334,3333],"product_tag":[3837,3639,4001],"class_list":{"0":"post-4801","1":"product","2":"type-product","3":"status-publish","4":"has-post-thumbnail","6":"product_cat-derechos-humanos-y-asuntos-juridicos","7":"product_cat-leyes-y-asuntos-juridicos","8":"product_tag-derechos-humanos","9":"product_tag-derechos-indigenas","10":"product_tag-leyes","12":"first","13":"instock","14":"taxable","15":"shipping-taxable","16":"purchasable","17":"product-type-simple"},"acf":[],"yoast_head":"<!-- This site is optimized with the Yoast SEO plugin v27.3 - https:\/\/yoast.com\/product\/yoast-seo-wordpress\/ -->\n<title>Diagn\u00f3stico sobre el debido proceso para poblaci\u00f3n ind\u00edgena en prisi\u00f3n estado de Campeche<\/title>\n<meta name=\"description\" content=\"Artemia Fabre Zarandona, Elisa Cruz Rueda, Mar\u00eda del Pilar Elizondo Zenteno. 2020. Includes tables, graphics, bibliography ; 23 cm. ISBN : 9786078800124.\" \/>\n<meta name=\"robots\" content=\"index, follow, max-snippet:-1, max-image-preview:large, max-video-preview:-1\" \/>\n<link rel=\"canonical\" href=\"https:\/\/booksfrommexico.com\/es\/producto\/diagnostico-sobre-el-debido-proceso-para-poblacion-indigena-en-prision-estado-de-campeche\/\" \/>\n<meta property=\"og:locale\" content=\"es_ES\" \/>\n<meta property=\"og:type\" content=\"article\" \/>\n<meta property=\"og:title\" content=\"Diagn\u00f3stico sobre el debido proceso para poblaci\u00f3n ind\u00edgena en prisi\u00f3n estado de Campeche\" \/>\n<meta property=\"og:description\" content=\"Artemia Fabre Zarandona, Elisa Cruz Rueda, Mar\u00eda del Pilar Elizondo Zenteno. 2020. Includes tables, graphics, bibliography ; 23 cm. ISBN : 9786078800124.\" \/>\n<meta property=\"og:url\" content=\"https:\/\/booksfrommexico.com\/es\/producto\/diagnostico-sobre-el-debido-proceso-para-poblacion-indigena-en-prision-estado-de-campeche\/\" \/>\n<meta property=\"og:site_name\" content=\"Books From Mexico\" \/>\n<meta property=\"article:modified_time\" content=\"2024-02-13T20:59:06+00:00\" \/>\n<meta property=\"og:image\" content=\"http:\/\/booksfrommexico.com\/app\/uploads\/2024\/02\/195447.jpeg\" \/>\n\t<meta property=\"og:image:width\" content=\"495\" \/>\n\t<meta property=\"og:image:height\" content=\"666\" \/>\n\t<meta property=\"og:image:type\" content=\"image\/jpeg\" \/>\n<meta name=\"twitter:card\" content=\"summary_large_image\" \/>\n<meta name=\"twitter:label1\" content=\"Tiempo de lectura\" \/>\n\t<meta name=\"twitter:data1\" content=\"1 minuto\" \/>\n<script type=\"application\/ld+json\" class=\"yoast-schema-graph\">{\"@context\":\"https:\\\/\\\/schema.org\",\"@graph\":[{\"@type\":\"WebPage\",\"@id\":\"https:\\\/\\\/booksfrommexico.com\\\/es\\\/producto\\\/diagnostico-sobre-el-debido-proceso-para-poblacion-indigena-en-prision-estado-de-campeche\\\/\",\"url\":\"https:\\\/\\\/booksfrommexico.com\\\/es\\\/producto\\\/diagnostico-sobre-el-debido-proceso-para-poblacion-indigena-en-prision-estado-de-campeche\\\/\",\"name\":\"Diagn\u00f3stico sobre el debido proceso para poblaci\u00f3n ind\u00edgena en prisi\u00f3n estado de Campeche\",\"isPartOf\":{\"@id\":\"https:\\\/\\\/booksfrommexico.com\\\/#website\"},\"primaryImageOfPage\":{\"@id\":\"https:\\\/\\\/booksfrommexico.com\\\/es\\\/producto\\\/diagnostico-sobre-el-debido-proceso-para-poblacion-indigena-en-prision-estado-de-campeche\\\/#primaryimage\"},\"image\":{\"@id\":\"https:\\\/\\\/booksfrommexico.com\\\/es\\\/producto\\\/diagnostico-sobre-el-debido-proceso-para-poblacion-indigena-en-prision-estado-de-campeche\\\/#primaryimage\"},\"thumbnailUrl\":\"https:\\\/\\\/booksfrommexico.com\\\/app\\\/uploads\\\/2024\\\/02\\\/195447.jpeg\",\"datePublished\":\"2024-02-08T21:44:10+00:00\",\"dateModified\":\"2024-02-13T20:59:06+00:00\",\"description\":\"Artemia Fabre Zarandona, Elisa Cruz Rueda, Mar\u00eda del Pilar Elizondo Zenteno. 2020. Includes tables, graphics, bibliography ; 23 cm. ISBN : 9786078800124.\",\"breadcrumb\":{\"@id\":\"https:\\\/\\\/booksfrommexico.com\\\/es\\\/producto\\\/diagnostico-sobre-el-debido-proceso-para-poblacion-indigena-en-prision-estado-de-campeche\\\/#breadcrumb\"},\"inLanguage\":\"es\",\"potentialAction\":[{\"@type\":\"ReadAction\",\"target\":[\"https:\\\/\\\/booksfrommexico.com\\\/es\\\/producto\\\/diagnostico-sobre-el-debido-proceso-para-poblacion-indigena-en-prision-estado-de-campeche\\\/\"]}]},{\"@type\":\"ImageObject\",\"inLanguage\":\"es\",\"@id\":\"https:\\\/\\\/booksfrommexico.com\\\/es\\\/producto\\\/diagnostico-sobre-el-debido-proceso-para-poblacion-indigena-en-prision-estado-de-campeche\\\/#primaryimage\",\"url\":\"https:\\\/\\\/booksfrommexico.com\\\/app\\\/uploads\\\/2024\\\/02\\\/195447.jpeg\",\"contentUrl\":\"https:\\\/\\\/booksfrommexico.com\\\/app\\\/uploads\\\/2024\\\/02\\\/195447.jpeg\",\"width\":495,\"height\":666,\"caption\":\"Diagn\u00f3stico sobre el debido proceso para poblaci\u00f3n ind\u00edgena en prisi\u00f3n estado de Campeche\"},{\"@type\":\"BreadcrumbList\",\"@id\":\"https:\\\/\\\/booksfrommexico.com\\\/es\\\/producto\\\/diagnostico-sobre-el-debido-proceso-para-poblacion-indigena-en-prision-estado-de-campeche\\\/#breadcrumb\",\"itemListElement\":[{\"@type\":\"ListItem\",\"position\":1,\"name\":\"Home\",\"item\":\"https:\\\/\\\/booksfrommexico.com\\\/es\\\/\"},{\"@type\":\"ListItem\",\"position\":2,\"name\":\"Libros\",\"item\":\"https:\\\/\\\/booksfrommexico.com\\\/es\\\/libros\\\/\"},{\"@type\":\"ListItem\",\"position\":3,\"name\":\"Diagn\u00f3stico sobre el debido proceso para poblaci\u00f3n ind\u00edgena en prisi\u00f3n estado de Campeche\"}]},{\"@type\":\"WebSite\",\"@id\":\"https:\\\/\\\/booksfrommexico.com\\\/#website\",\"url\":\"https:\\\/\\\/booksfrommexico.com\\\/\",\"name\":\"Books From Mexico\",\"description\":\"\",\"publisher\":{\"@id\":\"https:\\\/\\\/booksfrommexico.com\\\/#organization\"},\"potentialAction\":[{\"@type\":\"SearchAction\",\"target\":{\"@type\":\"EntryPoint\",\"urlTemplate\":\"https:\\\/\\\/booksfrommexico.com\\\/?s={search_term_string}\"},\"query-input\":{\"@type\":\"PropertyValueSpecification\",\"valueRequired\":true,\"valueName\":\"search_term_string\"}}],\"inLanguage\":\"es\"},{\"@type\":\"Organization\",\"@id\":\"https:\\\/\\\/booksfrommexico.com\\\/#organization\",\"name\":\"Books From Mexico\",\"url\":\"https:\\\/\\\/booksfrommexico.com\\\/\",\"logo\":{\"@type\":\"ImageObject\",\"inLanguage\":\"es\",\"@id\":\"https:\\\/\\\/booksfrommexico.com\\\/#\\\/schema\\\/logo\\\/image\\\/\",\"url\":\"https:\\\/\\\/booksfrommexico.com\\\/app\\\/uploads\\\/2023\\\/05\\\/logo-booksfrommexico.svg\",\"contentUrl\":\"https:\\\/\\\/booksfrommexico.com\\\/app\\\/uploads\\\/2023\\\/05\\\/logo-booksfrommexico.svg\",\"width\":86,\"height\":56,\"caption\":\"Books From Mexico\"},\"image\":{\"@id\":\"https:\\\/\\\/booksfrommexico.com\\\/#\\\/schema\\\/logo\\\/image\\\/\"}}]}<\/script>\n<!-- \/ Yoast SEO plugin. -->","yoast_head_json":{"title":"Diagn\u00f3stico sobre el debido proceso para poblaci\u00f3n ind\u00edgena en prisi\u00f3n estado de Campeche","description":"Artemia Fabre Zarandona, Elisa Cruz Rueda, Mar\u00eda del Pilar Elizondo Zenteno. 2020. Includes tables, graphics, bibliography ; 23 cm. ISBN : 9786078800124.","robots":{"index":"index","follow":"follow","max-snippet":"max-snippet:-1","max-image-preview":"max-image-preview:large","max-video-preview":"max-video-preview:-1"},"canonical":"https:\/\/booksfrommexico.com\/es\/producto\/diagnostico-sobre-el-debido-proceso-para-poblacion-indigena-en-prision-estado-de-campeche\/","og_locale":"es_ES","og_type":"article","og_title":"Diagn\u00f3stico sobre el debido proceso para poblaci\u00f3n ind\u00edgena en prisi\u00f3n estado de Campeche","og_description":"Artemia Fabre Zarandona, Elisa Cruz Rueda, Mar\u00eda del Pilar Elizondo Zenteno. 2020. Includes tables, graphics, bibliography ; 23 cm. ISBN : 9786078800124.","og_url":"https:\/\/booksfrommexico.com\/es\/producto\/diagnostico-sobre-el-debido-proceso-para-poblacion-indigena-en-prision-estado-de-campeche\/","og_site_name":"Books From Mexico","article_modified_time":"2024-02-13T20:59:06+00:00","og_image":[{"width":495,"height":666,"url":"http:\/\/booksfrommexico.com\/app\/uploads\/2024\/02\/195447.jpeg","type":"image\/jpeg"}],"twitter_card":"summary_large_image","twitter_misc":{"Tiempo de lectura":"1 minuto"},"schema":{"@context":"https:\/\/schema.org","@graph":[{"@type":"WebPage","@id":"https:\/\/booksfrommexico.com\/es\/producto\/diagnostico-sobre-el-debido-proceso-para-poblacion-indigena-en-prision-estado-de-campeche\/","url":"https:\/\/booksfrommexico.com\/es\/producto\/diagnostico-sobre-el-debido-proceso-para-poblacion-indigena-en-prision-estado-de-campeche\/","name":"Diagn\u00f3stico sobre el debido proceso para poblaci\u00f3n ind\u00edgena en prisi\u00f3n estado de Campeche","isPartOf":{"@id":"https:\/\/booksfrommexico.com\/#website"},"primaryImageOfPage":{"@id":"https:\/\/booksfrommexico.com\/es\/producto\/diagnostico-sobre-el-debido-proceso-para-poblacion-indigena-en-prision-estado-de-campeche\/#primaryimage"},"image":{"@id":"https:\/\/booksfrommexico.com\/es\/producto\/diagnostico-sobre-el-debido-proceso-para-poblacion-indigena-en-prision-estado-de-campeche\/#primaryimage"},"thumbnailUrl":"https:\/\/booksfrommexico.com\/app\/uploads\/2024\/02\/195447.jpeg","datePublished":"2024-02-08T21:44:10+00:00","dateModified":"2024-02-13T20:59:06+00:00","description":"Artemia Fabre Zarandona, Elisa Cruz Rueda, Mar\u00eda del Pilar Elizondo Zenteno. 2020. Includes tables, graphics, bibliography ; 23 cm. ISBN : 9786078800124.","breadcrumb":{"@id":"https:\/\/booksfrommexico.com\/es\/producto\/diagnostico-sobre-el-debido-proceso-para-poblacion-indigena-en-prision-estado-de-campeche\/#breadcrumb"},"inLanguage":"es","potentialAction":[{"@type":"ReadAction","target":["https:\/\/booksfrommexico.com\/es\/producto\/diagnostico-sobre-el-debido-proceso-para-poblacion-indigena-en-prision-estado-de-campeche\/"]}]},{"@type":"ImageObject","inLanguage":"es","@id":"https:\/\/booksfrommexico.com\/es\/producto\/diagnostico-sobre-el-debido-proceso-para-poblacion-indigena-en-prision-estado-de-campeche\/#primaryimage","url":"https:\/\/booksfrommexico.com\/app\/uploads\/2024\/02\/195447.jpeg","contentUrl":"https:\/\/booksfrommexico.com\/app\/uploads\/2024\/02\/195447.jpeg","width":495,"height":666,"caption":"Diagn\u00f3stico sobre el debido proceso para poblaci\u00f3n ind\u00edgena en prisi\u00f3n estado de Campeche"},{"@type":"BreadcrumbList","@id":"https:\/\/booksfrommexico.com\/es\/producto\/diagnostico-sobre-el-debido-proceso-para-poblacion-indigena-en-prision-estado-de-campeche\/#breadcrumb","itemListElement":[{"@type":"ListItem","position":1,"name":"Home","item":"https:\/\/booksfrommexico.com\/es\/"},{"@type":"ListItem","position":2,"name":"Libros","item":"https:\/\/booksfrommexico.com\/es\/libros\/"},{"@type":"ListItem","position":3,"name":"Diagn\u00f3stico sobre el debido proceso para poblaci\u00f3n ind\u00edgena en prisi\u00f3n estado de Campeche"}]},{"@type":"WebSite","@id":"https:\/\/booksfrommexico.com\/#website","url":"https:\/\/booksfrommexico.com\/","name":"Books From Mexico","description":"","publisher":{"@id":"https:\/\/booksfrommexico.com\/#organization"},"potentialAction":[{"@type":"SearchAction","target":{"@type":"EntryPoint","urlTemplate":"https:\/\/booksfrommexico.com\/?s={search_term_string}"},"query-input":{"@type":"PropertyValueSpecification","valueRequired":true,"valueName":"search_term_string"}}],"inLanguage":"es"},{"@type":"Organization","@id":"https:\/\/booksfrommexico.com\/#organization","name":"Books From Mexico","url":"https:\/\/booksfrommexico.com\/","logo":{"@type":"ImageObject","inLanguage":"es","@id":"https:\/\/booksfrommexico.com\/#\/schema\/logo\/image\/","url":"https:\/\/booksfrommexico.com\/app\/uploads\/2023\/05\/logo-booksfrommexico.svg","contentUrl":"https:\/\/booksfrommexico.com\/app\/uploads\/2023\/05\/logo-booksfrommexico.svg","width":86,"height":56,"caption":"Books From Mexico"},"image":{"@id":"https:\/\/booksfrommexico.com\/#\/schema\/logo\/image\/"}}]}},"_links":{"self":[{"href":"https:\/\/booksfrommexico.com\/es\/wp-json\/wp\/v2\/product\/4801","targetHints":{"allow":["GET"]}}],"collection":[{"href":"https:\/\/booksfrommexico.com\/es\/wp-json\/wp\/v2\/product"}],"about":[{"href":"https:\/\/booksfrommexico.com\/es\/wp-json\/wp\/v2\/types\/product"}],"wp:featuredmedia":[{"embeddable":true,"href":"https:\/\/booksfrommexico.com\/es\/wp-json\/wp\/v2\/media\/4868"}],"wp:attachment":[{"href":"https:\/\/booksfrommexico.com\/es\/wp-json\/wp\/v2\/media?parent=4801"}],"wp:term":[{"taxonomy":"product_brand","embeddable":true,"href":"https:\/\/booksfrommexico.com\/es\/wp-json\/wp\/v2\/product_brand?post=4801"},{"taxonomy":"product_cat","embeddable":true,"href":"https:\/\/booksfrommexico.com\/es\/wp-json\/wp\/v2\/product_cat?post=4801"},{"taxonomy":"product_tag","embeddable":true,"href":"https:\/\/booksfrommexico.com\/es\/wp-json\/wp\/v2\/product_tag?post=4801"}],"curies":[{"name":"wp","href":"https:\/\/api.w.org\/{rel}","templated":true}]}}