{"id":4804,"date":"2024-02-08T21:44:10","date_gmt":"2024-02-08T21:44:10","guid":{"rendered":"https:\/\/booksfrommexico.com\/product\/antologia\/"},"modified":"2024-04-08T20:49:02","modified_gmt":"2024-04-08T20:49:02","slug":"antologia","status":"publish","type":"product","link":"https:\/\/booksfrommexico.com\/es\/producto\/antologia\/","title":{"rendered":"Antolog\u00eda"},"content":{"rendered":"<p><span style=\"font-weight: 400;\">Prestigioso poeta de Luxemburgo publica por primera vez en M\u00e9xico una serie de 79 textos entre los cuales hay cartas, poemas y reflexiones. Antolog\u00eda realizada especialmente por La Cartonera para los lectores mexicanos, presentando los textos tanto en espa\u00f1ol como en su idioma original, ofreciendo la posibilidad de cotejar ambos para apreciar la riqueza del lenguaje. Contando con una encuadernaci\u00f3n artesanal elaborada al estilo de La Cartonera y con una ilustraci\u00f3n \u00fanica hecha a mano, este ejemplar es parte de una selecci\u00f3n con tiraje de \u00fanicamente 150 piezas.<\/span><\/p>\n","protected":false},"excerpt":{"rendered":"<p><span style=\"font-weight: 400;\">ANTOLOG\u00cdA. \/ Lambert Schlechter. Cuernavaca, Morelos, M\u00e9xico : La Cartonera, 2020. 177 pages ; 23 cm.<\/span><\/p>\n","protected":false},"featured_media":4879,"template":"","meta":{"_acf_changed":false,"inline_featured_image":false},"product_brand":[],"product_cat":[25,32],"product_tag":[4193,4115,4022],"class_list":{"0":"post-4804","1":"product","2":"type-product","3":"status-publish","4":"has-post-thumbnail","6":"product_cat-literatura","7":"product_cat-poesia-literatura","8":"product_tag-cartonera-es","9":"product_tag-poesia-es","10":"product_tag-poesia-francesa","12":"first","13":"instock","14":"taxable","15":"shipping-taxable","16":"purchasable","17":"product-type-simple"},"acf":[],"yoast_head":"<!-- This site is optimized with the Yoast SEO plugin v27.2 - https:\/\/yoast.com\/product\/yoast-seo-wordpress\/ -->\n<title>Antolog\u00eda<\/title>\n<meta name=\"description\" content=\"Lambert Schlechter. Cuernavaca, Morelos, M\u00e9xico : La Cartonera, 2020. Selecci\u00f3n y traducci\u00f3n: Dany Hurpin, Fr\u00e9d\u00e9ric-Yves Jeannet y Nayeli S\u00e1nchez.\" \/>\n<meta name=\"robots\" content=\"index, follow, max-snippet:-1, max-image-preview:large, max-video-preview:-1\" \/>\n<link rel=\"canonical\" href=\"https:\/\/booksfrommexico.com\/es\/producto\/antologia\/\" \/>\n<meta property=\"og:locale\" content=\"es_ES\" \/>\n<meta property=\"og:type\" content=\"article\" \/>\n<meta property=\"og:title\" content=\"Antolog\u00eda\" \/>\n<meta property=\"og:description\" content=\"Lambert Schlechter. Cuernavaca, Morelos, M\u00e9xico : La Cartonera, 2020. Selecci\u00f3n y traducci\u00f3n: Dany Hurpin, Fr\u00e9d\u00e9ric-Yves Jeannet y Nayeli S\u00e1nchez.\" \/>\n<meta property=\"og:url\" content=\"https:\/\/booksfrommexico.com\/es\/producto\/antologia\/\" \/>\n<meta property=\"og:site_name\" content=\"Books From Mexico\" \/>\n<meta property=\"article:modified_time\" content=\"2024-04-08T20:49:02+00:00\" \/>\n<meta property=\"og:image\" content=\"http:\/\/booksfrommexico.com\/app\/uploads\/2024\/02\/195494.jpeg\" \/>\n\t<meta property=\"og:image:width\" content=\"425\" \/>\n\t<meta property=\"og:image:height\" content=\"647\" \/>\n\t<meta property=\"og:image:type\" content=\"image\/jpeg\" \/>\n<meta name=\"twitter:card\" content=\"summary_large_image\" \/>\n<meta name=\"twitter:label1\" content=\"Tiempo de lectura\" \/>\n\t<meta name=\"twitter:data1\" content=\"1 minuto\" \/>\n<script type=\"application\/ld+json\" class=\"yoast-schema-graph\">{\"@context\":\"https:\/\/schema.org\",\"@graph\":[{\"@type\":\"WebPage\",\"@id\":\"https:\/\/booksfrommexico.com\/es\/producto\/antologia\/\",\"url\":\"https:\/\/booksfrommexico.com\/es\/producto\/antologia\/\",\"name\":\"Antolog\u00eda\",\"isPartOf\":{\"@id\":\"https:\/\/booksfrommexico.com\/#website\"},\"primaryImageOfPage\":{\"@id\":\"https:\/\/booksfrommexico.com\/es\/producto\/antologia\/#primaryimage\"},\"image\":{\"@id\":\"https:\/\/booksfrommexico.com\/es\/producto\/antologia\/#primaryimage\"},\"thumbnailUrl\":\"https:\/\/booksfrommexico.com\/app\/uploads\/2024\/02\/195494.jpeg\",\"datePublished\":\"2024-02-08T21:44:10+00:00\",\"dateModified\":\"2024-04-08T20:49:02+00:00\",\"description\":\"Lambert Schlechter. Cuernavaca, Morelos, M\u00e9xico : La Cartonera, 2020. Selecci\u00f3n y traducci\u00f3n: Dany Hurpin, Fr\u00e9d\u00e9ric-Yves Jeannet y Nayeli S\u00e1nchez.\",\"breadcrumb\":{\"@id\":\"https:\/\/booksfrommexico.com\/es\/producto\/antologia\/#breadcrumb\"},\"inLanguage\":\"es\",\"potentialAction\":[{\"@type\":\"ReadAction\",\"target\":[\"https:\/\/booksfrommexico.com\/es\/producto\/antologia\/\"]}]},{\"@type\":\"ImageObject\",\"inLanguage\":\"es\",\"@id\":\"https:\/\/booksfrommexico.com\/es\/producto\/antologia\/#primaryimage\",\"url\":\"https:\/\/booksfrommexico.com\/app\/uploads\/2024\/02\/195494.jpeg\",\"contentUrl\":\"https:\/\/booksfrommexico.com\/app\/uploads\/2024\/02\/195494.jpeg\",\"width\":425,\"height\":647,\"caption\":\"Antolog\u00eda\"},{\"@type\":\"BreadcrumbList\",\"@id\":\"https:\/\/booksfrommexico.com\/es\/producto\/antologia\/#breadcrumb\",\"itemListElement\":[{\"@type\":\"ListItem\",\"position\":1,\"name\":\"Home\",\"item\":\"https:\/\/booksfrommexico.com\/es\/\"},{\"@type\":\"ListItem\",\"position\":2,\"name\":\"Libros\",\"item\":\"https:\/\/booksfrommexico.com\/es\/libros\/\"},{\"@type\":\"ListItem\",\"position\":3,\"name\":\"Antolog\u00eda\"}]},{\"@type\":\"WebSite\",\"@id\":\"https:\/\/booksfrommexico.com\/#website\",\"url\":\"https:\/\/booksfrommexico.com\/\",\"name\":\"Books From Mexico\",\"description\":\"\",\"publisher\":{\"@id\":\"https:\/\/booksfrommexico.com\/#organization\"},\"potentialAction\":[{\"@type\":\"SearchAction\",\"target\":{\"@type\":\"EntryPoint\",\"urlTemplate\":\"https:\/\/booksfrommexico.com\/?s={search_term_string}\"},\"query-input\":{\"@type\":\"PropertyValueSpecification\",\"valueRequired\":true,\"valueName\":\"search_term_string\"}}],\"inLanguage\":\"es\"},{\"@type\":\"Organization\",\"@id\":\"https:\/\/booksfrommexico.com\/#organization\",\"name\":\"Books From Mexico\",\"url\":\"https:\/\/booksfrommexico.com\/\",\"logo\":{\"@type\":\"ImageObject\",\"inLanguage\":\"es\",\"@id\":\"https:\/\/booksfrommexico.com\/#\/schema\/logo\/image\/\",\"url\":\"https:\/\/booksfrommexico.com\/app\/uploads\/2023\/05\/logo-booksfrommexico.svg\",\"contentUrl\":\"https:\/\/booksfrommexico.com\/app\/uploads\/2023\/05\/logo-booksfrommexico.svg\",\"width\":86,\"height\":56,\"caption\":\"Books From Mexico\"},\"image\":{\"@id\":\"https:\/\/booksfrommexico.com\/#\/schema\/logo\/image\/\"}}]}<\/script>\n<!-- \/ Yoast SEO plugin. -->","yoast_head_json":{"title":"Antolog\u00eda","description":"Lambert Schlechter. Cuernavaca, Morelos, M\u00e9xico : La Cartonera, 2020. Selecci\u00f3n y traducci\u00f3n: Dany Hurpin, Fr\u00e9d\u00e9ric-Yves Jeannet y Nayeli S\u00e1nchez.","robots":{"index":"index","follow":"follow","max-snippet":"max-snippet:-1","max-image-preview":"max-image-preview:large","max-video-preview":"max-video-preview:-1"},"canonical":"https:\/\/booksfrommexico.com\/es\/producto\/antologia\/","og_locale":"es_ES","og_type":"article","og_title":"Antolog\u00eda","og_description":"Lambert Schlechter. Cuernavaca, Morelos, M\u00e9xico : La Cartonera, 2020. Selecci\u00f3n y traducci\u00f3n: Dany Hurpin, Fr\u00e9d\u00e9ric-Yves Jeannet y Nayeli S\u00e1nchez.","og_url":"https:\/\/booksfrommexico.com\/es\/producto\/antologia\/","og_site_name":"Books From Mexico","article_modified_time":"2024-04-08T20:49:02+00:00","og_image":[{"width":425,"height":647,"url":"http:\/\/booksfrommexico.com\/app\/uploads\/2024\/02\/195494.jpeg","type":"image\/jpeg"}],"twitter_card":"summary_large_image","twitter_misc":{"Tiempo de lectura":"1 minuto"},"schema":{"@context":"https:\/\/schema.org","@graph":[{"@type":"WebPage","@id":"https:\/\/booksfrommexico.com\/es\/producto\/antologia\/","url":"https:\/\/booksfrommexico.com\/es\/producto\/antologia\/","name":"Antolog\u00eda","isPartOf":{"@id":"https:\/\/booksfrommexico.com\/#website"},"primaryImageOfPage":{"@id":"https:\/\/booksfrommexico.com\/es\/producto\/antologia\/#primaryimage"},"image":{"@id":"https:\/\/booksfrommexico.com\/es\/producto\/antologia\/#primaryimage"},"thumbnailUrl":"https:\/\/booksfrommexico.com\/app\/uploads\/2024\/02\/195494.jpeg","datePublished":"2024-02-08T21:44:10+00:00","dateModified":"2024-04-08T20:49:02+00:00","description":"Lambert Schlechter. Cuernavaca, Morelos, M\u00e9xico : La Cartonera, 2020. Selecci\u00f3n y traducci\u00f3n: Dany Hurpin, Fr\u00e9d\u00e9ric-Yves Jeannet y Nayeli S\u00e1nchez.","breadcrumb":{"@id":"https:\/\/booksfrommexico.com\/es\/producto\/antologia\/#breadcrumb"},"inLanguage":"es","potentialAction":[{"@type":"ReadAction","target":["https:\/\/booksfrommexico.com\/es\/producto\/antologia\/"]}]},{"@type":"ImageObject","inLanguage":"es","@id":"https:\/\/booksfrommexico.com\/es\/producto\/antologia\/#primaryimage","url":"https:\/\/booksfrommexico.com\/app\/uploads\/2024\/02\/195494.jpeg","contentUrl":"https:\/\/booksfrommexico.com\/app\/uploads\/2024\/02\/195494.jpeg","width":425,"height":647,"caption":"Antolog\u00eda"},{"@type":"BreadcrumbList","@id":"https:\/\/booksfrommexico.com\/es\/producto\/antologia\/#breadcrumb","itemListElement":[{"@type":"ListItem","position":1,"name":"Home","item":"https:\/\/booksfrommexico.com\/es\/"},{"@type":"ListItem","position":2,"name":"Libros","item":"https:\/\/booksfrommexico.com\/es\/libros\/"},{"@type":"ListItem","position":3,"name":"Antolog\u00eda"}]},{"@type":"WebSite","@id":"https:\/\/booksfrommexico.com\/#website","url":"https:\/\/booksfrommexico.com\/","name":"Books From Mexico","description":"","publisher":{"@id":"https:\/\/booksfrommexico.com\/#organization"},"potentialAction":[{"@type":"SearchAction","target":{"@type":"EntryPoint","urlTemplate":"https:\/\/booksfrommexico.com\/?s={search_term_string}"},"query-input":{"@type":"PropertyValueSpecification","valueRequired":true,"valueName":"search_term_string"}}],"inLanguage":"es"},{"@type":"Organization","@id":"https:\/\/booksfrommexico.com\/#organization","name":"Books From Mexico","url":"https:\/\/booksfrommexico.com\/","logo":{"@type":"ImageObject","inLanguage":"es","@id":"https:\/\/booksfrommexico.com\/#\/schema\/logo\/image\/","url":"https:\/\/booksfrommexico.com\/app\/uploads\/2023\/05\/logo-booksfrommexico.svg","contentUrl":"https:\/\/booksfrommexico.com\/app\/uploads\/2023\/05\/logo-booksfrommexico.svg","width":86,"height":56,"caption":"Books From Mexico"},"image":{"@id":"https:\/\/booksfrommexico.com\/#\/schema\/logo\/image\/"}}]}},"_links":{"self":[{"href":"https:\/\/booksfrommexico.com\/es\/wp-json\/wp\/v2\/product\/4804","targetHints":{"allow":["GET"]}}],"collection":[{"href":"https:\/\/booksfrommexico.com\/es\/wp-json\/wp\/v2\/product"}],"about":[{"href":"https:\/\/booksfrommexico.com\/es\/wp-json\/wp\/v2\/types\/product"}],"wp:featuredmedia":[{"embeddable":true,"href":"https:\/\/booksfrommexico.com\/es\/wp-json\/wp\/v2\/media\/4879"}],"wp:attachment":[{"href":"https:\/\/booksfrommexico.com\/es\/wp-json\/wp\/v2\/media?parent=4804"}],"wp:term":[{"taxonomy":"product_brand","embeddable":true,"href":"https:\/\/booksfrommexico.com\/es\/wp-json\/wp\/v2\/product_brand?post=4804"},{"taxonomy":"product_cat","embeddable":true,"href":"https:\/\/booksfrommexico.com\/es\/wp-json\/wp\/v2\/product_cat?post=4804"},{"taxonomy":"product_tag","embeddable":true,"href":"https:\/\/booksfrommexico.com\/es\/wp-json\/wp\/v2\/product_tag?post=4804"}],"curies":[{"name":"wp","href":"https:\/\/api.w.org\/{rel}","templated":true}]}}