{"id":4806,"date":"2024-02-08T21:44:11","date_gmt":"2024-02-08T21:44:11","guid":{"rendered":"https:\/\/booksfrommexico.com\/product\/isla-en-rojo\/"},"modified":"2024-02-14T23:55:19","modified_gmt":"2024-02-14T23:55:19","slug":"isla-en-rojo","status":"publish","type":"product","link":"https:\/\/booksfrommexico.com\/es\/producto\/isla-en-rojo\/","title":{"rendered":"Isla en rojo"},"content":{"rendered":"<p><span style=\"font-weight: 400;\">Bajo la selecci\u00f3n de Rafael Grillo, escritor y periodista cubano, se presenta esta colecci\u00f3n de historias breves escritas en Cuba. Cuenta con narraciones de 21 autores cubanos reconocidos, que van en un espectro de g\u00e9nero que va del terror al humor, pasando por la ciencia ficci\u00f3n y el color local. Este volumen es la secuela de <\/span><i><span style=\"font-weight: 400;\">Isla en negro. Historias de crimen y enigma<\/span><\/i><span style=\"font-weight: 400;\">, y forma parte de una trilog\u00eda que explora la producci\u00f3n literaria cubana, influenciada por g\u00e9neros populares entre los lectores, sin dejar de lado las referencias e inspiraci\u00f3n de criaturas monstruosas de la literatura cl\u00e1sica y contempor\u00e1nea.<\/span><\/p>\n","protected":false},"excerpt":{"rendered":"<p>ISLA EN ROJO : HISTORIAS CUBANAS DE VAMPIROS Y OTRAS CRIATURAS LETALES. <span style=\"font-weight: 400;\">\/ Rafael Grillo (editor). First reprint. La Habana, Cuba : NitroPress Editorial ; Nuevo Le\u00f3n, M\u00e9xico : Universidad Aut\u00f3noma de Nuevo Le\u00f3n, 2019. 237 pages : includes notes, illustrations, semblances ; 23 cm. ISBN : 9786078256983 (NitroPress Ediciones) ; 9786072714175 (UANL).<\/span><\/p>\n","protected":false},"featured_media":4886,"template":"","meta":{"_acf_changed":false,"inline_featured_image":false},"product_brand":[],"product_cat":[37,25],"product_tag":[4127,4137,3821],"class_list":{"0":"post-4806","1":"product","2":"type-product","3":"status-publish","4":"has-post-thumbnail","6":"product_cat-cuento-literatura","7":"product_cat-literatura","8":"product_tag-cuento","9":"product_tag-literatura-cubana","10":"product_tag-literatura-hispanoamericana","12":"first","13":"instock","14":"taxable","15":"shipping-taxable","16":"purchasable","17":"product-type-simple"},"acf":[],"yoast_head":"<!-- This site is optimized with the Yoast SEO plugin v27.3 - https:\/\/yoast.com\/product\/yoast-seo-wordpress\/ -->\n<title>Isla en rojo - Books From Mexico<\/title>\n<meta name=\"description\" content=\"ISLA EN ROJO : HISTORIAS CUBANAS DE VAMPIROS Y OTRAS CRIATURAS LETALES. \/ Rafael Grillo (editor). First reprint. Includes notes, illustrations, semblances.\" \/>\n<meta name=\"robots\" content=\"index, follow, max-snippet:-1, max-image-preview:large, max-video-preview:-1\" \/>\n<link rel=\"canonical\" href=\"https:\/\/booksfrommexico.com\/es\/producto\/isla-en-rojo\/\" \/>\n<meta property=\"og:locale\" content=\"es_ES\" \/>\n<meta property=\"og:type\" content=\"article\" \/>\n<meta property=\"og:title\" content=\"Isla en rojo - Books From Mexico\" \/>\n<meta property=\"og:description\" content=\"ISLA EN ROJO : HISTORIAS CUBANAS DE VAMPIROS Y OTRAS CRIATURAS LETALES. \/ Rafael Grillo (editor). First reprint. Includes notes, illustrations, semblances.\" \/>\n<meta property=\"og:url\" content=\"https:\/\/booksfrommexico.com\/es\/producto\/isla-en-rojo\/\" \/>\n<meta property=\"og:site_name\" content=\"Books From Mexico\" \/>\n<meta property=\"article:modified_time\" content=\"2024-02-14T23:55:19+00:00\" \/>\n<meta property=\"og:image\" content=\"http:\/\/booksfrommexico.com\/app\/uploads\/2024\/02\/195767.jpeg\" \/>\n\t<meta property=\"og:image:width\" content=\"455\" \/>\n\t<meta property=\"og:image:height\" content=\"654\" \/>\n\t<meta property=\"og:image:type\" content=\"image\/jpeg\" \/>\n<meta name=\"twitter:card\" content=\"summary_large_image\" \/>\n<meta name=\"twitter:label1\" content=\"Tiempo de lectura\" \/>\n\t<meta name=\"twitter:data1\" content=\"1 minuto\" \/>\n<script type=\"application\/ld+json\" class=\"yoast-schema-graph\">{\"@context\":\"https:\\\/\\\/schema.org\",\"@graph\":[{\"@type\":\"WebPage\",\"@id\":\"https:\\\/\\\/booksfrommexico.com\\\/es\\\/producto\\\/isla-en-rojo\\\/\",\"url\":\"https:\\\/\\\/booksfrommexico.com\\\/es\\\/producto\\\/isla-en-rojo\\\/\",\"name\":\"Isla en rojo - Books From Mexico\",\"isPartOf\":{\"@id\":\"https:\\\/\\\/booksfrommexico.com\\\/#website\"},\"primaryImageOfPage\":{\"@id\":\"https:\\\/\\\/booksfrommexico.com\\\/es\\\/producto\\\/isla-en-rojo\\\/#primaryimage\"},\"image\":{\"@id\":\"https:\\\/\\\/booksfrommexico.com\\\/es\\\/producto\\\/isla-en-rojo\\\/#primaryimage\"},\"thumbnailUrl\":\"https:\\\/\\\/booksfrommexico.com\\\/app\\\/uploads\\\/2024\\\/02\\\/195767.jpeg\",\"datePublished\":\"2024-02-08T21:44:11+00:00\",\"dateModified\":\"2024-02-14T23:55:19+00:00\",\"description\":\"ISLA EN ROJO : HISTORIAS CUBANAS DE VAMPIROS Y OTRAS CRIATURAS LETALES. \\\/ Rafael Grillo (editor). First reprint. Includes notes, illustrations, semblances.\",\"breadcrumb\":{\"@id\":\"https:\\\/\\\/booksfrommexico.com\\\/es\\\/producto\\\/isla-en-rojo\\\/#breadcrumb\"},\"inLanguage\":\"es\",\"potentialAction\":[{\"@type\":\"ReadAction\",\"target\":[\"https:\\\/\\\/booksfrommexico.com\\\/es\\\/producto\\\/isla-en-rojo\\\/\"]}]},{\"@type\":\"ImageObject\",\"inLanguage\":\"es\",\"@id\":\"https:\\\/\\\/booksfrommexico.com\\\/es\\\/producto\\\/isla-en-rojo\\\/#primaryimage\",\"url\":\"https:\\\/\\\/booksfrommexico.com\\\/app\\\/uploads\\\/2024\\\/02\\\/195767.jpeg\",\"contentUrl\":\"https:\\\/\\\/booksfrommexico.com\\\/app\\\/uploads\\\/2024\\\/02\\\/195767.jpeg\",\"width\":455,\"height\":654,\"caption\":\"Isla en rojo\"},{\"@type\":\"BreadcrumbList\",\"@id\":\"https:\\\/\\\/booksfrommexico.com\\\/es\\\/producto\\\/isla-en-rojo\\\/#breadcrumb\",\"itemListElement\":[{\"@type\":\"ListItem\",\"position\":1,\"name\":\"Home\",\"item\":\"https:\\\/\\\/booksfrommexico.com\\\/es\\\/\"},{\"@type\":\"ListItem\",\"position\":2,\"name\":\"Libros\",\"item\":\"https:\\\/\\\/booksfrommexico.com\\\/es\\\/libros\\\/\"},{\"@type\":\"ListItem\",\"position\":3,\"name\":\"Isla en rojo\"}]},{\"@type\":\"WebSite\",\"@id\":\"https:\\\/\\\/booksfrommexico.com\\\/#website\",\"url\":\"https:\\\/\\\/booksfrommexico.com\\\/\",\"name\":\"Books From Mexico\",\"description\":\"\",\"publisher\":{\"@id\":\"https:\\\/\\\/booksfrommexico.com\\\/#organization\"},\"potentialAction\":[{\"@type\":\"SearchAction\",\"target\":{\"@type\":\"EntryPoint\",\"urlTemplate\":\"https:\\\/\\\/booksfrommexico.com\\\/?s={search_term_string}\"},\"query-input\":{\"@type\":\"PropertyValueSpecification\",\"valueRequired\":true,\"valueName\":\"search_term_string\"}}],\"inLanguage\":\"es\"},{\"@type\":\"Organization\",\"@id\":\"https:\\\/\\\/booksfrommexico.com\\\/#organization\",\"name\":\"Books From Mexico\",\"url\":\"https:\\\/\\\/booksfrommexico.com\\\/\",\"logo\":{\"@type\":\"ImageObject\",\"inLanguage\":\"es\",\"@id\":\"https:\\\/\\\/booksfrommexico.com\\\/#\\\/schema\\\/logo\\\/image\\\/\",\"url\":\"https:\\\/\\\/booksfrommexico.com\\\/app\\\/uploads\\\/2023\\\/05\\\/logo-booksfrommexico.svg\",\"contentUrl\":\"https:\\\/\\\/booksfrommexico.com\\\/app\\\/uploads\\\/2023\\\/05\\\/logo-booksfrommexico.svg\",\"width\":86,\"height\":56,\"caption\":\"Books From Mexico\"},\"image\":{\"@id\":\"https:\\\/\\\/booksfrommexico.com\\\/#\\\/schema\\\/logo\\\/image\\\/\"}}]}<\/script>\n<!-- \/ Yoast SEO plugin. -->","yoast_head_json":{"title":"Isla en rojo - Books From Mexico","description":"ISLA EN ROJO : HISTORIAS CUBANAS DE VAMPIROS Y OTRAS CRIATURAS LETALES. \/ Rafael Grillo (editor). First reprint. Includes notes, illustrations, semblances.","robots":{"index":"index","follow":"follow","max-snippet":"max-snippet:-1","max-image-preview":"max-image-preview:large","max-video-preview":"max-video-preview:-1"},"canonical":"https:\/\/booksfrommexico.com\/es\/producto\/isla-en-rojo\/","og_locale":"es_ES","og_type":"article","og_title":"Isla en rojo - Books From Mexico","og_description":"ISLA EN ROJO : HISTORIAS CUBANAS DE VAMPIROS Y OTRAS CRIATURAS LETALES. \/ Rafael Grillo (editor). First reprint. Includes notes, illustrations, semblances.","og_url":"https:\/\/booksfrommexico.com\/es\/producto\/isla-en-rojo\/","og_site_name":"Books From Mexico","article_modified_time":"2024-02-14T23:55:19+00:00","og_image":[{"width":455,"height":654,"url":"http:\/\/booksfrommexico.com\/app\/uploads\/2024\/02\/195767.jpeg","type":"image\/jpeg"}],"twitter_card":"summary_large_image","twitter_misc":{"Tiempo de lectura":"1 minuto"},"schema":{"@context":"https:\/\/schema.org","@graph":[{"@type":"WebPage","@id":"https:\/\/booksfrommexico.com\/es\/producto\/isla-en-rojo\/","url":"https:\/\/booksfrommexico.com\/es\/producto\/isla-en-rojo\/","name":"Isla en rojo - Books From Mexico","isPartOf":{"@id":"https:\/\/booksfrommexico.com\/#website"},"primaryImageOfPage":{"@id":"https:\/\/booksfrommexico.com\/es\/producto\/isla-en-rojo\/#primaryimage"},"image":{"@id":"https:\/\/booksfrommexico.com\/es\/producto\/isla-en-rojo\/#primaryimage"},"thumbnailUrl":"https:\/\/booksfrommexico.com\/app\/uploads\/2024\/02\/195767.jpeg","datePublished":"2024-02-08T21:44:11+00:00","dateModified":"2024-02-14T23:55:19+00:00","description":"ISLA EN ROJO : HISTORIAS CUBANAS DE VAMPIROS Y OTRAS CRIATURAS LETALES. \/ Rafael Grillo (editor). First reprint. Includes notes, illustrations, semblances.","breadcrumb":{"@id":"https:\/\/booksfrommexico.com\/es\/producto\/isla-en-rojo\/#breadcrumb"},"inLanguage":"es","potentialAction":[{"@type":"ReadAction","target":["https:\/\/booksfrommexico.com\/es\/producto\/isla-en-rojo\/"]}]},{"@type":"ImageObject","inLanguage":"es","@id":"https:\/\/booksfrommexico.com\/es\/producto\/isla-en-rojo\/#primaryimage","url":"https:\/\/booksfrommexico.com\/app\/uploads\/2024\/02\/195767.jpeg","contentUrl":"https:\/\/booksfrommexico.com\/app\/uploads\/2024\/02\/195767.jpeg","width":455,"height":654,"caption":"Isla en rojo"},{"@type":"BreadcrumbList","@id":"https:\/\/booksfrommexico.com\/es\/producto\/isla-en-rojo\/#breadcrumb","itemListElement":[{"@type":"ListItem","position":1,"name":"Home","item":"https:\/\/booksfrommexico.com\/es\/"},{"@type":"ListItem","position":2,"name":"Libros","item":"https:\/\/booksfrommexico.com\/es\/libros\/"},{"@type":"ListItem","position":3,"name":"Isla en rojo"}]},{"@type":"WebSite","@id":"https:\/\/booksfrommexico.com\/#website","url":"https:\/\/booksfrommexico.com\/","name":"Books From Mexico","description":"","publisher":{"@id":"https:\/\/booksfrommexico.com\/#organization"},"potentialAction":[{"@type":"SearchAction","target":{"@type":"EntryPoint","urlTemplate":"https:\/\/booksfrommexico.com\/?s={search_term_string}"},"query-input":{"@type":"PropertyValueSpecification","valueRequired":true,"valueName":"search_term_string"}}],"inLanguage":"es"},{"@type":"Organization","@id":"https:\/\/booksfrommexico.com\/#organization","name":"Books From Mexico","url":"https:\/\/booksfrommexico.com\/","logo":{"@type":"ImageObject","inLanguage":"es","@id":"https:\/\/booksfrommexico.com\/#\/schema\/logo\/image\/","url":"https:\/\/booksfrommexico.com\/app\/uploads\/2023\/05\/logo-booksfrommexico.svg","contentUrl":"https:\/\/booksfrommexico.com\/app\/uploads\/2023\/05\/logo-booksfrommexico.svg","width":86,"height":56,"caption":"Books From Mexico"},"image":{"@id":"https:\/\/booksfrommexico.com\/#\/schema\/logo\/image\/"}}]}},"_links":{"self":[{"href":"https:\/\/booksfrommexico.com\/es\/wp-json\/wp\/v2\/product\/4806","targetHints":{"allow":["GET"]}}],"collection":[{"href":"https:\/\/booksfrommexico.com\/es\/wp-json\/wp\/v2\/product"}],"about":[{"href":"https:\/\/booksfrommexico.com\/es\/wp-json\/wp\/v2\/types\/product"}],"wp:featuredmedia":[{"embeddable":true,"href":"https:\/\/booksfrommexico.com\/es\/wp-json\/wp\/v2\/media\/4886"}],"wp:attachment":[{"href":"https:\/\/booksfrommexico.com\/es\/wp-json\/wp\/v2\/media?parent=4806"}],"wp:term":[{"taxonomy":"product_brand","embeddable":true,"href":"https:\/\/booksfrommexico.com\/es\/wp-json\/wp\/v2\/product_brand?post=4806"},{"taxonomy":"product_cat","embeddable":true,"href":"https:\/\/booksfrommexico.com\/es\/wp-json\/wp\/v2\/product_cat?post=4806"},{"taxonomy":"product_tag","embeddable":true,"href":"https:\/\/booksfrommexico.com\/es\/wp-json\/wp\/v2\/product_tag?post=4806"}],"curies":[{"name":"wp","href":"https:\/\/api.w.org\/{rel}","templated":true}]}}