{"id":4807,"date":"2024-02-08T21:44:11","date_gmt":"2024-02-08T21:44:11","guid":{"rendered":"https:\/\/booksfrommexico.com\/product\/realidades-y-retos-del-aborto-con-medicamentos-en-mexico\/"},"modified":"2024-07-11T22:04:39","modified_gmt":"2024-07-11T22:04:39","slug":"realidades-y-retos-del-aborto-con-medicamentos-en-mexico","status":"publish","type":"product","link":"https:\/\/booksfrommexico.com\/es\/producto\/realidades-y-retos-del-aborto-con-medicamentos-en-mexico\/","title":{"rendered":"Realidades y retos del aborto con medicamentos en M\u00e9xico"},"content":{"rendered":"<p><span style=\"font-weight: 400;\">Desde una rigurosa mirada cient\u00edfica con perspectiva de g\u00e9nero, se presentan una serie de trabajos que ofrecen la perspectiva de varias experiencias en distintas regiones del territorio mexicano. Interrumpir un embarazo no deseado sin riesgo de muerte por el uso de m\u00e9todos invasivos o peligroso y tener el derecho a elegir sin que \u00e9ste sea un privilegio, s\u00f3lo es posible con la despenalizaci\u00f3n del aborto, el cual es un reto a\u00fan por sortear en el pa\u00eds. Como parte de la Agenda 2030 para el Desarrollo Sostenible, adoptada por la Asamblea General de la Organizaci\u00f3n de las Naciones Unidas, se pretende el acceso de toda la poblaci\u00f3n a los servicios de calidad en salud sexual y reproductiva.<\/span><\/p>\n","protected":false},"excerpt":{"rendered":"<p>REALIDADES Y RETOS DEL ABORTO CON MEDICAMENTOS EN M\u00c9XICO. <span style=\"font-weight: 400;\">\/ Georgina S\u00e1nchez Ram\u00edrez, Suzanne Veldhuis (coordinators). Chetumal, Quintana Roo, M\u00e9xico : El Colegio de la Frontera Sur ; Ciudad de M\u00e9xico, M\u00e9xico : Ipas M\u00e9xico, 2022. 211 pages : includes tables, graphics, illustrations, semblances, bibliography ; 23 cm. ISBN : 9786078767540.<\/span><\/p>\n","protected":false},"featured_media":4889,"template":"","meta":{"_acf_changed":false,"inline_featured_image":false},"product_brand":[],"product_cat":[3334,1551,78],"product_tag":[4460,3752,4001],"class_list":{"0":"post-4807","1":"product","2":"type-product","3":"status-publish","4":"has-post-thumbnail","6":"product_cat-derechos-humanos-y-asuntos-juridicos","7":"product_cat-feminismo-estudios-de-genero","8":"product_cat-sociologia","9":"product_tag-aborto","10":"product_tag-derechos-mujeres","11":"product_tag-leyes","13":"first","14":"instock","15":"taxable","16":"shipping-taxable","17":"purchasable","18":"product-type-simple"},"acf":[],"yoast_head":"<!-- This site is optimized with the Yoast SEO plugin v27.3 - https:\/\/yoast.com\/product\/yoast-seo-wordpress\/ -->\n<title>Realidades y retos del aborto con medicamentos en M\u00e9xico<\/title>\n<meta name=\"description\" content=\"Georgina S\u00e1nchez Ram\u00edrez, Suzanne Veldhuis (coordinators). 2022. 211 pages : includes tables, graphics, illustrations, semblances, bibliography ; 23 cm.\" \/>\n<meta name=\"robots\" content=\"index, follow, max-snippet:-1, max-image-preview:large, max-video-preview:-1\" \/>\n<link rel=\"canonical\" href=\"https:\/\/booksfrommexico.com\/es\/producto\/realidades-y-retos-del-aborto-con-medicamentos-en-mexico\/\" \/>\n<meta property=\"og:locale\" content=\"es_ES\" \/>\n<meta property=\"og:type\" content=\"article\" \/>\n<meta property=\"og:title\" content=\"Realidades y retos del aborto con medicamentos en M\u00e9xico\" \/>\n<meta property=\"og:description\" content=\"Georgina S\u00e1nchez Ram\u00edrez, Suzanne Veldhuis (coordinators). 2022. 211 pages : includes tables, graphics, illustrations, semblances, bibliography ; 23 cm.\" \/>\n<meta property=\"og:url\" content=\"https:\/\/booksfrommexico.com\/es\/producto\/realidades-y-retos-del-aborto-con-medicamentos-en-mexico\/\" \/>\n<meta property=\"og:site_name\" content=\"Books From Mexico\" \/>\n<meta property=\"article:modified_time\" content=\"2024-07-11T22:04:39+00:00\" \/>\n<meta property=\"og:image\" content=\"http:\/\/booksfrommexico.com\/app\/uploads\/2024\/02\/195806.jpeg\" \/>\n\t<meta property=\"og:image:width\" content=\"482\" \/>\n\t<meta property=\"og:image:height\" content=\"657\" \/>\n\t<meta property=\"og:image:type\" content=\"image\/jpeg\" \/>\n<meta name=\"twitter:card\" content=\"summary_large_image\" \/>\n<meta name=\"twitter:label1\" content=\"Tiempo de lectura\" \/>\n\t<meta name=\"twitter:data1\" content=\"1 minuto\" \/>\n<script type=\"application\/ld+json\" class=\"yoast-schema-graph\">{\"@context\":\"https:\\\/\\\/schema.org\",\"@graph\":[{\"@type\":\"WebPage\",\"@id\":\"https:\\\/\\\/booksfrommexico.com\\\/es\\\/producto\\\/realidades-y-retos-del-aborto-con-medicamentos-en-mexico\\\/\",\"url\":\"https:\\\/\\\/booksfrommexico.com\\\/es\\\/producto\\\/realidades-y-retos-del-aborto-con-medicamentos-en-mexico\\\/\",\"name\":\"Realidades y retos del aborto con medicamentos en M\u00e9xico\",\"isPartOf\":{\"@id\":\"https:\\\/\\\/booksfrommexico.com\\\/#website\"},\"primaryImageOfPage\":{\"@id\":\"https:\\\/\\\/booksfrommexico.com\\\/es\\\/producto\\\/realidades-y-retos-del-aborto-con-medicamentos-en-mexico\\\/#primaryimage\"},\"image\":{\"@id\":\"https:\\\/\\\/booksfrommexico.com\\\/es\\\/producto\\\/realidades-y-retos-del-aborto-con-medicamentos-en-mexico\\\/#primaryimage\"},\"thumbnailUrl\":\"https:\\\/\\\/booksfrommexico.com\\\/app\\\/uploads\\\/2024\\\/02\\\/195806.jpeg\",\"datePublished\":\"2024-02-08T21:44:11+00:00\",\"dateModified\":\"2024-07-11T22:04:39+00:00\",\"description\":\"Georgina S\u00e1nchez Ram\u00edrez, Suzanne Veldhuis (coordinators). 2022. 211 pages : includes tables, graphics, illustrations, semblances, bibliography ; 23 cm.\",\"breadcrumb\":{\"@id\":\"https:\\\/\\\/booksfrommexico.com\\\/es\\\/producto\\\/realidades-y-retos-del-aborto-con-medicamentos-en-mexico\\\/#breadcrumb\"},\"inLanguage\":\"es\",\"potentialAction\":[{\"@type\":\"ReadAction\",\"target\":[\"https:\\\/\\\/booksfrommexico.com\\\/es\\\/producto\\\/realidades-y-retos-del-aborto-con-medicamentos-en-mexico\\\/\"]}]},{\"@type\":\"ImageObject\",\"inLanguage\":\"es\",\"@id\":\"https:\\\/\\\/booksfrommexico.com\\\/es\\\/producto\\\/realidades-y-retos-del-aborto-con-medicamentos-en-mexico\\\/#primaryimage\",\"url\":\"https:\\\/\\\/booksfrommexico.com\\\/app\\\/uploads\\\/2024\\\/02\\\/195806.jpeg\",\"contentUrl\":\"https:\\\/\\\/booksfrommexico.com\\\/app\\\/uploads\\\/2024\\\/02\\\/195806.jpeg\",\"width\":482,\"height\":657,\"caption\":\"Realidades y retos del aborto con medicamentos en M\u00e9xico\"},{\"@type\":\"BreadcrumbList\",\"@id\":\"https:\\\/\\\/booksfrommexico.com\\\/es\\\/producto\\\/realidades-y-retos-del-aborto-con-medicamentos-en-mexico\\\/#breadcrumb\",\"itemListElement\":[{\"@type\":\"ListItem\",\"position\":1,\"name\":\"Home\",\"item\":\"https:\\\/\\\/booksfrommexico.com\\\/es\\\/\"},{\"@type\":\"ListItem\",\"position\":2,\"name\":\"Libros\",\"item\":\"https:\\\/\\\/booksfrommexico.com\\\/es\\\/libros\\\/\"},{\"@type\":\"ListItem\",\"position\":3,\"name\":\"Realidades y retos del aborto con medicamentos en M\u00e9xico\"}]},{\"@type\":\"WebSite\",\"@id\":\"https:\\\/\\\/booksfrommexico.com\\\/#website\",\"url\":\"https:\\\/\\\/booksfrommexico.com\\\/\",\"name\":\"Books From Mexico\",\"description\":\"\",\"publisher\":{\"@id\":\"https:\\\/\\\/booksfrommexico.com\\\/#organization\"},\"potentialAction\":[{\"@type\":\"SearchAction\",\"target\":{\"@type\":\"EntryPoint\",\"urlTemplate\":\"https:\\\/\\\/booksfrommexico.com\\\/?s={search_term_string}\"},\"query-input\":{\"@type\":\"PropertyValueSpecification\",\"valueRequired\":true,\"valueName\":\"search_term_string\"}}],\"inLanguage\":\"es\"},{\"@type\":\"Organization\",\"@id\":\"https:\\\/\\\/booksfrommexico.com\\\/#organization\",\"name\":\"Books From Mexico\",\"url\":\"https:\\\/\\\/booksfrommexico.com\\\/\",\"logo\":{\"@type\":\"ImageObject\",\"inLanguage\":\"es\",\"@id\":\"https:\\\/\\\/booksfrommexico.com\\\/#\\\/schema\\\/logo\\\/image\\\/\",\"url\":\"https:\\\/\\\/booksfrommexico.com\\\/app\\\/uploads\\\/2023\\\/05\\\/logo-booksfrommexico.svg\",\"contentUrl\":\"https:\\\/\\\/booksfrommexico.com\\\/app\\\/uploads\\\/2023\\\/05\\\/logo-booksfrommexico.svg\",\"width\":86,\"height\":56,\"caption\":\"Books From Mexico\"},\"image\":{\"@id\":\"https:\\\/\\\/booksfrommexico.com\\\/#\\\/schema\\\/logo\\\/image\\\/\"}}]}<\/script>\n<!-- \/ Yoast SEO plugin. -->","yoast_head_json":{"title":"Realidades y retos del aborto con medicamentos en M\u00e9xico","description":"Georgina S\u00e1nchez Ram\u00edrez, Suzanne Veldhuis (coordinators). 2022. 211 pages : includes tables, graphics, illustrations, semblances, bibliography ; 23 cm.","robots":{"index":"index","follow":"follow","max-snippet":"max-snippet:-1","max-image-preview":"max-image-preview:large","max-video-preview":"max-video-preview:-1"},"canonical":"https:\/\/booksfrommexico.com\/es\/producto\/realidades-y-retos-del-aborto-con-medicamentos-en-mexico\/","og_locale":"es_ES","og_type":"article","og_title":"Realidades y retos del aborto con medicamentos en M\u00e9xico","og_description":"Georgina S\u00e1nchez Ram\u00edrez, Suzanne Veldhuis (coordinators). 2022. 211 pages : includes tables, graphics, illustrations, semblances, bibliography ; 23 cm.","og_url":"https:\/\/booksfrommexico.com\/es\/producto\/realidades-y-retos-del-aborto-con-medicamentos-en-mexico\/","og_site_name":"Books From Mexico","article_modified_time":"2024-07-11T22:04:39+00:00","og_image":[{"width":482,"height":657,"url":"http:\/\/booksfrommexico.com\/app\/uploads\/2024\/02\/195806.jpeg","type":"image\/jpeg"}],"twitter_card":"summary_large_image","twitter_misc":{"Tiempo de lectura":"1 minuto"},"schema":{"@context":"https:\/\/schema.org","@graph":[{"@type":"WebPage","@id":"https:\/\/booksfrommexico.com\/es\/producto\/realidades-y-retos-del-aborto-con-medicamentos-en-mexico\/","url":"https:\/\/booksfrommexico.com\/es\/producto\/realidades-y-retos-del-aborto-con-medicamentos-en-mexico\/","name":"Realidades y retos del aborto con medicamentos en M\u00e9xico","isPartOf":{"@id":"https:\/\/booksfrommexico.com\/#website"},"primaryImageOfPage":{"@id":"https:\/\/booksfrommexico.com\/es\/producto\/realidades-y-retos-del-aborto-con-medicamentos-en-mexico\/#primaryimage"},"image":{"@id":"https:\/\/booksfrommexico.com\/es\/producto\/realidades-y-retos-del-aborto-con-medicamentos-en-mexico\/#primaryimage"},"thumbnailUrl":"https:\/\/booksfrommexico.com\/app\/uploads\/2024\/02\/195806.jpeg","datePublished":"2024-02-08T21:44:11+00:00","dateModified":"2024-07-11T22:04:39+00:00","description":"Georgina S\u00e1nchez Ram\u00edrez, Suzanne Veldhuis (coordinators). 2022. 211 pages : includes tables, graphics, illustrations, semblances, bibliography ; 23 cm.","breadcrumb":{"@id":"https:\/\/booksfrommexico.com\/es\/producto\/realidades-y-retos-del-aborto-con-medicamentos-en-mexico\/#breadcrumb"},"inLanguage":"es","potentialAction":[{"@type":"ReadAction","target":["https:\/\/booksfrommexico.com\/es\/producto\/realidades-y-retos-del-aborto-con-medicamentos-en-mexico\/"]}]},{"@type":"ImageObject","inLanguage":"es","@id":"https:\/\/booksfrommexico.com\/es\/producto\/realidades-y-retos-del-aborto-con-medicamentos-en-mexico\/#primaryimage","url":"https:\/\/booksfrommexico.com\/app\/uploads\/2024\/02\/195806.jpeg","contentUrl":"https:\/\/booksfrommexico.com\/app\/uploads\/2024\/02\/195806.jpeg","width":482,"height":657,"caption":"Realidades y retos del aborto con medicamentos en M\u00e9xico"},{"@type":"BreadcrumbList","@id":"https:\/\/booksfrommexico.com\/es\/producto\/realidades-y-retos-del-aborto-con-medicamentos-en-mexico\/#breadcrumb","itemListElement":[{"@type":"ListItem","position":1,"name":"Home","item":"https:\/\/booksfrommexico.com\/es\/"},{"@type":"ListItem","position":2,"name":"Libros","item":"https:\/\/booksfrommexico.com\/es\/libros\/"},{"@type":"ListItem","position":3,"name":"Realidades y retos del aborto con medicamentos en M\u00e9xico"}]},{"@type":"WebSite","@id":"https:\/\/booksfrommexico.com\/#website","url":"https:\/\/booksfrommexico.com\/","name":"Books From Mexico","description":"","publisher":{"@id":"https:\/\/booksfrommexico.com\/#organization"},"potentialAction":[{"@type":"SearchAction","target":{"@type":"EntryPoint","urlTemplate":"https:\/\/booksfrommexico.com\/?s={search_term_string}"},"query-input":{"@type":"PropertyValueSpecification","valueRequired":true,"valueName":"search_term_string"}}],"inLanguage":"es"},{"@type":"Organization","@id":"https:\/\/booksfrommexico.com\/#organization","name":"Books From Mexico","url":"https:\/\/booksfrommexico.com\/","logo":{"@type":"ImageObject","inLanguage":"es","@id":"https:\/\/booksfrommexico.com\/#\/schema\/logo\/image\/","url":"https:\/\/booksfrommexico.com\/app\/uploads\/2023\/05\/logo-booksfrommexico.svg","contentUrl":"https:\/\/booksfrommexico.com\/app\/uploads\/2023\/05\/logo-booksfrommexico.svg","width":86,"height":56,"caption":"Books From Mexico"},"image":{"@id":"https:\/\/booksfrommexico.com\/#\/schema\/logo\/image\/"}}]}},"_links":{"self":[{"href":"https:\/\/booksfrommexico.com\/es\/wp-json\/wp\/v2\/product\/4807","targetHints":{"allow":["GET"]}}],"collection":[{"href":"https:\/\/booksfrommexico.com\/es\/wp-json\/wp\/v2\/product"}],"about":[{"href":"https:\/\/booksfrommexico.com\/es\/wp-json\/wp\/v2\/types\/product"}],"wp:featuredmedia":[{"embeddable":true,"href":"https:\/\/booksfrommexico.com\/es\/wp-json\/wp\/v2\/media\/4889"}],"wp:attachment":[{"href":"https:\/\/booksfrommexico.com\/es\/wp-json\/wp\/v2\/media?parent=4807"}],"wp:term":[{"taxonomy":"product_brand","embeddable":true,"href":"https:\/\/booksfrommexico.com\/es\/wp-json\/wp\/v2\/product_brand?post=4807"},{"taxonomy":"product_cat","embeddable":true,"href":"https:\/\/booksfrommexico.com\/es\/wp-json\/wp\/v2\/product_cat?post=4807"},{"taxonomy":"product_tag","embeddable":true,"href":"https:\/\/booksfrommexico.com\/es\/wp-json\/wp\/v2\/product_tag?post=4807"}],"curies":[{"name":"wp","href":"https:\/\/api.w.org\/{rel}","templated":true}]}}