{"id":4808,"date":"2024-02-08T21:44:11","date_gmt":"2024-02-08T21:44:11","guid":{"rendered":"https:\/\/booksfrommexico.com\/product\/puerta-del-este\/"},"modified":"2024-04-11T21:20:02","modified_gmt":"2024-04-11T21:20:02","slug":"puerta-del-este","status":"publish","type":"product","link":"https:\/\/booksfrommexico.com\/es\/producto\/puerta-del-este\/","title":{"rendered":"Puerta del Este"},"content":{"rendered":"<p><span style=\"font-weight: 400;\">La autora presenta una serie de reflexiones escritas a trav\u00e9s de los a\u00f1os sobre diversos t\u00f3picos enfocados en los principios b\u00e1sicos del hinduismo, mitos, arte, cultura, pensamiento religioso y filos\u00f3fico, que buscan ofrecer una introducci\u00f3n sencilla y concisa a esta religi\u00f3n. Explorando conceptos como el dharma, ahi\u1e43s\u0101 y el p\u00farusha, se explaya a lo largo de lecturas personales de temas seleccionados. Estas breves investigaciones invitan al lector a leer en orden cada cap\u00edtulo para poder formarse una idea general del tema, ya que en los textos no se da nada por sabido y se intenta que cualquiera que se acerque al libro pueda mantener la lectura. <\/span><\/p>\n","protected":false},"excerpt":{"rendered":"<p>PUERTA DEL ESTE : ENSAYOS SOBRE MITO, ARTE Y PENSAMIENTO DE LA INDIA. <span style=\"font-weight: 400;\"><strong>\/<\/strong> Elsa Cross. Ciudad de M\u00e9xico, M\u00e9xico : Universidad Nacional Aut\u00f3noma de M\u00e9xico, 2019. 235 pages : includes bibliography ; 23 cm. (Colecci\u00f3n Heterodoxos). ISBN : 9786070249433 (volumen) ; 9786073020015 (colecci\u00f3n).<\/span><\/p>\n","protected":false},"featured_media":4892,"template":"","meta":{"_acf_changed":false,"inline_featured_image":false},"product_brand":[],"product_cat":[87,790],"product_tag":[4044,4039,4223],"class_list":{"0":"post-4808","1":"product","2":"type-product","3":"status-publish","4":"has-post-thumbnail","6":"product_cat-arte","7":"product_cat-arte-y-sociedad-arte","8":"product_tag-arte","9":"product_tag-cosmovision","10":"product_tag-mitos-y-leyendas","12":"first","13":"instock","14":"taxable","15":"shipping-taxable","16":"purchasable","17":"product-type-simple"},"acf":[],"yoast_head":"<!-- This site is optimized with the Yoast SEO plugin v27.3 - https:\/\/yoast.com\/product\/yoast-seo-wordpress\/ -->\n<title>Puerta del Este<\/title>\n<meta name=\"description\" content=\"PUERTA DEL ESTE : ENSAYOS SOBRE MITO, ARTE Y PENSAMIENTO DE LA INDIA. \/ (Colecci\u00f3n Heterodoxos). ISBN : 9786070249433 (volumen) ; 9786073020015 (colecci\u00f3n).\" \/>\n<meta name=\"robots\" content=\"index, follow, max-snippet:-1, max-image-preview:large, max-video-preview:-1\" \/>\n<link rel=\"canonical\" href=\"https:\/\/booksfrommexico.com\/es\/producto\/puerta-del-este\/\" \/>\n<meta property=\"og:locale\" content=\"es_ES\" \/>\n<meta property=\"og:type\" content=\"article\" \/>\n<meta property=\"og:title\" content=\"Puerta del Este\" \/>\n<meta property=\"og:description\" content=\"PUERTA DEL ESTE : ENSAYOS SOBRE MITO, ARTE Y PENSAMIENTO DE LA INDIA. \/ (Colecci\u00f3n Heterodoxos). ISBN : 9786070249433 (volumen) ; 9786073020015 (colecci\u00f3n).\" \/>\n<meta property=\"og:url\" content=\"https:\/\/booksfrommexico.com\/es\/producto\/puerta-del-este\/\" \/>\n<meta property=\"og:site_name\" content=\"Books From Mexico\" \/>\n<meta property=\"article:modified_time\" content=\"2024-04-11T21:20:02+00:00\" \/>\n<meta property=\"og:image\" content=\"http:\/\/booksfrommexico.com\/app\/uploads\/2024\/02\/196095.jpeg\" \/>\n\t<meta property=\"og:image:width\" content=\"488\" \/>\n\t<meta property=\"og:image:height\" content=\"665\" \/>\n\t<meta property=\"og:image:type\" content=\"image\/jpeg\" \/>\n<meta name=\"twitter:card\" content=\"summary_large_image\" \/>\n<meta name=\"twitter:label1\" content=\"Tiempo de lectura\" \/>\n\t<meta name=\"twitter:data1\" content=\"1 minuto\" \/>\n<script type=\"application\/ld+json\" class=\"yoast-schema-graph\">{\"@context\":\"https:\\\/\\\/schema.org\",\"@graph\":[{\"@type\":\"WebPage\",\"@id\":\"https:\\\/\\\/booksfrommexico.com\\\/es\\\/producto\\\/puerta-del-este\\\/\",\"url\":\"https:\\\/\\\/booksfrommexico.com\\\/es\\\/producto\\\/puerta-del-este\\\/\",\"name\":\"Puerta del Este\",\"isPartOf\":{\"@id\":\"https:\\\/\\\/booksfrommexico.com\\\/#website\"},\"primaryImageOfPage\":{\"@id\":\"https:\\\/\\\/booksfrommexico.com\\\/es\\\/producto\\\/puerta-del-este\\\/#primaryimage\"},\"image\":{\"@id\":\"https:\\\/\\\/booksfrommexico.com\\\/es\\\/producto\\\/puerta-del-este\\\/#primaryimage\"},\"thumbnailUrl\":\"https:\\\/\\\/booksfrommexico.com\\\/app\\\/uploads\\\/2024\\\/02\\\/196095.jpeg\",\"datePublished\":\"2024-02-08T21:44:11+00:00\",\"dateModified\":\"2024-04-11T21:20:02+00:00\",\"description\":\"PUERTA DEL ESTE : ENSAYOS SOBRE MITO, ARTE Y PENSAMIENTO DE LA INDIA. \\\/ (Colecci\u00f3n Heterodoxos). ISBN : 9786070249433 (volumen) ; 9786073020015 (colecci\u00f3n).\",\"breadcrumb\":{\"@id\":\"https:\\\/\\\/booksfrommexico.com\\\/es\\\/producto\\\/puerta-del-este\\\/#breadcrumb\"},\"inLanguage\":\"es\",\"potentialAction\":[{\"@type\":\"ReadAction\",\"target\":[\"https:\\\/\\\/booksfrommexico.com\\\/es\\\/producto\\\/puerta-del-este\\\/\"]}]},{\"@type\":\"ImageObject\",\"inLanguage\":\"es\",\"@id\":\"https:\\\/\\\/booksfrommexico.com\\\/es\\\/producto\\\/puerta-del-este\\\/#primaryimage\",\"url\":\"https:\\\/\\\/booksfrommexico.com\\\/app\\\/uploads\\\/2024\\\/02\\\/196095.jpeg\",\"contentUrl\":\"https:\\\/\\\/booksfrommexico.com\\\/app\\\/uploads\\\/2024\\\/02\\\/196095.jpeg\",\"width\":488,\"height\":665,\"caption\":\"Puerta del Este\"},{\"@type\":\"BreadcrumbList\",\"@id\":\"https:\\\/\\\/booksfrommexico.com\\\/es\\\/producto\\\/puerta-del-este\\\/#breadcrumb\",\"itemListElement\":[{\"@type\":\"ListItem\",\"position\":1,\"name\":\"Home\",\"item\":\"https:\\\/\\\/booksfrommexico.com\\\/es\\\/\"},{\"@type\":\"ListItem\",\"position\":2,\"name\":\"Libros\",\"item\":\"https:\\\/\\\/booksfrommexico.com\\\/es\\\/libros\\\/\"},{\"@type\":\"ListItem\",\"position\":3,\"name\":\"Puerta del Este\"}]},{\"@type\":\"WebSite\",\"@id\":\"https:\\\/\\\/booksfrommexico.com\\\/#website\",\"url\":\"https:\\\/\\\/booksfrommexico.com\\\/\",\"name\":\"Books From Mexico\",\"description\":\"\",\"publisher\":{\"@id\":\"https:\\\/\\\/booksfrommexico.com\\\/#organization\"},\"potentialAction\":[{\"@type\":\"SearchAction\",\"target\":{\"@type\":\"EntryPoint\",\"urlTemplate\":\"https:\\\/\\\/booksfrommexico.com\\\/?s={search_term_string}\"},\"query-input\":{\"@type\":\"PropertyValueSpecification\",\"valueRequired\":true,\"valueName\":\"search_term_string\"}}],\"inLanguage\":\"es\"},{\"@type\":\"Organization\",\"@id\":\"https:\\\/\\\/booksfrommexico.com\\\/#organization\",\"name\":\"Books From Mexico\",\"url\":\"https:\\\/\\\/booksfrommexico.com\\\/\",\"logo\":{\"@type\":\"ImageObject\",\"inLanguage\":\"es\",\"@id\":\"https:\\\/\\\/booksfrommexico.com\\\/#\\\/schema\\\/logo\\\/image\\\/\",\"url\":\"https:\\\/\\\/booksfrommexico.com\\\/app\\\/uploads\\\/2023\\\/05\\\/logo-booksfrommexico.svg\",\"contentUrl\":\"https:\\\/\\\/booksfrommexico.com\\\/app\\\/uploads\\\/2023\\\/05\\\/logo-booksfrommexico.svg\",\"width\":86,\"height\":56,\"caption\":\"Books From Mexico\"},\"image\":{\"@id\":\"https:\\\/\\\/booksfrommexico.com\\\/#\\\/schema\\\/logo\\\/image\\\/\"}}]}<\/script>\n<!-- \/ Yoast SEO plugin. -->","yoast_head_json":{"title":"Puerta del Este","description":"PUERTA DEL ESTE : ENSAYOS SOBRE MITO, ARTE Y PENSAMIENTO DE LA INDIA. \/ (Colecci\u00f3n Heterodoxos). ISBN : 9786070249433 (volumen) ; 9786073020015 (colecci\u00f3n).","robots":{"index":"index","follow":"follow","max-snippet":"max-snippet:-1","max-image-preview":"max-image-preview:large","max-video-preview":"max-video-preview:-1"},"canonical":"https:\/\/booksfrommexico.com\/es\/producto\/puerta-del-este\/","og_locale":"es_ES","og_type":"article","og_title":"Puerta del Este","og_description":"PUERTA DEL ESTE : ENSAYOS SOBRE MITO, ARTE Y PENSAMIENTO DE LA INDIA. \/ (Colecci\u00f3n Heterodoxos). ISBN : 9786070249433 (volumen) ; 9786073020015 (colecci\u00f3n).","og_url":"https:\/\/booksfrommexico.com\/es\/producto\/puerta-del-este\/","og_site_name":"Books From Mexico","article_modified_time":"2024-04-11T21:20:02+00:00","og_image":[{"width":488,"height":665,"url":"http:\/\/booksfrommexico.com\/app\/uploads\/2024\/02\/196095.jpeg","type":"image\/jpeg"}],"twitter_card":"summary_large_image","twitter_misc":{"Tiempo de lectura":"1 minuto"},"schema":{"@context":"https:\/\/schema.org","@graph":[{"@type":"WebPage","@id":"https:\/\/booksfrommexico.com\/es\/producto\/puerta-del-este\/","url":"https:\/\/booksfrommexico.com\/es\/producto\/puerta-del-este\/","name":"Puerta del Este","isPartOf":{"@id":"https:\/\/booksfrommexico.com\/#website"},"primaryImageOfPage":{"@id":"https:\/\/booksfrommexico.com\/es\/producto\/puerta-del-este\/#primaryimage"},"image":{"@id":"https:\/\/booksfrommexico.com\/es\/producto\/puerta-del-este\/#primaryimage"},"thumbnailUrl":"https:\/\/booksfrommexico.com\/app\/uploads\/2024\/02\/196095.jpeg","datePublished":"2024-02-08T21:44:11+00:00","dateModified":"2024-04-11T21:20:02+00:00","description":"PUERTA DEL ESTE : ENSAYOS SOBRE MITO, ARTE Y PENSAMIENTO DE LA INDIA. \/ (Colecci\u00f3n Heterodoxos). ISBN : 9786070249433 (volumen) ; 9786073020015 (colecci\u00f3n).","breadcrumb":{"@id":"https:\/\/booksfrommexico.com\/es\/producto\/puerta-del-este\/#breadcrumb"},"inLanguage":"es","potentialAction":[{"@type":"ReadAction","target":["https:\/\/booksfrommexico.com\/es\/producto\/puerta-del-este\/"]}]},{"@type":"ImageObject","inLanguage":"es","@id":"https:\/\/booksfrommexico.com\/es\/producto\/puerta-del-este\/#primaryimage","url":"https:\/\/booksfrommexico.com\/app\/uploads\/2024\/02\/196095.jpeg","contentUrl":"https:\/\/booksfrommexico.com\/app\/uploads\/2024\/02\/196095.jpeg","width":488,"height":665,"caption":"Puerta del Este"},{"@type":"BreadcrumbList","@id":"https:\/\/booksfrommexico.com\/es\/producto\/puerta-del-este\/#breadcrumb","itemListElement":[{"@type":"ListItem","position":1,"name":"Home","item":"https:\/\/booksfrommexico.com\/es\/"},{"@type":"ListItem","position":2,"name":"Libros","item":"https:\/\/booksfrommexico.com\/es\/libros\/"},{"@type":"ListItem","position":3,"name":"Puerta del Este"}]},{"@type":"WebSite","@id":"https:\/\/booksfrommexico.com\/#website","url":"https:\/\/booksfrommexico.com\/","name":"Books From Mexico","description":"","publisher":{"@id":"https:\/\/booksfrommexico.com\/#organization"},"potentialAction":[{"@type":"SearchAction","target":{"@type":"EntryPoint","urlTemplate":"https:\/\/booksfrommexico.com\/?s={search_term_string}"},"query-input":{"@type":"PropertyValueSpecification","valueRequired":true,"valueName":"search_term_string"}}],"inLanguage":"es"},{"@type":"Organization","@id":"https:\/\/booksfrommexico.com\/#organization","name":"Books From Mexico","url":"https:\/\/booksfrommexico.com\/","logo":{"@type":"ImageObject","inLanguage":"es","@id":"https:\/\/booksfrommexico.com\/#\/schema\/logo\/image\/","url":"https:\/\/booksfrommexico.com\/app\/uploads\/2023\/05\/logo-booksfrommexico.svg","contentUrl":"https:\/\/booksfrommexico.com\/app\/uploads\/2023\/05\/logo-booksfrommexico.svg","width":86,"height":56,"caption":"Books From Mexico"},"image":{"@id":"https:\/\/booksfrommexico.com\/#\/schema\/logo\/image\/"}}]}},"_links":{"self":[{"href":"https:\/\/booksfrommexico.com\/es\/wp-json\/wp\/v2\/product\/4808","targetHints":{"allow":["GET"]}}],"collection":[{"href":"https:\/\/booksfrommexico.com\/es\/wp-json\/wp\/v2\/product"}],"about":[{"href":"https:\/\/booksfrommexico.com\/es\/wp-json\/wp\/v2\/types\/product"}],"wp:featuredmedia":[{"embeddable":true,"href":"https:\/\/booksfrommexico.com\/es\/wp-json\/wp\/v2\/media\/4892"}],"wp:attachment":[{"href":"https:\/\/booksfrommexico.com\/es\/wp-json\/wp\/v2\/media?parent=4808"}],"wp:term":[{"taxonomy":"product_brand","embeddable":true,"href":"https:\/\/booksfrommexico.com\/es\/wp-json\/wp\/v2\/product_brand?post=4808"},{"taxonomy":"product_cat","embeddable":true,"href":"https:\/\/booksfrommexico.com\/es\/wp-json\/wp\/v2\/product_cat?post=4808"},{"taxonomy":"product_tag","embeddable":true,"href":"https:\/\/booksfrommexico.com\/es\/wp-json\/wp\/v2\/product_tag?post=4808"}],"curies":[{"name":"wp","href":"https:\/\/api.w.org\/{rel}","templated":true}]}}