{"id":4809,"date":"2024-02-08T21:44:11","date_gmt":"2024-02-08T21:44:11","guid":{"rendered":"https:\/\/booksfrommexico.com\/product\/la-noche-de-tus-letras\/"},"modified":"2025-02-26T01:20:34","modified_gmt":"2025-02-26T01:20:34","slug":"la-noche-de-tus-letras","status":"publish","type":"product","link":"https:\/\/booksfrommexico.com\/es\/producto\/la-noche-de-tus-letras\/","title":{"rendered":"La noche de tus letras"},"content":{"rendered":"<p><span style=\"font-weight: 400;\">Macario Matus, escritor, poeta y periodista mexicano, realiz\u00f3 en lengua zapoteca una gran parte de su labor en la literatura, y entre su trabajo tambi\u00e9n se destac\u00f3 como mentor de otros artistas j\u00f3venes. Jorge Magari\u00f1o fue uno de estos artistas, adem\u00e1s de un cercano amigo del autor. Con esa cercan\u00eda y en honor a su maestro, seleccion\u00f3 de entre 12 libros que lleg\u00f3 a publicar Matus m\u00e1s de 50 poemas, algunos de ellos en zapoteco,. Con el apoyo del alcalde de Juchit\u00e1n, Emilio Montero, y el favor de la familia del poeta para acceder al acervo literario, el editor de esta antolog\u00eda pudo llevar a cabo este proyecto. <\/span><\/p>\n","protected":false},"excerpt":{"rendered":"<p>LA NOCHE DE TUS LETRAS : ANTOLOG\u00cdA PO\u00c9TICA DE MACARIO MATUS. <span style=\"font-weight: 400;\">\/ Jorge Magari\u00f1o (compilator).\u00a0 Oaxaca, M\u00e9xico : 1450 Ediciones ,\u00a0 Ayuntamiento de Juchit\u00e1n de Zaragoza, 2022. 151 pages ; 21 cm. ISBN : 9786079904289.<\/span><\/p>\n","protected":false},"featured_media":4895,"template":"","meta":{"_acf_changed":false,"inline_featured_image":false},"product_brand":[],"product_cat":[25,32],"product_tag":[4124,4115,3598],"class_list":{"0":"post-4809","1":"product","2":"type-product","3":"status-publish","4":"has-post-thumbnail","6":"product_cat-literatura","7":"product_cat-poesia-literatura","8":"product_tag-literatura-es","9":"product_tag-poesia-es","10":"product_tag-poesia-mexicana","12":"first","13":"outofstock","14":"taxable","15":"shipping-taxable","16":"purchasable","17":"product-type-simple"},"acf":[],"yoast_head":"<!-- This site is optimized with the Yoast SEO plugin v27.3 - https:\/\/yoast.com\/product\/yoast-seo-wordpress\/ -->\n<title>La noche de tus letras<\/title>\n<meta name=\"description\" content=\"LA NOCHE DE TUS LETRAS : ANTOLOG\u00cdA PO\u00c9TICA DE MACARIO MATUS. \/ Jorge Magari\u00f1o (compilator). 2022. 151 pages ; 21 cm. ISBN : 9786079904289.\" \/>\n<meta name=\"robots\" content=\"index, follow, max-snippet:-1, max-image-preview:large, max-video-preview:-1\" \/>\n<link rel=\"canonical\" href=\"https:\/\/booksfrommexico.com\/es\/producto\/la-noche-de-tus-letras\/\" \/>\n<meta property=\"og:locale\" content=\"es_ES\" \/>\n<meta property=\"og:type\" content=\"article\" \/>\n<meta property=\"og:title\" content=\"La noche de tus letras\" \/>\n<meta property=\"og:description\" content=\"LA NOCHE DE TUS LETRAS : ANTOLOG\u00cdA PO\u00c9TICA DE MACARIO MATUS. \/ Jorge Magari\u00f1o (compilator). 2022. 151 pages ; 21 cm. ISBN : 9786079904289.\" \/>\n<meta property=\"og:url\" content=\"https:\/\/booksfrommexico.com\/es\/producto\/la-noche-de-tus-letras\/\" \/>\n<meta property=\"og:site_name\" content=\"Books From Mexico\" \/>\n<meta property=\"article:modified_time\" content=\"2025-02-26T01:20:34+00:00\" \/>\n<meta property=\"og:image\" content=\"http:\/\/booksfrommexico.com\/app\/uploads\/2024\/02\/196683.jpeg\" \/>\n\t<meta property=\"og:image:width\" content=\"402\" \/>\n\t<meta property=\"og:image:height\" content=\"596\" \/>\n\t<meta property=\"og:image:type\" content=\"image\/jpeg\" \/>\n<meta name=\"twitter:card\" content=\"summary_large_image\" \/>\n<meta name=\"twitter:label1\" content=\"Tiempo de lectura\" \/>\n\t<meta name=\"twitter:data1\" content=\"1 minuto\" \/>\n<script type=\"application\/ld+json\" class=\"yoast-schema-graph\">{\"@context\":\"https:\\\/\\\/schema.org\",\"@graph\":[{\"@type\":\"WebPage\",\"@id\":\"https:\\\/\\\/booksfrommexico.com\\\/es\\\/producto\\\/la-noche-de-tus-letras\\\/\",\"url\":\"https:\\\/\\\/booksfrommexico.com\\\/es\\\/producto\\\/la-noche-de-tus-letras\\\/\",\"name\":\"La noche de tus letras\",\"isPartOf\":{\"@id\":\"https:\\\/\\\/booksfrommexico.com\\\/#website\"},\"primaryImageOfPage\":{\"@id\":\"https:\\\/\\\/booksfrommexico.com\\\/es\\\/producto\\\/la-noche-de-tus-letras\\\/#primaryimage\"},\"image\":{\"@id\":\"https:\\\/\\\/booksfrommexico.com\\\/es\\\/producto\\\/la-noche-de-tus-letras\\\/#primaryimage\"},\"thumbnailUrl\":\"https:\\\/\\\/booksfrommexico.com\\\/app\\\/uploads\\\/2024\\\/02\\\/196683.jpeg\",\"datePublished\":\"2024-02-08T21:44:11+00:00\",\"dateModified\":\"2025-02-26T01:20:34+00:00\",\"description\":\"LA NOCHE DE TUS LETRAS : ANTOLOG\u00cdA PO\u00c9TICA DE MACARIO MATUS. \\\/ Jorge Magari\u00f1o (compilator). 2022. 151 pages ; 21 cm. ISBN : 9786079904289.\",\"breadcrumb\":{\"@id\":\"https:\\\/\\\/booksfrommexico.com\\\/es\\\/producto\\\/la-noche-de-tus-letras\\\/#breadcrumb\"},\"inLanguage\":\"es\",\"potentialAction\":[{\"@type\":\"ReadAction\",\"target\":[\"https:\\\/\\\/booksfrommexico.com\\\/es\\\/producto\\\/la-noche-de-tus-letras\\\/\"]}]},{\"@type\":\"ImageObject\",\"inLanguage\":\"es\",\"@id\":\"https:\\\/\\\/booksfrommexico.com\\\/es\\\/producto\\\/la-noche-de-tus-letras\\\/#primaryimage\",\"url\":\"https:\\\/\\\/booksfrommexico.com\\\/app\\\/uploads\\\/2024\\\/02\\\/196683.jpeg\",\"contentUrl\":\"https:\\\/\\\/booksfrommexico.com\\\/app\\\/uploads\\\/2024\\\/02\\\/196683.jpeg\",\"width\":402,\"height\":596,\"caption\":\"La noche de tus letras\"},{\"@type\":\"BreadcrumbList\",\"@id\":\"https:\\\/\\\/booksfrommexico.com\\\/es\\\/producto\\\/la-noche-de-tus-letras\\\/#breadcrumb\",\"itemListElement\":[{\"@type\":\"ListItem\",\"position\":1,\"name\":\"Home\",\"item\":\"https:\\\/\\\/booksfrommexico.com\\\/es\\\/\"},{\"@type\":\"ListItem\",\"position\":2,\"name\":\"Libros\",\"item\":\"https:\\\/\\\/booksfrommexico.com\\\/es\\\/libros\\\/\"},{\"@type\":\"ListItem\",\"position\":3,\"name\":\"La noche de tus letras\"}]},{\"@type\":\"WebSite\",\"@id\":\"https:\\\/\\\/booksfrommexico.com\\\/#website\",\"url\":\"https:\\\/\\\/booksfrommexico.com\\\/\",\"name\":\"Books From Mexico\",\"description\":\"\",\"publisher\":{\"@id\":\"https:\\\/\\\/booksfrommexico.com\\\/#organization\"},\"potentialAction\":[{\"@type\":\"SearchAction\",\"target\":{\"@type\":\"EntryPoint\",\"urlTemplate\":\"https:\\\/\\\/booksfrommexico.com\\\/?s={search_term_string}\"},\"query-input\":{\"@type\":\"PropertyValueSpecification\",\"valueRequired\":true,\"valueName\":\"search_term_string\"}}],\"inLanguage\":\"es\"},{\"@type\":\"Organization\",\"@id\":\"https:\\\/\\\/booksfrommexico.com\\\/#organization\",\"name\":\"Books From Mexico\",\"url\":\"https:\\\/\\\/booksfrommexico.com\\\/\",\"logo\":{\"@type\":\"ImageObject\",\"inLanguage\":\"es\",\"@id\":\"https:\\\/\\\/booksfrommexico.com\\\/#\\\/schema\\\/logo\\\/image\\\/\",\"url\":\"https:\\\/\\\/booksfrommexico.com\\\/app\\\/uploads\\\/2023\\\/05\\\/logo-booksfrommexico.svg\",\"contentUrl\":\"https:\\\/\\\/booksfrommexico.com\\\/app\\\/uploads\\\/2023\\\/05\\\/logo-booksfrommexico.svg\",\"width\":86,\"height\":56,\"caption\":\"Books From Mexico\"},\"image\":{\"@id\":\"https:\\\/\\\/booksfrommexico.com\\\/#\\\/schema\\\/logo\\\/image\\\/\"}}]}<\/script>\n<!-- \/ Yoast SEO plugin. -->","yoast_head_json":{"title":"La noche de tus letras","description":"LA NOCHE DE TUS LETRAS : ANTOLOG\u00cdA PO\u00c9TICA DE MACARIO MATUS. \/ Jorge Magari\u00f1o (compilator). 2022. 151 pages ; 21 cm. ISBN : 9786079904289.","robots":{"index":"index","follow":"follow","max-snippet":"max-snippet:-1","max-image-preview":"max-image-preview:large","max-video-preview":"max-video-preview:-1"},"canonical":"https:\/\/booksfrommexico.com\/es\/producto\/la-noche-de-tus-letras\/","og_locale":"es_ES","og_type":"article","og_title":"La noche de tus letras","og_description":"LA NOCHE DE TUS LETRAS : ANTOLOG\u00cdA PO\u00c9TICA DE MACARIO MATUS. \/ Jorge Magari\u00f1o (compilator). 2022. 151 pages ; 21 cm. ISBN : 9786079904289.","og_url":"https:\/\/booksfrommexico.com\/es\/producto\/la-noche-de-tus-letras\/","og_site_name":"Books From Mexico","article_modified_time":"2025-02-26T01:20:34+00:00","og_image":[{"width":402,"height":596,"url":"http:\/\/booksfrommexico.com\/app\/uploads\/2024\/02\/196683.jpeg","type":"image\/jpeg"}],"twitter_card":"summary_large_image","twitter_misc":{"Tiempo de lectura":"1 minuto"},"schema":{"@context":"https:\/\/schema.org","@graph":[{"@type":"WebPage","@id":"https:\/\/booksfrommexico.com\/es\/producto\/la-noche-de-tus-letras\/","url":"https:\/\/booksfrommexico.com\/es\/producto\/la-noche-de-tus-letras\/","name":"La noche de tus letras","isPartOf":{"@id":"https:\/\/booksfrommexico.com\/#website"},"primaryImageOfPage":{"@id":"https:\/\/booksfrommexico.com\/es\/producto\/la-noche-de-tus-letras\/#primaryimage"},"image":{"@id":"https:\/\/booksfrommexico.com\/es\/producto\/la-noche-de-tus-letras\/#primaryimage"},"thumbnailUrl":"https:\/\/booksfrommexico.com\/app\/uploads\/2024\/02\/196683.jpeg","datePublished":"2024-02-08T21:44:11+00:00","dateModified":"2025-02-26T01:20:34+00:00","description":"LA NOCHE DE TUS LETRAS : ANTOLOG\u00cdA PO\u00c9TICA DE MACARIO MATUS. \/ Jorge Magari\u00f1o (compilator). 2022. 151 pages ; 21 cm. ISBN : 9786079904289.","breadcrumb":{"@id":"https:\/\/booksfrommexico.com\/es\/producto\/la-noche-de-tus-letras\/#breadcrumb"},"inLanguage":"es","potentialAction":[{"@type":"ReadAction","target":["https:\/\/booksfrommexico.com\/es\/producto\/la-noche-de-tus-letras\/"]}]},{"@type":"ImageObject","inLanguage":"es","@id":"https:\/\/booksfrommexico.com\/es\/producto\/la-noche-de-tus-letras\/#primaryimage","url":"https:\/\/booksfrommexico.com\/app\/uploads\/2024\/02\/196683.jpeg","contentUrl":"https:\/\/booksfrommexico.com\/app\/uploads\/2024\/02\/196683.jpeg","width":402,"height":596,"caption":"La noche de tus letras"},{"@type":"BreadcrumbList","@id":"https:\/\/booksfrommexico.com\/es\/producto\/la-noche-de-tus-letras\/#breadcrumb","itemListElement":[{"@type":"ListItem","position":1,"name":"Home","item":"https:\/\/booksfrommexico.com\/es\/"},{"@type":"ListItem","position":2,"name":"Libros","item":"https:\/\/booksfrommexico.com\/es\/libros\/"},{"@type":"ListItem","position":3,"name":"La noche de tus letras"}]},{"@type":"WebSite","@id":"https:\/\/booksfrommexico.com\/#website","url":"https:\/\/booksfrommexico.com\/","name":"Books From Mexico","description":"","publisher":{"@id":"https:\/\/booksfrommexico.com\/#organization"},"potentialAction":[{"@type":"SearchAction","target":{"@type":"EntryPoint","urlTemplate":"https:\/\/booksfrommexico.com\/?s={search_term_string}"},"query-input":{"@type":"PropertyValueSpecification","valueRequired":true,"valueName":"search_term_string"}}],"inLanguage":"es"},{"@type":"Organization","@id":"https:\/\/booksfrommexico.com\/#organization","name":"Books From Mexico","url":"https:\/\/booksfrommexico.com\/","logo":{"@type":"ImageObject","inLanguage":"es","@id":"https:\/\/booksfrommexico.com\/#\/schema\/logo\/image\/","url":"https:\/\/booksfrommexico.com\/app\/uploads\/2023\/05\/logo-booksfrommexico.svg","contentUrl":"https:\/\/booksfrommexico.com\/app\/uploads\/2023\/05\/logo-booksfrommexico.svg","width":86,"height":56,"caption":"Books From Mexico"},"image":{"@id":"https:\/\/booksfrommexico.com\/#\/schema\/logo\/image\/"}}]}},"_links":{"self":[{"href":"https:\/\/booksfrommexico.com\/es\/wp-json\/wp\/v2\/product\/4809","targetHints":{"allow":["GET"]}}],"collection":[{"href":"https:\/\/booksfrommexico.com\/es\/wp-json\/wp\/v2\/product"}],"about":[{"href":"https:\/\/booksfrommexico.com\/es\/wp-json\/wp\/v2\/types\/product"}],"wp:featuredmedia":[{"embeddable":true,"href":"https:\/\/booksfrommexico.com\/es\/wp-json\/wp\/v2\/media\/4895"}],"wp:attachment":[{"href":"https:\/\/booksfrommexico.com\/es\/wp-json\/wp\/v2\/media?parent=4809"}],"wp:term":[{"taxonomy":"product_brand","embeddable":true,"href":"https:\/\/booksfrommexico.com\/es\/wp-json\/wp\/v2\/product_brand?post=4809"},{"taxonomy":"product_cat","embeddable":true,"href":"https:\/\/booksfrommexico.com\/es\/wp-json\/wp\/v2\/product_cat?post=4809"},{"taxonomy":"product_tag","embeddable":true,"href":"https:\/\/booksfrommexico.com\/es\/wp-json\/wp\/v2\/product_tag?post=4809"}],"curies":[{"name":"wp","href":"https:\/\/api.w.org\/{rel}","templated":true}]}}