{"id":4810,"date":"2024-02-08T21:44:11","date_gmt":"2024-02-08T21:44:11","guid":{"rendered":"https:\/\/booksfrommexico.com\/product\/tal-vez-ves-el-espejo-de-tus-ojos\/"},"modified":"2024-02-15T20:26:57","modified_gmt":"2024-02-15T20:26:57","slug":"tal-vez-ves-el-espejo-de-tus-ojos","status":"publish","type":"product","link":"https:\/\/booksfrommexico.com\/es\/producto\/tal-vez-ves-el-espejo-de-tus-ojos\/","title":{"rendered":"Tal vez ves: El espejo de tus ojos"},"content":{"rendered":"<p><span style=\"font-weight: 400;\">Breve antolog\u00eda de poemas y reflexiones de los autores, confrontando entre las p\u00e1ginas los textos de cada uno, enfoc\u00e1ndose en temas como la naturaleza, el amor, el desamor, la soledad y lo cotidiano. Bajo estas dos distintas perspectivas, podemos apreciar con m\u00e1s detalle los pensamientos que se plasman aqu\u00ed, las cuales llegan con facilidad a tocar y conectar con las emociones del lector. La c\u00faspide de esta corta, pero significativa obra, es el \u00faltimo texto, en el cual, ambos autores escriben en conjunto para mostrar dos visiones de una misma situaci\u00f3n, funcionando como una dualidad. <\/span><\/p>\n","protected":false},"excerpt":{"rendered":"<p>TAL VEZ VES : EL ESPEJO DE TUS OJOS. \/<span style=\"font-weight: 400;\">\u00a0Ave Pacheco, Luis Z\u00e1rate. Oaxaca, M\u00e9xico : 1450 Ediciones ; Galadio, 2022. 51 pages ; 15 cm.<\/span><\/p>\n","protected":false},"featured_media":4913,"template":"","meta":{"_acf_changed":false,"inline_featured_image":false},"product_brand":[],"product_cat":[25,32],"product_tag":[4124,4115,3598],"class_list":{"0":"post-4810","1":"product","2":"type-product","3":"status-publish","4":"has-post-thumbnail","6":"product_cat-literatura","7":"product_cat-poesia-literatura","8":"product_tag-literatura-es","9":"product_tag-poesia-es","10":"product_tag-poesia-mexicana","12":"first","13":"instock","14":"taxable","15":"shipping-taxable","16":"purchasable","17":"product-type-simple"},"acf":[],"yoast_head":"<!-- This site is optimized with the Yoast SEO plugin v27.3 - https:\/\/yoast.com\/product\/yoast-seo-wordpress\/ -->\n<title>Tal vez ves: El espejo de tus ojos<\/title>\n<meta name=\"description\" content=\"TAL VEZ VES : EL ESPEJO DE TUS OJOS. : Ave Pacheco, Luis Z\u00e1rate. Oaxaca, M\u00e9xico : 1450 Ediciones ; Galadio, 2022. 51 pages ; 15 cm.\" \/>\n<meta name=\"robots\" content=\"index, follow, max-snippet:-1, max-image-preview:large, max-video-preview:-1\" \/>\n<link rel=\"canonical\" href=\"https:\/\/booksfrommexico.com\/es\/producto\/tal-vez-ves-el-espejo-de-tus-ojos\/\" \/>\n<meta property=\"og:locale\" content=\"es_ES\" \/>\n<meta property=\"og:type\" content=\"article\" \/>\n<meta property=\"og:title\" content=\"Tal vez ves: El espejo de tus ojos\" \/>\n<meta property=\"og:description\" content=\"TAL VEZ VES : EL ESPEJO DE TUS OJOS. : Ave Pacheco, Luis Z\u00e1rate. Oaxaca, M\u00e9xico : 1450 Ediciones ; Galadio, 2022. 51 pages ; 15 cm.\" \/>\n<meta property=\"og:url\" content=\"https:\/\/booksfrommexico.com\/es\/producto\/tal-vez-ves-el-espejo-de-tus-ojos\/\" \/>\n<meta property=\"og:site_name\" content=\"Books From Mexico\" \/>\n<meta property=\"article:modified_time\" content=\"2024-02-15T20:26:57+00:00\" \/>\n<meta property=\"og:image\" content=\"http:\/\/booksfrommexico.com\/app\/uploads\/2024\/02\/196685.jpeg\" \/>\n\t<meta property=\"og:image:width\" content=\"270\" \/>\n\t<meta property=\"og:image:height\" content=\"418\" \/>\n\t<meta property=\"og:image:type\" content=\"image\/jpeg\" \/>\n<meta name=\"twitter:card\" content=\"summary_large_image\" \/>\n<meta name=\"twitter:label1\" content=\"Tiempo de lectura\" \/>\n\t<meta name=\"twitter:data1\" content=\"1 minuto\" \/>\n<script type=\"application\/ld+json\" class=\"yoast-schema-graph\">{\"@context\":\"https:\\\/\\\/schema.org\",\"@graph\":[{\"@type\":\"WebPage\",\"@id\":\"https:\\\/\\\/booksfrommexico.com\\\/es\\\/producto\\\/tal-vez-ves-el-espejo-de-tus-ojos\\\/\",\"url\":\"https:\\\/\\\/booksfrommexico.com\\\/es\\\/producto\\\/tal-vez-ves-el-espejo-de-tus-ojos\\\/\",\"name\":\"Tal vez ves: El espejo de tus ojos\",\"isPartOf\":{\"@id\":\"https:\\\/\\\/booksfrommexico.com\\\/#website\"},\"primaryImageOfPage\":{\"@id\":\"https:\\\/\\\/booksfrommexico.com\\\/es\\\/producto\\\/tal-vez-ves-el-espejo-de-tus-ojos\\\/#primaryimage\"},\"image\":{\"@id\":\"https:\\\/\\\/booksfrommexico.com\\\/es\\\/producto\\\/tal-vez-ves-el-espejo-de-tus-ojos\\\/#primaryimage\"},\"thumbnailUrl\":\"https:\\\/\\\/booksfrommexico.com\\\/app\\\/uploads\\\/2024\\\/02\\\/196685.jpeg\",\"datePublished\":\"2024-02-08T21:44:11+00:00\",\"dateModified\":\"2024-02-15T20:26:57+00:00\",\"description\":\"TAL VEZ VES : EL ESPEJO DE TUS OJOS. : Ave Pacheco, Luis Z\u00e1rate. Oaxaca, M\u00e9xico : 1450 Ediciones ; Galadio, 2022. 51 pages ; 15 cm.\",\"breadcrumb\":{\"@id\":\"https:\\\/\\\/booksfrommexico.com\\\/es\\\/producto\\\/tal-vez-ves-el-espejo-de-tus-ojos\\\/#breadcrumb\"},\"inLanguage\":\"es\",\"potentialAction\":[{\"@type\":\"ReadAction\",\"target\":[\"https:\\\/\\\/booksfrommexico.com\\\/es\\\/producto\\\/tal-vez-ves-el-espejo-de-tus-ojos\\\/\"]}]},{\"@type\":\"ImageObject\",\"inLanguage\":\"es\",\"@id\":\"https:\\\/\\\/booksfrommexico.com\\\/es\\\/producto\\\/tal-vez-ves-el-espejo-de-tus-ojos\\\/#primaryimage\",\"url\":\"https:\\\/\\\/booksfrommexico.com\\\/app\\\/uploads\\\/2024\\\/02\\\/196685.jpeg\",\"contentUrl\":\"https:\\\/\\\/booksfrommexico.com\\\/app\\\/uploads\\\/2024\\\/02\\\/196685.jpeg\",\"width\":270,\"height\":418,\"caption\":\"Tal vez ves el espejo de tus ojos\"},{\"@type\":\"BreadcrumbList\",\"@id\":\"https:\\\/\\\/booksfrommexico.com\\\/es\\\/producto\\\/tal-vez-ves-el-espejo-de-tus-ojos\\\/#breadcrumb\",\"itemListElement\":[{\"@type\":\"ListItem\",\"position\":1,\"name\":\"Home\",\"item\":\"https:\\\/\\\/booksfrommexico.com\\\/es\\\/\"},{\"@type\":\"ListItem\",\"position\":2,\"name\":\"Libros\",\"item\":\"https:\\\/\\\/booksfrommexico.com\\\/es\\\/libros\\\/\"},{\"@type\":\"ListItem\",\"position\":3,\"name\":\"Tal vez ves: El espejo de tus ojos\"}]},{\"@type\":\"WebSite\",\"@id\":\"https:\\\/\\\/booksfrommexico.com\\\/#website\",\"url\":\"https:\\\/\\\/booksfrommexico.com\\\/\",\"name\":\"Books From Mexico\",\"description\":\"\",\"publisher\":{\"@id\":\"https:\\\/\\\/booksfrommexico.com\\\/#organization\"},\"potentialAction\":[{\"@type\":\"SearchAction\",\"target\":{\"@type\":\"EntryPoint\",\"urlTemplate\":\"https:\\\/\\\/booksfrommexico.com\\\/?s={search_term_string}\"},\"query-input\":{\"@type\":\"PropertyValueSpecification\",\"valueRequired\":true,\"valueName\":\"search_term_string\"}}],\"inLanguage\":\"es\"},{\"@type\":\"Organization\",\"@id\":\"https:\\\/\\\/booksfrommexico.com\\\/#organization\",\"name\":\"Books From Mexico\",\"url\":\"https:\\\/\\\/booksfrommexico.com\\\/\",\"logo\":{\"@type\":\"ImageObject\",\"inLanguage\":\"es\",\"@id\":\"https:\\\/\\\/booksfrommexico.com\\\/#\\\/schema\\\/logo\\\/image\\\/\",\"url\":\"https:\\\/\\\/booksfrommexico.com\\\/app\\\/uploads\\\/2023\\\/05\\\/logo-booksfrommexico.svg\",\"contentUrl\":\"https:\\\/\\\/booksfrommexico.com\\\/app\\\/uploads\\\/2023\\\/05\\\/logo-booksfrommexico.svg\",\"width\":86,\"height\":56,\"caption\":\"Books From Mexico\"},\"image\":{\"@id\":\"https:\\\/\\\/booksfrommexico.com\\\/#\\\/schema\\\/logo\\\/image\\\/\"}}]}<\/script>\n<!-- \/ Yoast SEO plugin. -->","yoast_head_json":{"title":"Tal vez ves: El espejo de tus ojos","description":"TAL VEZ VES : EL ESPEJO DE TUS OJOS. : Ave Pacheco, Luis Z\u00e1rate. Oaxaca, M\u00e9xico : 1450 Ediciones ; Galadio, 2022. 51 pages ; 15 cm.","robots":{"index":"index","follow":"follow","max-snippet":"max-snippet:-1","max-image-preview":"max-image-preview:large","max-video-preview":"max-video-preview:-1"},"canonical":"https:\/\/booksfrommexico.com\/es\/producto\/tal-vez-ves-el-espejo-de-tus-ojos\/","og_locale":"es_ES","og_type":"article","og_title":"Tal vez ves: El espejo de tus ojos","og_description":"TAL VEZ VES : EL ESPEJO DE TUS OJOS. : Ave Pacheco, Luis Z\u00e1rate. Oaxaca, M\u00e9xico : 1450 Ediciones ; Galadio, 2022. 51 pages ; 15 cm.","og_url":"https:\/\/booksfrommexico.com\/es\/producto\/tal-vez-ves-el-espejo-de-tus-ojos\/","og_site_name":"Books From Mexico","article_modified_time":"2024-02-15T20:26:57+00:00","og_image":[{"width":270,"height":418,"url":"http:\/\/booksfrommexico.com\/app\/uploads\/2024\/02\/196685.jpeg","type":"image\/jpeg"}],"twitter_card":"summary_large_image","twitter_misc":{"Tiempo de lectura":"1 minuto"},"schema":{"@context":"https:\/\/schema.org","@graph":[{"@type":"WebPage","@id":"https:\/\/booksfrommexico.com\/es\/producto\/tal-vez-ves-el-espejo-de-tus-ojos\/","url":"https:\/\/booksfrommexico.com\/es\/producto\/tal-vez-ves-el-espejo-de-tus-ojos\/","name":"Tal vez ves: El espejo de tus ojos","isPartOf":{"@id":"https:\/\/booksfrommexico.com\/#website"},"primaryImageOfPage":{"@id":"https:\/\/booksfrommexico.com\/es\/producto\/tal-vez-ves-el-espejo-de-tus-ojos\/#primaryimage"},"image":{"@id":"https:\/\/booksfrommexico.com\/es\/producto\/tal-vez-ves-el-espejo-de-tus-ojos\/#primaryimage"},"thumbnailUrl":"https:\/\/booksfrommexico.com\/app\/uploads\/2024\/02\/196685.jpeg","datePublished":"2024-02-08T21:44:11+00:00","dateModified":"2024-02-15T20:26:57+00:00","description":"TAL VEZ VES : EL ESPEJO DE TUS OJOS. : Ave Pacheco, Luis Z\u00e1rate. Oaxaca, M\u00e9xico : 1450 Ediciones ; Galadio, 2022. 51 pages ; 15 cm.","breadcrumb":{"@id":"https:\/\/booksfrommexico.com\/es\/producto\/tal-vez-ves-el-espejo-de-tus-ojos\/#breadcrumb"},"inLanguage":"es","potentialAction":[{"@type":"ReadAction","target":["https:\/\/booksfrommexico.com\/es\/producto\/tal-vez-ves-el-espejo-de-tus-ojos\/"]}]},{"@type":"ImageObject","inLanguage":"es","@id":"https:\/\/booksfrommexico.com\/es\/producto\/tal-vez-ves-el-espejo-de-tus-ojos\/#primaryimage","url":"https:\/\/booksfrommexico.com\/app\/uploads\/2024\/02\/196685.jpeg","contentUrl":"https:\/\/booksfrommexico.com\/app\/uploads\/2024\/02\/196685.jpeg","width":270,"height":418,"caption":"Tal vez ves el espejo de tus ojos"},{"@type":"BreadcrumbList","@id":"https:\/\/booksfrommexico.com\/es\/producto\/tal-vez-ves-el-espejo-de-tus-ojos\/#breadcrumb","itemListElement":[{"@type":"ListItem","position":1,"name":"Home","item":"https:\/\/booksfrommexico.com\/es\/"},{"@type":"ListItem","position":2,"name":"Libros","item":"https:\/\/booksfrommexico.com\/es\/libros\/"},{"@type":"ListItem","position":3,"name":"Tal vez ves: El espejo de tus ojos"}]},{"@type":"WebSite","@id":"https:\/\/booksfrommexico.com\/#website","url":"https:\/\/booksfrommexico.com\/","name":"Books From Mexico","description":"","publisher":{"@id":"https:\/\/booksfrommexico.com\/#organization"},"potentialAction":[{"@type":"SearchAction","target":{"@type":"EntryPoint","urlTemplate":"https:\/\/booksfrommexico.com\/?s={search_term_string}"},"query-input":{"@type":"PropertyValueSpecification","valueRequired":true,"valueName":"search_term_string"}}],"inLanguage":"es"},{"@type":"Organization","@id":"https:\/\/booksfrommexico.com\/#organization","name":"Books From Mexico","url":"https:\/\/booksfrommexico.com\/","logo":{"@type":"ImageObject","inLanguage":"es","@id":"https:\/\/booksfrommexico.com\/#\/schema\/logo\/image\/","url":"https:\/\/booksfrommexico.com\/app\/uploads\/2023\/05\/logo-booksfrommexico.svg","contentUrl":"https:\/\/booksfrommexico.com\/app\/uploads\/2023\/05\/logo-booksfrommexico.svg","width":86,"height":56,"caption":"Books From Mexico"},"image":{"@id":"https:\/\/booksfrommexico.com\/#\/schema\/logo\/image\/"}}]}},"_links":{"self":[{"href":"https:\/\/booksfrommexico.com\/es\/wp-json\/wp\/v2\/product\/4810","targetHints":{"allow":["GET"]}}],"collection":[{"href":"https:\/\/booksfrommexico.com\/es\/wp-json\/wp\/v2\/product"}],"about":[{"href":"https:\/\/booksfrommexico.com\/es\/wp-json\/wp\/v2\/types\/product"}],"wp:featuredmedia":[{"embeddable":true,"href":"https:\/\/booksfrommexico.com\/es\/wp-json\/wp\/v2\/media\/4913"}],"wp:attachment":[{"href":"https:\/\/booksfrommexico.com\/es\/wp-json\/wp\/v2\/media?parent=4810"}],"wp:term":[{"taxonomy":"product_brand","embeddable":true,"href":"https:\/\/booksfrommexico.com\/es\/wp-json\/wp\/v2\/product_brand?post=4810"},{"taxonomy":"product_cat","embeddable":true,"href":"https:\/\/booksfrommexico.com\/es\/wp-json\/wp\/v2\/product_cat?post=4810"},{"taxonomy":"product_tag","embeddable":true,"href":"https:\/\/booksfrommexico.com\/es\/wp-json\/wp\/v2\/product_tag?post=4810"}],"curies":[{"name":"wp","href":"https:\/\/api.w.org\/{rel}","templated":true}]}}