{"id":4812,"date":"2024-02-08T21:44:11","date_gmt":"2024-02-08T21:44:11","guid":{"rendered":"https:\/\/booksfrommexico.com\/product\/nueva-revista-de-filologia-hispanica-tomo-lxx-numero-1-enero-junio-2022\/"},"modified":"2024-04-30T19:19:34","modified_gmt":"2024-04-30T19:19:34","slug":"nueva-revista-de-filologia-hispanica-tomo-lxx-numero-1-enero-junio-2022","status":"publish","type":"product","link":"https:\/\/booksfrommexico.com\/es\/producto\/nueva-revista-de-filologia-hispanica-tomo-lxx-numero-1-enero-junio-2022\/","title":{"rendered":"Nueva Revista de Filolog\u00eda Hisp\u00e1nica, tomo LXX, n\u00famero 1, enero-junio 2022"},"content":{"rendered":"<p><span style=\"font-weight: 400;\">Tomo LXX de la Nueva Revista de Filolog\u00eda Hisp\u00e1nica es el n\u00famero 1 del a\u00f1o 2022, recaba los trabajos recibidos de enero a junio de ese mismo a\u00f1o. En su contenido podemos encontrar art\u00edculos, notas y rese\u00f1as de estudiosos que hacen un recorrido a lo largo de la historia del idioma espa\u00f1ol para plantear preguntas que pretenden abrir la conversaci\u00f3n, trayendo t\u00f3picos referentes a la filolog\u00eda. En estos escritos se desarrolla la cuesti\u00f3n del origen del pronombre \u201cvosotros\u201d bajo el reinado de los Borbones, la influencia que tuvo Alejandro Magno en el teatro espa\u00f1ol del siglo XVIII, la entonaci\u00f3n del espa\u00f1ol hablado, junto a otros temas que despierta el inter\u00e9s general.<\/span><\/p>\n","protected":false},"excerpt":{"rendered":"<p>NUEVA REVISTA DE FILOLOG\u00cdA HISP\u00c1NICA : TOMO LXX, N\u00daMERO 1. <span style=\"font-weight: 400;\">\/ Varios. Ciudad de M\u00e9xico, M\u00e9xico : El Colegio de M\u00e9xico , Centro de Estudios Ling\u00fc\u00edsticos y Literarios, 2022. 491 pages : includes tables, graphics, photos, bibliography ; 25 cm. ISSN : 01850121.<\/span><\/p>\n","protected":false},"featured_media":4906,"template":"","meta":{"_acf_changed":false,"inline_featured_image":false},"product_brand":[],"product_cat":[52,25],"product_tag":[4142],"class_list":{"0":"post-4812","1":"product","2":"type-product","3":"status-publish","4":"has-post-thumbnail","6":"product_cat-critica-literaria","7":"product_cat-literatura","8":"product_tag-filologia","10":"first","11":"instock","12":"taxable","13":"shipping-taxable","14":"purchasable","15":"product-type-simple"},"acf":[],"yoast_head":"<!-- This site is optimized with the Yoast SEO plugin v27.3 - https:\/\/yoast.com\/product\/yoast-seo-wordpress\/ -->\n<title>Nueva Revista de Filolog\u00eda Hisp\u00e1nica, tomo LXX, n\u00famero 1, enero-junio 2022<\/title>\n<meta name=\"description\" content=\"Varios. Ciudad de M\u00e9xico, M\u00e9xico : El Colegio de M\u00e9xico , Centro de Estudios Ling\u00fc\u00edsticos y Literarios, 2022. 491 pages. ISSN : 01850121.\" \/>\n<meta name=\"robots\" content=\"index, follow, max-snippet:-1, max-image-preview:large, max-video-preview:-1\" \/>\n<link rel=\"canonical\" href=\"https:\/\/booksfrommexico.com\/es\/producto\/nueva-revista-de-filologia-hispanica-tomo-lxx-numero-1-enero-junio-2022\/\" \/>\n<meta property=\"og:locale\" content=\"es_ES\" \/>\n<meta property=\"og:type\" content=\"article\" \/>\n<meta property=\"og:title\" content=\"Nueva Revista de Filolog\u00eda Hisp\u00e1nica, tomo LXX, n\u00famero 1, enero-junio 2022\" \/>\n<meta property=\"og:description\" content=\"Varios. Ciudad de M\u00e9xico, M\u00e9xico : El Colegio de M\u00e9xico , Centro de Estudios Ling\u00fc\u00edsticos y Literarios, 2022. 491 pages. ISSN : 01850121.\" \/>\n<meta property=\"og:url\" content=\"https:\/\/booksfrommexico.com\/es\/producto\/nueva-revista-de-filologia-hispanica-tomo-lxx-numero-1-enero-junio-2022\/\" \/>\n<meta property=\"og:site_name\" content=\"Books From Mexico\" \/>\n<meta property=\"article:modified_time\" content=\"2024-04-30T19:19:34+00:00\" \/>\n<meta property=\"og:image\" content=\"http:\/\/booksfrommexico.com\/app\/uploads\/2024\/02\/196831.jpeg\" \/>\n\t<meta property=\"og:image:width\" content=\"483\" \/>\n\t<meta property=\"og:image:height\" content=\"724\" \/>\n\t<meta property=\"og:image:type\" content=\"image\/jpeg\" \/>\n<meta name=\"twitter:card\" content=\"summary_large_image\" \/>\n<meta name=\"twitter:label1\" content=\"Tiempo de lectura\" \/>\n\t<meta name=\"twitter:data1\" content=\"1 minuto\" \/>\n<script type=\"application\/ld+json\" class=\"yoast-schema-graph\">{\"@context\":\"https:\\\/\\\/schema.org\",\"@graph\":[{\"@type\":\"WebPage\",\"@id\":\"https:\\\/\\\/booksfrommexico.com\\\/es\\\/producto\\\/nueva-revista-de-filologia-hispanica-tomo-lxx-numero-1-enero-junio-2022\\\/\",\"url\":\"https:\\\/\\\/booksfrommexico.com\\\/es\\\/producto\\\/nueva-revista-de-filologia-hispanica-tomo-lxx-numero-1-enero-junio-2022\\\/\",\"name\":\"Nueva Revista de Filolog\u00eda Hisp\u00e1nica, tomo LXX, n\u00famero 1, enero-junio 2022\",\"isPartOf\":{\"@id\":\"https:\\\/\\\/booksfrommexico.com\\\/#website\"},\"primaryImageOfPage\":{\"@id\":\"https:\\\/\\\/booksfrommexico.com\\\/es\\\/producto\\\/nueva-revista-de-filologia-hispanica-tomo-lxx-numero-1-enero-junio-2022\\\/#primaryimage\"},\"image\":{\"@id\":\"https:\\\/\\\/booksfrommexico.com\\\/es\\\/producto\\\/nueva-revista-de-filologia-hispanica-tomo-lxx-numero-1-enero-junio-2022\\\/#primaryimage\"},\"thumbnailUrl\":\"https:\\\/\\\/booksfrommexico.com\\\/app\\\/uploads\\\/2024\\\/02\\\/196831.jpeg\",\"datePublished\":\"2024-02-08T21:44:11+00:00\",\"dateModified\":\"2024-04-30T19:19:34+00:00\",\"description\":\"Varios. Ciudad de M\u00e9xico, M\u00e9xico : El Colegio de M\u00e9xico , Centro de Estudios Ling\u00fc\u00edsticos y Literarios, 2022. 491 pages. ISSN : 01850121.\",\"breadcrumb\":{\"@id\":\"https:\\\/\\\/booksfrommexico.com\\\/es\\\/producto\\\/nueva-revista-de-filologia-hispanica-tomo-lxx-numero-1-enero-junio-2022\\\/#breadcrumb\"},\"inLanguage\":\"es\",\"potentialAction\":[{\"@type\":\"ReadAction\",\"target\":[\"https:\\\/\\\/booksfrommexico.com\\\/es\\\/producto\\\/nueva-revista-de-filologia-hispanica-tomo-lxx-numero-1-enero-junio-2022\\\/\"]}]},{\"@type\":\"ImageObject\",\"inLanguage\":\"es\",\"@id\":\"https:\\\/\\\/booksfrommexico.com\\\/es\\\/producto\\\/nueva-revista-de-filologia-hispanica-tomo-lxx-numero-1-enero-junio-2022\\\/#primaryimage\",\"url\":\"https:\\\/\\\/booksfrommexico.com\\\/app\\\/uploads\\\/2024\\\/02\\\/196831.jpeg\",\"contentUrl\":\"https:\\\/\\\/booksfrommexico.com\\\/app\\\/uploads\\\/2024\\\/02\\\/196831.jpeg\",\"width\":483,\"height\":724,\"caption\":\"Nueva Revista de Filolog\u00eda Hisp\u00e1nica, tomo LXX, n\u00famero 2, julio-diciembre 2022\"},{\"@type\":\"BreadcrumbList\",\"@id\":\"https:\\\/\\\/booksfrommexico.com\\\/es\\\/producto\\\/nueva-revista-de-filologia-hispanica-tomo-lxx-numero-1-enero-junio-2022\\\/#breadcrumb\",\"itemListElement\":[{\"@type\":\"ListItem\",\"position\":1,\"name\":\"Home\",\"item\":\"https:\\\/\\\/booksfrommexico.com\\\/es\\\/\"},{\"@type\":\"ListItem\",\"position\":2,\"name\":\"Libros\",\"item\":\"https:\\\/\\\/booksfrommexico.com\\\/es\\\/libros\\\/\"},{\"@type\":\"ListItem\",\"position\":3,\"name\":\"Nueva Revista de Filolog\u00eda Hisp\u00e1nica, tomo LXX, n\u00famero 1, enero-junio 2022\"}]},{\"@type\":\"WebSite\",\"@id\":\"https:\\\/\\\/booksfrommexico.com\\\/#website\",\"url\":\"https:\\\/\\\/booksfrommexico.com\\\/\",\"name\":\"Books From Mexico\",\"description\":\"\",\"publisher\":{\"@id\":\"https:\\\/\\\/booksfrommexico.com\\\/#organization\"},\"potentialAction\":[{\"@type\":\"SearchAction\",\"target\":{\"@type\":\"EntryPoint\",\"urlTemplate\":\"https:\\\/\\\/booksfrommexico.com\\\/?s={search_term_string}\"},\"query-input\":{\"@type\":\"PropertyValueSpecification\",\"valueRequired\":true,\"valueName\":\"search_term_string\"}}],\"inLanguage\":\"es\"},{\"@type\":\"Organization\",\"@id\":\"https:\\\/\\\/booksfrommexico.com\\\/#organization\",\"name\":\"Books From Mexico\",\"url\":\"https:\\\/\\\/booksfrommexico.com\\\/\",\"logo\":{\"@type\":\"ImageObject\",\"inLanguage\":\"es\",\"@id\":\"https:\\\/\\\/booksfrommexico.com\\\/#\\\/schema\\\/logo\\\/image\\\/\",\"url\":\"https:\\\/\\\/booksfrommexico.com\\\/app\\\/uploads\\\/2023\\\/05\\\/logo-booksfrommexico.svg\",\"contentUrl\":\"https:\\\/\\\/booksfrommexico.com\\\/app\\\/uploads\\\/2023\\\/05\\\/logo-booksfrommexico.svg\",\"width\":86,\"height\":56,\"caption\":\"Books From Mexico\"},\"image\":{\"@id\":\"https:\\\/\\\/booksfrommexico.com\\\/#\\\/schema\\\/logo\\\/image\\\/\"}}]}<\/script>\n<!-- \/ Yoast SEO plugin. -->","yoast_head_json":{"title":"Nueva Revista de Filolog\u00eda Hisp\u00e1nica, tomo LXX, n\u00famero 1, enero-junio 2022","description":"Varios. Ciudad de M\u00e9xico, M\u00e9xico : El Colegio de M\u00e9xico , Centro de Estudios Ling\u00fc\u00edsticos y Literarios, 2022. 491 pages. ISSN : 01850121.","robots":{"index":"index","follow":"follow","max-snippet":"max-snippet:-1","max-image-preview":"max-image-preview:large","max-video-preview":"max-video-preview:-1"},"canonical":"https:\/\/booksfrommexico.com\/es\/producto\/nueva-revista-de-filologia-hispanica-tomo-lxx-numero-1-enero-junio-2022\/","og_locale":"es_ES","og_type":"article","og_title":"Nueva Revista de Filolog\u00eda Hisp\u00e1nica, tomo LXX, n\u00famero 1, enero-junio 2022","og_description":"Varios. Ciudad de M\u00e9xico, M\u00e9xico : El Colegio de M\u00e9xico , Centro de Estudios Ling\u00fc\u00edsticos y Literarios, 2022. 491 pages. ISSN : 01850121.","og_url":"https:\/\/booksfrommexico.com\/es\/producto\/nueva-revista-de-filologia-hispanica-tomo-lxx-numero-1-enero-junio-2022\/","og_site_name":"Books From Mexico","article_modified_time":"2024-04-30T19:19:34+00:00","og_image":[{"width":483,"height":724,"url":"http:\/\/booksfrommexico.com\/app\/uploads\/2024\/02\/196831.jpeg","type":"image\/jpeg"}],"twitter_card":"summary_large_image","twitter_misc":{"Tiempo de lectura":"1 minuto"},"schema":{"@context":"https:\/\/schema.org","@graph":[{"@type":"WebPage","@id":"https:\/\/booksfrommexico.com\/es\/producto\/nueva-revista-de-filologia-hispanica-tomo-lxx-numero-1-enero-junio-2022\/","url":"https:\/\/booksfrommexico.com\/es\/producto\/nueva-revista-de-filologia-hispanica-tomo-lxx-numero-1-enero-junio-2022\/","name":"Nueva Revista de Filolog\u00eda Hisp\u00e1nica, tomo LXX, n\u00famero 1, enero-junio 2022","isPartOf":{"@id":"https:\/\/booksfrommexico.com\/#website"},"primaryImageOfPage":{"@id":"https:\/\/booksfrommexico.com\/es\/producto\/nueva-revista-de-filologia-hispanica-tomo-lxx-numero-1-enero-junio-2022\/#primaryimage"},"image":{"@id":"https:\/\/booksfrommexico.com\/es\/producto\/nueva-revista-de-filologia-hispanica-tomo-lxx-numero-1-enero-junio-2022\/#primaryimage"},"thumbnailUrl":"https:\/\/booksfrommexico.com\/app\/uploads\/2024\/02\/196831.jpeg","datePublished":"2024-02-08T21:44:11+00:00","dateModified":"2024-04-30T19:19:34+00:00","description":"Varios. Ciudad de M\u00e9xico, M\u00e9xico : El Colegio de M\u00e9xico , Centro de Estudios Ling\u00fc\u00edsticos y Literarios, 2022. 491 pages. ISSN : 01850121.","breadcrumb":{"@id":"https:\/\/booksfrommexico.com\/es\/producto\/nueva-revista-de-filologia-hispanica-tomo-lxx-numero-1-enero-junio-2022\/#breadcrumb"},"inLanguage":"es","potentialAction":[{"@type":"ReadAction","target":["https:\/\/booksfrommexico.com\/es\/producto\/nueva-revista-de-filologia-hispanica-tomo-lxx-numero-1-enero-junio-2022\/"]}]},{"@type":"ImageObject","inLanguage":"es","@id":"https:\/\/booksfrommexico.com\/es\/producto\/nueva-revista-de-filologia-hispanica-tomo-lxx-numero-1-enero-junio-2022\/#primaryimage","url":"https:\/\/booksfrommexico.com\/app\/uploads\/2024\/02\/196831.jpeg","contentUrl":"https:\/\/booksfrommexico.com\/app\/uploads\/2024\/02\/196831.jpeg","width":483,"height":724,"caption":"Nueva Revista de Filolog\u00eda Hisp\u00e1nica, tomo LXX, n\u00famero 2, julio-diciembre 2022"},{"@type":"BreadcrumbList","@id":"https:\/\/booksfrommexico.com\/es\/producto\/nueva-revista-de-filologia-hispanica-tomo-lxx-numero-1-enero-junio-2022\/#breadcrumb","itemListElement":[{"@type":"ListItem","position":1,"name":"Home","item":"https:\/\/booksfrommexico.com\/es\/"},{"@type":"ListItem","position":2,"name":"Libros","item":"https:\/\/booksfrommexico.com\/es\/libros\/"},{"@type":"ListItem","position":3,"name":"Nueva Revista de Filolog\u00eda Hisp\u00e1nica, tomo LXX, n\u00famero 1, enero-junio 2022"}]},{"@type":"WebSite","@id":"https:\/\/booksfrommexico.com\/#website","url":"https:\/\/booksfrommexico.com\/","name":"Books From Mexico","description":"","publisher":{"@id":"https:\/\/booksfrommexico.com\/#organization"},"potentialAction":[{"@type":"SearchAction","target":{"@type":"EntryPoint","urlTemplate":"https:\/\/booksfrommexico.com\/?s={search_term_string}"},"query-input":{"@type":"PropertyValueSpecification","valueRequired":true,"valueName":"search_term_string"}}],"inLanguage":"es"},{"@type":"Organization","@id":"https:\/\/booksfrommexico.com\/#organization","name":"Books From Mexico","url":"https:\/\/booksfrommexico.com\/","logo":{"@type":"ImageObject","inLanguage":"es","@id":"https:\/\/booksfrommexico.com\/#\/schema\/logo\/image\/","url":"https:\/\/booksfrommexico.com\/app\/uploads\/2023\/05\/logo-booksfrommexico.svg","contentUrl":"https:\/\/booksfrommexico.com\/app\/uploads\/2023\/05\/logo-booksfrommexico.svg","width":86,"height":56,"caption":"Books From Mexico"},"image":{"@id":"https:\/\/booksfrommexico.com\/#\/schema\/logo\/image\/"}}]}},"_links":{"self":[{"href":"https:\/\/booksfrommexico.com\/es\/wp-json\/wp\/v2\/product\/4812","targetHints":{"allow":["GET"]}}],"collection":[{"href":"https:\/\/booksfrommexico.com\/es\/wp-json\/wp\/v2\/product"}],"about":[{"href":"https:\/\/booksfrommexico.com\/es\/wp-json\/wp\/v2\/types\/product"}],"wp:featuredmedia":[{"embeddable":true,"href":"https:\/\/booksfrommexico.com\/es\/wp-json\/wp\/v2\/media\/4906"}],"wp:attachment":[{"href":"https:\/\/booksfrommexico.com\/es\/wp-json\/wp\/v2\/media?parent=4812"}],"wp:term":[{"taxonomy":"product_brand","embeddable":true,"href":"https:\/\/booksfrommexico.com\/es\/wp-json\/wp\/v2\/product_brand?post=4812"},{"taxonomy":"product_cat","embeddable":true,"href":"https:\/\/booksfrommexico.com\/es\/wp-json\/wp\/v2\/product_cat?post=4812"},{"taxonomy":"product_tag","embeddable":true,"href":"https:\/\/booksfrommexico.com\/es\/wp-json\/wp\/v2\/product_tag?post=4812"}],"curies":[{"name":"wp","href":"https:\/\/api.w.org\/{rel}","templated":true}]}}